{"id":43318,"date":"2020-08-14T01:56:03","date_gmt":"2020-08-13T23:56:03","guid":{"rendered":"https:\/\/hempking.eu\/pl\/?page_id=43318"},"modified":"2021-09-06T10:57:41","modified_gmt":"2021-09-06T08:57:41","slug":"regulamin-hempclub","status":"publish","type":"page","link":"https:\/\/dev.hempking.eu\/pl\/regulamin-hempclub\/","title":{"rendered":"Regulamin program lojalno\u015bciowy"},"content":{"rendered":"","protected":false},"excerpt":{"rendered":"","protected":false},"author":1,"featured_media":0,"parent":0,"menu_order":0,"comment_status":"closed","ping_status":"closed","template":"templates\/regulamin-program-lojalnosciowy.php","meta":{"_acf_changed":false,"footnotes":""},"class_list":["post-43318","page","type-page","status-publish","hentry"],"acf":[],"yoast_head":"<!-- This site is optimized with the Yoast SEO Premium plugin v23.4 (Yoast SEO v24.0) - https:\/\/yoast.com\/wordpress\/plugins\/seo\/ -->\n<title>Regulamin HempClub - Programu lojalno\u015bciowego | Hemp King<\/title>\n<meta name=\"description\" content=\"Regulamin HempClub - Programu lojalno\u015bciowego. Dowiedz si\u0119 jak do\u0142\u0105czy\u0107 do HempClub i jak z niego korzysta\u0107 ! Czytaj wi\u0119cej !\" \/>\n<link rel=\"canonical\" href=\"https:\/\/dev.hempking.eu\/pl\/regulamin-hempclub\/\" \/>\n<meta property=\"og:locale\" content=\"pl_PL\" \/>\n<meta property=\"og:type\" content=\"article\" \/>\n<meta property=\"og:title\" content=\"Regulamin program lojalno\u015bciowy\" \/>\n<meta property=\"og:description\" content=\"Regulamin HempClub - Programu lojalno\u015bciowego. Dowiedz si\u0119 jak do\u0142\u0105czy\u0107 do HempClub i jak z niego korzysta\u0107 ! Czytaj wi\u0119cej !\" \/>\n<meta property=\"og:url\" content=\"https:\/\/dev.hempking.eu\/pl\/regulamin-hempclub\/\" \/>\n<meta property=\"og:site_name\" content=\"Hemp King\" \/>\n<meta property=\"article:publisher\" content=\"https:\/\/www.facebook.com\/hempkingpoland\" \/>\n<meta property=\"article:modified_time\" content=\"2021-09-06T08:57:41+00:00\" \/>\n<meta name=\"twitter:card\" content=\"summary_large_image\" \/>\n<meta name=\"twitter:site\" content=\"@hempkingeu\" \/>\n<script type=\"application\/ld+json\" class=\"yoast-schema-graph\">{\"@context\":\"https:\/\/schema.org\",\"@graph\":[{\"@type\":\"WebPage\",\"@id\":\"https:\/\/dev.hempking.eu\/pl\/regulamin-hempclub\/\",\"url\":\"https:\/\/dev.hempking.eu\/pl\/regulamin-hempclub\/\",\"name\":\"Regulamin HempClub - Programu lojalno\u015bciowego | Hemp King\",\"isPartOf\":{\"@id\":\"https:\/\/dev.hempking.eu\/pl\/#website\"},\"datePublished\":\"2020-08-13T23:56:03+00:00\",\"dateModified\":\"2021-09-06T08:57:41+00:00\",\"description\":\"Regulamin HempClub - Programu lojalno\u015bciowego. Dowiedz si\u0119 jak do\u0142\u0105czy\u0107 do HempClub i jak z niego korzysta\u0107 ! Czytaj wi\u0119cej !\",\"breadcrumb\":{\"@id\":\"https:\/\/dev.hempking.eu\/pl\/regulamin-hempclub\/#breadcrumb\"},\"inLanguage\":\"pl-PL\",\"potentialAction\":[{\"@type\":\"ReadAction\",\"target\":[\"https:\/\/dev.hempking.eu\/pl\/regulamin-hempclub\/\"]}]},{\"@type\":\"BreadcrumbList\",\"@id\":\"https:\/\/dev.hempking.eu\/pl\/regulamin-hempclub\/#breadcrumb\",\"itemListElement\":[{\"@type\":\"ListItem\",\"position\":1,\"name\":\"Home\",\"item\":\"https:\/\/dev.hempking.eu\/pl\/\"},{\"@type\":\"ListItem\",\"position\":2,\"name\":\"Regulamin program lojalno\u015bciowy\"}]},{\"@type\":\"WebSite\",\"@id\":\"https:\/\/dev.hempking.eu\/pl\/#website\",\"url\":\"https:\/\/dev.hempking.eu\/pl\/\",\"name\":\"Hemp King\",\"description\":\"\",\"publisher\":{\"@id\":\"https:\/\/dev.hempking.eu\/pl\/#organization\"},\"potentialAction\":[{\"@type\":\"SearchAction\",\"target\":{\"@type\":\"EntryPoint\",\"urlTemplate\":\"https:\/\/dev.hempking.eu\/pl\/?s={search_term_string}\"},\"query-input\":{\"@type\":\"PropertyValueSpecification\",\"valueRequired\":true,\"valueName\":\"search_term_string\"}}],\"inLanguage\":\"pl-PL\"},{\"@type\":\"Organization\",\"@id\":\"https:\/\/dev.hempking.eu\/pl\/#organization\",\"name\":\"Hemp King\",\"url\":\"https:\/\/dev.hempking.eu\/pl\/\",\"logo\":{\"@type\":\"ImageObject\",\"inLanguage\":\"pl-PL\",\"@id\":\"https:\/\/dev.hempking.eu\/pl\/#\/schema\/logo\/image\/\",\"url\":\"https:\/\/dev.hempking.eu\/pl\/wp-content\/uploads\/sites\/2\/2020\/05\/hempking.png\",\"contentUrl\":\"https:\/\/dev.hempking.eu\/pl\/wp-content\/uploads\/sites\/2\/2020\/05\/hempking.png\",\"width\":148,\"height\":91,\"caption\":\"Hemp King\"},\"image\":{\"@id\":\"https:\/\/dev.hempking.eu\/pl\/#\/schema\/logo\/image\/\"},\"sameAs\":[\"https:\/\/www.facebook.com\/hempkingpoland\",\"https:\/\/x.com\/hempkingeu\",\"https:\/\/www.instagram.com\/hempkingeu\/\",\"https:\/\/www.linkedin.com\/company\/hempking-eu\/mycompany\/\",\"https:\/\/pl.pinterest.com\/hempkingeu\/\",\"https:\/\/www.youtube.com\/channel\/UCUkeZA1fj4hSZfoYm0WpZ7w\"]}]}<\/script>\n<!-- \/ Yoast SEO Premium plugin. -->","yoast_head_json":{"title":"Regulamin HempClub - Programu lojalno\u015bciowego | Hemp King","description":"Regulamin HempClub - Programu lojalno\u015bciowego. Dowiedz si\u0119 jak do\u0142\u0105czy\u0107 do HempClub i jak z niego korzysta\u0107 ! Czytaj wi\u0119cej !","canonical":"https:\/\/dev.hempking.eu\/pl\/regulamin-hempclub\/","og_locale":"pl_PL","og_type":"article","og_title":"Regulamin program lojalno\u015bciowy","og_description":"Regulamin HempClub - Programu lojalno\u015bciowego. Dowiedz si\u0119 jak do\u0142\u0105czy\u0107 do HempClub i jak z niego korzysta\u0107 ! Czytaj wi\u0119cej !","og_url":"https:\/\/dev.hempking.eu\/pl\/regulamin-hempclub\/","og_site_name":"Hemp King","article_publisher":"https:\/\/www.facebook.com\/hempkingpoland","article_modified_time":"2021-09-06T08:57:41+00:00","twitter_card":"summary_large_image","twitter_site":"@hempkingeu","schema":{"@context":"https:\/\/schema.org","@graph":[{"@type":"WebPage","@id":"https:\/\/dev.hempking.eu\/pl\/regulamin-hempclub\/","url":"https:\/\/dev.hempking.eu\/pl\/regulamin-hempclub\/","name":"Regulamin HempClub - Programu lojalno\u015bciowego | Hemp King","isPartOf":{"@id":"https:\/\/dev.hempking.eu\/pl\/#website"},"datePublished":"2020-08-13T23:56:03+00:00","dateModified":"2021-09-06T08:57:41+00:00","description":"Regulamin HempClub - Programu lojalno\u015bciowego. Dowiedz si\u0119 jak do\u0142\u0105czy\u0107 do HempClub i jak z niego korzysta\u0107 ! Czytaj wi\u0119cej !","breadcrumb":{"@id":"https:\/\/dev.hempking.eu\/pl\/regulamin-hempclub\/#breadcrumb"},"inLanguage":"pl-PL","potentialAction":[{"@type":"ReadAction","target":["https:\/\/dev.hempking.eu\/pl\/regulamin-hempclub\/"]}]},{"@type":"BreadcrumbList","@id":"https:\/\/dev.hempking.eu\/pl\/regulamin-hempclub\/#breadcrumb","itemListElement":[{"@type":"ListItem","position":1,"name":"Home","item":"https:\/\/dev.hempking.eu\/pl\/"},{"@type":"ListItem","position":2,"name":"Regulamin program lojalno\u015bciowy"}]},{"@type":"WebSite","@id":"https:\/\/dev.hempking.eu\/pl\/#website","url":"https:\/\/dev.hempking.eu\/pl\/","name":"Hemp King","description":"","publisher":{"@id":"https:\/\/dev.hempking.eu\/pl\/#organization"},"potentialAction":[{"@type":"SearchAction","target":{"@type":"EntryPoint","urlTemplate":"https:\/\/dev.hempking.eu\/pl\/?s={search_term_string}"},"query-input":{"@type":"PropertyValueSpecification","valueRequired":true,"valueName":"search_term_string"}}],"inLanguage":"pl-PL"},{"@type":"Organization","@id":"https:\/\/dev.hempking.eu\/pl\/#organization","name":"Hemp King","url":"https:\/\/dev.hempking.eu\/pl\/","logo":{"@type":"ImageObject","inLanguage":"pl-PL","@id":"https:\/\/dev.hempking.eu\/pl\/#\/schema\/logo\/image\/","url":"https:\/\/dev.hempking.eu\/pl\/wp-content\/uploads\/sites\/2\/2020\/05\/hempking.png","contentUrl":"https:\/\/dev.hempking.eu\/pl\/wp-content\/uploads\/sites\/2\/2020\/05\/hempking.png","width":148,"height":91,"caption":"Hemp King"},"image":{"@id":"https:\/\/dev.hempking.eu\/pl\/#\/schema\/logo\/image\/"},"sameAs":["https:\/\/www.facebook.com\/hempkingpoland","https:\/\/x.com\/hempkingeu","https:\/\/www.instagram.com\/hempkingeu\/","https:\/\/www.linkedin.com\/company\/hempking-eu\/mycompany\/","https:\/\/pl.pinterest.com\/hempkingeu\/","https:\/\/www.youtube.com\/channel\/UCUkeZA1fj4hSZfoYm0WpZ7w"]}]}},"_links":{"self":[{"href":"https:\/\/dev.hempking.eu\/pl\/wp-json\/wp\/v2\/pages\/43318","targetHints":{"allow":["GET"]}}],"collection":[{"href":"https:\/\/dev.hempking.eu\/pl\/wp-json\/wp\/v2\/pages"}],"about":[{"href":"https:\/\/dev.hempking.eu\/pl\/wp-json\/wp\/v2\/types\/page"}],"author":[{"embeddable":true,"href":"https:\/\/dev.hempking.eu\/pl\/wp-json\/wp\/v2\/users\/1"}],"replies":[{"embeddable":true,"href":"https:\/\/dev.hempking.eu\/pl\/wp-json\/wp\/v2\/comments?post=43318"}],"version-history":[{"count":0,"href":"https:\/\/dev.hempking.eu\/pl\/wp-json\/wp\/v2\/pages\/43318\/revisions"}],"wp:attachment":[{"href":"https:\/\/dev.hempking.eu\/pl\/wp-json\/wp\/v2\/media?parent=43318"}],"curies":[{"name":"wp","href":"https:\/\/api.w.org\/{rel}","templated":true}]}}