{"id":72139,"date":"2021-08-06T10:43:24","date_gmt":"2021-08-06T08:43:24","guid":{"rendered":"https:\/\/hempking.eu\/pl\/?page_id=72139"},"modified":"2022-03-24T15:04:02","modified_gmt":"2022-03-24T14:04:02","slug":"mapa-strony","status":"publish","type":"page","link":"https:\/\/dev.hempking.eu\/pl\/mapa-strony\/","title":{"rendered":"Mapa strony"},"content":{"rendered":"<div class=\"box1\">\n<h1 class=\"box1\">Mapa strony<\/h1>\n<h2><strong>KATEGORIE\u00a0<\/strong><\/h2>\n<ul>\n<li><a href=\"https:\/\/dev.hempking.eu\/pl\/kapsulki-cbd\/\">Kapsu\u0142ki CBD<\/a><\/li>\n<li><a href=\"https:\/\/dev.hempking.eu\/pl\/olej-cbd\/\">Olej CBD<\/a><\/li>\n<li><a href=\"https:\/\/dev.hempking.eu\/pl\/olej-cbd-1\/\">Olej CBD 1%<\/a><\/li>\n<li><a href=\"https:\/\/dev.hempking.eu\/pl\/olej-cbd-5\/\">Olej CBD 5%<\/a><\/li>\n<li><a href=\"https:\/\/dev.hempking.eu\/pl\/olej-cbd-10\/\">Olej CBD 10%<\/a><\/li>\n<li><a href=\"https:\/\/dev.hempking.eu\/pl\/olej-cbd-15\/\">Olej CBD 15%<\/a><\/li>\n<li><a href=\"https:\/\/dev.hempking.eu\/pl\/olej-cbd-bio\/\">Olej CBD BIO<\/a><\/li>\n<li><a href=\"https:\/\/dev.hempking.eu\/pl\/olej-cbg\/\">Olej CBG<\/a><\/li>\n<li><a href=\"https:\/\/dev.hempking.eu\/pl\/pasty-cbd\/\">Pasty CBD<\/a><\/li>\n<li><a href=\"https:\/\/dev.hempking.eu\/pl\/zywnosc-konopna\/\">\u017bywno\u015b\u0107 konopna<\/a><\/li>\n<li><a href=\"https:\/\/dev.hempking.eu\/pl\/bialko-konopne\/\">Bia\u0142ko konopne<\/a><\/li>\n<li><a href=\"https:\/\/dev.hempking.eu\/pl\/herbatki-konopne\/\">Herbatki konopne<\/a><\/li>\n<li><a href=\"https:\/\/dev.hempking.eu\/pl\/nasiona-konopi\/\">Nasiona konopi<\/a><\/li>\n<li><a href=\"https:\/\/dev.hempking.eu\/pl\/olej-konopny\/\">Olej konopny<\/a><\/li>\n<li><a href=\"https:\/\/dev.hempking.eu\/pl\/suplementy\/\">Suplementy<\/a><\/li>\n<li><a href=\"https:\/\/dev.hempking.eu\/pl\/witamina-c\/\">Witamina C<\/a><\/li>\n<li><a href=\"https:\/\/dev.hempking.eu\/pl\/superfoods\/\">Superfoods<\/a><\/li>\n<li><a href=\"https:\/\/dev.hempking.eu\/pl\/kosmetyki-konopne\/\">Kosmetyki konopne<\/a><\/li>\n<li><a href=\"https:\/\/dev.hempking.eu\/pl\/kosmetyki-do-ciala-z-konopi\/\">Kosmetyki do cia\u0142a z konopi<\/a><br \/>\n<a href=\"https:\/\/dev.hempking.eu\/pl\/masc-konopna\/\">Ma\u015b\u0107 konopna<\/a><br \/>\n<a href=\"https:\/\/dev.hempking.eu\/pl\/peeling-z-konopi\/\">Peeling z konopi<\/a><br \/>\n<a href=\"https:\/\/dev.hempking.eu\/pl\/dezodorant-z-konopi\/\">Dezodorant z konopi<\/a><br \/>\n<a href=\"https:\/\/dev.hempking.eu\/pl\/krem-do-rak-z-konopi\/\">Krem do r\u0105k z konopi<\/a><br \/>\n<a href=\"https:\/\/dev.hempking.eu\/pl\/kosmetyki-konopne-do-stop\/\">Kosmetyki konopne do st\u00f3p<\/a><br \/>\n<a href=\"https:\/\/dev.hempking.eu\/pl\/kosmetyki-do-ust-z-konopi\/\">Kosmetyki do ust z konopi<\/a><\/li>\n<li><a href=\"https:\/\/dev.hempking.eu\/pl\/hash-cbd\/\">Hash CBD<\/a><\/li>\n<li><a href=\"https:\/\/dev.hempking.eu\/pl\/waporyzatory\/\">Waporyzatory<\/a><\/li>\n<li><a href=\"https:\/\/dev.hempking.eu\/pl\/susz-konopny-cbd\/\">Susz konopny CBD<\/a><\/li>\n<li><a href=\"https:\/\/dev.hempking.eu\/pl\/gadzety\/\">Gad\u017cety<\/a><a href=\"https:\/\/dev.hempking.eu\/pl\/gadzety\/\"> konopne<\/a><\/li>\n<\/ul>\n<h2><strong>STRONY O CBD\u00a0<\/strong><\/h2>\n<ul>\n<li><a href=\"https:\/\/dev.hempking.eu\/pl\/co-to-jest-cbd\/\">Co to jest CBD<\/a><\/li>\n<li><a href=\"https:\/\/dev.hempking.eu\/pl\/stosowanie-cbd\/\">Stosowanie CBD<\/a><\/li>\n<li><a href=\"https:\/\/dev.hempking.eu\/pl\/produkcja-cbd\/\">Produkcja CBD<\/a><\/li>\n<\/ul>\n<h3>Dla kogo?<\/h3>\n<ul>\n<li><a href=\"https:\/\/dev.hempking.eu\/pl\/cbd-na-start\/\">Olej konopny dla pocz\u0105tkuj\u0105cych<\/a><\/li>\n<li><a href=\"https:\/\/dev.hempking.eu\/pl\/cbd-dla-zaawansowanych\/\">CBD dla zaawansowanych<\/a><\/li>\n<li><a href=\"https:\/\/dev.hempking.eu\/pl\/cbd-dla-seniorow\/\">CBD dla senior\u00f3w<\/a><\/li>\n<li><a href=\"https:\/\/dev.hempking.eu\/pl\/olej-cbd-dla-dzieci-i-mlodziezy\/\">Olej CBD dla dzieci i m\u0142odzie\u017cy<\/a><\/li>\n<li><a href=\"https:\/\/dev.hempking.eu\/pl\/cbd-dla-sportowcow\/\">CBD dla sportowc\u00f3w<\/a><\/li>\n<li><a href=\"https:\/\/dev.hempking.eu\/pl\/olej-cbd-dla-zwierzat\/\">CBD dla zwierz\u0105t<\/a><\/li>\n<\/ul>\n<h2>Wsp\u00f3\u0142praca B2B<\/h2>\n<ul>\n<li><a href=\"https:\/\/dev.hempking.eu\/pl\/sprzedaz-hurtowa\/\">CBD hurt<\/a><\/li>\n<li><a href=\"https:\/\/dev.hempking.eu\/pl\/afiliacja\/\">Afiliacja CBD<\/a><\/li>\n<li><a href=\"https:\/\/dev.hempking.eu\/pl\/rolnictwo\/\">Konopie przemys\u0142owe skup<\/a><\/li>\n<\/ul>\n<h2>BLOG<\/h2>\n<ul>\n<li><a href=\"https:\/\/dev.hempking.eu\/pl\/cbd-a-prawo\/\">CBD a prawo<\/a><\/li>\n<li><a href=\"https:\/\/dev.hempking.eu\/pl\/cbd-a-psychologia\/\">CBD a Psychologia<\/a><\/li>\n<li><a href=\"https:\/\/dev.hempking.eu\/pl\/cbd-badania\/\">CBD Badania<\/a><\/li>\n<li><a href=\"https:\/\/dev.hempking.eu\/pl\/cbd-dla-zwierzat\/\">CBD dla zwierz\u0105t<\/a><\/li>\n<li><a href=\"https:\/\/dev.hempking.eu\/pl\/cbd-i-sport\/\">CBD i sport<\/a><\/li>\n<li><a href=\"https:\/\/dev.hempking.eu\/pl\/bez-kategorii\/\">Inne<\/a><\/li>\n<li><a href=\"https:\/\/dev.hempking.eu\/pl\/konopie-i-zdrowie\/\">Konopie i zdrowie<\/a><\/li>\n<li><a href=\"https:\/\/dev.hempking.eu\/pl\/konopie-w-kosmetyce\/\">Konopie w kosmetyce<\/a><\/li>\n<li><a href=\"https:\/\/dev.hempking.eu\/pl\/konopie-w-kuchni\/\">Konopie w kuchni<\/a><\/li>\n<\/ul>\n<h2>Informacje<\/h2>\n<ul>\n<li><a href=\"https:\/\/dev.hempking.eu\/pl\/o-nas\/\">O nas<\/a><\/li>\n<li><a href=\"https:\/\/dev.hempking.eu\/pl\/regulamin\/\">Regulamin<\/a><\/li>\n<li><a href=\"https:\/\/dev.hempking.eu\/pl\/polityka-prywatnosci\/\">Polityka prywatno\u015bci<\/a><\/li>\n<li><a href=\"https:\/\/dev.hempking.eu\/pl\/sklepy\/\">Znajd\u017a sklep blisko Ciebie<\/a><\/li>\n<li><a href=\"https:\/\/dev.hempking.eu\/pl\/oferty-pracy\/\">Oferty pracy<\/a><\/li>\n<\/ul>\n<h2>Obs\u0142uga klienta<\/h2>\n<ul>\n<li><a href=\"https:\/\/dev.hempking.eu\/pl\/dostawa-i-platnosc\/\">Dostawa i p\u0142atno\u015b\u0107<\/a><\/li>\n<li><a href=\"https:\/\/dev.hempking.eu\/pl\/sprzedaz-hurtowa\/\">CBD hurt<\/a><\/li>\n<li><a href=\"https:\/\/dev.hempking.eu\/pl\/afiliacja\/\">Afiliacja CBD<\/a><\/li>\n<li><a href=\"https:\/\/dev.hempking.eu\/pl\/rolnictwo\/\">Konopie przemys\u0142owe skup<\/a><\/li>\n<li><a href=\"https:\/\/dev.hempking.eu\/pl\/faq\/\">Najcz\u0119stsze pytania<\/a><\/li>\n<li><a href=\"https:\/\/dev.hempking.eu\/pl\/kontakt\/\">Kontakt<\/a><\/li>\n<\/ul>\n<\/div>\n","protected":false},"excerpt":{"rendered":"<p>Mapa strony KATEGORIE\u00a0 Kapsu\u0142ki CBD Olej CBD Olej CBD 1% Olej CBD 5% Olej CBD 10% Olej CBD 15% Olej CBD BIO Olej CBG Pasty CBD \u017bywno\u015b\u0107 konopna Bia\u0142ko konopne Herbatki konopne Nasiona konopi Olej konopny Suplementy Witamina C Superfoods Kosmetyki konopne Kosmetyki do cia\u0142a z konopi Ma\u015b\u0107 konopna Peeling z konopi Dezodorant z konopi [&hellip;]<\/p>\n","protected":false},"author":8963,"featured_media":0,"parent":0,"menu_order":0,"comment_status":"closed","ping_status":"closed","template":"templates\/sitemap.php","meta":{"_acf_changed":false,"footnotes":""},"class_list":["post-72139","page","type-page","status-publish","hentry"],"acf":[],"yoast_head":"<!-- This site is optimized with the Yoast SEO Premium plugin v23.4 (Yoast SEO v24.0) - https:\/\/yoast.com\/wordpress\/plugins\/seo\/ -->\n<title>Mapa Strony | Lista stron | Sklep konopny HempKing<\/title>\n<meta name=\"description\" content=\"Mapa strony - Olej CBG, Olejki CBD 1,5,10,15 %, Kosmetyki konopne, \u017bywno\u015b\u0107 konopna, Waporyzatory, Hash CBD, Kryszta\u0142 CBD.\" \/>\n<link rel=\"canonical\" href=\"https:\/\/dev.hempking.eu\/pl\/mapa-strony\/\" \/>\n<meta property=\"og:locale\" content=\"pl_PL\" \/>\n<meta property=\"og:type\" content=\"article\" \/>\n<meta property=\"og:title\" content=\"Mapa strony\" \/>\n<meta property=\"og:description\" content=\"Mapa strony - Olej CBG, Olejki CBD 1,5,10,15 %, Kosmetyki konopne, \u017bywno\u015b\u0107 konopna, Waporyzatory, Hash CBD, Kryszta\u0142 CBD.\" \/>\n<meta property=\"og:url\" content=\"https:\/\/dev.hempking.eu\/pl\/mapa-strony\/\" \/>\n<meta property=\"og:site_name\" content=\"Hemp King\" \/>\n<meta property=\"article:publisher\" content=\"https:\/\/www.facebook.com\/hempkingpoland\" \/>\n<meta property=\"article:modified_time\" content=\"2022-03-24T14:04:02+00:00\" \/>\n<meta name=\"twitter:card\" content=\"summary_large_image\" \/>\n<meta name=\"twitter:site\" content=\"@hempkingeu\" \/>\n<meta name=\"twitter:label1\" content=\"Szacowany czas czytania\" \/>\n\t<meta name=\"twitter:data1\" content=\"2 minuty\" \/>\n<script type=\"application\/ld+json\" class=\"yoast-schema-graph\">{\"@context\":\"https:\/\/schema.org\",\"@graph\":[{\"@type\":\"WebPage\",\"@id\":\"https:\/\/dev.hempking.eu\/pl\/mapa-strony\/\",\"url\":\"https:\/\/dev.hempking.eu\/pl\/mapa-strony\/\",\"name\":\"Mapa Strony | Lista stron | Sklep konopny HempKing\",\"isPartOf\":{\"@id\":\"https:\/\/dev.hempking.eu\/pl\/#website\"},\"datePublished\":\"2021-08-06T08:43:24+00:00\",\"dateModified\":\"2022-03-24T14:04:02+00:00\",\"description\":\"Mapa strony - Olej CBG, Olejki CBD 1,5,10,15 %, Kosmetyki konopne, \u017bywno\u015b\u0107 konopna, Waporyzatory, Hash CBD, Kryszta\u0142 CBD.\",\"breadcrumb\":{\"@id\":\"https:\/\/dev.hempking.eu\/pl\/mapa-strony\/#breadcrumb\"},\"inLanguage\":\"pl-PL\",\"potentialAction\":[{\"@type\":\"ReadAction\",\"target\":[\"https:\/\/dev.hempking.eu\/pl\/mapa-strony\/\"]}]},{\"@type\":\"BreadcrumbList\",\"@id\":\"https:\/\/dev.hempking.eu\/pl\/mapa-strony\/#breadcrumb\",\"itemListElement\":[{\"@type\":\"ListItem\",\"position\":1,\"name\":\"Home\",\"item\":\"https:\/\/dev.hempking.eu\/pl\/\"},{\"@type\":\"ListItem\",\"position\":2,\"name\":\"Mapa strony\"}]},{\"@type\":\"WebSite\",\"@id\":\"https:\/\/dev.hempking.eu\/pl\/#website\",\"url\":\"https:\/\/dev.hempking.eu\/pl\/\",\"name\":\"Hemp King\",\"description\":\"\",\"publisher\":{\"@id\":\"https:\/\/dev.hempking.eu\/pl\/#organization\"},\"potentialAction\":[{\"@type\":\"SearchAction\",\"target\":{\"@type\":\"EntryPoint\",\"urlTemplate\":\"https:\/\/dev.hempking.eu\/pl\/?s={search_term_string}\"},\"query-input\":{\"@type\":\"PropertyValueSpecification\",\"valueRequired\":true,\"valueName\":\"search_term_string\"}}],\"inLanguage\":\"pl-PL\"},{\"@type\":\"Organization\",\"@id\":\"https:\/\/dev.hempking.eu\/pl\/#organization\",\"name\":\"Hemp King\",\"url\":\"https:\/\/dev.hempking.eu\/pl\/\",\"logo\":{\"@type\":\"ImageObject\",\"inLanguage\":\"pl-PL\",\"@id\":\"https:\/\/dev.hempking.eu\/pl\/#\/schema\/logo\/image\/\",\"url\":\"https:\/\/dev.hempking.eu\/pl\/wp-content\/uploads\/sites\/2\/2020\/05\/hempking.png\",\"contentUrl\":\"https:\/\/dev.hempking.eu\/pl\/wp-content\/uploads\/sites\/2\/2020\/05\/hempking.png\",\"width\":148,\"height\":91,\"caption\":\"Hemp King\"},\"image\":{\"@id\":\"https:\/\/dev.hempking.eu\/pl\/#\/schema\/logo\/image\/\"},\"sameAs\":[\"https:\/\/www.facebook.com\/hempkingpoland\",\"https:\/\/x.com\/hempkingeu\",\"https:\/\/www.instagram.com\/hempkingeu\/\",\"https:\/\/www.linkedin.com\/company\/hempking-eu\/mycompany\/\",\"https:\/\/pl.pinterest.com\/hempkingeu\/\",\"https:\/\/www.youtube.com\/channel\/UCUkeZA1fj4hSZfoYm0WpZ7w\"]}]}<\/script>\n<!-- \/ Yoast SEO Premium plugin. -->","yoast_head_json":{"title":"Mapa Strony | Lista stron | Sklep konopny HempKing","description":"Mapa strony - Olej CBG, Olejki CBD 1,5,10,15 %, Kosmetyki konopne, \u017bywno\u015b\u0107 konopna, Waporyzatory, Hash CBD, Kryszta\u0142 CBD.","canonical":"https:\/\/dev.hempking.eu\/pl\/mapa-strony\/","og_locale":"pl_PL","og_type":"article","og_title":"Mapa strony","og_description":"Mapa strony - Olej CBG, Olejki CBD 1,5,10,15 %, Kosmetyki konopne, \u017bywno\u015b\u0107 konopna, Waporyzatory, Hash CBD, Kryszta\u0142 CBD.","og_url":"https:\/\/dev.hempking.eu\/pl\/mapa-strony\/","og_site_name":"Hemp King","article_publisher":"https:\/\/www.facebook.com\/hempkingpoland","article_modified_time":"2022-03-24T14:04:02+00:00","twitter_card":"summary_large_image","twitter_site":"@hempkingeu","twitter_misc":{"Szacowany czas czytania":"2 minuty"},"schema":{"@context":"https:\/\/schema.org","@graph":[{"@type":"WebPage","@id":"https:\/\/dev.hempking.eu\/pl\/mapa-strony\/","url":"https:\/\/dev.hempking.eu\/pl\/mapa-strony\/","name":"Mapa Strony | Lista stron | Sklep konopny HempKing","isPartOf":{"@id":"https:\/\/dev.hempking.eu\/pl\/#website"},"datePublished":"2021-08-06T08:43:24+00:00","dateModified":"2022-03-24T14:04:02+00:00","description":"Mapa strony - Olej CBG, Olejki CBD 1,5,10,15 %, Kosmetyki konopne, \u017bywno\u015b\u0107 konopna, Waporyzatory, Hash CBD, Kryszta\u0142 CBD.","breadcrumb":{"@id":"https:\/\/dev.hempking.eu\/pl\/mapa-strony\/#breadcrumb"},"inLanguage":"pl-PL","potentialAction":[{"@type":"ReadAction","target":["https:\/\/dev.hempking.eu\/pl\/mapa-strony\/"]}]},{"@type":"BreadcrumbList","@id":"https:\/\/dev.hempking.eu\/pl\/mapa-strony\/#breadcrumb","itemListElement":[{"@type":"ListItem","position":1,"name":"Home","item":"https:\/\/dev.hempking.eu\/pl\/"},{"@type":"ListItem","position":2,"name":"Mapa strony"}]},{"@type":"WebSite","@id":"https:\/\/dev.hempking.eu\/pl\/#website","url":"https:\/\/dev.hempking.eu\/pl\/","name":"Hemp King","description":"","publisher":{"@id":"https:\/\/dev.hempking.eu\/pl\/#organization"},"potentialAction":[{"@type":"SearchAction","target":{"@type":"EntryPoint","urlTemplate":"https:\/\/dev.hempking.eu\/pl\/?s={search_term_string}"},"query-input":{"@type":"PropertyValueSpecification","valueRequired":true,"valueName":"search_term_string"}}],"inLanguage":"pl-PL"},{"@type":"Organization","@id":"https:\/\/dev.hempking.eu\/pl\/#organization","name":"Hemp King","url":"https:\/\/dev.hempking.eu\/pl\/","logo":{"@type":"ImageObject","inLanguage":"pl-PL","@id":"https:\/\/dev.hempking.eu\/pl\/#\/schema\/logo\/image\/","url":"https:\/\/dev.hempking.eu\/pl\/wp-content\/uploads\/sites\/2\/2020\/05\/hempking.png","contentUrl":"https:\/\/dev.hempking.eu\/pl\/wp-content\/uploads\/sites\/2\/2020\/05\/hempking.png","width":148,"height":91,"caption":"Hemp King"},"image":{"@id":"https:\/\/dev.hempking.eu\/pl\/#\/schema\/logo\/image\/"},"sameAs":["https:\/\/www.facebook.com\/hempkingpoland","https:\/\/x.com\/hempkingeu","https:\/\/www.instagram.com\/hempkingeu\/","https:\/\/www.linkedin.com\/company\/hempking-eu\/mycompany\/","https:\/\/pl.pinterest.com\/hempkingeu\/","https:\/\/www.youtube.com\/channel\/UCUkeZA1fj4hSZfoYm0WpZ7w"]}]}},"_links":{"self":[{"href":"https:\/\/dev.hempking.eu\/pl\/wp-json\/wp\/v2\/pages\/72139","targetHints":{"allow":["GET"]}}],"collection":[{"href":"https:\/\/dev.hempking.eu\/pl\/wp-json\/wp\/v2\/pages"}],"about":[{"href":"https:\/\/dev.hempking.eu\/pl\/wp-json\/wp\/v2\/types\/page"}],"author":[{"embeddable":true,"href":"https:\/\/dev.hempking.eu\/pl\/wp-json\/wp\/v2\/users\/8963"}],"replies":[{"embeddable":true,"href":"https:\/\/dev.hempking.eu\/pl\/wp-json\/wp\/v2\/comments?post=72139"}],"version-history":[{"count":0,"href":"https:\/\/dev.hempking.eu\/pl\/wp-json\/wp\/v2\/pages\/72139\/revisions"}],"wp:attachment":[{"href":"https:\/\/dev.hempking.eu\/pl\/wp-json\/wp\/v2\/media?parent=72139"}],"curies":[{"name":"wp","href":"https:\/\/api.w.org\/{rel}","templated":true}]}}