{"id":96930,"date":"2022-05-04T14:54:02","date_gmt":"2022-05-04T12:54:02","guid":{"rendered":"https:\/\/hempking.eu\/pl\/?page_id=96930"},"modified":"2022-05-04T15:09:29","modified_gmt":"2022-05-04T13:09:29","slug":"internacjonalizacja-dofinansowanie-ue","status":"publish","type":"page","link":"https:\/\/dev.hempking.eu\/pl\/internacjonalizacja-dofinansowanie-ue\/","title":{"rendered":"Internacjonalizacja - Dofinansowanie UE"},"content":{"rendered":"<div class=\"container content\">\n<div class=\"row\">\n<div class=\"col-12\">\n<p style=\"text-align: right;\">Bia\u0142ystok, 26.04.2022 r.<\/p>\n<p><em><u>Zamawiaj\u0105cy:<\/u><\/em><\/p>\n<p style=\"text-align: center;\"><strong>ZAPYTANIE OFERTOWE nr <\/strong><strong>1\/04\/<\/strong><strong>2021<\/strong><\/p>\n<p>W zwi\u0105zku z planowan\u0105 realizacj\u0105 projektu pt. \u201e<strong>Internacjonalizacja firmy <\/strong><strong>Biodio Sp. z o.o. Sp. K. na rynkach zagranicznych poprzez wdro\u017cenie nowego modelu biznesowego\u201d<\/strong> w ramach DZIA\u0141ANIA 1.2 Internacjonalizacja MSP &#8211; Programu Operacyjnego Polska Wschodnia, 2014-2020, firma \u201eBiodio Sp. z o.o. Sp. K.\u201d<\/p>\n<p>og\u0142asza post\u0119powanie na zakup nast\u0119puj\u0105cych us\u0142ug w projekcie:<\/p>\n<p><strong>Przedmiot zam\u00f3wienia: <\/strong>Opracowanie nowego modelu biznesowego, zwi\u0105zanego z wprowadzeniem produkt\u00f3w na nowe rynki zagraniczne.<strong>\u00a0<\/strong><\/p>\n<ol>\n<li>Opracowanie nowego modelu biznesowego, zwi\u0105zanego z wprowadzeniem produkt\u00f3w na nowe rynki zagraniczne powinno obejmowa\u0107:<\/li>\n<\/ol>\n<ul>\n<li>a) analiz\u0119 mo\u017cliwo\u015bci eksportowych przedsi\u0119biorcy poprzez zbadanie produkt\u00f3w przedsi\u0119biorstwa, ocen\u0119 konkurencyjnej pozycji tych produkt\u00f3w oraz przedsi\u0119biorstwa na wybranych rynkach zagranicznych, kompleksowe zbadanie uwarunkowa\u0144 dzia\u0142alno\u015bci, w tym barier wej\u015bcia na te rynki zagraniczne,<\/li>\n<li>b) wskazanie rynk\u00f3w docelowych wraz z uzasadnieniem (kluczem) wyboru, projekcj\u0105 mo\u017cliwo\u015bci sprzeda\u017cy na tych rynkach zagranicznych, a tak\u017ce identyfikacj\u0119 potencjalnych odbiorc\u00f3w \/ kontrahent\u00f3w na rynkach zagranicznych,<\/li>\n<li>c) analiz\u0119 dotychczasowego modelu biznesowego przedsi\u0119biorstwa wraz z propozycj\u0105 zmian tego modelu pod k\u0105tem internacjonalizacji na wybranych rynkach zagranicznych,<\/li>\n<li>d) wyb\u00f3r najefektywniejszych narz\u0119dzi i metod marketingowych oraz promocyjnych (w tym wskazanie wydarze\u0144 targowych czy kierunk\u00f3w misji gospodarczych, oszacowanie bud\u017cetu dzia\u0142a\u0144 promocyjnych towarzysz\u0105cych przygotowaniu do wdra\u017cania nowego modelu biznesowego),<\/li>\n<li>e) rekomendacje w zakresie reorganizacji przedsi\u0119biorstwa i przygotowania go do dzia\u0142alno\u015bci eksportowej (organizacji dzia\u0142u eksportu, logistyki etc.),<\/li>\n<li>f) opracowanie koncepcji wej\u015bcia na rynek zagraniczny, wraz ze szczeg\u00f3\u0142owym planem i kosztorysem niezb\u0119dnych do przeprowadzenia dzia\u0142a\u0144, pogrupowanych w zadania, z przypisanymi tym zadaniom mierzalnymi celami operacyjnymi, wynikaj\u0105cymi z przyj\u0119tej strategii internacjonalizacji,<\/li>\n<li>g) rekomendacje w zakresie zakupu oprogramowania niezb\u0119dnego do automatyzacji proces\u00f3w biznesowych w zwi\u0105zku z przygotowaniem do internacjonalizacji dzia\u0142alno\u015bci (tam gdzie dotyczy).<\/li>\n<li>Model biznesowy internacjonalizacji nale\u017cy opracowa\u0107 zgodnie ze standardem tworzenia Modelu biznesowego internacjonalizacji dla dzia\u0142ania 1.2 PO PW \u201eInternacjonalizacja M\u015aP\u201d opublikowanym przez Polsk\u0105 Agencj\u0119 Rozwoju Przedsi\u0119biorczo\u015bci dost\u0119pnym pod adresem <a href=\"https:\/\/www.parp.gov.pl\/harmonogram-naborow\/grants\/internacjonalizacja-msp\">https:\/\/www.parp.gov.pl\/harmonogram-naborow\/grants\/internacjonalizacja-msp<\/a> .<\/li>\n<\/ul>\n<p>Wykonawca zobowi\u0105zany jest do uwzgl\u0119dnienia uwag do Modelu biznesowego zg\u0142oszonych przez PARP na etapie oceny formalnej\/merytorycznej wniosku o dofinansowanie (o ile takie uwagi b\u0119d\u0105 mia\u0142y miejsce).<\/p>\n<p>Zamawiaj\u0105cy zastrzega sobie prawo zg\u0142oszenia uwag i zastrze\u017ce\u0144, co do opracowanego Modelu biznesowego. Wykonawca zobowi\u0105zany jest do uzgodnienia ostatecznej wersji Modelu biznesowego z Zamawiaj\u0105cym. Szczeg\u00f3\u0142owe regulacje w zakresie czynno\u015bci odbioru opracowanego przez Wykonawc\u0119 modelu biznesowego zostan\u0105 zawarte w umowie zawartej z wybranym Wykonawc\u0105 w niniejszym post\u0119powaniu ofertowym. Ewentualne uwagi PARP do Modelu biznesowego oraz uwagi i zastrze\u017cenia zg\u0142oszone przez Zamawiaj\u0105cego Wykonawca b\u0119dzie uzupe\u0142nia\u0142 bez prawa do odr\u0119bnego wynagrodzenia.<strong>\u00a0<\/strong><\/p>\n<p><strong>Wsp\u00f3lny s\u0142ownik zam\u00f3wie\u0144 (CPV):<\/strong><br \/>\nKod CPV: 85312320-8\u00a0\u00a0\u00a0\u00a0\u00a0\u00a0\u00a0\u00a0\u00a0\u00a0\u00a0\u00a0\u00a0\u00a0\u00a0\u00a0\u00a0\u00a0\u00a0\u00a0\u00a0\u00a0 Us\u0142ugi doradztwa<\/p>\n<p><strong>Planowany termin realizacji zam\u00f3wienia<\/strong><strong>: <\/strong>06.05.2021-29.06.2021<\/p>\n<p><strong>Warunki udzia\u0142u w post\u0119powaniu:<\/strong><br \/>\nDo post\u0119powania zostan\u0105 dopuszczeni oferenci \/ Wykonawcy spe\u0142niaj\u0105cy nast\u0119puj\u0105ce warunki:<\/p>\n<ul>\n<li>Posiadaj\u0105 uprawnienia do wykonywania okre\u015blonej dzia\u0142alno\u015bci lub czynno\u015bci, je\u017celi przepisy prawa nak\u0142adaj\u0105 obowi\u0105zek ich posiadania<\/li>\n<li>Znajduj\u0105 si\u0119 w sytuacji ekonomicznej i finansowej umo\u017cliwiaj\u0105cej wykonanie zam\u00f3wienia.<\/li>\n<li>Wykonawca potwierdzi spe\u0142nienie warunk\u00f3w udzia\u0142u w post\u0119powaniu poprzez z\u0142o\u017cenie wraz z ofert\u0105 nast\u0119puj\u0105cych dokument\u00f3w:<\/li>\n<li>O\u015bwiadczenia dotycz\u0105ce punkt\u00f3w 1, 2 z\u0142o\u017cone na formularzu ofertowym.<\/li>\n<\/ul>\n<p>&nbsp;<\/p>\n<p><strong>Opis sposobu przygotowania oferty:<\/strong><br \/>\nOfert\u0119 nale\u017cy przygotowa\u0107 na formularzu ofertowym stanowi\u0105cym Za\u0142\u0105cznik 1 do zapytania ofertowego, w j\u0119zyku polskim na komputerze lub odr\u0119cznie oraz powinna zawiera\u0107 dat\u0119 sporz\u0105dzenia, miejsce oraz czytelny podpis Oferenta.<\/p>\n<p>Nie jest dopuszczalne sk\u0142adanie ofert wariantowych lub uzupe\u0142niaj\u0105cych.<br \/>\nIstnieje mo\u017cliwo\u015b\u0107 zlecenie realizacji us\u0142ugi podwykonawcy.<br \/>\nOferta powinna zawiera\u0107 proponowane wynagrodzenie wyra\u017cone w PLN w kwocie netto i brutto.<br \/>\nCena w ofercie powinna uwzgl\u0119dnia\u0107 wszystkie zobowi\u0105zania, obejmuje wszystkie koszty i sk\u0142adniki zwi\u0105zane z wykonaniem zam\u00f3wienia.<br \/>\nW sprawach zwi\u0105zanych z zapytaniem ofertowym prosz\u0119 kontaktowa\u0107 si\u0119 z zamawiaj\u0105cym, <a href=\"mailto:mchrostowski@devo.pl\">\u2026\u2026\u2026\u2026\u2026\u2026\u2026\u2026\u2026\u2026\u2026\u2026\u2026<\/a><\/p>\n<p><strong>Spos\u00f3b i miejsce sk\u0142adania ofert:<\/strong><\/p>\n<ol>\n<li>osobi\u015bcie w siedzibie firmy:<\/li>\n<li>poczt\u0105 na adres siedziby firmy:<\/li>\n<li>poczt\u0105 elektroniczn\u0105 na adres mailowy:<\/li>\n<\/ol>\n<p>Termin sk\u0142adania ofert up\u0142ywa w dniu <strong>04.05.<\/strong><strong>2021 r. <\/strong>(decyduje data i godzina wp\u0142ywu do Zamawiaj\u0105cego)<\/p>\n<p><strong>Termin wa\u017cno\u015bci oferty:<\/strong> minimum <strong>14 dni<\/strong> od daty wystawienia oferty.<\/p>\n<p><strong>Kryteria oceny ofert: <\/strong><strong>\u00a0<\/strong><br \/>\nZamawiaj\u0105cy zastosuje nast\u0119puj\u0105ce kryteria:<\/p>\n<ol>\n<li>Cena netto &#8211; waga 100% = 100 pkt<\/li>\n<\/ol>\n<p>Maksymalnie 100 pkt. Punkty obliczone zostan\u0105 z dok\u0142adno\u015bci\u0105 do 2 miejsc po przecinku.<\/p>\n<p>Opis sposobu wyliczenia poszczeg\u00f3lnych element\u00f3w sk\u0142adowych oferty:<\/p>\n<ol>\n<li>Cena \u2013 waga 100% (maksymalnie 100 punkt\u00f3w)<\/li>\n<\/ol>\n<p>Cen\u0119 netto za wykonanie zam\u00f3wienia nale\u017cy poda\u0107 w PLN z dok\u0142adno\u015bci\u0105 do dw\u00f3ch miejsc po przecinku, cena powinna obejmowa\u0107 ca\u0142kowity koszt realizacji zam\u00f3wienia, koszty ponoszone przez ewentualnych podwykonawc\u00f3w i partner\u00f3w.<\/p>\n<p>Punkty przyznawane za kryterium cena b\u0119d\u0105 liczone wg nast\u0119puj\u0105cego wzoru:<\/p>\n<p><span style=\"margin-left: 72px;\">Cn<\/span><br \/>\nC = &#8212;&#8212;&#8212;&#8212;&#8212;&#8212;&#8212;&#8212;- x 100 pkt.<br \/>\n<span style=\"margin-left: 72px;\">Co<\/span><\/p>\n<p>gdzie:<br \/>\nC- cena netto\/ wykonania oferty;<br \/>\nCn- najni\u017csza cena ofertowa netto spo\u015br\u00f3d badanych ofert<br \/>\nCo- cena netto badanej oferty.<\/p>\n<p>Za najkorzystniejsz\u0105 zostanie uznana oferta z najwi\u0119ksz\u0105 liczb\u0105 punkt\u00f3w.<\/p>\n<p>Je\u017celi Oferent, kt\u00f3rego oferta zostanie wybrana, jako najkorzystniejsza odm\u00f3wi zawarcia umowy z Zamawiaj\u0105cym lub nie przyst\u0105pi w wyznaczonym przez Zamawiaj\u0105cego terminie do jej podpisania, Zamawiaj\u0105cy odrzuci t\u0119 ofert\u0119 i mo\u017ce wybra\u0107 ofert\u0119 najkorzystniejsz\u0105 spo\u015br\u00f3d pozosta\u0142ych ofert bez przeprowadzania ich ponownego badania i oceny.<\/p>\n<p>Oferenci zostan\u0105 poinformowani o wynikach post\u0119powania bez zb\u0119dnej zw\u0142oki, za po\u015brednictwem poczty elektronicznej, na adresy os\u00f3b wskazanych w ofertach.<\/p>\n<p>Zamawiaj\u0105cy nie przewiduje procedury odwo\u0142awczej. Termin zwi\u0105zania ofert\u0105 wynosi 14 dni od daty wystawienia oferty.<\/p>\n<p><strong>Odrzucenie oferty.<\/strong><br \/>\nW niniejszym post\u0119powaniu zostanie odrzucona oferta Wykonawcy, kt\u00f3ry:<br \/>\na) z\u0142o\u017cy ofert\u0119 niezgodn\u0105 z tre\u015bci\u0105 niniejszego zapytania ofertowego;<br \/>\nb) z\u0142o\u017cy ofert\u0119 niekompletn\u0105, tj. nie zawieraj\u0105c\u0105 o\u015bwiadcze\u0144 i dokument\u00f3w wymaganych w niniejszym post\u0119powaniu;<br \/>\nc) przedstawi nieprawdziwe informacje;<br \/>\nd) nie spe\u0142nia warunk\u00f3w udzia\u0142u w post\u0119powaniu.<\/p>\n<p><strong>Informacja na temat zakresu wykluczenia z mo\u017cliwo\u015bci realizacji zam\u00f3wienia.<\/strong><br \/>\nZ mo\u017cliwo\u015bci realizacji zam\u00f3wienia wy\u0142\u0105czone s\u0105 podmioty, kt\u00f3re s\u0105 powi\u0105zane osobowo lub kapita\u0142owo z Zamawiaj\u0105cym. Przez powi\u0105zania kapita\u0142owe lub osobowe rozumie si\u0119 wzajemne powi\u0105zanie mi\u0119dzy Zamawiaj\u0105cym lub osobami upowa\u017cnionymi do zaci\u0105gania zobowi\u0105za\u0144 w imieniu Zamawiaj\u0105cego lub osobami wykonuj\u0105cymi w imieniu Zamawiaj\u0105cego czynno\u015bci zwi\u0105zane z przygotowaniem i przeprowadzeniem procedury wyboru wykonawcy a Wykonawc\u0105, polegaj\u0105ce w szczeg\u00f3lno\u015bci na:<\/p>\n<ol>\n<li>a) uczestniczeniu w sp\u00f3\u0142ce jako wsp\u00f3lnik sp\u00f3\u0142ki cywilnej lub sp\u00f3\u0142ki osobowej,<\/li>\n<li>b) posiadaniu co najmniej 5 % udzia\u0142\u00f3w lub akcji,<\/li>\n<li>c) pe\u0142nieniu funkcji cz\u0142onka organu nadzorczego lub zarz\u0105dzaj\u0105cego, prokurenta, pe\u0142nomocnika,<\/li>\n<li>d) pozostawaniu w zwi\u0105zku ma\u0142\u017ce\u0144skim, w stosunku pokrewie\u0144stwa lub powinowactwa w linii prostej, pokrewie\u0144stwa drugiego stopnia lub powinowactwa drugiego stopnia w linii bocznej lub w stosunku przysposobienia, opieki lub kurateli.<\/li>\n<\/ol>\n<p>Potwierdzeniem braku powi\u0105za\u0144 kapita\u0142owych lub osobowych jest z\u0142o\u017cenie przez Wykonawc\u0119 o\u015bwiadczenia o braku wyst\u0119powania w\/w powi\u0105za\u0144 na formularzu ofertowym (za\u0142\u0105cznik nr 1 do zapytania ofertowego).<\/p>\n<p><strong>Warunki dokonania zmiany umowy:<\/strong><br \/>\nZamawiaj\u0105cy przewiduje mo\u017cliwo\u015b\u0107 zmiany umowy, w przypadku zaistnienia okoliczno\u015bci spowodowanych czynnikami zewn\u0119trznymi, np. si\u0142a wy\u017csza, nieprzewidziane warunki pogodowe, strajki oraz inne okoliczno\u015bci zewn\u0119trzne mog\u0105ce mie\u0107 wp\u0142yw na realizacj\u0119 postanowie\u0144 umowy oraz inne okoliczno\u015bci, kt\u00f3rych nie byli\u015bmy w stanie przewidzie\u0107 w momencie sporz\u0105dzania zapytania ofertowego.<\/p>\n<p><strong>Zastrze\u017cenia<\/strong><\/p>\n<ul>\n<li>Zamawiaj\u0105cy nie mo\u017ce by\u0107 poci\u0105gana do odpowiedzialno\u015bci za jakiekolwiek koszty czy wydatki poniesione przez oferent\u00f3w \/ wykonawc\u00f3w w zwi\u0105zku z przygotowaniem i dostarczeniem oferty.<\/li>\n<li>Zamawiaj\u0105cy zastrzega sobie prawo w ka\u017cdej chwili do zmian ca\u0142o\u015bci lub cz\u0119\u015bci zapytania ofertowego.<\/li>\n<li>Zamawiaj\u0105cy zastrzega sobie prawo do uniewa\u017cnienia post\u0119powania na ka\u017cdym etapie bez podawania przyczyny.<\/li>\n<\/ul>\n<p>za\u0142\u0105czniki:<br \/>\n<strong><em><a href=\"https:\/\/dev.hempking.eu\/pl\/wp-content\/uploads\/sites\/2\/2022\/05\/Zalacznik-1-do-zapytania-ofertowego2.doc\" target=\"_blank\" rel=\"noopener\">Za\u0142\u0105cznik-1-do-zapytania-ofertowego<\/a><\/em><\/strong>\n<\/div>\n<\/div>\n<\/div>\n","protected":false},"excerpt":{"rendered":"<p>Bia\u0142ystok, 26.04.2022 r. Zamawiaj\u0105cy: ZAPYTANIE OFERTOWE nr 1\/04\/2021 W zwi\u0105zku z planowan\u0105 realizacj\u0105 projektu pt. \u201eInternacjonalizacja firmy Biodio Sp. z o.o. Sp. K. na rynkach zagranicznych poprzez wdro\u017cenie nowego modelu biznesowego\u201d w ramach DZIA\u0141ANIA 1.2 Internacjonalizacja MSP &#8211; Programu Operacyjnego Polska Wschodnia, 2014-2020, firma \u201eBiodio Sp. z o.o. Sp. K.\u201d og\u0142asza post\u0119powanie na zakup nast\u0119puj\u0105cych [&hellip;]<\/p>\n","protected":false},"author":1,"featured_media":0,"parent":0,"menu_order":0,"comment_status":"closed","ping_status":"closed","template":"","meta":{"_acf_changed":false,"footnotes":""},"class_list":["post-96930","page","type-page","status-publish","hentry"],"acf":[],"yoast_head":"<!-- This site is optimized with the Yoast SEO Premium plugin v23.4 (Yoast SEO v24.0) - https:\/\/yoast.com\/wordpress\/plugins\/seo\/ -->\n<title>Internacjonalizacja - Dofinansowanie UE - Hemp King<\/title>\n<link rel=\"canonical\" href=\"https:\/\/dev.hempking.eu\/pl\/internacjonalizacja-dofinansowanie-ue\/\" \/>\n<meta property=\"og:locale\" content=\"pl_PL\" \/>\n<meta property=\"og:type\" content=\"article\" \/>\n<meta property=\"og:title\" content=\"Internacjonalizacja - Dofinansowanie UE\" \/>\n<meta property=\"og:description\" content=\"Bia\u0142ystok, 26.04.2022 r. Zamawiaj\u0105cy: ZAPYTANIE OFERTOWE nr 1\/04\/2021 W zwi\u0105zku z planowan\u0105 realizacj\u0105 projektu pt. \u201eInternacjonalizacja firmy Biodio Sp. z o.o. Sp. K. na rynkach zagranicznych poprzez wdro\u017cenie nowego modelu biznesowego\u201d w ramach DZIA\u0141ANIA 1.2 Internacjonalizacja MSP &#8211; Programu Operacyjnego Polska Wschodnia, 2014-2020, firma \u201eBiodio Sp. z o.o. Sp. K.\u201d og\u0142asza post\u0119powanie na zakup nast\u0119puj\u0105cych [&hellip;]\" \/>\n<meta property=\"og:url\" content=\"https:\/\/dev.hempking.eu\/pl\/internacjonalizacja-dofinansowanie-ue\/\" \/>\n<meta property=\"og:site_name\" content=\"Hemp King\" \/>\n<meta property=\"article:publisher\" content=\"https:\/\/www.facebook.com\/hempkingpoland\" \/>\n<meta property=\"article:modified_time\" content=\"2022-05-04T13:09:29+00:00\" \/>\n<meta name=\"twitter:card\" content=\"summary_large_image\" \/>\n<meta name=\"twitter:site\" content=\"@hempkingeu\" \/>\n<meta name=\"twitter:label1\" content=\"Szacowany czas czytania\" \/>\n\t<meta name=\"twitter:data1\" content=\"7 minut\" \/>\n<script type=\"application\/ld+json\" class=\"yoast-schema-graph\">{\"@context\":\"https:\/\/schema.org\",\"@graph\":[{\"@type\":\"WebPage\",\"@id\":\"https:\/\/dev.hempking.eu\/pl\/internacjonalizacja-dofinansowanie-ue\/\",\"url\":\"https:\/\/dev.hempking.eu\/pl\/internacjonalizacja-dofinansowanie-ue\/\",\"name\":\"Internacjonalizacja - Dofinansowanie UE - Hemp King\",\"isPartOf\":{\"@id\":\"https:\/\/dev.hempking.eu\/pl\/#website\"},\"datePublished\":\"2022-05-04T12:54:02+00:00\",\"dateModified\":\"2022-05-04T13:09:29+00:00\",\"breadcrumb\":{\"@id\":\"https:\/\/dev.hempking.eu\/pl\/internacjonalizacja-dofinansowanie-ue\/#breadcrumb\"},\"inLanguage\":\"pl-PL\",\"potentialAction\":[{\"@type\":\"ReadAction\",\"target\":[\"https:\/\/dev.hempking.eu\/pl\/internacjonalizacja-dofinansowanie-ue\/\"]}]},{\"@type\":\"BreadcrumbList\",\"@id\":\"https:\/\/dev.hempking.eu\/pl\/internacjonalizacja-dofinansowanie-ue\/#breadcrumb\",\"itemListElement\":[{\"@type\":\"ListItem\",\"position\":1,\"name\":\"Home\",\"item\":\"https:\/\/dev.hempking.eu\/pl\/\"},{\"@type\":\"ListItem\",\"position\":2,\"name\":\"Internacjonalizacja &#8211; Dofinansowanie UE\"}]},{\"@type\":\"WebSite\",\"@id\":\"https:\/\/dev.hempking.eu\/pl\/#website\",\"url\":\"https:\/\/dev.hempking.eu\/pl\/\",\"name\":\"Hemp King\",\"description\":\"\",\"publisher\":{\"@id\":\"https:\/\/dev.hempking.eu\/pl\/#organization\"},\"potentialAction\":[{\"@type\":\"SearchAction\",\"target\":{\"@type\":\"EntryPoint\",\"urlTemplate\":\"https:\/\/dev.hempking.eu\/pl\/?s={search_term_string}\"},\"query-input\":{\"@type\":\"PropertyValueSpecification\",\"valueRequired\":true,\"valueName\":\"search_term_string\"}}],\"inLanguage\":\"pl-PL\"},{\"@type\":\"Organization\",\"@id\":\"https:\/\/dev.hempking.eu\/pl\/#organization\",\"name\":\"Hemp King\",\"url\":\"https:\/\/dev.hempking.eu\/pl\/\",\"logo\":{\"@type\":\"ImageObject\",\"inLanguage\":\"pl-PL\",\"@id\":\"https:\/\/dev.hempking.eu\/pl\/#\/schema\/logo\/image\/\",\"url\":\"https:\/\/dev.hempking.eu\/pl\/wp-content\/uploads\/sites\/2\/2020\/05\/hempking.png\",\"contentUrl\":\"https:\/\/dev.hempking.eu\/pl\/wp-content\/uploads\/sites\/2\/2020\/05\/hempking.png\",\"width\":148,\"height\":91,\"caption\":\"Hemp King\"},\"image\":{\"@id\":\"https:\/\/dev.hempking.eu\/pl\/#\/schema\/logo\/image\/\"},\"sameAs\":[\"https:\/\/www.facebook.com\/hempkingpoland\",\"https:\/\/x.com\/hempkingeu\",\"https:\/\/www.instagram.com\/hempkingeu\/\",\"https:\/\/www.linkedin.com\/company\/hempking-eu\/mycompany\/\",\"https:\/\/pl.pinterest.com\/hempkingeu\/\",\"https:\/\/www.youtube.com\/channel\/UCUkeZA1fj4hSZfoYm0WpZ7w\"]}]}<\/script>\n<!-- \/ Yoast SEO Premium plugin. -->","yoast_head_json":{"title":"Internacjonalizacja - Dofinansowanie UE - Hemp King","canonical":"https:\/\/dev.hempking.eu\/pl\/internacjonalizacja-dofinansowanie-ue\/","og_locale":"pl_PL","og_type":"article","og_title":"Internacjonalizacja - Dofinansowanie UE","og_description":"Bia\u0142ystok, 26.04.2022 r. Zamawiaj\u0105cy: ZAPYTANIE OFERTOWE nr 1\/04\/2021 W zwi\u0105zku z planowan\u0105 realizacj\u0105 projektu pt. \u201eInternacjonalizacja firmy Biodio Sp. z o.o. Sp. K. na rynkach zagranicznych poprzez wdro\u017cenie nowego modelu biznesowego\u201d w ramach DZIA\u0141ANIA 1.2 Internacjonalizacja MSP &#8211; Programu Operacyjnego Polska Wschodnia, 2014-2020, firma \u201eBiodio Sp. z o.o. Sp. K.\u201d og\u0142asza post\u0119powanie na zakup nast\u0119puj\u0105cych [&hellip;]","og_url":"https:\/\/dev.hempking.eu\/pl\/internacjonalizacja-dofinansowanie-ue\/","og_site_name":"Hemp King","article_publisher":"https:\/\/www.facebook.com\/hempkingpoland","article_modified_time":"2022-05-04T13:09:29+00:00","twitter_card":"summary_large_image","twitter_site":"@hempkingeu","twitter_misc":{"Szacowany czas czytania":"7 minut"},"schema":{"@context":"https:\/\/schema.org","@graph":[{"@type":"WebPage","@id":"https:\/\/dev.hempking.eu\/pl\/internacjonalizacja-dofinansowanie-ue\/","url":"https:\/\/dev.hempking.eu\/pl\/internacjonalizacja-dofinansowanie-ue\/","name":"Internacjonalizacja - Dofinansowanie UE - Hemp King","isPartOf":{"@id":"https:\/\/dev.hempking.eu\/pl\/#website"},"datePublished":"2022-05-04T12:54:02+00:00","dateModified":"2022-05-04T13:09:29+00:00","breadcrumb":{"@id":"https:\/\/dev.hempking.eu\/pl\/internacjonalizacja-dofinansowanie-ue\/#breadcrumb"},"inLanguage":"pl-PL","potentialAction":[{"@type":"ReadAction","target":["https:\/\/dev.hempking.eu\/pl\/internacjonalizacja-dofinansowanie-ue\/"]}]},{"@type":"BreadcrumbList","@id":"https:\/\/dev.hempking.eu\/pl\/internacjonalizacja-dofinansowanie-ue\/#breadcrumb","itemListElement":[{"@type":"ListItem","position":1,"name":"Home","item":"https:\/\/dev.hempking.eu\/pl\/"},{"@type":"ListItem","position":2,"name":"Internacjonalizacja &#8211; Dofinansowanie UE"}]},{"@type":"WebSite","@id":"https:\/\/dev.hempking.eu\/pl\/#website","url":"https:\/\/dev.hempking.eu\/pl\/","name":"Hemp King","description":"","publisher":{"@id":"https:\/\/dev.hempking.eu\/pl\/#organization"},"potentialAction":[{"@type":"SearchAction","target":{"@type":"EntryPoint","urlTemplate":"https:\/\/dev.hempking.eu\/pl\/?s={search_term_string}"},"query-input":{"@type":"PropertyValueSpecification","valueRequired":true,"valueName":"search_term_string"}}],"inLanguage":"pl-PL"},{"@type":"Organization","@id":"https:\/\/dev.hempking.eu\/pl\/#organization","name":"Hemp King","url":"https:\/\/dev.hempking.eu\/pl\/","logo":{"@type":"ImageObject","inLanguage":"pl-PL","@id":"https:\/\/dev.hempking.eu\/pl\/#\/schema\/logo\/image\/","url":"https:\/\/dev.hempking.eu\/pl\/wp-content\/uploads\/sites\/2\/2020\/05\/hempking.png","contentUrl":"https:\/\/dev.hempking.eu\/pl\/wp-content\/uploads\/sites\/2\/2020\/05\/hempking.png","width":148,"height":91,"caption":"Hemp King"},"image":{"@id":"https:\/\/dev.hempking.eu\/pl\/#\/schema\/logo\/image\/"},"sameAs":["https:\/\/www.facebook.com\/hempkingpoland","https:\/\/x.com\/hempkingeu","https:\/\/www.instagram.com\/hempkingeu\/","https:\/\/www.linkedin.com\/company\/hempking-eu\/mycompany\/","https:\/\/pl.pinterest.com\/hempkingeu\/","https:\/\/www.youtube.com\/channel\/UCUkeZA1fj4hSZfoYm0WpZ7w"]}]}},"_links":{"self":[{"href":"https:\/\/dev.hempking.eu\/pl\/wp-json\/wp\/v2\/pages\/96930","targetHints":{"allow":["GET"]}}],"collection":[{"href":"https:\/\/dev.hempking.eu\/pl\/wp-json\/wp\/v2\/pages"}],"about":[{"href":"https:\/\/dev.hempking.eu\/pl\/wp-json\/wp\/v2\/types\/page"}],"author":[{"embeddable":true,"href":"https:\/\/dev.hempking.eu\/pl\/wp-json\/wp\/v2\/users\/1"}],"replies":[{"embeddable":true,"href":"https:\/\/dev.hempking.eu\/pl\/wp-json\/wp\/v2\/comments?post=96930"}],"version-history":[{"count":0,"href":"https:\/\/dev.hempking.eu\/pl\/wp-json\/wp\/v2\/pages\/96930\/revisions"}],"wp:attachment":[{"href":"https:\/\/dev.hempking.eu\/pl\/wp-json\/wp\/v2\/media?parent=96930"}],"curies":[{"name":"wp","href":"https:\/\/api.w.org\/{rel}","templated":true}]}}