{"id":100223,"date":"2022-06-14T13:31:18","date_gmt":"2022-06-14T11:31:18","guid":{"rendered":"https:\/\/hempking.eu\/pl\/?post_type=product&#038;p=100223"},"modified":"2023-04-18T10:41:28","modified_gmt":"2023-04-18T08:41:28","slug":"reishi-400-mg-40-polisacharydow-30-beta-glukanow-kapsulki","status":"publish","type":"product","link":"https:\/\/dev.hempking.eu\/pl\/reishi-400-mg-40-polisacharydow-30-beta-glukanow-kapsulki\/","title":{"rendered":"Reishi 400 mg - 40% polisacharyd\u00f3w, 30% beta-glukan\u00f3w - kapsu\u0142ki"},"content":{"rendered":"<h2 style=\"text-align: justify;\">Reishi Lakownica \u017c\u00f3\u0142tawa (Ganoderma lucidum) &#8211; czym jest?<\/h2>\n<p style=\"text-align: justify;\"><b>Grzyby Reishi<\/b><span style=\"font-weight: 400;\">, czyli <\/span><b>Lakownica \u017c\u00f3\u0142tawa<\/b><span style=\"font-weight: 400;\"> to grzyb, kt\u00f3ry jest uznawany za adaptogenny! Adaptogeny maj\u0105 za zadanie wspom\u00f3c organizm w przystosowaniu si\u0119 do aktualnych warunk\u00f3w, w jakich si\u0119 znajdujemy i lepiej sobie radzi\u0107 z r\u00f3\u017cnymi sytuacjami. <\/span><b>Reishi w kapsu\u0142kach<\/b><span style=\"font-weight: 400;\"> to uniwersalny produkt, kt\u00f3ry w wygodny spos\u00f3b pozwala wzbogaci\u0107 Twoj\u0105 diet\u0119 o cenne sk\u0142adniki, jak polisacharydy, kt\u00f3re s\u0105 obecne w naszym produkcie <\/span><b>Reishi ekstrakt.<\/b><span style=\"font-weight: 400;\">\u00a0<\/span><\/p>\n<p style=\"text-align: justify;\"><b>Lakownica \u017c\u00f3\u0142tawa<\/b><span style=\"font-weight: 400;\"> to japo\u0144ski rodzaj grzyba z rodziny lakownicowatych. <\/span><b>Grzyby Reishi<\/b><span style=\"font-weight: 400;\"> s\u0105 znane g\u0142\u00f3wnie w medycynie naturalnej Dalekiego Wschodu. W Azji nazywano je boskimi grzybami nie\u015bmiertelno\u015bci. I chocia\u017c dzisiaj wiemy, \u017ce <\/span><b>grzyby Reishi<\/b><span style=\"font-weight: 400;\"> nie\u015bmiertelno\u015bci nam nie zapewni\u0105, to wci\u0105\u017c ciesz\u0105 si\u0119 du\u017c\u0105 doz\u0105 zainteresowania w\u015br\u00f3d ludzi. Dzi\u0119ki umieszczeniu <\/span><b>Reishi w kapsu\u0142kach<\/b><span style=\"font-weight: 400;\">, kt\u00f3re s\u0105 wykonane z wega\u0144skiego sk\u0142adnika, bez wzgl\u0119du na preferowan\u0105 diet\u0119, mo\u017cesz cieszy\u0107 si\u0119 grzybami w swoim codziennym \u017cyciu i bez problemu w\u0142\u0105czy\u0107 je do swojej codziennej suplementacji.<\/span><\/p>\n<p style=\"text-align: justify;\"><a href=\"https:\/\/dev.hempking.eu\/pl\/wp-content\/uploads\/sites\/2\/2020\/07\/warunki4.jpg\"><img loading=\"lazy\" decoding=\"async\" class=\"alignnone wp-image-101812 size-full\" src=\"https:\/\/dev.hempking.eu\/pl\/wp-content\/uploads\/sites\/2\/2020\/07\/warunki4.jpg\" alt=\"o\u015bwiadczenia w UE\" width=\"755\" height=\"353\" srcset=\"https:\/\/dev.hempking.eu\/pl\/wp-content\/uploads\/sites\/2\/2020\/07\/warunki4.jpg 755w, https:\/\/dev.hempking.eu\/pl\/wp-content\/uploads\/sites\/2\/2020\/07\/warunki4-640x299.jpg 640w, https:\/\/dev.hempking.eu\/pl\/wp-content\/uploads\/sites\/2\/2020\/07\/warunki4-400x187.jpg 400w\" sizes=\"auto, (max-width: 755px) 100vw, 755px\" \/><\/a><\/p>\n<p style=\"text-align: justify;\"><a href=\"https:\/\/dev.hempking.eu\/pl\/wp-content\/uploads\/sites\/2\/2022\/01\/warunki2.jpg\"><img loading=\"lazy\" decoding=\"async\" class=\"alignnone size-full wp-image-85647\" src=\"https:\/\/dev.hempking.eu\/pl\/wp-content\/uploads\/sites\/2\/2022\/01\/warunki2.jpg\" alt=\"warunki przechowywania produkt\u00f3w konopnych HempKing\" width=\"755\" height=\"307\" srcset=\"https:\/\/dev.hempking.eu\/pl\/wp-content\/uploads\/sites\/2\/2022\/01\/warunki2.jpg 755w, https:\/\/dev.hempking.eu\/pl\/wp-content\/uploads\/sites\/2\/2022\/01\/warunki2-640x260.jpg 640w, https:\/\/dev.hempking.eu\/pl\/wp-content\/uploads\/sites\/2\/2022\/01\/warunki2-400x163.jpg 400w, https:\/\/dev.hempking.eu\/pl\/wp-content\/uploads\/sites\/2\/2022\/01\/warunki2-600x244.jpg 600w\" sizes=\"auto, (max-width: 755px) 100vw, 755px\" \/><\/a><\/p>\n<p style=\"text-align: justify;\">\n","protected":false},"excerpt":{"rendered":"<h2>Grzyby Reishi 400 mg Biowen:<\/h2>\n<ul>\n<li>do stworzenia produktu wykorzystano owocniki,<\/li>\n<li>ich DER wynosi 25:1,<\/li>\n<li>zawieraj\u0105 ekstrakt <span style=\"font-weight: 400;\">BioPerine\u00ae,<\/span><\/li>\n<li>wspieraj\u0105 odporno\u015b\u0107 i uk\u0142ad kr\u0105\u017cenia,<\/li>\n<li>produkt wega\u0144ski<\/li>\n<li>opakowanie wystarcza na 90 dni stosowania.<\/li>\n<\/ul>\n<p><strong>Opakowanie: 90 kapsu\u0142ek<\/strong><\/p>\n","protected":false},"featured_media":100224,"template":"","meta":{"_acf_changed":false},"product_cat":[128],"product_tag":[],"class_list":{"0":"post-100223","1":"product","2":"type-product","3":"status-publish","4":"has-post-thumbnail","6":"product_cat-grzyby-witalne","8":"first","9":"instock","10":"shipping-taxable","11":"purchasable","12":"product-type-simple"},"acf":[],"yoast_head":"<!-- This site is optimized with the Yoast SEO Premium plugin v23.4 (Yoast SEO v24.0) - https:\/\/yoast.com\/wordpress\/plugins\/seo\/ -->\n<title>Grzyb Reishi 400 mg w kapsu\u0142kach - Biowen - 90 dni stosowania<\/title>\n<meta name=\"description\" content=\"Zobacz \u261b Reishi 400 mg - 40% polisacharyd\u00f3w, 30% beta-glukan\u00f3w - kapsu\u0142ki w konopnym sklepie HempKing \u2705100% naturalne \u2705 Zadbaj z nami o swoj\u0105 diet\u0119!\" \/>\n<link rel=\"canonical\" href=\"https:\/\/dev.hempking.eu\/pl\/reishi-400-mg-40-polisacharydow-30-beta-glukanow-kapsulki\/\" \/>\n<meta property=\"og:locale\" content=\"pl_PL\" \/>\n<meta property=\"og:type\" content=\"article\" \/>\n<meta property=\"og:title\" content=\"Reishi 400 mg - 40% polisacharyd\u00f3w, 30% beta-glukan\u00f3w - kapsu\u0142ki\" \/>\n<meta property=\"og:description\" content=\"Zobacz \u261b Reishi 400 mg - 40% polisacharyd\u00f3w, 30% beta-glukan\u00f3w - kapsu\u0142ki w konopnym sklepie HempKing \u2705100% naturalne \u2705 Zadbaj z nami o swoj\u0105 diet\u0119!\" \/>\n<meta property=\"og:url\" content=\"https:\/\/dev.hempking.eu\/pl\/reishi-400-mg-40-polisacharydow-30-beta-glukanow-kapsulki\/\" \/>\n<meta property=\"og:site_name\" content=\"Hemp King\" \/>\n<meta property=\"article:publisher\" content=\"https:\/\/www.facebook.com\/hempkingpoland\" \/>\n<meta property=\"article:modified_time\" content=\"2023-04-18T08:41:28+00:00\" \/>\n<meta property=\"og:image\" content=\"https:\/\/dev.hempking.eu\/pl\/wp-content\/uploads\/sites\/2\/2022\/06\/reishi.jpg\" \/>\n\t<meta property=\"og:image:width\" content=\"1000\" \/>\n\t<meta property=\"og:image:height\" content=\"1000\" \/>\n\t<meta property=\"og:image:type\" content=\"image\/jpeg\" \/>\n<meta name=\"twitter:card\" content=\"summary_large_image\" \/>\n<meta name=\"twitter:site\" content=\"@hempkingeu\" \/>\n<meta name=\"twitter:label1\" content=\"Price\" \/>\n\t<meta name=\"twitter:data1\" content=\"66.90&nbsp;&#122;&#322;\" \/>\n\t<meta name=\"twitter:label2\" content=\"Availability\" \/>\n\t<meta name=\"twitter:data2\" content=\"In stock\" \/>\n<script type=\"application\/ld+json\" class=\"yoast-schema-graph\">{\"@context\":\"https:\/\/schema.org\",\"@graph\":[{\"@type\":\"WebPage\",\"@id\":\"https:\/\/dev.hempking.eu\/pl\/reishi-400-mg-40-polisacharydow-30-beta-glukanow-kapsulki\/\",\"url\":\"https:\/\/dev.hempking.eu\/pl\/reishi-400-mg-40-polisacharydow-30-beta-glukanow-kapsulki\/\",\"name\":\"Grzyb Reishi 400 mg w kapsu\u0142kach - Biowen - 90 dni stosowania\",\"isPartOf\":{\"@id\":\"https:\/\/dev.hempking.eu\/pl\/#website\"},\"primaryImageOfPage\":{\"@id\":\"https:\/\/dev.hempking.eu\/pl\/reishi-400-mg-40-polisacharydow-30-beta-glukanow-kapsulki\/#primaryimage\"},\"image\":{\"@id\":\"https:\/\/dev.hempking.eu\/pl\/reishi-400-mg-40-polisacharydow-30-beta-glukanow-kapsulki\/#primaryimage\"},\"thumbnailUrl\":\"https:\/\/dev.hempking.eu\/pl\/wp-content\/uploads\/sites\/2\/2022\/06\/reishi.jpg\",\"datePublished\":\"2022-06-14T11:31:18+00:00\",\"dateModified\":\"2023-04-18T08:41:28+00:00\",\"description\":\"Zobacz \u261b Reishi 400 mg - 40% polisacharyd\u00f3w, 30% beta-glukan\u00f3w - kapsu\u0142ki w konopnym sklepie HempKing \u2705100% naturalne \u2705 Zadbaj z nami o swoj\u0105 diet\u0119!\",\"breadcrumb\":{\"@id\":\"https:\/\/dev.hempking.eu\/pl\/reishi-400-mg-40-polisacharydow-30-beta-glukanow-kapsulki\/#breadcrumb\"},\"inLanguage\":\"pl-PL\",\"potentialAction\":[{\"@type\":\"ReadAction\",\"target\":[\"https:\/\/dev.hempking.eu\/pl\/reishi-400-mg-40-polisacharydow-30-beta-glukanow-kapsulki\/\"]}]},{\"@type\":\"ImageObject\",\"inLanguage\":\"pl-PL\",\"@id\":\"https:\/\/dev.hempking.eu\/pl\/reishi-400-mg-40-polisacharydow-30-beta-glukanow-kapsulki\/#primaryimage\",\"url\":\"https:\/\/dev.hempking.eu\/pl\/wp-content\/uploads\/sites\/2\/2022\/06\/reishi.jpg\",\"contentUrl\":\"https:\/\/dev.hempking.eu\/pl\/wp-content\/uploads\/sites\/2\/2022\/06\/reishi.jpg\",\"width\":1000,\"height\":1000,\"caption\":\"reishi\"},{\"@type\":\"BreadcrumbList\",\"@id\":\"https:\/\/dev.hempking.eu\/pl\/reishi-400-mg-40-polisacharydow-30-beta-glukanow-kapsulki\/#breadcrumb\",\"itemListElement\":[{\"@type\":\"ListItem\",\"position\":1,\"name\":\"Home\",\"item\":\"https:\/\/dev.hempking.eu\/pl\/\"},{\"@type\":\"ListItem\",\"position\":2,\"name\":\"Sklep\",\"item\":\"https:\/\/dev.hempking.eu\/pl\/shop\/\"},{\"@type\":\"ListItem\",\"position\":3,\"name\":\"Suplementy\",\"item\":\"https:\/\/dev.hempking.eu\/pl\/suplementy\/\"},{\"@type\":\"ListItem\",\"position\":4,\"name\":\"Grzyby witalne\",\"item\":\"https:\/\/dev.hempking.eu\/pl\/grzyby-witalne\/\"},{\"@type\":\"ListItem\",\"position\":5,\"name\":\"Reishi 400 mg - 40% polisacharyd\u00f3w, 30% beta-glukan\u00f3w - kapsu\u0142ki\"}]},{\"@type\":\"WebSite\",\"@id\":\"https:\/\/dev.hempking.eu\/pl\/#website\",\"url\":\"https:\/\/dev.hempking.eu\/pl\/\",\"name\":\"Hemp King\",\"description\":\"\",\"publisher\":{\"@id\":\"https:\/\/dev.hempking.eu\/pl\/#organization\"},\"potentialAction\":[{\"@type\":\"SearchAction\",\"target\":{\"@type\":\"EntryPoint\",\"urlTemplate\":\"https:\/\/dev.hempking.eu\/pl\/?s={search_term_string}\"},\"query-input\":{\"@type\":\"PropertyValueSpecification\",\"valueRequired\":true,\"valueName\":\"search_term_string\"}}],\"inLanguage\":\"pl-PL\"},{\"@type\":\"Organization\",\"@id\":\"https:\/\/dev.hempking.eu\/pl\/#organization\",\"name\":\"Hemp King\",\"url\":\"https:\/\/dev.hempking.eu\/pl\/\",\"logo\":{\"@type\":\"ImageObject\",\"inLanguage\":\"pl-PL\",\"@id\":\"https:\/\/dev.hempking.eu\/pl\/#\/schema\/logo\/image\/\",\"url\":\"https:\/\/dev.hempking.eu\/pl\/wp-content\/uploads\/sites\/2\/2020\/05\/hempking.png\",\"contentUrl\":\"https:\/\/dev.hempking.eu\/pl\/wp-content\/uploads\/sites\/2\/2020\/05\/hempking.png\",\"width\":148,\"height\":91,\"caption\":\"Hemp King\"},\"image\":{\"@id\":\"https:\/\/dev.hempking.eu\/pl\/#\/schema\/logo\/image\/\"},\"sameAs\":[\"https:\/\/www.facebook.com\/hempkingpoland\",\"https:\/\/x.com\/hempkingeu\",\"https:\/\/www.instagram.com\/hempkingeu\/\",\"https:\/\/www.linkedin.com\/company\/hempking-eu\/mycompany\/\",\"https:\/\/pl.pinterest.com\/hempkingeu\/\",\"https:\/\/www.youtube.com\/channel\/UCUkeZA1fj4hSZfoYm0WpZ7w\"]}]}<\/script>\n<meta property=\"product:price:amount\" content=\"66.90\" \/>\n<meta property=\"product:price:currency\" content=\"PLN\" \/>\n<meta property=\"og:availability\" content=\"instock\" \/>\n<meta property=\"product:availability\" content=\"instock\" \/>\n<meta property=\"product:condition\" content=\"new\" \/>\n<!-- \/ Yoast SEO Premium plugin. -->","yoast_head_json":{"title":"Grzyb Reishi 400 mg w kapsu\u0142kach - Biowen - 90 dni stosowania","description":"Zobacz \u261b Reishi 400 mg - 40% polisacharyd\u00f3w, 30% beta-glukan\u00f3w - kapsu\u0142ki w konopnym sklepie HempKing \u2705100% naturalne \u2705 Zadbaj z nami o swoj\u0105 diet\u0119!","canonical":"https:\/\/dev.hempking.eu\/pl\/reishi-400-mg-40-polisacharydow-30-beta-glukanow-kapsulki\/","og_locale":"pl_PL","og_type":"article","og_title":"Reishi 400 mg - 40% polisacharyd\u00f3w, 30% beta-glukan\u00f3w - kapsu\u0142ki","og_description":"Zobacz \u261b Reishi 400 mg - 40% polisacharyd\u00f3w, 30% beta-glukan\u00f3w - kapsu\u0142ki w konopnym sklepie HempKing \u2705100% naturalne \u2705 Zadbaj z nami o swoj\u0105 diet\u0119!","og_url":"https:\/\/dev.hempking.eu\/pl\/reishi-400-mg-40-polisacharydow-30-beta-glukanow-kapsulki\/","og_site_name":"Hemp King","article_publisher":"https:\/\/www.facebook.com\/hempkingpoland","article_modified_time":"2023-04-18T08:41:28+00:00","og_image":[{"width":1000,"height":1000,"url":"https:\/\/dev.hempking.eu\/pl\/wp-content\/uploads\/sites\/2\/2022\/06\/reishi.jpg","type":"image\/jpeg"}],"twitter_card":"summary_large_image","twitter_site":"@hempkingeu","twitter_misc":{"Price":"66.90&nbsp;&#122;&#322;","Availability":"In stock"},"schema":{"@context":"https:\/\/schema.org","@graph":[{"@type":"WebPage","@id":"https:\/\/dev.hempking.eu\/pl\/reishi-400-mg-40-polisacharydow-30-beta-glukanow-kapsulki\/","url":"https:\/\/dev.hempking.eu\/pl\/reishi-400-mg-40-polisacharydow-30-beta-glukanow-kapsulki\/","name":"Grzyb Reishi 400 mg w kapsu\u0142kach - Biowen - 90 dni stosowania","isPartOf":{"@id":"https:\/\/dev.hempking.eu\/pl\/#website"},"primaryImageOfPage":{"@id":"https:\/\/dev.hempking.eu\/pl\/reishi-400-mg-40-polisacharydow-30-beta-glukanow-kapsulki\/#primaryimage"},"image":{"@id":"https:\/\/dev.hempking.eu\/pl\/reishi-400-mg-40-polisacharydow-30-beta-glukanow-kapsulki\/#primaryimage"},"thumbnailUrl":"https:\/\/dev.hempking.eu\/pl\/wp-content\/uploads\/sites\/2\/2022\/06\/reishi.jpg","datePublished":"2022-06-14T11:31:18+00:00","dateModified":"2023-04-18T08:41:28+00:00","description":"Zobacz \u261b Reishi 400 mg - 40% polisacharyd\u00f3w, 30% beta-glukan\u00f3w - kapsu\u0142ki w konopnym sklepie HempKing \u2705100% naturalne \u2705 Zadbaj z nami o swoj\u0105 diet\u0119!","breadcrumb":{"@id":"https:\/\/dev.hempking.eu\/pl\/reishi-400-mg-40-polisacharydow-30-beta-glukanow-kapsulki\/#breadcrumb"},"inLanguage":"pl-PL","potentialAction":[{"@type":"ReadAction","target":["https:\/\/dev.hempking.eu\/pl\/reishi-400-mg-40-polisacharydow-30-beta-glukanow-kapsulki\/"]}]},{"@type":"ImageObject","inLanguage":"pl-PL","@id":"https:\/\/dev.hempking.eu\/pl\/reishi-400-mg-40-polisacharydow-30-beta-glukanow-kapsulki\/#primaryimage","url":"https:\/\/dev.hempking.eu\/pl\/wp-content\/uploads\/sites\/2\/2022\/06\/reishi.jpg","contentUrl":"https:\/\/dev.hempking.eu\/pl\/wp-content\/uploads\/sites\/2\/2022\/06\/reishi.jpg","width":1000,"height":1000,"caption":"reishi"},{"@type":"BreadcrumbList","@id":"https:\/\/dev.hempking.eu\/pl\/reishi-400-mg-40-polisacharydow-30-beta-glukanow-kapsulki\/#breadcrumb","itemListElement":[{"@type":"ListItem","position":1,"name":"Home","item":"https:\/\/dev.hempking.eu\/pl\/"},{"@type":"ListItem","position":2,"name":"Sklep","item":"https:\/\/dev.hempking.eu\/pl\/shop\/"},{"@type":"ListItem","position":3,"name":"Suplementy","item":"https:\/\/dev.hempking.eu\/pl\/suplementy\/"},{"@type":"ListItem","position":4,"name":"Grzyby witalne","item":"https:\/\/dev.hempking.eu\/pl\/grzyby-witalne\/"},{"@type":"ListItem","position":5,"name":"Reishi 400 mg - 40% polisacharyd\u00f3w, 30% beta-glukan\u00f3w - kapsu\u0142ki"}]},{"@type":"WebSite","@id":"https:\/\/dev.hempking.eu\/pl\/#website","url":"https:\/\/dev.hempking.eu\/pl\/","name":"Hemp King","description":"","publisher":{"@id":"https:\/\/dev.hempking.eu\/pl\/#organization"},"potentialAction":[{"@type":"SearchAction","target":{"@type":"EntryPoint","urlTemplate":"https:\/\/dev.hempking.eu\/pl\/?s={search_term_string}"},"query-input":{"@type":"PropertyValueSpecification","valueRequired":true,"valueName":"search_term_string"}}],"inLanguage":"pl-PL"},{"@type":"Organization","@id":"https:\/\/dev.hempking.eu\/pl\/#organization","name":"Hemp King","url":"https:\/\/dev.hempking.eu\/pl\/","logo":{"@type":"ImageObject","inLanguage":"pl-PL","@id":"https:\/\/dev.hempking.eu\/pl\/#\/schema\/logo\/image\/","url":"https:\/\/dev.hempking.eu\/pl\/wp-content\/uploads\/sites\/2\/2020\/05\/hempking.png","contentUrl":"https:\/\/dev.hempking.eu\/pl\/wp-content\/uploads\/sites\/2\/2020\/05\/hempking.png","width":148,"height":91,"caption":"Hemp King"},"image":{"@id":"https:\/\/dev.hempking.eu\/pl\/#\/schema\/logo\/image\/"},"sameAs":["https:\/\/www.facebook.com\/hempkingpoland","https:\/\/x.com\/hempkingeu","https:\/\/www.instagram.com\/hempkingeu\/","https:\/\/www.linkedin.com\/company\/hempking-eu\/mycompany\/","https:\/\/pl.pinterest.com\/hempkingeu\/","https:\/\/www.youtube.com\/channel\/UCUkeZA1fj4hSZfoYm0WpZ7w"]}]},"product_price_amount":"66.90","product_price_currency":"PLN","og_availability":"instock","product_availability":"instock","product_condition":"new"},"_links":{"self":[{"href":"https:\/\/dev.hempking.eu\/pl\/wp-json\/wp\/v2\/product\/100223","targetHints":{"allow":["GET"]}}],"collection":[{"href":"https:\/\/dev.hempking.eu\/pl\/wp-json\/wp\/v2\/product"}],"about":[{"href":"https:\/\/dev.hempking.eu\/pl\/wp-json\/wp\/v2\/types\/product"}],"wp:featuredmedia":[{"embeddable":true,"href":"https:\/\/dev.hempking.eu\/pl\/wp-json\/wp\/v2\/media\/100224"}],"wp:attachment":[{"href":"https:\/\/dev.hempking.eu\/pl\/wp-json\/wp\/v2\/media?parent=100223"}],"wp:term":[{"taxonomy":"product_cat","embeddable":true,"href":"https:\/\/dev.hempking.eu\/pl\/wp-json\/wp\/v2\/product_cat?post=100223"},{"taxonomy":"product_tag","embeddable":true,"href":"https:\/\/dev.hempking.eu\/pl\/wp-json\/wp\/v2\/product_tag?post=100223"}],"curies":[{"name":"wp","href":"https:\/\/api.w.org\/{rel}","templated":true}]}}