{"id":100226,"date":"2022-06-14T13:36:33","date_gmt":"2022-06-14T11:36:33","guid":{"rendered":"https:\/\/hempking.eu\/pl\/?post_type=product&#038;p=100226"},"modified":"2023-04-18T10:41:39","modified_gmt":"2023-04-18T08:41:39","slug":"ekstrakt-z-shiitake-400-mg-40-polisacharydow-30-beta-glukanow-kapsulki","status":"publish","type":"product","link":"https:\/\/dev.hempking.eu\/pl\/ekstrakt-z-shiitake-400-mg-40-polisacharydow-30-beta-glukanow-kapsulki\/","title":{"rendered":"Ekstrakt z Shiitake 400 mg - 40% polisacharyd\u00f3w, 30% beta-glukan\u00f3w - kapsu\u0142ki"},"content":{"rendered":"<h2>Grzyb Shiitake (Twardziak jadalny) &#8211; co to?<\/h2>\n<p><b>Grzyby Shiitake<\/b><span style=\"font-weight: 400;\"> to popularne w medycynie Dalekiego Wschodu grzyby, kt\u00f3re s\u0105 tam znane ju\u017c od stuleci i w pewnym momencie przyw\u0119drowa\u0142y r\u00f3wnie\u017c i do nas, do Europy. Z wygl\u0105du przypomina troch\u0119 pieczark\u0119, kt\u00f3r\u0105 ka\u017cdy z nas doskonale zna. Jednak to zupe\u0142nie inny grzyb, chocia\u017c tak\u017ce pochodzi z rz\u0119du pieczarkowc\u00f3w. Jego nazwa pochodzi od drzewa Shii, na kt\u00f3rym cz\u0119sto mo\u017cna go spotka\u0107 w Azji. Ma bardzo intensywny smak.\u00a0<\/span><\/p>\n<p><b>Shitake wspomaga<\/b><span style=\"font-weight: 400;\"> nasz\u0105 diet\u0119 dzi\u0119ki temu, \u017ce zawiera mn\u00f3stwo warto\u015bci od\u017cywczych, ale tak\u017ce polisacharydy i beta-glukany, kt\u00f3re s\u0105 po\u017c\u0105dane w tego typu produktach, a ich st\u0119\u017cenie wyznacza ich jako\u015b\u0107! Poznaj <\/span><b>Shiitake ekstrakt!<\/b><\/p>\n<h2>Zastosowanie Shiitake w kapsu\u0142kach<\/h2>\n<p><b>Shiitake w kapsu\u0142kach<\/b><span style=\"font-weight: 400;\"> to wygoda suplementacji! Wega\u0144skie kapsu\u0142ki zawieraj\u0105ce <\/span><b>ekstrakt z Shiitake<\/b><span style=\"font-weight: 400;\"> sprawiaj\u0105, \u017ce mo\u017cesz mie\u0107 te grzyby zawsze przy sobie. Niezale\u017cnie od tego, czy chcesz je spo\u017cywa\u0107 w domu czy w pracy lub na wyje\u017adzie, masz pewno\u015b\u0107 \u017ce zawsze spo\u017cywasz <\/span><b>grzyby Shiitake<\/b><span style=\"font-weight: 400;\"> w dok\u0142adnie odmierzonej, takiej samej porcji.\u00a0<\/span><\/p>\n<p><a href=\"https:\/\/dev.hempking.eu\/pl\/wp-content\/uploads\/sites\/2\/2020\/07\/warunki4.jpg\"><img loading=\"lazy\" decoding=\"async\" class=\"alignnone wp-image-101812 size-full\" src=\"https:\/\/dev.hempking.eu\/pl\/wp-content\/uploads\/sites\/2\/2020\/07\/warunki4.jpg\" alt=\"o\u015bwiadczenia w UE\" width=\"755\" height=\"353\" srcset=\"https:\/\/dev.hempking.eu\/pl\/wp-content\/uploads\/sites\/2\/2020\/07\/warunki4.jpg 755w, https:\/\/dev.hempking.eu\/pl\/wp-content\/uploads\/sites\/2\/2020\/07\/warunki4-640x299.jpg 640w, https:\/\/dev.hempking.eu\/pl\/wp-content\/uploads\/sites\/2\/2020\/07\/warunki4-400x187.jpg 400w\" sizes=\"auto, (max-width: 755px) 100vw, 755px\" \/><\/a><\/p>\n<p><a href=\"https:\/\/dev.hempking.eu\/pl\/wp-content\/uploads\/sites\/2\/2022\/01\/warunki2.jpg\"><img loading=\"lazy\" decoding=\"async\" class=\"alignnone size-full wp-image-85647\" src=\"https:\/\/dev.hempking.eu\/pl\/wp-content\/uploads\/sites\/2\/2022\/01\/warunki2.jpg\" alt=\"warunki przechowywania produkt\u00f3w konopnych HempKing\" width=\"755\" height=\"307\" srcset=\"https:\/\/dev.hempking.eu\/pl\/wp-content\/uploads\/sites\/2\/2022\/01\/warunki2.jpg 755w, https:\/\/dev.hempking.eu\/pl\/wp-content\/uploads\/sites\/2\/2022\/01\/warunki2-640x260.jpg 640w, https:\/\/dev.hempking.eu\/pl\/wp-content\/uploads\/sites\/2\/2022\/01\/warunki2-400x163.jpg 400w, https:\/\/dev.hempking.eu\/pl\/wp-content\/uploads\/sites\/2\/2022\/01\/warunki2-600x244.jpg 600w\" sizes=\"auto, (max-width: 755px) 100vw, 755px\" \/><\/a><\/p>\n<p>&nbsp;<\/p>\n","protected":false},"excerpt":{"rendered":"<h2><strong>Grzyby Shiitake:<\/strong><\/h2>\n<ul>\n<li>wyprodukowane z owocnik\u00f3w grzyb\u00f3w,<\/li>\n<li>posiadaj\u0105 DER 25:1,<\/li>\n<li>wystarczaj\u0105 na 3 miesi\u0105ce suplementacji,<\/li>\n<li>100% naturalny produkt,<\/li>\n<li>odpowiednie dla wegan i wegetarian,<\/li>\n<li>zawieraj\u0105 ekstrakt z pieprzu czarnego\u00a0BioPerine\u00ae.<\/li>\n<\/ul>\n<p><strong>Opakowanie: 90 kapsu\u0142ek<\/strong><\/p>\n","protected":false},"featured_media":100227,"template":"","meta":{"_acf_changed":false},"product_cat":[128],"product_tag":[],"class_list":{"0":"post-100226","1":"product","2":"type-product","3":"status-publish","4":"has-post-thumbnail","6":"product_cat-grzyby-witalne","8":"first","9":"instock","10":"shipping-taxable","11":"purchasable","12":"product-type-simple"},"acf":[],"yoast_head":"<!-- This site is optimized with the Yoast SEO Premium plugin v23.4 (Yoast SEO v24.0) - https:\/\/yoast.com\/wordpress\/plugins\/seo\/ -->\n<title>Shiitake 400 mg 90 kapsu\u0142ek Biowen - 1,5 miesi\u0105ca stosowania<\/title>\n<meta name=\"description\" content=\"Zobacz \u261b Shiitake 400 mg 90 kapsu\u0142ek Biowen w konopnym sklepie HempKing \u2705100% naturalne \u2705 Zadbaj z nami o swoj\u0105 diet\u0119!\" \/>\n<link rel=\"canonical\" href=\"https:\/\/dev.hempking.eu\/pl\/ekstrakt-z-shiitake-400-mg-40-polisacharydow-30-beta-glukanow-kapsulki\/\" \/>\n<meta property=\"og:locale\" content=\"pl_PL\" \/>\n<meta property=\"og:type\" content=\"article\" \/>\n<meta property=\"og:title\" content=\"Ekstrakt z Shiitake 400 mg - 40% polisacharyd\u00f3w, 30% beta-glukan\u00f3w - kapsu\u0142ki\" \/>\n<meta property=\"og:description\" content=\"Zobacz \u261b Shiitake 400 mg 90 kapsu\u0142ek Biowen w konopnym sklepie HempKing \u2705100% naturalne \u2705 Zadbaj z nami o swoj\u0105 diet\u0119!\" \/>\n<meta property=\"og:url\" content=\"https:\/\/dev.hempking.eu\/pl\/ekstrakt-z-shiitake-400-mg-40-polisacharydow-30-beta-glukanow-kapsulki\/\" \/>\n<meta property=\"og:site_name\" content=\"Hemp King\" \/>\n<meta property=\"article:publisher\" content=\"https:\/\/www.facebook.com\/hempkingpoland\" \/>\n<meta property=\"article:modified_time\" content=\"2023-04-18T08:41:39+00:00\" \/>\n<meta property=\"og:image\" content=\"https:\/\/dev.hempking.eu\/pl\/wp-content\/uploads\/sites\/2\/2022\/06\/shiitake.jpg\" \/>\n\t<meta property=\"og:image:width\" content=\"1000\" \/>\n\t<meta property=\"og:image:height\" content=\"1000\" \/>\n\t<meta property=\"og:image:type\" content=\"image\/jpeg\" \/>\n<meta name=\"twitter:card\" content=\"summary_large_image\" \/>\n<meta name=\"twitter:site\" content=\"@hempkingeu\" \/>\n<meta name=\"twitter:label1\" content=\"Price\" \/>\n\t<meta name=\"twitter:data1\" content=\"66.90&nbsp;&#122;&#322;\" \/>\n\t<meta name=\"twitter:label2\" content=\"Availability\" \/>\n\t<meta name=\"twitter:data2\" content=\"In stock\" \/>\n<script type=\"application\/ld+json\" class=\"yoast-schema-graph\">{\"@context\":\"https:\/\/schema.org\",\"@graph\":[{\"@type\":\"WebPage\",\"@id\":\"https:\/\/dev.hempking.eu\/pl\/ekstrakt-z-shiitake-400-mg-40-polisacharydow-30-beta-glukanow-kapsulki\/\",\"url\":\"https:\/\/dev.hempking.eu\/pl\/ekstrakt-z-shiitake-400-mg-40-polisacharydow-30-beta-glukanow-kapsulki\/\",\"name\":\"Shiitake 400 mg 90 kapsu\u0142ek Biowen - 1,5 miesi\u0105ca stosowania\",\"isPartOf\":{\"@id\":\"https:\/\/dev.hempking.eu\/pl\/#website\"},\"primaryImageOfPage\":{\"@id\":\"https:\/\/dev.hempking.eu\/pl\/ekstrakt-z-shiitake-400-mg-40-polisacharydow-30-beta-glukanow-kapsulki\/#primaryimage\"},\"image\":{\"@id\":\"https:\/\/dev.hempking.eu\/pl\/ekstrakt-z-shiitake-400-mg-40-polisacharydow-30-beta-glukanow-kapsulki\/#primaryimage\"},\"thumbnailUrl\":\"https:\/\/dev.hempking.eu\/pl\/wp-content\/uploads\/sites\/2\/2022\/06\/shiitake.jpg\",\"datePublished\":\"2022-06-14T11:36:33+00:00\",\"dateModified\":\"2023-04-18T08:41:39+00:00\",\"description\":\"Zobacz \u261b Shiitake 400 mg 90 kapsu\u0142ek Biowen w konopnym sklepie HempKing \u2705100% naturalne \u2705 Zadbaj z nami o swoj\u0105 diet\u0119!\",\"breadcrumb\":{\"@id\":\"https:\/\/dev.hempking.eu\/pl\/ekstrakt-z-shiitake-400-mg-40-polisacharydow-30-beta-glukanow-kapsulki\/#breadcrumb\"},\"inLanguage\":\"pl-PL\",\"potentialAction\":[{\"@type\":\"ReadAction\",\"target\":[\"https:\/\/dev.hempking.eu\/pl\/ekstrakt-z-shiitake-400-mg-40-polisacharydow-30-beta-glukanow-kapsulki\/\"]}]},{\"@type\":\"ImageObject\",\"inLanguage\":\"pl-PL\",\"@id\":\"https:\/\/dev.hempking.eu\/pl\/ekstrakt-z-shiitake-400-mg-40-polisacharydow-30-beta-glukanow-kapsulki\/#primaryimage\",\"url\":\"https:\/\/dev.hempking.eu\/pl\/wp-content\/uploads\/sites\/2\/2022\/06\/shiitake.jpg\",\"contentUrl\":\"https:\/\/dev.hempking.eu\/pl\/wp-content\/uploads\/sites\/2\/2022\/06\/shiitake.jpg\",\"width\":1000,\"height\":1000,\"caption\":\"shiitake\"},{\"@type\":\"BreadcrumbList\",\"@id\":\"https:\/\/dev.hempking.eu\/pl\/ekstrakt-z-shiitake-400-mg-40-polisacharydow-30-beta-glukanow-kapsulki\/#breadcrumb\",\"itemListElement\":[{\"@type\":\"ListItem\",\"position\":1,\"name\":\"Home\",\"item\":\"https:\/\/dev.hempking.eu\/pl\/\"},{\"@type\":\"ListItem\",\"position\":2,\"name\":\"Sklep\",\"item\":\"https:\/\/dev.hempking.eu\/pl\/shop\/\"},{\"@type\":\"ListItem\",\"position\":3,\"name\":\"Suplementy\",\"item\":\"https:\/\/dev.hempking.eu\/pl\/suplementy\/\"},{\"@type\":\"ListItem\",\"position\":4,\"name\":\"Grzyby witalne\",\"item\":\"https:\/\/dev.hempking.eu\/pl\/grzyby-witalne\/\"},{\"@type\":\"ListItem\",\"position\":5,\"name\":\"Ekstrakt z Shiitake 400 mg - 40% polisacharyd\u00f3w, 30% beta-glukan\u00f3w - kapsu\u0142ki\"}]},{\"@type\":\"WebSite\",\"@id\":\"https:\/\/dev.hempking.eu\/pl\/#website\",\"url\":\"https:\/\/dev.hempking.eu\/pl\/\",\"name\":\"Hemp King\",\"description\":\"\",\"publisher\":{\"@id\":\"https:\/\/dev.hempking.eu\/pl\/#organization\"},\"potentialAction\":[{\"@type\":\"SearchAction\",\"target\":{\"@type\":\"EntryPoint\",\"urlTemplate\":\"https:\/\/dev.hempking.eu\/pl\/?s={search_term_string}\"},\"query-input\":{\"@type\":\"PropertyValueSpecification\",\"valueRequired\":true,\"valueName\":\"search_term_string\"}}],\"inLanguage\":\"pl-PL\"},{\"@type\":\"Organization\",\"@id\":\"https:\/\/dev.hempking.eu\/pl\/#organization\",\"name\":\"Hemp King\",\"url\":\"https:\/\/dev.hempking.eu\/pl\/\",\"logo\":{\"@type\":\"ImageObject\",\"inLanguage\":\"pl-PL\",\"@id\":\"https:\/\/dev.hempking.eu\/pl\/#\/schema\/logo\/image\/\",\"url\":\"https:\/\/dev.hempking.eu\/pl\/wp-content\/uploads\/sites\/2\/2020\/05\/hempking.png\",\"contentUrl\":\"https:\/\/dev.hempking.eu\/pl\/wp-content\/uploads\/sites\/2\/2020\/05\/hempking.png\",\"width\":148,\"height\":91,\"caption\":\"Hemp King\"},\"image\":{\"@id\":\"https:\/\/dev.hempking.eu\/pl\/#\/schema\/logo\/image\/\"},\"sameAs\":[\"https:\/\/www.facebook.com\/hempkingpoland\",\"https:\/\/x.com\/hempkingeu\",\"https:\/\/www.instagram.com\/hempkingeu\/\",\"https:\/\/www.linkedin.com\/company\/hempking-eu\/mycompany\/\",\"https:\/\/pl.pinterest.com\/hempkingeu\/\",\"https:\/\/www.youtube.com\/channel\/UCUkeZA1fj4hSZfoYm0WpZ7w\"]}]}<\/script>\n<meta property=\"product:price:amount\" content=\"66.90\" \/>\n<meta property=\"product:price:currency\" content=\"PLN\" \/>\n<meta property=\"og:availability\" content=\"instock\" \/>\n<meta property=\"product:availability\" content=\"instock\" \/>\n<meta property=\"product:condition\" content=\"new\" \/>\n<!-- \/ Yoast SEO Premium plugin. -->","yoast_head_json":{"title":"Shiitake 400 mg 90 kapsu\u0142ek Biowen - 1,5 miesi\u0105ca stosowania","description":"Zobacz \u261b Shiitake 400 mg 90 kapsu\u0142ek Biowen w konopnym sklepie HempKing \u2705100% naturalne \u2705 Zadbaj z nami o swoj\u0105 diet\u0119!","canonical":"https:\/\/dev.hempking.eu\/pl\/ekstrakt-z-shiitake-400-mg-40-polisacharydow-30-beta-glukanow-kapsulki\/","og_locale":"pl_PL","og_type":"article","og_title":"Ekstrakt z Shiitake 400 mg - 40% polisacharyd\u00f3w, 30% beta-glukan\u00f3w - kapsu\u0142ki","og_description":"Zobacz \u261b Shiitake 400 mg 90 kapsu\u0142ek Biowen w konopnym sklepie HempKing \u2705100% naturalne \u2705 Zadbaj z nami o swoj\u0105 diet\u0119!","og_url":"https:\/\/dev.hempking.eu\/pl\/ekstrakt-z-shiitake-400-mg-40-polisacharydow-30-beta-glukanow-kapsulki\/","og_site_name":"Hemp King","article_publisher":"https:\/\/www.facebook.com\/hempkingpoland","article_modified_time":"2023-04-18T08:41:39+00:00","og_image":[{"width":1000,"height":1000,"url":"https:\/\/dev.hempking.eu\/pl\/wp-content\/uploads\/sites\/2\/2022\/06\/shiitake.jpg","type":"image\/jpeg"}],"twitter_card":"summary_large_image","twitter_site":"@hempkingeu","twitter_misc":{"Price":"66.90&nbsp;&#122;&#322;","Availability":"In stock"},"schema":{"@context":"https:\/\/schema.org","@graph":[{"@type":"WebPage","@id":"https:\/\/dev.hempking.eu\/pl\/ekstrakt-z-shiitake-400-mg-40-polisacharydow-30-beta-glukanow-kapsulki\/","url":"https:\/\/dev.hempking.eu\/pl\/ekstrakt-z-shiitake-400-mg-40-polisacharydow-30-beta-glukanow-kapsulki\/","name":"Shiitake 400 mg 90 kapsu\u0142ek Biowen - 1,5 miesi\u0105ca stosowania","isPartOf":{"@id":"https:\/\/dev.hempking.eu\/pl\/#website"},"primaryImageOfPage":{"@id":"https:\/\/dev.hempking.eu\/pl\/ekstrakt-z-shiitake-400-mg-40-polisacharydow-30-beta-glukanow-kapsulki\/#primaryimage"},"image":{"@id":"https:\/\/dev.hempking.eu\/pl\/ekstrakt-z-shiitake-400-mg-40-polisacharydow-30-beta-glukanow-kapsulki\/#primaryimage"},"thumbnailUrl":"https:\/\/dev.hempking.eu\/pl\/wp-content\/uploads\/sites\/2\/2022\/06\/shiitake.jpg","datePublished":"2022-06-14T11:36:33+00:00","dateModified":"2023-04-18T08:41:39+00:00","description":"Zobacz \u261b Shiitake 400 mg 90 kapsu\u0142ek Biowen w konopnym sklepie HempKing \u2705100% naturalne \u2705 Zadbaj z nami o swoj\u0105 diet\u0119!","breadcrumb":{"@id":"https:\/\/dev.hempking.eu\/pl\/ekstrakt-z-shiitake-400-mg-40-polisacharydow-30-beta-glukanow-kapsulki\/#breadcrumb"},"inLanguage":"pl-PL","potentialAction":[{"@type":"ReadAction","target":["https:\/\/dev.hempking.eu\/pl\/ekstrakt-z-shiitake-400-mg-40-polisacharydow-30-beta-glukanow-kapsulki\/"]}]},{"@type":"ImageObject","inLanguage":"pl-PL","@id":"https:\/\/dev.hempking.eu\/pl\/ekstrakt-z-shiitake-400-mg-40-polisacharydow-30-beta-glukanow-kapsulki\/#primaryimage","url":"https:\/\/dev.hempking.eu\/pl\/wp-content\/uploads\/sites\/2\/2022\/06\/shiitake.jpg","contentUrl":"https:\/\/dev.hempking.eu\/pl\/wp-content\/uploads\/sites\/2\/2022\/06\/shiitake.jpg","width":1000,"height":1000,"caption":"shiitake"},{"@type":"BreadcrumbList","@id":"https:\/\/dev.hempking.eu\/pl\/ekstrakt-z-shiitake-400-mg-40-polisacharydow-30-beta-glukanow-kapsulki\/#breadcrumb","itemListElement":[{"@type":"ListItem","position":1,"name":"Home","item":"https:\/\/dev.hempking.eu\/pl\/"},{"@type":"ListItem","position":2,"name":"Sklep","item":"https:\/\/dev.hempking.eu\/pl\/shop\/"},{"@type":"ListItem","position":3,"name":"Suplementy","item":"https:\/\/dev.hempking.eu\/pl\/suplementy\/"},{"@type":"ListItem","position":4,"name":"Grzyby witalne","item":"https:\/\/dev.hempking.eu\/pl\/grzyby-witalne\/"},{"@type":"ListItem","position":5,"name":"Ekstrakt z Shiitake 400 mg - 40% polisacharyd\u00f3w, 30% beta-glukan\u00f3w - kapsu\u0142ki"}]},{"@type":"WebSite","@id":"https:\/\/dev.hempking.eu\/pl\/#website","url":"https:\/\/dev.hempking.eu\/pl\/","name":"Hemp King","description":"","publisher":{"@id":"https:\/\/dev.hempking.eu\/pl\/#organization"},"potentialAction":[{"@type":"SearchAction","target":{"@type":"EntryPoint","urlTemplate":"https:\/\/dev.hempking.eu\/pl\/?s={search_term_string}"},"query-input":{"@type":"PropertyValueSpecification","valueRequired":true,"valueName":"search_term_string"}}],"inLanguage":"pl-PL"},{"@type":"Organization","@id":"https:\/\/dev.hempking.eu\/pl\/#organization","name":"Hemp King","url":"https:\/\/dev.hempking.eu\/pl\/","logo":{"@type":"ImageObject","inLanguage":"pl-PL","@id":"https:\/\/dev.hempking.eu\/pl\/#\/schema\/logo\/image\/","url":"https:\/\/dev.hempking.eu\/pl\/wp-content\/uploads\/sites\/2\/2020\/05\/hempking.png","contentUrl":"https:\/\/dev.hempking.eu\/pl\/wp-content\/uploads\/sites\/2\/2020\/05\/hempking.png","width":148,"height":91,"caption":"Hemp King"},"image":{"@id":"https:\/\/dev.hempking.eu\/pl\/#\/schema\/logo\/image\/"},"sameAs":["https:\/\/www.facebook.com\/hempkingpoland","https:\/\/x.com\/hempkingeu","https:\/\/www.instagram.com\/hempkingeu\/","https:\/\/www.linkedin.com\/company\/hempking-eu\/mycompany\/","https:\/\/pl.pinterest.com\/hempkingeu\/","https:\/\/www.youtube.com\/channel\/UCUkeZA1fj4hSZfoYm0WpZ7w"]}]},"product_price_amount":"66.90","product_price_currency":"PLN","og_availability":"instock","product_availability":"instock","product_condition":"new"},"_links":{"self":[{"href":"https:\/\/dev.hempking.eu\/pl\/wp-json\/wp\/v2\/product\/100226","targetHints":{"allow":["GET"]}}],"collection":[{"href":"https:\/\/dev.hempking.eu\/pl\/wp-json\/wp\/v2\/product"}],"about":[{"href":"https:\/\/dev.hempking.eu\/pl\/wp-json\/wp\/v2\/types\/product"}],"wp:featuredmedia":[{"embeddable":true,"href":"https:\/\/dev.hempking.eu\/pl\/wp-json\/wp\/v2\/media\/100227"}],"wp:attachment":[{"href":"https:\/\/dev.hempking.eu\/pl\/wp-json\/wp\/v2\/media?parent=100226"}],"wp:term":[{"taxonomy":"product_cat","embeddable":true,"href":"https:\/\/dev.hempking.eu\/pl\/wp-json\/wp\/v2\/product_cat?post=100226"},{"taxonomy":"product_tag","embeddable":true,"href":"https:\/\/dev.hempking.eu\/pl\/wp-json\/wp\/v2\/product_tag?post=100226"}],"curies":[{"name":"wp","href":"https:\/\/api.w.org\/{rel}","templated":true}]}}