{"id":100232,"date":"2022-06-14T13:48:07","date_gmt":"2022-06-14T11:48:07","guid":{"rendered":"https:\/\/hempking.eu\/pl\/?post_type=product&#038;p=100232"},"modified":"2023-05-22T11:42:36","modified_gmt":"2023-05-22T09:42:36","slug":"lions-mane-400-mg-40-polisacharydow-30-beta-glukanow-kapsulki","status":"publish","type":"product","link":"https:\/\/dev.hempking.eu\/pl\/lions-mane-400-mg-40-polisacharydow-30-beta-glukanow-kapsulki\/","title":{"rendered":"Lion\u2019s Mane 400 mg - 40% polisacharyd\u00f3w, 30% beta-glukan\u00f3w - kapsu\u0142ki"},"content":{"rendered":"<h2>Lion\u2019s Mane &#8211; Sopl\u00f3wka je\u017cowata &#8211; suplement Biowen w kapsu\u0142kach<\/h2>\n<p><b>Lion\u2019s Mane<\/b><span style=\"font-weight: 400\"> mo\u017cna przet\u0142umaczy\u0107 jako grzywa lwa. Dlaczego <\/span><b>sopl\u00f3wka je\u017cowata<\/b><span style=\"font-weight: 400\"> ma tak\u0105 nazw\u0119? Bo naprawd\u0119 wygl\u0105da jakby by\u0142a pi\u0119kn\u0105, g\u0119st\u0105 lwi\u0105 grzyw\u0105! Zamkn\u0119li\u015bmy fantastycznie wygl\u0105daj\u0105cy grzyb <\/span><b>Lion\u2019s Mane w kapsu\u0142kach<\/b><span style=\"font-weight: 400\">, kt\u00f3re s\u0105 wykonane z wega\u0144skich sk\u0142adnik\u00f3w. Dzi\u0119ki temu <\/span><b>sopl\u00f3wka je\u017cowata w kapsu\u0142kach<\/b><span style=\"font-weight: 400\"> mo\u017ce towarzyszy\u0107 Ci na co dzie\u0144, a jej stosowanie b\u0119dzie dla Ciebie wygodne. Niezale\u017cnie od tego czy jeste\u015b w domu, w pracy, na uczelni czy mo\u017ce na wyje\u017adzie, <\/span><b>Lion\u2019s Mane<\/b><span style=\"font-weight: 400\"> mo\u017cesz mie\u0107 zawsze ze sob\u0105!<\/span><\/p>\n<p><strong>To ekstrakt, kt\u00f3ry powsta\u0142 z owocnik\u00f3w grzyb\u00f3w Lion&#8217;s Mane!<\/strong><\/p>\n<p>&nbsp;<\/p>\n<h2>Zastosowanie Lion\u2019s Mane<\/h2>\n<p><span style=\"font-weight: 400\">Stosowanie <\/span><b>Lion\u2019s Mane<\/b><span style=\"font-weight: 400\"> jest niezwykle proste, poniewa\u017c s\u0105 w formie kapsu\u0142ek. Dzienn\u0105 porcj\u0119 wystarczy spo\u017cy\u0107 wraz z posi\u0142kiem, popijaj\u0105c wod\u0105. Nie trzeba odmierza\u0107 ka\u017cdej porcji! Mo\u017cesz mie\u0107 pewno\u015b\u0107, \u017ce w ka\u017cdej wega\u0144skiej kapsu\u0142ce znajduje si\u0119 dok\u0142adnie tyle produktu, ile nale\u017cy dziennie spo\u017cy\u0107!<\/span><\/p>\n<p><a href=\"https:\/\/dev.hempking.eu\/pl\/wp-content\/uploads\/sites\/2\/2020\/07\/warunki4.jpg\"><img loading=\"lazy\" decoding=\"async\" class=\"alignnone wp-image-101812 size-full\" src=\"https:\/\/dev.hempking.eu\/pl\/wp-content\/uploads\/sites\/2\/2020\/07\/warunki4.jpg\" alt=\"o\u015bwiadczenia w UE\" width=\"755\" height=\"353\" srcset=\"https:\/\/dev.hempking.eu\/pl\/wp-content\/uploads\/sites\/2\/2020\/07\/warunki4.jpg 755w, https:\/\/dev.hempking.eu\/pl\/wp-content\/uploads\/sites\/2\/2020\/07\/warunki4-640x299.jpg 640w, https:\/\/dev.hempking.eu\/pl\/wp-content\/uploads\/sites\/2\/2020\/07\/warunki4-400x187.jpg 400w\" sizes=\"auto, (max-width: 755px) 100vw, 755px\" \/><\/a><\/p>\n<p><a href=\"https:\/\/dev.hempking.eu\/pl\/wp-content\/uploads\/sites\/2\/2022\/01\/warunki2.jpg\"><img loading=\"lazy\" decoding=\"async\" class=\"alignnone size-full wp-image-85647\" src=\"https:\/\/dev.hempking.eu\/pl\/wp-content\/uploads\/sites\/2\/2022\/01\/warunki2.jpg\" alt=\"warunki przechowywania produkt\u00f3w konopnych HempKing\" width=\"755\" height=\"307\" srcset=\"https:\/\/dev.hempking.eu\/pl\/wp-content\/uploads\/sites\/2\/2022\/01\/warunki2.jpg 755w, https:\/\/dev.hempking.eu\/pl\/wp-content\/uploads\/sites\/2\/2022\/01\/warunki2-640x260.jpg 640w, https:\/\/dev.hempking.eu\/pl\/wp-content\/uploads\/sites\/2\/2022\/01\/warunki2-400x163.jpg 400w, https:\/\/dev.hempking.eu\/pl\/wp-content\/uploads\/sites\/2\/2022\/01\/warunki2-600x244.jpg 600w\" sizes=\"auto, (max-width: 755px) 100vw, 755px\" \/><\/a><\/p>\n","protected":false},"excerpt":{"rendered":"<h2><strong>Grzyby Lion&#8217;s Mane:<\/strong><\/h2>\n<ul>\n<li>suplement powsta\u0142 z owocnik\u00f3w,<\/li>\n<li>DER 25:1,<\/li>\n<li>opakowanie wystarcza na 3 miesi\u0105ce,<\/li>\n<li>u\u017cyte kapsu\u0142ki s\u0105 wega\u0144skie,<\/li>\n<li>produkt jest naturalny,<\/li>\n<li>dodatek ekstraktu <span style=\"font-weight: 400\">BioPerine\u00ae.<\/span><\/li>\n<\/ul>\n<p><strong>Opakowanie: 90 kapsu\u0142ek<\/strong><\/p>\n","protected":false},"featured_media":100233,"template":"","meta":{"_acf_changed":false},"product_cat":[128,36],"product_tag":[],"class_list":{"0":"post-100232","1":"product","2":"type-product","3":"status-publish","4":"has-post-thumbnail","6":"product_cat-grzyby-witalne","7":"product_cat-bestsellery","9":"first","10":"outofstock","11":"shipping-taxable","12":"purchasable","13":"product-type-simple"},"acf":[],"yoast_head":"<!-- This site is optimized with the Yoast SEO Premium plugin v23.4 (Yoast SEO v24.0) - https:\/\/yoast.com\/wordpress\/plugins\/seo\/ -->\n<title>Lion&#039;s Mane 400 mg Biowen - 90 dni stosowania - Der: 25:1<\/title>\n<meta name=\"description\" content=\"Zobacz \u261b Lion\u2019s Mane 400 mg - 40% polisacharyd\u00f3w, 30% beta-glukan\u00f3w - kapsu\u0142ki w konopnym sklepie HempKing \u2705100% naturalne \u2705 Zadbaj z nami o swoj\u0105 diet\u0119!\" \/>\n<link rel=\"canonical\" href=\"https:\/\/dev.hempking.eu\/pl\/lions-mane-400-mg-40-polisacharydow-30-beta-glukanow-kapsulki\/\" \/>\n<meta property=\"og:locale\" content=\"pl_PL\" \/>\n<meta property=\"og:type\" content=\"article\" \/>\n<meta property=\"og:title\" content=\"Lion\u2019s Mane 400 mg - 40% polisacharyd\u00f3w, 30% beta-glukan\u00f3w - kapsu\u0142ki\" \/>\n<meta property=\"og:description\" content=\"Zobacz \u261b Lion\u2019s Mane 400 mg - 40% polisacharyd\u00f3w, 30% beta-glukan\u00f3w - kapsu\u0142ki w konopnym sklepie HempKing \u2705100% naturalne \u2705 Zadbaj z nami o swoj\u0105 diet\u0119!\" \/>\n<meta property=\"og:url\" content=\"https:\/\/dev.hempking.eu\/pl\/lions-mane-400-mg-40-polisacharydow-30-beta-glukanow-kapsulki\/\" \/>\n<meta property=\"og:site_name\" content=\"Hemp King\" \/>\n<meta property=\"article:publisher\" content=\"https:\/\/www.facebook.com\/hempkingpoland\" \/>\n<meta property=\"article:modified_time\" content=\"2023-05-22T09:42:36+00:00\" \/>\n<meta property=\"og:image\" content=\"https:\/\/dev.hempking.eu\/pl\/wp-content\/uploads\/sites\/2\/2022\/06\/lions-mane.jpg\" \/>\n\t<meta property=\"og:image:width\" content=\"1000\" \/>\n\t<meta property=\"og:image:height\" content=\"1000\" \/>\n\t<meta property=\"og:image:type\" content=\"image\/jpeg\" \/>\n<meta name=\"twitter:card\" content=\"summary_large_image\" \/>\n<meta name=\"twitter:site\" content=\"@hempkingeu\" \/>\n<meta name=\"twitter:label1\" content=\"Price\" \/>\n\t<meta name=\"twitter:data1\" content=\"66.90&nbsp;&#122;&#322;\" \/>\n\t<meta name=\"twitter:label2\" content=\"Availability\" \/>\n\t<meta name=\"twitter:data2\" content=\"Out of stock\" \/>\n<script type=\"application\/ld+json\" class=\"yoast-schema-graph\">{\"@context\":\"https:\/\/schema.org\",\"@graph\":[{\"@type\":\"WebPage\",\"@id\":\"https:\/\/dev.hempking.eu\/pl\/lions-mane-400-mg-40-polisacharydow-30-beta-glukanow-kapsulki\/\",\"url\":\"https:\/\/dev.hempking.eu\/pl\/lions-mane-400-mg-40-polisacharydow-30-beta-glukanow-kapsulki\/\",\"name\":\"Lion's Mane 400 mg Biowen - 90 dni stosowania - Der: 25:1\",\"isPartOf\":{\"@id\":\"https:\/\/dev.hempking.eu\/pl\/#website\"},\"primaryImageOfPage\":{\"@id\":\"https:\/\/dev.hempking.eu\/pl\/lions-mane-400-mg-40-polisacharydow-30-beta-glukanow-kapsulki\/#primaryimage\"},\"image\":{\"@id\":\"https:\/\/dev.hempking.eu\/pl\/lions-mane-400-mg-40-polisacharydow-30-beta-glukanow-kapsulki\/#primaryimage\"},\"thumbnailUrl\":\"https:\/\/dev.hempking.eu\/pl\/wp-content\/uploads\/sites\/2\/2022\/06\/lions-mane.jpg\",\"datePublished\":\"2022-06-14T11:48:07+00:00\",\"dateModified\":\"2023-05-22T09:42:36+00:00\",\"description\":\"Zobacz \u261b Lion\u2019s Mane 400 mg - 40% polisacharyd\u00f3w, 30% beta-glukan\u00f3w - kapsu\u0142ki w konopnym sklepie HempKing \u2705100% naturalne \u2705 Zadbaj z nami o swoj\u0105 diet\u0119!\",\"breadcrumb\":{\"@id\":\"https:\/\/dev.hempking.eu\/pl\/lions-mane-400-mg-40-polisacharydow-30-beta-glukanow-kapsulki\/#breadcrumb\"},\"inLanguage\":\"pl-PL\",\"potentialAction\":[{\"@type\":\"ReadAction\",\"target\":[\"https:\/\/dev.hempking.eu\/pl\/lions-mane-400-mg-40-polisacharydow-30-beta-glukanow-kapsulki\/\"]}]},{\"@type\":\"ImageObject\",\"inLanguage\":\"pl-PL\",\"@id\":\"https:\/\/dev.hempking.eu\/pl\/lions-mane-400-mg-40-polisacharydow-30-beta-glukanow-kapsulki\/#primaryimage\",\"url\":\"https:\/\/dev.hempking.eu\/pl\/wp-content\/uploads\/sites\/2\/2022\/06\/lions-mane.jpg\",\"contentUrl\":\"https:\/\/dev.hempking.eu\/pl\/wp-content\/uploads\/sites\/2\/2022\/06\/lions-mane.jpg\",\"width\":1000,\"height\":1000,\"caption\":\"lion's mane\"},{\"@type\":\"BreadcrumbList\",\"@id\":\"https:\/\/dev.hempking.eu\/pl\/lions-mane-400-mg-40-polisacharydow-30-beta-glukanow-kapsulki\/#breadcrumb\",\"itemListElement\":[{\"@type\":\"ListItem\",\"position\":1,\"name\":\"Home\",\"item\":\"https:\/\/dev.hempking.eu\/pl\/\"},{\"@type\":\"ListItem\",\"position\":2,\"name\":\"Sklep\",\"item\":\"https:\/\/dev.hempking.eu\/pl\/shop\/\"},{\"@type\":\"ListItem\",\"position\":3,\"name\":\"Suplementy\",\"item\":\"https:\/\/dev.hempking.eu\/pl\/suplementy\/\"},{\"@type\":\"ListItem\",\"position\":4,\"name\":\"Grzyby witalne\",\"item\":\"https:\/\/dev.hempking.eu\/pl\/grzyby-witalne\/\"},{\"@type\":\"ListItem\",\"position\":5,\"name\":\"Lion\u2019s Mane 400 mg - 40% polisacharyd\u00f3w, 30% beta-glukan\u00f3w - kapsu\u0142ki\"}]},{\"@type\":\"WebSite\",\"@id\":\"https:\/\/dev.hempking.eu\/pl\/#website\",\"url\":\"https:\/\/dev.hempking.eu\/pl\/\",\"name\":\"Hemp King\",\"description\":\"\",\"publisher\":{\"@id\":\"https:\/\/dev.hempking.eu\/pl\/#organization\"},\"potentialAction\":[{\"@type\":\"SearchAction\",\"target\":{\"@type\":\"EntryPoint\",\"urlTemplate\":\"https:\/\/dev.hempking.eu\/pl\/?s={search_term_string}\"},\"query-input\":{\"@type\":\"PropertyValueSpecification\",\"valueRequired\":true,\"valueName\":\"search_term_string\"}}],\"inLanguage\":\"pl-PL\"},{\"@type\":\"Organization\",\"@id\":\"https:\/\/dev.hempking.eu\/pl\/#organization\",\"name\":\"Hemp King\",\"url\":\"https:\/\/dev.hempking.eu\/pl\/\",\"logo\":{\"@type\":\"ImageObject\",\"inLanguage\":\"pl-PL\",\"@id\":\"https:\/\/dev.hempking.eu\/pl\/#\/schema\/logo\/image\/\",\"url\":\"https:\/\/dev.hempking.eu\/pl\/wp-content\/uploads\/sites\/2\/2020\/05\/hempking.png\",\"contentUrl\":\"https:\/\/dev.hempking.eu\/pl\/wp-content\/uploads\/sites\/2\/2020\/05\/hempking.png\",\"width\":148,\"height\":91,\"caption\":\"Hemp King\"},\"image\":{\"@id\":\"https:\/\/dev.hempking.eu\/pl\/#\/schema\/logo\/image\/\"},\"sameAs\":[\"https:\/\/www.facebook.com\/hempkingpoland\",\"https:\/\/x.com\/hempkingeu\",\"https:\/\/www.instagram.com\/hempkingeu\/\",\"https:\/\/www.linkedin.com\/company\/hempking-eu\/mycompany\/\",\"https:\/\/pl.pinterest.com\/hempkingeu\/\",\"https:\/\/www.youtube.com\/channel\/UCUkeZA1fj4hSZfoYm0WpZ7w\"]}]}<\/script>\n<meta property=\"product:price:amount\" content=\"66.90\" \/>\n<meta property=\"product:price:currency\" content=\"PLN\" \/>\n<meta property=\"og:availability\" content=\"out of stock\" \/>\n<meta property=\"product:availability\" content=\"out of stock\" \/>\n<meta property=\"product:condition\" content=\"new\" \/>\n<!-- \/ Yoast SEO Premium plugin. -->","yoast_head_json":{"title":"Lion's Mane 400 mg Biowen - 90 dni stosowania - Der: 25:1","description":"Zobacz \u261b Lion\u2019s Mane 400 mg - 40% polisacharyd\u00f3w, 30% beta-glukan\u00f3w - kapsu\u0142ki w konopnym sklepie HempKing \u2705100% naturalne \u2705 Zadbaj z nami o swoj\u0105 diet\u0119!","canonical":"https:\/\/dev.hempking.eu\/pl\/lions-mane-400-mg-40-polisacharydow-30-beta-glukanow-kapsulki\/","og_locale":"pl_PL","og_type":"article","og_title":"Lion\u2019s Mane 400 mg - 40% polisacharyd\u00f3w, 30% beta-glukan\u00f3w - kapsu\u0142ki","og_description":"Zobacz \u261b Lion\u2019s Mane 400 mg - 40% polisacharyd\u00f3w, 30% beta-glukan\u00f3w - kapsu\u0142ki w konopnym sklepie HempKing \u2705100% naturalne \u2705 Zadbaj z nami o swoj\u0105 diet\u0119!","og_url":"https:\/\/dev.hempking.eu\/pl\/lions-mane-400-mg-40-polisacharydow-30-beta-glukanow-kapsulki\/","og_site_name":"Hemp King","article_publisher":"https:\/\/www.facebook.com\/hempkingpoland","article_modified_time":"2023-05-22T09:42:36+00:00","og_image":[{"width":1000,"height":1000,"url":"https:\/\/dev.hempking.eu\/pl\/wp-content\/uploads\/sites\/2\/2022\/06\/lions-mane.jpg","type":"image\/jpeg"}],"twitter_card":"summary_large_image","twitter_site":"@hempkingeu","twitter_misc":{"Price":"66.90&nbsp;&#122;&#322;","Availability":"Out of stock"},"schema":{"@context":"https:\/\/schema.org","@graph":[{"@type":"WebPage","@id":"https:\/\/dev.hempking.eu\/pl\/lions-mane-400-mg-40-polisacharydow-30-beta-glukanow-kapsulki\/","url":"https:\/\/dev.hempking.eu\/pl\/lions-mane-400-mg-40-polisacharydow-30-beta-glukanow-kapsulki\/","name":"Lion's Mane 400 mg Biowen - 90 dni stosowania - Der: 25:1","isPartOf":{"@id":"https:\/\/dev.hempking.eu\/pl\/#website"},"primaryImageOfPage":{"@id":"https:\/\/dev.hempking.eu\/pl\/lions-mane-400-mg-40-polisacharydow-30-beta-glukanow-kapsulki\/#primaryimage"},"image":{"@id":"https:\/\/dev.hempking.eu\/pl\/lions-mane-400-mg-40-polisacharydow-30-beta-glukanow-kapsulki\/#primaryimage"},"thumbnailUrl":"https:\/\/dev.hempking.eu\/pl\/wp-content\/uploads\/sites\/2\/2022\/06\/lions-mane.jpg","datePublished":"2022-06-14T11:48:07+00:00","dateModified":"2023-05-22T09:42:36+00:00","description":"Zobacz \u261b Lion\u2019s Mane 400 mg - 40% polisacharyd\u00f3w, 30% beta-glukan\u00f3w - kapsu\u0142ki w konopnym sklepie HempKing \u2705100% naturalne \u2705 Zadbaj z nami o swoj\u0105 diet\u0119!","breadcrumb":{"@id":"https:\/\/dev.hempking.eu\/pl\/lions-mane-400-mg-40-polisacharydow-30-beta-glukanow-kapsulki\/#breadcrumb"},"inLanguage":"pl-PL","potentialAction":[{"@type":"ReadAction","target":["https:\/\/dev.hempking.eu\/pl\/lions-mane-400-mg-40-polisacharydow-30-beta-glukanow-kapsulki\/"]}]},{"@type":"ImageObject","inLanguage":"pl-PL","@id":"https:\/\/dev.hempking.eu\/pl\/lions-mane-400-mg-40-polisacharydow-30-beta-glukanow-kapsulki\/#primaryimage","url":"https:\/\/dev.hempking.eu\/pl\/wp-content\/uploads\/sites\/2\/2022\/06\/lions-mane.jpg","contentUrl":"https:\/\/dev.hempking.eu\/pl\/wp-content\/uploads\/sites\/2\/2022\/06\/lions-mane.jpg","width":1000,"height":1000,"caption":"lion's mane"},{"@type":"BreadcrumbList","@id":"https:\/\/dev.hempking.eu\/pl\/lions-mane-400-mg-40-polisacharydow-30-beta-glukanow-kapsulki\/#breadcrumb","itemListElement":[{"@type":"ListItem","position":1,"name":"Home","item":"https:\/\/dev.hempking.eu\/pl\/"},{"@type":"ListItem","position":2,"name":"Sklep","item":"https:\/\/dev.hempking.eu\/pl\/shop\/"},{"@type":"ListItem","position":3,"name":"Suplementy","item":"https:\/\/dev.hempking.eu\/pl\/suplementy\/"},{"@type":"ListItem","position":4,"name":"Grzyby witalne","item":"https:\/\/dev.hempking.eu\/pl\/grzyby-witalne\/"},{"@type":"ListItem","position":5,"name":"Lion\u2019s Mane 400 mg - 40% polisacharyd\u00f3w, 30% beta-glukan\u00f3w - kapsu\u0142ki"}]},{"@type":"WebSite","@id":"https:\/\/dev.hempking.eu\/pl\/#website","url":"https:\/\/dev.hempking.eu\/pl\/","name":"Hemp King","description":"","publisher":{"@id":"https:\/\/dev.hempking.eu\/pl\/#organization"},"potentialAction":[{"@type":"SearchAction","target":{"@type":"EntryPoint","urlTemplate":"https:\/\/dev.hempking.eu\/pl\/?s={search_term_string}"},"query-input":{"@type":"PropertyValueSpecification","valueRequired":true,"valueName":"search_term_string"}}],"inLanguage":"pl-PL"},{"@type":"Organization","@id":"https:\/\/dev.hempking.eu\/pl\/#organization","name":"Hemp King","url":"https:\/\/dev.hempking.eu\/pl\/","logo":{"@type":"ImageObject","inLanguage":"pl-PL","@id":"https:\/\/dev.hempking.eu\/pl\/#\/schema\/logo\/image\/","url":"https:\/\/dev.hempking.eu\/pl\/wp-content\/uploads\/sites\/2\/2020\/05\/hempking.png","contentUrl":"https:\/\/dev.hempking.eu\/pl\/wp-content\/uploads\/sites\/2\/2020\/05\/hempking.png","width":148,"height":91,"caption":"Hemp King"},"image":{"@id":"https:\/\/dev.hempking.eu\/pl\/#\/schema\/logo\/image\/"},"sameAs":["https:\/\/www.facebook.com\/hempkingpoland","https:\/\/x.com\/hempkingeu","https:\/\/www.instagram.com\/hempkingeu\/","https:\/\/www.linkedin.com\/company\/hempking-eu\/mycompany\/","https:\/\/pl.pinterest.com\/hempkingeu\/","https:\/\/www.youtube.com\/channel\/UCUkeZA1fj4hSZfoYm0WpZ7w"]}]},"product_price_amount":"66.90","product_price_currency":"PLN","og_availability":"out of stock","product_availability":"out of stock","product_condition":"new"},"_links":{"self":[{"href":"https:\/\/dev.hempking.eu\/pl\/wp-json\/wp\/v2\/product\/100232","targetHints":{"allow":["GET"]}}],"collection":[{"href":"https:\/\/dev.hempking.eu\/pl\/wp-json\/wp\/v2\/product"}],"about":[{"href":"https:\/\/dev.hempking.eu\/pl\/wp-json\/wp\/v2\/types\/product"}],"wp:featuredmedia":[{"embeddable":true,"href":"https:\/\/dev.hempking.eu\/pl\/wp-json\/wp\/v2\/media\/100233"}],"wp:attachment":[{"href":"https:\/\/dev.hempking.eu\/pl\/wp-json\/wp\/v2\/media?parent=100232"}],"wp:term":[{"taxonomy":"product_cat","embeddable":true,"href":"https:\/\/dev.hempking.eu\/pl\/wp-json\/wp\/v2\/product_cat?post=100232"},{"taxonomy":"product_tag","embeddable":true,"href":"https:\/\/dev.hempking.eu\/pl\/wp-json\/wp\/v2\/product_tag?post=100232"}],"curies":[{"name":"wp","href":"https:\/\/api.w.org\/{rel}","templated":true}]}}