{"id":100234,"date":"2022-06-14T13:51:47","date_gmt":"2022-06-14T11:51:47","guid":{"rendered":"https:\/\/hempking.eu\/pl\/?post_type=product&#038;p=100234"},"modified":"2023-05-22T11:42:53","modified_gmt":"2023-05-22T09:42:53","slug":"ekstrakt-z-cordyceps-sinensis-cs-4-400-mg-40-polisacharydow-8-mannitolu-oraz-0-2-adenozyny-kapsulki","status":"publish","type":"product","link":"https:\/\/dev.hempking.eu\/pl\/ekstrakt-z-cordyceps-sinensis-cs-4-400-mg-40-polisacharydow-8-mannitolu-oraz-0-2-adenozyny-kapsulki\/","title":{"rendered":"Ekstrakt z Cordyceps Sinensis (CS-4) 400 mg - 40% polisacharyd\u00f3w, 8% mannitolu oraz 0.2% adenozyny - kapsu\u0142ki"},"content":{"rendered":"<h2>Cordyceps Sinesis (Maczu\u017cnik Chi\u0144ski) &#8211; suplement diety Biowen<\/h2>\n<p><b>Cordyceps<\/b><span style=\"font-weight: 400\"> Sinesis<\/span><b>, <\/b><span style=\"font-weight: 400\">inaczej tak\u017ce <\/span><b>maczu\u017cnik chi\u0144ski,<\/b><span style=\"font-weight: 400\"> to paso\u017cytniczy grzyb, kt\u00f3ry znajdziemy g\u0142\u00f3wnie na Wy\u017cynie Tybeta\u0144skiej. Grzyb ten mo\u017cna spotka\u0107 wy\u0142\u0105cznie tam i tylko w okre\u015blonych porach, przez co <\/span><b>maczu\u017cnik chi\u0144ski <\/b><span style=\"font-weight: 400\">jest niezwykle rzadki, a przy tym i cenny! Nie ro\u015bnie on na drzewach, a paso\u017cytuje na\u2026larwach \u0107my, kt\u00f3re mieszkaj\u0105 pod ziemi\u0105 w czasie zimy. I to w\u0142a\u015bnie wtedy mo\u017cna zebra\u0107 <\/span><b>Kordyceps<\/b><span style=\"font-weight: 400\">. Nie wyst\u0119puje w innych porach roku.\u00a0<\/span><\/p>\n<p><b>Cordyceps<\/b><span style=\"font-weight: 400\"> jest uznawany za grzyb adaptogenny. Wygl\u0105da jak d\u0142ugi r\u00f3g, kt\u00f3ry ro\u015bnie na larwie-g\u0105sienicy \u0107my. <\/span><b>Kordyceps <\/b><span style=\"font-weight: 400\">ma smuk\u0142y, pod\u0142u\u017cny kszta\u0142t i jaskraw\u0105 pomara\u0144czow\u0105 barw\u0119!\u00a0\u00a0<\/span><\/p>\n<h2>Zastosowanie Kordycepsu<\/h2>\n<p><b>Cordyceps <\/b><span style=\"font-weight: 400\">jest bardzo \u0142atwy w stosowaniu, dzi\u0119ki temu, \u017ce zosta\u0142 zamkni\u0119ty w wega\u0144skich, \u0142atwych do po\u0142kni\u0119cia kapsu\u0142kach. Porcja zosta\u0142a uprzednio starannie odmierzona i zamkni\u0119ta w otoczce bez sk\u0142adnik\u00f3w odzwierz\u0119cych. S\u0142oiczek zawieraj\u0105cy <\/span><b>kordyceps<\/b><span style=\"font-weight: 400\"> mo\u017cesz mie\u0107 zawsze przy sobie, niezale\u017cnie od tego, czy jeste\u015b akurat w domu, w pracy czy na wakacjach! Suplementacja suplementu zawieraj\u0105cego <\/span><b>maczu\u017cnik chi\u0144ski<\/b><span style=\"font-weight: 400\"> b\u0119dzie dla Ciebie prosta i przyjemna!\u00a0<\/span><\/p>\n<p><a href=\"https:\/\/dev.hempking.eu\/pl\/wp-content\/uploads\/sites\/2\/2020\/07\/warunki4.jpg\"><img loading=\"lazy\" decoding=\"async\" class=\"alignnone wp-image-101812 size-full\" src=\"https:\/\/dev.hempking.eu\/pl\/wp-content\/uploads\/sites\/2\/2020\/07\/warunki4.jpg\" alt=\"o\u015bwiadczenia w UE\" width=\"755\" height=\"353\" srcset=\"https:\/\/dev.hempking.eu\/pl\/wp-content\/uploads\/sites\/2\/2020\/07\/warunki4.jpg 755w, https:\/\/dev.hempking.eu\/pl\/wp-content\/uploads\/sites\/2\/2020\/07\/warunki4-640x299.jpg 640w, https:\/\/dev.hempking.eu\/pl\/wp-content\/uploads\/sites\/2\/2020\/07\/warunki4-400x187.jpg 400w\" sizes=\"auto, (max-width: 755px) 100vw, 755px\" \/><\/a><\/p>\n<p><a href=\"https:\/\/dev.hempking.eu\/pl\/wp-content\/uploads\/sites\/2\/2022\/01\/warunki2.jpg\"><img loading=\"lazy\" decoding=\"async\" class=\"alignnone size-full wp-image-85647\" src=\"https:\/\/dev.hempking.eu\/pl\/wp-content\/uploads\/sites\/2\/2022\/01\/warunki2.jpg\" alt=\"warunki przechowywania produkt\u00f3w konopnych HempKing\" width=\"755\" height=\"307\" srcset=\"https:\/\/dev.hempking.eu\/pl\/wp-content\/uploads\/sites\/2\/2022\/01\/warunki2.jpg 755w, https:\/\/dev.hempking.eu\/pl\/wp-content\/uploads\/sites\/2\/2022\/01\/warunki2-640x260.jpg 640w, https:\/\/dev.hempking.eu\/pl\/wp-content\/uploads\/sites\/2\/2022\/01\/warunki2-400x163.jpg 400w, https:\/\/dev.hempking.eu\/pl\/wp-content\/uploads\/sites\/2\/2022\/01\/warunki2-600x244.jpg 600w\" sizes=\"auto, (max-width: 755px) 100vw, 755px\" \/><\/a><\/p>\n<p>&nbsp;<\/p>\n","protected":false},"excerpt":{"rendered":"<h2><strong>Grzyby Cordyceps:<\/strong><\/h2>\n<ul>\n<li>produkt powsta\u0142 z grzybni,<\/li>\n<li>ma DER 25:1,<\/li>\n<li>wyj\u0105tkowe naturalne grzyby,<\/li>\n<li>wege-kapsu\u0142ki &#8211; produkt odpowiedni dla os\u00f3b na diecie ro\u015blinnej,<\/li>\n<li>dodatek ekstraktu z pieprzu czarnego <span style=\"font-weight: 400\">BioPerine\u00ae,<\/span><\/li>\n<li>opakowanie wystarcza na 90 dni stosowania.<\/li>\n<\/ul>\n<p><strong>Opakowanie: 90 kapsu\u0142ek<\/strong><\/p>\n","protected":false},"featured_media":100235,"template":"","meta":{"_acf_changed":false},"product_cat":[128],"product_tag":[],"class_list":{"0":"post-100234","1":"product","2":"type-product","3":"status-publish","4":"has-post-thumbnail","6":"product_cat-grzyby-witalne","8":"first","9":"outofstock","10":"shipping-taxable","11":"purchasable","12":"product-type-simple"},"acf":[],"yoast_head":"<!-- This site is optimized with the Yoast SEO Premium plugin v23.4 (Yoast SEO v24.0) - https:\/\/yoast.com\/wordpress\/plugins\/seo\/ -->\n<title>Kordyceps 400 mg 90 kapsu\u0142ek Biowen - 40% polisacharyd\u00f3w<\/title>\n<meta name=\"description\" content=\"Zobacz \u261b Kordyceps 400 mg 90 kapsu\u0142ek Biowen w konopnym sklepie HempKing \u2705100% naturalne \u2705 Zadbaj z nami o siebie i swoj\u0105 diet\u0119!\" \/>\n<link rel=\"canonical\" href=\"https:\/\/dev.hempking.eu\/pl\/ekstrakt-z-cordyceps-sinensis-cs-4-400-mg-40-polisacharydow-8-mannitolu-oraz-0-2-adenozyny-kapsulki\/\" \/>\n<meta property=\"og:locale\" content=\"pl_PL\" \/>\n<meta property=\"og:type\" content=\"article\" \/>\n<meta property=\"og:title\" content=\"Ekstrakt z Cordyceps Sinensis (CS-4) 400 mg - 40% polisacharyd\u00f3w, 8% mannitolu oraz 0.2% adenozyny - kapsu\u0142ki\" \/>\n<meta property=\"og:description\" content=\"Zobacz \u261b Kordyceps 400 mg 90 kapsu\u0142ek Biowen w konopnym sklepie HempKing \u2705100% naturalne \u2705 Zadbaj z nami o siebie i swoj\u0105 diet\u0119!\" \/>\n<meta property=\"og:url\" content=\"https:\/\/dev.hempking.eu\/pl\/ekstrakt-z-cordyceps-sinensis-cs-4-400-mg-40-polisacharydow-8-mannitolu-oraz-0-2-adenozyny-kapsulki\/\" \/>\n<meta property=\"og:site_name\" content=\"Hemp King\" \/>\n<meta property=\"article:publisher\" content=\"https:\/\/www.facebook.com\/hempkingpoland\" \/>\n<meta property=\"article:modified_time\" content=\"2023-05-22T09:42:53+00:00\" \/>\n<meta property=\"og:image\" content=\"https:\/\/dev.hempking.eu\/pl\/wp-content\/uploads\/sites\/2\/2022\/06\/cordyceps.jpg\" \/>\n\t<meta property=\"og:image:width\" content=\"1000\" \/>\n\t<meta property=\"og:image:height\" content=\"1000\" \/>\n\t<meta property=\"og:image:type\" content=\"image\/jpeg\" \/>\n<meta name=\"twitter:card\" content=\"summary_large_image\" \/>\n<meta name=\"twitter:site\" content=\"@hempkingeu\" \/>\n<meta name=\"twitter:label1\" content=\"Price\" \/>\n\t<meta name=\"twitter:data1\" content=\"66.90&nbsp;&#122;&#322;\" \/>\n\t<meta name=\"twitter:label2\" content=\"Availability\" \/>\n\t<meta name=\"twitter:data2\" content=\"Out of stock\" \/>\n<script type=\"application\/ld+json\" class=\"yoast-schema-graph\">{\"@context\":\"https:\/\/schema.org\",\"@graph\":[{\"@type\":\"WebPage\",\"@id\":\"https:\/\/dev.hempking.eu\/pl\/ekstrakt-z-cordyceps-sinensis-cs-4-400-mg-40-polisacharydow-8-mannitolu-oraz-0-2-adenozyny-kapsulki\/\",\"url\":\"https:\/\/dev.hempking.eu\/pl\/ekstrakt-z-cordyceps-sinensis-cs-4-400-mg-40-polisacharydow-8-mannitolu-oraz-0-2-adenozyny-kapsulki\/\",\"name\":\"Kordyceps 400 mg 90 kapsu\u0142ek Biowen - 40% polisacharyd\u00f3w\",\"isPartOf\":{\"@id\":\"https:\/\/dev.hempking.eu\/pl\/#website\"},\"primaryImageOfPage\":{\"@id\":\"https:\/\/dev.hempking.eu\/pl\/ekstrakt-z-cordyceps-sinensis-cs-4-400-mg-40-polisacharydow-8-mannitolu-oraz-0-2-adenozyny-kapsulki\/#primaryimage\"},\"image\":{\"@id\":\"https:\/\/dev.hempking.eu\/pl\/ekstrakt-z-cordyceps-sinensis-cs-4-400-mg-40-polisacharydow-8-mannitolu-oraz-0-2-adenozyny-kapsulki\/#primaryimage\"},\"thumbnailUrl\":\"https:\/\/dev.hempking.eu\/pl\/wp-content\/uploads\/sites\/2\/2022\/06\/cordyceps.jpg\",\"datePublished\":\"2022-06-14T11:51:47+00:00\",\"dateModified\":\"2023-05-22T09:42:53+00:00\",\"description\":\"Zobacz \u261b Kordyceps 400 mg 90 kapsu\u0142ek Biowen w konopnym sklepie HempKing \u2705100% naturalne \u2705 Zadbaj z nami o siebie i swoj\u0105 diet\u0119!\",\"breadcrumb\":{\"@id\":\"https:\/\/dev.hempking.eu\/pl\/ekstrakt-z-cordyceps-sinensis-cs-4-400-mg-40-polisacharydow-8-mannitolu-oraz-0-2-adenozyny-kapsulki\/#breadcrumb\"},\"inLanguage\":\"pl-PL\",\"potentialAction\":[{\"@type\":\"ReadAction\",\"target\":[\"https:\/\/dev.hempking.eu\/pl\/ekstrakt-z-cordyceps-sinensis-cs-4-400-mg-40-polisacharydow-8-mannitolu-oraz-0-2-adenozyny-kapsulki\/\"]}]},{\"@type\":\"ImageObject\",\"inLanguage\":\"pl-PL\",\"@id\":\"https:\/\/dev.hempking.eu\/pl\/ekstrakt-z-cordyceps-sinensis-cs-4-400-mg-40-polisacharydow-8-mannitolu-oraz-0-2-adenozyny-kapsulki\/#primaryimage\",\"url\":\"https:\/\/dev.hempking.eu\/pl\/wp-content\/uploads\/sites\/2\/2022\/06\/cordyceps.jpg\",\"contentUrl\":\"https:\/\/dev.hempking.eu\/pl\/wp-content\/uploads\/sites\/2\/2022\/06\/cordyceps.jpg\",\"width\":1000,\"height\":1000,\"caption\":\"cordyceps\"},{\"@type\":\"BreadcrumbList\",\"@id\":\"https:\/\/dev.hempking.eu\/pl\/ekstrakt-z-cordyceps-sinensis-cs-4-400-mg-40-polisacharydow-8-mannitolu-oraz-0-2-adenozyny-kapsulki\/#breadcrumb\",\"itemListElement\":[{\"@type\":\"ListItem\",\"position\":1,\"name\":\"Home\",\"item\":\"https:\/\/dev.hempking.eu\/pl\/\"},{\"@type\":\"ListItem\",\"position\":2,\"name\":\"Sklep\",\"item\":\"https:\/\/dev.hempking.eu\/pl\/shop\/\"},{\"@type\":\"ListItem\",\"position\":3,\"name\":\"Suplementy\",\"item\":\"https:\/\/dev.hempking.eu\/pl\/suplementy\/\"},{\"@type\":\"ListItem\",\"position\":4,\"name\":\"Grzyby witalne\",\"item\":\"https:\/\/dev.hempking.eu\/pl\/grzyby-witalne\/\"},{\"@type\":\"ListItem\",\"position\":5,\"name\":\"Ekstrakt z Cordyceps Sinensis (CS-4) 400 mg - 40% polisacharyd\u00f3w, 8% mannitolu oraz 0.2% adenozyny - kapsu\u0142ki\"}]},{\"@type\":\"WebSite\",\"@id\":\"https:\/\/dev.hempking.eu\/pl\/#website\",\"url\":\"https:\/\/dev.hempking.eu\/pl\/\",\"name\":\"Hemp King\",\"description\":\"\",\"publisher\":{\"@id\":\"https:\/\/dev.hempking.eu\/pl\/#organization\"},\"potentialAction\":[{\"@type\":\"SearchAction\",\"target\":{\"@type\":\"EntryPoint\",\"urlTemplate\":\"https:\/\/dev.hempking.eu\/pl\/?s={search_term_string}\"},\"query-input\":{\"@type\":\"PropertyValueSpecification\",\"valueRequired\":true,\"valueName\":\"search_term_string\"}}],\"inLanguage\":\"pl-PL\"},{\"@type\":\"Organization\",\"@id\":\"https:\/\/dev.hempking.eu\/pl\/#organization\",\"name\":\"Hemp King\",\"url\":\"https:\/\/dev.hempking.eu\/pl\/\",\"logo\":{\"@type\":\"ImageObject\",\"inLanguage\":\"pl-PL\",\"@id\":\"https:\/\/dev.hempking.eu\/pl\/#\/schema\/logo\/image\/\",\"url\":\"https:\/\/dev.hempking.eu\/pl\/wp-content\/uploads\/sites\/2\/2020\/05\/hempking.png\",\"contentUrl\":\"https:\/\/dev.hempking.eu\/pl\/wp-content\/uploads\/sites\/2\/2020\/05\/hempking.png\",\"width\":148,\"height\":91,\"caption\":\"Hemp King\"},\"image\":{\"@id\":\"https:\/\/dev.hempking.eu\/pl\/#\/schema\/logo\/image\/\"},\"sameAs\":[\"https:\/\/www.facebook.com\/hempkingpoland\",\"https:\/\/x.com\/hempkingeu\",\"https:\/\/www.instagram.com\/hempkingeu\/\",\"https:\/\/www.linkedin.com\/company\/hempking-eu\/mycompany\/\",\"https:\/\/pl.pinterest.com\/hempkingeu\/\",\"https:\/\/www.youtube.com\/channel\/UCUkeZA1fj4hSZfoYm0WpZ7w\"]}]}<\/script>\n<meta property=\"product:price:amount\" content=\"66.90\" \/>\n<meta property=\"product:price:currency\" content=\"PLN\" \/>\n<meta property=\"og:availability\" content=\"out of stock\" \/>\n<meta property=\"product:availability\" content=\"out of stock\" \/>\n<meta property=\"product:condition\" content=\"new\" \/>\n<!-- \/ Yoast SEO Premium plugin. -->","yoast_head_json":{"title":"Kordyceps 400 mg 90 kapsu\u0142ek Biowen - 40% polisacharyd\u00f3w","description":"Zobacz \u261b Kordyceps 400 mg 90 kapsu\u0142ek Biowen w konopnym sklepie HempKing \u2705100% naturalne \u2705 Zadbaj z nami o siebie i swoj\u0105 diet\u0119!","canonical":"https:\/\/dev.hempking.eu\/pl\/ekstrakt-z-cordyceps-sinensis-cs-4-400-mg-40-polisacharydow-8-mannitolu-oraz-0-2-adenozyny-kapsulki\/","og_locale":"pl_PL","og_type":"article","og_title":"Ekstrakt z Cordyceps Sinensis (CS-4) 400 mg - 40% polisacharyd\u00f3w, 8% mannitolu oraz 0.2% adenozyny - kapsu\u0142ki","og_description":"Zobacz \u261b Kordyceps 400 mg 90 kapsu\u0142ek Biowen w konopnym sklepie HempKing \u2705100% naturalne \u2705 Zadbaj z nami o siebie i swoj\u0105 diet\u0119!","og_url":"https:\/\/dev.hempking.eu\/pl\/ekstrakt-z-cordyceps-sinensis-cs-4-400-mg-40-polisacharydow-8-mannitolu-oraz-0-2-adenozyny-kapsulki\/","og_site_name":"Hemp King","article_publisher":"https:\/\/www.facebook.com\/hempkingpoland","article_modified_time":"2023-05-22T09:42:53+00:00","og_image":[{"width":1000,"height":1000,"url":"https:\/\/dev.hempking.eu\/pl\/wp-content\/uploads\/sites\/2\/2022\/06\/cordyceps.jpg","type":"image\/jpeg"}],"twitter_card":"summary_large_image","twitter_site":"@hempkingeu","twitter_misc":{"Price":"66.90&nbsp;&#122;&#322;","Availability":"Out of stock"},"schema":{"@context":"https:\/\/schema.org","@graph":[{"@type":"WebPage","@id":"https:\/\/dev.hempking.eu\/pl\/ekstrakt-z-cordyceps-sinensis-cs-4-400-mg-40-polisacharydow-8-mannitolu-oraz-0-2-adenozyny-kapsulki\/","url":"https:\/\/dev.hempking.eu\/pl\/ekstrakt-z-cordyceps-sinensis-cs-4-400-mg-40-polisacharydow-8-mannitolu-oraz-0-2-adenozyny-kapsulki\/","name":"Kordyceps 400 mg 90 kapsu\u0142ek Biowen - 40% polisacharyd\u00f3w","isPartOf":{"@id":"https:\/\/dev.hempking.eu\/pl\/#website"},"primaryImageOfPage":{"@id":"https:\/\/dev.hempking.eu\/pl\/ekstrakt-z-cordyceps-sinensis-cs-4-400-mg-40-polisacharydow-8-mannitolu-oraz-0-2-adenozyny-kapsulki\/#primaryimage"},"image":{"@id":"https:\/\/dev.hempking.eu\/pl\/ekstrakt-z-cordyceps-sinensis-cs-4-400-mg-40-polisacharydow-8-mannitolu-oraz-0-2-adenozyny-kapsulki\/#primaryimage"},"thumbnailUrl":"https:\/\/dev.hempking.eu\/pl\/wp-content\/uploads\/sites\/2\/2022\/06\/cordyceps.jpg","datePublished":"2022-06-14T11:51:47+00:00","dateModified":"2023-05-22T09:42:53+00:00","description":"Zobacz \u261b Kordyceps 400 mg 90 kapsu\u0142ek Biowen w konopnym sklepie HempKing \u2705100% naturalne \u2705 Zadbaj z nami o siebie i swoj\u0105 diet\u0119!","breadcrumb":{"@id":"https:\/\/dev.hempking.eu\/pl\/ekstrakt-z-cordyceps-sinensis-cs-4-400-mg-40-polisacharydow-8-mannitolu-oraz-0-2-adenozyny-kapsulki\/#breadcrumb"},"inLanguage":"pl-PL","potentialAction":[{"@type":"ReadAction","target":["https:\/\/dev.hempking.eu\/pl\/ekstrakt-z-cordyceps-sinensis-cs-4-400-mg-40-polisacharydow-8-mannitolu-oraz-0-2-adenozyny-kapsulki\/"]}]},{"@type":"ImageObject","inLanguage":"pl-PL","@id":"https:\/\/dev.hempking.eu\/pl\/ekstrakt-z-cordyceps-sinensis-cs-4-400-mg-40-polisacharydow-8-mannitolu-oraz-0-2-adenozyny-kapsulki\/#primaryimage","url":"https:\/\/dev.hempking.eu\/pl\/wp-content\/uploads\/sites\/2\/2022\/06\/cordyceps.jpg","contentUrl":"https:\/\/dev.hempking.eu\/pl\/wp-content\/uploads\/sites\/2\/2022\/06\/cordyceps.jpg","width":1000,"height":1000,"caption":"cordyceps"},{"@type":"BreadcrumbList","@id":"https:\/\/dev.hempking.eu\/pl\/ekstrakt-z-cordyceps-sinensis-cs-4-400-mg-40-polisacharydow-8-mannitolu-oraz-0-2-adenozyny-kapsulki\/#breadcrumb","itemListElement":[{"@type":"ListItem","position":1,"name":"Home","item":"https:\/\/dev.hempking.eu\/pl\/"},{"@type":"ListItem","position":2,"name":"Sklep","item":"https:\/\/dev.hempking.eu\/pl\/shop\/"},{"@type":"ListItem","position":3,"name":"Suplementy","item":"https:\/\/dev.hempking.eu\/pl\/suplementy\/"},{"@type":"ListItem","position":4,"name":"Grzyby witalne","item":"https:\/\/dev.hempking.eu\/pl\/grzyby-witalne\/"},{"@type":"ListItem","position":5,"name":"Ekstrakt z Cordyceps Sinensis (CS-4) 400 mg - 40% polisacharyd\u00f3w, 8% mannitolu oraz 0.2% adenozyny - kapsu\u0142ki"}]},{"@type":"WebSite","@id":"https:\/\/dev.hempking.eu\/pl\/#website","url":"https:\/\/dev.hempking.eu\/pl\/","name":"Hemp King","description":"","publisher":{"@id":"https:\/\/dev.hempking.eu\/pl\/#organization"},"potentialAction":[{"@type":"SearchAction","target":{"@type":"EntryPoint","urlTemplate":"https:\/\/dev.hempking.eu\/pl\/?s={search_term_string}"},"query-input":{"@type":"PropertyValueSpecification","valueRequired":true,"valueName":"search_term_string"}}],"inLanguage":"pl-PL"},{"@type":"Organization","@id":"https:\/\/dev.hempking.eu\/pl\/#organization","name":"Hemp King","url":"https:\/\/dev.hempking.eu\/pl\/","logo":{"@type":"ImageObject","inLanguage":"pl-PL","@id":"https:\/\/dev.hempking.eu\/pl\/#\/schema\/logo\/image\/","url":"https:\/\/dev.hempking.eu\/pl\/wp-content\/uploads\/sites\/2\/2020\/05\/hempking.png","contentUrl":"https:\/\/dev.hempking.eu\/pl\/wp-content\/uploads\/sites\/2\/2020\/05\/hempking.png","width":148,"height":91,"caption":"Hemp King"},"image":{"@id":"https:\/\/dev.hempking.eu\/pl\/#\/schema\/logo\/image\/"},"sameAs":["https:\/\/www.facebook.com\/hempkingpoland","https:\/\/x.com\/hempkingeu","https:\/\/www.instagram.com\/hempkingeu\/","https:\/\/www.linkedin.com\/company\/hempking-eu\/mycompany\/","https:\/\/pl.pinterest.com\/hempkingeu\/","https:\/\/www.youtube.com\/channel\/UCUkeZA1fj4hSZfoYm0WpZ7w"]}]},"product_price_amount":"66.90","product_price_currency":"PLN","og_availability":"out of stock","product_availability":"out of stock","product_condition":"new"},"_links":{"self":[{"href":"https:\/\/dev.hempking.eu\/pl\/wp-json\/wp\/v2\/product\/100234","targetHints":{"allow":["GET"]}}],"collection":[{"href":"https:\/\/dev.hempking.eu\/pl\/wp-json\/wp\/v2\/product"}],"about":[{"href":"https:\/\/dev.hempking.eu\/pl\/wp-json\/wp\/v2\/types\/product"}],"wp:featuredmedia":[{"embeddable":true,"href":"https:\/\/dev.hempking.eu\/pl\/wp-json\/wp\/v2\/media\/100235"}],"wp:attachment":[{"href":"https:\/\/dev.hempking.eu\/pl\/wp-json\/wp\/v2\/media?parent=100234"}],"wp:term":[{"taxonomy":"product_cat","embeddable":true,"href":"https:\/\/dev.hempking.eu\/pl\/wp-json\/wp\/v2\/product_cat?post=100234"},{"taxonomy":"product_tag","embeddable":true,"href":"https:\/\/dev.hempking.eu\/pl\/wp-json\/wp\/v2\/product_tag?post=100234"}],"curies":[{"name":"wp","href":"https:\/\/api.w.org\/{rel}","templated":true}]}}