{"id":101822,"date":"2022-07-04T13:47:11","date_gmt":"2022-07-04T11:47:11","guid":{"rendered":"https:\/\/hempking.eu\/pl\/?post_type=product&#038;p=101822"},"modified":"2023-02-28T11:59:00","modified_gmt":"2023-02-28T10:59:00","slug":"olej-konopny-cat-care-500-mg-50-ml-krotki-termin","status":"publish","type":"product","link":"https:\/\/dev.hempking.eu\/pl\/olej-konopny-cat-care-500-mg-50-ml-krotki-termin\/","title":{"rendered":"Olej konopny Cat Care 500 mg - 50 ml - Kr\u00f3tki termin - Powiadom o dost\u0119pno\u015bci"},"content":{"rendered":"<h2><strong>Olej konopny Cat Care &#8211; sk\u0142adniki<\/strong><\/h2>\n<p>Olej z w\u0105troby dorsza 60%, olej z ostropestu 10%, olej konopny z naturalnie wyst\u0119puj\u0105cymi fitosk\u0142adnikami 30%.<br \/>\nOlej konopny Cat care 500 mg zawiera pe\u0142ne spektrum fitosk\u0142adnik\u00f3w (CBD, CBDA, CBDV, CBG, CBC, CBN, CBGA), terpeny, flawonoidy oraz fenole.<\/p>\n<h2><strong>Olej CBD Cat Care (olej ten zawiera fitosk\u0142adniki, w tym CBD) &#8211; konopne wsparcie diety Twojego kota<\/strong><\/h2>\n<p><strong>Olejek konopny Cat Care 500 mg<\/strong> to suplement diety, kt\u00f3ry charakteryzuje si\u0119 wysok\u0105 jako\u015bci\u0105. Produkowany jest z pochodz\u0105cych z wysokiej jako\u015bci upraw konopi siewnych. Zosta\u0142 wzbogacony olejem z w\u0105troby dorsza oraz z ostropestu, by wesprze\u0107 Twojego kota bardziej kompleksowo oraz nada\u0107 olejkowi interesuj\u0105cego dla niego smaku!<\/p>\n<p>Naturalnie wspom\u00f3\u017c diet\u0119 swojego zwierzaka z wysokiej jako\u015bci olejkiem konopnym przeznaczonym specjalnie dla kot\u00f3w! Produkt jest przebadany i bezpieczny do u\u017cytku. Nie u\u017cywamy syntetycznego czy krystalicznego CBD do wzmacniania naszych produkt\u00f3w! To w zupe\u0142no\u015bci naturalny produkt, kt\u00f3ry pozwoli Ci kompleksowo zadba\u0107 o swojego zwierzaka.<\/p>\n<ul>\n<li><a href=\"https:\/\/e8n6i4h7.rocketcdn.me\/pl\/wp-content\/uploads\/sites\/2\/2021\/12\/catcare.pdf\">St\u0119\u017cenie fitokannabinoid\u00f3w<\/a><\/li>\n<li><a href=\"https:\/\/dev.hempking.eu\/wp-content\/certificates\/badanie-metale-ciezkie.pdf\">Badanie na obecno\u015b\u0107 metali ci\u0119\u017ckich<\/a><\/li>\n<li><a href=\"https:\/\/dev.hempking.eu\/wp-content\/certificates\/badanie-drozdze-plesnie.pdf\">Badanie na obecno\u015b\u0107 dro\u017cd\u017cy i ple\u015bni<\/a><\/li>\n<li><a href=\"https:\/\/dev.hempking.eu\/wp-content\/certificates\/badania-pestycydy.pdf\">Badanie na obecno\u015b\u0107 pestycyd\u00f3w<\/a><\/li>\n<\/ul>\n<p><strong>Olejek konopny Cat Care powsta\u0142 pod nadzorem Inspektora Weterynaryjnego dla bezpiecze\u0144stwa Twojego pupila.<\/strong><\/p>\n<h2><strong>Olej CBD Cat Care (z naturalnymi fitosk\u0142adnikami) &#8211; dlaczego warto?<\/strong><\/h2>\n<p><strong>Jako\u015b\u0107 potwierdzona badaniami<\/strong><br \/>\nKupuj\u0105c produkt konopny, musisz mie\u0107 pewno\u015b\u0107, \u017ce kupujesz suplement bezpieczny oraz taki, kt\u00f3ry jest pewnego pochodzenia. Wybieraj\u0105c olejek konopny Cat Care stawiasz na wysok\u0105 jako\u015b\u0107, kt\u00f3r\u0105 potwierdzamy badaniami. Nasze produkty badamy na ka\u017cdym etapie produkcji, by mie\u0107 pewno\u015b\u0107, \u017ce dostarczamy Ci warto\u015bciowy suplement dla Twojego kota.<\/p>\n<p><strong>100% natury<\/strong><br \/>\nW Hempking wierzymy, \u017ce w naturze drzemie ogromny potencja\u0142 i si\u0142a. Dlatego opieramy si\u0119 wy\u0142\u0105cznie na naturalnych sk\u0142adnikach! Do naszych produkt\u00f3w nie u\u017cywamy sztucznych sk\u0142adnik\u00f3w, jak syntetyczne CBD. M\u00f3wimy stanowcze NIE wszelkiej chemii, pestycydom i herbicydom.<\/p>\n<p><strong>Produkt polski<\/strong><br \/>\nNasze olejki s\u0105 w 100% polskim produktem, wyprodukowanym w Bia\u0142ymstoku, przez nas czyli polsk\u0105 firm\u0119, z polskich konopi w\u0142\u00f3knistych.<\/p>\n<h2><strong>W\u0142a\u015bciwo\u015bci oleju CBD Cat Care 500 mg (<\/strong>produkt zawiera naturalnie wyst\u0119puj\u0105ce w konopiach fitosk\u0142adniki)<\/h2>\n<p>Olejek konopny Cat Care zawiera CBD oraz inne fitosk\u0142adniki (CBDA, CBC, CBGA, CBG, CBDV, CBN) w niskim st\u0119\u017ceniu, dzi\u0119ki czemu \u0142agodnie uzupe\u0142nia diet\u0119 Twojego pupila. Olej jest przeznaczony dla doros\u0142ych kot\u00f3w r\u00f3\u017cnych ras.<\/p>\n<p><strong>Gdy podajesz olej konopny swojemu kotu:<\/strong><\/p>\n<ul>\n<li>dostarczasz pupilowi pe\u0142ne spektrum fitosk\u0142adnik\u00f3w,<\/li>\n<li>dostarczasz mu te\u017c kwasy t\u0142uszczowe omega-3, omega-6 i omega-9,<\/li>\n<li>jego naturalna odporno\u015b\u0107 jest wspierana,<\/li>\n<li>dbasz o jego uk\u0142ad sercowo-naczyniowy,<\/li>\n<li>olej konopny pozytywnie wp\u0142ywa na sk\u00f3r\u0119 i sier\u015b\u0107 pupila<\/li>\n<\/ul>\n<p><strong>Olej z dorsza:<\/strong><\/p>\n<ul>\n<li>dba o zdrowie sk\u00f3ry,<\/li>\n<li>dba o pi\u0119kn\u0105 sier\u015b\u0107,<\/li>\n<li>podnosi walory smakowe,<\/li>\n<li>jest \u017ar\u00f3d\u0142em energii,<\/li>\n<li>zawiera witaminy A i D.<\/li>\n<\/ul>\n<p><strong>Olej z ostropestu:<\/strong><\/p>\n<ul>\n<li>dzia\u0142a ochronnie na w\u0105trob\u0119 zwierzaka,<\/li>\n<li>wspomaga regeneracj\u0119 w\u0105troby,<\/li>\n<li>przyczynia si\u0119 do prawid\u0142owej produkcji \u017c\u00f3\u0142ci,<\/li>\n<li>bierze udzia\u0142 w ochronie organizmu przed czynnikami zewn\u0119trznymi.<\/li>\n<\/ul>\n<h2><strong>Jak rozpocz\u0105\u0107 suplementacj\u0119 CBD (oraz pozosta\u0142ych fitosk\u0142adnik\u00f3w) u kota z olejkiem konopnym Cat Care?<\/strong><\/h2>\n<p>Podawanie pupilowi olejku CBD (olej ten zawiera tak\u017ce inne, naturalnie wyst\u0119puj\u0105ce w konopiach fitosk\u0142adniki: CBDA, CBC, CBGA, CBG, CBDV, CBN) nie jest trudnym zadaniem. Mo\u017cesz podawa\u0107 mu odmierzon\u0105 porcj\u0119 olejku wprost do pyszczka za pomoc\u0105 do\u0142\u0105czonej pipety. Olej z dorsza powinien posmakowa\u0107 Twojemu kotu.<\/p>\n<p>Wiemy jednak, \u017ce podobnie jak ludzie, tak samo zwierz\u0119ta maj\u0105 r\u00f3\u017cne kubki smakowe i niekt\u00f3re bardziej grymasz\u0105. Wtedy mo\u017cesz dodawa\u0107 porcj\u0119 olejku konopnego do karmy lub z ulubionym smaczkiem.<\/p>\n<p><strong>Zalecany spos\u00f3b podawania: 3 krople trzy razy dziennie.<\/strong><\/p>\n<p>&nbsp;<\/p>\n<p>Olej konopny, jest suplementem i nie zast\u0119puje zr\u00f3\u017cnicowanej i zbilansowanej diety Twojego kota.<br \/>\nNale\u017cy przechowywa\u0107 go z dala od zasi\u0119gu dzieci.<br \/>\nZwr\u00f3\u0107 uwag\u0119 na to, by nie przekracza\u0107 dziennej zalecanej porcji!<\/p>\n<p><a href=\"https:\/\/dev.hempking.eu\/pl\/wp-content\/uploads\/sites\/2\/2020\/07\/warunki4-1.jpg\"><img loading=\"lazy\" decoding=\"async\" class=\"alignnone wp-image-104414 size-full\" src=\"https:\/\/dev.hempking.eu\/pl\/wp-content\/uploads\/sites\/2\/2020\/07\/warunki4-1.jpg\" alt=\"o\u015bwiadczenia CBD w UE\" width=\"755\" height=\"353\" srcset=\"https:\/\/dev.hempking.eu\/pl\/wp-content\/uploads\/sites\/2\/2020\/07\/warunki4-1.jpg 755w, https:\/\/dev.hempking.eu\/pl\/wp-content\/uploads\/sites\/2\/2020\/07\/warunki4-1-640x299.jpg 640w, https:\/\/dev.hempking.eu\/pl\/wp-content\/uploads\/sites\/2\/2020\/07\/warunki4-1-400x187.jpg 400w\" sizes=\"auto, (max-width: 755px) 100vw, 755px\" \/><\/a><\/p>\n","protected":false},"excerpt":{"rendered":"<h2>Olej konopny Cat Care to:<\/h2>\n<ul>\n<li>500 mg wysokiej jako\u015bci fitosk\u0142adnik\u00f3w z konopi,<\/li>\n<li>wspiera odporno\u015b\u0107 Twojego kota w naturalny spos\u00f3b,<\/li>\n<li>wygodna pipeta do dozowania produktu,<\/li>\n<li>pe\u0142ne spektrum fitosk\u0142adnik\u00f3w (w tym: CBD, CBDA, CBDV, CBG, CBC, CBN, CBGA),<\/li>\n<li>100% naturalnych sk\u0142adnik\u00f3w,<\/li>\n<li>wzbogacony olejem z dorsza oraz ostropestu dla dodatkowych w\u0142a\u015bciwo\u015bci i walor\u00f3w smakowych<\/li>\n<li>badania znajdziesz tutaj:\u00a0<strong><a href=\"https:\/\/dev.hempking.eu\/pl\/atesty-i-certyfikaty\/\">Atesty i Certyfikaty<\/a>.<\/strong><\/li>\n<\/ul>\n<p><strong>Pojemno\u015b\u0107: 50ml<\/strong><\/p>\n","protected":false},"featured_media":87467,"template":"","meta":{"_acf_changed":false},"product_cat":[153],"product_tag":[],"class_list":{"0":"post-101822","1":"product","2":"type-product","3":"status-publish","4":"has-post-thumbnail","6":"product_cat-powiadom-o-dostepnosci","8":"first","9":"outofstock","10":"sale","11":"shipping-taxable","12":"purchasable","13":"product-type-simple"},"acf":[],"yoast_head":"<!-- This site is optimized with the Yoast SEO Premium plugin v23.4 (Yoast SEO v24.0) - https:\/\/yoast.com\/wordpress\/plugins\/seo\/ -->\n<title>Olej konopny Cat Care 500 mg - 50 ml - Kr\u00f3tki termin - Powiadom o dost\u0119pno\u015bci - Hemp King<\/title>\n<meta name=\"description\" content=\"Zobacz \u261b Olej konopny Cat Care 500 mg - 50 ml - Kr\u00f3tki termin - Powiadom o dost\u0119pno\u015bci w konopnym sklepie HempKing \u2705100% naturalne \u2705 Zadbaj z nami o swoj\u0105 diet\u0119!\" \/>\n<link rel=\"canonical\" href=\"https:\/\/dev.hempking.eu\/pl\/olej-konopny-cat-care-500-mg-50-ml\/\" \/>\n<meta property=\"og:locale\" content=\"pl_PL\" \/>\n<meta property=\"og:type\" content=\"article\" \/>\n<meta property=\"og:title\" content=\"Olej konopny Cat Care 500 mg - 50 ml - Kr\u00f3tki termin - Powiadom o dost\u0119pno\u015bci\" \/>\n<meta property=\"og:description\" content=\"Zobacz \u261b Olej konopny Cat Care 500 mg - 50 ml - Kr\u00f3tki termin - Powiadom o dost\u0119pno\u015bci w konopnym sklepie HempKing \u2705100% naturalne \u2705 Zadbaj z nami o swoj\u0105 diet\u0119!\" \/>\n<meta property=\"og:url\" content=\"https:\/\/dev.hempking.eu\/pl\/olej-konopny-cat-care-500-mg-50-ml\/\" \/>\n<meta property=\"og:site_name\" content=\"Hemp King\" \/>\n<meta property=\"article:publisher\" content=\"https:\/\/www.facebook.com\/hempkingpoland\" \/>\n<meta property=\"article:modified_time\" content=\"2023-02-28T10:59:00+00:00\" \/>\n<meta property=\"og:image\" content=\"https:\/\/dev.hempking.eu\/pl\/wp-content\/uploads\/sites\/2\/2022\/01\/cat_care_packshot-1.jpg\" \/>\n\t<meta property=\"og:image:width\" content=\"1000\" \/>\n\t<meta property=\"og:image:height\" content=\"1000\" \/>\n\t<meta property=\"og:image:type\" content=\"image\/jpeg\" \/>\n<meta name=\"twitter:card\" content=\"summary_large_image\" \/>\n<meta name=\"twitter:site\" content=\"@hempkingeu\" \/>\n<meta name=\"twitter:label1\" content=\"Price\" \/>\n\t<meta name=\"twitter:data1\" content=\"53.40&nbsp;&#122;&#322;\" \/>\n\t<meta name=\"twitter:label2\" content=\"Availability\" \/>\n\t<meta name=\"twitter:data2\" content=\"Out of stock\" \/>\n<script type=\"application\/ld+json\" class=\"yoast-schema-graph\">{\"@context\":\"https:\/\/schema.org\",\"@graph\":[{\"@type\":\"WebPage\",\"@id\":\"https:\/\/dev.hempking.eu\/pl\/olej-konopny-cat-care-500-mg-50-ml-krotki-termin\/\",\"url\":\"https:\/\/dev.hempking.eu\/pl\/olej-konopny-cat-care-500-mg-50-ml\/\",\"name\":\"Olej konopny Cat Care 500 mg - 50 ml - Kr\u00f3tki termin - Powiadom o dost\u0119pno\u015bci - Hemp King\",\"isPartOf\":{\"@id\":\"https:\/\/dev.hempking.eu\/pl\/#website\"},\"primaryImageOfPage\":{\"@id\":\"https:\/\/dev.hempking.eu\/pl\/olej-konopny-cat-care-500-mg-50-ml\/#primaryimage\"},\"image\":{\"@id\":\"https:\/\/dev.hempking.eu\/pl\/olej-konopny-cat-care-500-mg-50-ml\/#primaryimage\"},\"thumbnailUrl\":\"https:\/\/dev.hempking.eu\/pl\/wp-content\/uploads\/sites\/2\/2022\/01\/cat_care_packshot-1.jpg\",\"datePublished\":\"2022-07-04T11:47:11+00:00\",\"dateModified\":\"2023-02-28T10:59:00+00:00\",\"description\":\"Zobacz \u261b Olej konopny Cat Care 500 mg - 50 ml - Kr\u00f3tki termin - Powiadom o dost\u0119pno\u015bci w konopnym sklepie HempKing \u2705100% naturalne \u2705 Zadbaj z nami o swoj\u0105 diet\u0119!\",\"breadcrumb\":{\"@id\":\"https:\/\/dev.hempking.eu\/pl\/olej-konopny-cat-care-500-mg-50-ml\/#breadcrumb\"},\"inLanguage\":\"pl-PL\",\"potentialAction\":[{\"@type\":\"ReadAction\",\"target\":[\"https:\/\/dev.hempking.eu\/pl\/olej-konopny-cat-care-500-mg-50-ml\/\"]}]},{\"@type\":\"ImageObject\",\"inLanguage\":\"pl-PL\",\"@id\":\"https:\/\/dev.hempking.eu\/pl\/olej-konopny-cat-care-500-mg-50-ml\/#primaryimage\",\"url\":\"https:\/\/dev.hempking.eu\/pl\/wp-content\/uploads\/sites\/2\/2022\/01\/cat_care_packshot-1.jpg\",\"contentUrl\":\"https:\/\/dev.hempking.eu\/pl\/wp-content\/uploads\/sites\/2\/2022\/01\/cat_care_packshot-1.jpg\",\"width\":1000,\"height\":1000,\"caption\":\"Olej konopny dla kota 50 ml 500 mg fitosk\u0142adnik\u00f3w HempKing\"},{\"@type\":\"BreadcrumbList\",\"@id\":\"https:\/\/dev.hempking.eu\/pl\/olej-konopny-cat-care-500-mg-50-ml\/#breadcrumb\",\"itemListElement\":[{\"@type\":\"ListItem\",\"position\":1,\"name\":\"Home\",\"item\":\"https:\/\/dev.hempking.eu\/pl\/\"},{\"@type\":\"ListItem\",\"position\":2,\"name\":\"Sklep\",\"item\":\"https:\/\/dev.hempking.eu\/pl\/shop\/\"},{\"@type\":\"ListItem\",\"position\":3,\"name\":\"Powiadom o dost\u0119pno\u015bci\",\"item\":\"https:\/\/dev.hempking.eu\/pl\/powiadom-o-dostepnosci\/\"},{\"@type\":\"ListItem\",\"position\":4,\"name\":\"Olej konopny Cat Care 500 mg - 50 ml - Kr\u00f3tki termin - Powiadom o dost\u0119pno\u015bci\"}]},{\"@type\":\"WebSite\",\"@id\":\"https:\/\/dev.hempking.eu\/pl\/#website\",\"url\":\"https:\/\/dev.hempking.eu\/pl\/\",\"name\":\"Hemp King\",\"description\":\"\",\"publisher\":{\"@id\":\"https:\/\/dev.hempking.eu\/pl\/#organization\"},\"potentialAction\":[{\"@type\":\"SearchAction\",\"target\":{\"@type\":\"EntryPoint\",\"urlTemplate\":\"https:\/\/dev.hempking.eu\/pl\/?s={search_term_string}\"},\"query-input\":{\"@type\":\"PropertyValueSpecification\",\"valueRequired\":true,\"valueName\":\"search_term_string\"}}],\"inLanguage\":\"pl-PL\"},{\"@type\":\"Organization\",\"@id\":\"https:\/\/dev.hempking.eu\/pl\/#organization\",\"name\":\"Hemp King\",\"url\":\"https:\/\/dev.hempking.eu\/pl\/\",\"logo\":{\"@type\":\"ImageObject\",\"inLanguage\":\"pl-PL\",\"@id\":\"https:\/\/dev.hempking.eu\/pl\/#\/schema\/logo\/image\/\",\"url\":\"https:\/\/dev.hempking.eu\/pl\/wp-content\/uploads\/sites\/2\/2020\/05\/hempking.png\",\"contentUrl\":\"https:\/\/dev.hempking.eu\/pl\/wp-content\/uploads\/sites\/2\/2020\/05\/hempking.png\",\"width\":148,\"height\":91,\"caption\":\"Hemp King\"},\"image\":{\"@id\":\"https:\/\/dev.hempking.eu\/pl\/#\/schema\/logo\/image\/\"},\"sameAs\":[\"https:\/\/www.facebook.com\/hempkingpoland\",\"https:\/\/x.com\/hempkingeu\",\"https:\/\/www.instagram.com\/hempkingeu\/\",\"https:\/\/www.linkedin.com\/company\/hempking-eu\/mycompany\/\",\"https:\/\/pl.pinterest.com\/hempkingeu\/\",\"https:\/\/www.youtube.com\/channel\/UCUkeZA1fj4hSZfoYm0WpZ7w\"]}]}<\/script>\n<meta property=\"product:price:amount\" content=\"53.40\" \/>\n<meta property=\"product:price:currency\" content=\"PLN\" \/>\n<meta property=\"og:availability\" content=\"out of stock\" \/>\n<meta property=\"product:availability\" content=\"out of stock\" \/>\n<meta property=\"product:condition\" content=\"new\" \/>\n<!-- \/ Yoast SEO Premium plugin. -->","yoast_head_json":{"title":"Olej konopny Cat Care 500 mg - 50 ml - Kr\u00f3tki termin - Powiadom o dost\u0119pno\u015bci - Hemp King","description":"Zobacz \u261b Olej konopny Cat Care 500 mg - 50 ml - Kr\u00f3tki termin - Powiadom o dost\u0119pno\u015bci w konopnym sklepie HempKing \u2705100% naturalne \u2705 Zadbaj z nami o swoj\u0105 diet\u0119!","canonical":"https:\/\/dev.hempking.eu\/pl\/olej-konopny-cat-care-500-mg-50-ml\/","og_locale":"pl_PL","og_type":"article","og_title":"Olej konopny Cat Care 500 mg - 50 ml - Kr\u00f3tki termin - Powiadom o dost\u0119pno\u015bci","og_description":"Zobacz \u261b Olej konopny Cat Care 500 mg - 50 ml - Kr\u00f3tki termin - Powiadom o dost\u0119pno\u015bci w konopnym sklepie HempKing \u2705100% naturalne \u2705 Zadbaj z nami o swoj\u0105 diet\u0119!","og_url":"https:\/\/dev.hempking.eu\/pl\/olej-konopny-cat-care-500-mg-50-ml\/","og_site_name":"Hemp King","article_publisher":"https:\/\/www.facebook.com\/hempkingpoland","article_modified_time":"2023-02-28T10:59:00+00:00","og_image":[{"width":1000,"height":1000,"url":"https:\/\/dev.hempking.eu\/pl\/wp-content\/uploads\/sites\/2\/2022\/01\/cat_care_packshot-1.jpg","type":"image\/jpeg"}],"twitter_card":"summary_large_image","twitter_site":"@hempkingeu","twitter_misc":{"Price":"53.40&nbsp;&#122;&#322;","Availability":"Out of stock"},"schema":{"@context":"https:\/\/schema.org","@graph":[{"@type":"WebPage","@id":"https:\/\/dev.hempking.eu\/pl\/olej-konopny-cat-care-500-mg-50-ml-krotki-termin\/","url":"https:\/\/dev.hempking.eu\/pl\/olej-konopny-cat-care-500-mg-50-ml\/","name":"Olej konopny Cat Care 500 mg - 50 ml - Kr\u00f3tki termin - Powiadom o dost\u0119pno\u015bci - Hemp King","isPartOf":{"@id":"https:\/\/dev.hempking.eu\/pl\/#website"},"primaryImageOfPage":{"@id":"https:\/\/dev.hempking.eu\/pl\/olej-konopny-cat-care-500-mg-50-ml\/#primaryimage"},"image":{"@id":"https:\/\/dev.hempking.eu\/pl\/olej-konopny-cat-care-500-mg-50-ml\/#primaryimage"},"thumbnailUrl":"https:\/\/dev.hempking.eu\/pl\/wp-content\/uploads\/sites\/2\/2022\/01\/cat_care_packshot-1.jpg","datePublished":"2022-07-04T11:47:11+00:00","dateModified":"2023-02-28T10:59:00+00:00","description":"Zobacz \u261b Olej konopny Cat Care 500 mg - 50 ml - Kr\u00f3tki termin - Powiadom o dost\u0119pno\u015bci w konopnym sklepie HempKing \u2705100% naturalne \u2705 Zadbaj z nami o swoj\u0105 diet\u0119!","breadcrumb":{"@id":"https:\/\/dev.hempking.eu\/pl\/olej-konopny-cat-care-500-mg-50-ml\/#breadcrumb"},"inLanguage":"pl-PL","potentialAction":[{"@type":"ReadAction","target":["https:\/\/dev.hempking.eu\/pl\/olej-konopny-cat-care-500-mg-50-ml\/"]}]},{"@type":"ImageObject","inLanguage":"pl-PL","@id":"https:\/\/dev.hempking.eu\/pl\/olej-konopny-cat-care-500-mg-50-ml\/#primaryimage","url":"https:\/\/dev.hempking.eu\/pl\/wp-content\/uploads\/sites\/2\/2022\/01\/cat_care_packshot-1.jpg","contentUrl":"https:\/\/dev.hempking.eu\/pl\/wp-content\/uploads\/sites\/2\/2022\/01\/cat_care_packshot-1.jpg","width":1000,"height":1000,"caption":"Olej konopny dla kota 50 ml 500 mg fitosk\u0142adnik\u00f3w HempKing"},{"@type":"BreadcrumbList","@id":"https:\/\/dev.hempking.eu\/pl\/olej-konopny-cat-care-500-mg-50-ml\/#breadcrumb","itemListElement":[{"@type":"ListItem","position":1,"name":"Home","item":"https:\/\/dev.hempking.eu\/pl\/"},{"@type":"ListItem","position":2,"name":"Sklep","item":"https:\/\/dev.hempking.eu\/pl\/shop\/"},{"@type":"ListItem","position":3,"name":"Powiadom o dost\u0119pno\u015bci","item":"https:\/\/dev.hempking.eu\/pl\/powiadom-o-dostepnosci\/"},{"@type":"ListItem","position":4,"name":"Olej konopny Cat Care 500 mg - 50 ml - Kr\u00f3tki termin - Powiadom o dost\u0119pno\u015bci"}]},{"@type":"WebSite","@id":"https:\/\/dev.hempking.eu\/pl\/#website","url":"https:\/\/dev.hempking.eu\/pl\/","name":"Hemp King","description":"","publisher":{"@id":"https:\/\/dev.hempking.eu\/pl\/#organization"},"potentialAction":[{"@type":"SearchAction","target":{"@type":"EntryPoint","urlTemplate":"https:\/\/dev.hempking.eu\/pl\/?s={search_term_string}"},"query-input":{"@type":"PropertyValueSpecification","valueRequired":true,"valueName":"search_term_string"}}],"inLanguage":"pl-PL"},{"@type":"Organization","@id":"https:\/\/dev.hempking.eu\/pl\/#organization","name":"Hemp King","url":"https:\/\/dev.hempking.eu\/pl\/","logo":{"@type":"ImageObject","inLanguage":"pl-PL","@id":"https:\/\/dev.hempking.eu\/pl\/#\/schema\/logo\/image\/","url":"https:\/\/dev.hempking.eu\/pl\/wp-content\/uploads\/sites\/2\/2020\/05\/hempking.png","contentUrl":"https:\/\/dev.hempking.eu\/pl\/wp-content\/uploads\/sites\/2\/2020\/05\/hempking.png","width":148,"height":91,"caption":"Hemp King"},"image":{"@id":"https:\/\/dev.hempking.eu\/pl\/#\/schema\/logo\/image\/"},"sameAs":["https:\/\/www.facebook.com\/hempkingpoland","https:\/\/x.com\/hempkingeu","https:\/\/www.instagram.com\/hempkingeu\/","https:\/\/www.linkedin.com\/company\/hempking-eu\/mycompany\/","https:\/\/pl.pinterest.com\/hempkingeu\/","https:\/\/www.youtube.com\/channel\/UCUkeZA1fj4hSZfoYm0WpZ7w"]}]},"product_price_amount":"53.40","product_price_currency":"PLN","og_availability":"out of stock","product_availability":"out of stock","product_condition":"new"},"_links":{"self":[{"href":"https:\/\/dev.hempking.eu\/pl\/wp-json\/wp\/v2\/product\/101822","targetHints":{"allow":["GET"]}}],"collection":[{"href":"https:\/\/dev.hempking.eu\/pl\/wp-json\/wp\/v2\/product"}],"about":[{"href":"https:\/\/dev.hempking.eu\/pl\/wp-json\/wp\/v2\/types\/product"}],"wp:featuredmedia":[{"embeddable":true,"href":"https:\/\/dev.hempking.eu\/pl\/wp-json\/wp\/v2\/media\/87467"}],"wp:attachment":[{"href":"https:\/\/dev.hempking.eu\/pl\/wp-json\/wp\/v2\/media?parent=101822"}],"wp:term":[{"taxonomy":"product_cat","embeddable":true,"href":"https:\/\/dev.hempking.eu\/pl\/wp-json\/wp\/v2\/product_cat?post=101822"},{"taxonomy":"product_tag","embeddable":true,"href":"https:\/\/dev.hempking.eu\/pl\/wp-json\/wp\/v2\/product_tag?post=101822"}],"curies":[{"name":"wp","href":"https:\/\/api.w.org\/{rel}","templated":true}]}}