{"id":101823,"date":"2022-07-04T13:50:00","date_gmt":"2022-07-04T11:50:00","guid":{"rendered":"https:\/\/hempking.eu\/pl\/?post_type=product&#038;p=101823"},"modified":"2023-02-28T11:58:47","modified_gmt":"2023-02-28T10:58:47","slug":"olej-konopny-dog-care-1000-mg-50-ml-krotki-termin","status":"publish","type":"product","link":"https:\/\/dev.hempking.eu\/pl\/olej-konopny-dog-care-1000-mg-50-ml-krotki-termin\/","title":{"rendered":"Olej konopny Dog Care 1000 mg - 50 ml - Kr\u00f3tki termin - Powiadom o dost\u0119pno\u015bci"},"content":{"rendered":"<h2><strong>Olej CBD Dog Care (zawiera naturalne fitosk\u0142adniki) &#8211; sk\u0142adniki<\/strong><\/h2>\n<p>Olej z w\u0105troby dorsza 60%, olej z ostropestu 10%, olej konopny z naturalnie wyst\u0119puj\u0105cymi fitosk\u0142adnikami 30%.<br \/>\nOlej konopny Dog Care 1000 mg zawiera pe\u0142ne spektrum fitosk\u0142adnik\u00f3w (CBD, CBDA, CBC, CBGA, CBG, CBDV, CBN), terpeny, flawonoidy oraz fenole.<\/p>\n<h2><strong>Olej CBD Dog Care z naturalnymi fitosk\u0142adnikami &#8211; wsparcie psiej diety konopiami<\/strong><\/h2>\n<p>Olejek konopny Dog Care 1000 mg jest suplementem diety, charakteryzuj\u0105cym si\u0119 wysok\u0105 jako\u015bci\u0105, podobnie jak pozosta\u0142e nasze produkty. Do jego produkcji u\u017cywamy wy\u0142\u0105cznie konopi z upraw nieskalanych chemi\u0105. Olejek CBD (olej ten zawiera fitosk\u0142adniki naturalnie wyst\u0119puj\u0105ce w konopiach &#8211; w tym w\u0142a\u015bnie CBD) urozmaicili\u015bmy takimi dodatkami jak olej z w\u0105troby dorsza oraz z ostropestu, by kompleksowo wspiera\u0107 diet\u0119 Twojego psa oraz nada\u0107 olejkowi smaku, obok kt\u00f3rego nie przejdzie oboj\u0119tnie \u017caden zwierzak!<\/p>\n<p>Teraz mo\u017cesz naturalnie wzbogaci\u0107 diet\u0119 swojego psiaka z wysokiej jako\u015bci olejkiem konopnym przeznaczonym specjalnie dla niego! Produkt zosta\u0142 przebadany (lista bada\u0144 poni\u017cej) i jest bezpieczny do stosowania. Uwaga! Nigdy nie stosujemy krystalicznego lub syntetycznego CBD do zwi\u0119kszania st\u0119\u017cenia naszych produkt\u00f3w! To zupe\u0142nie naturalny produkt, kt\u00f3rym mo\u017cesz zadba\u0107 o swojego psa kompleksowo.<\/p>\n<ul>\n<li><a href=\"https:\/\/e8n6i4h7.rocketcdn.me\/pl\/wp-content\/uploads\/sites\/2\/2021\/12\/dogcare.pdf\">St\u0119\u017cenie fitokannabinoid\u00f3w<\/a><\/li>\n<li><a href=\"https:\/\/dev.hempking.eu\/wp-content\/certificates\/badanie-metale-ciezkie.pdf\">Badanie na obecno\u015b\u0107 metali ci\u0119\u017ckich<\/a><\/li>\n<li><a href=\"https:\/\/dev.hempking.eu\/wp-content\/certificates\/badanie-drozdze-plesnie.pdf\">Badanie na obecno\u015b\u0107 dro\u017cd\u017cy i ple\u015bni<\/a><\/li>\n<li><a href=\"https:\/\/dev.hempking.eu\/wp-content\/certificates\/badania-pestycydy.pdf\">Badanie na obecno\u015b\u0107 pestycyd\u00f3w<\/a><\/li>\n<\/ul>\n<p><strong>Olejek konopny Dog Care zosta\u0142 wyprodukowany pod nadzorem Inspektora Weterynaryjnego dla bezpiecze\u0144stwa Twojego psa.<\/strong><\/p>\n<h2><strong>Olej CBD Dog Care (z naturalnymi fitosk\u0142adnikami) &#8211; dlaczego warto?<\/strong><\/h2>\n<p><strong>Jako\u015b\u0107, kt\u00f3r\u0105 potwierdzaj\u0105 badania<\/strong><br \/>\nKupuj\u0105c suplement konopny, dla siebie lub swojego pupila, musisz by\u0107 pewnym, \u017ce kupujesz bezpieczny produkt, z pewnym i sprawdzonym pochodzeniem. Stawiaj\u0105c na nasz olejek konopny Dog Care stawiasz na wysok\u0105 jako\u015b\u0107, kt\u00f3r\u0105 mo\u017cemy potwierdzi\u0107 niezale\u017cnymi badaniami. Nasze produkty s\u0105 badane na ka\u017cdym etapie produkcji. Chcemy mie\u0107 pewno\u015b\u0107, \u017ce dostarczamy Ci wyj\u0105tkowy konopny suplement dla Twojego psa.<\/p>\n<p><strong>100% natury z natury<\/strong><br \/>\nW Hempking wierzymy w potencja\u0142 i si\u0142\u0119 drzemi\u0105ce w naturze. Dlatego opieramy si\u0119 wy\u0142\u0105cznie na naturalnych sk\u0142adnikach w przypadku naszych produkt\u00f3w! Nie u\u017cywamy \u017cadnych sk\u0142adnik\u00f3w sztucznego pochodzenia, jak syntetyczne CBD. Wszelka chemia, pestycydy i herbicydy s\u0105 zupe\u0142nie nieakceptowalne. Aktualne badania naszych produkt\u00f3w znajdziesz tutaj: <strong><a href=\"https:\/\/dev.hempking.eu\/pl\/atesty-i-certyfikaty\/\">Atesty i Certyfikaty<\/a>.<\/strong><\/p>\n<p><strong>Produkt polski<\/strong><br \/>\nNasze konopne olejki s\u0105 polskim produktem w 100%. Sami produkujemy je w Bia\u0142ymstoku, u\u017cywaj\u0105c do tego polskich konopi, z upraw na terenie naszego kraju.<\/p>\n<h2>W\u0142a\u015bciwo\u015bci oleju CBD Dog Care 1000 mg (produkt zawiera naturalnie wyst\u0119puj\u0105ce w konopiach fitosk\u0142adniki)<\/h2>\n<p>Olejek konopny Dog Care zawiera CBD oraz inne fitosk\u0142adniki (CBDA, CBC, CBGA, CBG, CBDV, CBN), dzi\u0119ki czemu \u0142agodnie uzupe\u0142nia diet\u0119 Twojego psiaka. Olej jest przeznaczony dla doros\u0142ych ps\u00f3w wszystkich ras.<\/p>\n<p><strong>Podaj\u0105c olej konopny swojemu psu:<\/strong><\/p>\n<ul>\n<li>urozmaicasz jego diet\u0119 o pe\u0142ne spektrum fitosk\u0142adnik\u00f3w,<\/li>\n<li>dostarczasz mu r\u00f3wnie\u017c niezb\u0119dne kwasy t\u0142uszczowe omega-3, omega-6 i omega-9,<\/li>\n<li>naturalna odporno\u015b\u0107 Twojego psa jest wspierana,<\/li>\n<li>dbasz o jego uk\u0142ad sercowo-naczyniowy,<\/li>\n<li>olej konopny pozytywnie wp\u0142ywa na sk\u00f3r\u0119 i sier\u015b\u0107 pupila, by by\u0142a g\u0142adka i b\u0142yszcz\u0105ca.<\/li>\n<\/ul>\n<p><strong>Olej z\u00a0 dorsza:<\/strong><\/p>\n<ul>\n<li>dba o zdrowie psiej sk\u00f3ry.<\/li>\n<li>dba o l\u015bni\u0105c\u0105 sier\u015b\u0107,<\/li>\n<li>poprawia walory smakowe,<\/li>\n<li>dodaje energii,<\/li>\n<li>zawiera witaminy A i D.<\/li>\n<\/ul>\n<p><strong>Olej z ostropestu:<\/strong><\/p>\n<ul>\n<li>dzia\u0142a ochronnie na w\u0105trob\u0119 psa,<\/li>\n<li>wspomaga regeneracj\u0119 jego w\u0105troby,<\/li>\n<li>przyczynia si\u0119 do prawid\u0142owej produkcji \u017c\u00f3\u0142ci,<\/li>\n<li>bierze udzia\u0142 w ochronie organizmu przed r\u00f3\u017cnymi czynnikami zewn\u0119trznymi.<\/li>\n<\/ul>\n<h2><strong>Jak rozpocz\u0105\u0107 suplementacj\u0119 CBD (oraz pozosta\u0142ych fitosk\u0142adnik\u00f3w) u psa z olejkiem konopnym Dog Care?<\/strong><\/h2>\n<p>Podawanie Twojemu psu olejku CBD z pozosta\u0142ymi fitosk\u0142adnikami (CBDA, CBC, CBGA, CBG, CBDV, CBN) nie powinno by\u0107 trudnym zadaniem. I istnieje na to kilka sposob\u00f3w! Mo\u017cesz podawa\u0107 psiakowi odmierzon\u0105 porcj\u0119 olejku prosto do pyska za pomoc\u0105 do\u0142\u0105czonej pipety. Olej z dorsza powinien posmakowa\u0107 Twojemu psu.<\/p>\n<p>Wiadomo, \u017ce zupe\u0142nie jak ludzie, zwierz\u0119ta r\u00f3wnie\u017c maj\u0105 r\u00f3\u017cne preferencje smakowe i niekt\u00f3re bardziej grymasz\u0105. Psu ci\u0119\u017cko te\u017c nieraz wyt\u0142umaczy\u0107, \u017ce to dla jego dobra i powinien wsp\u00f3\u0142pracowa\u0107 z nami podczas spo\u017cywania suplementu. Je\u015bli masz z tym problem, mo\u017cesz porcj\u0119 olejku konopnego doda\u0107 do karmy lub podawa\u0107 j\u0105 z ulubion\u0105 przek\u0105sk\u0105.<\/p>\n<p><strong>Zalecany spos\u00f3b podawania: 3 krople trzy razy dziennie.<\/strong><\/p>\n<p>&nbsp;<\/p>\n<p>Olej konopny, jak ka\u017cdy inny suplement, nie zast\u0105pi zr\u00f3\u017cnicowanej i zbilansowanej diety Twojego psa.<br \/>\nPami\u0119taj, aby przechowywa\u0107 go z dala od zasi\u0119gu dzieci.<br \/>\nNie przekraczaj dziennej zalecanej porcji!<\/p>\n<p><a href=\"https:\/\/dev.hempking.eu\/pl\/wp-content\/uploads\/sites\/2\/2020\/07\/warunki4-1.jpg\"><img loading=\"lazy\" decoding=\"async\" class=\"alignnone wp-image-104414 size-full\" src=\"https:\/\/dev.hempking.eu\/pl\/wp-content\/uploads\/sites\/2\/2020\/07\/warunki4-1.jpg\" alt=\"o\u015bwiadczenia CBD w UE\" width=\"755\" height=\"353\" srcset=\"https:\/\/dev.hempking.eu\/pl\/wp-content\/uploads\/sites\/2\/2020\/07\/warunki4-1.jpg 755w, https:\/\/dev.hempking.eu\/pl\/wp-content\/uploads\/sites\/2\/2020\/07\/warunki4-1-640x299.jpg 640w, https:\/\/dev.hempking.eu\/pl\/wp-content\/uploads\/sites\/2\/2020\/07\/warunki4-1-400x187.jpg 400w\" sizes=\"auto, (max-width: 755px) 100vw, 755px\" \/><\/a><\/p>\n","protected":false},"excerpt":{"rendered":"<h2><\/h2>\n<h2><strong>Olej konopny Dog Care to:<\/strong><\/h2>\n<ul>\n<li>1000 mg fitokannabinoid\u00f3w z konopi,<\/li>\n<li>wsparcie naturalnej odporno\u015bci Twojego psa,<\/li>\n<li>pipeta, kt\u00f3ra umo\u017cliwia dozowanie produktu do pyska lub do jedzenia,<\/li>\n<li>pe\u0142ne spektrum fitosk\u0142adnik\u00f3w (w tym: CBD, CBDA, CBDV, CBG, CBC, CBN, CBGA),<\/li>\n<li>100% natury,<\/li>\n<li>urozmaicony dodatkiem olej\u00f3w z dorsza oraz ostropestu,<\/li>\n<li>badania znajdziesz tutaj:\u00a0<strong><a href=\"https:\/\/dev.hempking.eu\/pl\/atesty-i-certyfikaty\/\">Atesty i Certyfikaty<\/a>.<\/strong><\/li>\n<\/ul>\n<p><strong>Pojemno\u015b\u0107: 50ml<\/strong><\/p>\n","protected":false},"featured_media":87470,"template":"","meta":{"_acf_changed":false},"product_cat":[153],"product_tag":[],"class_list":{"0":"post-101823","1":"product","2":"type-product","3":"status-publish","4":"has-post-thumbnail","6":"product_cat-powiadom-o-dostepnosci","8":"first","9":"outofstock","10":"sale","11":"shipping-taxable","12":"purchasable","13":"product-type-simple"},"acf":[],"yoast_head":"<!-- This site is optimized with the Yoast SEO Premium plugin v23.4 (Yoast SEO v24.0) - https:\/\/yoast.com\/wordpress\/plugins\/seo\/ -->\n<title>Olej konopny Dog Care 1000 mg - 50 ml - Kr\u00f3tki termin - Powiadom o dost\u0119pno\u015bci - Hemp King<\/title>\n<meta name=\"description\" content=\"Zobacz \u261b Olej konopny Dog Care 1000 mg - 50 ml - Kr\u00f3tki termin - Powiadom o dost\u0119pno\u015bci w konopnym sklepie HempKing \u2705100% naturalne \u2705 Zadbaj z nami o swoj\u0105 diet\u0119!\" \/>\n<link rel=\"canonical\" href=\"https:\/\/dev.hempking.eu\/pl\/olej-konopny-dog-care-1000-mg-50-ml\/\" \/>\n<meta property=\"og:locale\" content=\"pl_PL\" \/>\n<meta property=\"og:type\" content=\"article\" \/>\n<meta property=\"og:title\" content=\"Olej konopny Dog Care 1000 mg - 50 ml - Kr\u00f3tki termin - Powiadom o dost\u0119pno\u015bci\" \/>\n<meta property=\"og:description\" content=\"Zobacz \u261b Olej konopny Dog Care 1000 mg - 50 ml - Kr\u00f3tki termin - Powiadom o dost\u0119pno\u015bci w konopnym sklepie HempKing \u2705100% naturalne \u2705 Zadbaj z nami o swoj\u0105 diet\u0119!\" \/>\n<meta property=\"og:url\" content=\"https:\/\/dev.hempking.eu\/pl\/olej-konopny-dog-care-1000-mg-50-ml\/\" \/>\n<meta property=\"og:site_name\" content=\"Hemp King\" \/>\n<meta property=\"article:publisher\" content=\"https:\/\/www.facebook.com\/hempkingpoland\" \/>\n<meta property=\"article:modified_time\" content=\"2023-02-28T10:58:47+00:00\" \/>\n<meta property=\"og:image\" content=\"https:\/\/dev.hempking.eu\/pl\/wp-content\/uploads\/sites\/2\/2022\/01\/dog_care_packshot-1.jpg\" \/>\n\t<meta property=\"og:image:width\" content=\"1000\" \/>\n\t<meta property=\"og:image:height\" content=\"1000\" \/>\n\t<meta property=\"og:image:type\" content=\"image\/jpeg\" \/>\n<meta name=\"twitter:card\" content=\"summary_large_image\" \/>\n<meta name=\"twitter:site\" content=\"@hempkingeu\" \/>\n<meta name=\"twitter:label1\" content=\"Price\" \/>\n\t<meta name=\"twitter:data1\" content=\"119.00&nbsp;&#122;&#322;\" \/>\n\t<meta name=\"twitter:label2\" content=\"Availability\" \/>\n\t<meta name=\"twitter:data2\" content=\"Out of stock\" \/>\n<script type=\"application\/ld+json\" class=\"yoast-schema-graph\">{\"@context\":\"https:\/\/schema.org\",\"@graph\":[{\"@type\":\"WebPage\",\"@id\":\"https:\/\/dev.hempking.eu\/pl\/olej-konopny-dog-care-1000-mg-50-ml-krotki-termin\/\",\"url\":\"https:\/\/dev.hempking.eu\/pl\/olej-konopny-dog-care-1000-mg-50-ml\/\",\"name\":\"Olej konopny Dog Care 1000 mg - 50 ml - Kr\u00f3tki termin - Powiadom o dost\u0119pno\u015bci - Hemp King\",\"isPartOf\":{\"@id\":\"https:\/\/dev.hempking.eu\/pl\/#website\"},\"primaryImageOfPage\":{\"@id\":\"https:\/\/dev.hempking.eu\/pl\/olej-konopny-dog-care-1000-mg-50-ml\/#primaryimage\"},\"image\":{\"@id\":\"https:\/\/dev.hempking.eu\/pl\/olej-konopny-dog-care-1000-mg-50-ml\/#primaryimage\"},\"thumbnailUrl\":\"https:\/\/dev.hempking.eu\/pl\/wp-content\/uploads\/sites\/2\/2022\/01\/dog_care_packshot-1.jpg\",\"datePublished\":\"2022-07-04T11:50:00+00:00\",\"dateModified\":\"2023-02-28T10:58:47+00:00\",\"description\":\"Zobacz \u261b Olej konopny Dog Care 1000 mg - 50 ml - Kr\u00f3tki termin - Powiadom o dost\u0119pno\u015bci w konopnym sklepie HempKing \u2705100% naturalne \u2705 Zadbaj z nami o swoj\u0105 diet\u0119!\",\"breadcrumb\":{\"@id\":\"https:\/\/dev.hempking.eu\/pl\/olej-konopny-dog-care-1000-mg-50-ml\/#breadcrumb\"},\"inLanguage\":\"pl-PL\",\"potentialAction\":[{\"@type\":\"ReadAction\",\"target\":[\"https:\/\/dev.hempking.eu\/pl\/olej-konopny-dog-care-1000-mg-50-ml\/\"]}]},{\"@type\":\"ImageObject\",\"inLanguage\":\"pl-PL\",\"@id\":\"https:\/\/dev.hempking.eu\/pl\/olej-konopny-dog-care-1000-mg-50-ml\/#primaryimage\",\"url\":\"https:\/\/dev.hempking.eu\/pl\/wp-content\/uploads\/sites\/2\/2022\/01\/dog_care_packshot-1.jpg\",\"contentUrl\":\"https:\/\/dev.hempking.eu\/pl\/wp-content\/uploads\/sites\/2\/2022\/01\/dog_care_packshot-1.jpg\",\"width\":1000,\"height\":1000,\"caption\":\"Olej konopny dla ps\u00f3w 1000 mg fitosk\u0142adnik\u00f3w HempKing\"},{\"@type\":\"BreadcrumbList\",\"@id\":\"https:\/\/dev.hempking.eu\/pl\/olej-konopny-dog-care-1000-mg-50-ml\/#breadcrumb\",\"itemListElement\":[{\"@type\":\"ListItem\",\"position\":1,\"name\":\"Home\",\"item\":\"https:\/\/dev.hempking.eu\/pl\/\"},{\"@type\":\"ListItem\",\"position\":2,\"name\":\"Sklep\",\"item\":\"https:\/\/dev.hempking.eu\/pl\/shop\/\"},{\"@type\":\"ListItem\",\"position\":3,\"name\":\"Powiadom o dost\u0119pno\u015bci\",\"item\":\"https:\/\/dev.hempking.eu\/pl\/powiadom-o-dostepnosci\/\"},{\"@type\":\"ListItem\",\"position\":4,\"name\":\"Olej konopny Dog Care 1000 mg - 50 ml - Kr\u00f3tki termin - Powiadom o dost\u0119pno\u015bci\"}]},{\"@type\":\"WebSite\",\"@id\":\"https:\/\/dev.hempking.eu\/pl\/#website\",\"url\":\"https:\/\/dev.hempking.eu\/pl\/\",\"name\":\"Hemp King\",\"description\":\"\",\"publisher\":{\"@id\":\"https:\/\/dev.hempking.eu\/pl\/#organization\"},\"potentialAction\":[{\"@type\":\"SearchAction\",\"target\":{\"@type\":\"EntryPoint\",\"urlTemplate\":\"https:\/\/dev.hempking.eu\/pl\/?s={search_term_string}\"},\"query-input\":{\"@type\":\"PropertyValueSpecification\",\"valueRequired\":true,\"valueName\":\"search_term_string\"}}],\"inLanguage\":\"pl-PL\"},{\"@type\":\"Organization\",\"@id\":\"https:\/\/dev.hempking.eu\/pl\/#organization\",\"name\":\"Hemp King\",\"url\":\"https:\/\/dev.hempking.eu\/pl\/\",\"logo\":{\"@type\":\"ImageObject\",\"inLanguage\":\"pl-PL\",\"@id\":\"https:\/\/dev.hempking.eu\/pl\/#\/schema\/logo\/image\/\",\"url\":\"https:\/\/dev.hempking.eu\/pl\/wp-content\/uploads\/sites\/2\/2020\/05\/hempking.png\",\"contentUrl\":\"https:\/\/dev.hempking.eu\/pl\/wp-content\/uploads\/sites\/2\/2020\/05\/hempking.png\",\"width\":148,\"height\":91,\"caption\":\"Hemp King\"},\"image\":{\"@id\":\"https:\/\/dev.hempking.eu\/pl\/#\/schema\/logo\/image\/\"},\"sameAs\":[\"https:\/\/www.facebook.com\/hempkingpoland\",\"https:\/\/x.com\/hempkingeu\",\"https:\/\/www.instagram.com\/hempkingeu\/\",\"https:\/\/www.linkedin.com\/company\/hempking-eu\/mycompany\/\",\"https:\/\/pl.pinterest.com\/hempkingeu\/\",\"https:\/\/www.youtube.com\/channel\/UCUkeZA1fj4hSZfoYm0WpZ7w\"]}]}<\/script>\n<meta property=\"product:price:amount\" content=\"119.00\" \/>\n<meta property=\"product:price:currency\" content=\"PLN\" \/>\n<meta property=\"og:availability\" content=\"out of stock\" \/>\n<meta property=\"product:availability\" content=\"out of stock\" \/>\n<meta property=\"product:condition\" content=\"new\" \/>\n<!-- \/ Yoast SEO Premium plugin. -->","yoast_head_json":{"title":"Olej konopny Dog Care 1000 mg - 50 ml - Kr\u00f3tki termin - Powiadom o dost\u0119pno\u015bci - Hemp King","description":"Zobacz \u261b Olej konopny Dog Care 1000 mg - 50 ml - Kr\u00f3tki termin - Powiadom o dost\u0119pno\u015bci w konopnym sklepie HempKing \u2705100% naturalne \u2705 Zadbaj z nami o swoj\u0105 diet\u0119!","canonical":"https:\/\/dev.hempking.eu\/pl\/olej-konopny-dog-care-1000-mg-50-ml\/","og_locale":"pl_PL","og_type":"article","og_title":"Olej konopny Dog Care 1000 mg - 50 ml - Kr\u00f3tki termin - Powiadom o dost\u0119pno\u015bci","og_description":"Zobacz \u261b Olej konopny Dog Care 1000 mg - 50 ml - Kr\u00f3tki termin - Powiadom o dost\u0119pno\u015bci w konopnym sklepie HempKing \u2705100% naturalne \u2705 Zadbaj z nami o swoj\u0105 diet\u0119!","og_url":"https:\/\/dev.hempking.eu\/pl\/olej-konopny-dog-care-1000-mg-50-ml\/","og_site_name":"Hemp King","article_publisher":"https:\/\/www.facebook.com\/hempkingpoland","article_modified_time":"2023-02-28T10:58:47+00:00","og_image":[{"width":1000,"height":1000,"url":"https:\/\/dev.hempking.eu\/pl\/wp-content\/uploads\/sites\/2\/2022\/01\/dog_care_packshot-1.jpg","type":"image\/jpeg"}],"twitter_card":"summary_large_image","twitter_site":"@hempkingeu","twitter_misc":{"Price":"119.00&nbsp;&#122;&#322;","Availability":"Out of stock"},"schema":{"@context":"https:\/\/schema.org","@graph":[{"@type":"WebPage","@id":"https:\/\/dev.hempking.eu\/pl\/olej-konopny-dog-care-1000-mg-50-ml-krotki-termin\/","url":"https:\/\/dev.hempking.eu\/pl\/olej-konopny-dog-care-1000-mg-50-ml\/","name":"Olej konopny Dog Care 1000 mg - 50 ml - Kr\u00f3tki termin - Powiadom o dost\u0119pno\u015bci - Hemp King","isPartOf":{"@id":"https:\/\/dev.hempking.eu\/pl\/#website"},"primaryImageOfPage":{"@id":"https:\/\/dev.hempking.eu\/pl\/olej-konopny-dog-care-1000-mg-50-ml\/#primaryimage"},"image":{"@id":"https:\/\/dev.hempking.eu\/pl\/olej-konopny-dog-care-1000-mg-50-ml\/#primaryimage"},"thumbnailUrl":"https:\/\/dev.hempking.eu\/pl\/wp-content\/uploads\/sites\/2\/2022\/01\/dog_care_packshot-1.jpg","datePublished":"2022-07-04T11:50:00+00:00","dateModified":"2023-02-28T10:58:47+00:00","description":"Zobacz \u261b Olej konopny Dog Care 1000 mg - 50 ml - Kr\u00f3tki termin - Powiadom o dost\u0119pno\u015bci w konopnym sklepie HempKing \u2705100% naturalne \u2705 Zadbaj z nami o swoj\u0105 diet\u0119!","breadcrumb":{"@id":"https:\/\/dev.hempking.eu\/pl\/olej-konopny-dog-care-1000-mg-50-ml\/#breadcrumb"},"inLanguage":"pl-PL","potentialAction":[{"@type":"ReadAction","target":["https:\/\/dev.hempking.eu\/pl\/olej-konopny-dog-care-1000-mg-50-ml\/"]}]},{"@type":"ImageObject","inLanguage":"pl-PL","@id":"https:\/\/dev.hempking.eu\/pl\/olej-konopny-dog-care-1000-mg-50-ml\/#primaryimage","url":"https:\/\/dev.hempking.eu\/pl\/wp-content\/uploads\/sites\/2\/2022\/01\/dog_care_packshot-1.jpg","contentUrl":"https:\/\/dev.hempking.eu\/pl\/wp-content\/uploads\/sites\/2\/2022\/01\/dog_care_packshot-1.jpg","width":1000,"height":1000,"caption":"Olej konopny dla ps\u00f3w 1000 mg fitosk\u0142adnik\u00f3w HempKing"},{"@type":"BreadcrumbList","@id":"https:\/\/dev.hempking.eu\/pl\/olej-konopny-dog-care-1000-mg-50-ml\/#breadcrumb","itemListElement":[{"@type":"ListItem","position":1,"name":"Home","item":"https:\/\/dev.hempking.eu\/pl\/"},{"@type":"ListItem","position":2,"name":"Sklep","item":"https:\/\/dev.hempking.eu\/pl\/shop\/"},{"@type":"ListItem","position":3,"name":"Powiadom o dost\u0119pno\u015bci","item":"https:\/\/dev.hempking.eu\/pl\/powiadom-o-dostepnosci\/"},{"@type":"ListItem","position":4,"name":"Olej konopny Dog Care 1000 mg - 50 ml - Kr\u00f3tki termin - Powiadom o dost\u0119pno\u015bci"}]},{"@type":"WebSite","@id":"https:\/\/dev.hempking.eu\/pl\/#website","url":"https:\/\/dev.hempking.eu\/pl\/","name":"Hemp King","description":"","publisher":{"@id":"https:\/\/dev.hempking.eu\/pl\/#organization"},"potentialAction":[{"@type":"SearchAction","target":{"@type":"EntryPoint","urlTemplate":"https:\/\/dev.hempking.eu\/pl\/?s={search_term_string}"},"query-input":{"@type":"PropertyValueSpecification","valueRequired":true,"valueName":"search_term_string"}}],"inLanguage":"pl-PL"},{"@type":"Organization","@id":"https:\/\/dev.hempking.eu\/pl\/#organization","name":"Hemp King","url":"https:\/\/dev.hempking.eu\/pl\/","logo":{"@type":"ImageObject","inLanguage":"pl-PL","@id":"https:\/\/dev.hempking.eu\/pl\/#\/schema\/logo\/image\/","url":"https:\/\/dev.hempking.eu\/pl\/wp-content\/uploads\/sites\/2\/2020\/05\/hempking.png","contentUrl":"https:\/\/dev.hempking.eu\/pl\/wp-content\/uploads\/sites\/2\/2020\/05\/hempking.png","width":148,"height":91,"caption":"Hemp King"},"image":{"@id":"https:\/\/dev.hempking.eu\/pl\/#\/schema\/logo\/image\/"},"sameAs":["https:\/\/www.facebook.com\/hempkingpoland","https:\/\/x.com\/hempkingeu","https:\/\/www.instagram.com\/hempkingeu\/","https:\/\/www.linkedin.com\/company\/hempking-eu\/mycompany\/","https:\/\/pl.pinterest.com\/hempkingeu\/","https:\/\/www.youtube.com\/channel\/UCUkeZA1fj4hSZfoYm0WpZ7w"]}]},"product_price_amount":"119.00","product_price_currency":"PLN","og_availability":"out of stock","product_availability":"out of stock","product_condition":"new"},"_links":{"self":[{"href":"https:\/\/dev.hempking.eu\/pl\/wp-json\/wp\/v2\/product\/101823","targetHints":{"allow":["GET"]}}],"collection":[{"href":"https:\/\/dev.hempking.eu\/pl\/wp-json\/wp\/v2\/product"}],"about":[{"href":"https:\/\/dev.hempking.eu\/pl\/wp-json\/wp\/v2\/types\/product"}],"wp:featuredmedia":[{"embeddable":true,"href":"https:\/\/dev.hempking.eu\/pl\/wp-json\/wp\/v2\/media\/87470"}],"wp:attachment":[{"href":"https:\/\/dev.hempking.eu\/pl\/wp-json\/wp\/v2\/media?parent=101823"}],"wp:term":[{"taxonomy":"product_cat","embeddable":true,"href":"https:\/\/dev.hempking.eu\/pl\/wp-json\/wp\/v2\/product_cat?post=101823"},{"taxonomy":"product_tag","embeddable":true,"href":"https:\/\/dev.hempking.eu\/pl\/wp-json\/wp\/v2\/product_tag?post=101823"}],"curies":[{"name":"wp","href":"https:\/\/api.w.org\/{rel}","templated":true}]}}