{"id":101824,"date":"2022-07-04T13:52:05","date_gmt":"2022-07-04T11:52:05","guid":{"rendered":"https:\/\/hempking.eu\/pl\/?post_type=product&#038;p=101824"},"modified":"2023-02-28T10:53:18","modified_gmt":"2023-02-28T09:53:18","slug":"olej-konopny-horse-care-3000-mg-50-ml-krotki-termin","status":"publish","type":"product","link":"https:\/\/dev.hempking.eu\/pl\/olej-konopny-horse-care-3000-mg-50-ml-krotki-termin\/","title":{"rendered":"Olej konopny Horse Care 3000 mg - 50 ml - Kr\u00f3tki termin - Powiadom o dostepno\u015bci"},"content":{"rendered":"<h2><strong>Olej CBD Horse Care &#8211; sk\u0142adniki<\/strong><\/h2>\n<p>Olej z w\u0105troby dorsza 60%, olej z ostropestu 10%, olej konopny z naturalnie wyst\u0119puj\u0105cymi fitosk\u0142adnikami 30%.<br \/>\nOlej konopny Dog Care 3000 mg zawiera pe\u0142ne spektrum fitosk\u0142adnik\u00f3w, terpeny, flawonoidy oraz fenole.<\/p>\n<h2><strong>Olej CBD Horse Care &#8211; urozmaicenie diety Twojego konia konopiami<\/strong><\/h2>\n<p>Olejek konopny Horse Care 3000 mg to suplement diety o bardzo wysokiej jako\u015bci, by wyj\u0105tkowo zadba\u0107 o Twoje zwierz\u0119. Do jego wytworzenia u\u017cywamy tylko konopi z upraw nieskalanych chemi\u0105. Olejek CBD wraz z olejem z w\u0105troby dorsza oraz z ostropestu, mo\u017ce wspiera\u0107 Twojego konia jeszcze lepiej oraz nadaje produktowi takiego smaku, by zwierzak nie m\u00f3g\u0142 przej\u015b\u0107 obok niego oboj\u0119tnie!<\/p>\n<p>Mo\u017cesz zupe\u0142nie naturalnie urozmaici\u0107 diet\u0119 swojego konia tym olejkiem konopnym o wysokiej jako\u015bci, kt\u00f3ry jest przeznaczony specjalnie dla tego gatunku! Produkt zosta\u0142 przebadany i jest bezpieczny do stosowania. Wa\u017cne! Nie u\u017cywamy syntetycznego czy krystalicznego CBD do wzmacniania naszych produkt\u00f3w! To 100% natury, dla wsparcia Twoje konia i jego diety.<\/p>\n<p><strong>Horse Care olejek konopny dla bezpiecze\u0144stwa Twojego konia powsta\u0142 pod nadzorem Inspektora Weterynaryjnego.<\/strong><\/p>\n<h2><strong>Olej CBD Horse Care &#8211; dlaczego warto?<\/strong><\/h2>\n<p><strong>Jako\u015b\u0107, kt\u00f3r\u0105 potwierdzaj\u0105 badania<\/strong><br \/>\nKupuj\u0105c takie produkty z CBD, dla siebie lub swojego zwierz\u0119cia, na pewno chcesz mie\u0107 pewno\u015b\u0107, \u017ce to suplement bezpieczny oraz taki, kt\u00f3ry ma pewne korzenie. Decyduj\u0105c si\u0119 na nasz olejek konopny Horse Care, decydujesz si\u0119 na wysok\u0105 jako\u015b\u0107, kt\u00f3r\u0105 sprawdzamy na ka\u017cdym kroku. Nasze produkty s\u0105 sprawdzane na ka\u017cdym etapie produkcji. Chcemy mie\u0107 100% pewno\u015bci, \u017ce oferujemy Ci produkt warto\u015bciowy dla Twojego konia.<\/p>\n<p><strong>100% natury z natury<\/strong><br \/>\nW Hempking stawiamy na si\u0142\u0119 natury i jej potencja\u0142. Dlatego u\u017cywamy tylko sk\u0142adnik\u00f3w naturalnych w przypadku naszych produkt\u00f3w! Nie stosujemy sk\u0142adnik\u00f3w syntetycznych, jak na przyk\u0142ad syntetyczne CBD. Zakazujemy chemii, pestycyd\u00f3w i herbicyd\u00f3w.<\/p>\n<p><strong>Produkt polski<\/strong><br \/>\nTo w 100% polski produkt, kt\u00f3ry wyprodukowany zosta\u0142 przez nas w Bia\u0142ymstoku, z polskich konopi, kt\u00f3rych sami dogl\u0105damy na uprawach!<\/p>\n<h2><strong>W\u0142a\u015bciwo\u015bci oleju CBD Horse Care 3000 mg<\/strong><\/h2>\n<p>Olejek konopny Horse Care zawiera CBD oraz inne fitosk\u0142adniki w pe\u0142nym spektrum, dzi\u0119ki czemu \u0142agodnie uzupe\u0142nia diet\u0119 Twojego konia. Olej jest przeznaczony dla doros\u0142ych koni.<\/p>\n<p><strong>Stosuj\u0105c olej konopny u swojego konia:<\/strong><\/p>\n<ul>\n<li>urozmaicasz jego diet\u0119 o pe\u0142ne spektrum fitosk\u0142adnik\u00f3w,<\/li>\n<li>oraz o niezb\u0119dne kwasy t\u0142uszczowe omega-3, omega-6 i omega-9,<\/li>\n<li>naturalna odporno\u015b\u0107 Twojego konia jest wspierana,<\/li>\n<li>dbasz o jego uk\u0142ad sercowo-naczyniowy,<\/li>\n<li>olej konopny pozytywnie wp\u0142ywa na sk\u00f3r\u0119 i sier\u015b\u0107 czterokopytnego zwierzaka, by by\u0142a g\u0142adka i b\u0142yszcz\u0105ca.<\/li>\n<\/ul>\n<p><strong>Olej z\u00a0 dorsza:<\/strong><\/p>\n<ul>\n<li>dba o zdrowie sk\u00f3ry.<\/li>\n<li>dba o zdrowo wygl\u0105daj\u0105c\u0105 sier\u015b\u0107,<\/li>\n<li>dodaje walor\u00f3w smakowych,<\/li>\n<li>dodaje energii,<\/li>\n<li>zawiera witaminy A i D.<\/li>\n<\/ul>\n<p><strong>Olej z ostropestu:<\/strong><\/p>\n<ul>\n<li>dzia\u0142a ochronnie na w\u0105trob\u0119 konia,<\/li>\n<li>wspomaga regeneracj\u0119 jego w\u0105troby,<\/li>\n<li>przyczynia si\u0119 do prawid\u0142owej produkcji \u017c\u00f3\u0142ci,<\/li>\n<li>bierze udzia\u0142 w ochronie organizmu przed r\u00f3\u017cnymi czynnikami zewn\u0119trznymi.<\/li>\n<\/ul>\n<h2><strong>Jak rozpocz\u0105\u0107 suplementacj\u0119 CBD u konia z olejkiem konopnym Horse Care?<\/strong><\/h2>\n<p>Podawanie koniowi olejku CBD nie jest wymagaj\u0105cym zadaniem. A do tego jest na to kilka sposob\u00f3w! Mo\u017cesz podawa\u0107 koniowi odmierzon\u0105 porcj\u0119 olejku bezpo\u015brednio do pyska za pomoc\u0105 pipety, kt\u00f3r\u0105 do\u0142\u0105czamy.<\/p>\n<p>Zdajemy sobie jednak spraw\u0119 z tego, \u017ce tak samo jak ludzie, zwierz\u0119ta maj\u0105 swoje ulubione i mniej ulubione smaki. Zwierz\u0119ciu ci\u0119\u017cko wyt\u0142umaczy\u0107, \u017ce suplementacja jest dla jego dobra i powinien wsp\u00f3\u0142pracowa\u0107 z nami podczas spo\u017cywania suplementu. Dlatego w takich wypadkach mo\u017cesz dozowa\u0107 porcj\u0119 olejku CBD do paszy lub poda\u0107 j\u0105 wraz z ulubionym smaczkiem.<\/p>\n<p><strong>Zalecany spos\u00f3b podawania: 3 krople trzy razy dziennie.<\/strong><\/p>\n<p>&nbsp;<\/p>\n<p>Olej Horse Care, jako suplement, nie s\u0142u\u017cy zast\u0105pieniu zbilansowanej diety Twojego konia.<br \/>\nZawsze przechowuj go poza zasi\u0119giem dzieci.<br \/>\nNie przekraczaj dziennej zalecanej porcji!<\/p>\n<p><a href=\"https:\/\/dev.hempking.eu\/pl\/wp-content\/uploads\/sites\/2\/2020\/07\/warunki4-1.jpg\"><img loading=\"lazy\" decoding=\"async\" class=\"alignnone wp-image-104414 size-full\" src=\"https:\/\/dev.hempking.eu\/pl\/wp-content\/uploads\/sites\/2\/2020\/07\/warunki4-1.jpg\" alt=\"o\u015bwiadczenia CBD w UE\" width=\"755\" height=\"353\" srcset=\"https:\/\/dev.hempking.eu\/pl\/wp-content\/uploads\/sites\/2\/2020\/07\/warunki4-1.jpg 755w, https:\/\/dev.hempking.eu\/pl\/wp-content\/uploads\/sites\/2\/2020\/07\/warunki4-1-640x299.jpg 640w, https:\/\/dev.hempking.eu\/pl\/wp-content\/uploads\/sites\/2\/2020\/07\/warunki4-1-400x187.jpg 400w\" sizes=\"auto, (max-width: 755px) 100vw, 755px\" \/><\/a><\/p>\n","protected":false},"excerpt":{"rendered":"<h2><strong>Olej konopny Horse Care to:<\/strong><\/h2>\n<ul>\n<li>3000 mg fitosk\u0142adnik\u00f3w konopnych wysokiej jako\u015bci,<\/li>\n<li>naturalne wsparcie odporno\u015bci konia,<\/li>\n<li>pipeta do wygodnego podawania produktu wprost do pyska lub paszy,<\/li>\n<li>fitosk\u0142adniki o pe\u0142nym spektrum (w tym: CBD, CBDA, CBDV, CBG, CBC, CBN, CBGA),<\/li>\n<li>wy\u0142\u0105cznie naturalne sk\u0142adniki,<\/li>\n<li>z dodatkiem oleju z dorsza oraz ostropestu<\/li>\n<\/ul>\n<p><strong>Pojemno\u015b\u0107: 50ml<\/strong><\/p>\n","protected":false},"featured_media":87478,"template":"","meta":{"_acf_changed":false},"product_cat":[153],"product_tag":[],"class_list":{"0":"post-101824","1":"product","2":"type-product","3":"status-publish","4":"has-post-thumbnail","6":"product_cat-powiadom-o-dostepnosci","8":"first","9":"outofstock","10":"sale","11":"shipping-taxable","12":"purchasable","13":"product-type-simple"},"acf":[],"yoast_head":"<!-- This site is optimized with the Yoast SEO Premium plugin v23.4 (Yoast SEO v24.0) - https:\/\/yoast.com\/wordpress\/plugins\/seo\/ -->\n<title>Olej konopny Horse Care 3000 mg - 50 ml - Kr\u00f3tki termin - Powiadom o dostepno\u015bci - Hemp King<\/title>\n<meta name=\"description\" content=\"Zobacz \u261b Olej konopny Horse Care 3000 mg - 50 ml - Kr\u00f3tki termin - Powiadom o dostepno\u015bci w konopnym sklepie HempKing \u2705100% naturalne \u2705 Zadbaj z nami o swoj\u0105 diet\u0119!\" \/>\n<link rel=\"canonical\" href=\"https:\/\/dev.hempking.eu\/pl\/olej-konopny-horse-care-3000-mg-50-ml\/\" \/>\n<meta property=\"og:locale\" content=\"pl_PL\" \/>\n<meta property=\"og:type\" content=\"article\" \/>\n<meta property=\"og:title\" content=\"Olej konopny Horse Care 3000 mg - 50 ml - Kr\u00f3tki termin - Powiadom o dostepno\u015bci\" \/>\n<meta property=\"og:description\" content=\"Zobacz \u261b Olej konopny Horse Care 3000 mg - 50 ml - Kr\u00f3tki termin - Powiadom o dostepno\u015bci w konopnym sklepie HempKing \u2705100% naturalne \u2705 Zadbaj z nami o swoj\u0105 diet\u0119!\" \/>\n<meta property=\"og:url\" content=\"https:\/\/dev.hempking.eu\/pl\/olej-konopny-horse-care-3000-mg-50-ml\/\" \/>\n<meta property=\"og:site_name\" content=\"Hemp King\" \/>\n<meta property=\"article:publisher\" content=\"https:\/\/www.facebook.com\/hempkingpoland\" \/>\n<meta property=\"article:modified_time\" content=\"2023-02-28T09:53:18+00:00\" \/>\n<meta property=\"og:image\" content=\"https:\/\/dev.hempking.eu\/pl\/wp-content\/uploads\/sites\/2\/2022\/01\/hors_care_packshot-1.jpg\" \/>\n\t<meta property=\"og:image:width\" content=\"1000\" \/>\n\t<meta property=\"og:image:height\" content=\"1000\" \/>\n\t<meta property=\"og:image:type\" content=\"image\/jpeg\" \/>\n<meta name=\"twitter:card\" content=\"summary_large_image\" \/>\n<meta name=\"twitter:site\" content=\"@hempkingeu\" \/>\n<meta name=\"twitter:label1\" content=\"Price\" \/>\n\t<meta name=\"twitter:data1\" content=\"284.50&nbsp;&#122;&#322;\" \/>\n\t<meta name=\"twitter:label2\" content=\"Availability\" \/>\n\t<meta name=\"twitter:data2\" content=\"Out of stock\" \/>\n<script type=\"application\/ld+json\" class=\"yoast-schema-graph\">{\"@context\":\"https:\/\/schema.org\",\"@graph\":[{\"@type\":\"WebPage\",\"@id\":\"https:\/\/dev.hempking.eu\/pl\/olej-konopny-horse-care-3000-mg-50-ml-krotki-termin\/\",\"url\":\"https:\/\/dev.hempking.eu\/pl\/olej-konopny-horse-care-3000-mg-50-ml\/\",\"name\":\"Olej konopny Horse Care 3000 mg - 50 ml - Kr\u00f3tki termin - Powiadom o dostepno\u015bci - Hemp King\",\"isPartOf\":{\"@id\":\"https:\/\/dev.hempking.eu\/pl\/#website\"},\"primaryImageOfPage\":{\"@id\":\"https:\/\/dev.hempking.eu\/pl\/olej-konopny-horse-care-3000-mg-50-ml\/#primaryimage\"},\"image\":{\"@id\":\"https:\/\/dev.hempking.eu\/pl\/olej-konopny-horse-care-3000-mg-50-ml\/#primaryimage\"},\"thumbnailUrl\":\"https:\/\/dev.hempking.eu\/pl\/wp-content\/uploads\/sites\/2\/2022\/01\/hors_care_packshot-1.jpg\",\"datePublished\":\"2022-07-04T11:52:05+00:00\",\"dateModified\":\"2023-02-28T09:53:18+00:00\",\"description\":\"Zobacz \u261b Olej konopny Horse Care 3000 mg - 50 ml - Kr\u00f3tki termin - Powiadom o dostepno\u015bci w konopnym sklepie HempKing \u2705100% naturalne \u2705 Zadbaj z nami o swoj\u0105 diet\u0119!\",\"breadcrumb\":{\"@id\":\"https:\/\/dev.hempking.eu\/pl\/olej-konopny-horse-care-3000-mg-50-ml\/#breadcrumb\"},\"inLanguage\":\"pl-PL\",\"potentialAction\":[{\"@type\":\"ReadAction\",\"target\":[\"https:\/\/dev.hempking.eu\/pl\/olej-konopny-horse-care-3000-mg-50-ml\/\"]}]},{\"@type\":\"ImageObject\",\"inLanguage\":\"pl-PL\",\"@id\":\"https:\/\/dev.hempking.eu\/pl\/olej-konopny-horse-care-3000-mg-50-ml\/#primaryimage\",\"url\":\"https:\/\/dev.hempking.eu\/pl\/wp-content\/uploads\/sites\/2\/2022\/01\/hors_care_packshot-1.jpg\",\"contentUrl\":\"https:\/\/dev.hempking.eu\/pl\/wp-content\/uploads\/sites\/2\/2022\/01\/hors_care_packshot-1.jpg\",\"width\":1000,\"height\":1000,\"caption\":\"Olej konopny dla konia 3000 mg fitosk\u0142adnik\u00f3w 50 ml HempKing\"},{\"@type\":\"BreadcrumbList\",\"@id\":\"https:\/\/dev.hempking.eu\/pl\/olej-konopny-horse-care-3000-mg-50-ml\/#breadcrumb\",\"itemListElement\":[{\"@type\":\"ListItem\",\"position\":1,\"name\":\"Home\",\"item\":\"https:\/\/dev.hempking.eu\/pl\/\"},{\"@type\":\"ListItem\",\"position\":2,\"name\":\"Sklep\",\"item\":\"https:\/\/dev.hempking.eu\/pl\/shop\/\"},{\"@type\":\"ListItem\",\"position\":3,\"name\":\"Powiadom o dost\u0119pno\u015bci\",\"item\":\"https:\/\/dev.hempking.eu\/pl\/powiadom-o-dostepnosci\/\"},{\"@type\":\"ListItem\",\"position\":4,\"name\":\"Olej konopny Horse Care 3000 mg - 50 ml - Kr\u00f3tki termin - Powiadom o dostepno\u015bci\"}]},{\"@type\":\"WebSite\",\"@id\":\"https:\/\/dev.hempking.eu\/pl\/#website\",\"url\":\"https:\/\/dev.hempking.eu\/pl\/\",\"name\":\"Hemp King\",\"description\":\"\",\"publisher\":{\"@id\":\"https:\/\/dev.hempking.eu\/pl\/#organization\"},\"potentialAction\":[{\"@type\":\"SearchAction\",\"target\":{\"@type\":\"EntryPoint\",\"urlTemplate\":\"https:\/\/dev.hempking.eu\/pl\/?s={search_term_string}\"},\"query-input\":{\"@type\":\"PropertyValueSpecification\",\"valueRequired\":true,\"valueName\":\"search_term_string\"}}],\"inLanguage\":\"pl-PL\"},{\"@type\":\"Organization\",\"@id\":\"https:\/\/dev.hempking.eu\/pl\/#organization\",\"name\":\"Hemp King\",\"url\":\"https:\/\/dev.hempking.eu\/pl\/\",\"logo\":{\"@type\":\"ImageObject\",\"inLanguage\":\"pl-PL\",\"@id\":\"https:\/\/dev.hempking.eu\/pl\/#\/schema\/logo\/image\/\",\"url\":\"https:\/\/dev.hempking.eu\/pl\/wp-content\/uploads\/sites\/2\/2020\/05\/hempking.png\",\"contentUrl\":\"https:\/\/dev.hempking.eu\/pl\/wp-content\/uploads\/sites\/2\/2020\/05\/hempking.png\",\"width\":148,\"height\":91,\"caption\":\"Hemp King\"},\"image\":{\"@id\":\"https:\/\/dev.hempking.eu\/pl\/#\/schema\/logo\/image\/\"},\"sameAs\":[\"https:\/\/www.facebook.com\/hempkingpoland\",\"https:\/\/x.com\/hempkingeu\",\"https:\/\/www.instagram.com\/hempkingeu\/\",\"https:\/\/www.linkedin.com\/company\/hempking-eu\/mycompany\/\",\"https:\/\/pl.pinterest.com\/hempkingeu\/\",\"https:\/\/www.youtube.com\/channel\/UCUkeZA1fj4hSZfoYm0WpZ7w\"]}]}<\/script>\n<meta property=\"product:price:amount\" content=\"284.50\" \/>\n<meta property=\"product:price:currency\" content=\"PLN\" \/>\n<meta property=\"og:availability\" content=\"out of stock\" \/>\n<meta property=\"product:availability\" content=\"out of stock\" \/>\n<meta property=\"product:retailer_item_id\" content=\"5903636627939\" \/>\n<meta property=\"product:condition\" content=\"new\" \/>\n<!-- \/ Yoast SEO Premium plugin. -->","yoast_head_json":{"title":"Olej konopny Horse Care 3000 mg - 50 ml - Kr\u00f3tki termin - Powiadom o dostepno\u015bci - Hemp King","description":"Zobacz \u261b Olej konopny Horse Care 3000 mg - 50 ml - Kr\u00f3tki termin - Powiadom o dostepno\u015bci w konopnym sklepie HempKing \u2705100% naturalne \u2705 Zadbaj z nami o swoj\u0105 diet\u0119!","canonical":"https:\/\/dev.hempking.eu\/pl\/olej-konopny-horse-care-3000-mg-50-ml\/","og_locale":"pl_PL","og_type":"article","og_title":"Olej konopny Horse Care 3000 mg - 50 ml - Kr\u00f3tki termin - Powiadom o dostepno\u015bci","og_description":"Zobacz \u261b Olej konopny Horse Care 3000 mg - 50 ml - Kr\u00f3tki termin - Powiadom o dostepno\u015bci w konopnym sklepie HempKing \u2705100% naturalne \u2705 Zadbaj z nami o swoj\u0105 diet\u0119!","og_url":"https:\/\/dev.hempking.eu\/pl\/olej-konopny-horse-care-3000-mg-50-ml\/","og_site_name":"Hemp King","article_publisher":"https:\/\/www.facebook.com\/hempkingpoland","article_modified_time":"2023-02-28T09:53:18+00:00","og_image":[{"width":1000,"height":1000,"url":"https:\/\/dev.hempking.eu\/pl\/wp-content\/uploads\/sites\/2\/2022\/01\/hors_care_packshot-1.jpg","type":"image\/jpeg"}],"twitter_card":"summary_large_image","twitter_site":"@hempkingeu","twitter_misc":{"Price":"284.50&nbsp;&#122;&#322;","Availability":"Out of stock"},"schema":{"@context":"https:\/\/schema.org","@graph":[{"@type":"WebPage","@id":"https:\/\/dev.hempking.eu\/pl\/olej-konopny-horse-care-3000-mg-50-ml-krotki-termin\/","url":"https:\/\/dev.hempking.eu\/pl\/olej-konopny-horse-care-3000-mg-50-ml\/","name":"Olej konopny Horse Care 3000 mg - 50 ml - Kr\u00f3tki termin - Powiadom o dostepno\u015bci - Hemp King","isPartOf":{"@id":"https:\/\/dev.hempking.eu\/pl\/#website"},"primaryImageOfPage":{"@id":"https:\/\/dev.hempking.eu\/pl\/olej-konopny-horse-care-3000-mg-50-ml\/#primaryimage"},"image":{"@id":"https:\/\/dev.hempking.eu\/pl\/olej-konopny-horse-care-3000-mg-50-ml\/#primaryimage"},"thumbnailUrl":"https:\/\/dev.hempking.eu\/pl\/wp-content\/uploads\/sites\/2\/2022\/01\/hors_care_packshot-1.jpg","datePublished":"2022-07-04T11:52:05+00:00","dateModified":"2023-02-28T09:53:18+00:00","description":"Zobacz \u261b Olej konopny Horse Care 3000 mg - 50 ml - Kr\u00f3tki termin - Powiadom o dostepno\u015bci w konopnym sklepie HempKing \u2705100% naturalne \u2705 Zadbaj z nami o swoj\u0105 diet\u0119!","breadcrumb":{"@id":"https:\/\/dev.hempking.eu\/pl\/olej-konopny-horse-care-3000-mg-50-ml\/#breadcrumb"},"inLanguage":"pl-PL","potentialAction":[{"@type":"ReadAction","target":["https:\/\/dev.hempking.eu\/pl\/olej-konopny-horse-care-3000-mg-50-ml\/"]}]},{"@type":"ImageObject","inLanguage":"pl-PL","@id":"https:\/\/dev.hempking.eu\/pl\/olej-konopny-horse-care-3000-mg-50-ml\/#primaryimage","url":"https:\/\/dev.hempking.eu\/pl\/wp-content\/uploads\/sites\/2\/2022\/01\/hors_care_packshot-1.jpg","contentUrl":"https:\/\/dev.hempking.eu\/pl\/wp-content\/uploads\/sites\/2\/2022\/01\/hors_care_packshot-1.jpg","width":1000,"height":1000,"caption":"Olej konopny dla konia 3000 mg fitosk\u0142adnik\u00f3w 50 ml HempKing"},{"@type":"BreadcrumbList","@id":"https:\/\/dev.hempking.eu\/pl\/olej-konopny-horse-care-3000-mg-50-ml\/#breadcrumb","itemListElement":[{"@type":"ListItem","position":1,"name":"Home","item":"https:\/\/dev.hempking.eu\/pl\/"},{"@type":"ListItem","position":2,"name":"Sklep","item":"https:\/\/dev.hempking.eu\/pl\/shop\/"},{"@type":"ListItem","position":3,"name":"Powiadom o dost\u0119pno\u015bci","item":"https:\/\/dev.hempking.eu\/pl\/powiadom-o-dostepnosci\/"},{"@type":"ListItem","position":4,"name":"Olej konopny Horse Care 3000 mg - 50 ml - Kr\u00f3tki termin - Powiadom o dostepno\u015bci"}]},{"@type":"WebSite","@id":"https:\/\/dev.hempking.eu\/pl\/#website","url":"https:\/\/dev.hempking.eu\/pl\/","name":"Hemp King","description":"","publisher":{"@id":"https:\/\/dev.hempking.eu\/pl\/#organization"},"potentialAction":[{"@type":"SearchAction","target":{"@type":"EntryPoint","urlTemplate":"https:\/\/dev.hempking.eu\/pl\/?s={search_term_string}"},"query-input":{"@type":"PropertyValueSpecification","valueRequired":true,"valueName":"search_term_string"}}],"inLanguage":"pl-PL"},{"@type":"Organization","@id":"https:\/\/dev.hempking.eu\/pl\/#organization","name":"Hemp King","url":"https:\/\/dev.hempking.eu\/pl\/","logo":{"@type":"ImageObject","inLanguage":"pl-PL","@id":"https:\/\/dev.hempking.eu\/pl\/#\/schema\/logo\/image\/","url":"https:\/\/dev.hempking.eu\/pl\/wp-content\/uploads\/sites\/2\/2020\/05\/hempking.png","contentUrl":"https:\/\/dev.hempking.eu\/pl\/wp-content\/uploads\/sites\/2\/2020\/05\/hempking.png","width":148,"height":91,"caption":"Hemp King"},"image":{"@id":"https:\/\/dev.hempking.eu\/pl\/#\/schema\/logo\/image\/"},"sameAs":["https:\/\/www.facebook.com\/hempkingpoland","https:\/\/x.com\/hempkingeu","https:\/\/www.instagram.com\/hempkingeu\/","https:\/\/www.linkedin.com\/company\/hempking-eu\/mycompany\/","https:\/\/pl.pinterest.com\/hempkingeu\/","https:\/\/www.youtube.com\/channel\/UCUkeZA1fj4hSZfoYm0WpZ7w"]}]},"product_price_amount":"284.50","product_price_currency":"PLN","og_availability":"out of stock","product_availability":"out of stock","product_retailer_item_id":"5903636627939","product_condition":"new"},"_links":{"self":[{"href":"https:\/\/dev.hempking.eu\/pl\/wp-json\/wp\/v2\/product\/101824","targetHints":{"allow":["GET"]}}],"collection":[{"href":"https:\/\/dev.hempking.eu\/pl\/wp-json\/wp\/v2\/product"}],"about":[{"href":"https:\/\/dev.hempking.eu\/pl\/wp-json\/wp\/v2\/types\/product"}],"wp:featuredmedia":[{"embeddable":true,"href":"https:\/\/dev.hempking.eu\/pl\/wp-json\/wp\/v2\/media\/87478"}],"wp:attachment":[{"href":"https:\/\/dev.hempking.eu\/pl\/wp-json\/wp\/v2\/media?parent=101824"}],"wp:term":[{"taxonomy":"product_cat","embeddable":true,"href":"https:\/\/dev.hempking.eu\/pl\/wp-json\/wp\/v2\/product_cat?post=101824"},{"taxonomy":"product_tag","embeddable":true,"href":"https:\/\/dev.hempking.eu\/pl\/wp-json\/wp\/v2\/product_tag?post=101824"}],"curies":[{"name":"wp","href":"https:\/\/api.w.org\/{rel}","templated":true}]}}