{"id":102488,"date":"2022-07-12T10:36:28","date_gmt":"2022-07-12T08:36:28","guid":{"rendered":"https:\/\/hempking.eu\/pl\/?post_type=product&#038;p=102488"},"modified":"2023-03-31T08:35:31","modified_gmt":"2023-03-31T06:35:31","slug":"witamina-e-complex-full-spectrum-w-kroplach-w-bio-oleju-konopnym-30-ml-krotki-termin","status":"publish","type":"product","link":"https:\/\/dev.hempking.eu\/pl\/witamina-e-complex-full-spectrum-w-kroplach-w-bio-oleju-konopnym-30-ml-krotki-termin\/","title":{"rendered":"Witamina E Complex, Full Spectrum w kroplach w bio oleju konopnym - 30 ml - wa\u017cno\u015b\u0107 do 31.03.2023"},"content":{"rendered":"<h2 style=\"text-align: justify;\">Naturalna witamina E &#8211; kompleks\u00a0 z olejowca gwinejskiego EVNol\u2122<\/h2>\n<p style=\"text-align: justify;\"><b>EVNol SupraBio\u2122 <\/b><span style=\"font-weight: 400;\">to opatentowany kompleks naturalnej <strong>witaminy E<\/strong>, kt\u00f3ra zawiera pe\u0142ne spektrum tokoferoli i tokotrienoli. Olej palmowy w stanie surowym, to najbogatsze naturalne \u017ar\u00f3d\u0142o tokotrienoli. Zawiera on r\u00f3wnie\u017c cenne fitosterole, skwalen, koenzym Q10 czy karoten!\u00a0<\/span><\/p>\n<p style=\"text-align: justify;\"><span style=\"font-weight: 400;\">Ta <strong>witamina E<\/strong> w po\u0142\u0105czeniu z olejem konopnym to wiele w\u0142a\u015bciwo\u015bci cennych dla naszego organizmu! To co\u015b wi\u0119cej, ni\u017c zwyk\u0142y <strong>suplement diety z witamin\u0105 E<\/strong>. To porcja innych sk\u0142adnik\u00f3w, kt\u00f3rych w\u0142a\u015bciwo\u015bci s\u0105 niezwykle cenne. Takie po\u0142\u0105czenie czyni ten produkt wyj\u0105tkowym, naturalnym suplementem diety. Charakteryzuje si\u0119 szerokim zastosowaniem oraz dobr\u0105 przyswajalno\u015bci\u0105.\u00a0<\/span><\/p>\n<p style=\"text-align: justify;\"><strong>Hempking Witamina E Complex Full Spectrum<\/strong> jest \u017ar\u00f3d\u0142em naturalnej witaminy E pod postaci\u0105 opatentowanego kompleksu EVNol\u2122. Zawiera on pe\u0142en zakres tokotrienoli i tokoferoli! Opatentowana formu\u0142a EVNOL SUPRABIOTM sprawia, \u017ce absorbcja tokotrienoli jest zwi\u0119kszona a\u017c do 300%, a tak\u017ce ich nagromadzenie w organizmie jest wi\u0119ksze. Wykazuje r\u00f3wnie\u017c najlepsz\u0105 biodost\u0119pno\u015b\u0107 biologiczn\u0105. Formu\u0142a EVNol\u2122 to naturalnie wyst\u0119puj\u0105ca mieszanina tokotrienoli i tokoferoli wydobytych z owoc\u00f3w palmy gwinejskiej (Elaeis guineensis). Opr\u00f3cz tych wa\u017cnych sk\u0142adnik\u00f3w, znajdziemy te\u017c niezwykle cenne fitosk\u0142adniki:\u00a0 skwalen ro\u015blinny, fitosterole, koenzym Q10 oraz mieszanina karotenoid\u00f3w. Wszystkie s\u0105 naturalnie ekstrahowane wraz z tokotrienolami. Dzi\u0119ki temu <strong>Witamina E Complex Full Spectrum<\/strong> mo\u017ce by\u0107 nazywana pe\u0142nowarto\u015bciowym kompleksem tokotrienoli z pe\u0142nym spektrum dzia\u0142ania oraz niezwykle korzystnym stosunku alfa-, beta-, gamma- i delta-tokotrienoli wzgl\u0119dem siebie, jaki mo\u017cemy znale\u017a\u0107 w naturze.<\/p>\n<h2 style=\"text-align: justify;\">Witamina E &#8211; dla kogo?<\/h2>\n<p style=\"text-align: justify;\"><span style=\"font-weight: 400;\">Zwi\u0119kszone <strong>zapotrzebowanie na witamin\u0119 E<\/strong> <strong>mo\u017cna zaobserwowa\u0107 u os\u00f3b, kt\u00f3re prowadz\u0105 intensywny, aktywny tryb \u017cycia czy ci\u0119\u017cko trenuj\u0105.<\/strong> Nadmierny stres r\u00f3wnie\u017c mo\u017ce powodowa\u0107 zwi\u0119kszone zapotrzebowanie na t\u0119 witamin\u0119. Osoby, u kt\u00f3rych wyst\u0119puj\u0105 problemy z wch\u0142anianiem sk\u0142adnik\u00f3w od\u017cywczych. Na przyk\u0142ad z powodu resekcji jelita, zaburze\u0144 w pracy jelit, r\u00f3wnie\u017c powinny dba\u0107 o odpowiedni poziom witaminy E w swoim organizmie.<\/span><\/p>\n<p style=\"text-align: justify;\"><span style=\"font-weight: 400;\"><strong>Niedobory witaminy E<\/strong> wida\u0107 g\u0142\u00f3wnie na sk\u00f3rze, kt\u00f3ra staje si\u0119 poszarza\u0142a i wiotka, niezdrowo wygl\u0105daj\u0105ca.<\/span><\/p>\n<p style=\"text-align: justify;\"><span style=\"font-weight: 400;\">Produkt nie jest przeznaczony dla ludzi, kt\u00f3rzy nie musz\u0105 kontrolowa\u0107 swojego poziomu cholesterolu we krwi. Pacjenci za\u017cywaj\u0105cy leki na obni\u017cenie st\u0119\u017cenia cholesterolu powinni spo\u017cywa\u0107 dany produkt wy\u0142\u0105cznie pod kontrol\u0105 lekarza. Produkt nale\u017cy stosowa\u0107 w ramach zr\u00f3wnowa\u017conej i r\u00f3\u017cnorodnej diety, obejmuj\u0105cej regularne spo\u017cywanie owoc\u00f3w i warzyw w celu utrzymania poziom\u00f3w karotenoid\u00f3w. Unika\u0107 spo\u017cycia dodatku steroli ro\u015blinnych w ilo\u015bciach wi\u0119kszych ni\u017c 3 g \/ dob\u0119. Suplement diety mo\u017ce nie by\u0107 odpowiedni w \u017cywieniu kobiet w ci\u0105\u017cy lub karmi\u0105cych piersi\u0105 oraz dla dzieci w wieku poni\u017cej pi\u0119ciu lat.<\/span><\/p>\n<p style=\"text-align: justify;\"><a href=\"https:\/\/dev.hempking.eu\/pl\/wp-content\/uploads\/sites\/2\/2020\/07\/warunki4.jpg\"><img loading=\"lazy\" decoding=\"async\" class=\"alignnone wp-image-101812 size-full\" src=\"https:\/\/dev.hempking.eu\/pl\/wp-content\/uploads\/sites\/2\/2020\/07\/warunki4.jpg\" alt=\"o\u015bwiadczenia w UE\" width=\"755\" height=\"353\" srcset=\"https:\/\/dev.hempking.eu\/pl\/wp-content\/uploads\/sites\/2\/2020\/07\/warunki4.jpg 755w, https:\/\/dev.hempking.eu\/pl\/wp-content\/uploads\/sites\/2\/2020\/07\/warunki4-640x299.jpg 640w, https:\/\/dev.hempking.eu\/pl\/wp-content\/uploads\/sites\/2\/2020\/07\/warunki4-400x187.jpg 400w\" sizes=\"auto, (max-width: 755px) 100vw, 755px\" \/><\/a><\/p>\n","protected":false},"excerpt":{"rendered":"<h2><strong>Termin wa\u017cno\u015bci: 31.03.2023<\/strong><\/h2>\n<h2><strong>Witamina E Complex:\u00a0<\/strong><\/h2>\n<ul>\n<li style=\"font-weight: 400;\"><span style=\"font-weight: 400;\">bezglutenowa i bez laktozy witamina E,\u00a0<\/span><\/li>\n<li style=\"font-weight: 400;\"><span style=\"font-weight: 400;\">produkt odpowiedni dla wegetarian oraz wegan<\/span><\/li>\n<li style=\"font-weight: 400;\"><span style=\"font-weight: 400;\">nie zawiera barwnik\u00f3w i konserwant\u00f3w,\u00a0<\/span><\/li>\n<li style=\"font-weight: 400;\"><span style=\"font-weight: 400;\">opatentowany kompleks tokotrienoli i tokoferoli palmowych,<\/span><\/li>\n<li style=\"font-weight: 400;\"><span style=\"font-weight: 400;\">600 porcji w jednej butelce\u00a0<\/span><\/li>\n<li>wystarcza na 120 dni suplementacji<\/li>\n<\/ul>\n<p><b>Pojemno\u015b\u0107: 30 ml<\/b><\/p>\n","protected":false},"featured_media":91785,"template":"","meta":{"_acf_changed":false},"product_cat":[153],"product_tag":[],"class_list":{"0":"post-102488","1":"product","2":"type-product","3":"status-publish","4":"has-post-thumbnail","6":"product_cat-powiadom-o-dostepnosci","8":"first","9":"outofstock","10":"sale","11":"shipping-taxable","12":"purchasable","13":"product-type-simple"},"acf":[],"yoast_head":"<!-- This site is optimized with the Yoast SEO Premium plugin v23.4 (Yoast SEO v24.0) - https:\/\/yoast.com\/wordpress\/plugins\/seo\/ -->\n<title>Witamina E kompleks\u00a0 z olejowca gwinejskiego EVNol\u2122 HempKing<\/title>\n<meta name=\"description\" content=\"Witamina E kompleks\u00a0 z olejowca gwinejskiego EVNol\u2122. EVNol SupraBio\u2122 to opatentowany kompleks naturalnej witaminy E. Sprawd\u017a!\" \/>\n<link rel=\"canonical\" href=\"https:\/\/dev.hempking.eu\/pl\/witamina-e-complex-full-spectrum-w-kroplach-w-oleju-konopnym-30-ml\/\" \/>\n<meta property=\"og:locale\" content=\"pl_PL\" \/>\n<meta property=\"og:type\" content=\"article\" \/>\n<meta property=\"og:title\" content=\"Witamina E Complex, Full Spectrum w kroplach w bio oleju konopnym - 30 ml - wa\u017cno\u015b\u0107 do 31.03.2023\" \/>\n<meta property=\"og:description\" content=\"Witamina E kompleks\u00a0 z olejowca gwinejskiego EVNol\u2122. EVNol SupraBio\u2122 to opatentowany kompleks naturalnej witaminy E. Sprawd\u017a!\" \/>\n<meta property=\"og:url\" content=\"https:\/\/dev.hempking.eu\/pl\/witamina-e-complex-full-spectrum-w-kroplach-w-oleju-konopnym-30-ml\/\" \/>\n<meta property=\"og:site_name\" content=\"Hemp King\" \/>\n<meta property=\"article:publisher\" content=\"https:\/\/www.facebook.com\/hempkingpoland\" \/>\n<meta property=\"article:modified_time\" content=\"2023-03-31T06:35:31+00:00\" \/>\n<meta property=\"og:image\" content=\"https:\/\/dev.hempking.eu\/pl\/wp-content\/uploads\/sites\/2\/2021\/12\/olejek_witaminy_e.jpg\" \/>\n\t<meta property=\"og:image:width\" content=\"1000\" \/>\n\t<meta property=\"og:image:height\" content=\"1000\" \/>\n\t<meta property=\"og:image:type\" content=\"image\/jpeg\" \/>\n<meta name=\"twitter:card\" content=\"summary_large_image\" \/>\n<meta name=\"twitter:site\" content=\"@hempkingeu\" \/>\n<meta name=\"twitter:label1\" content=\"Price\" \/>\n\t<meta name=\"twitter:data1\" content=\"53.94&nbsp;&#122;&#322;\" \/>\n\t<meta name=\"twitter:label2\" content=\"Availability\" \/>\n\t<meta name=\"twitter:data2\" content=\"Out of stock\" \/>\n<script type=\"application\/ld+json\" class=\"yoast-schema-graph\">{\"@context\":\"https:\/\/schema.org\",\"@graph\":[{\"@type\":\"WebPage\",\"@id\":\"https:\/\/dev.hempking.eu\/pl\/witamina-e-complex-full-spectrum-w-kroplach-w-bio-oleju-konopnym-30-ml-krotki-termin\/\",\"url\":\"https:\/\/dev.hempking.eu\/pl\/witamina-e-complex-full-spectrum-w-kroplach-w-oleju-konopnym-30-ml\/\",\"name\":\"Witamina E kompleks\u00a0 z olejowca gwinejskiego EVNol\u2122 HempKing\",\"isPartOf\":{\"@id\":\"https:\/\/dev.hempking.eu\/pl\/#website\"},\"primaryImageOfPage\":{\"@id\":\"https:\/\/dev.hempking.eu\/pl\/witamina-e-complex-full-spectrum-w-kroplach-w-oleju-konopnym-30-ml\/#primaryimage\"},\"image\":{\"@id\":\"https:\/\/dev.hempking.eu\/pl\/witamina-e-complex-full-spectrum-w-kroplach-w-oleju-konopnym-30-ml\/#primaryimage\"},\"thumbnailUrl\":\"https:\/\/dev.hempking.eu\/pl\/wp-content\/uploads\/sites\/2\/2021\/12\/olejek_witaminy_e.jpg\",\"datePublished\":\"2022-07-12T08:36:28+00:00\",\"dateModified\":\"2023-03-31T06:35:31+00:00\",\"description\":\"Witamina E kompleks\u00a0 z olejowca gwinejskiego EVNol\u2122. EVNol SupraBio\u2122 to opatentowany kompleks naturalnej witaminy E. Sprawd\u017a!\",\"breadcrumb\":{\"@id\":\"https:\/\/dev.hempking.eu\/pl\/witamina-e-complex-full-spectrum-w-kroplach-w-oleju-konopnym-30-ml\/#breadcrumb\"},\"inLanguage\":\"pl-PL\",\"potentialAction\":[{\"@type\":\"ReadAction\",\"target\":[\"https:\/\/dev.hempking.eu\/pl\/witamina-e-complex-full-spectrum-w-kroplach-w-oleju-konopnym-30-ml\/\"]}]},{\"@type\":\"ImageObject\",\"inLanguage\":\"pl-PL\",\"@id\":\"https:\/\/dev.hempking.eu\/pl\/witamina-e-complex-full-spectrum-w-kroplach-w-oleju-konopnym-30-ml\/#primaryimage\",\"url\":\"https:\/\/dev.hempking.eu\/pl\/wp-content\/uploads\/sites\/2\/2021\/12\/olejek_witaminy_e.jpg\",\"contentUrl\":\"https:\/\/dev.hempking.eu\/pl\/wp-content\/uploads\/sites\/2\/2021\/12\/olejek_witaminy_e.jpg\",\"width\":1000,\"height\":1000,\"caption\":\"Witamina E w oleju konopnym\"},{\"@type\":\"BreadcrumbList\",\"@id\":\"https:\/\/dev.hempking.eu\/pl\/witamina-e-complex-full-spectrum-w-kroplach-w-oleju-konopnym-30-ml\/#breadcrumb\",\"itemListElement\":[{\"@type\":\"ListItem\",\"position\":1,\"name\":\"Home\",\"item\":\"https:\/\/dev.hempking.eu\/pl\/\"},{\"@type\":\"ListItem\",\"position\":2,\"name\":\"Sklep\",\"item\":\"https:\/\/dev.hempking.eu\/pl\/shop\/\"},{\"@type\":\"ListItem\",\"position\":3,\"name\":\"Powiadom o dost\u0119pno\u015bci\",\"item\":\"https:\/\/dev.hempking.eu\/pl\/powiadom-o-dostepnosci\/\"},{\"@type\":\"ListItem\",\"position\":4,\"name\":\"Witamina E Complex, Full Spectrum w kroplach w bio oleju konopnym - 30 ml - wa\u017cno\u015b\u0107 do 31.03.2023\"}]},{\"@type\":\"WebSite\",\"@id\":\"https:\/\/dev.hempking.eu\/pl\/#website\",\"url\":\"https:\/\/dev.hempking.eu\/pl\/\",\"name\":\"Hemp King\",\"description\":\"\",\"publisher\":{\"@id\":\"https:\/\/dev.hempking.eu\/pl\/#organization\"},\"potentialAction\":[{\"@type\":\"SearchAction\",\"target\":{\"@type\":\"EntryPoint\",\"urlTemplate\":\"https:\/\/dev.hempking.eu\/pl\/?s={search_term_string}\"},\"query-input\":{\"@type\":\"PropertyValueSpecification\",\"valueRequired\":true,\"valueName\":\"search_term_string\"}}],\"inLanguage\":\"pl-PL\"},{\"@type\":\"Organization\",\"@id\":\"https:\/\/dev.hempking.eu\/pl\/#organization\",\"name\":\"Hemp King\",\"url\":\"https:\/\/dev.hempking.eu\/pl\/\",\"logo\":{\"@type\":\"ImageObject\",\"inLanguage\":\"pl-PL\",\"@id\":\"https:\/\/dev.hempking.eu\/pl\/#\/schema\/logo\/image\/\",\"url\":\"https:\/\/dev.hempking.eu\/pl\/wp-content\/uploads\/sites\/2\/2020\/05\/hempking.png\",\"contentUrl\":\"https:\/\/dev.hempking.eu\/pl\/wp-content\/uploads\/sites\/2\/2020\/05\/hempking.png\",\"width\":148,\"height\":91,\"caption\":\"Hemp King\"},\"image\":{\"@id\":\"https:\/\/dev.hempking.eu\/pl\/#\/schema\/logo\/image\/\"},\"sameAs\":[\"https:\/\/www.facebook.com\/hempkingpoland\",\"https:\/\/x.com\/hempkingeu\",\"https:\/\/www.instagram.com\/hempkingeu\/\",\"https:\/\/www.linkedin.com\/company\/hempking-eu\/mycompany\/\",\"https:\/\/pl.pinterest.com\/hempkingeu\/\",\"https:\/\/www.youtube.com\/channel\/UCUkeZA1fj4hSZfoYm0WpZ7w\"]}]}<\/script>\n<meta property=\"product:price:amount\" content=\"53.94\" \/>\n<meta property=\"product:price:currency\" content=\"PLN\" \/>\n<meta property=\"og:availability\" content=\"out of stock\" \/>\n<meta property=\"product:availability\" content=\"out of stock\" \/>\n<meta property=\"product:condition\" content=\"new\" \/>\n<!-- \/ Yoast SEO Premium plugin. -->","yoast_head_json":{"title":"Witamina E kompleks\u00a0 z olejowca gwinejskiego EVNol\u2122 HempKing","description":"Witamina E kompleks\u00a0 z olejowca gwinejskiego EVNol\u2122. EVNol SupraBio\u2122 to opatentowany kompleks naturalnej witaminy E. Sprawd\u017a!","canonical":"https:\/\/dev.hempking.eu\/pl\/witamina-e-complex-full-spectrum-w-kroplach-w-oleju-konopnym-30-ml\/","og_locale":"pl_PL","og_type":"article","og_title":"Witamina E Complex, Full Spectrum w kroplach w bio oleju konopnym - 30 ml - wa\u017cno\u015b\u0107 do 31.03.2023","og_description":"Witamina E kompleks\u00a0 z olejowca gwinejskiego EVNol\u2122. EVNol SupraBio\u2122 to opatentowany kompleks naturalnej witaminy E. Sprawd\u017a!","og_url":"https:\/\/dev.hempking.eu\/pl\/witamina-e-complex-full-spectrum-w-kroplach-w-oleju-konopnym-30-ml\/","og_site_name":"Hemp King","article_publisher":"https:\/\/www.facebook.com\/hempkingpoland","article_modified_time":"2023-03-31T06:35:31+00:00","og_image":[{"width":1000,"height":1000,"url":"https:\/\/dev.hempking.eu\/pl\/wp-content\/uploads\/sites\/2\/2021\/12\/olejek_witaminy_e.jpg","type":"image\/jpeg"}],"twitter_card":"summary_large_image","twitter_site":"@hempkingeu","twitter_misc":{"Price":"53.94&nbsp;&#122;&#322;","Availability":"Out of stock"},"schema":{"@context":"https:\/\/schema.org","@graph":[{"@type":"WebPage","@id":"https:\/\/dev.hempking.eu\/pl\/witamina-e-complex-full-spectrum-w-kroplach-w-bio-oleju-konopnym-30-ml-krotki-termin\/","url":"https:\/\/dev.hempking.eu\/pl\/witamina-e-complex-full-spectrum-w-kroplach-w-oleju-konopnym-30-ml\/","name":"Witamina E kompleks\u00a0 z olejowca gwinejskiego EVNol\u2122 HempKing","isPartOf":{"@id":"https:\/\/dev.hempking.eu\/pl\/#website"},"primaryImageOfPage":{"@id":"https:\/\/dev.hempking.eu\/pl\/witamina-e-complex-full-spectrum-w-kroplach-w-oleju-konopnym-30-ml\/#primaryimage"},"image":{"@id":"https:\/\/dev.hempking.eu\/pl\/witamina-e-complex-full-spectrum-w-kroplach-w-oleju-konopnym-30-ml\/#primaryimage"},"thumbnailUrl":"https:\/\/dev.hempking.eu\/pl\/wp-content\/uploads\/sites\/2\/2021\/12\/olejek_witaminy_e.jpg","datePublished":"2022-07-12T08:36:28+00:00","dateModified":"2023-03-31T06:35:31+00:00","description":"Witamina E kompleks\u00a0 z olejowca gwinejskiego EVNol\u2122. EVNol SupraBio\u2122 to opatentowany kompleks naturalnej witaminy E. Sprawd\u017a!","breadcrumb":{"@id":"https:\/\/dev.hempking.eu\/pl\/witamina-e-complex-full-spectrum-w-kroplach-w-oleju-konopnym-30-ml\/#breadcrumb"},"inLanguage":"pl-PL","potentialAction":[{"@type":"ReadAction","target":["https:\/\/dev.hempking.eu\/pl\/witamina-e-complex-full-spectrum-w-kroplach-w-oleju-konopnym-30-ml\/"]}]},{"@type":"ImageObject","inLanguage":"pl-PL","@id":"https:\/\/dev.hempking.eu\/pl\/witamina-e-complex-full-spectrum-w-kroplach-w-oleju-konopnym-30-ml\/#primaryimage","url":"https:\/\/dev.hempking.eu\/pl\/wp-content\/uploads\/sites\/2\/2021\/12\/olejek_witaminy_e.jpg","contentUrl":"https:\/\/dev.hempking.eu\/pl\/wp-content\/uploads\/sites\/2\/2021\/12\/olejek_witaminy_e.jpg","width":1000,"height":1000,"caption":"Witamina E w oleju konopnym"},{"@type":"BreadcrumbList","@id":"https:\/\/dev.hempking.eu\/pl\/witamina-e-complex-full-spectrum-w-kroplach-w-oleju-konopnym-30-ml\/#breadcrumb","itemListElement":[{"@type":"ListItem","position":1,"name":"Home","item":"https:\/\/dev.hempking.eu\/pl\/"},{"@type":"ListItem","position":2,"name":"Sklep","item":"https:\/\/dev.hempking.eu\/pl\/shop\/"},{"@type":"ListItem","position":3,"name":"Powiadom o dost\u0119pno\u015bci","item":"https:\/\/dev.hempking.eu\/pl\/powiadom-o-dostepnosci\/"},{"@type":"ListItem","position":4,"name":"Witamina E Complex, Full Spectrum w kroplach w bio oleju konopnym - 30 ml - wa\u017cno\u015b\u0107 do 31.03.2023"}]},{"@type":"WebSite","@id":"https:\/\/dev.hempking.eu\/pl\/#website","url":"https:\/\/dev.hempking.eu\/pl\/","name":"Hemp King","description":"","publisher":{"@id":"https:\/\/dev.hempking.eu\/pl\/#organization"},"potentialAction":[{"@type":"SearchAction","target":{"@type":"EntryPoint","urlTemplate":"https:\/\/dev.hempking.eu\/pl\/?s={search_term_string}"},"query-input":{"@type":"PropertyValueSpecification","valueRequired":true,"valueName":"search_term_string"}}],"inLanguage":"pl-PL"},{"@type":"Organization","@id":"https:\/\/dev.hempking.eu\/pl\/#organization","name":"Hemp King","url":"https:\/\/dev.hempking.eu\/pl\/","logo":{"@type":"ImageObject","inLanguage":"pl-PL","@id":"https:\/\/dev.hempking.eu\/pl\/#\/schema\/logo\/image\/","url":"https:\/\/dev.hempking.eu\/pl\/wp-content\/uploads\/sites\/2\/2020\/05\/hempking.png","contentUrl":"https:\/\/dev.hempking.eu\/pl\/wp-content\/uploads\/sites\/2\/2020\/05\/hempking.png","width":148,"height":91,"caption":"Hemp King"},"image":{"@id":"https:\/\/dev.hempking.eu\/pl\/#\/schema\/logo\/image\/"},"sameAs":["https:\/\/www.facebook.com\/hempkingpoland","https:\/\/x.com\/hempkingeu","https:\/\/www.instagram.com\/hempkingeu\/","https:\/\/www.linkedin.com\/company\/hempking-eu\/mycompany\/","https:\/\/pl.pinterest.com\/hempkingeu\/","https:\/\/www.youtube.com\/channel\/UCUkeZA1fj4hSZfoYm0WpZ7w"]}]},"product_price_amount":"53.94","product_price_currency":"PLN","og_availability":"out of stock","product_availability":"out of stock","product_condition":"new"},"_links":{"self":[{"href":"https:\/\/dev.hempking.eu\/pl\/wp-json\/wp\/v2\/product\/102488","targetHints":{"allow":["GET"]}}],"collection":[{"href":"https:\/\/dev.hempking.eu\/pl\/wp-json\/wp\/v2\/product"}],"about":[{"href":"https:\/\/dev.hempking.eu\/pl\/wp-json\/wp\/v2\/types\/product"}],"wp:featuredmedia":[{"embeddable":true,"href":"https:\/\/dev.hempking.eu\/pl\/wp-json\/wp\/v2\/media\/91785"}],"wp:attachment":[{"href":"https:\/\/dev.hempking.eu\/pl\/wp-json\/wp\/v2\/media?parent=102488"}],"wp:term":[{"taxonomy":"product_cat","embeddable":true,"href":"https:\/\/dev.hempking.eu\/pl\/wp-json\/wp\/v2\/product_cat?post=102488"},{"taxonomy":"product_tag","embeddable":true,"href":"https:\/\/dev.hempking.eu\/pl\/wp-json\/wp\/v2\/product_tag?post=102488"}],"curies":[{"name":"wp","href":"https:\/\/api.w.org\/{rel}","templated":true}]}}