{"id":102493,"date":"2022-07-12T10:45:46","date_gmt":"2022-07-12T08:45:46","guid":{"rendered":"https:\/\/hempking.eu\/pl\/?post_type=product&#038;p=102493"},"modified":"2023-02-28T10:28:41","modified_gmt":"2023-02-28T09:28:41","slug":"witamina-d3-forte-z-lanoliny-w-kroplach-w-bio-oleju-konopnym-30-ml-krotki-termin","status":"publish","type":"product","link":"https:\/\/dev.hempking.eu\/pl\/witamina-d3-forte-z-lanoliny-w-kroplach-w-bio-oleju-konopnym-30-ml-krotki-termin\/","title":{"rendered":"Witamina D3 Forte z lanoliny w kroplach w bio oleju konopnym - 30 ml - Kr\u00f3tki termin - Powiadom o dost\u0119pno\u015bci"},"content":{"rendered":"<h2 style=\"text-align: justify;\"><b>Sk\u0142adniki Witaminy D3 Forte z lanoliny<\/b><\/h2>\n<p style=\"text-align: justify;\"><b>Sk\u0142adniki<\/b><span style=\"font-weight: 400;\">: BIO olej konopny*, D-alfa-tokoferol (witamina E), witamina D z lanoliny (cholekalcyferol).<\/span><\/p>\n<p style=\"text-align: justify;\"><span style=\"font-weight: 400;\">*Surowiec pochodzenia ekologicznego PL-EKO-06<\/span><\/p>\n<h2><strong>Bioaktywne naturalne witaminy rozpuszczone w bio oleju konopnym!<\/strong><\/h2>\n<h2 style=\"text-align: justify;\"><b>Naturalna Witamina D3 Forte z lanoliny w kroplach w oleju konopnym &#8211; n<\/b><b>aturalne wsparcie odporno\u015bci i regeneracji!\u00a0<\/b><\/h2>\n<p style=\"text-align: justify;\"><span style=\"font-weight: 400;\">Nasza <strong>witamina D3 Forte w kroplach<\/strong> powsta\u0142a z naturalnej lanoliny (cholekalcyferol). Dodatkowo zosta\u0142a wsparta<strong> witamin\u0105 E<\/strong>, a ca\u0142o\u015b\u0107 rozpu\u015bcili\u015bmy w oleju konopnym z organicznych upraw. To prawdziwie naturalna bomba wsparcia dla Twojego organizmu, w \u0142atwo przyswajalnej formie i wydajnej formule! Jedna porcja zawiera 1000% Dziennej Referencyjnej Warto\u015bci Spo\u017cycia (RWS) dla osoby doros\u0142ej!\u00a0<\/span><\/p>\n<p style=\"text-align: justify;\"><span style=\"font-weight: 400;\"><strong>Witamina D3<\/strong> w naszym klimacie jest niezwykle wa\u017cn\u0105 witamin\u0105. Nie mamy dostatecznie du\u017co dost\u0119pu do s\u0142o\u0144ca, zw\u0142aszcza w okresie jesienno-zimowym. Zatem suplementacja mo\u017ce okaza\u0107 si\u0119 konieczna!\u00a0 <\/span><span style=\"font-weight: 400;\">Przed zastosowaniem <strong>wskazane jest wykonanie badania 25-(OH)D<\/strong> we krwi oraz konsultacja wyniku badania z lekarzem lub farmaceut\u0105. Wtedy b\u0119dziemy mie\u0107 pewno\u015b\u0107, ile <strong>witaminy D3<\/strong> potrzebujemy suplementowa\u0107 i na jakim jest ona poziomie.<\/span><\/p>\n<h2 style=\"text-align: justify;\"><b>Jak dzia\u0142a Witamina D3 Forte z lanoliny?\u00a0<\/b><\/h2>\n<p style=\"text-align: justify;\"><span style=\"font-weight: 400;\">Przemy\u015blana kompozycja sk\u0142adnik\u00f3w pozwoli\u0142a nam stworzy\u0107 niezwyk\u0142y produkt! Oto jego w\u0142a\u015bciwo\u015bci:\u00a0<\/span><\/p>\n<h3 style=\"text-align: justify;\"><span style=\"text-decoration: underline;\"><b>Witamina D3 z lanoliny:\u00a0<\/b><\/span><\/h3>\n<ul style=\"text-align: justify;\">\n<li style=\"font-weight: 400;\" aria-level=\"1\"><span style=\"font-weight: 400;\">pomaga ko\u015bciom i z\u0119bom utrzyma\u0107 si\u0119 w prawid\u0142owej formie,<\/span><\/li>\n<li style=\"font-weight: 400;\" aria-level=\"1\"><span style=\"font-weight: 400;\">wspiera utrzymanie prawid\u0142owego st\u0119\u017cenia wapnia we krwi,<\/span><\/li>\n<li style=\"font-weight: 400;\" aria-level=\"1\"><span style=\"font-weight: 400;\">bierze udzia\u0142 w podzia\u0142ach kom\u00f3rek,<\/span><\/li>\n<li style=\"font-weight: 400;\" aria-level=\"1\"><span style=\"font-weight: 400;\">dzia\u0142a pozytywnie na odporno\u015b\u0107,<\/span><\/li>\n<li style=\"font-weight: 400;\" aria-level=\"1\"><span style=\"font-weight: 400;\">pomaga w prawid\u0142owym przebiegu reakcji zapalnej,<\/span><\/li>\n<li style=\"font-weight: 400;\" aria-level=\"1\"><span style=\"font-weight: 400;\">pomaga naszym mi\u0119\u015bniom prawid\u0142owo funkcjonowa\u0107,<\/span><\/li>\n<li style=\"font-weight: 400;\" aria-level=\"1\"><span style=\"font-weight: 400;\">zmniejsza ryzyko z\u0142ama\u0144 i uraz\u00f3w ko\u015bci,<\/span><\/li>\n<\/ul>\n<p style=\"text-align: justify;\"><span style=\"font-weight: 400;\"><strong>Witamina D3<\/strong> wspiera odporno\u015b\u0107, regeneracj\u0119 (np. po treningu) a tak\u017ce dba o nasze z\u0119by, ko\u015bci i mi\u0119\u015bnie!\u00a0<\/span><\/p>\n<h3 style=\"text-align: justify;\"><span style=\"text-decoration: underline;\"><b>Witamina E (D-alfa tokoferol):\u00a0<\/b><\/span><\/h3>\n<ul style=\"text-align: justify;\">\n<li style=\"font-weight: 400;\" aria-level=\"1\"><span style=\"font-weight: 400;\">naturalny antyoksydant,<\/span><\/li>\n<li style=\"font-weight: 400;\" aria-level=\"1\"><span style=\"font-weight: 400;\">substancja, kt\u00f3ra w naturalny spos\u00f3b sprawia, \u017ce nasz suplement diety ma d\u0142u\u017csz\u0105 trwa\u0142o\u015b\u0107 i przydatno\u015b\u0107 do spo\u017cycia.\u00a0<\/span><\/li>\n<\/ul>\n<h3 style=\"text-align: justify;\"><span style=\"text-decoration: underline;\"><b>Bio olej konopny:\u00a0<\/b><\/span><\/h3>\n<ul style=\"text-align: justify;\">\n<li style=\"font-weight: 400;\" aria-level=\"1\"><span style=\"font-weight: 400;\">wspiera naturaln\u0105 odporno\u015b\u0107 Twojego organizmu,\u00a0<\/span><\/li>\n<li style=\"font-weight: 400;\" aria-level=\"1\"><span style=\"font-weight: 400;\">upi\u0119ksza sk\u00f3r\u0119 od wewn\u0105trz, ale tak\u017ce od zewn\u0105trz,\u00a0<\/span><\/li>\n<li style=\"font-weight: 400;\" aria-level=\"1\"><span style=\"font-weight: 400;\">zawiera nienasycone kwasy t\u0142uszczowe w dobrych dla naszego organizmu proporcjach,<\/span><\/li>\n<li style=\"font-weight: 400;\" aria-level=\"1\"><span style=\"font-weight: 400;\">obni\u017ca st\u0119\u017cenie z\u0142ego cholesterolu we krwi,\u00a0<\/span><\/li>\n<li style=\"font-weight: 400;\" aria-level=\"1\"><span style=\"font-weight: 400;\">dba o uk\u0142ad sercowo-naczyniowy.\u00a0<\/span><\/li>\n<\/ul>\n<p style=\"text-align: justify;\"><span style=\"font-weight: 400;\">Olej konopny pochodzi z ekologicznych upraw i <\/span><b>posiada certyfikat EU Organic<\/b><span style=\"font-weight: 400;\">! A to oznacza, \u017ce na polach konopi z kt\u00f3rych powsta\u0142, nie by\u0142y stosowane \u017cadne sztuczne \u015brodki przyspieszaj\u0105ce wzrost ro\u015blin, pestycydy, herbicydy, a wszelkie st\u0119\u017cenia metali ci\u0119\u017ckich nie zosta\u0142y w \u017caden spos\u00f3b przekroczone. To czysty ekologicznie sk\u0142adnik!\u00a0<\/span><\/p>\n<h4 style=\"text-align: justify;\"><b>Dlaczego witamina D3 w oleju konopnym?\u00a0<\/b><\/h4>\n<p style=\"text-align: justify;\"><span style=\"font-weight: 400;\"><strong>Witamina D3<\/strong> jest dobrze przyswajana wtedy, gdy jest spo\u017cywana z t\u0142uszczami! To one pomagaj\u0105 si\u0119 jej rozpu\u015bci\u0107 i lepiej wch\u0142on\u0105\u0107 do naszego organizmu. Wybrali\u015bmy olej konopny, poniewa\u017c wiemy jak wiele cennych w\u0142a\u015bciwo\u015bci ma ten sk\u0142adnik. Dzi\u0119ki temu mogli\u015bmy stworzy\u0107 bezpieczny produkt, kt\u00f3ry jest r\u00f3wnie\u017c wydajny i skuteczny! <strong>Certyfikowany ekologiczny olej konopny<\/strong> to sk\u0142adnik, kt\u00f3ry wzbogaca produkt o dodatkowe w\u0142a\u015bciwo\u015bci dla Twojego organizmu i pomaga urozmaici\u0107 Twoj\u0105 diet\u0119 o sk\u0142adniki z konopi.<\/span><\/p>\n<h2 style=\"text-align: justify;\"><b>Jak stosowa\u0107 Witamin\u0119 D3 Forte w oleju konopnym?<\/b><\/h2>\n<p style=\"text-align: justify;\"><span style=\"font-weight: 400;\">Jedna porcja to jedna pe\u0142na pompka naszej <strong>witaminy D3 w oleju konopnym<\/strong>. Co si\u0119 kryje w takiej ilo\u015bci produktu?\u00a0<\/span><\/p>\n<ul style=\"text-align: justify;\">\n<li style=\"font-weight: 400;\" aria-level=\"1\"><span style=\"font-weight: 400;\">50 \u00b5g\/ 2000 IU (1000% RWS) naturalnej witaminy D3 z lanoliny\u00a0<\/span><\/li>\n<li style=\"font-weight: 400;\" aria-level=\"1\"><span style=\"font-weight: 400;\">2,4 mg\/ 3,2 IU (20% RWS) witaminy E<\/span><\/li>\n<\/ul>\n<p style=\"text-align: justify;\"><span style=\"font-weight: 400;\">Opakowanie zawiera <strong>600 sugerowanych porcji produktu<\/strong>, zatem wystarczy Ci na d\u0142ugi czas suplementacji! Zalecana ilo\u015b\u0107 do spo\u017cycia dla os\u00f3b doros\u0142ych dziennie to 1 pompka produktu. U os\u00f3b zdrowych powy\u017cej 75 roku \u017cycia mo\u017cna stosowa\u0107 2 pompki produktu.\u00a0<\/span><\/p>\n<p><a href=\"https:\/\/dev.hempking.eu\/pl\/wp-content\/uploads\/sites\/2\/2021\/12\/tabelka-witamina-D3-wartosci-odzywcze.jpg\"><img loading=\"lazy\" decoding=\"async\" class=\"alignnone wp-image-93025 size-full\" src=\"https:\/\/dev.hempking.eu\/pl\/wp-content\/uploads\/sites\/2\/2021\/12\/tabelka-witamina-D3-wartosci-odzywcze.jpg\" alt=\"warto\u015bci od\u017cywcze - witamina D3 forte w oleju konopnym\" width=\"815\" height=\"397\" srcset=\"https:\/\/dev.hempking.eu\/pl\/wp-content\/uploads\/sites\/2\/2021\/12\/tabelka-witamina-D3-wartosci-odzywcze.jpg 815w, https:\/\/dev.hempking.eu\/pl\/wp-content\/uploads\/sites\/2\/2021\/12\/tabelka-witamina-D3-wartosci-odzywcze-768x374.jpg 768w, https:\/\/dev.hempking.eu\/pl\/wp-content\/uploads\/sites\/2\/2021\/12\/tabelka-witamina-D3-wartosci-odzywcze-640x312.jpg 640w, https:\/\/dev.hempking.eu\/pl\/wp-content\/uploads\/sites\/2\/2021\/12\/tabelka-witamina-D3-wartosci-odzywcze-400x195.jpg 400w\" sizes=\"auto, (max-width: 815px) 100vw, 815px\" \/><\/a><\/p>\n<p style=\"text-align: justify;\"><b>Witamin\u0119 D3 Forte w oleju konopnym mog\u0105 stosowa\u0107 wegetarianie. Produkt nie zawiera laktozy, glutenu czy sztucznych substancji! <\/b><span style=\"font-weight: 400;\">Jest ca\u0142kowicie naturalny!<\/span><\/p>\n<p style=\"text-align: justify;\"><span style=\"font-weight: 400;\">Produkt nale\u017cy przyjmowa\u0107 w trakcie posi\u0142ku i nie przekracza\u0107 zalecanej dziennej porcji do spo\u017cycia. <\/span><b>Przed u\u017cyciem wstrz\u0105\u015bnij!<\/b><\/p>\n<p><a href=\"https:\/\/dev.hempking.eu\/pl\/wp-content\/uploads\/sites\/2\/2022\/01\/warunki2.jpg\"><img loading=\"lazy\" decoding=\"async\" class=\"alignnone wp-image-85647 size-full\" src=\"https:\/\/dev.hempking.eu\/pl\/wp-content\/uploads\/sites\/2\/2022\/01\/warunki2.jpg\" alt=\"warunki2\" width=\"755\" height=\"307\" srcset=\"https:\/\/dev.hempking.eu\/pl\/wp-content\/uploads\/sites\/2\/2022\/01\/warunki2.jpg 755w, https:\/\/dev.hempking.eu\/pl\/wp-content\/uploads\/sites\/2\/2022\/01\/warunki2-640x260.jpg 640w, https:\/\/dev.hempking.eu\/pl\/wp-content\/uploads\/sites\/2\/2022\/01\/warunki2-400x163.jpg 400w, https:\/\/dev.hempking.eu\/pl\/wp-content\/uploads\/sites\/2\/2022\/01\/warunki2-600x244.jpg 600w\" sizes=\"auto, (max-width: 755px) 100vw, 755px\" \/><\/a><\/p>\n<p><a href=\"https:\/\/dev.hempking.eu\/pl\/wp-content\/uploads\/sites\/2\/2020\/07\/warunki4.jpg\"><img loading=\"lazy\" decoding=\"async\" class=\"alignnone wp-image-101812 size-full\" src=\"https:\/\/dev.hempking.eu\/pl\/wp-content\/uploads\/sites\/2\/2020\/07\/warunki4.jpg\" alt=\"o\u015bwiadczenia w UE\" width=\"755\" height=\"353\" srcset=\"https:\/\/dev.hempking.eu\/pl\/wp-content\/uploads\/sites\/2\/2020\/07\/warunki4.jpg 755w, https:\/\/dev.hempking.eu\/pl\/wp-content\/uploads\/sites\/2\/2020\/07\/warunki4-640x299.jpg 640w, https:\/\/dev.hempking.eu\/pl\/wp-content\/uploads\/sites\/2\/2020\/07\/warunki4-400x187.jpg 400w\" sizes=\"auto, (max-width: 755px) 100vw, 755px\" \/><\/a><\/p>\n","protected":false},"excerpt":{"rendered":"<h2><b>Witamina D3 Forte z lanoliny:\u00a0<\/b><\/h2>\n<ul>\n<li style=\"font-weight: 400;\" aria-level=\"1\"><span style=\"font-weight: 400;\">1 porcja zawiera 2000 IU naturalnej witaminy D3\u00a0<\/span><\/li>\n<li style=\"font-weight: 400;\" aria-level=\"1\"><span style=\"font-weight: 400;\">opakowanie zawiera 600 porcji czyli 120 dni suplementacji<\/span><\/li>\n<li style=\"font-weight: 400;\" aria-level=\"1\"><span style=\"font-weight: 400;\">rozpuszczona w organicznym oleju konopnym dla lepszego przyswajania i dodatkowych w\u0142a\u015bciwo\u015bci\u00a0<\/span><\/li>\n<li style=\"font-weight: 400;\" aria-level=\"1\"><span style=\"font-weight: 400;\">bezglutenowa, bez laktozy, bez barwnik\u00f3w i sztucznych konserwant\u00f3w<\/span><\/li>\n<li style=\"font-weight: 400;\" aria-level=\"1\"><span style=\"font-weight: 400;\">odpowiednia dla wegetarian<\/span><\/li>\n<\/ul>\n<p>&nbsp;<\/p>\n<p><b>Pojemno\u015b\u0107: 30 ml<\/b><\/p>\n","protected":false},"featured_media":91780,"template":"","meta":{"_acf_changed":false},"product_cat":[153],"product_tag":[],"class_list":{"0":"post-102493","1":"product","2":"type-product","3":"status-publish","4":"has-post-thumbnail","6":"product_cat-powiadom-o-dostepnosci","8":"first","9":"outofstock","10":"sale","11":"shipping-taxable","12":"purchasable","13":"product-type-simple"},"acf":[],"yoast_head":"<!-- This site is optimized with the Yoast SEO Premium plugin v23.4 (Yoast SEO v24.0) - https:\/\/yoast.com\/wordpress\/plugins\/seo\/ -->\n<title>Witamina D3 w oleju konopnym HempKing<\/title>\n<meta name=\"description\" content=\"Witamina D3 w oleju konopnym. Naturalne wsparcie odporno\u015bci i regeneracji!\u00a0 Zadbaj z nami o swoj\u0105 diet\u0119! Kup teraz!\" \/>\n<link rel=\"canonical\" href=\"https:\/\/dev.hempking.eu\/pl\/witamina-d3-forte-z-lanoliny-w-kroplach-w-oleju-konopnym-30-ml\/\" \/>\n<meta property=\"og:locale\" content=\"pl_PL\" \/>\n<meta property=\"og:type\" content=\"article\" \/>\n<meta property=\"og:title\" content=\"Witamina D3 Forte z lanoliny w kroplach w bio oleju konopnym - 30 ml - Kr\u00f3tki termin - Powiadom o dost\u0119pno\u015bci\" \/>\n<meta property=\"og:description\" content=\"Witamina D3 w oleju konopnym. Naturalne wsparcie odporno\u015bci i regeneracji!\u00a0 Zadbaj z nami o swoj\u0105 diet\u0119! Kup teraz!\" \/>\n<meta property=\"og:url\" content=\"https:\/\/dev.hempking.eu\/pl\/witamina-d3-forte-z-lanoliny-w-kroplach-w-oleju-konopnym-30-ml\/\" \/>\n<meta property=\"og:site_name\" content=\"Hemp King\" \/>\n<meta property=\"article:publisher\" content=\"https:\/\/www.facebook.com\/hempkingpoland\" \/>\n<meta property=\"article:modified_time\" content=\"2023-02-28T09:28:41+00:00\" \/>\n<meta property=\"og:image\" content=\"https:\/\/dev.hempking.eu\/pl\/wp-content\/uploads\/sites\/2\/2021\/12\/olejek_witaminy_d3.jpg\" \/>\n\t<meta property=\"og:image:width\" content=\"1000\" \/>\n\t<meta property=\"og:image:height\" content=\"1000\" \/>\n\t<meta property=\"og:image:type\" content=\"image\/jpeg\" \/>\n<meta name=\"twitter:card\" content=\"summary_large_image\" \/>\n<meta name=\"twitter:site\" content=\"@hempkingeu\" \/>\n<meta name=\"twitter:label1\" content=\"Price\" \/>\n\t<meta name=\"twitter:data1\" content=\"23.10&nbsp;&#122;&#322;\" \/>\n\t<meta name=\"twitter:label2\" content=\"Availability\" \/>\n\t<meta name=\"twitter:data2\" content=\"Out of stock\" \/>\n<script type=\"application\/ld+json\" class=\"yoast-schema-graph\">{\"@context\":\"https:\/\/schema.org\",\"@graph\":[{\"@type\":\"WebPage\",\"@id\":\"https:\/\/dev.hempking.eu\/pl\/witamina-d3-forte-z-lanoliny-w-kroplach-w-bio-oleju-konopnym-30-ml-krotki-termin\/\",\"url\":\"https:\/\/dev.hempking.eu\/pl\/witamina-d3-forte-z-lanoliny-w-kroplach-w-oleju-konopnym-30-ml\/\",\"name\":\"Witamina D3 w oleju konopnym HempKing\",\"isPartOf\":{\"@id\":\"https:\/\/dev.hempking.eu\/pl\/#website\"},\"primaryImageOfPage\":{\"@id\":\"https:\/\/dev.hempking.eu\/pl\/witamina-d3-forte-z-lanoliny-w-kroplach-w-oleju-konopnym-30-ml\/#primaryimage\"},\"image\":{\"@id\":\"https:\/\/dev.hempking.eu\/pl\/witamina-d3-forte-z-lanoliny-w-kroplach-w-oleju-konopnym-30-ml\/#primaryimage\"},\"thumbnailUrl\":\"https:\/\/dev.hempking.eu\/pl\/wp-content\/uploads\/sites\/2\/2021\/12\/olejek_witaminy_d3.jpg\",\"datePublished\":\"2022-07-12T08:45:46+00:00\",\"dateModified\":\"2023-02-28T09:28:41+00:00\",\"description\":\"Witamina D3 w oleju konopnym. Naturalne wsparcie odporno\u015bci i regeneracji!\u00a0 Zadbaj z nami o swoj\u0105 diet\u0119! Kup teraz!\",\"breadcrumb\":{\"@id\":\"https:\/\/dev.hempking.eu\/pl\/witamina-d3-forte-z-lanoliny-w-kroplach-w-oleju-konopnym-30-ml\/#breadcrumb\"},\"inLanguage\":\"pl-PL\",\"potentialAction\":[{\"@type\":\"ReadAction\",\"target\":[\"https:\/\/dev.hempking.eu\/pl\/witamina-d3-forte-z-lanoliny-w-kroplach-w-oleju-konopnym-30-ml\/\"]}]},{\"@type\":\"ImageObject\",\"inLanguage\":\"pl-PL\",\"@id\":\"https:\/\/dev.hempking.eu\/pl\/witamina-d3-forte-z-lanoliny-w-kroplach-w-oleju-konopnym-30-ml\/#primaryimage\",\"url\":\"https:\/\/dev.hempking.eu\/pl\/wp-content\/uploads\/sites\/2\/2021\/12\/olejek_witaminy_d3.jpg\",\"contentUrl\":\"https:\/\/dev.hempking.eu\/pl\/wp-content\/uploads\/sites\/2\/2021\/12\/olejek_witaminy_d3.jpg\",\"width\":1000,\"height\":1000,\"caption\":\"witamina D3 forte w oleju konopnym 4000 UI\"},{\"@type\":\"BreadcrumbList\",\"@id\":\"https:\/\/dev.hempking.eu\/pl\/witamina-d3-forte-z-lanoliny-w-kroplach-w-oleju-konopnym-30-ml\/#breadcrumb\",\"itemListElement\":[{\"@type\":\"ListItem\",\"position\":1,\"name\":\"Home\",\"item\":\"https:\/\/dev.hempking.eu\/pl\/\"},{\"@type\":\"ListItem\",\"position\":2,\"name\":\"Sklep\",\"item\":\"https:\/\/dev.hempking.eu\/pl\/shop\/\"},{\"@type\":\"ListItem\",\"position\":3,\"name\":\"Powiadom o dost\u0119pno\u015bci\",\"item\":\"https:\/\/dev.hempking.eu\/pl\/powiadom-o-dostepnosci\/\"},{\"@type\":\"ListItem\",\"position\":4,\"name\":\"Witamina D3 Forte z lanoliny w kroplach w bio oleju konopnym - 30 ml - Kr\u00f3tki termin - Powiadom o dost\u0119pno\u015bci\"}]},{\"@type\":\"WebSite\",\"@id\":\"https:\/\/dev.hempking.eu\/pl\/#website\",\"url\":\"https:\/\/dev.hempking.eu\/pl\/\",\"name\":\"Hemp King\",\"description\":\"\",\"publisher\":{\"@id\":\"https:\/\/dev.hempking.eu\/pl\/#organization\"},\"potentialAction\":[{\"@type\":\"SearchAction\",\"target\":{\"@type\":\"EntryPoint\",\"urlTemplate\":\"https:\/\/dev.hempking.eu\/pl\/?s={search_term_string}\"},\"query-input\":{\"@type\":\"PropertyValueSpecification\",\"valueRequired\":true,\"valueName\":\"search_term_string\"}}],\"inLanguage\":\"pl-PL\"},{\"@type\":\"Organization\",\"@id\":\"https:\/\/dev.hempking.eu\/pl\/#organization\",\"name\":\"Hemp King\",\"url\":\"https:\/\/dev.hempking.eu\/pl\/\",\"logo\":{\"@type\":\"ImageObject\",\"inLanguage\":\"pl-PL\",\"@id\":\"https:\/\/dev.hempking.eu\/pl\/#\/schema\/logo\/image\/\",\"url\":\"https:\/\/dev.hempking.eu\/pl\/wp-content\/uploads\/sites\/2\/2020\/05\/hempking.png\",\"contentUrl\":\"https:\/\/dev.hempking.eu\/pl\/wp-content\/uploads\/sites\/2\/2020\/05\/hempking.png\",\"width\":148,\"height\":91,\"caption\":\"Hemp King\"},\"image\":{\"@id\":\"https:\/\/dev.hempking.eu\/pl\/#\/schema\/logo\/image\/\"},\"sameAs\":[\"https:\/\/www.facebook.com\/hempkingpoland\",\"https:\/\/x.com\/hempkingeu\",\"https:\/\/www.instagram.com\/hempkingeu\/\",\"https:\/\/www.linkedin.com\/company\/hempking-eu\/mycompany\/\",\"https:\/\/pl.pinterest.com\/hempkingeu\/\",\"https:\/\/www.youtube.com\/channel\/UCUkeZA1fj4hSZfoYm0WpZ7w\"]}]}<\/script>\n<meta property=\"product:price:amount\" content=\"23.10\" \/>\n<meta property=\"product:price:currency\" content=\"PLN\" \/>\n<meta property=\"og:availability\" content=\"out of stock\" \/>\n<meta property=\"product:availability\" content=\"out of stock\" \/>\n<meta property=\"product:condition\" content=\"new\" \/>\n<!-- \/ Yoast SEO Premium plugin. -->","yoast_head_json":{"title":"Witamina D3 w oleju konopnym HempKing","description":"Witamina D3 w oleju konopnym. Naturalne wsparcie odporno\u015bci i regeneracji!\u00a0 Zadbaj z nami o swoj\u0105 diet\u0119! Kup teraz!","canonical":"https:\/\/dev.hempking.eu\/pl\/witamina-d3-forte-z-lanoliny-w-kroplach-w-oleju-konopnym-30-ml\/","og_locale":"pl_PL","og_type":"article","og_title":"Witamina D3 Forte z lanoliny w kroplach w bio oleju konopnym - 30 ml - Kr\u00f3tki termin - Powiadom o dost\u0119pno\u015bci","og_description":"Witamina D3 w oleju konopnym. Naturalne wsparcie odporno\u015bci i regeneracji!\u00a0 Zadbaj z nami o swoj\u0105 diet\u0119! Kup teraz!","og_url":"https:\/\/dev.hempking.eu\/pl\/witamina-d3-forte-z-lanoliny-w-kroplach-w-oleju-konopnym-30-ml\/","og_site_name":"Hemp King","article_publisher":"https:\/\/www.facebook.com\/hempkingpoland","article_modified_time":"2023-02-28T09:28:41+00:00","og_image":[{"width":1000,"height":1000,"url":"https:\/\/dev.hempking.eu\/pl\/wp-content\/uploads\/sites\/2\/2021\/12\/olejek_witaminy_d3.jpg","type":"image\/jpeg"}],"twitter_card":"summary_large_image","twitter_site":"@hempkingeu","twitter_misc":{"Price":"23.10&nbsp;&#122;&#322;","Availability":"Out of stock"},"schema":{"@context":"https:\/\/schema.org","@graph":[{"@type":"WebPage","@id":"https:\/\/dev.hempking.eu\/pl\/witamina-d3-forte-z-lanoliny-w-kroplach-w-bio-oleju-konopnym-30-ml-krotki-termin\/","url":"https:\/\/dev.hempking.eu\/pl\/witamina-d3-forte-z-lanoliny-w-kroplach-w-oleju-konopnym-30-ml\/","name":"Witamina D3 w oleju konopnym HempKing","isPartOf":{"@id":"https:\/\/dev.hempking.eu\/pl\/#website"},"primaryImageOfPage":{"@id":"https:\/\/dev.hempking.eu\/pl\/witamina-d3-forte-z-lanoliny-w-kroplach-w-oleju-konopnym-30-ml\/#primaryimage"},"image":{"@id":"https:\/\/dev.hempking.eu\/pl\/witamina-d3-forte-z-lanoliny-w-kroplach-w-oleju-konopnym-30-ml\/#primaryimage"},"thumbnailUrl":"https:\/\/dev.hempking.eu\/pl\/wp-content\/uploads\/sites\/2\/2021\/12\/olejek_witaminy_d3.jpg","datePublished":"2022-07-12T08:45:46+00:00","dateModified":"2023-02-28T09:28:41+00:00","description":"Witamina D3 w oleju konopnym. Naturalne wsparcie odporno\u015bci i regeneracji!\u00a0 Zadbaj z nami o swoj\u0105 diet\u0119! Kup teraz!","breadcrumb":{"@id":"https:\/\/dev.hempking.eu\/pl\/witamina-d3-forte-z-lanoliny-w-kroplach-w-oleju-konopnym-30-ml\/#breadcrumb"},"inLanguage":"pl-PL","potentialAction":[{"@type":"ReadAction","target":["https:\/\/dev.hempking.eu\/pl\/witamina-d3-forte-z-lanoliny-w-kroplach-w-oleju-konopnym-30-ml\/"]}]},{"@type":"ImageObject","inLanguage":"pl-PL","@id":"https:\/\/dev.hempking.eu\/pl\/witamina-d3-forte-z-lanoliny-w-kroplach-w-oleju-konopnym-30-ml\/#primaryimage","url":"https:\/\/dev.hempking.eu\/pl\/wp-content\/uploads\/sites\/2\/2021\/12\/olejek_witaminy_d3.jpg","contentUrl":"https:\/\/dev.hempking.eu\/pl\/wp-content\/uploads\/sites\/2\/2021\/12\/olejek_witaminy_d3.jpg","width":1000,"height":1000,"caption":"witamina D3 forte w oleju konopnym 4000 UI"},{"@type":"BreadcrumbList","@id":"https:\/\/dev.hempking.eu\/pl\/witamina-d3-forte-z-lanoliny-w-kroplach-w-oleju-konopnym-30-ml\/#breadcrumb","itemListElement":[{"@type":"ListItem","position":1,"name":"Home","item":"https:\/\/dev.hempking.eu\/pl\/"},{"@type":"ListItem","position":2,"name":"Sklep","item":"https:\/\/dev.hempking.eu\/pl\/shop\/"},{"@type":"ListItem","position":3,"name":"Powiadom o dost\u0119pno\u015bci","item":"https:\/\/dev.hempking.eu\/pl\/powiadom-o-dostepnosci\/"},{"@type":"ListItem","position":4,"name":"Witamina D3 Forte z lanoliny w kroplach w bio oleju konopnym - 30 ml - Kr\u00f3tki termin - Powiadom o dost\u0119pno\u015bci"}]},{"@type":"WebSite","@id":"https:\/\/dev.hempking.eu\/pl\/#website","url":"https:\/\/dev.hempking.eu\/pl\/","name":"Hemp King","description":"","publisher":{"@id":"https:\/\/dev.hempking.eu\/pl\/#organization"},"potentialAction":[{"@type":"SearchAction","target":{"@type":"EntryPoint","urlTemplate":"https:\/\/dev.hempking.eu\/pl\/?s={search_term_string}"},"query-input":{"@type":"PropertyValueSpecification","valueRequired":true,"valueName":"search_term_string"}}],"inLanguage":"pl-PL"},{"@type":"Organization","@id":"https:\/\/dev.hempking.eu\/pl\/#organization","name":"Hemp King","url":"https:\/\/dev.hempking.eu\/pl\/","logo":{"@type":"ImageObject","inLanguage":"pl-PL","@id":"https:\/\/dev.hempking.eu\/pl\/#\/schema\/logo\/image\/","url":"https:\/\/dev.hempking.eu\/pl\/wp-content\/uploads\/sites\/2\/2020\/05\/hempking.png","contentUrl":"https:\/\/dev.hempking.eu\/pl\/wp-content\/uploads\/sites\/2\/2020\/05\/hempking.png","width":148,"height":91,"caption":"Hemp King"},"image":{"@id":"https:\/\/dev.hempking.eu\/pl\/#\/schema\/logo\/image\/"},"sameAs":["https:\/\/www.facebook.com\/hempkingpoland","https:\/\/x.com\/hempkingeu","https:\/\/www.instagram.com\/hempkingeu\/","https:\/\/www.linkedin.com\/company\/hempking-eu\/mycompany\/","https:\/\/pl.pinterest.com\/hempkingeu\/","https:\/\/www.youtube.com\/channel\/UCUkeZA1fj4hSZfoYm0WpZ7w"]}]},"product_price_amount":"23.10","product_price_currency":"PLN","og_availability":"out of stock","product_availability":"out of stock","product_condition":"new"},"_links":{"self":[{"href":"https:\/\/dev.hempking.eu\/pl\/wp-json\/wp\/v2\/product\/102493","targetHints":{"allow":["GET"]}}],"collection":[{"href":"https:\/\/dev.hempking.eu\/pl\/wp-json\/wp\/v2\/product"}],"about":[{"href":"https:\/\/dev.hempking.eu\/pl\/wp-json\/wp\/v2\/types\/product"}],"wp:featuredmedia":[{"embeddable":true,"href":"https:\/\/dev.hempking.eu\/pl\/wp-json\/wp\/v2\/media\/91780"}],"wp:attachment":[{"href":"https:\/\/dev.hempking.eu\/pl\/wp-json\/wp\/v2\/media?parent=102493"}],"wp:term":[{"taxonomy":"product_cat","embeddable":true,"href":"https:\/\/dev.hempking.eu\/pl\/wp-json\/wp\/v2\/product_cat?post=102493"},{"taxonomy":"product_tag","embeddable":true,"href":"https:\/\/dev.hempking.eu\/pl\/wp-json\/wp\/v2\/product_tag?post=102493"}],"curies":[{"name":"wp","href":"https:\/\/api.w.org\/{rel}","templated":true}]}}