{"id":104646,"date":"2022-08-11T13:59:44","date_gmt":"2022-08-11T11:59:44","guid":{"rendered":"https:\/\/hempking.eu\/pl\/?post_type=product&#038;p=104646"},"modified":"2023-04-21T20:56:52","modified_gmt":"2023-04-21T18:56:52","slug":"witamina-c-complex-kapsulki","status":"publish","type":"product","link":"https:\/\/dev.hempking.eu\/pl\/witamina-c-complex-kapsulki\/","title":{"rendered":"Witamina C Complex+ kapsu\u0142ki Biowen"},"content":{"rendered":"<h2 style=\"text-align: justify;\">Witamina C w kapsu\u0142kach Complex + Biowen<\/h2>\n<p style=\"text-align: justify;\"><b>Witamina C w kapsu\u0142kach Complex + <\/b><span style=\"font-weight: 400;\">powsta\u0142a w wyniku wyj\u0105tkowego po\u0142\u0105czenia sk\u0142adnik\u00f3w, kt\u00f3re zawieraj\u0105 du\u017ce porcje naturalnej witaminy C. Wszystkie zamkn\u0119li\u015bmy w wygodnych wega\u0144skich kapsu\u0142kach, kt\u00f3re zawieraj\u0105 odmierzon\u0105 porcj\u0119 witaminy C. <\/span><b>Witamina C Complex + kapsu\u0142ki <\/b><span style=\"font-weight: 400;\">to produkt, kt\u00f3ry ma za zadanie wesprze\u0107 Tw\u00f3j organizm w kompleksowy spos\u00f3b oraz urozmaici\u0107 Twoj\u0105 diet\u0119 o naturaln\u0105, wysokiej jako\u015bci witamin\u0119 C.<\/span><\/p>\n<p style=\"text-align: justify;\"><span style=\"font-weight: 400;\">Nasza <\/span><b>witamina C w kapsu\u0142kach<\/b><span style=\"font-weight: 400;\"> zawiera tak\u017ce BIO booster! Jest on standaryzowany na 95% bioflawonoid\u00f3w, w tym <\/span><span style=\"font-weight: 400;\">80% hesperydyny<\/span><span style=\"font-weight: 400;\">. Do tego w sk\u0142adzie naszej witaminy C w kapsu\u0142kach znajdziesz BIO dzik\u0105 r\u00f3\u017c\u0119 a tak\u017ce ekstrakt z pere\u0142kowca japo\u0144skiego &#8211; w tym rutyn\u0119!\u00a0<\/span><\/p>\n<p style=\"text-align: justify;\"><span style=\"font-weight: 400;\">Jedna kapsu\u0142ka Witaminy C Complex + to a\u017c 1063% warto\u015bci dziennego spo\u017cycia witaminy C! Z kolei dwie kapsu\u0142ki witaminy C to 2126%! Du\u017ce st\u0119\u017cenia witaminy C sprawiaj\u0105, \u017ce produkt jest wydajny i wystarcza na d\u0142ugi czas stosowania.\u00a0<\/span><\/p>\n<p style=\"text-align: justify;\"><a href=\"https:\/\/dev.hempking.eu\/pl\/wp-content\/uploads\/sites\/2\/2022\/01\/warunki2.jpg\"><img loading=\"lazy\" decoding=\"async\" class=\"alignnone size-full wp-image-85647\" src=\"https:\/\/dev.hempking.eu\/pl\/wp-content\/uploads\/sites\/2\/2022\/01\/warunki2.jpg\" alt=\"warunki przechowywania produkt\u00f3w konopnych HempKing\" width=\"755\" height=\"307\" srcset=\"https:\/\/dev.hempking.eu\/pl\/wp-content\/uploads\/sites\/2\/2022\/01\/warunki2.jpg 755w, https:\/\/dev.hempking.eu\/pl\/wp-content\/uploads\/sites\/2\/2022\/01\/warunki2-640x260.jpg 640w, https:\/\/dev.hempking.eu\/pl\/wp-content\/uploads\/sites\/2\/2022\/01\/warunki2-400x163.jpg 400w, https:\/\/dev.hempking.eu\/pl\/wp-content\/uploads\/sites\/2\/2022\/01\/warunki2-600x244.jpg 600w\" sizes=\"auto, (max-width: 755px) 100vw, 755px\" \/><\/a><\/p>\n<p style=\"text-align: justify;\">\n","protected":false},"excerpt":{"rendered":"<h2><strong>Witamina C w kapsu\u0142kach:\u00a0<\/strong><\/h2>\n<ul>\n<li>wega\u0144skie kapsu\u0142ki,<\/li>\n<li>wysoka zawarto\u015b\u0107 witaminy C,<\/li>\n<li>wspiera odporno\u015b\u0107,<\/li>\n<li>pomaga przyswaja\u0107 \u017celazo,<\/li>\n<li>BIO booster &#8211; ekstrakt z grejpfruta.<\/li>\n<\/ul>\n<p><strong>Kapsu\u0142ki: 100 sztuk<\/strong><\/p>\n","protected":false},"featured_media":104648,"template":"","meta":{"_acf_changed":false},"product_cat":[408,96,97,36],"product_tag":[],"class_list":{"0":"post-104646","1":"product","2":"type-product","3":"status-publish","4":"has-post-thumbnail","6":"product_cat-witaminy","7":"product_cat-suplementy","8":"product_cat-witamina-c","9":"product_cat-bestsellery","11":"first","12":"instock","13":"shipping-taxable","14":"purchasable","15":"product-type-simple"},"acf":[],"yoast_head":"<!-- This site is optimized with the Yoast SEO Premium plugin v23.4 (Yoast SEO v24.0) - https:\/\/yoast.com\/wordpress\/plugins\/seo\/ -->\n<title>Witamina C Complex + - kapsu\u0142ki Biowen<\/title>\n<meta name=\"description\" content=\"Zobacz \u261b Witamina C Complex+ kapsu\u0142ki Biowen w konopnym sklepie HempKing \u2705100% naturalne \u2705 Zadbaj z nami o swoj\u0105 diet\u0119!\" \/>\n<link rel=\"canonical\" href=\"https:\/\/dev.hempking.eu\/pl\/witamina-c-complex-kapsulki\/\" \/>\n<meta property=\"og:locale\" content=\"pl_PL\" \/>\n<meta property=\"og:type\" content=\"article\" \/>\n<meta property=\"og:title\" content=\"Witamina C Complex+ kapsu\u0142ki Biowen\" \/>\n<meta property=\"og:description\" content=\"Zobacz \u261b Witamina C Complex+ kapsu\u0142ki Biowen w konopnym sklepie HempKing \u2705100% naturalne \u2705 Zadbaj z nami o swoj\u0105 diet\u0119!\" \/>\n<meta property=\"og:url\" content=\"https:\/\/dev.hempking.eu\/pl\/witamina-c-complex-kapsulki\/\" \/>\n<meta property=\"og:site_name\" content=\"Hemp King\" \/>\n<meta property=\"article:publisher\" content=\"https:\/\/www.facebook.com\/hempkingpoland\" \/>\n<meta property=\"article:modified_time\" content=\"2023-04-21T18:56:52+00:00\" \/>\n<meta property=\"og:image\" content=\"https:\/\/dev.hempking.eu\/pl\/wp-content\/uploads\/sites\/2\/2022\/08\/witamina_c_kapsulki-1.jpg\" \/>\n\t<meta property=\"og:image:width\" content=\"1000\" \/>\n\t<meta property=\"og:image:height\" content=\"1000\" \/>\n\t<meta property=\"og:image:type\" content=\"image\/jpeg\" \/>\n<meta name=\"twitter:card\" content=\"summary_large_image\" \/>\n<meta name=\"twitter:site\" content=\"@hempkingeu\" \/>\n<meta name=\"twitter:label1\" content=\"Price\" \/>\n\t<meta name=\"twitter:data1\" content=\"38.90&nbsp;&#122;&#322;\" \/>\n\t<meta name=\"twitter:label2\" content=\"Availability\" \/>\n\t<meta name=\"twitter:data2\" content=\"In stock\" \/>\n<script type=\"application\/ld+json\" class=\"yoast-schema-graph\">{\"@context\":\"https:\/\/schema.org\",\"@graph\":[{\"@type\":\"WebPage\",\"@id\":\"https:\/\/dev.hempking.eu\/pl\/witamina-c-complex-kapsulki\/\",\"url\":\"https:\/\/dev.hempking.eu\/pl\/witamina-c-complex-kapsulki\/\",\"name\":\"Witamina C Complex + - kapsu\u0142ki Biowen\",\"isPartOf\":{\"@id\":\"https:\/\/dev.hempking.eu\/pl\/#website\"},\"primaryImageOfPage\":{\"@id\":\"https:\/\/dev.hempking.eu\/pl\/witamina-c-complex-kapsulki\/#primaryimage\"},\"image\":{\"@id\":\"https:\/\/dev.hempking.eu\/pl\/witamina-c-complex-kapsulki\/#primaryimage\"},\"thumbnailUrl\":\"https:\/\/dev.hempking.eu\/pl\/wp-content\/uploads\/sites\/2\/2022\/08\/witamina_c_kapsulki-1.jpg\",\"datePublished\":\"2022-08-11T11:59:44+00:00\",\"dateModified\":\"2023-04-21T18:56:52+00:00\",\"description\":\"Zobacz \u261b Witamina C Complex+ kapsu\u0142ki Biowen w konopnym sklepie HempKing \u2705100% naturalne \u2705 Zadbaj z nami o swoj\u0105 diet\u0119!\",\"breadcrumb\":{\"@id\":\"https:\/\/dev.hempking.eu\/pl\/witamina-c-complex-kapsulki\/#breadcrumb\"},\"inLanguage\":\"pl-PL\",\"potentialAction\":[{\"@type\":\"ReadAction\",\"target\":[\"https:\/\/dev.hempking.eu\/pl\/witamina-c-complex-kapsulki\/\"]}]},{\"@type\":\"ImageObject\",\"inLanguage\":\"pl-PL\",\"@id\":\"https:\/\/dev.hempking.eu\/pl\/witamina-c-complex-kapsulki\/#primaryimage\",\"url\":\"https:\/\/dev.hempking.eu\/pl\/wp-content\/uploads\/sites\/2\/2022\/08\/witamina_c_kapsulki-1.jpg\",\"contentUrl\":\"https:\/\/dev.hempking.eu\/pl\/wp-content\/uploads\/sites\/2\/2022\/08\/witamina_c_kapsulki-1.jpg\",\"width\":1000,\"height\":1000,\"caption\":\"witamina C w kapsu\u0142kach Biowen\"},{\"@type\":\"BreadcrumbList\",\"@id\":\"https:\/\/dev.hempking.eu\/pl\/witamina-c-complex-kapsulki\/#breadcrumb\",\"itemListElement\":[{\"@type\":\"ListItem\",\"position\":1,\"name\":\"Home\",\"item\":\"https:\/\/dev.hempking.eu\/pl\/\"},{\"@type\":\"ListItem\",\"position\":2,\"name\":\"Sklep\",\"item\":\"https:\/\/dev.hempking.eu\/pl\/shop\/\"},{\"@type\":\"ListItem\",\"position\":3,\"name\":\"Witaminy i minera\u0142y\",\"item\":\"https:\/\/dev.hempking.eu\/pl\/witaminy-i-mineraly\/\"},{\"@type\":\"ListItem\",\"position\":4,\"name\":\"Witaminy\",\"item\":\"https:\/\/dev.hempking.eu\/pl\/witaminy\/\"},{\"@type\":\"ListItem\",\"position\":5,\"name\":\"Witamina C Complex+ kapsu\u0142ki Biowen\"}]},{\"@type\":\"WebSite\",\"@id\":\"https:\/\/dev.hempking.eu\/pl\/#website\",\"url\":\"https:\/\/dev.hempking.eu\/pl\/\",\"name\":\"Hemp King\",\"description\":\"\",\"publisher\":{\"@id\":\"https:\/\/dev.hempking.eu\/pl\/#organization\"},\"potentialAction\":[{\"@type\":\"SearchAction\",\"target\":{\"@type\":\"EntryPoint\",\"urlTemplate\":\"https:\/\/dev.hempking.eu\/pl\/?s={search_term_string}\"},\"query-input\":{\"@type\":\"PropertyValueSpecification\",\"valueRequired\":true,\"valueName\":\"search_term_string\"}}],\"inLanguage\":\"pl-PL\"},{\"@type\":\"Organization\",\"@id\":\"https:\/\/dev.hempking.eu\/pl\/#organization\",\"name\":\"Hemp King\",\"url\":\"https:\/\/dev.hempking.eu\/pl\/\",\"logo\":{\"@type\":\"ImageObject\",\"inLanguage\":\"pl-PL\",\"@id\":\"https:\/\/dev.hempking.eu\/pl\/#\/schema\/logo\/image\/\",\"url\":\"https:\/\/dev.hempking.eu\/pl\/wp-content\/uploads\/sites\/2\/2020\/05\/hempking.png\",\"contentUrl\":\"https:\/\/dev.hempking.eu\/pl\/wp-content\/uploads\/sites\/2\/2020\/05\/hempking.png\",\"width\":148,\"height\":91,\"caption\":\"Hemp King\"},\"image\":{\"@id\":\"https:\/\/dev.hempking.eu\/pl\/#\/schema\/logo\/image\/\"},\"sameAs\":[\"https:\/\/www.facebook.com\/hempkingpoland\",\"https:\/\/x.com\/hempkingeu\",\"https:\/\/www.instagram.com\/hempkingeu\/\",\"https:\/\/www.linkedin.com\/company\/hempking-eu\/mycompany\/\",\"https:\/\/pl.pinterest.com\/hempkingeu\/\",\"https:\/\/www.youtube.com\/channel\/UCUkeZA1fj4hSZfoYm0WpZ7w\"]}]}<\/script>\n<meta property=\"product:price:amount\" content=\"38.90\" \/>\n<meta property=\"product:price:currency\" content=\"PLN\" \/>\n<meta property=\"og:availability\" content=\"instock\" \/>\n<meta property=\"product:availability\" content=\"instock\" \/>\n<meta property=\"product:condition\" content=\"new\" \/>\n<!-- \/ Yoast SEO Premium plugin. -->","yoast_head_json":{"title":"Witamina C Complex + - kapsu\u0142ki Biowen","description":"Zobacz \u261b Witamina C Complex+ kapsu\u0142ki Biowen w konopnym sklepie HempKing \u2705100% naturalne \u2705 Zadbaj z nami o swoj\u0105 diet\u0119!","canonical":"https:\/\/dev.hempking.eu\/pl\/witamina-c-complex-kapsulki\/","og_locale":"pl_PL","og_type":"article","og_title":"Witamina C Complex+ kapsu\u0142ki Biowen","og_description":"Zobacz \u261b Witamina C Complex+ kapsu\u0142ki Biowen w konopnym sklepie HempKing \u2705100% naturalne \u2705 Zadbaj z nami o swoj\u0105 diet\u0119!","og_url":"https:\/\/dev.hempking.eu\/pl\/witamina-c-complex-kapsulki\/","og_site_name":"Hemp King","article_publisher":"https:\/\/www.facebook.com\/hempkingpoland","article_modified_time":"2023-04-21T18:56:52+00:00","og_image":[{"width":1000,"height":1000,"url":"https:\/\/dev.hempking.eu\/pl\/wp-content\/uploads\/sites\/2\/2022\/08\/witamina_c_kapsulki-1.jpg","type":"image\/jpeg"}],"twitter_card":"summary_large_image","twitter_site":"@hempkingeu","twitter_misc":{"Price":"38.90&nbsp;&#122;&#322;","Availability":"In stock"},"schema":{"@context":"https:\/\/schema.org","@graph":[{"@type":"WebPage","@id":"https:\/\/dev.hempking.eu\/pl\/witamina-c-complex-kapsulki\/","url":"https:\/\/dev.hempking.eu\/pl\/witamina-c-complex-kapsulki\/","name":"Witamina C Complex + - kapsu\u0142ki Biowen","isPartOf":{"@id":"https:\/\/dev.hempking.eu\/pl\/#website"},"primaryImageOfPage":{"@id":"https:\/\/dev.hempking.eu\/pl\/witamina-c-complex-kapsulki\/#primaryimage"},"image":{"@id":"https:\/\/dev.hempking.eu\/pl\/witamina-c-complex-kapsulki\/#primaryimage"},"thumbnailUrl":"https:\/\/dev.hempking.eu\/pl\/wp-content\/uploads\/sites\/2\/2022\/08\/witamina_c_kapsulki-1.jpg","datePublished":"2022-08-11T11:59:44+00:00","dateModified":"2023-04-21T18:56:52+00:00","description":"Zobacz \u261b Witamina C Complex+ kapsu\u0142ki Biowen w konopnym sklepie HempKing \u2705100% naturalne \u2705 Zadbaj z nami o swoj\u0105 diet\u0119!","breadcrumb":{"@id":"https:\/\/dev.hempking.eu\/pl\/witamina-c-complex-kapsulki\/#breadcrumb"},"inLanguage":"pl-PL","potentialAction":[{"@type":"ReadAction","target":["https:\/\/dev.hempking.eu\/pl\/witamina-c-complex-kapsulki\/"]}]},{"@type":"ImageObject","inLanguage":"pl-PL","@id":"https:\/\/dev.hempking.eu\/pl\/witamina-c-complex-kapsulki\/#primaryimage","url":"https:\/\/dev.hempking.eu\/pl\/wp-content\/uploads\/sites\/2\/2022\/08\/witamina_c_kapsulki-1.jpg","contentUrl":"https:\/\/dev.hempking.eu\/pl\/wp-content\/uploads\/sites\/2\/2022\/08\/witamina_c_kapsulki-1.jpg","width":1000,"height":1000,"caption":"witamina C w kapsu\u0142kach Biowen"},{"@type":"BreadcrumbList","@id":"https:\/\/dev.hempking.eu\/pl\/witamina-c-complex-kapsulki\/#breadcrumb","itemListElement":[{"@type":"ListItem","position":1,"name":"Home","item":"https:\/\/dev.hempking.eu\/pl\/"},{"@type":"ListItem","position":2,"name":"Sklep","item":"https:\/\/dev.hempking.eu\/pl\/shop\/"},{"@type":"ListItem","position":3,"name":"Witaminy i minera\u0142y","item":"https:\/\/dev.hempking.eu\/pl\/witaminy-i-mineraly\/"},{"@type":"ListItem","position":4,"name":"Witaminy","item":"https:\/\/dev.hempking.eu\/pl\/witaminy\/"},{"@type":"ListItem","position":5,"name":"Witamina C Complex+ kapsu\u0142ki Biowen"}]},{"@type":"WebSite","@id":"https:\/\/dev.hempking.eu\/pl\/#website","url":"https:\/\/dev.hempking.eu\/pl\/","name":"Hemp King","description":"","publisher":{"@id":"https:\/\/dev.hempking.eu\/pl\/#organization"},"potentialAction":[{"@type":"SearchAction","target":{"@type":"EntryPoint","urlTemplate":"https:\/\/dev.hempking.eu\/pl\/?s={search_term_string}"},"query-input":{"@type":"PropertyValueSpecification","valueRequired":true,"valueName":"search_term_string"}}],"inLanguage":"pl-PL"},{"@type":"Organization","@id":"https:\/\/dev.hempking.eu\/pl\/#organization","name":"Hemp King","url":"https:\/\/dev.hempking.eu\/pl\/","logo":{"@type":"ImageObject","inLanguage":"pl-PL","@id":"https:\/\/dev.hempking.eu\/pl\/#\/schema\/logo\/image\/","url":"https:\/\/dev.hempking.eu\/pl\/wp-content\/uploads\/sites\/2\/2020\/05\/hempking.png","contentUrl":"https:\/\/dev.hempking.eu\/pl\/wp-content\/uploads\/sites\/2\/2020\/05\/hempking.png","width":148,"height":91,"caption":"Hemp King"},"image":{"@id":"https:\/\/dev.hempking.eu\/pl\/#\/schema\/logo\/image\/"},"sameAs":["https:\/\/www.facebook.com\/hempkingpoland","https:\/\/x.com\/hempkingeu","https:\/\/www.instagram.com\/hempkingeu\/","https:\/\/www.linkedin.com\/company\/hempking-eu\/mycompany\/","https:\/\/pl.pinterest.com\/hempkingeu\/","https:\/\/www.youtube.com\/channel\/UCUkeZA1fj4hSZfoYm0WpZ7w"]}]},"product_price_amount":"38.90","product_price_currency":"PLN","og_availability":"instock","product_availability":"instock","product_condition":"new"},"_links":{"self":[{"href":"https:\/\/dev.hempking.eu\/pl\/wp-json\/wp\/v2\/product\/104646","targetHints":{"allow":["GET"]}}],"collection":[{"href":"https:\/\/dev.hempking.eu\/pl\/wp-json\/wp\/v2\/product"}],"about":[{"href":"https:\/\/dev.hempking.eu\/pl\/wp-json\/wp\/v2\/types\/product"}],"wp:featuredmedia":[{"embeddable":true,"href":"https:\/\/dev.hempking.eu\/pl\/wp-json\/wp\/v2\/media\/104648"}],"wp:attachment":[{"href":"https:\/\/dev.hempking.eu\/pl\/wp-json\/wp\/v2\/media?parent=104646"}],"wp:term":[{"taxonomy":"product_cat","embeddable":true,"href":"https:\/\/dev.hempking.eu\/pl\/wp-json\/wp\/v2\/product_cat?post=104646"},{"taxonomy":"product_tag","embeddable":true,"href":"https:\/\/dev.hempking.eu\/pl\/wp-json\/wp\/v2\/product_tag?post=104646"}],"curies":[{"name":"wp","href":"https:\/\/api.w.org\/{rel}","templated":true}]}}