{"id":105145,"date":"2022-08-19T11:42:58","date_gmt":"2022-08-19T09:42:58","guid":{"rendered":"https:\/\/hempking.eu\/pl\/?post_type=product&#038;p=105145"},"modified":"2023-05-19T12:42:47","modified_gmt":"2023-05-19T10:42:47","slug":"bio-olej-cbd-5-500-mg-cbda-cbc-cbga-cbg-cbdv-cbn-10-ml-last-minute","status":"publish","type":"product","link":"https:\/\/dev.hempking.eu\/pl\/bio-olej-cbd-5-500-mg-cbda-cbc-cbga-cbg-cbdv-cbn-10-ml-last-minute\/","title":{"rendered":"BIO Olej CBD 5% (500 mg) + CBDA, CBC, CBGA, CBG, CBDV, CBN \u2013 10 ml - wa\u017cno\u015b\u0107 do 31.07.2023"},"content":{"rendered":"<h2><strong>BIO olej konopny 5% &#8211; sk\u0142adniki<\/strong><\/h2>\n<p>Organiczny olej z konopi siewnych (Cannabis Sativa L.) o pe\u0142nym spektrum naturalnych fitosk\u0142adnik\u00f3w CBD, CBDA, CBDV, CBG, CBC, CBN, CBGA oraz organiczny olej z nasion konopi siewnych, terpeny, flawonoidy, fenole.<\/p>\n<h2><strong>Unikatowy BIO olej CBD 5%\u00a0 &#8211; polski olej organiczny<\/strong><\/h2>\n<p>(CBD to jeden z fitosk\u0142adnik\u00f3w, naturalnie wyst\u0119puj\u0105cy w konopiach siewnych)<\/p>\n<p>Jako polski producent przedstawiamy Wam w pe\u0142ni organiczny olej konopny 5%. Posiada certyfikat Polskiego Centrum Bada\u0144 i Certyfikacji (PCA). Spe\u0142nia tym samym wszelkie wymagania EU Organic.<\/p>\n<h2><strong>Co wyr\u00f3\u017cnia BIO olej konopny 5%?<\/strong><\/h2>\n<p><strong>1. Certyfikat EU Organic<\/strong><br \/>\nJako polski producent mamy w pe\u0142ni organiczne olejki z naturalnymi fitosk\u0142adnikami w tym z\u00a0 CBD sygnowane certyfikatem EU Organic. Ten certyfikat przyznaje si\u0119 tylko takim produktom, kt\u00f3re spe\u0142ni\u0105 szereg wymaga\u0144. Produkty organiczne, to 100% pewno\u015bci, \u017ce na ka\u017cdym etapie olej konopny z fitosk\u0142adnikiem nie mia\u0142 styczno\u015bci z chemi\u0105.<\/p>\n<p><strong>2. Gwarancja st\u0119\u017cenia<\/strong><br \/>\nBIO olej CBD 5% i innymi sk\u0142adnikami ro\u015blinnymi to te\u017c gwarancja st\u0119\u017cenia. Kupuj\u0105c olej z naturalnymi fitosk\u0142adnikami w tym z\u00a0 CBD o st\u0119\u017ceniu 5%, dostajesz przynajmniej 5% fitosk\u0142adnika CBD. A ca\u0142o\u015b\u0107 dodatkowo wzbogacili\u015bmy fitosk\u0142adnikami w pe\u0142nym spektrum, m. in. CBD, CBDA, CBDV, CBG, CBC, CBN, CBGA.<\/p>\n<p><strong>3. 100% natury<\/strong><br \/>\nW naszych produktach znajdziesz tylko naturalne sk\u0142adniki. Trzymamy si\u0119 z dala od chemii, sztucznych nawoz\u00f3w, pestycyd\u00f3w, herbicyd\u00f3w, syntetycznych kannabinoid\u00f3w.<\/p>\n<p><strong>4. Produkt polski<\/strong><br \/>\nTen olej z naturalnymi fitosk\u0142adnikami w tym z\u00a0 CBD jest produktem w 100% polskim. Wyprodukowany w polskiej firmie, na terenie Polski, z polskich konopi siewnych!<\/p>\n<p>&nbsp;<\/p>\n<h2><strong>Dla jako\u015bci zrobimy wszystko!<\/strong><\/h2>\n<p><strong>BIO olej z naturalnymi fitosk\u0142adnikami w tym z\u00a0 CBD 5% jest sygnowany certyfikatem EU Organic! Zosta\u0142 poddany wszelkim badaniom.<\/strong><\/p>\n<p>Badania znajdziesz w zak\u0142adce <a href=\"https:\/\/dev.hempking.eu\/pl\/atesty-i-certyfikaty\/\">Atesty i Certyfikaty<\/a>.<\/p>\n<p>W ofercie posiadamy r\u00f3wnie\u017c <a href=\"https:\/\/dev.hempking.eu\/pl\/olej-cbd-natural-5-500mg-10ml\/\">Olej CBD Natural 5% (500mg) &#8211; 10ml<\/a>, kt\u00f3ry zawiera naturalne sk\u0142adniki ro\u015blinne &#8211; CBD, CBDA, CBDV, CBG, CBC, CBN, CBGA..<\/p>\n<p>&nbsp;<\/p>\n<h2><strong>W\u0142a\u015bciwo\u015bci BIO olejku z konopi 5%<\/strong><\/h2>\n<p>BIO olejek konopny zawieraj\u0105cy wszystkie fitosk\u0142adniki oraz pozosta\u0142e zwi\u0105zki wyst\u0119puj\u0105ce w konopiach, ma pozytywne w\u0142a\u015bciwo\u015bci.<\/p>\n<p><strong>Suplementacja olejem konopnym:<\/strong><\/p>\n<ul>\n<li>uzupe\u0142nia diet\u0119 o pe\u0142ne spektrum naturalnych fitosk\u0142adnik\u00f3w &#8211; CBD, CBDA, CBDV, CBG, CBC, CBN, CBGA.,<\/li>\n<li>dostarcza organizmowi kwas\u00f3w omega-3, omega-6 i omega-9,<\/li>\n<li>wspiera odporno\u015b\u0107,<\/li>\n<li>wspomaga funkcjonowanie uk\u0142adu krwiono\u015bnego,<\/li>\n<li>pomaga regulowa\u0107 zawarto\u015b\u0107 cholesterolu i tr\u00f3jgliceryd\u00f3w w Twojej krwi,<\/li>\n<li>ma korzystny wp\u0142yw na metabolizm glukozy<\/li>\n<li>pomaga zachowa\u0107 promienny wygl\u0105d sk\u00f3ry,<\/li>\n<li>wspiera Twoje mi\u0119\u015bnie i stawy.<\/li>\n<\/ul>\n<p>&nbsp;<\/p>\n<h2><strong>Jak spo\u017cywa\u0107 BIO olej konopny 5%?<\/strong><\/h2>\n<p>Jak wygl\u0105da suplementacja BIO olejem konopnym 5%? Z naszymi wskaz\u00f3wkami ca\u0142kiem prosto!<br \/>\nDla doros\u0142ej osoby suplementacja zaczyna si\u0119 od trzech kropli dziennie, w trzech porcjach.<\/p>\n<p>Najlepiej gdy s\u0105 spo\u017cywane p\u00f3\u0142 godziny przed posi\u0142kiem lub p\u00f3\u0142 godziny po zjedzeniu.<br \/>\nKropl\u0119 suplementu aplikuj pod j\u0119zyk, a prze\u0142knij dopiero po 30 sekundach.<\/p>\n<p>Po prze\u0142kni\u0119ciu postaraj si\u0119 od razu nie popija\u0107!<\/p>\n<p>&nbsp;<\/p>\n<p><strong>Sprawd\u017a nasze inne suplementy w postaci olej\u00f3w CBD:<\/strong> <a href=\"https:\/\/dev.hempking.eu\/pl\/olej-cbd-1\/\">Olej CBD 1%<\/a>, <a href=\"https:\/\/dev.hempking.eu\/pl\/olej-cbd-5\/\">Olej CBD 5%<\/a>, <a href=\"https:\/\/dev.hempking.eu\/pl\/olej-cbd-10\/\">Olej CBD 10%<\/a>, <a href=\"https:\/\/dev.hempking.eu\/pl\/olej-cbd-15\/\">Olej CBD 15%<\/a>, <a href=\"https:\/\/dev.hempking.eu\/pl\/olej-cbd-bio\/\">BIO Olej CBD<\/a>, <a href=\"https:\/\/dev.hempking.eu\/pl\/olej-cbg\/\">Olej CBG<\/a>. Oleje w prezentowanych kategoriach zawieraj\u0105 naturalne sk\u0142adniki ro\u015blinne tj. CBD, CBDA, CBDV, CBG, CBC, CBN, CBGA.<\/p>\n<p><a href=\"https:\/\/dev.hempking.eu\/pl\/wp-content\/uploads\/sites\/2\/2020\/07\/warunki4-1.jpg\"><img loading=\"lazy\" decoding=\"async\" class=\"alignnone wp-image-104414 size-full\" src=\"https:\/\/dev.hempking.eu\/pl\/wp-content\/uploads\/sites\/2\/2020\/07\/warunki4-1.jpg\" alt=\"o\u015bwiadczenia CBD w UE\" width=\"755\" height=\"353\" srcset=\"https:\/\/dev.hempking.eu\/pl\/wp-content\/uploads\/sites\/2\/2020\/07\/warunki4-1.jpg 755w, https:\/\/dev.hempking.eu\/pl\/wp-content\/uploads\/sites\/2\/2020\/07\/warunki4-1-640x299.jpg 640w, https:\/\/dev.hempking.eu\/pl\/wp-content\/uploads\/sites\/2\/2020\/07\/warunki4-1-400x187.jpg 400w\" sizes=\"auto, (max-width: 755px) 100vw, 755px\" \/><\/a><\/p>\n<p><a href=\"https:\/\/dev.hempking.eu\/pl\/wp-content\/uploads\/sites\/2\/2020\/07\/warunki_4.jpg\"><img loading=\"lazy\" decoding=\"async\" class=\"alignnone size-full wp-image-100623\" src=\"https:\/\/dev.hempking.eu\/pl\/wp-content\/uploads\/sites\/2\/2020\/07\/warunki_4.jpg\" alt=\"fito sk\u0142adniki novel food\" width=\"755\" height=\"237\" srcset=\"https:\/\/dev.hempking.eu\/pl\/wp-content\/uploads\/sites\/2\/2020\/07\/warunki_4.jpg 755w, https:\/\/dev.hempking.eu\/pl\/wp-content\/uploads\/sites\/2\/2020\/07\/warunki_4-640x201.jpg 640w, https:\/\/dev.hempking.eu\/pl\/wp-content\/uploads\/sites\/2\/2020\/07\/warunki_4-400x126.jpg 400w\" sizes=\"auto, (max-width: 755px) 100vw, 755px\" \/><\/a><\/p>\n<p><a href=\"https:\/\/dev.hempking.eu\/pl\/wp-content\/uploads\/sites\/2\/2022\/01\/warunki2.jpg\"><img loading=\"lazy\" decoding=\"async\" class=\"alignnone wp-image-85647 size-full\" src=\"https:\/\/dev.hempking.eu\/pl\/wp-content\/uploads\/sites\/2\/2022\/01\/warunki2.jpg\" alt=\"warunki2\" width=\"755\" height=\"307\" srcset=\"https:\/\/dev.hempking.eu\/pl\/wp-content\/uploads\/sites\/2\/2022\/01\/warunki2.jpg 755w, https:\/\/dev.hempking.eu\/pl\/wp-content\/uploads\/sites\/2\/2022\/01\/warunki2-640x260.jpg 640w, https:\/\/dev.hempking.eu\/pl\/wp-content\/uploads\/sites\/2\/2022\/01\/warunki2-400x163.jpg 400w, https:\/\/dev.hempking.eu\/pl\/wp-content\/uploads\/sites\/2\/2022\/01\/warunki2-600x244.jpg 600w\" sizes=\"auto, (max-width: 755px) 100vw, 755px\" \/><\/a><\/p>\n<p>&nbsp;<\/p>\n","protected":false},"excerpt":{"rendered":"<h2>Termin wa\u017cno\u015bci: 31.07.2023<\/h2>\n<h2><strong>BIO olej konopny CBD 5% (500 mg) to:<\/strong><\/h2>\n<ul>\n<li><strong>certyfikowany organiczny olej konopny,<\/strong><\/li>\n<li>certyfikat <strong>EU Organic PL-EKO-06,<\/strong><\/li>\n<li>minimum 500 mg fitosk\u0142adnika,<\/li>\n<li><strong>pe\u0142ne spektrum naturalnych fitosk\u0142adnik\u00f3w CBD, CBDA, CBDV, CBG, CBC, CBN, CBGA<\/strong>,<\/li>\n<li><strong><a href=\"https:\/\/dev.hempking.eu\/wp-content\/certificates\/bio-olej-cbd-5-fitoskladniki-badanie-05-2022.pdf\">badanie bio oleju na st\u0119\u017cenie naturalnych fitosk\u0142adnik\u00f3w<\/a>,<\/strong><\/li>\n<li>naturalne bogactwo sk\u0142adnik\u00f3w z konopi,<\/li>\n<li>kwasy t\u0142uszczowe: omega-3, omega-6 oraz omega-9,<\/li>\n<li><strong>1 kropla to 2,5 mg fitosk\u0142adnika,<\/strong><\/li>\n<li><strong>polski produkt,<\/strong><\/li>\n<li>zawiera 200 kropli produktu,<\/li>\n<li>wystarcza na ok. 2 miesi\u0105ce stosowania.<\/li>\n<\/ul>\n<p><strong>Pojemno\u015b\u0107: 10ml<\/strong><\/p>\n<p>&nbsp;<\/p>\n","protected":false},"featured_media":99621,"template":"","meta":{"_acf_changed":false},"product_cat":[41,101],"product_tag":[],"class_list":{"0":"post-105145","1":"product","2":"type-product","3":"status-publish","4":"has-post-thumbnail","6":"product_cat-olej-cbd-bio","7":"product_cat-last-minute","9":"first","10":"instock","11":"sale","12":"shipping-taxable","13":"purchasable","14":"product-type-simple"},"acf":[],"yoast_head":"<!-- This site is optimized with the Yoast SEO Premium plugin v23.4 (Yoast SEO v24.0) - https:\/\/yoast.com\/wordpress\/plugins\/seo\/ -->\n<title>Olej CBD 5% BIO z certyfikatem EU Organic | 10 ml | HempKing<\/title>\n<meta name=\"description\" content=\"Poznaj olej CBD 5% BIO. Jako polski producent przedstawiamy Wam w pe\u0142ni organiczny olej CBD 5%. Kup teraz za 139 PLN na hempking.eu!\" \/>\n<link rel=\"canonical\" href=\"https:\/\/dev.hempking.eu\/pl\/olej-cbd-bio-5-10-ml\/\" \/>\n<meta property=\"og:locale\" content=\"pl_PL\" \/>\n<meta property=\"og:type\" content=\"article\" \/>\n<meta property=\"og:title\" content=\"BIO Olej CBD 5% (500 mg) + CBDA, CBC, CBGA, CBG, CBDV, CBN \u2013 10 ml - wa\u017cno\u015b\u0107 do 31.07.2023\" \/>\n<meta property=\"og:description\" content=\"Poznaj olej CBD 5% BIO. Jako polski producent przedstawiamy Wam w pe\u0142ni organiczny olej CBD 5%. Kup teraz za 139 PLN na hempking.eu!\" \/>\n<meta property=\"og:url\" content=\"https:\/\/dev.hempking.eu\/pl\/olej-cbd-bio-5-10-ml\/\" \/>\n<meta property=\"og:site_name\" content=\"Hemp King\" \/>\n<meta property=\"article:publisher\" content=\"https:\/\/www.facebook.com\/hempkingpoland\" \/>\n<meta property=\"article:modified_time\" content=\"2023-05-19T10:42:47+00:00\" \/>\n<meta property=\"og:image\" content=\"https:\/\/dev.hempking.eu\/pl\/wp-content\/uploads\/sites\/2\/2020\/07\/olejek_bio.jpg\" \/>\n\t<meta property=\"og:image:width\" content=\"1000\" \/>\n\t<meta property=\"og:image:height\" content=\"1000\" \/>\n\t<meta property=\"og:image:type\" content=\"image\/jpeg\" \/>\n<meta name=\"twitter:card\" content=\"summary_large_image\" \/>\n<meta name=\"twitter:site\" content=\"@hempkingeu\" \/>\n<meta name=\"twitter:label1\" content=\"Price\" \/>\n\t<meta name=\"twitter:data1\" content=\"71.40&nbsp;&#122;&#322;\" \/>\n\t<meta name=\"twitter:label2\" content=\"Availability\" \/>\n\t<meta name=\"twitter:data2\" content=\"In stock\" \/>\n<script type=\"application\/ld+json\" class=\"yoast-schema-graph\">{\"@context\":\"https:\/\/schema.org\",\"@graph\":[{\"@type\":\"WebPage\",\"@id\":\"https:\/\/dev.hempking.eu\/pl\/bio-olej-cbd-5-500-mg-cbda-cbc-cbga-cbg-cbdv-cbn-10-ml-last-minute\/\",\"url\":\"https:\/\/dev.hempking.eu\/pl\/olej-cbd-bio-5-10-ml\/\",\"name\":\"Olej CBD 5% BIO z certyfikatem EU Organic | 10 ml | HempKing\",\"isPartOf\":{\"@id\":\"https:\/\/dev.hempking.eu\/pl\/#website\"},\"primaryImageOfPage\":{\"@id\":\"https:\/\/dev.hempking.eu\/pl\/olej-cbd-bio-5-10-ml\/#primaryimage\"},\"image\":{\"@id\":\"https:\/\/dev.hempking.eu\/pl\/olej-cbd-bio-5-10-ml\/#primaryimage\"},\"thumbnailUrl\":\"https:\/\/dev.hempking.eu\/pl\/wp-content\/uploads\/sites\/2\/2020\/07\/olejek_bio.jpg\",\"datePublished\":\"2022-08-19T09:42:58+00:00\",\"dateModified\":\"2023-05-19T10:42:47+00:00\",\"description\":\"Poznaj olej CBD 5% BIO. Jako polski producent przedstawiamy Wam w pe\u0142ni organiczny olej CBD 5%. Kup teraz za 139 PLN na hempking.eu!\",\"breadcrumb\":{\"@id\":\"https:\/\/dev.hempking.eu\/pl\/olej-cbd-bio-5-10-ml\/#breadcrumb\"},\"inLanguage\":\"pl-PL\",\"potentialAction\":[{\"@type\":\"ReadAction\",\"target\":[\"https:\/\/dev.hempking.eu\/pl\/olej-cbd-bio-5-10-ml\/\"]}]},{\"@type\":\"ImageObject\",\"inLanguage\":\"pl-PL\",\"@id\":\"https:\/\/dev.hempking.eu\/pl\/olej-cbd-bio-5-10-ml\/#primaryimage\",\"url\":\"https:\/\/dev.hempking.eu\/pl\/wp-content\/uploads\/sites\/2\/2020\/07\/olejek_bio.jpg\",\"contentUrl\":\"https:\/\/dev.hempking.eu\/pl\/wp-content\/uploads\/sites\/2\/2020\/07\/olejek_bio.jpg\",\"width\":1000,\"height\":1000,\"caption\":\"olejek_bio\"},{\"@type\":\"BreadcrumbList\",\"@id\":\"https:\/\/dev.hempking.eu\/pl\/olej-cbd-bio-5-10-ml\/#breadcrumb\",\"itemListElement\":[{\"@type\":\"ListItem\",\"position\":1,\"name\":\"Home\",\"item\":\"https:\/\/dev.hempking.eu\/pl\/\"},{\"@type\":\"ListItem\",\"position\":2,\"name\":\"Sklep\",\"item\":\"https:\/\/dev.hempking.eu\/pl\/shop\/\"},{\"@type\":\"ListItem\",\"position\":3,\"name\":\"Olej CBD\",\"item\":\"https:\/\/dev.hempking.eu\/pl\/olej-cbd\/\"},{\"@type\":\"ListItem\",\"position\":4,\"name\":\"Olej CBD BIO\",\"item\":\"https:\/\/dev.hempking.eu\/pl\/olej-cbd-bio\/\"},{\"@type\":\"ListItem\",\"position\":5,\"name\":\"BIO Olej CBD 5% (500 mg) + CBDA, CBC, CBGA, CBG, CBDV, CBN \u2013 10 ml - wa\u017cno\u015b\u0107 do 31.07.2023\"}]},{\"@type\":\"WebSite\",\"@id\":\"https:\/\/dev.hempking.eu\/pl\/#website\",\"url\":\"https:\/\/dev.hempking.eu\/pl\/\",\"name\":\"Hemp King\",\"description\":\"\",\"publisher\":{\"@id\":\"https:\/\/dev.hempking.eu\/pl\/#organization\"},\"potentialAction\":[{\"@type\":\"SearchAction\",\"target\":{\"@type\":\"EntryPoint\",\"urlTemplate\":\"https:\/\/dev.hempking.eu\/pl\/?s={search_term_string}\"},\"query-input\":{\"@type\":\"PropertyValueSpecification\",\"valueRequired\":true,\"valueName\":\"search_term_string\"}}],\"inLanguage\":\"pl-PL\"},{\"@type\":\"Organization\",\"@id\":\"https:\/\/dev.hempking.eu\/pl\/#organization\",\"name\":\"Hemp King\",\"url\":\"https:\/\/dev.hempking.eu\/pl\/\",\"logo\":{\"@type\":\"ImageObject\",\"inLanguage\":\"pl-PL\",\"@id\":\"https:\/\/dev.hempking.eu\/pl\/#\/schema\/logo\/image\/\",\"url\":\"https:\/\/dev.hempking.eu\/pl\/wp-content\/uploads\/sites\/2\/2020\/05\/hempking.png\",\"contentUrl\":\"https:\/\/dev.hempking.eu\/pl\/wp-content\/uploads\/sites\/2\/2020\/05\/hempking.png\",\"width\":148,\"height\":91,\"caption\":\"Hemp King\"},\"image\":{\"@id\":\"https:\/\/dev.hempking.eu\/pl\/#\/schema\/logo\/image\/\"},\"sameAs\":[\"https:\/\/www.facebook.com\/hempkingpoland\",\"https:\/\/x.com\/hempkingeu\",\"https:\/\/www.instagram.com\/hempkingeu\/\",\"https:\/\/www.linkedin.com\/company\/hempking-eu\/mycompany\/\",\"https:\/\/pl.pinterest.com\/hempkingeu\/\",\"https:\/\/www.youtube.com\/channel\/UCUkeZA1fj4hSZfoYm0WpZ7w\"]}]}<\/script>\n<meta property=\"product:price:amount\" content=\"71.40\" \/>\n<meta property=\"product:price:currency\" content=\"PLN\" \/>\n<meta property=\"og:availability\" content=\"instock\" \/>\n<meta property=\"product:availability\" content=\"instock\" \/>\n<meta property=\"product:condition\" content=\"new\" \/>\n<!-- \/ Yoast SEO Premium plugin. -->","yoast_head_json":{"title":"Olej CBD 5% BIO z certyfikatem EU Organic | 10 ml | HempKing","description":"Poznaj olej CBD 5% BIO. Jako polski producent przedstawiamy Wam w pe\u0142ni organiczny olej CBD 5%. Kup teraz za 139 PLN na hempking.eu!","canonical":"https:\/\/dev.hempking.eu\/pl\/olej-cbd-bio-5-10-ml\/","og_locale":"pl_PL","og_type":"article","og_title":"BIO Olej CBD 5% (500 mg) + CBDA, CBC, CBGA, CBG, CBDV, CBN \u2013 10 ml - wa\u017cno\u015b\u0107 do 31.07.2023","og_description":"Poznaj olej CBD 5% BIO. Jako polski producent przedstawiamy Wam w pe\u0142ni organiczny olej CBD 5%. Kup teraz za 139 PLN na hempking.eu!","og_url":"https:\/\/dev.hempking.eu\/pl\/olej-cbd-bio-5-10-ml\/","og_site_name":"Hemp King","article_publisher":"https:\/\/www.facebook.com\/hempkingpoland","article_modified_time":"2023-05-19T10:42:47+00:00","og_image":[{"width":1000,"height":1000,"url":"https:\/\/dev.hempking.eu\/pl\/wp-content\/uploads\/sites\/2\/2020\/07\/olejek_bio.jpg","type":"image\/jpeg"}],"twitter_card":"summary_large_image","twitter_site":"@hempkingeu","twitter_misc":{"Price":"71.40&nbsp;&#122;&#322;","Availability":"In stock"},"schema":{"@context":"https:\/\/schema.org","@graph":[{"@type":"WebPage","@id":"https:\/\/dev.hempking.eu\/pl\/bio-olej-cbd-5-500-mg-cbda-cbc-cbga-cbg-cbdv-cbn-10-ml-last-minute\/","url":"https:\/\/dev.hempking.eu\/pl\/olej-cbd-bio-5-10-ml\/","name":"Olej CBD 5% BIO z certyfikatem EU Organic | 10 ml | HempKing","isPartOf":{"@id":"https:\/\/dev.hempking.eu\/pl\/#website"},"primaryImageOfPage":{"@id":"https:\/\/dev.hempking.eu\/pl\/olej-cbd-bio-5-10-ml\/#primaryimage"},"image":{"@id":"https:\/\/dev.hempking.eu\/pl\/olej-cbd-bio-5-10-ml\/#primaryimage"},"thumbnailUrl":"https:\/\/dev.hempking.eu\/pl\/wp-content\/uploads\/sites\/2\/2020\/07\/olejek_bio.jpg","datePublished":"2022-08-19T09:42:58+00:00","dateModified":"2023-05-19T10:42:47+00:00","description":"Poznaj olej CBD 5% BIO. Jako polski producent przedstawiamy Wam w pe\u0142ni organiczny olej CBD 5%. Kup teraz za 139 PLN na hempking.eu!","breadcrumb":{"@id":"https:\/\/dev.hempking.eu\/pl\/olej-cbd-bio-5-10-ml\/#breadcrumb"},"inLanguage":"pl-PL","potentialAction":[{"@type":"ReadAction","target":["https:\/\/dev.hempking.eu\/pl\/olej-cbd-bio-5-10-ml\/"]}]},{"@type":"ImageObject","inLanguage":"pl-PL","@id":"https:\/\/dev.hempking.eu\/pl\/olej-cbd-bio-5-10-ml\/#primaryimage","url":"https:\/\/dev.hempking.eu\/pl\/wp-content\/uploads\/sites\/2\/2020\/07\/olejek_bio.jpg","contentUrl":"https:\/\/dev.hempking.eu\/pl\/wp-content\/uploads\/sites\/2\/2020\/07\/olejek_bio.jpg","width":1000,"height":1000,"caption":"olejek_bio"},{"@type":"BreadcrumbList","@id":"https:\/\/dev.hempking.eu\/pl\/olej-cbd-bio-5-10-ml\/#breadcrumb","itemListElement":[{"@type":"ListItem","position":1,"name":"Home","item":"https:\/\/dev.hempking.eu\/pl\/"},{"@type":"ListItem","position":2,"name":"Sklep","item":"https:\/\/dev.hempking.eu\/pl\/shop\/"},{"@type":"ListItem","position":3,"name":"Olej CBD","item":"https:\/\/dev.hempking.eu\/pl\/olej-cbd\/"},{"@type":"ListItem","position":4,"name":"Olej CBD BIO","item":"https:\/\/dev.hempking.eu\/pl\/olej-cbd-bio\/"},{"@type":"ListItem","position":5,"name":"BIO Olej CBD 5% (500 mg) + CBDA, CBC, CBGA, CBG, CBDV, CBN \u2013 10 ml - wa\u017cno\u015b\u0107 do 31.07.2023"}]},{"@type":"WebSite","@id":"https:\/\/dev.hempking.eu\/pl\/#website","url":"https:\/\/dev.hempking.eu\/pl\/","name":"Hemp King","description":"","publisher":{"@id":"https:\/\/dev.hempking.eu\/pl\/#organization"},"potentialAction":[{"@type":"SearchAction","target":{"@type":"EntryPoint","urlTemplate":"https:\/\/dev.hempking.eu\/pl\/?s={search_term_string}"},"query-input":{"@type":"PropertyValueSpecification","valueRequired":true,"valueName":"search_term_string"}}],"inLanguage":"pl-PL"},{"@type":"Organization","@id":"https:\/\/dev.hempking.eu\/pl\/#organization","name":"Hemp King","url":"https:\/\/dev.hempking.eu\/pl\/","logo":{"@type":"ImageObject","inLanguage":"pl-PL","@id":"https:\/\/dev.hempking.eu\/pl\/#\/schema\/logo\/image\/","url":"https:\/\/dev.hempking.eu\/pl\/wp-content\/uploads\/sites\/2\/2020\/05\/hempking.png","contentUrl":"https:\/\/dev.hempking.eu\/pl\/wp-content\/uploads\/sites\/2\/2020\/05\/hempking.png","width":148,"height":91,"caption":"Hemp King"},"image":{"@id":"https:\/\/dev.hempking.eu\/pl\/#\/schema\/logo\/image\/"},"sameAs":["https:\/\/www.facebook.com\/hempkingpoland","https:\/\/x.com\/hempkingeu","https:\/\/www.instagram.com\/hempkingeu\/","https:\/\/www.linkedin.com\/company\/hempking-eu\/mycompany\/","https:\/\/pl.pinterest.com\/hempkingeu\/","https:\/\/www.youtube.com\/channel\/UCUkeZA1fj4hSZfoYm0WpZ7w"]}]},"product_price_amount":"71.40","product_price_currency":"PLN","og_availability":"instock","product_availability":"instock","product_condition":"new"},"_links":{"self":[{"href":"https:\/\/dev.hempking.eu\/pl\/wp-json\/wp\/v2\/product\/105145","targetHints":{"allow":["GET"]}}],"collection":[{"href":"https:\/\/dev.hempking.eu\/pl\/wp-json\/wp\/v2\/product"}],"about":[{"href":"https:\/\/dev.hempking.eu\/pl\/wp-json\/wp\/v2\/types\/product"}],"wp:featuredmedia":[{"embeddable":true,"href":"https:\/\/dev.hempking.eu\/pl\/wp-json\/wp\/v2\/media\/99621"}],"wp:attachment":[{"href":"https:\/\/dev.hempking.eu\/pl\/wp-json\/wp\/v2\/media?parent=105145"}],"wp:term":[{"taxonomy":"product_cat","embeddable":true,"href":"https:\/\/dev.hempking.eu\/pl\/wp-json\/wp\/v2\/product_cat?post=105145"},{"taxonomy":"product_tag","embeddable":true,"href":"https:\/\/dev.hempking.eu\/pl\/wp-json\/wp\/v2\/product_tag?post=105145"}],"curies":[{"name":"wp","href":"https:\/\/api.w.org\/{rel}","templated":true}]}}