{"id":105146,"date":"2022-08-19T11:50:11","date_gmt":"2022-08-19T09:50:11","guid":{"rendered":"https:\/\/hempking.eu\/pl\/?post_type=product&#038;p=105146"},"modified":"2023-02-28T10:14:11","modified_gmt":"2023-02-28T09:14:11","slug":"olej-cbd-5-cbda-cbc-cbga-cbg-cbdv-cbn-d3-10ml-last-minute","status":"publish","type":"product","link":"https:\/\/dev.hempking.eu\/pl\/olej-cbd-5-cbda-cbc-cbga-cbg-cbdv-cbn-d3-10ml-last-minute\/","title":{"rendered":"Olej CBD 5% + CBDA, CBC, CBGA, CBG, CBDV, CBN + D3 - 10ml - Powiadom o dost\u0119pno\u015bci"},"content":{"rendered":"<h2><strong>Olej konopny 5% + D3 &#8211; sk\u0142adniki<\/strong><\/h2>\n<p>Naturalna witamina D3 z lanoliny (cholekalcyferol), olej konopny z konopi w\u0142\u00f3knistych z naturalnie wyst\u0119puj\u0105cymi fitosk\u0142adnikami.<\/p>\n<h2><strong>Poznaj Olej 5% z naturaln\u0105 witamin\u0105 D3 z lanoliny \u2013 pe\u0142ne spektrum z witaminami<\/strong><\/h2>\n<p>Nasz bestsellerowy olej konopny Natural 5% &#8211; 10ml w nowej formule, wzbogacony witamin\u0105 D3 naturalnego pochodzenia z lanoliny (cholekalcyferol). Dostarczy Ci 500mg CBD\u00a0 wraz z innymi naturalnie wyst\u0119puj\u0105cymi fitosk\u0142adnikami i a\u017c 3400 mcg witaminy D3.<\/p>\n<p>Opakowanie zawiera ok. 200 kropli, w przeliczeniu <strong>jedna kropla zawiera 2,5mg fitosk\u0142adnika, a tak\u017ce 17 mcg witaminy D3<\/strong>.<\/p>\n<p>Ten produkt to co\u015b wi\u0119cej, ni\u017c tylko fitosk\u0142adniki i naturalna witamina D3 z lanoliny. Znajduj\u0105 si\u0119 w nim te\u017c\u00a0 terpeny, fenole i flawonoidy.<\/p>\n<p>Nasz olej konopny jest przebadany na obecno\u015b\u0107 pestycyd\u00f3w, metali ci\u0119\u017ckich oraz dro\u017cd\u017cy i ple\u015bni, by zapewni\u0107 Ci produkt wysokiej jako\u015bci, kt\u00f3ry b\u0119dzie dla Ciebie bezpieczny. Badania znajdziesz na podstronie: <a href=\"https:\/\/dev.hempking.eu\/pl\/atesty-i-certyfikaty\/\"><strong>Atesty i Certyfikaty<\/strong><\/a>.<\/p>\n<p><strong>Sprawd\u017a nasze inne olejki: <a href=\"https:\/\/dev.hempking.eu\/pl\/olej-cbd-natural-5-500mg-10ml\/\">olej\u00a0 5%<\/a>, <a href=\"https:\/\/dev.hempking.eu\/pl\/olej-cbd-bio-5-10-ml\/\">olej\u00a0 BIO<\/a>, <a href=\"https:\/\/dev.hempking.eu\/pl\/olej-cbd-natural-plus-10-1000mg-10ml\/\">olej\u00a0 10%<\/a>, <a href=\"https:\/\/dev.hempking.eu\/pl\/olej-cbd-15\/\">olej\u00a0 15% <\/a>oraz <a href=\"https:\/\/dev.hempking.eu\/pl\/olej-cbd-1\/\">olejki\u00a0 1%<\/a>. Ka\u017cdy z proponowanych olejk\u00f3w zawiera naturalnie wyst\u0119puj\u0105ce w przyrodzie fitosk\u0142adniki CBD, CBDA, CBC, CBGA, CBG, CBDV, CBN.\u00a0<\/strong><\/p>\n<p>&nbsp;<\/p>\n<h2><strong>Co wyr\u00f3\u017cnia nasz Olej konopny 5% + D3 &#8211; 10ml?<\/strong><\/h2>\n<p><strong>Wysokie st\u0119\u017cenie w ka\u017cdej kropli<\/strong><br \/>\nOlej z fitosk\u0142adnikami 5% z D3 w jednej kropli zawiera gwarantowane st\u0119\u017cenie fitosk\u0142adnika oraz naturalnej witaminy D3. W kropli oleju CBD 5% znajdziesz si\u0119 powy\u017cej 2,5 mg CBD oraz pozosta\u0142e fitosk\u0142adniki, a tak\u017ce 17mcg witaminy D3.<\/p>\n<p><strong>Tylko naturalne komponenty<\/strong><br \/>\nOlej konopny 5% + D3 to produkt w 100% naturalny. Zar\u00f3wno olej konopny jest pochodzenia naturalnego i bez dodatku krystalicznego czy syntetycznego izolatu, tak samo witamina D3 jest naturalna i pochodzi z lanoliny.<\/p>\n<p><strong>100% polski produkt<\/strong><br \/>\nNasz olejek 5% + D3 wytwarzamy sami jako polski producent. Konopie pochodz\u0105 z polskich upraw, kt\u00f3re sprawdzamy bardzo starannie, by dostarczy\u0107 Ci produkt wysokiej jako\u015bci, bez chemii, naturalny i wysokiej jako\u015bci.<\/p>\n<p><strong>Dodatek witaminy D3<\/strong><br \/>\nTo nie jest zwyk\u0142y olejek konopny, a olej dodatkowo wzbogacili\u015bmy naturaln\u0105 witamin\u0105 D3, rozpuszczaln\u0105 w t\u0142uszczach, kt\u00f3ra \u015bwietnie si\u0119 wch\u0142ania.<\/p>\n<p>&nbsp;<\/p>\n<h2><strong>W\u0142a\u015bciwo\u015bci oleju konopnego<\/strong><\/h2>\n<p>W\u0142\u0105czenie do diety oleju konopnego sprawia, \u017ce dajesz swojemu organizmowi dodatkowe sk\u0142adniki. Suplementuj\u0105c si\u0119 olejem konopnym:<\/p>\n<ul>\n<li>wzbogacasz swoj\u0105 diet\u0119 o fitosk\u0142adniki z konopi takie jak naturalne CBD, CBDA, CBC, CBGA, CBG, CBDV, CBN,<\/li>\n<li>spo\u017cywasz NNKT omega-3, omega-6 i omega-9,<\/li>\n<li>olej konopny wspiera dzia\u0142anie Twojej naturalnej odporno\u015bci,<\/li>\n<li>olej z konopi korzystnie wp\u0142ywa na uk\u0142ad sercowo-naczyniowy,<\/li>\n<li>r\u00f3wnie\u017c pomaga regulowa\u0107 ilo\u015b\u0107 tr\u00f3jgliceryd\u00f3w i cholesterolu we krwi,<\/li>\n<li>a Twojej sk\u00f3rze pomaga zachowa\u0107 optymalne nawil\u017cenie i zdrowy blask.<\/li>\n<\/ul>\n<p>&nbsp;<\/p>\n<h2><strong>W\u0142a\u015bciwo\u015bci naturalnej witaminy D3<\/strong><\/h2>\n<p>Witamina D3 jest niezb\u0119dna w naszej diecie dla prawid\u0142owego funkcjonowania naszego organizmu, zw\u0142aszcza w naszym klimacie, gdzie s\u0142o\u0144ce przez wi\u0119kszo\u015b\u0107 roku jest schowane za chmurami.<\/p>\n<p><strong>Poznaj w\u0142a\u015bciwo\u015bci witaminy D3:<\/strong><\/p>\n<ul>\n<li>wspiera zachowanie zdrowych z\u0119b\u00f3w i ko\u015bci,<\/li>\n<li>wp\u0142ywa pozytywnie na uk\u0142ad odporno\u015bciowy,<\/li>\n<li>pomaga wch\u0142ania\u0107 organizmowi wap\u0144 i fosfor,<\/li>\n<li>pozytywnie dzia\u0142a na funkcjonowanie mi\u0119\u015bni.<\/li>\n<\/ul>\n<p><strong>Nale\u017cy pami\u0119ta\u0107, by witamin\u0119 D3 spo\u017cywa\u0107 w towarzystwie witaminy K2.<\/strong><\/p>\n<p>&nbsp;<\/p>\n<h2><strong>Suplementacja \u2013 jak spo\u017cywa\u0107 olej konopny 5% + D3?<\/strong><\/h2>\n<p>Sugerowana dzienna porcja olejku 5%+D3 to jedna kropla, trzy razy dziennie.<\/p>\n<p><strong>Informacja \u017cywieniowa:<\/strong><br \/>\n1 kropla olejku 5% + D3 zawiera 2,5mg CBD oraz 17 mcg naturalnej witaminy D3 z lanoliny (cholekalcyferol).<br \/>\n3 krople olejku 5% + D3 zawieraj\u0105 7,5mg fitosk\u0142adnik\u00f3w oraz 50 mcg naturalnej witaminy D3 z lanoliny (cholekalcyferol).<\/p>\n<p><strong>Przelicznik jednostek:\u00a0<\/strong><\/p>\n<p>1 kropla to 17 mcg witaminy D3, wi\u0119c 3 krople to 51mcg, czyli ok. 2000 jednostek.<\/p>\n<p>2000 jednostek to zalecana dzienna porcja witaminy D3 do spo\u017cycia.<\/p>\n<p><a href=\"https:\/\/dev.hempking.eu\/pl\/wp-content\/uploads\/sites\/2\/2020\/07\/warunki4-1.jpg\"><img loading=\"lazy\" decoding=\"async\" class=\"alignnone wp-image-104414 size-full\" src=\"https:\/\/dev.hempking.eu\/pl\/wp-content\/uploads\/sites\/2\/2020\/07\/warunki4-1.jpg\" alt=\"o\u015bwiadczenia CBD w UE\" width=\"755\" height=\"353\" srcset=\"https:\/\/dev.hempking.eu\/pl\/wp-content\/uploads\/sites\/2\/2020\/07\/warunki4-1.jpg 755w, https:\/\/dev.hempking.eu\/pl\/wp-content\/uploads\/sites\/2\/2020\/07\/warunki4-1-640x299.jpg 640w, https:\/\/dev.hempking.eu\/pl\/wp-content\/uploads\/sites\/2\/2020\/07\/warunki4-1-400x187.jpg 400w\" sizes=\"auto, (max-width: 755px) 100vw, 755px\" \/><\/a><\/p>\n<p><a href=\"https:\/\/dev.hempking.eu\/pl\/wp-content\/uploads\/sites\/2\/2020\/07\/warunki_4.jpg\"><img loading=\"lazy\" decoding=\"async\" class=\"alignnone size-full wp-image-100623\" src=\"https:\/\/dev.hempking.eu\/pl\/wp-content\/uploads\/sites\/2\/2020\/07\/warunki_4.jpg\" alt=\"fito sk\u0142adniki novel food\" width=\"755\" height=\"237\" srcset=\"https:\/\/dev.hempking.eu\/pl\/wp-content\/uploads\/sites\/2\/2020\/07\/warunki_4.jpg 755w, https:\/\/dev.hempking.eu\/pl\/wp-content\/uploads\/sites\/2\/2020\/07\/warunki_4-640x201.jpg 640w, https:\/\/dev.hempking.eu\/pl\/wp-content\/uploads\/sites\/2\/2020\/07\/warunki_4-400x126.jpg 400w\" sizes=\"auto, (max-width: 755px) 100vw, 755px\" \/><\/a><\/p>\n<p><a href=\"https:\/\/dev.hempking.eu\/pl\/wp-content\/uploads\/sites\/2\/2022\/01\/warunki2.jpg\"><img loading=\"lazy\" decoding=\"async\" class=\"alignnone wp-image-85647 size-full\" src=\"https:\/\/dev.hempking.eu\/pl\/wp-content\/uploads\/sites\/2\/2022\/01\/warunki2.jpg\" alt=\"warunki2\" width=\"755\" height=\"307\" srcset=\"https:\/\/dev.hempking.eu\/pl\/wp-content\/uploads\/sites\/2\/2022\/01\/warunki2.jpg 755w, https:\/\/dev.hempking.eu\/pl\/wp-content\/uploads\/sites\/2\/2022\/01\/warunki2-640x260.jpg 640w, https:\/\/dev.hempking.eu\/pl\/wp-content\/uploads\/sites\/2\/2022\/01\/warunki2-400x163.jpg 400w, https:\/\/dev.hempking.eu\/pl\/wp-content\/uploads\/sites\/2\/2022\/01\/warunki2-600x244.jpg 600w\" sizes=\"auto, (max-width: 755px) 100vw, 755px\" \/><\/a><\/p>\n","protected":false},"excerpt":{"rendered":"<h2><strong>Olej konopny CBD 5% + wit. D3:<\/strong><\/h2>\n<ul>\n<li>olej 5% CBD zawieraj\u0105cy te\u017c inne naturalne zwi\u0105zki ro\u015blinne wzbogacili\u015bmy <strong>naturaln\u0105<\/strong> witamin\u0105 D3,<\/li>\n<li><strong>Pe\u0142ne spektrum fitosk\u0142adnik\u00f3w, naturalnie wyst\u0119puj\u0105cych w przyrodzie: CBD, CBDA, CBC, CBGA, CBG, CBDV, CBN,<\/strong><\/li>\n<li><a href=\"https:\/\/dev.hempking.eu\/wp-content\/certificates\/2021.07.27-Biodio-2178-21.pdf\">badania na zawarto\u015b\u0107 fitosk\u0142adnik\u00f3w w olejku konopnych 5%,<\/a><\/li>\n<li>zawiera 5% CBD &#8211; fitosk\u0142adnika naturalnie wyst\u0119puj\u0105cego w przyrodzie\u00a0 oraz full spectrum innych fitosk\u0142adnik\u00f3w<\/li>\n<li>1 kropla zawiera 2,5mg CBD i 17 mcg witaminy D3<\/li>\n<li>produkt certyfikowany<\/li>\n<li>badania znajdziesz tutaj: <strong><a href=\"https:\/\/dev.hempking.eu\/pl\/atesty-i-certyfikaty\/\">Atesty i Certyfikaty<\/a>.<\/strong><\/li>\n<li>100% natury<\/li>\n<\/ul>\n<p><strong>Pojemno\u015b\u0107: 10ml<\/strong><\/p>\n","protected":false},"featured_media":87491,"template":"","meta":{"_acf_changed":false},"product_cat":[153],"product_tag":[],"class_list":{"0":"post-105146","1":"product","2":"type-product","3":"status-publish","4":"has-post-thumbnail","6":"product_cat-powiadom-o-dostepnosci","8":"first","9":"outofstock","10":"sale","11":"shipping-taxable","12":"purchasable","13":"product-type-simple"},"acf":[],"yoast_head":"<!-- This site is optimized with the Yoast SEO Premium plugin v23.4 (Yoast SEO v24.0) - https:\/\/yoast.com\/wordpress\/plugins\/seo\/ -->\n<title>Olej CBD 5% + D3 | 10 ml | Full Spectrum | HempKing<\/title>\n<meta name=\"description\" content=\"Poznaj Olej CBD 5% z naturaln\u0105 witamin\u0105 D3 z lanoliny \u2013 pe\u0142ne spektrum z witaminami. Kup teraz w cenie 129 PLN na hempking.eu!\" \/>\n<link rel=\"canonical\" href=\"https:\/\/dev.hempking.eu\/pl\/olej-cbd-5-cbda-cbc-cbga-cbg-cbdv-cbn-d3-10ml\" \/>\n<meta property=\"og:locale\" content=\"pl_PL\" \/>\n<meta property=\"og:type\" content=\"article\" \/>\n<meta property=\"og:title\" content=\"Olej CBD 5% + CBDA, CBC, CBGA, CBG, CBDV, CBN + D3 - 10ml - Powiadom o dost\u0119pno\u015bci\" \/>\n<meta property=\"og:description\" content=\"Poznaj Olej CBD 5% z naturaln\u0105 witamin\u0105 D3 z lanoliny \u2013 pe\u0142ne spektrum z witaminami. Kup teraz w cenie 129 PLN na hempking.eu!\" \/>\n<meta property=\"og:url\" content=\"https:\/\/dev.hempking.eu\/pl\/olej-cbd-5-cbda-cbc-cbga-cbg-cbdv-cbn-d3-10ml\" \/>\n<meta property=\"og:site_name\" content=\"Hemp King\" \/>\n<meta property=\"article:publisher\" content=\"https:\/\/www.facebook.com\/hempkingpoland\" \/>\n<meta property=\"article:modified_time\" content=\"2023-02-28T09:14:11+00:00\" \/>\n<meta property=\"og:image\" content=\"https:\/\/dev.hempking.eu\/pl\/wp-content\/uploads\/sites\/2\/2022\/01\/olejek_d3.jpg\" \/>\n\t<meta property=\"og:image:width\" content=\"1000\" \/>\n\t<meta property=\"og:image:height\" content=\"1000\" \/>\n\t<meta property=\"og:image:type\" content=\"image\/jpeg\" \/>\n<meta name=\"twitter:card\" content=\"summary_large_image\" \/>\n<meta name=\"twitter:site\" content=\"@hempkingeu\" \/>\n<meta name=\"twitter:label1\" content=\"Price\" \/>\n\t<meta name=\"twitter:data1\" content=\"83.30&nbsp;&#122;&#322;\" \/>\n\t<meta name=\"twitter:label2\" content=\"Availability\" \/>\n\t<meta name=\"twitter:data2\" content=\"Out of stock\" \/>\n<script type=\"application\/ld+json\" class=\"yoast-schema-graph\">{\"@context\":\"https:\/\/schema.org\",\"@graph\":[{\"@type\":\"WebPage\",\"@id\":\"https:\/\/dev.hempking.eu\/pl\/olej-cbd-5-cbda-cbc-cbga-cbg-cbdv-cbn-d3-10ml-last-minute\/\",\"url\":\"https:\/\/dev.hempking.eu\/pl\/olej-cbd-5-cbda-cbc-cbga-cbg-cbdv-cbn-d3-10ml\",\"name\":\"Olej CBD 5% + D3 | 10 ml | Full Spectrum | HempKing\",\"isPartOf\":{\"@id\":\"https:\/\/dev.hempking.eu\/pl\/#website\"},\"primaryImageOfPage\":{\"@id\":\"https:\/\/dev.hempking.eu\/pl\/olej-cbd-5-cbda-cbc-cbga-cbg-cbdv-cbn-d3-10ml#primaryimage\"},\"image\":{\"@id\":\"https:\/\/dev.hempking.eu\/pl\/olej-cbd-5-cbda-cbc-cbga-cbg-cbdv-cbn-d3-10ml#primaryimage\"},\"thumbnailUrl\":\"https:\/\/dev.hempking.eu\/pl\/wp-content\/uploads\/sites\/2\/2022\/01\/olejek_d3.jpg\",\"datePublished\":\"2022-08-19T09:50:11+00:00\",\"dateModified\":\"2023-02-28T09:14:11+00:00\",\"description\":\"Poznaj Olej CBD 5% z naturaln\u0105 witamin\u0105 D3 z lanoliny \u2013 pe\u0142ne spektrum z witaminami. Kup teraz w cenie 129 PLN na hempking.eu!\",\"breadcrumb\":{\"@id\":\"https:\/\/dev.hempking.eu\/pl\/olej-cbd-5-cbda-cbc-cbga-cbg-cbdv-cbn-d3-10ml#breadcrumb\"},\"inLanguage\":\"pl-PL\",\"potentialAction\":[{\"@type\":\"ReadAction\",\"target\":[\"https:\/\/dev.hempking.eu\/pl\/olej-cbd-5-cbda-cbc-cbga-cbg-cbdv-cbn-d3-10ml\"]}]},{\"@type\":\"ImageObject\",\"inLanguage\":\"pl-PL\",\"@id\":\"https:\/\/dev.hempking.eu\/pl\/olej-cbd-5-cbda-cbc-cbga-cbg-cbdv-cbn-d3-10ml#primaryimage\",\"url\":\"https:\/\/dev.hempking.eu\/pl\/wp-content\/uploads\/sites\/2\/2022\/01\/olejek_d3.jpg\",\"contentUrl\":\"https:\/\/dev.hempking.eu\/pl\/wp-content\/uploads\/sites\/2\/2022\/01\/olejek_d3.jpg\",\"width\":1000,\"height\":1000,\"caption\":\"Olej CBD D3 5% Full Spectrum HempKing\"},{\"@type\":\"BreadcrumbList\",\"@id\":\"https:\/\/dev.hempking.eu\/pl\/olej-cbd-5-cbda-cbc-cbga-cbg-cbdv-cbn-d3-10ml#breadcrumb\",\"itemListElement\":[{\"@type\":\"ListItem\",\"position\":1,\"name\":\"Home\",\"item\":\"https:\/\/dev.hempking.eu\/pl\/\"},{\"@type\":\"ListItem\",\"position\":2,\"name\":\"Sklep\",\"item\":\"https:\/\/dev.hempking.eu\/pl\/shop\/\"},{\"@type\":\"ListItem\",\"position\":3,\"name\":\"Powiadom o dost\u0119pno\u015bci\",\"item\":\"https:\/\/dev.hempking.eu\/pl\/powiadom-o-dostepnosci\/\"},{\"@type\":\"ListItem\",\"position\":4,\"name\":\"Olej CBD 5% + CBDA, CBC, CBGA, CBG, CBDV, CBN + D3 - 10ml - Powiadom o dost\u0119pno\u015bci\"}]},{\"@type\":\"WebSite\",\"@id\":\"https:\/\/dev.hempking.eu\/pl\/#website\",\"url\":\"https:\/\/dev.hempking.eu\/pl\/\",\"name\":\"Hemp King\",\"description\":\"\",\"publisher\":{\"@id\":\"https:\/\/dev.hempking.eu\/pl\/#organization\"},\"potentialAction\":[{\"@type\":\"SearchAction\",\"target\":{\"@type\":\"EntryPoint\",\"urlTemplate\":\"https:\/\/dev.hempking.eu\/pl\/?s={search_term_string}\"},\"query-input\":{\"@type\":\"PropertyValueSpecification\",\"valueRequired\":true,\"valueName\":\"search_term_string\"}}],\"inLanguage\":\"pl-PL\"},{\"@type\":\"Organization\",\"@id\":\"https:\/\/dev.hempking.eu\/pl\/#organization\",\"name\":\"Hemp King\",\"url\":\"https:\/\/dev.hempking.eu\/pl\/\",\"logo\":{\"@type\":\"ImageObject\",\"inLanguage\":\"pl-PL\",\"@id\":\"https:\/\/dev.hempking.eu\/pl\/#\/schema\/logo\/image\/\",\"url\":\"https:\/\/dev.hempking.eu\/pl\/wp-content\/uploads\/sites\/2\/2020\/05\/hempking.png\",\"contentUrl\":\"https:\/\/dev.hempking.eu\/pl\/wp-content\/uploads\/sites\/2\/2020\/05\/hempking.png\",\"width\":148,\"height\":91,\"caption\":\"Hemp King\"},\"image\":{\"@id\":\"https:\/\/dev.hempking.eu\/pl\/#\/schema\/logo\/image\/\"},\"sameAs\":[\"https:\/\/www.facebook.com\/hempkingpoland\",\"https:\/\/x.com\/hempkingeu\",\"https:\/\/www.instagram.com\/hempkingeu\/\",\"https:\/\/www.linkedin.com\/company\/hempking-eu\/mycompany\/\",\"https:\/\/pl.pinterest.com\/hempkingeu\/\",\"https:\/\/www.youtube.com\/channel\/UCUkeZA1fj4hSZfoYm0WpZ7w\"]}]}<\/script>\n<meta property=\"product:price:amount\" content=\"83.30\" \/>\n<meta property=\"product:price:currency\" content=\"PLN\" \/>\n<meta property=\"og:availability\" content=\"out of stock\" \/>\n<meta property=\"product:availability\" content=\"out of stock\" \/>\n<meta property=\"product:condition\" content=\"new\" \/>\n<!-- \/ Yoast SEO Premium plugin. -->","yoast_head_json":{"title":"Olej CBD 5% + D3 | 10 ml | Full Spectrum | HempKing","description":"Poznaj Olej CBD 5% z naturaln\u0105 witamin\u0105 D3 z lanoliny \u2013 pe\u0142ne spektrum z witaminami. Kup teraz w cenie 129 PLN na hempking.eu!","canonical":"https:\/\/dev.hempking.eu\/pl\/olej-cbd-5-cbda-cbc-cbga-cbg-cbdv-cbn-d3-10ml","og_locale":"pl_PL","og_type":"article","og_title":"Olej CBD 5% + CBDA, CBC, CBGA, CBG, CBDV, CBN + D3 - 10ml - Powiadom o dost\u0119pno\u015bci","og_description":"Poznaj Olej CBD 5% z naturaln\u0105 witamin\u0105 D3 z lanoliny \u2013 pe\u0142ne spektrum z witaminami. Kup teraz w cenie 129 PLN na hempking.eu!","og_url":"https:\/\/dev.hempking.eu\/pl\/olej-cbd-5-cbda-cbc-cbga-cbg-cbdv-cbn-d3-10ml","og_site_name":"Hemp King","article_publisher":"https:\/\/www.facebook.com\/hempkingpoland","article_modified_time":"2023-02-28T09:14:11+00:00","og_image":[{"width":1000,"height":1000,"url":"https:\/\/dev.hempking.eu\/pl\/wp-content\/uploads\/sites\/2\/2022\/01\/olejek_d3.jpg","type":"image\/jpeg"}],"twitter_card":"summary_large_image","twitter_site":"@hempkingeu","twitter_misc":{"Price":"83.30&nbsp;&#122;&#322;","Availability":"Out of stock"},"schema":{"@context":"https:\/\/schema.org","@graph":[{"@type":"WebPage","@id":"https:\/\/dev.hempking.eu\/pl\/olej-cbd-5-cbda-cbc-cbga-cbg-cbdv-cbn-d3-10ml-last-minute\/","url":"https:\/\/dev.hempking.eu\/pl\/olej-cbd-5-cbda-cbc-cbga-cbg-cbdv-cbn-d3-10ml","name":"Olej CBD 5% + D3 | 10 ml | Full Spectrum | HempKing","isPartOf":{"@id":"https:\/\/dev.hempking.eu\/pl\/#website"},"primaryImageOfPage":{"@id":"https:\/\/dev.hempking.eu\/pl\/olej-cbd-5-cbda-cbc-cbga-cbg-cbdv-cbn-d3-10ml#primaryimage"},"image":{"@id":"https:\/\/dev.hempking.eu\/pl\/olej-cbd-5-cbda-cbc-cbga-cbg-cbdv-cbn-d3-10ml#primaryimage"},"thumbnailUrl":"https:\/\/dev.hempking.eu\/pl\/wp-content\/uploads\/sites\/2\/2022\/01\/olejek_d3.jpg","datePublished":"2022-08-19T09:50:11+00:00","dateModified":"2023-02-28T09:14:11+00:00","description":"Poznaj Olej CBD 5% z naturaln\u0105 witamin\u0105 D3 z lanoliny \u2013 pe\u0142ne spektrum z witaminami. Kup teraz w cenie 129 PLN na hempking.eu!","breadcrumb":{"@id":"https:\/\/dev.hempking.eu\/pl\/olej-cbd-5-cbda-cbc-cbga-cbg-cbdv-cbn-d3-10ml#breadcrumb"},"inLanguage":"pl-PL","potentialAction":[{"@type":"ReadAction","target":["https:\/\/dev.hempking.eu\/pl\/olej-cbd-5-cbda-cbc-cbga-cbg-cbdv-cbn-d3-10ml"]}]},{"@type":"ImageObject","inLanguage":"pl-PL","@id":"https:\/\/dev.hempking.eu\/pl\/olej-cbd-5-cbda-cbc-cbga-cbg-cbdv-cbn-d3-10ml#primaryimage","url":"https:\/\/dev.hempking.eu\/pl\/wp-content\/uploads\/sites\/2\/2022\/01\/olejek_d3.jpg","contentUrl":"https:\/\/dev.hempking.eu\/pl\/wp-content\/uploads\/sites\/2\/2022\/01\/olejek_d3.jpg","width":1000,"height":1000,"caption":"Olej CBD D3 5% Full Spectrum HempKing"},{"@type":"BreadcrumbList","@id":"https:\/\/dev.hempking.eu\/pl\/olej-cbd-5-cbda-cbc-cbga-cbg-cbdv-cbn-d3-10ml#breadcrumb","itemListElement":[{"@type":"ListItem","position":1,"name":"Home","item":"https:\/\/dev.hempking.eu\/pl\/"},{"@type":"ListItem","position":2,"name":"Sklep","item":"https:\/\/dev.hempking.eu\/pl\/shop\/"},{"@type":"ListItem","position":3,"name":"Powiadom o dost\u0119pno\u015bci","item":"https:\/\/dev.hempking.eu\/pl\/powiadom-o-dostepnosci\/"},{"@type":"ListItem","position":4,"name":"Olej CBD 5% + CBDA, CBC, CBGA, CBG, CBDV, CBN + D3 - 10ml - Powiadom o dost\u0119pno\u015bci"}]},{"@type":"WebSite","@id":"https:\/\/dev.hempking.eu\/pl\/#website","url":"https:\/\/dev.hempking.eu\/pl\/","name":"Hemp King","description":"","publisher":{"@id":"https:\/\/dev.hempking.eu\/pl\/#organization"},"potentialAction":[{"@type":"SearchAction","target":{"@type":"EntryPoint","urlTemplate":"https:\/\/dev.hempking.eu\/pl\/?s={search_term_string}"},"query-input":{"@type":"PropertyValueSpecification","valueRequired":true,"valueName":"search_term_string"}}],"inLanguage":"pl-PL"},{"@type":"Organization","@id":"https:\/\/dev.hempking.eu\/pl\/#organization","name":"Hemp King","url":"https:\/\/dev.hempking.eu\/pl\/","logo":{"@type":"ImageObject","inLanguage":"pl-PL","@id":"https:\/\/dev.hempking.eu\/pl\/#\/schema\/logo\/image\/","url":"https:\/\/dev.hempking.eu\/pl\/wp-content\/uploads\/sites\/2\/2020\/05\/hempking.png","contentUrl":"https:\/\/dev.hempking.eu\/pl\/wp-content\/uploads\/sites\/2\/2020\/05\/hempking.png","width":148,"height":91,"caption":"Hemp King"},"image":{"@id":"https:\/\/dev.hempking.eu\/pl\/#\/schema\/logo\/image\/"},"sameAs":["https:\/\/www.facebook.com\/hempkingpoland","https:\/\/x.com\/hempkingeu","https:\/\/www.instagram.com\/hempkingeu\/","https:\/\/www.linkedin.com\/company\/hempking-eu\/mycompany\/","https:\/\/pl.pinterest.com\/hempkingeu\/","https:\/\/www.youtube.com\/channel\/UCUkeZA1fj4hSZfoYm0WpZ7w"]}]},"product_price_amount":"83.30","product_price_currency":"PLN","og_availability":"out of stock","product_availability":"out of stock","product_condition":"new"},"_links":{"self":[{"href":"https:\/\/dev.hempking.eu\/pl\/wp-json\/wp\/v2\/product\/105146","targetHints":{"allow":["GET"]}}],"collection":[{"href":"https:\/\/dev.hempking.eu\/pl\/wp-json\/wp\/v2\/product"}],"about":[{"href":"https:\/\/dev.hempking.eu\/pl\/wp-json\/wp\/v2\/types\/product"}],"wp:featuredmedia":[{"embeddable":true,"href":"https:\/\/dev.hempking.eu\/pl\/wp-json\/wp\/v2\/media\/87491"}],"wp:attachment":[{"href":"https:\/\/dev.hempking.eu\/pl\/wp-json\/wp\/v2\/media?parent=105146"}],"wp:term":[{"taxonomy":"product_cat","embeddable":true,"href":"https:\/\/dev.hempking.eu\/pl\/wp-json\/wp\/v2\/product_cat?post=105146"},{"taxonomy":"product_tag","embeddable":true,"href":"https:\/\/dev.hempking.eu\/pl\/wp-json\/wp\/v2\/product_tag?post=105146"}],"curies":[{"name":"wp","href":"https:\/\/api.w.org\/{rel}","templated":true}]}}