{"id":105150,"date":"2022-08-19T11:56:32","date_gmt":"2022-08-19T09:56:32","guid":{"rendered":"https:\/\/hempking.eu\/pl\/?post_type=product&#038;p=105150"},"modified":"2023-05-19T12:39:58","modified_gmt":"2023-05-19T10:39:58","slug":"olej-cbg-5-cbd-cbda-cbc-cbga-cbdv-cbn-green-10-ml-last-minute","status":"publish","type":"product","link":"https:\/\/dev.hempking.eu\/pl\/olej-cbg-5-cbd-cbda-cbc-cbga-cbdv-cbn-green-10-ml-last-minute\/","title":{"rendered":"Olej CBG 5% + CBD, CBDA, CBC, CBGA, CBDV, CBN Green \u2013 10 ml - wa\u017cno\u015b\u0107 do 31.07.2023"},"content":{"rendered":"<h2><strong>Olej konopny z CBG &#8211; sk\u0142adniki<\/strong><\/h2>\n<p>Olej z konopi siewnych (Cannabis sativa L.) o pe\u0142nym spektrum fitosk\u0142adnik\u00f3w (CBD, CBDA, CBC, CBGA, CBG, CBDV, CBN) oraz olej z nasion konopi siewnych, terpeny, flawonoidy, fenole.<\/p>\n<p>&nbsp;<\/p>\n<h2>Poznaj Olej CBG 5% Green (z naturalnymi fitosk\u0142adnikami) &#8211; cenny sk\u0142adnik konopi siewnych<\/h2>\n<p><strong>Wyj\u0105tkowy olej z CBG 5% Green to suplement diety,<\/strong> kt\u00f3ry w \u0142agodny spos\u00f3b wspomo\u017ce Twoj\u0105 diet\u0119! Olej ten zawiera pe\u0142ne spektrum wymienionych powy\u017cej fitosk\u0142adnik\u00f3w, a w tym CBG, czyli kannabigerol. To jedna z substancji aktywnych, wyst\u0119puj\u0105cych w konopiach siewnych.<\/p>\n<p>Stworzyli\u015bmy produkt, kt\u00f3ry daje Ci wy\u017csze st\u0119\u017cenie tego cennego kannabinoidu, kt\u00f3ry w olejkach konopnych wyst\u0119puje w \u015bladowych ilo\u015bciach.<\/p>\n<p>&nbsp;<\/p>\n<h2><strong>Co wyr\u00f3\u017cnia nasz Olej konopny CBG 5% (oraz z pozosta\u0142ymi konopnymi fitosk\u0142adnikami)?<\/strong><\/h2>\n<p><strong>Wyj\u0105tkowy fitosk\u0142adnik CBG<\/strong><\/p>\n<p>W tym olejku konopnym znajdziesz kannabinoid CBG, czyli kannabigerol w st\u0119\u017ceniu a\u017c 5%! W konopiach ten fitosk\u0142adnik wyst\u0119puje w bardzo ma\u0142ych ilo\u015bciach, a jest wa\u017cny! Dlatego postanowili\u015bmy podarowa\u0107 Ci wyj\u0105tkowy produkt, kt\u00f3ry sprawi, \u017ce suplementacja b\u0119dzie prosta. Pozosta\u0142ymi fitosk\u0142adnikami s\u0105 CBD, CBDA, CBC, CBGA, CBDV oraz CBN.<\/p>\n<p><strong>Gwarancja st\u0119\u017cenia<\/strong><\/p>\n<p>Nasz olej CBG 5% daje Ci gwarancj\u0119 st\u0119\u017cenia. Znajdziesz w nim a\u017c 500 mg samego CBG, w towarzystwie pozosta\u0142ych fitosk\u0142adnik\u00f3w znajduj\u0105cych si\u0119 w konopiach. Mi\u0119dzy innymi s\u0105 to CBD, CBDA, CBDV, CBG, CBC, CBN, CBGA.<\/p>\n<p>W kropli olejku konopnego o st\u0119\u017ceniu <strong>5% CBG znajduje si\u0119 ponad 2,5mg Kannabigerolu<\/strong>, a dodatkowo pozosta\u0142e kannabinoidy (fitosk\u0142adniki) z konopi oraz fenole, terpeny i flawonoidy.<\/p>\n<p>Je\u015bli chcesz spo\u017cy\u0107 wybran\u0105 porcj\u0119 miligram\u00f3w fitosk\u0142adnika, wybieraj\u0105c ten olejek, nie b\u0119dziesz mie\u0107 problemu z dostarczeniem sobie jego odpowiedniej ilo\u015bci.<\/p>\n<p><strong>100% natury<\/strong><\/p>\n<p>Do produkcji naszych produkt\u00f3w nie u\u017cywamy sztucznych sk\u0142adnik\u00f3w, izolat\u00f3w czy syntetycznych fitosk\u0142adnik\u00f3w. Wszystko, co znajdziesz w naszych olejkach to czysta natura, niezm\u0105cona \u017cadn\u0105 chemi\u0105.<\/p>\n<p><strong>Produkt polski<\/strong><\/p>\n<p>Wybieraj\u0105c nasze produkty, wspierasz polsk\u0105 gospodark\u0119 oraz polskich rolnik\u00f3w. Konopie, z kt\u00f3rych wytwarzamy nasze produkty rosn\u0105 na polach znajduj\u0105cych si\u0119 w najczystszych zak\u0105tkach Polski. A same olejki produkujemy sami, na terenie naszego kraju!<\/p>\n<p>&nbsp;<\/p>\n<h2><strong>Jako\u015b\u0107 jest naszym powodem do dumy!<\/strong><\/h2>\n<ul>\n<li>Dok\u0142adamy wszelkich stara\u0144, by dostarczy\u0107 Ci jako\u015bciowy produkt. Tak by\u015b m\u00f3g\u0142 cieszy\u0107 si\u0119 suplementacj\u0105. Olejek CBG 5% (zawiera naturalne sk\u0142adniki, w tym w\u0142a\u015bnie CBG) jest przebadany. Niezale\u017cne laboratorium sprawdzi\u0142o go na zawarto\u015b\u0107: <a href=\"https:\/\/dev.hempking.eu\/wp-content\/certificates\/2020.12.09-Biodio-CLO-2607_20.pdf\">fitokannabinoid\u00f3w<\/a>,<\/li>\n<li><a href=\"https:\/\/dev.hempking.eu\/wp-content\/certificates\/metale-ciezkie.pdf\">metali ci\u0119\u017ckich<\/a>,<\/li>\n<li><a href=\"https:\/\/dev.hempking.eu\/wp-content\/certificates\/plesnie-drozdze.pdf\">dro\u017cd\u017cy i ple\u015bni<\/a>,<\/li>\n<li><a href=\"https:\/\/dev.hempking.eu\/wp-content\/certificates\/pestycydy.pdf\">pestycyd\u00f3w<\/a>.<\/li>\n<\/ul>\n<p><strong>Najnowsze badania mo\u017cesz znale\u017a\u0107 w zak\u0142adce <a href=\"https:\/\/dev.hempking.eu\/pl\/atesty-i-certyfikaty\/\">Atesty i Certyfikaty.<\/a><\/strong><\/p>\n<p>&nbsp;<\/p>\n<h2><strong>W\u0142a\u015bciwo\u015bci olejku konopnego z CBG 5% oraz innymi fitosk\u0142adnikami:<\/strong><\/h2>\n<p>Dzi\u0119ki wysokiemu st\u0119\u017ceniu CBG i innych fitosk\u0142adnik\u00f3w (CBD, CBDA, CBC, CBGA, CBDV, CBN) oraz pozosta\u0142ych zwi\u0105zk\u00f3w pochodz\u0105cych z konopi, olej ten wykazuje pozytywne w\u0142a\u015bciwo\u015bci.<\/p>\n<p><strong>Co daje ci suplementacja olejem konopnym?<\/strong><\/p>\n<ul>\n<li>bogat\u0105 w fitosk\u0142adniki diet\u0119,<br \/>\nbogactwo omega-3, omega-6 i omega-9,<br \/>\nwzmocnienie Twojej naturalnej odporno\u015bci,<br \/>\npopraw\u0119 funkcjonowania uk\u0142adu krwiono\u015bnego,<br \/>\nzawarto\u015b\u0107 cholesterolu i tr\u00f3jgliceryd\u00f3w we krwi jest pod kontrol\u0105,<br \/>\npromienn\u0105 sk\u00f3r\u0119 o zdrowym wygl\u0105dzie,<br \/>\nregulacj\u0119 ci\u015bnienia krwi.<\/li>\n<li><\/li>\n<\/ul>\n<h2><strong>Suplementacja CBG &#8211; jak spo\u017cywa\u0107 olej konopny z naturalnymi fitosk\u0142adnikami?<\/strong><\/h2>\n<p>Wdro\u017cenie suplementacji olejku konopnego jest niezwykle proste, pod warunkiem, \u017ce znasz kilka podstaw.<\/p>\n<p>Gdy dopiero zaczynasz suplementacj\u0119, spr\u00f3buj od porcji 1 kropli trzy razy dziennie.<br \/>\nStaraj si\u0119 nie je\u015b\u0107 p\u00f3\u0142 godziny przed i p\u00f3\u0142 godziny po spo\u017cyciu suplementu konopnego.<\/p>\n<p>Wystarczy umie\u015bci\u0107 jedn\u0105 kropl\u0119 olejku pod j\u0119zykiem, zaczeka\u0107 30 sekund, a nast\u0119pnie po\u0142kn\u0105\u0107.<br \/>\nStaraj si\u0119 nie pi\u0107 od razu po prze\u0142kni\u0119ciu!<\/p>\n<p><strong>Potrzebujesz silniejszego wsparcia?<\/strong><br \/>\nSprawd\u017a nasze Pasty:<\/p>\n<ul>\n<li><a href=\"https:\/\/dev.hempking.eu\/pl\/pasta-cbd-green-30-5ml-6g\/\">Pasta 30%<\/a><\/li>\n<li><a href=\"https:\/\/dev.hempking.eu\/pl\/pasta-cbd-gold-50-5ml-6g\/\">Pasta 50%<\/a><\/li>\n<\/ul>\n<p>&nbsp;<\/p>\n<p><strong>Nasze produkty to \u015bwietny pomys\u0142 na prezent!<\/strong> Bambusowe zakr\u0119tki i ciemne szklane buteleczki oraz nowoczesny wygl\u0105d produkt\u00f3w sprawi, \u017ce b\u0119dzie to nie tylko warto\u015bciowy prezent, ale tak\u017ce pi\u0119knie wygl\u0105daj\u0105cy!<\/p>\n<p><a href=\"https:\/\/dev.hempking.eu\/pl\/wp-content\/uploads\/sites\/2\/2020\/07\/warunki4-1.jpg\"><img loading=\"lazy\" decoding=\"async\" class=\"alignnone wp-image-104414 size-full\" src=\"https:\/\/dev.hempking.eu\/pl\/wp-content\/uploads\/sites\/2\/2020\/07\/warunki4-1.jpg\" alt=\"o\u015bwiadczenia CBD w UE\" width=\"755\" height=\"353\" srcset=\"https:\/\/dev.hempking.eu\/pl\/wp-content\/uploads\/sites\/2\/2020\/07\/warunki4-1.jpg 755w, https:\/\/dev.hempking.eu\/pl\/wp-content\/uploads\/sites\/2\/2020\/07\/warunki4-1-640x299.jpg 640w, https:\/\/dev.hempking.eu\/pl\/wp-content\/uploads\/sites\/2\/2020\/07\/warunki4-1-400x187.jpg 400w\" sizes=\"auto, (max-width: 755px) 100vw, 755px\" \/><\/a><\/p>\n<p><a href=\"https:\/\/dev.hempking.eu\/pl\/wp-content\/uploads\/sites\/2\/2020\/07\/warunki_4.jpg\"><img loading=\"lazy\" decoding=\"async\" class=\"alignnone size-full wp-image-100623\" src=\"https:\/\/dev.hempking.eu\/pl\/wp-content\/uploads\/sites\/2\/2020\/07\/warunki_4.jpg\" alt=\"fito sk\u0142adniki novel food\" width=\"755\" height=\"237\" srcset=\"https:\/\/dev.hempking.eu\/pl\/wp-content\/uploads\/sites\/2\/2020\/07\/warunki_4.jpg 755w, https:\/\/dev.hempking.eu\/pl\/wp-content\/uploads\/sites\/2\/2020\/07\/warunki_4-640x201.jpg 640w, https:\/\/dev.hempking.eu\/pl\/wp-content\/uploads\/sites\/2\/2020\/07\/warunki_4-400x126.jpg 400w\" sizes=\"auto, (max-width: 755px) 100vw, 755px\" \/><\/a><\/p>\n<p><a href=\"https:\/\/dev.hempking.eu\/pl\/wp-content\/uploads\/sites\/2\/2022\/01\/warunki2.jpg\"><img loading=\"lazy\" decoding=\"async\" class=\"alignnone wp-image-85647 size-full\" src=\"https:\/\/dev.hempking.eu\/pl\/wp-content\/uploads\/sites\/2\/2022\/01\/warunki2.jpg\" alt=\"warunki2\" width=\"755\" height=\"307\" srcset=\"https:\/\/dev.hempking.eu\/pl\/wp-content\/uploads\/sites\/2\/2022\/01\/warunki2.jpg 755w, https:\/\/dev.hempking.eu\/pl\/wp-content\/uploads\/sites\/2\/2022\/01\/warunki2-640x260.jpg 640w, https:\/\/dev.hempking.eu\/pl\/wp-content\/uploads\/sites\/2\/2022\/01\/warunki2-400x163.jpg 400w, https:\/\/dev.hempking.eu\/pl\/wp-content\/uploads\/sites\/2\/2022\/01\/warunki2-600x244.jpg 600w\" sizes=\"auto, (max-width: 755px) 100vw, 755px\" \/><\/a><\/p>\n","protected":false},"excerpt":{"rendered":"<h2>Termin wa\u017cno\u015bci: 31.07.2023<\/h2>\n<h2><strong>Olej konopny zawieraj\u0105cy CBG 5% i inne fitosk\u0142adniki to:<\/strong><\/h2>\n<ul>\n<li><strong>\u00a0A\u017c 500 mg CBG (kannabigerolu)<\/strong><\/li>\n<li>Pe\u0142ne spektrum innych kannabinoid\u00f3w (fitosk\u0142adnik\u00f3w), w tym: CBD, CBDA, CBC, CBGA, CBDV, CBN<\/li>\n<li>Zawarto\u015b\u0107 terpen\u00f3w, flawonoid\u00f3w i fenoli<\/li>\n<li>Cenne kwasy t\u0142uszczowe: omega-3, omega-6 oraz omega-9<\/li>\n<li><strong>\u00a01 kropla \u2013 2,5 mg CBG<\/strong><\/li>\n<li>Produkt jest poddawany ci\u0105g\u0142ej kontroli jako\u015bci (badania znajdziesz tutaj:\u00a0<a href=\"https:\/\/dev.hempking.eu\/pl\/atesty-i-certyfikaty\/\"><strong>Atesty i Certyfikaty<\/strong>)<\/a><\/li>\n<li>Olej produkowany bez u\u017cycia rozpuszczalnik\u00f3w, syntetycznego lub krystalicznego CBD<\/li>\n<li><strong>100% naturalny produkt<\/strong><\/li>\n<li>wystarcza na ok. 2 miesi\u0105ce suplementacji<\/li>\n<\/ul>\n<p><strong>\u00a0Pojemno\u015b\u0107: 10ml<\/strong><\/p>\n<p>&nbsp;<\/p>\n","protected":false},"featured_media":93187,"template":"","meta":{"_acf_changed":false},"product_cat":[21,101],"product_tag":[],"class_list":{"0":"post-105150","1":"product","2":"type-product","3":"status-publish","4":"has-post-thumbnail","6":"product_cat-olej-cbg","7":"product_cat-last-minute","9":"first","10":"instock","11":"sale","12":"shipping-taxable","13":"purchasable","14":"product-type-simple"},"acf":[],"yoast_head":"<!-- This site is optimized with the Yoast SEO Premium plugin v23.4 (Yoast SEO v24.0) - https:\/\/yoast.com\/wordpress\/plugins\/seo\/ -->\n<title>Olej CBG 5% Green HempKing | 10 ml | Full Spectrum fitosk\u0142adnik\u00f3w<\/title>\n<meta name=\"description\" content=\"Olej CBG 5% Green HempKing w konopnym sklepie HempKing 100% naturalne. Zadbaj z nami o swoj\u0105 diet\u0119! Kup teraz na hempking.eu !\" \/>\n<link rel=\"canonical\" href=\"https:\/\/dev.hempking.eu\/pl\/olej-cbg-gold-5-10ml\/\" \/>\n<meta property=\"og:locale\" content=\"pl_PL\" \/>\n<meta property=\"og:type\" content=\"article\" \/>\n<meta property=\"og:title\" content=\"Olej CBG 5% + CBD, CBDA, CBC, CBGA, CBDV, CBN Green \u2013 10 ml - wa\u017cno\u015b\u0107 do 31.07.2023\" \/>\n<meta property=\"og:description\" content=\"Olej CBG 5% Green HempKing w konopnym sklepie HempKing 100% naturalne. Zadbaj z nami o swoj\u0105 diet\u0119! Kup teraz na hempking.eu !\" \/>\n<meta property=\"og:url\" content=\"https:\/\/dev.hempking.eu\/pl\/olej-cbg-gold-5-10ml\/\" \/>\n<meta property=\"og:site_name\" content=\"Hemp King\" \/>\n<meta property=\"article:publisher\" content=\"https:\/\/www.facebook.com\/hempkingpoland\" \/>\n<meta property=\"article:modified_time\" content=\"2023-05-19T10:39:58+00:00\" \/>\n<meta property=\"og:image\" content=\"https:\/\/dev.hempking.eu\/pl\/wp-content\/uploads\/sites\/2\/2020\/07\/olejek5-green-scaled.jpg\" \/>\n\t<meta property=\"og:image:width\" content=\"2560\" \/>\n\t<meta property=\"og:image:height\" content=\"2560\" \/>\n\t<meta property=\"og:image:type\" content=\"image\/jpeg\" \/>\n<meta name=\"twitter:card\" content=\"summary_large_image\" \/>\n<meta name=\"twitter:site\" content=\"@hempkingeu\" \/>\n<meta name=\"twitter:label1\" content=\"Price\" \/>\n\t<meta name=\"twitter:data1\" content=\"65.40&nbsp;&#122;&#322;\" \/>\n\t<meta name=\"twitter:label2\" content=\"Availability\" \/>\n\t<meta name=\"twitter:data2\" content=\"In stock\" \/>\n<script type=\"application\/ld+json\" class=\"yoast-schema-graph\">{\"@context\":\"https:\/\/schema.org\",\"@graph\":[{\"@type\":\"WebPage\",\"@id\":\"https:\/\/dev.hempking.eu\/pl\/olej-cbg-5-cbd-cbda-cbc-cbga-cbdv-cbn-green-10-ml-last-minute\/\",\"url\":\"https:\/\/dev.hempking.eu\/pl\/olej-cbg-gold-5-10ml\/\",\"name\":\"Olej CBG 5% Green HempKing | 10 ml | Full Spectrum fitosk\u0142adnik\u00f3w\",\"isPartOf\":{\"@id\":\"https:\/\/dev.hempking.eu\/pl\/#website\"},\"primaryImageOfPage\":{\"@id\":\"https:\/\/dev.hempking.eu\/pl\/olej-cbg-gold-5-10ml\/#primaryimage\"},\"image\":{\"@id\":\"https:\/\/dev.hempking.eu\/pl\/olej-cbg-gold-5-10ml\/#primaryimage\"},\"thumbnailUrl\":\"https:\/\/dev.hempking.eu\/pl\/wp-content\/uploads\/sites\/2\/2020\/07\/olejek5-green-scaled.jpg\",\"datePublished\":\"2022-08-19T09:56:32+00:00\",\"dateModified\":\"2023-05-19T10:39:58+00:00\",\"description\":\"Olej CBG 5% Green HempKing w konopnym sklepie HempKing 100% naturalne. Zadbaj z nami o swoj\u0105 diet\u0119! Kup teraz na hempking.eu !\",\"breadcrumb\":{\"@id\":\"https:\/\/dev.hempking.eu\/pl\/olej-cbg-gold-5-10ml\/#breadcrumb\"},\"inLanguage\":\"pl-PL\",\"potentialAction\":[{\"@type\":\"ReadAction\",\"target\":[\"https:\/\/dev.hempking.eu\/pl\/olej-cbg-gold-5-10ml\/\"]}]},{\"@type\":\"ImageObject\",\"inLanguage\":\"pl-PL\",\"@id\":\"https:\/\/dev.hempking.eu\/pl\/olej-cbg-gold-5-10ml\/#primaryimage\",\"url\":\"https:\/\/dev.hempking.eu\/pl\/wp-content\/uploads\/sites\/2\/2020\/07\/olejek5-green-scaled.jpg\",\"contentUrl\":\"https:\/\/dev.hempking.eu\/pl\/wp-content\/uploads\/sites\/2\/2020\/07\/olejek5-green-scaled.jpg\",\"width\":2560,\"height\":2560},{\"@type\":\"BreadcrumbList\",\"@id\":\"https:\/\/dev.hempking.eu\/pl\/olej-cbg-gold-5-10ml\/#breadcrumb\",\"itemListElement\":[{\"@type\":\"ListItem\",\"position\":1,\"name\":\"Home\",\"item\":\"https:\/\/dev.hempking.eu\/pl\/\"},{\"@type\":\"ListItem\",\"position\":2,\"name\":\"Sklep\",\"item\":\"https:\/\/dev.hempking.eu\/pl\/shop\/\"},{\"@type\":\"ListItem\",\"position\":3,\"name\":\"Last minute\",\"item\":\"https:\/\/dev.hempking.eu\/pl\/last-minute\/\"},{\"@type\":\"ListItem\",\"position\":4,\"name\":\"Olej CBG 5% + CBD, CBDA, CBC, CBGA, CBDV, CBN Green \u2013 10 ml - wa\u017cno\u015b\u0107 do 31.07.2023\"}]},{\"@type\":\"WebSite\",\"@id\":\"https:\/\/dev.hempking.eu\/pl\/#website\",\"url\":\"https:\/\/dev.hempking.eu\/pl\/\",\"name\":\"Hemp King\",\"description\":\"\",\"publisher\":{\"@id\":\"https:\/\/dev.hempking.eu\/pl\/#organization\"},\"potentialAction\":[{\"@type\":\"SearchAction\",\"target\":{\"@type\":\"EntryPoint\",\"urlTemplate\":\"https:\/\/dev.hempking.eu\/pl\/?s={search_term_string}\"},\"query-input\":{\"@type\":\"PropertyValueSpecification\",\"valueRequired\":true,\"valueName\":\"search_term_string\"}}],\"inLanguage\":\"pl-PL\"},{\"@type\":\"Organization\",\"@id\":\"https:\/\/dev.hempking.eu\/pl\/#organization\",\"name\":\"Hemp King\",\"url\":\"https:\/\/dev.hempking.eu\/pl\/\",\"logo\":{\"@type\":\"ImageObject\",\"inLanguage\":\"pl-PL\",\"@id\":\"https:\/\/dev.hempking.eu\/pl\/#\/schema\/logo\/image\/\",\"url\":\"https:\/\/dev.hempking.eu\/pl\/wp-content\/uploads\/sites\/2\/2020\/05\/hempking.png\",\"contentUrl\":\"https:\/\/dev.hempking.eu\/pl\/wp-content\/uploads\/sites\/2\/2020\/05\/hempking.png\",\"width\":148,\"height\":91,\"caption\":\"Hemp King\"},\"image\":{\"@id\":\"https:\/\/dev.hempking.eu\/pl\/#\/schema\/logo\/image\/\"},\"sameAs\":[\"https:\/\/www.facebook.com\/hempkingpoland\",\"https:\/\/x.com\/hempkingeu\",\"https:\/\/www.instagram.com\/hempkingeu\/\",\"https:\/\/www.linkedin.com\/company\/hempking-eu\/mycompany\/\",\"https:\/\/pl.pinterest.com\/hempkingeu\/\",\"https:\/\/www.youtube.com\/channel\/UCUkeZA1fj4hSZfoYm0WpZ7w\"]}]}<\/script>\n<meta property=\"product:price:amount\" content=\"65.40\" \/>\n<meta property=\"product:price:currency\" content=\"PLN\" \/>\n<meta property=\"og:availability\" content=\"instock\" \/>\n<meta property=\"product:availability\" content=\"instock\" \/>\n<meta property=\"product:condition\" content=\"new\" \/>\n<!-- \/ Yoast SEO Premium plugin. -->","yoast_head_json":{"title":"Olej CBG 5% Green HempKing | 10 ml | Full Spectrum fitosk\u0142adnik\u00f3w","description":"Olej CBG 5% Green HempKing w konopnym sklepie HempKing 100% naturalne. Zadbaj z nami o swoj\u0105 diet\u0119! Kup teraz na hempking.eu !","canonical":"https:\/\/dev.hempking.eu\/pl\/olej-cbg-gold-5-10ml\/","og_locale":"pl_PL","og_type":"article","og_title":"Olej CBG 5% + CBD, CBDA, CBC, CBGA, CBDV, CBN Green \u2013 10 ml - wa\u017cno\u015b\u0107 do 31.07.2023","og_description":"Olej CBG 5% Green HempKing w konopnym sklepie HempKing 100% naturalne. Zadbaj z nami o swoj\u0105 diet\u0119! Kup teraz na hempking.eu !","og_url":"https:\/\/dev.hempking.eu\/pl\/olej-cbg-gold-5-10ml\/","og_site_name":"Hemp King","article_publisher":"https:\/\/www.facebook.com\/hempkingpoland","article_modified_time":"2023-05-19T10:39:58+00:00","og_image":[{"width":2560,"height":2560,"url":"https:\/\/dev.hempking.eu\/pl\/wp-content\/uploads\/sites\/2\/2020\/07\/olejek5-green-scaled.jpg","type":"image\/jpeg"}],"twitter_card":"summary_large_image","twitter_site":"@hempkingeu","twitter_misc":{"Price":"65.40&nbsp;&#122;&#322;","Availability":"In stock"},"schema":{"@context":"https:\/\/schema.org","@graph":[{"@type":"WebPage","@id":"https:\/\/dev.hempking.eu\/pl\/olej-cbg-5-cbd-cbda-cbc-cbga-cbdv-cbn-green-10-ml-last-minute\/","url":"https:\/\/dev.hempking.eu\/pl\/olej-cbg-gold-5-10ml\/","name":"Olej CBG 5% Green HempKing | 10 ml | Full Spectrum fitosk\u0142adnik\u00f3w","isPartOf":{"@id":"https:\/\/dev.hempking.eu\/pl\/#website"},"primaryImageOfPage":{"@id":"https:\/\/dev.hempking.eu\/pl\/olej-cbg-gold-5-10ml\/#primaryimage"},"image":{"@id":"https:\/\/dev.hempking.eu\/pl\/olej-cbg-gold-5-10ml\/#primaryimage"},"thumbnailUrl":"https:\/\/dev.hempking.eu\/pl\/wp-content\/uploads\/sites\/2\/2020\/07\/olejek5-green-scaled.jpg","datePublished":"2022-08-19T09:56:32+00:00","dateModified":"2023-05-19T10:39:58+00:00","description":"Olej CBG 5% Green HempKing w konopnym sklepie HempKing 100% naturalne. Zadbaj z nami o swoj\u0105 diet\u0119! Kup teraz na hempking.eu !","breadcrumb":{"@id":"https:\/\/dev.hempking.eu\/pl\/olej-cbg-gold-5-10ml\/#breadcrumb"},"inLanguage":"pl-PL","potentialAction":[{"@type":"ReadAction","target":["https:\/\/dev.hempking.eu\/pl\/olej-cbg-gold-5-10ml\/"]}]},{"@type":"ImageObject","inLanguage":"pl-PL","@id":"https:\/\/dev.hempking.eu\/pl\/olej-cbg-gold-5-10ml\/#primaryimage","url":"https:\/\/dev.hempking.eu\/pl\/wp-content\/uploads\/sites\/2\/2020\/07\/olejek5-green-scaled.jpg","contentUrl":"https:\/\/dev.hempking.eu\/pl\/wp-content\/uploads\/sites\/2\/2020\/07\/olejek5-green-scaled.jpg","width":2560,"height":2560},{"@type":"BreadcrumbList","@id":"https:\/\/dev.hempking.eu\/pl\/olej-cbg-gold-5-10ml\/#breadcrumb","itemListElement":[{"@type":"ListItem","position":1,"name":"Home","item":"https:\/\/dev.hempking.eu\/pl\/"},{"@type":"ListItem","position":2,"name":"Sklep","item":"https:\/\/dev.hempking.eu\/pl\/shop\/"},{"@type":"ListItem","position":3,"name":"Last minute","item":"https:\/\/dev.hempking.eu\/pl\/last-minute\/"},{"@type":"ListItem","position":4,"name":"Olej CBG 5% + CBD, CBDA, CBC, CBGA, CBDV, CBN Green \u2013 10 ml - wa\u017cno\u015b\u0107 do 31.07.2023"}]},{"@type":"WebSite","@id":"https:\/\/dev.hempking.eu\/pl\/#website","url":"https:\/\/dev.hempking.eu\/pl\/","name":"Hemp King","description":"","publisher":{"@id":"https:\/\/dev.hempking.eu\/pl\/#organization"},"potentialAction":[{"@type":"SearchAction","target":{"@type":"EntryPoint","urlTemplate":"https:\/\/dev.hempking.eu\/pl\/?s={search_term_string}"},"query-input":{"@type":"PropertyValueSpecification","valueRequired":true,"valueName":"search_term_string"}}],"inLanguage":"pl-PL"},{"@type":"Organization","@id":"https:\/\/dev.hempking.eu\/pl\/#organization","name":"Hemp King","url":"https:\/\/dev.hempking.eu\/pl\/","logo":{"@type":"ImageObject","inLanguage":"pl-PL","@id":"https:\/\/dev.hempking.eu\/pl\/#\/schema\/logo\/image\/","url":"https:\/\/dev.hempking.eu\/pl\/wp-content\/uploads\/sites\/2\/2020\/05\/hempking.png","contentUrl":"https:\/\/dev.hempking.eu\/pl\/wp-content\/uploads\/sites\/2\/2020\/05\/hempking.png","width":148,"height":91,"caption":"Hemp King"},"image":{"@id":"https:\/\/dev.hempking.eu\/pl\/#\/schema\/logo\/image\/"},"sameAs":["https:\/\/www.facebook.com\/hempkingpoland","https:\/\/x.com\/hempkingeu","https:\/\/www.instagram.com\/hempkingeu\/","https:\/\/www.linkedin.com\/company\/hempking-eu\/mycompany\/","https:\/\/pl.pinterest.com\/hempkingeu\/","https:\/\/www.youtube.com\/channel\/UCUkeZA1fj4hSZfoYm0WpZ7w"]}]},"product_price_amount":"65.40","product_price_currency":"PLN","og_availability":"instock","product_availability":"instock","product_condition":"new"},"_links":{"self":[{"href":"https:\/\/dev.hempking.eu\/pl\/wp-json\/wp\/v2\/product\/105150","targetHints":{"allow":["GET"]}}],"collection":[{"href":"https:\/\/dev.hempking.eu\/pl\/wp-json\/wp\/v2\/product"}],"about":[{"href":"https:\/\/dev.hempking.eu\/pl\/wp-json\/wp\/v2\/types\/product"}],"wp:featuredmedia":[{"embeddable":true,"href":"https:\/\/dev.hempking.eu\/pl\/wp-json\/wp\/v2\/media\/93187"}],"wp:attachment":[{"href":"https:\/\/dev.hempking.eu\/pl\/wp-json\/wp\/v2\/media?parent=105150"}],"wp:term":[{"taxonomy":"product_cat","embeddable":true,"href":"https:\/\/dev.hempking.eu\/pl\/wp-json\/wp\/v2\/product_cat?post=105150"},{"taxonomy":"product_tag","embeddable":true,"href":"https:\/\/dev.hempking.eu\/pl\/wp-json\/wp\/v2\/product_tag?post=105150"}],"curies":[{"name":"wp","href":"https:\/\/api.w.org\/{rel}","templated":true}]}}