{"id":106664,"date":"2022-09-08T15:21:57","date_gmt":"2022-09-08T13:21:57","guid":{"rendered":"https:\/\/hempking.eu\/pl\/?post_type=product&#038;p=106664"},"modified":"2023-02-02T13:36:04","modified_gmt":"2023-02-02T12:36:04","slug":"zestaw-ashwagandha-400mg-witamina-d3-w-bio-oleju-konopnym","status":"publish","type":"product","link":"https:\/\/dev.hempking.eu\/pl\/zestaw-ashwagandha-400mg-witamina-d3-w-bio-oleju-konopnym\/","title":{"rendered":"Zestaw Ashwagandha 400mg + witamina D3 w BIO oleju konopnym"},"content":{"rendered":"<h2><strong>Ashwagandha i witamina D3 &#8211; zestaw na jesie\u0144<\/strong><\/h2>\n<p>Dzi\u0119ki po\u0142\u0105czeniu tych dw\u00f3ch produkt\u00f3w lepiej przygotujesz si\u0119 do jesiennej suplementacji. Dodatkowo, kupuj\u0105c pakiet w korzystnej cenie masz mo\u017cliwo\u015b\u0107 przetestowania obu produkt\u00f3w i odkry\u0107 ich synergiczne dzia\u0142anie!<\/p>\n<h2><strong>Ashwagandha w kapsu\u0142kach\u00a0\u2013 Biowen<\/strong><\/h2>\n<p>Ashwagandha jest suplementem standaryzowanym na 10% witanolid\u00f3w, a ka\u017cda kapsu\u0142ka zawiera 400mg produktu \u0142\u0105cznie z BioPerine\u00ae. Jest to wzmacniaj\u0105cy dzia\u0142anie adaptogenu ekstrakt z czarnego pieprzu, standaryzowany na 95% zawarto\u015bci piperyny.<\/p>\n<p>Suplement jest w 100% naturalny, nie zawiera glutenu, szkodliwych ani sztucznych substancji. Produkt jest odpowiedni dla wegan i wegetarian.<\/p>\n<p><a href=\"https:\/\/dev.hempking.eu\/pl\/wp-content\/uploads\/sites\/2\/2022\/05\/ashwagandha-1.jpg\"><img loading=\"lazy\" decoding=\"async\" class=\"alignnone size-full wp-image-97186\" src=\"https:\/\/dev.hempking.eu\/pl\/wp-content\/uploads\/sites\/2\/2022\/05\/ashwagandha-1.jpg\" alt=\"ashwagandha tableka warto\u015bci\" width=\"815\" height=\"358\" srcset=\"https:\/\/dev.hempking.eu\/pl\/wp-content\/uploads\/sites\/2\/2022\/05\/ashwagandha-1.jpg 815w, https:\/\/dev.hempking.eu\/pl\/wp-content\/uploads\/sites\/2\/2022\/05\/ashwagandha-1-768x337.jpg 768w, https:\/\/dev.hempking.eu\/pl\/wp-content\/uploads\/sites\/2\/2022\/05\/ashwagandha-1-640x281.jpg 640w, https:\/\/dev.hempking.eu\/pl\/wp-content\/uploads\/sites\/2\/2022\/05\/ashwagandha-1-400x176.jpg 400w\" sizes=\"auto, (max-width: 815px) 100vw, 815px\" \/><\/a><\/p>\n<h3>W\u0142a\u015bciwo\u015bci:<\/h3>\n<ul>\n<li>u\u0142atwia utrzymanie r\u00f3wnowagi emocjonalnej,<\/li>\n<li>pomaga utrzyma\u0107 prawid\u0142owy poziom energii,<\/li>\n<li>u\u0142atwia utrzymanie dobrego samopoczucia,<\/li>\n<li>pomaga poprawi\u0107 odporno\u015b\u0107 organizmu na stres,<\/li>\n<\/ul>\n<h3>Zalecana porcja do spo\u017cycia w ci\u0105gu dnia niezb\u0119dna do uzyskania korzystnego dzia\u0142ania<\/h3>\n<p>1 kapsu\u0142ka dziennie w trakcie posi\u0142ku. Nie nale\u017cy przekracza\u0107 zalecanej porcji do spo\u017cycia w ci\u0105gu dnia.<\/p>\n<p>&nbsp;<\/p>\n<h2><strong>Witamina D3 Forte w BIO oleju konopnym\u00a0\u2013 HempKing<\/strong><\/h2>\n<p>Witamina D3 Forte pochodz\u0105ca z naturalnej lanoliny (cholekalcyferol) marki HempKing zosta\u0142a rozpuszczona w naturalnym oleju konopnym i dodatkowo wsparta witamin\u0105 E. Jedna porcja tego suplementu stanowi a\u017c 1000% dziennej RWS (Referencyjnej Warto\u015bci Spo\u017cycia).<\/p>\n<h3>Sk\u0142ad:<\/h3>\n<p>BIO olej konopny*, D-alfa-tokoferol (witamina E), witamina D z lanoliny (cholekalcyferol). *Surowiec pochodzenia ekologicznego PL-EKO-06<\/p>\n<h3>W\u0142a\u015bciwo\u015bci witaminy D3 z lanoliny:<\/h3>\n<ul>\n<li>wspiera odporno\u015b\u0107,<\/li>\n<li>pomaga utrzyma\u0107 ko\u015bci i z\u0119by w dobrej kondycji,<\/li>\n<li>pomaga zmniejszy\u0107 ryzyko z\u0142ama\u0144 i uraz\u00f3w ko\u015bci,<\/li>\n<li>wspiera prawid\u0142owe funkcjonowanie mi\u0119\u015bni,<\/li>\n<li>pomaga utrzyma\u0107 prawid\u0142owy poziom wapnia we krwi,<\/li>\n<li>wspiera prawid\u0142owe podzia\u0142y kom\u00f3rkowe,<\/li>\n<li>wspomaga prawid\u0142owy przebieg reakcji zapalnej.<\/li>\n<\/ul>\n<h3>W\u0142a\u015bciwo\u015bci witaminy E (D-alfa tokoferol):<\/h3>\n<ul>\n<li>naturalny konserwant,<\/li>\n<li>przeciwutleniacz.<\/li>\n<\/ul>\n<h3>W\u0142a\u015bciwo\u015bci BIO oleju konopnego:<\/h3>\n<ul>\n<li>wspiera odporno\u015b\u0107,<\/li>\n<li>wspiera prawid\u0142owe dzia\u0142anie uk\u0142adu sercowo-naczyniowego,<\/li>\n<li>zawiera nienasycone kwasy t\u0142uszczowe (NNKT),<\/li>\n<li>wspomaga regulacj\u0119 cholesterolu,<\/li>\n<li>pomaga upi\u0119kszy\u0107 sk\u00f3r\u0119.<\/li>\n<\/ul>\n<h3>Dawkowanie:<\/h3>\n<p>Jedna porcja to jedna pe\u0142na pompka, kt\u00f3ra zawiera:<\/p>\n<ul>\n<li>50 \u00b5g\/ 2000 IU (1000% RWS) naturalnej witaminy D3 z lanoliny<\/li>\n<li>2,4 mg\/ 3,2 IU (20% RWS) witaminy E<\/li>\n<\/ul>\n<p><b>Zalecana porcja do spo\u017cycia w ci\u0105gu dnia niezb\u0119dna do uzyskania korzystnego dzia\u0142ania produktu:\u00a0<\/b><\/p>\n<p>1 pompka dziennie w trakcie posi\u0142ku. U os\u00f3b zdrowych powy\u017cej 75 roku \u017cycia mo\u017cna stosowa\u0107 2 pompki dziennie.<\/p>\n<p><a href=\"https:\/\/dev.hempking.eu\/pl\/wp-content\/uploads\/sites\/2\/2021\/12\/tabelka-witamina-D3-wartosci-odzywcze.jpg\"><img loading=\"lazy\" decoding=\"async\" class=\"alignnone size-full wp-image-93025\" src=\"https:\/\/dev.hempking.eu\/pl\/wp-content\/uploads\/sites\/2\/2021\/12\/tabelka-witamina-D3-wartosci-odzywcze.jpg\" alt=\"warto\u015bci od\u017cywcze - witamina D3 forte w oleju konopnym\" width=\"815\" height=\"397\" srcset=\"https:\/\/dev.hempking.eu\/pl\/wp-content\/uploads\/sites\/2\/2021\/12\/tabelka-witamina-D3-wartosci-odzywcze.jpg 815w, https:\/\/dev.hempking.eu\/pl\/wp-content\/uploads\/sites\/2\/2021\/12\/tabelka-witamina-D3-wartosci-odzywcze-768x374.jpg 768w, https:\/\/dev.hempking.eu\/pl\/wp-content\/uploads\/sites\/2\/2021\/12\/tabelka-witamina-D3-wartosci-odzywcze-640x312.jpg 640w, https:\/\/dev.hempking.eu\/pl\/wp-content\/uploads\/sites\/2\/2021\/12\/tabelka-witamina-D3-wartosci-odzywcze-400x195.jpg 400w\" sizes=\"auto, (max-width: 815px) 100vw, 815px\" \/><\/a><\/p>\n<p>&nbsp;<\/p>\n<p><a href=\"https:\/\/dev.hempking.eu\/pl\/wp-content\/uploads\/sites\/2\/2022\/01\/warunki2.jpg\"><img loading=\"lazy\" decoding=\"async\" class=\"alignnone wp-image-85647 size-full\" src=\"https:\/\/dev.hempking.eu\/pl\/wp-content\/uploads\/sites\/2\/2022\/01\/warunki2.jpg\" alt=\"warunki przechowywania produkt\u00f3w konopnych HempKing\" width=\"755\" height=\"307\" srcset=\"https:\/\/dev.hempking.eu\/pl\/wp-content\/uploads\/sites\/2\/2022\/01\/warunki2.jpg 755w, https:\/\/dev.hempking.eu\/pl\/wp-content\/uploads\/sites\/2\/2022\/01\/warunki2-640x260.jpg 640w, https:\/\/dev.hempking.eu\/pl\/wp-content\/uploads\/sites\/2\/2022\/01\/warunki2-400x163.jpg 400w, https:\/\/dev.hempking.eu\/pl\/wp-content\/uploads\/sites\/2\/2022\/01\/warunki2-600x244.jpg 600w\" sizes=\"auto, (max-width: 755px) 100vw, 755px\" \/><\/a><\/p>\n<p><a href=\"https:\/\/dev.hempking.eu\/pl\/wp-content\/uploads\/sites\/2\/2020\/07\/warunki4-1.jpg\"><img loading=\"lazy\" decoding=\"async\" class=\"alignnone size-full wp-image-104414\" src=\"https:\/\/dev.hempking.eu\/pl\/wp-content\/uploads\/sites\/2\/2020\/07\/warunki4-1.jpg\" alt=\"o\u015bwiadczenia CBD w UE\" width=\"755\" height=\"353\" srcset=\"https:\/\/dev.hempking.eu\/pl\/wp-content\/uploads\/sites\/2\/2020\/07\/warunki4-1.jpg 755w, https:\/\/dev.hempking.eu\/pl\/wp-content\/uploads\/sites\/2\/2020\/07\/warunki4-1-640x299.jpg 640w, https:\/\/dev.hempking.eu\/pl\/wp-content\/uploads\/sites\/2\/2020\/07\/warunki4-1-400x187.jpg 400w\" sizes=\"auto, (max-width: 755px) 100vw, 755px\" \/><\/a><\/p>\n<p>&nbsp;<\/p>\n","protected":false},"excerpt":{"rendered":"<p class=\"product_title entry-title\"><span style=\"text-decoration: underline;\"><a href=\"https:\/\/dev.hempking.eu\/pl\/ashwagandha-kapsulki-400-mg\/\" target=\"_blank\" rel=\"noopener\">Ashwagandha 400 mg<\/a><\/span>\u00a0\u2013 pe\u0142na cena: 39.90z\u0142<\/p>\n<p class=\"product_title entry-title\"><span style=\"text-decoration: underline;\"><a href=\"https:\/\/dev.hempking.eu\/pl\/witamina-d3-forte-z-lanoliny-w-kroplach-w-oleju-konopnym-30-ml\/\" target=\"_blank\" rel=\"noopener\">Witamina D3 Forte w BIO oleju konopnym 30 ml<\/a><\/span> \u2013 30.90 z\u0142<\/p>\n<p><strong>Kupuj\u0105c w zestawie oszcz\u0119dzasz 25%!<\/strong><\/p>\n","protected":false},"featured_media":106665,"template":"","meta":{"_acf_changed":false},"product_cat":[96,120,116,33,144,149,36],"product_tag":[],"class_list":{"0":"post-106664","1":"product","2":"type-product","3":"status-publish","4":"has-post-thumbnail","6":"product_cat-suplementy","7":"product_cat-adaptogeny","8":"product_cat-witaminy-w-oleju-konopnym","9":"product_cat-zestawy","10":"product_cat-suplementy-i-preparaty-na-dolegliwosci","11":"product_cat-suplementy-i-preparaty-na-uspokojenie","12":"product_cat-bestsellery","14":"first","15":"instock","16":"sale","17":"shipping-taxable","18":"purchasable","19":"product-type-simple"},"acf":[],"yoast_head":"<!-- This site is optimized with the Yoast SEO Premium plugin v23.4 (Yoast SEO v24.0) - https:\/\/yoast.com\/wordpress\/plugins\/seo\/ -->\n<title>Zestaw Ashwagandha 400mg + witamina D3 w BIO oleju konopnym - Hemp King<\/title>\n<meta name=\"description\" content=\"Zobacz \u261b Zestaw Ashwagandha 400mg + witamina D3 w BIO oleju konopnym w konopnym sklepie HempKing \u2705100% naturalne \u2705 Zadbaj z nami o swoj\u0105 diet\u0119!\" \/>\n<link rel=\"canonical\" href=\"https:\/\/dev.hempking.eu\/pl\/zestaw-ashwagandha-400mg-witamina-d3-w-bio-oleju-konopnym\/\" \/>\n<meta property=\"og:locale\" content=\"pl_PL\" \/>\n<meta property=\"og:type\" content=\"article\" \/>\n<meta property=\"og:title\" content=\"Zestaw Ashwagandha 400mg + witamina D3 w BIO oleju konopnym\" \/>\n<meta property=\"og:description\" content=\"Zobacz \u261b Zestaw Ashwagandha 400mg + witamina D3 w BIO oleju konopnym w konopnym sklepie HempKing \u2705100% naturalne \u2705 Zadbaj z nami o swoj\u0105 diet\u0119!\" \/>\n<meta property=\"og:url\" content=\"https:\/\/dev.hempking.eu\/pl\/zestaw-ashwagandha-400mg-witamina-d3-w-bio-oleju-konopnym\/\" \/>\n<meta property=\"og:site_name\" content=\"Hemp King\" \/>\n<meta property=\"article:publisher\" content=\"https:\/\/www.facebook.com\/hempkingpoland\" \/>\n<meta property=\"article:modified_time\" content=\"2023-02-02T12:36:04+00:00\" \/>\n<meta property=\"og:image\" content=\"https:\/\/dev.hempking.eu\/pl\/wp-content\/uploads\/sites\/2\/2022\/09\/biozdrowy_zestaw_7.jpg\" \/>\n\t<meta property=\"og:image:width\" content=\"1000\" \/>\n\t<meta property=\"og:image:height\" content=\"1000\" \/>\n\t<meta property=\"og:image:type\" content=\"image\/jpeg\" \/>\n<meta name=\"twitter:card\" content=\"summary_large_image\" \/>\n<meta name=\"twitter:site\" content=\"@hempkingeu\" \/>\n<meta name=\"twitter:label1\" content=\"Price\" \/>\n\t<meta name=\"twitter:data1\" content=\"53.10&nbsp;&#122;&#322;\" \/>\n\t<meta name=\"twitter:label2\" content=\"Availability\" \/>\n\t<meta name=\"twitter:data2\" content=\"In stock\" \/>\n<script type=\"application\/ld+json\" class=\"yoast-schema-graph\">{\"@context\":\"https:\/\/schema.org\",\"@graph\":[{\"@type\":\"WebPage\",\"@id\":\"https:\/\/dev.hempking.eu\/pl\/zestaw-ashwagandha-400mg-witamina-d3-w-bio-oleju-konopnym\/\",\"url\":\"https:\/\/dev.hempking.eu\/pl\/zestaw-ashwagandha-400mg-witamina-d3-w-bio-oleju-konopnym\/\",\"name\":\"Zestaw Ashwagandha 400mg + witamina D3 w BIO oleju konopnym - Hemp King\",\"isPartOf\":{\"@id\":\"https:\/\/dev.hempking.eu\/pl\/#website\"},\"primaryImageOfPage\":{\"@id\":\"https:\/\/dev.hempking.eu\/pl\/zestaw-ashwagandha-400mg-witamina-d3-w-bio-oleju-konopnym\/#primaryimage\"},\"image\":{\"@id\":\"https:\/\/dev.hempking.eu\/pl\/zestaw-ashwagandha-400mg-witamina-d3-w-bio-oleju-konopnym\/#primaryimage\"},\"thumbnailUrl\":\"https:\/\/dev.hempking.eu\/pl\/wp-content\/uploads\/sites\/2\/2022\/09\/biozdrowy_zestaw_7.jpg\",\"datePublished\":\"2022-09-08T13:21:57+00:00\",\"dateModified\":\"2023-02-02T12:36:04+00:00\",\"description\":\"Zobacz \u261b Zestaw Ashwagandha 400mg + witamina D3 w BIO oleju konopnym w konopnym sklepie HempKing \u2705100% naturalne \u2705 Zadbaj z nami o swoj\u0105 diet\u0119!\",\"breadcrumb\":{\"@id\":\"https:\/\/dev.hempking.eu\/pl\/zestaw-ashwagandha-400mg-witamina-d3-w-bio-oleju-konopnym\/#breadcrumb\"},\"inLanguage\":\"pl-PL\",\"potentialAction\":[{\"@type\":\"ReadAction\",\"target\":[\"https:\/\/dev.hempking.eu\/pl\/zestaw-ashwagandha-400mg-witamina-d3-w-bio-oleju-konopnym\/\"]}]},{\"@type\":\"ImageObject\",\"inLanguage\":\"pl-PL\",\"@id\":\"https:\/\/dev.hempking.eu\/pl\/zestaw-ashwagandha-400mg-witamina-d3-w-bio-oleju-konopnym\/#primaryimage\",\"url\":\"https:\/\/dev.hempking.eu\/pl\/wp-content\/uploads\/sites\/2\/2022\/09\/biozdrowy_zestaw_7.jpg\",\"contentUrl\":\"https:\/\/dev.hempking.eu\/pl\/wp-content\/uploads\/sites\/2\/2022\/09\/biozdrowy_zestaw_7.jpg\",\"width\":1000,\"height\":1000,\"caption\":\"zestaw witamina D3 ashwagandha\"},{\"@type\":\"BreadcrumbList\",\"@id\":\"https:\/\/dev.hempking.eu\/pl\/zestaw-ashwagandha-400mg-witamina-d3-w-bio-oleju-konopnym\/#breadcrumb\",\"itemListElement\":[{\"@type\":\"ListItem\",\"position\":1,\"name\":\"Home\",\"item\":\"https:\/\/dev.hempking.eu\/pl\/\"},{\"@type\":\"ListItem\",\"position\":2,\"name\":\"Sklep\",\"item\":\"https:\/\/dev.hempking.eu\/pl\/shop\/\"},{\"@type\":\"ListItem\",\"position\":3,\"name\":\"Zestawy\",\"item\":\"https:\/\/dev.hempking.eu\/pl\/zestawy\/\"},{\"@type\":\"ListItem\",\"position\":4,\"name\":\"Zestaw Ashwagandha 400mg + witamina D3 w BIO oleju konopnym\"}]},{\"@type\":\"WebSite\",\"@id\":\"https:\/\/dev.hempking.eu\/pl\/#website\",\"url\":\"https:\/\/dev.hempking.eu\/pl\/\",\"name\":\"Hemp King\",\"description\":\"\",\"publisher\":{\"@id\":\"https:\/\/dev.hempking.eu\/pl\/#organization\"},\"potentialAction\":[{\"@type\":\"SearchAction\",\"target\":{\"@type\":\"EntryPoint\",\"urlTemplate\":\"https:\/\/dev.hempking.eu\/pl\/?s={search_term_string}\"},\"query-input\":{\"@type\":\"PropertyValueSpecification\",\"valueRequired\":true,\"valueName\":\"search_term_string\"}}],\"inLanguage\":\"pl-PL\"},{\"@type\":\"Organization\",\"@id\":\"https:\/\/dev.hempking.eu\/pl\/#organization\",\"name\":\"Hemp King\",\"url\":\"https:\/\/dev.hempking.eu\/pl\/\",\"logo\":{\"@type\":\"ImageObject\",\"inLanguage\":\"pl-PL\",\"@id\":\"https:\/\/dev.hempking.eu\/pl\/#\/schema\/logo\/image\/\",\"url\":\"https:\/\/dev.hempking.eu\/pl\/wp-content\/uploads\/sites\/2\/2020\/05\/hempking.png\",\"contentUrl\":\"https:\/\/dev.hempking.eu\/pl\/wp-content\/uploads\/sites\/2\/2020\/05\/hempking.png\",\"width\":148,\"height\":91,\"caption\":\"Hemp King\"},\"image\":{\"@id\":\"https:\/\/dev.hempking.eu\/pl\/#\/schema\/logo\/image\/\"},\"sameAs\":[\"https:\/\/www.facebook.com\/hempkingpoland\",\"https:\/\/x.com\/hempkingeu\",\"https:\/\/www.instagram.com\/hempkingeu\/\",\"https:\/\/www.linkedin.com\/company\/hempking-eu\/mycompany\/\",\"https:\/\/pl.pinterest.com\/hempkingeu\/\",\"https:\/\/www.youtube.com\/channel\/UCUkeZA1fj4hSZfoYm0WpZ7w\"]}]}<\/script>\n<meta property=\"product:price:amount\" content=\"53.10\" \/>\n<meta property=\"product:price:currency\" content=\"PLN\" \/>\n<meta property=\"og:availability\" content=\"instock\" \/>\n<meta property=\"product:availability\" content=\"instock\" \/>\n<meta property=\"product:condition\" content=\"new\" \/>\n<!-- \/ Yoast SEO Premium plugin. -->","yoast_head_json":{"title":"Zestaw Ashwagandha 400mg + witamina D3 w BIO oleju konopnym - Hemp King","description":"Zobacz \u261b Zestaw Ashwagandha 400mg + witamina D3 w BIO oleju konopnym w konopnym sklepie HempKing \u2705100% naturalne \u2705 Zadbaj z nami o swoj\u0105 diet\u0119!","canonical":"https:\/\/dev.hempking.eu\/pl\/zestaw-ashwagandha-400mg-witamina-d3-w-bio-oleju-konopnym\/","og_locale":"pl_PL","og_type":"article","og_title":"Zestaw Ashwagandha 400mg + witamina D3 w BIO oleju konopnym","og_description":"Zobacz \u261b Zestaw Ashwagandha 400mg + witamina D3 w BIO oleju konopnym w konopnym sklepie HempKing \u2705100% naturalne \u2705 Zadbaj z nami o swoj\u0105 diet\u0119!","og_url":"https:\/\/dev.hempking.eu\/pl\/zestaw-ashwagandha-400mg-witamina-d3-w-bio-oleju-konopnym\/","og_site_name":"Hemp King","article_publisher":"https:\/\/www.facebook.com\/hempkingpoland","article_modified_time":"2023-02-02T12:36:04+00:00","og_image":[{"width":1000,"height":1000,"url":"https:\/\/dev.hempking.eu\/pl\/wp-content\/uploads\/sites\/2\/2022\/09\/biozdrowy_zestaw_7.jpg","type":"image\/jpeg"}],"twitter_card":"summary_large_image","twitter_site":"@hempkingeu","twitter_misc":{"Price":"53.10&nbsp;&#122;&#322;","Availability":"In stock"},"schema":{"@context":"https:\/\/schema.org","@graph":[{"@type":"WebPage","@id":"https:\/\/dev.hempking.eu\/pl\/zestaw-ashwagandha-400mg-witamina-d3-w-bio-oleju-konopnym\/","url":"https:\/\/dev.hempking.eu\/pl\/zestaw-ashwagandha-400mg-witamina-d3-w-bio-oleju-konopnym\/","name":"Zestaw Ashwagandha 400mg + witamina D3 w BIO oleju konopnym - Hemp King","isPartOf":{"@id":"https:\/\/dev.hempking.eu\/pl\/#website"},"primaryImageOfPage":{"@id":"https:\/\/dev.hempking.eu\/pl\/zestaw-ashwagandha-400mg-witamina-d3-w-bio-oleju-konopnym\/#primaryimage"},"image":{"@id":"https:\/\/dev.hempking.eu\/pl\/zestaw-ashwagandha-400mg-witamina-d3-w-bio-oleju-konopnym\/#primaryimage"},"thumbnailUrl":"https:\/\/dev.hempking.eu\/pl\/wp-content\/uploads\/sites\/2\/2022\/09\/biozdrowy_zestaw_7.jpg","datePublished":"2022-09-08T13:21:57+00:00","dateModified":"2023-02-02T12:36:04+00:00","description":"Zobacz \u261b Zestaw Ashwagandha 400mg + witamina D3 w BIO oleju konopnym w konopnym sklepie HempKing \u2705100% naturalne \u2705 Zadbaj z nami o swoj\u0105 diet\u0119!","breadcrumb":{"@id":"https:\/\/dev.hempking.eu\/pl\/zestaw-ashwagandha-400mg-witamina-d3-w-bio-oleju-konopnym\/#breadcrumb"},"inLanguage":"pl-PL","potentialAction":[{"@type":"ReadAction","target":["https:\/\/dev.hempking.eu\/pl\/zestaw-ashwagandha-400mg-witamina-d3-w-bio-oleju-konopnym\/"]}]},{"@type":"ImageObject","inLanguage":"pl-PL","@id":"https:\/\/dev.hempking.eu\/pl\/zestaw-ashwagandha-400mg-witamina-d3-w-bio-oleju-konopnym\/#primaryimage","url":"https:\/\/dev.hempking.eu\/pl\/wp-content\/uploads\/sites\/2\/2022\/09\/biozdrowy_zestaw_7.jpg","contentUrl":"https:\/\/dev.hempking.eu\/pl\/wp-content\/uploads\/sites\/2\/2022\/09\/biozdrowy_zestaw_7.jpg","width":1000,"height":1000,"caption":"zestaw witamina D3 ashwagandha"},{"@type":"BreadcrumbList","@id":"https:\/\/dev.hempking.eu\/pl\/zestaw-ashwagandha-400mg-witamina-d3-w-bio-oleju-konopnym\/#breadcrumb","itemListElement":[{"@type":"ListItem","position":1,"name":"Home","item":"https:\/\/dev.hempking.eu\/pl\/"},{"@type":"ListItem","position":2,"name":"Sklep","item":"https:\/\/dev.hempking.eu\/pl\/shop\/"},{"@type":"ListItem","position":3,"name":"Zestawy","item":"https:\/\/dev.hempking.eu\/pl\/zestawy\/"},{"@type":"ListItem","position":4,"name":"Zestaw Ashwagandha 400mg + witamina D3 w BIO oleju konopnym"}]},{"@type":"WebSite","@id":"https:\/\/dev.hempking.eu\/pl\/#website","url":"https:\/\/dev.hempking.eu\/pl\/","name":"Hemp King","description":"","publisher":{"@id":"https:\/\/dev.hempking.eu\/pl\/#organization"},"potentialAction":[{"@type":"SearchAction","target":{"@type":"EntryPoint","urlTemplate":"https:\/\/dev.hempking.eu\/pl\/?s={search_term_string}"},"query-input":{"@type":"PropertyValueSpecification","valueRequired":true,"valueName":"search_term_string"}}],"inLanguage":"pl-PL"},{"@type":"Organization","@id":"https:\/\/dev.hempking.eu\/pl\/#organization","name":"Hemp King","url":"https:\/\/dev.hempking.eu\/pl\/","logo":{"@type":"ImageObject","inLanguage":"pl-PL","@id":"https:\/\/dev.hempking.eu\/pl\/#\/schema\/logo\/image\/","url":"https:\/\/dev.hempking.eu\/pl\/wp-content\/uploads\/sites\/2\/2020\/05\/hempking.png","contentUrl":"https:\/\/dev.hempking.eu\/pl\/wp-content\/uploads\/sites\/2\/2020\/05\/hempking.png","width":148,"height":91,"caption":"Hemp King"},"image":{"@id":"https:\/\/dev.hempking.eu\/pl\/#\/schema\/logo\/image\/"},"sameAs":["https:\/\/www.facebook.com\/hempkingpoland","https:\/\/x.com\/hempkingeu","https:\/\/www.instagram.com\/hempkingeu\/","https:\/\/www.linkedin.com\/company\/hempking-eu\/mycompany\/","https:\/\/pl.pinterest.com\/hempkingeu\/","https:\/\/www.youtube.com\/channel\/UCUkeZA1fj4hSZfoYm0WpZ7w"]}]},"product_price_amount":"53.10","product_price_currency":"PLN","og_availability":"instock","product_availability":"instock","product_condition":"new"},"_links":{"self":[{"href":"https:\/\/dev.hempking.eu\/pl\/wp-json\/wp\/v2\/product\/106664","targetHints":{"allow":["GET"]}}],"collection":[{"href":"https:\/\/dev.hempking.eu\/pl\/wp-json\/wp\/v2\/product"}],"about":[{"href":"https:\/\/dev.hempking.eu\/pl\/wp-json\/wp\/v2\/types\/product"}],"wp:featuredmedia":[{"embeddable":true,"href":"https:\/\/dev.hempking.eu\/pl\/wp-json\/wp\/v2\/media\/106665"}],"wp:attachment":[{"href":"https:\/\/dev.hempking.eu\/pl\/wp-json\/wp\/v2\/media?parent=106664"}],"wp:term":[{"taxonomy":"product_cat","embeddable":true,"href":"https:\/\/dev.hempking.eu\/pl\/wp-json\/wp\/v2\/product_cat?post=106664"},{"taxonomy":"product_tag","embeddable":true,"href":"https:\/\/dev.hempking.eu\/pl\/wp-json\/wp\/v2\/product_tag?post=106664"}],"curies":[{"name":"wp","href":"https:\/\/api.w.org\/{rel}","templated":true}]}}