{"id":106735,"date":"2022-09-09T15:25:14","date_gmt":"2022-09-09T13:25:14","guid":{"rendered":"https:\/\/hempking.eu\/pl\/?post_type=product&#038;p=106735"},"modified":"2023-05-22T22:33:19","modified_gmt":"2023-05-22T20:33:19","slug":"zestaw-witamina-d3-forte-w-oleju-konopnym-olej-cbd-5-cbda-cbc-cbga-cbg-cbdv-cbn-natural-500-mg","status":"publish","type":"product","link":"https:\/\/dev.hempking.eu\/pl\/zestaw-witamina-d3-forte-w-oleju-konopnym-olej-cbd-5-cbda-cbc-cbga-cbg-cbdv-cbn-natural-500-mg\/","title":{"rendered":"Zestaw: Witamina D3 Forte w oleju konopnym + olej CBD 5% + CBDA, CBC, CBGA, CBG, CBDV, CBN Natural 500 mg"},"content":{"rendered":"<h2><strong>Witamina D3 Forte w oleju konopnym i olejek konopny 5% \u2013 duet konopnych suplement\u00f3w<\/strong><\/h2>\n<p>Dzi\u0119ki po\u0142\u0105czeniu tych dw\u00f3ch produkt\u00f3w zyskujesz wi\u0119ksz\u0105 kontrol\u0119 nad suplementacj\u0105 naturalnych fitosk\u0142adnik\u00f3w oraz witaminy D3. Nasze produkty nie zawieraj\u0105 sztucznych dodatk\u00f3w ani wzmacniaczy i s\u0105 pochodzenia naturalnego.<\/p>\n<h2><strong>Olejek konopny 5% to:<\/strong><\/h2>\n<ul>\n<li>500mg fitosk\u0142adnika z gwarancj\u0105 st\u0119\u017cenia<\/li>\n<li>pe\u0142ne spektrum naturalnie wyst\u0119puj\u0105cych\u00a0 fitosk\u0142adnik\u00f3w CBD, CBDA,\u00a0 CBC, CBGA, CBG, CBDV, CBN,<\/li>\n<li><a href=\"https:\/\/dev.hempking.eu\/wp-content\/certificates\/2021.07.27-Biodio-2178-21.pdf\">przebadany na zawarto\u015b\u0107 naturalnych fitosk\u0142adnik\u00f3w<\/a>,<\/li>\n<li>polski suplement diety z konopi<\/li>\n<li>1 kropla to 2,5mg fitosk\u0142adnika<\/li>\n<li>atestowany, certyfikowany i kontrolowany produkt<\/li>\n<li>10ml<\/li>\n<\/ul>\n<h2><strong>Witamina D3 Forte w BIO oleju konopnym\u00a0\u2013 HempKing<\/strong><\/h2>\n<p>Witamina D3 Forte pochodz\u0105ca z naturalnej lanoliny (cholekalcyferol) marki HempKing zosta\u0142a rozpuszczona w naturalnym oleju konopnym i dodatkowo wsparta witamin\u0105 E. Jedna porcja tego suplementu stanowi a\u017c 1000% dziennej RWS (Referencyjnej Warto\u015bci Spo\u017cycia).<\/p>\n<h3>W\u0142a\u015bciwo\u015bci witaminy D3 z lanoliny:<\/h3>\n<ul>\n<li>wspiera odporno\u015b\u0107,<\/li>\n<li>pomaga utrzyma\u0107 ko\u015bci i z\u0119by w dobrej kondycji,<\/li>\n<li>pomaga zmniejszy\u0107 ryzyko z\u0142ama\u0144 i uraz\u00f3w ko\u015bci,<\/li>\n<li>wspiera prawid\u0142owe funkcjonowanie mi\u0119\u015bni,<\/li>\n<li>pomaga utrzyma\u0107 prawid\u0142owy poziom wapnia we krwi,<\/li>\n<li>wspiera prawid\u0142owe podzia\u0142y kom\u00f3rkowe,<\/li>\n<li>wspomaga prawid\u0142owy przebieg reakcji zapalnej.<\/li>\n<\/ul>\n<h3>W\u0142a\u015bciwo\u015bci witaminy E (D-alfa tokoferol):<\/h3>\n<ul>\n<li>naturalny konserwant,<\/li>\n<li>przeciwutleniacz.<\/li>\n<\/ul>\n<h3>W\u0142a\u015bciwo\u015bci BIO oleju konopnego:<\/h3>\n<ul>\n<li>wspiera odporno\u015b\u0107,<\/li>\n<li>wspiera prawid\u0142owe dzia\u0142anie uk\u0142adu sercowo-naczyniowego,<\/li>\n<li>zawiera nienasycone kwasy t\u0142uszczowe (NNKT),<\/li>\n<li>wspomaga regulacj\u0119 cholesterolu,<\/li>\n<li>pomaga upi\u0119kszy\u0107 sk\u00f3r\u0119.<\/li>\n<\/ul>\n<h3>Dawkowanie:<\/h3>\n<p>Jedna porcja to jedna pe\u0142na pompka, kt\u00f3ra zawiera:<\/p>\n<ul>\n<li>50 \u00b5g\/ 2000 IU (1000% RWS) naturalnej witaminy D3 z lanoliny<\/li>\n<li>2,4 mg\/ 3,2 IU (20% RWS) witaminy E<\/li>\n<\/ul>\n<p><b>Zalecana porcja do spo\u017cycia w ci\u0105gu dnia niezb\u0119dna do uzyskania korzystnego dzia\u0142ania produktu:\u00a0<\/b><\/p>\n<p>1 pompka dziennie w trakcie posi\u0142ku. U os\u00f3b zdrowych powy\u017cej 75 roku \u017cycia mo\u017cna stosowa\u0107 2 pompki dziennie.<\/p>\n<p><a href=\"https:\/\/e8n6i4h7.rocketcdn.me\/pl\/wp-content\/uploads\/sites\/2\/2021\/12\/tabelka-witamina-D3-wartosci-odzywcze.jpg\"><img loading=\"lazy\" decoding=\"async\" class=\"alignnone size-full wp-image-93025 entered lazyloaded\" src=\"https:\/\/e8n6i4h7.rocketcdn.me\/pl\/wp-content\/uploads\/sites\/2\/2021\/12\/tabelka-witamina-D3-wartosci-odzywcze.jpg\" alt=\"warto\u015bci od\u017cywcze - witamina D3 forte w oleju konopnym\" width=\"815\" height=\"397\" data-lazy-srcset=\"https:\/\/e8n6i4h7.rocketcdn.me\/pl\/wp-content\/uploads\/sites\/2\/2021\/12\/tabelka-witamina-D3-wartosci-odzywcze.jpg 815w, https:\/\/e8n6i4h7.rocketcdn.me\/pl\/wp-content\/uploads\/sites\/2\/2021\/12\/tabelka-witamina-D3-wartosci-odzywcze-768x374.jpg 768w, https:\/\/e8n6i4h7.rocketcdn.me\/pl\/wp-content\/uploads\/sites\/2\/2021\/12\/tabelka-witamina-D3-wartosci-odzywcze-640x312.jpg 640w, https:\/\/e8n6i4h7.rocketcdn.me\/pl\/wp-content\/uploads\/sites\/2\/2021\/12\/tabelka-witamina-D3-wartosci-odzywcze-400x195.jpg 400w\" data-lazy-sizes=\"(max-width: 815px) 100vw, 815px\" data-lazy-src=\"https:\/\/e8n6i4h7.rocketcdn.me\/pl\/wp-content\/uploads\/sites\/2\/2021\/12\/tabelka-witamina-D3-wartosci-odzywcze.jpg\" data-ll-status=\"loaded\" srcset=\"https:\/\/dev.hempking.eu\/pl\/wp-content\/uploads\/sites\/2\/2021\/12\/tabelka-witamina-D3-wartosci-odzywcze.jpg 815w, https:\/\/dev.hempking.eu\/pl\/wp-content\/uploads\/sites\/2\/2021\/12\/tabelka-witamina-D3-wartosci-odzywcze-768x374.jpg 768w, https:\/\/dev.hempking.eu\/pl\/wp-content\/uploads\/sites\/2\/2021\/12\/tabelka-witamina-D3-wartosci-odzywcze-640x312.jpg 640w, https:\/\/dev.hempking.eu\/pl\/wp-content\/uploads\/sites\/2\/2021\/12\/tabelka-witamina-D3-wartosci-odzywcze-400x195.jpg 400w\" sizes=\"auto, (max-width: 815px) 100vw, 815px\" \/><\/a><\/p>\n<p>&nbsp;<\/p>\n<p><img decoding=\"async\" src=\"https:\/\/e8n6i4h7.rocketcdn.me\/pl\/wp-content\/uploads\/sites\/2\/2020\/07\/warunki4-1.jpg\" alt=\"o\u015bwiadczenia CBD w UE\" \/><\/p>\n<p><img decoding=\"async\" src=\"https:\/\/e8n6i4h7.rocketcdn.me\/pl\/wp-content\/uploads\/sites\/2\/2020\/07\/warunki_4.jpg\" alt=\"fito sk\u0142adniki novel food\" \/><\/p>\n<p><img decoding=\"async\" src=\"https:\/\/e8n6i4h7.rocketcdn.me\/pl\/wp-content\/uploads\/sites\/2\/2022\/01\/warunki2.jpg\" alt=\"warunki2\" \/><\/p>\n","protected":false},"excerpt":{"rendered":"<p><span style=\"text-decoration: underline;\"><strong><a href=\"http:\/\/Olej CBD 5% + CBDA, CBC, CBGA, CBG, CBDV, CBN Natural 500 mg - 10ml\">Olej CBD 5% + CBDA, CBC, CBGA, CBG, CBDV, CBN Natural 500 mg &#8211; 10ml<\/a> <\/strong><\/span>&#8211; pe\u0142na cena 109 z\u0142<\/p>\n<p><span style=\"text-decoration: underline;\"><strong><a href=\"https:\/\/dev.hempking.eu\/pl\/witamina-d3-forte-z-lanoliny-w-kroplach-w-oleju-konopnym-30-ml\/\" target=\"_blank\" rel=\"noopener\">Witamina D3 Forte w BIO oleju konopnym 30 ml<\/a>\u00a0<\/strong><\/span>\u2013 pe\u0142na cena 30.90 z\u0142<\/p>\n<div class=\"description woocommerce-product-details__short-description\">\n<p><b>Kupuj\u0105c w zestawie oszcz\u0119dzasz 25%!<\/b><\/p>\n<\/div>\n","protected":false},"featured_media":106740,"template":"","meta":{"_acf_changed":false},"product_cat":[408,20,38,96,116,33,144,148,36],"product_tag":[],"class_list":{"0":"post-106735","1":"product","2":"type-product","3":"status-publish","4":"has-post-thumbnail","6":"product_cat-witaminy","7":"product_cat-olej-cbd","8":"product_cat-olej-cbd-5","9":"product_cat-suplementy","10":"product_cat-witaminy-w-oleju-konopnym","11":"product_cat-zestawy","12":"product_cat-suplementy-i-preparaty-na-dolegliwosci","13":"product_cat-suplementy-i-preparaty-na-odpornosc","14":"product_cat-bestsellery","16":"first","17":"instock","18":"sale","19":"shipping-taxable","20":"purchasable","21":"product-type-simple"},"acf":[],"yoast_head":"<!-- This site is optimized with the Yoast SEO Premium plugin v23.4 (Yoast SEO v24.0) - https:\/\/yoast.com\/wordpress\/plugins\/seo\/ -->\n<title>Zestaw: Witamina D3 Forte w oleju konopnym + olej CBD 5% + CBDA, CBC, CBGA, CBG, CBDV, CBN Natural 500 mg - Hemp King<\/title>\n<meta name=\"description\" content=\"Zobacz \u261b Zestaw: Witamina D3 Forte w oleju konopnym + olej CBD 5% + CBDA, CBC, CBGA, CBG, CBDV, CBN Natural 500 mg w konopnym sklepie HempKing \u2705100% naturalne \u2705 Zadbaj z nami o swoj\u0105 diet\u0119!\" \/>\n<link rel=\"canonical\" href=\"https:\/\/dev.hempking.eu\/pl\/zestaw-witamina-d3-forte-w-oleju-konopnym-olej-cbd-5-cbda-cbc-cbga-cbg-cbdv-cbn-natural-500-mg\/\" \/>\n<meta property=\"og:locale\" content=\"pl_PL\" \/>\n<meta property=\"og:type\" content=\"article\" \/>\n<meta property=\"og:title\" content=\"Zestaw: Witamina D3 Forte w oleju konopnym + olej CBD 5% + CBDA, CBC, CBGA, CBG, CBDV, CBN Natural 500 mg\" \/>\n<meta property=\"og:description\" content=\"Zobacz \u261b Zestaw: Witamina D3 Forte w oleju konopnym + olej CBD 5% + CBDA, CBC, CBGA, CBG, CBDV, CBN Natural 500 mg w konopnym sklepie HempKing \u2705100% naturalne \u2705 Zadbaj z nami o swoj\u0105 diet\u0119!\" \/>\n<meta property=\"og:url\" content=\"https:\/\/dev.hempking.eu\/pl\/zestaw-witamina-d3-forte-w-oleju-konopnym-olej-cbd-5-cbda-cbc-cbga-cbg-cbdv-cbn-natural-500-mg\/\" \/>\n<meta property=\"og:site_name\" content=\"Hemp King\" \/>\n<meta property=\"article:publisher\" content=\"https:\/\/www.facebook.com\/hempkingpoland\" \/>\n<meta property=\"article:modified_time\" content=\"2023-05-22T20:33:19+00:00\" \/>\n<meta property=\"og:image\" content=\"https:\/\/dev.hempking.eu\/pl\/wp-content\/uploads\/sites\/2\/2022\/09\/biozdrowy_zestaw_9.jpg\" \/>\n\t<meta property=\"og:image:width\" content=\"1000\" \/>\n\t<meta property=\"og:image:height\" content=\"1000\" \/>\n\t<meta property=\"og:image:type\" content=\"image\/jpeg\" \/>\n<meta name=\"twitter:card\" content=\"summary_large_image\" \/>\n<meta name=\"twitter:site\" content=\"@hempkingeu\" \/>\n<meta name=\"twitter:label1\" content=\"Price\" \/>\n\t<meta name=\"twitter:data1\" content=\"104.93&nbsp;&#122;&#322;\" \/>\n\t<meta name=\"twitter:label2\" content=\"Availability\" \/>\n\t<meta name=\"twitter:data2\" content=\"In stock\" \/>\n<script type=\"application\/ld+json\" class=\"yoast-schema-graph\">{\"@context\":\"https:\/\/schema.org\",\"@graph\":[{\"@type\":\"WebPage\",\"@id\":\"https:\/\/dev.hempking.eu\/pl\/zestaw-witamina-d3-forte-w-oleju-konopnym-olej-cbd-5-cbda-cbc-cbga-cbg-cbdv-cbn-natural-500-mg\/\",\"url\":\"https:\/\/dev.hempking.eu\/pl\/zestaw-witamina-d3-forte-w-oleju-konopnym-olej-cbd-5-cbda-cbc-cbga-cbg-cbdv-cbn-natural-500-mg\/\",\"name\":\"Zestaw: Witamina D3 Forte w oleju konopnym + olej CBD 5% + CBDA, CBC, CBGA, CBG, CBDV, CBN Natural 500 mg - Hemp King\",\"isPartOf\":{\"@id\":\"https:\/\/dev.hempking.eu\/pl\/#website\"},\"primaryImageOfPage\":{\"@id\":\"https:\/\/dev.hempking.eu\/pl\/zestaw-witamina-d3-forte-w-oleju-konopnym-olej-cbd-5-cbda-cbc-cbga-cbg-cbdv-cbn-natural-500-mg\/#primaryimage\"},\"image\":{\"@id\":\"https:\/\/dev.hempking.eu\/pl\/zestaw-witamina-d3-forte-w-oleju-konopnym-olej-cbd-5-cbda-cbc-cbga-cbg-cbdv-cbn-natural-500-mg\/#primaryimage\"},\"thumbnailUrl\":\"https:\/\/dev.hempking.eu\/pl\/wp-content\/uploads\/sites\/2\/2022\/09\/biozdrowy_zestaw_9.jpg\",\"datePublished\":\"2022-09-09T13:25:14+00:00\",\"dateModified\":\"2023-05-22T20:33:19+00:00\",\"description\":\"Zobacz \u261b Zestaw: Witamina D3 Forte w oleju konopnym + olej CBD 5% + CBDA, CBC, CBGA, CBG, CBDV, CBN Natural 500 mg w konopnym sklepie HempKing \u2705100% naturalne \u2705 Zadbaj z nami o swoj\u0105 diet\u0119!\",\"breadcrumb\":{\"@id\":\"https:\/\/dev.hempking.eu\/pl\/zestaw-witamina-d3-forte-w-oleju-konopnym-olej-cbd-5-cbda-cbc-cbga-cbg-cbdv-cbn-natural-500-mg\/#breadcrumb\"},\"inLanguage\":\"pl-PL\",\"potentialAction\":[{\"@type\":\"ReadAction\",\"target\":[\"https:\/\/dev.hempking.eu\/pl\/zestaw-witamina-d3-forte-w-oleju-konopnym-olej-cbd-5-cbda-cbc-cbga-cbg-cbdv-cbn-natural-500-mg\/\"]}]},{\"@type\":\"ImageObject\",\"inLanguage\":\"pl-PL\",\"@id\":\"https:\/\/dev.hempking.eu\/pl\/zestaw-witamina-d3-forte-w-oleju-konopnym-olej-cbd-5-cbda-cbc-cbga-cbg-cbdv-cbn-natural-500-mg\/#primaryimage\",\"url\":\"https:\/\/dev.hempking.eu\/pl\/wp-content\/uploads\/sites\/2\/2022\/09\/biozdrowy_zestaw_9.jpg\",\"contentUrl\":\"https:\/\/dev.hempking.eu\/pl\/wp-content\/uploads\/sites\/2\/2022\/09\/biozdrowy_zestaw_9.jpg\",\"width\":1000,\"height\":1000,\"caption\":\"zestaw cbd 5% + witamina d3\"},{\"@type\":\"BreadcrumbList\",\"@id\":\"https:\/\/dev.hempking.eu\/pl\/zestaw-witamina-d3-forte-w-oleju-konopnym-olej-cbd-5-cbda-cbc-cbga-cbg-cbdv-cbn-natural-500-mg\/#breadcrumb\",\"itemListElement\":[{\"@type\":\"ListItem\",\"position\":1,\"name\":\"Home\",\"item\":\"https:\/\/dev.hempking.eu\/pl\/\"},{\"@type\":\"ListItem\",\"position\":2,\"name\":\"Sklep\",\"item\":\"https:\/\/dev.hempking.eu\/pl\/shop\/\"},{\"@type\":\"ListItem\",\"position\":3,\"name\":\"Olej CBD\",\"item\":\"https:\/\/dev.hempking.eu\/pl\/olej-cbd\/\"},{\"@type\":\"ListItem\",\"position\":4,\"name\":\"Olej CBD 5%\",\"item\":\"https:\/\/dev.hempking.eu\/pl\/olej-cbd-5\/\"},{\"@type\":\"ListItem\",\"position\":5,\"name\":\"Zestaw: Witamina D3 Forte w oleju konopnym + olej CBD 5% + CBDA, CBC, CBGA, CBG, CBDV, CBN Natural 500 mg\"}]},{\"@type\":\"WebSite\",\"@id\":\"https:\/\/dev.hempking.eu\/pl\/#website\",\"url\":\"https:\/\/dev.hempking.eu\/pl\/\",\"name\":\"Hemp King\",\"description\":\"\",\"publisher\":{\"@id\":\"https:\/\/dev.hempking.eu\/pl\/#organization\"},\"potentialAction\":[{\"@type\":\"SearchAction\",\"target\":{\"@type\":\"EntryPoint\",\"urlTemplate\":\"https:\/\/dev.hempking.eu\/pl\/?s={search_term_string}\"},\"query-input\":{\"@type\":\"PropertyValueSpecification\",\"valueRequired\":true,\"valueName\":\"search_term_string\"}}],\"inLanguage\":\"pl-PL\"},{\"@type\":\"Organization\",\"@id\":\"https:\/\/dev.hempking.eu\/pl\/#organization\",\"name\":\"Hemp King\",\"url\":\"https:\/\/dev.hempking.eu\/pl\/\",\"logo\":{\"@type\":\"ImageObject\",\"inLanguage\":\"pl-PL\",\"@id\":\"https:\/\/dev.hempking.eu\/pl\/#\/schema\/logo\/image\/\",\"url\":\"https:\/\/dev.hempking.eu\/pl\/wp-content\/uploads\/sites\/2\/2020\/05\/hempking.png\",\"contentUrl\":\"https:\/\/dev.hempking.eu\/pl\/wp-content\/uploads\/sites\/2\/2020\/05\/hempking.png\",\"width\":148,\"height\":91,\"caption\":\"Hemp King\"},\"image\":{\"@id\":\"https:\/\/dev.hempking.eu\/pl\/#\/schema\/logo\/image\/\"},\"sameAs\":[\"https:\/\/www.facebook.com\/hempkingpoland\",\"https:\/\/x.com\/hempkingeu\",\"https:\/\/www.instagram.com\/hempkingeu\/\",\"https:\/\/www.linkedin.com\/company\/hempking-eu\/mycompany\/\",\"https:\/\/pl.pinterest.com\/hempkingeu\/\",\"https:\/\/www.youtube.com\/channel\/UCUkeZA1fj4hSZfoYm0WpZ7w\"]}]}<\/script>\n<meta property=\"product:price:amount\" content=\"104.93\" \/>\n<meta property=\"product:price:currency\" content=\"PLN\" \/>\n<meta property=\"og:availability\" content=\"instock\" \/>\n<meta property=\"product:availability\" content=\"instock\" \/>\n<meta property=\"product:condition\" content=\"new\" \/>\n<!-- \/ Yoast SEO Premium plugin. -->","yoast_head_json":{"title":"Zestaw: Witamina D3 Forte w oleju konopnym + olej CBD 5% + CBDA, CBC, CBGA, CBG, CBDV, CBN Natural 500 mg - Hemp King","description":"Zobacz \u261b Zestaw: Witamina D3 Forte w oleju konopnym + olej CBD 5% + CBDA, CBC, CBGA, CBG, CBDV, CBN Natural 500 mg w konopnym sklepie HempKing \u2705100% naturalne \u2705 Zadbaj z nami o swoj\u0105 diet\u0119!","canonical":"https:\/\/dev.hempking.eu\/pl\/zestaw-witamina-d3-forte-w-oleju-konopnym-olej-cbd-5-cbda-cbc-cbga-cbg-cbdv-cbn-natural-500-mg\/","og_locale":"pl_PL","og_type":"article","og_title":"Zestaw: Witamina D3 Forte w oleju konopnym + olej CBD 5% + CBDA, CBC, CBGA, CBG, CBDV, CBN Natural 500 mg","og_description":"Zobacz \u261b Zestaw: Witamina D3 Forte w oleju konopnym + olej CBD 5% + CBDA, CBC, CBGA, CBG, CBDV, CBN Natural 500 mg w konopnym sklepie HempKing \u2705100% naturalne \u2705 Zadbaj z nami o swoj\u0105 diet\u0119!","og_url":"https:\/\/dev.hempking.eu\/pl\/zestaw-witamina-d3-forte-w-oleju-konopnym-olej-cbd-5-cbda-cbc-cbga-cbg-cbdv-cbn-natural-500-mg\/","og_site_name":"Hemp King","article_publisher":"https:\/\/www.facebook.com\/hempkingpoland","article_modified_time":"2023-05-22T20:33:19+00:00","og_image":[{"width":1000,"height":1000,"url":"https:\/\/dev.hempking.eu\/pl\/wp-content\/uploads\/sites\/2\/2022\/09\/biozdrowy_zestaw_9.jpg","type":"image\/jpeg"}],"twitter_card":"summary_large_image","twitter_site":"@hempkingeu","twitter_misc":{"Price":"104.93&nbsp;&#122;&#322;","Availability":"In stock"},"schema":{"@context":"https:\/\/schema.org","@graph":[{"@type":"WebPage","@id":"https:\/\/dev.hempking.eu\/pl\/zestaw-witamina-d3-forte-w-oleju-konopnym-olej-cbd-5-cbda-cbc-cbga-cbg-cbdv-cbn-natural-500-mg\/","url":"https:\/\/dev.hempking.eu\/pl\/zestaw-witamina-d3-forte-w-oleju-konopnym-olej-cbd-5-cbda-cbc-cbga-cbg-cbdv-cbn-natural-500-mg\/","name":"Zestaw: Witamina D3 Forte w oleju konopnym + olej CBD 5% + CBDA, CBC, CBGA, CBG, CBDV, CBN Natural 500 mg - Hemp King","isPartOf":{"@id":"https:\/\/dev.hempking.eu\/pl\/#website"},"primaryImageOfPage":{"@id":"https:\/\/dev.hempking.eu\/pl\/zestaw-witamina-d3-forte-w-oleju-konopnym-olej-cbd-5-cbda-cbc-cbga-cbg-cbdv-cbn-natural-500-mg\/#primaryimage"},"image":{"@id":"https:\/\/dev.hempking.eu\/pl\/zestaw-witamina-d3-forte-w-oleju-konopnym-olej-cbd-5-cbda-cbc-cbga-cbg-cbdv-cbn-natural-500-mg\/#primaryimage"},"thumbnailUrl":"https:\/\/dev.hempking.eu\/pl\/wp-content\/uploads\/sites\/2\/2022\/09\/biozdrowy_zestaw_9.jpg","datePublished":"2022-09-09T13:25:14+00:00","dateModified":"2023-05-22T20:33:19+00:00","description":"Zobacz \u261b Zestaw: Witamina D3 Forte w oleju konopnym + olej CBD 5% + CBDA, CBC, CBGA, CBG, CBDV, CBN Natural 500 mg w konopnym sklepie HempKing \u2705100% naturalne \u2705 Zadbaj z nami o swoj\u0105 diet\u0119!","breadcrumb":{"@id":"https:\/\/dev.hempking.eu\/pl\/zestaw-witamina-d3-forte-w-oleju-konopnym-olej-cbd-5-cbda-cbc-cbga-cbg-cbdv-cbn-natural-500-mg\/#breadcrumb"},"inLanguage":"pl-PL","potentialAction":[{"@type":"ReadAction","target":["https:\/\/dev.hempking.eu\/pl\/zestaw-witamina-d3-forte-w-oleju-konopnym-olej-cbd-5-cbda-cbc-cbga-cbg-cbdv-cbn-natural-500-mg\/"]}]},{"@type":"ImageObject","inLanguage":"pl-PL","@id":"https:\/\/dev.hempking.eu\/pl\/zestaw-witamina-d3-forte-w-oleju-konopnym-olej-cbd-5-cbda-cbc-cbga-cbg-cbdv-cbn-natural-500-mg\/#primaryimage","url":"https:\/\/dev.hempking.eu\/pl\/wp-content\/uploads\/sites\/2\/2022\/09\/biozdrowy_zestaw_9.jpg","contentUrl":"https:\/\/dev.hempking.eu\/pl\/wp-content\/uploads\/sites\/2\/2022\/09\/biozdrowy_zestaw_9.jpg","width":1000,"height":1000,"caption":"zestaw cbd 5% + witamina d3"},{"@type":"BreadcrumbList","@id":"https:\/\/dev.hempking.eu\/pl\/zestaw-witamina-d3-forte-w-oleju-konopnym-olej-cbd-5-cbda-cbc-cbga-cbg-cbdv-cbn-natural-500-mg\/#breadcrumb","itemListElement":[{"@type":"ListItem","position":1,"name":"Home","item":"https:\/\/dev.hempking.eu\/pl\/"},{"@type":"ListItem","position":2,"name":"Sklep","item":"https:\/\/dev.hempking.eu\/pl\/shop\/"},{"@type":"ListItem","position":3,"name":"Olej CBD","item":"https:\/\/dev.hempking.eu\/pl\/olej-cbd\/"},{"@type":"ListItem","position":4,"name":"Olej CBD 5%","item":"https:\/\/dev.hempking.eu\/pl\/olej-cbd-5\/"},{"@type":"ListItem","position":5,"name":"Zestaw: Witamina D3 Forte w oleju konopnym + olej CBD 5% + CBDA, CBC, CBGA, CBG, CBDV, CBN Natural 500 mg"}]},{"@type":"WebSite","@id":"https:\/\/dev.hempking.eu\/pl\/#website","url":"https:\/\/dev.hempking.eu\/pl\/","name":"Hemp King","description":"","publisher":{"@id":"https:\/\/dev.hempking.eu\/pl\/#organization"},"potentialAction":[{"@type":"SearchAction","target":{"@type":"EntryPoint","urlTemplate":"https:\/\/dev.hempking.eu\/pl\/?s={search_term_string}"},"query-input":{"@type":"PropertyValueSpecification","valueRequired":true,"valueName":"search_term_string"}}],"inLanguage":"pl-PL"},{"@type":"Organization","@id":"https:\/\/dev.hempking.eu\/pl\/#organization","name":"Hemp King","url":"https:\/\/dev.hempking.eu\/pl\/","logo":{"@type":"ImageObject","inLanguage":"pl-PL","@id":"https:\/\/dev.hempking.eu\/pl\/#\/schema\/logo\/image\/","url":"https:\/\/dev.hempking.eu\/pl\/wp-content\/uploads\/sites\/2\/2020\/05\/hempking.png","contentUrl":"https:\/\/dev.hempking.eu\/pl\/wp-content\/uploads\/sites\/2\/2020\/05\/hempking.png","width":148,"height":91,"caption":"Hemp King"},"image":{"@id":"https:\/\/dev.hempking.eu\/pl\/#\/schema\/logo\/image\/"},"sameAs":["https:\/\/www.facebook.com\/hempkingpoland","https:\/\/x.com\/hempkingeu","https:\/\/www.instagram.com\/hempkingeu\/","https:\/\/www.linkedin.com\/company\/hempking-eu\/mycompany\/","https:\/\/pl.pinterest.com\/hempkingeu\/","https:\/\/www.youtube.com\/channel\/UCUkeZA1fj4hSZfoYm0WpZ7w"]}]},"product_price_amount":"104.93","product_price_currency":"PLN","og_availability":"instock","product_availability":"instock","product_condition":"new"},"_links":{"self":[{"href":"https:\/\/dev.hempking.eu\/pl\/wp-json\/wp\/v2\/product\/106735","targetHints":{"allow":["GET"]}}],"collection":[{"href":"https:\/\/dev.hempking.eu\/pl\/wp-json\/wp\/v2\/product"}],"about":[{"href":"https:\/\/dev.hempking.eu\/pl\/wp-json\/wp\/v2\/types\/product"}],"wp:featuredmedia":[{"embeddable":true,"href":"https:\/\/dev.hempking.eu\/pl\/wp-json\/wp\/v2\/media\/106740"}],"wp:attachment":[{"href":"https:\/\/dev.hempking.eu\/pl\/wp-json\/wp\/v2\/media?parent=106735"}],"wp:term":[{"taxonomy":"product_cat","embeddable":true,"href":"https:\/\/dev.hempking.eu\/pl\/wp-json\/wp\/v2\/product_cat?post=106735"},{"taxonomy":"product_tag","embeddable":true,"href":"https:\/\/dev.hempking.eu\/pl\/wp-json\/wp\/v2\/product_tag?post=106735"}],"curies":[{"name":"wp","href":"https:\/\/api.w.org\/{rel}","templated":true}]}}