{"id":106741,"date":"2022-09-09T15:33:43","date_gmt":"2022-09-09T13:33:43","guid":{"rendered":"https:\/\/hempking.eu\/pl\/?post_type=product&#038;p=106741"},"modified":"2023-04-18T10:26:44","modified_gmt":"2023-04-18T08:26:44","slug":"zestaw-witaminy-adek-w-oleju-konopnym-olej-cbd-5-cbda-cbc-cbga-cbg-cbdv-cbn-natural-500-mg","status":"publish","type":"product","link":"https:\/\/dev.hempking.eu\/pl\/zestaw-witaminy-adek-w-oleju-konopnym-olej-cbd-5-cbda-cbc-cbga-cbg-cbdv-cbn-natural-500-mg\/","title":{"rendered":"Zestaw: Witaminy ADEK w oleju konopnym + olej CBD 5% + CBDA, CBC, CBGA, CBG, CBDV, CBN Natural 500 mg"},"content":{"rendered":"<h2><strong>Witamina D3 Forte w oleju konopnym i olejek konopny 5% \u2013 duet konopnych suplement\u00f3w<\/strong><\/h2>\n<p>Dzi\u0119ki po\u0142\u0105czeniu tych dw\u00f3ch produkt\u00f3w zyskujesz wi\u0119ksz\u0105 kontrol\u0119 nad suplementacj\u0105 naturalnych fitosk\u0142adnik\u00f3w oraz witamin ADEK. Nasze produkty nie zawieraj\u0105 sztucznych dodatk\u00f3w ani wzmacniaczy i s\u0105 pochodzenia naturalnego.<\/p>\n<h2><strong>Olejek konopny 5% to:<\/strong><\/h2>\n<ul>\n<li>500mg fitosk\u0142adnika z gwarancj\u0105 st\u0119\u017cenia<\/li>\n<li>pe\u0142ne spektrum naturalnie wyst\u0119puj\u0105cych\u00a0 fitosk\u0142adnik\u00f3w CBD, CBDA,\u00a0 CBC, CBGA, CBG, CBDV, CBN,<\/li>\n<li><a href=\"https:\/\/dev.hempking.eu\/wp-content\/certificates\/2021.07.27-Biodio-2178-21.pdf\">przebadany na zawarto\u015b\u0107 naturalnych fitosk\u0142adnik\u00f3w<\/a>,<\/li>\n<li>polski suplement diety z konopi<\/li>\n<li>1 kropla to 2,5mg fitosk\u0142adnika<\/li>\n<li>atestowany, certyfikowany i kontrolowany produkt<\/li>\n<li>10ml<\/li>\n<\/ul>\n<h2><span style=\"font-weight: 400;\">Witaminy ADEK w BIO oleju konopnym &#8211; HempKing<\/span><\/h2>\n<p><span style=\"font-weight: 400;\">Rozpu\u015bcili\u015bmy witaminy A, D3, E oraz K2 w oleju konopnym pochodz\u0105cym z organicznych upraw. Dzi\u0119ki temu nasz suplement zawiera naturalne sk\u0142adniki w opatentowanych formu\u0142ach.<\/span><\/p>\n<h2><span style=\"font-weight: 400;\">Witamina D3 z lanoliny<\/span><\/h2>\n<p><span style=\"font-weight: 400;\">Witamina D3 Forte pochodz\u0105ca z naturalnej lanoliny (cholekalcyferol) marki HempKing zosta\u0142a rozpuszczona w naturalnym oleju konopnym. Witamina D3 z lanoliny jest wysoko przyswajalna.<\/span><\/p>\n<h3><span style=\"font-weight: 400;\">W\u0142a\u015bciwo\u015bci witaminy D3 z lanoliny:<\/span><\/h3>\n<ul>\n<li style=\"font-weight: 400;\"><span style=\"font-weight: 400;\">wspiera odporno\u015b\u0107,<\/span><\/li>\n<li style=\"font-weight: 400;\"><span style=\"font-weight: 400;\">pomaga utrzyma\u0107 ko\u015bci i z\u0119by w dobrej kondycji,<\/span><\/li>\n<li style=\"font-weight: 400;\"><span style=\"font-weight: 400;\">pomaga zmniejszy\u0107 ryzyko z\u0142ama\u0144 i uraz\u00f3w ko\u015bci,<\/span><\/li>\n<li style=\"font-weight: 400;\"><span style=\"font-weight: 400;\">wspiera prawid\u0142owe funkcjonowanie mi\u0119\u015bni,<\/span><\/li>\n<li style=\"font-weight: 400;\"><span style=\"font-weight: 400;\">pomaga utrzyma\u0107 prawid\u0142owy poziom wapnia we krwi,<\/span><\/li>\n<li style=\"font-weight: 400;\"><span style=\"font-weight: 400;\">wspiera prawid\u0142owe podzia\u0142y kom\u00f3rkowe,<\/span><\/li>\n<li style=\"font-weight: 400;\"><span style=\"font-weight: 400;\">wspomaga prawid\u0142owy przebieg reakcji zapalnej.<\/span><\/li>\n<\/ul>\n<h3><span style=\"font-weight: 400;\">W\u0142a\u015bciwo\u015bci witaminy E (D-alfa tokoferol):<\/span><\/h3>\n<ul>\n<li style=\"font-weight: 400;\"><span style=\"font-weight: 400;\">naturalny konserwant,<\/span><\/li>\n<li style=\"font-weight: 400;\"><span style=\"font-weight: 400;\">przeciwutleniacz.<\/span><\/li>\n<\/ul>\n<h3><span style=\"font-weight: 400;\">W\u0142a\u015bciwo\u015bci prowitaminy A (Beta-karoten CaroCare\u00ae)<\/span><\/h3>\n<p><span style=\"font-weight: 400;\">Beta-karoten (inaczej prowitamina A) jest niezb\u0119dnym elementem potrzebnym naszemu organizmowi do produkcji witaminy A. Beta-karoten w naszym produkcie pochodzi z opatentowanej biofermentacji CaroCare\u00ae. Prowitamina A ma wiele korzystnych dla nas w\u0142a\u015bciwo\u015bci, a niekt\u00f3rymi z nich s\u0105:<\/span><\/p>\n<ul>\n<li style=\"font-weight: 400;\"><span style=\"font-weight: 400;\">wsparcie wzroku,<\/span><\/li>\n<li style=\"font-weight: 400;\"><span style=\"font-weight: 400;\">poprawa metabolizmu \u017celaza,<\/span><\/li>\n<li style=\"font-weight: 400;\"><span style=\"font-weight: 400;\">wspieranie zdrowego wygl\u0105du sk\u00f3ry,<\/span><\/li>\n<li style=\"font-weight: 400;\"><span style=\"font-weight: 400;\">wsparcie b\u0142on \u015bluzowych,<\/span><\/li>\n<li style=\"font-weight: 400;\"><span style=\"font-weight: 400;\">pozytywnie wp\u0142ywa na r\u00f3\u017cnicowanie kom\u00f3rek,<\/span><\/li>\n<li style=\"font-weight: 400;\"><span style=\"font-weight: 400;\">wspiera uk\u0142ad odporno\u015bciowy.<\/span><\/li>\n<\/ul>\n<h3><span style=\"font-weight: 400;\">W\u0142a\u015bciwo\u015bci witaminy K2Mk7 z Natto<\/span><\/h3>\n<p><span style=\"font-weight: 400;\">Witamina K2 w opatentowanej formule VitaMK7\u00ae jest witamin\u0105 K pochodzenia naturalnego i pozyskuje si\u0119 j\u0105 z fermentowanej soi z tradycyjnej japo\u0144skiej potrawy zwanej Natto. Witamina ta produkowana jest przez szczep bakterii <\/span><i><span style=\"font-weight: 400;\">Bacillus Subtillis.<\/span><\/i><\/p>\n<p><span style=\"font-weight: 400;\">Witamina K wspomaga proces krzepni\u0119cia krwi oraz dba o prawid\u0142owy stan naszych ko\u015bci.<\/span><\/p>\n<h3><span style=\"font-weight: 400;\">W\u0142a\u015bciwo\u015bci BIO oleju konopnego:<\/span><\/h3>\n<ul>\n<li style=\"font-weight: 400;\"><span style=\"font-weight: 400;\">wspiera odporno\u015b\u0107,<\/span><\/li>\n<li style=\"font-weight: 400;\"><span style=\"font-weight: 400;\">wspiera prawid\u0142owe dzia\u0142anie uk\u0142adu sercowo-naczyniowego,<\/span><\/li>\n<li style=\"font-weight: 400;\"><span style=\"font-weight: 400;\">zawiera nienasycone kwasy t\u0142uszczowe (NNKT),<\/span><\/li>\n<li style=\"font-weight: 400;\"><span style=\"font-weight: 400;\">wspomaga regulacj\u0119 cholesterolu,<\/span><\/li>\n<li style=\"font-weight: 400;\"><span style=\"font-weight: 400;\">pomaga upi\u0119kszy\u0107 sk\u00f3r\u0119.<\/span><\/li>\n<\/ul>\n<p><span style=\"font-weight: 400;\">\u00a0Olej konopny u\u017cyty do rozcie\u0144czenia tych witamin posiada certyfikat EU Organic, kt\u00f3ry po\u015bwiadcza jego czysto\u015b\u0107 oraz brak u\u017cywania herbicyd\u00f3w i pestycyd\u00f3w w uprawach konopi, z kt\u00f3rych olej ten pochodzi.<\/span><\/p>\n<h2><span style=\"font-weight: 400;\">Stosowanie oleju konopnego z witaminami ADEK<\/span><\/h2>\n<p><span style=\"font-weight: 400;\">Suplement nale\u017cy spo\u017cywa\u0107 raz dziennie w ilo\u015bci od jednej do pi\u0119ciu porcji wraz z posi\u0142kiem. Jedna porcja to jedna pompka produktu. <\/span><b>Wstrz\u0105\u015bnij przed u\u017cyciem!<\/b><\/p>\n<p><img decoding=\"async\" src=\"https:\/\/e8n6i4h7.rocketcdn.me\/pl\/wp-content\/uploads\/sites\/2\/2021\/12\/tabelka-witamina-D3-wartosci-odzywcze.jpg\" alt=\"warto\u015bci od\u017cywcze - witamina D3 forte w oleju konopnym\" \/><\/p>\n<h2><span style=\"font-weight: 400;\">Uwagi<\/span><\/h2>\n<p><span style=\"font-weight: 400;\">Produkt nie powinien by\u0107 spo\u017cywany przez osoby przyjmuj\u0105ce \u015brodki przeciwzakrzepowe zawieraj\u0105ce antagonist\u00f3w witaminy K (np. warfaryna i acenokumarol).<\/span><\/p>\n<p><span style=\"font-weight: 400;\">Przed zastosowaniem wskazane jest wykonanie badania 25-(OH)D we krwi oraz konsultacja wyniku badania z lekarzem lub farmaceut\u0105.<\/span><\/p>\n<div id=\"tab-description\" class=\"tab-content resp-tab-content resp-tab-content-active\" aria-labelledby=\"tab_item-0\">\n<p><img loading=\"lazy\" decoding=\"async\" class=\"entered lazyloaded\" src=\"https:\/\/e8n6i4h7.rocketcdn.me\/pl\/wp-content\/uploads\/sites\/2\/2020\/07\/warunki4-1.jpg\" alt=\"o\u015bwiadczenia CBD w UE\" width=\"755\" height=\"353\" data-lazy-src=\"https:\/\/e8n6i4h7.rocketcdn.me\/pl\/wp-content\/uploads\/sites\/2\/2020\/07\/warunki4-1.jpg\" data-ll-status=\"loaded\" \/><\/p>\n<p><img loading=\"lazy\" decoding=\"async\" class=\"entered lazyloaded\" src=\"https:\/\/e8n6i4h7.rocketcdn.me\/pl\/wp-content\/uploads\/sites\/2\/2020\/07\/warunki_4.jpg\" alt=\"fito sk\u0142adniki novel food\" width=\"755\" height=\"237\" data-lazy-src=\"https:\/\/e8n6i4h7.rocketcdn.me\/pl\/wp-content\/uploads\/sites\/2\/2020\/07\/warunki_4.jpg\" data-ll-status=\"loaded\" \/><\/p>\n<p><img loading=\"lazy\" decoding=\"async\" class=\"entered lazyloaded\" src=\"https:\/\/e8n6i4h7.rocketcdn.me\/pl\/wp-content\/uploads\/sites\/2\/2022\/01\/warunki2.jpg\" alt=\"warunki2\" width=\"755\" height=\"307\" data-lazy-src=\"https:\/\/e8n6i4h7.rocketcdn.me\/pl\/wp-content\/uploads\/sites\/2\/2022\/01\/warunki2.jpg\" data-ll-status=\"loaded\" \/><\/p>\n<\/div>\n","protected":false},"excerpt":{"rendered":"<p><strong><span style=\"text-decoration: underline;\"><a href=\"http:\/\/olej%20cbd%205%25%20+%20cbda%2C%20cbc%2C%20cbga%2C%20cbg%2C%20cbdv%2C%20cbn%20natural%20500%20mg%20-%2010ml\/\">Olej CBD 5% + CBDA, CBC, CBGA, CBG, CBDV, CBN Natural 500 mg \u2013 10ml<\/a><\/span>\u00a0<\/strong>\u2013 pe\u0142na cena 109 z\u0142<\/p>\n<p><a href=\"https:\/\/dev.hempking.eu\/pl\/witaminy-adek-w-kroplach-w-oleju-konopnym-30-ml\/\"><strong><span style=\"text-decoration: underline;\">Witaminy ADEK w kroplach w bio oleju konopnym &#8211; 30 ml<\/span><\/strong><\/a> \u2013 pe\u0142na cena 65.90 z\u0142<\/p>\n<div class=\"description woocommerce-product-details__short-description\">\n<p><b>Kupuj\u0105c w zestawie oszcz\u0119dzasz 20%!<\/b><\/p>\n<\/div>\n","protected":false},"featured_media":106742,"template":"","meta":{"_acf_changed":false},"product_cat":[408,20,38,96,116,33],"product_tag":[],"class_list":{"0":"post-106741","1":"product","2":"type-product","3":"status-publish","4":"has-post-thumbnail","6":"product_cat-witaminy","7":"product_cat-olej-cbd","8":"product_cat-olej-cbd-5","9":"product_cat-suplementy","10":"product_cat-witaminy-w-oleju-konopnym","11":"product_cat-zestawy","13":"first","14":"instock","15":"sale","16":"shipping-taxable","17":"purchasable","18":"product-type-simple"},"acf":[],"yoast_head":"<!-- This site is optimized with the Yoast SEO Premium plugin v23.4 (Yoast SEO v24.0) - https:\/\/yoast.com\/wordpress\/plugins\/seo\/ -->\n<title>Zestaw: Witaminy ADEK w oleju konopnym + olej CBD 5% + CBDA, CBC, CBGA, CBG, CBDV, CBN Natural 500 mg - Hemp King<\/title>\n<meta name=\"description\" content=\"Zobacz \u261b Zestaw: Witaminy ADEK w oleju konopnym + olej CBD 5% + CBDA, CBC, CBGA, CBG, CBDV, CBN Natural 500 mg w konopnym sklepie HempKing \u2705100% naturalne \u2705 Zadbaj z nami o swoj\u0105 diet\u0119!\" \/>\n<link rel=\"canonical\" href=\"https:\/\/dev.hempking.eu\/pl\/zestaw-witaminy-adek-w-oleju-konopnym-olej-cbd-5-cbda-cbc-cbga-cbg-cbdv-cbn-natural-500-mg\/\" \/>\n<meta property=\"og:locale\" content=\"pl_PL\" \/>\n<meta property=\"og:type\" content=\"article\" \/>\n<meta property=\"og:title\" content=\"Zestaw: Witaminy ADEK w oleju konopnym + olej CBD 5% + CBDA, CBC, CBGA, CBG, CBDV, CBN Natural 500 mg\" \/>\n<meta property=\"og:description\" content=\"Zobacz \u261b Zestaw: Witaminy ADEK w oleju konopnym + olej CBD 5% + CBDA, CBC, CBGA, CBG, CBDV, CBN Natural 500 mg w konopnym sklepie HempKing \u2705100% naturalne \u2705 Zadbaj z nami o swoj\u0105 diet\u0119!\" \/>\n<meta property=\"og:url\" content=\"https:\/\/dev.hempking.eu\/pl\/zestaw-witaminy-adek-w-oleju-konopnym-olej-cbd-5-cbda-cbc-cbga-cbg-cbdv-cbn-natural-500-mg\/\" \/>\n<meta property=\"og:site_name\" content=\"Hemp King\" \/>\n<meta property=\"article:publisher\" content=\"https:\/\/www.facebook.com\/hempkingpoland\" \/>\n<meta property=\"article:modified_time\" content=\"2023-04-18T08:26:44+00:00\" \/>\n<meta property=\"og:image\" content=\"https:\/\/dev.hempking.eu\/pl\/wp-content\/uploads\/sites\/2\/2022\/09\/biozdrowy_zestaw_10.jpg\" \/>\n\t<meta property=\"og:image:width\" content=\"1000\" \/>\n\t<meta property=\"og:image:height\" content=\"1000\" \/>\n\t<meta property=\"og:image:type\" content=\"image\/jpeg\" \/>\n<meta name=\"twitter:card\" content=\"summary_large_image\" \/>\n<meta name=\"twitter:site\" content=\"@hempkingeu\" \/>\n<meta name=\"twitter:label1\" content=\"Price\" \/>\n\t<meta name=\"twitter:data1\" content=\"139.92&nbsp;&#122;&#322;\" \/>\n\t<meta name=\"twitter:label2\" content=\"Availability\" \/>\n\t<meta name=\"twitter:data2\" content=\"In stock\" \/>\n<script type=\"application\/ld+json\" class=\"yoast-schema-graph\">{\"@context\":\"https:\/\/schema.org\",\"@graph\":[{\"@type\":\"WebPage\",\"@id\":\"https:\/\/dev.hempking.eu\/pl\/zestaw-witaminy-adek-w-oleju-konopnym-olej-cbd-5-cbda-cbc-cbga-cbg-cbdv-cbn-natural-500-mg\/\",\"url\":\"https:\/\/dev.hempking.eu\/pl\/zestaw-witaminy-adek-w-oleju-konopnym-olej-cbd-5-cbda-cbc-cbga-cbg-cbdv-cbn-natural-500-mg\/\",\"name\":\"Zestaw: Witaminy ADEK w oleju konopnym + olej CBD 5% + CBDA, CBC, CBGA, CBG, CBDV, CBN Natural 500 mg - Hemp King\",\"isPartOf\":{\"@id\":\"https:\/\/dev.hempking.eu\/pl\/#website\"},\"primaryImageOfPage\":{\"@id\":\"https:\/\/dev.hempking.eu\/pl\/zestaw-witaminy-adek-w-oleju-konopnym-olej-cbd-5-cbda-cbc-cbga-cbg-cbdv-cbn-natural-500-mg\/#primaryimage\"},\"image\":{\"@id\":\"https:\/\/dev.hempking.eu\/pl\/zestaw-witaminy-adek-w-oleju-konopnym-olej-cbd-5-cbda-cbc-cbga-cbg-cbdv-cbn-natural-500-mg\/#primaryimage\"},\"thumbnailUrl\":\"https:\/\/dev.hempking.eu\/pl\/wp-content\/uploads\/sites\/2\/2022\/09\/biozdrowy_zestaw_10.jpg\",\"datePublished\":\"2022-09-09T13:33:43+00:00\",\"dateModified\":\"2023-04-18T08:26:44+00:00\",\"description\":\"Zobacz \u261b Zestaw: Witaminy ADEK w oleju konopnym + olej CBD 5% + CBDA, CBC, CBGA, CBG, CBDV, CBN Natural 500 mg w konopnym sklepie HempKing \u2705100% naturalne \u2705 Zadbaj z nami o swoj\u0105 diet\u0119!\",\"breadcrumb\":{\"@id\":\"https:\/\/dev.hempking.eu\/pl\/zestaw-witaminy-adek-w-oleju-konopnym-olej-cbd-5-cbda-cbc-cbga-cbg-cbdv-cbn-natural-500-mg\/#breadcrumb\"},\"inLanguage\":\"pl-PL\",\"potentialAction\":[{\"@type\":\"ReadAction\",\"target\":[\"https:\/\/dev.hempking.eu\/pl\/zestaw-witaminy-adek-w-oleju-konopnym-olej-cbd-5-cbda-cbc-cbga-cbg-cbdv-cbn-natural-500-mg\/\"]}]},{\"@type\":\"ImageObject\",\"inLanguage\":\"pl-PL\",\"@id\":\"https:\/\/dev.hempking.eu\/pl\/zestaw-witaminy-adek-w-oleju-konopnym-olej-cbd-5-cbda-cbc-cbga-cbg-cbdv-cbn-natural-500-mg\/#primaryimage\",\"url\":\"https:\/\/dev.hempking.eu\/pl\/wp-content\/uploads\/sites\/2\/2022\/09\/biozdrowy_zestaw_10.jpg\",\"contentUrl\":\"https:\/\/dev.hempking.eu\/pl\/wp-content\/uploads\/sites\/2\/2022\/09\/biozdrowy_zestaw_10.jpg\",\"width\":1000,\"height\":1000,\"caption\":\"zestaw cbd 5% + ADEK\"},{\"@type\":\"BreadcrumbList\",\"@id\":\"https:\/\/dev.hempking.eu\/pl\/zestaw-witaminy-adek-w-oleju-konopnym-olej-cbd-5-cbda-cbc-cbga-cbg-cbdv-cbn-natural-500-mg\/#breadcrumb\",\"itemListElement\":[{\"@type\":\"ListItem\",\"position\":1,\"name\":\"Home\",\"item\":\"https:\/\/dev.hempking.eu\/pl\/\"},{\"@type\":\"ListItem\",\"position\":2,\"name\":\"Sklep\",\"item\":\"https:\/\/dev.hempking.eu\/pl\/shop\/\"},{\"@type\":\"ListItem\",\"position\":3,\"name\":\"Olej CBD\",\"item\":\"https:\/\/dev.hempking.eu\/pl\/olej-cbd\/\"},{\"@type\":\"ListItem\",\"position\":4,\"name\":\"Zestaw: Witaminy ADEK w oleju konopnym + olej CBD 5% + CBDA, CBC, CBGA, CBG, CBDV, CBN Natural 500 mg\"}]},{\"@type\":\"WebSite\",\"@id\":\"https:\/\/dev.hempking.eu\/pl\/#website\",\"url\":\"https:\/\/dev.hempking.eu\/pl\/\",\"name\":\"Hemp King\",\"description\":\"\",\"publisher\":{\"@id\":\"https:\/\/dev.hempking.eu\/pl\/#organization\"},\"potentialAction\":[{\"@type\":\"SearchAction\",\"target\":{\"@type\":\"EntryPoint\",\"urlTemplate\":\"https:\/\/dev.hempking.eu\/pl\/?s={search_term_string}\"},\"query-input\":{\"@type\":\"PropertyValueSpecification\",\"valueRequired\":true,\"valueName\":\"search_term_string\"}}],\"inLanguage\":\"pl-PL\"},{\"@type\":\"Organization\",\"@id\":\"https:\/\/dev.hempking.eu\/pl\/#organization\",\"name\":\"Hemp King\",\"url\":\"https:\/\/dev.hempking.eu\/pl\/\",\"logo\":{\"@type\":\"ImageObject\",\"inLanguage\":\"pl-PL\",\"@id\":\"https:\/\/dev.hempking.eu\/pl\/#\/schema\/logo\/image\/\",\"url\":\"https:\/\/dev.hempking.eu\/pl\/wp-content\/uploads\/sites\/2\/2020\/05\/hempking.png\",\"contentUrl\":\"https:\/\/dev.hempking.eu\/pl\/wp-content\/uploads\/sites\/2\/2020\/05\/hempking.png\",\"width\":148,\"height\":91,\"caption\":\"Hemp King\"},\"image\":{\"@id\":\"https:\/\/dev.hempking.eu\/pl\/#\/schema\/logo\/image\/\"},\"sameAs\":[\"https:\/\/www.facebook.com\/hempkingpoland\",\"https:\/\/x.com\/hempkingeu\",\"https:\/\/www.instagram.com\/hempkingeu\/\",\"https:\/\/www.linkedin.com\/company\/hempking-eu\/mycompany\/\",\"https:\/\/pl.pinterest.com\/hempkingeu\/\",\"https:\/\/www.youtube.com\/channel\/UCUkeZA1fj4hSZfoYm0WpZ7w\"]}]}<\/script>\n<meta property=\"product:price:amount\" content=\"139.92\" \/>\n<meta property=\"product:price:currency\" content=\"PLN\" \/>\n<meta property=\"og:availability\" content=\"instock\" \/>\n<meta property=\"product:availability\" content=\"instock\" \/>\n<meta property=\"product:condition\" content=\"new\" \/>\n<!-- \/ Yoast SEO Premium plugin. -->","yoast_head_json":{"title":"Zestaw: Witaminy ADEK w oleju konopnym + olej CBD 5% + CBDA, CBC, CBGA, CBG, CBDV, CBN Natural 500 mg - Hemp King","description":"Zobacz \u261b Zestaw: Witaminy ADEK w oleju konopnym + olej CBD 5% + CBDA, CBC, CBGA, CBG, CBDV, CBN Natural 500 mg w konopnym sklepie HempKing \u2705100% naturalne \u2705 Zadbaj z nami o swoj\u0105 diet\u0119!","canonical":"https:\/\/dev.hempking.eu\/pl\/zestaw-witaminy-adek-w-oleju-konopnym-olej-cbd-5-cbda-cbc-cbga-cbg-cbdv-cbn-natural-500-mg\/","og_locale":"pl_PL","og_type":"article","og_title":"Zestaw: Witaminy ADEK w oleju konopnym + olej CBD 5% + CBDA, CBC, CBGA, CBG, CBDV, CBN Natural 500 mg","og_description":"Zobacz \u261b Zestaw: Witaminy ADEK w oleju konopnym + olej CBD 5% + CBDA, CBC, CBGA, CBG, CBDV, CBN Natural 500 mg w konopnym sklepie HempKing \u2705100% naturalne \u2705 Zadbaj z nami o swoj\u0105 diet\u0119!","og_url":"https:\/\/dev.hempking.eu\/pl\/zestaw-witaminy-adek-w-oleju-konopnym-olej-cbd-5-cbda-cbc-cbga-cbg-cbdv-cbn-natural-500-mg\/","og_site_name":"Hemp King","article_publisher":"https:\/\/www.facebook.com\/hempkingpoland","article_modified_time":"2023-04-18T08:26:44+00:00","og_image":[{"width":1000,"height":1000,"url":"https:\/\/dev.hempking.eu\/pl\/wp-content\/uploads\/sites\/2\/2022\/09\/biozdrowy_zestaw_10.jpg","type":"image\/jpeg"}],"twitter_card":"summary_large_image","twitter_site":"@hempkingeu","twitter_misc":{"Price":"139.92&nbsp;&#122;&#322;","Availability":"In stock"},"schema":{"@context":"https:\/\/schema.org","@graph":[{"@type":"WebPage","@id":"https:\/\/dev.hempking.eu\/pl\/zestaw-witaminy-adek-w-oleju-konopnym-olej-cbd-5-cbda-cbc-cbga-cbg-cbdv-cbn-natural-500-mg\/","url":"https:\/\/dev.hempking.eu\/pl\/zestaw-witaminy-adek-w-oleju-konopnym-olej-cbd-5-cbda-cbc-cbga-cbg-cbdv-cbn-natural-500-mg\/","name":"Zestaw: Witaminy ADEK w oleju konopnym + olej CBD 5% + CBDA, CBC, CBGA, CBG, CBDV, CBN Natural 500 mg - Hemp King","isPartOf":{"@id":"https:\/\/dev.hempking.eu\/pl\/#website"},"primaryImageOfPage":{"@id":"https:\/\/dev.hempking.eu\/pl\/zestaw-witaminy-adek-w-oleju-konopnym-olej-cbd-5-cbda-cbc-cbga-cbg-cbdv-cbn-natural-500-mg\/#primaryimage"},"image":{"@id":"https:\/\/dev.hempking.eu\/pl\/zestaw-witaminy-adek-w-oleju-konopnym-olej-cbd-5-cbda-cbc-cbga-cbg-cbdv-cbn-natural-500-mg\/#primaryimage"},"thumbnailUrl":"https:\/\/dev.hempking.eu\/pl\/wp-content\/uploads\/sites\/2\/2022\/09\/biozdrowy_zestaw_10.jpg","datePublished":"2022-09-09T13:33:43+00:00","dateModified":"2023-04-18T08:26:44+00:00","description":"Zobacz \u261b Zestaw: Witaminy ADEK w oleju konopnym + olej CBD 5% + CBDA, CBC, CBGA, CBG, CBDV, CBN Natural 500 mg w konopnym sklepie HempKing \u2705100% naturalne \u2705 Zadbaj z nami o swoj\u0105 diet\u0119!","breadcrumb":{"@id":"https:\/\/dev.hempking.eu\/pl\/zestaw-witaminy-adek-w-oleju-konopnym-olej-cbd-5-cbda-cbc-cbga-cbg-cbdv-cbn-natural-500-mg\/#breadcrumb"},"inLanguage":"pl-PL","potentialAction":[{"@type":"ReadAction","target":["https:\/\/dev.hempking.eu\/pl\/zestaw-witaminy-adek-w-oleju-konopnym-olej-cbd-5-cbda-cbc-cbga-cbg-cbdv-cbn-natural-500-mg\/"]}]},{"@type":"ImageObject","inLanguage":"pl-PL","@id":"https:\/\/dev.hempking.eu\/pl\/zestaw-witaminy-adek-w-oleju-konopnym-olej-cbd-5-cbda-cbc-cbga-cbg-cbdv-cbn-natural-500-mg\/#primaryimage","url":"https:\/\/dev.hempking.eu\/pl\/wp-content\/uploads\/sites\/2\/2022\/09\/biozdrowy_zestaw_10.jpg","contentUrl":"https:\/\/dev.hempking.eu\/pl\/wp-content\/uploads\/sites\/2\/2022\/09\/biozdrowy_zestaw_10.jpg","width":1000,"height":1000,"caption":"zestaw cbd 5% + ADEK"},{"@type":"BreadcrumbList","@id":"https:\/\/dev.hempking.eu\/pl\/zestaw-witaminy-adek-w-oleju-konopnym-olej-cbd-5-cbda-cbc-cbga-cbg-cbdv-cbn-natural-500-mg\/#breadcrumb","itemListElement":[{"@type":"ListItem","position":1,"name":"Home","item":"https:\/\/dev.hempking.eu\/pl\/"},{"@type":"ListItem","position":2,"name":"Sklep","item":"https:\/\/dev.hempking.eu\/pl\/shop\/"},{"@type":"ListItem","position":3,"name":"Olej CBD","item":"https:\/\/dev.hempking.eu\/pl\/olej-cbd\/"},{"@type":"ListItem","position":4,"name":"Zestaw: Witaminy ADEK w oleju konopnym + olej CBD 5% + CBDA, CBC, CBGA, CBG, CBDV, CBN Natural 500 mg"}]},{"@type":"WebSite","@id":"https:\/\/dev.hempking.eu\/pl\/#website","url":"https:\/\/dev.hempking.eu\/pl\/","name":"Hemp King","description":"","publisher":{"@id":"https:\/\/dev.hempking.eu\/pl\/#organization"},"potentialAction":[{"@type":"SearchAction","target":{"@type":"EntryPoint","urlTemplate":"https:\/\/dev.hempking.eu\/pl\/?s={search_term_string}"},"query-input":{"@type":"PropertyValueSpecification","valueRequired":true,"valueName":"search_term_string"}}],"inLanguage":"pl-PL"},{"@type":"Organization","@id":"https:\/\/dev.hempking.eu\/pl\/#organization","name":"Hemp King","url":"https:\/\/dev.hempking.eu\/pl\/","logo":{"@type":"ImageObject","inLanguage":"pl-PL","@id":"https:\/\/dev.hempking.eu\/pl\/#\/schema\/logo\/image\/","url":"https:\/\/dev.hempking.eu\/pl\/wp-content\/uploads\/sites\/2\/2020\/05\/hempking.png","contentUrl":"https:\/\/dev.hempking.eu\/pl\/wp-content\/uploads\/sites\/2\/2020\/05\/hempking.png","width":148,"height":91,"caption":"Hemp King"},"image":{"@id":"https:\/\/dev.hempking.eu\/pl\/#\/schema\/logo\/image\/"},"sameAs":["https:\/\/www.facebook.com\/hempkingpoland","https:\/\/x.com\/hempkingeu","https:\/\/www.instagram.com\/hempkingeu\/","https:\/\/www.linkedin.com\/company\/hempking-eu\/mycompany\/","https:\/\/pl.pinterest.com\/hempkingeu\/","https:\/\/www.youtube.com\/channel\/UCUkeZA1fj4hSZfoYm0WpZ7w"]}]},"product_price_amount":"139.92","product_price_currency":"PLN","og_availability":"instock","product_availability":"instock","product_condition":"new"},"_links":{"self":[{"href":"https:\/\/dev.hempking.eu\/pl\/wp-json\/wp\/v2\/product\/106741","targetHints":{"allow":["GET"]}}],"collection":[{"href":"https:\/\/dev.hempking.eu\/pl\/wp-json\/wp\/v2\/product"}],"about":[{"href":"https:\/\/dev.hempking.eu\/pl\/wp-json\/wp\/v2\/types\/product"}],"wp:featuredmedia":[{"embeddable":true,"href":"https:\/\/dev.hempking.eu\/pl\/wp-json\/wp\/v2\/media\/106742"}],"wp:attachment":[{"href":"https:\/\/dev.hempking.eu\/pl\/wp-json\/wp\/v2\/media?parent=106741"}],"wp:term":[{"taxonomy":"product_cat","embeddable":true,"href":"https:\/\/dev.hempking.eu\/pl\/wp-json\/wp\/v2\/product_cat?post=106741"},{"taxonomy":"product_tag","embeddable":true,"href":"https:\/\/dev.hempking.eu\/pl\/wp-json\/wp\/v2\/product_tag?post=106741"}],"curies":[{"name":"wp","href":"https:\/\/api.w.org\/{rel}","templated":true}]}}