{"id":107171,"date":"2022-09-13T11:38:38","date_gmt":"2022-09-13T09:38:38","guid":{"rendered":"https:\/\/hempking.eu\/pl\/?post_type=product&#038;p=107171"},"modified":"2023-02-28T09:55:07","modified_gmt":"2023-02-28T08:55:07","slug":"bio-brokul-120-g-last-minute","status":"publish","type":"product","link":"https:\/\/dev.hempking.eu\/pl\/bio-brokul-120-g-last-minute\/","title":{"rendered":"BIO broku\u0142 - 120 g - Powiadom o dost\u0119pno\u015bci"},"content":{"rendered":"<h2><strong>BIO broku\u0142 &#8211; sk\u0142adniki<\/strong><\/h2>\n<p>100% sproszkowane broku\u0142y z organicznych upraw.<\/p>\n<h2><strong>BIO broku\u0142y &#8211; sproszkowane super warzywo<\/strong><\/h2>\n<p><strong>BIO broku\u0142 Biowen<\/strong> to organiczny produkt z certyfikatem ekologicznym. Ta odmiana kapusty zbli\u017cona do kalafiora zawiera wap\u0144 oraz witaminy A, B9 i C oraz b\u0142onnik, bia\u0142ko oraz nasycone kwasy t\u0142uszczowe. To \u015bwietny naturalny dodatek do potraw, koktajli i r\u00f3\u017cnego rodzaju zup!<\/p>\n<p>Sproszkowany <strong>BIO broku\u0142<\/strong> ma naturalny zielony kolor &#8211; nie zawiera sztucznych barwnik\u00f3w! Nie znajdziesz w nim te\u017c innych dodatk\u00f3w jak sztuczne aromaty. Wszystkie zapachy, aromaty i smak zawdzi\u0119cza wy\u0142\u0105cznie sproszkowanym broku\u0142om. Mo\u017cesz go u\u017cywa\u0107 bez obaw o to, \u017ce warzywo si\u0119 zepsuje &#8211; sproszkowana forma to wygodna i trwa\u0142a alternatywa dla \u015bwie\u017cych warzyw.<\/p>\n<p><strong>100 g produktu uzyskano z 1 kg \u015bwie\u017cych broku\u0142\u00f3w!<\/strong><\/p>\n<p><span style=\"font-weight: 400;\">Broku\u0142 to wszechstronne warzywo. Mo\u017cna je z powodzeniem gotowa\u0107, sma\u017cy\u0107, dodawa\u0107 do zup, da\u0144 makaronowych czy przygotowa\u0107 z nich przepyszne przek\u0105ski, koktajle czy zapiekanki. W postaci sproszkowanej \u015bwietnie nada si\u0119 te\u017c jako dodatek do sos\u00f3w. <\/span><\/p>\n<h2><strong>BIO broku\u0142 &#8211; w\u0142a\u015bciwo\u015bci<\/strong><\/h2>\n<p>Broku\u0142y s\u0105 znane i cenione jako zdrowe, zielone warzywo pe\u0142ne w\u0142a\u015bciwo\u015bci! Broku\u0142 jest docenianie r\u00f3wnie\u017c za sw\u00f3j wyj\u0105tkowy smak. A jak na nas dzia\u0142a?<\/p>\n<p><strong>Zawarta w nim witamina A:<\/strong><\/p>\n<ul>\n<li>odpowiada za utrzymanie prawid\u0142owego stanu sk\u00f3ry i b\u0142on \u015bluzowych,<\/li>\n<li>wspiera Tw\u00f3j wzrok w naturalny spos\u00f3b,<\/li>\n<li>wspomaga metabolizm \u017celaza,<\/li>\n<li>dba o rozw\u00f3j i prawid\u0142owe funkcjonowanie uk\u0142adu odporno\u015bciowego,<\/li>\n<\/ul>\n<p><strong>Zawarta w nim witamina C:<\/strong><\/p>\n<ul>\n<li>zmniejsza zm\u0119czenie,<\/li>\n<li>wspiera tworzenie kolagenu,<\/li>\n<li>chroni przed uszkodzenia oksydacyjnymi bia\u0142ka, lipidy i DNA,<\/li>\n<li>wspiera wch\u0142anianie \u017celaza niehemowego,<\/li>\n<li>wspiera odporno\u015b\u0107 organizmu,<\/li>\n<li>wspiera te\u017c uk\u0142ad nerwowy,<\/li>\n<li>bierze udzia\u0142 w prawid\u0142owym przebiegu funkcji psychicznych.<\/li>\n<\/ul>\n<p><strong>Zawarta w nim witamina B9, czyli kwas foliowy:<\/strong><\/p>\n<ul>\n<li>zmniejsza zm\u0119czenie,<\/li>\n<li>wspiera odporno\u015b\u0107,<\/li>\n<li>bierze udzia\u0142 w prawid\u0142owym przebiegu funkcji psychicznych,<\/li>\n<li>wp\u0142ywa na metabolizm homocysteiny.<\/li>\n<\/ul>\n<p><strong>BIO broku\u0142 Biowen<\/strong> zawiera r\u00f3wnie\u017c potrzebny b\u0142onnik pokarmowy oraz bia\u0142ko, czyli wa\u017cny budulec dla naszego cia\u0142a!<\/p>\n<h2><strong>BIO broku\u0142 &#8211; jak u\u017cywa\u0107 broku\u0142\u00f3w w proszku?<\/strong><\/h2>\n<p>Mamy dla Ciebie kilka podpowiedzi co do stosowania tego sproszkowanego warzywa:<\/p>\n<ul>\n<li>dodaj go do zupy broku\u0142owej,<\/li>\n<li>dodaj go do sosu z broku\u0142\u00f3w,<\/li>\n<li>dodaj go do koktajlu lub smoothie.<\/li>\n<\/ul>\n<p>&nbsp;<\/p>\n","protected":false},"excerpt":{"rendered":"<h2>Kr\u00f3tki termin wa\u017cno\u015bci: 30.09.2022<\/h2>\n<h2>BIO broku\u0142:<\/h2>\n<ul>\n<li>produkt powsta\u0142 z 400 g \u015bwie\u017cych broku\u0142\u00f3w,<\/li>\n<li>opakowanie less waste,<\/li>\n<li>idealny do koktajli i zup,<\/li>\n<\/ul>\n<p><strong>Waga: 120 g<\/strong><\/p>\n","protected":false},"featured_media":76403,"template":"","meta":{"_acf_changed":false},"product_cat":[153],"product_tag":[],"class_list":{"0":"post-107171","1":"product","2":"type-product","3":"status-publish","4":"has-post-thumbnail","6":"product_cat-powiadom-o-dostepnosci","8":"first","9":"outofstock","10":"sale","11":"shipping-taxable","12":"purchasable","13":"product-type-simple"},"acf":[],"yoast_head":"<!-- This site is optimized with the Yoast SEO Premium plugin v23.4 (Yoast SEO v24.0) - https:\/\/yoast.com\/wordpress\/plugins\/seo\/ -->\n<title>Bio Broku\u0142 Biowen - Sproszkowane Super Warzywo 120g | HempKing<\/title>\n<meta name=\"description\" content=\"Bio Broku\u0142 Biowen - superfood idealny jako naturalny dodatek do potraw, koktajli i r\u00f3\u017cnego rodzaju zup! Wypr\u00f3buj ju\u017c dzi\u015b !\" \/>\n<link rel=\"canonical\" href=\"https:\/\/dev.hempking.eu\/pl\/bio-brokul-120-g\/\" \/>\n<meta property=\"og:locale\" content=\"pl_PL\" \/>\n<meta property=\"og:type\" content=\"article\" \/>\n<meta property=\"og:title\" content=\"BIO broku\u0142 - 120 g - Powiadom o dost\u0119pno\u015bci\" \/>\n<meta property=\"og:description\" content=\"Bio Broku\u0142 Biowen - superfood idealny jako naturalny dodatek do potraw, koktajli i r\u00f3\u017cnego rodzaju zup! Wypr\u00f3buj ju\u017c dzi\u015b !\" \/>\n<meta property=\"og:url\" content=\"https:\/\/dev.hempking.eu\/pl\/bio-brokul-120-g\/\" \/>\n<meta property=\"og:site_name\" content=\"Hemp King\" \/>\n<meta property=\"article:publisher\" content=\"https:\/\/www.facebook.com\/hempkingpoland\" \/>\n<meta property=\"article:modified_time\" content=\"2023-02-28T08:55:07+00:00\" \/>\n<meta property=\"og:image\" content=\"https:\/\/dev.hempking.eu\/pl\/wp-content\/uploads\/sites\/2\/2021\/10\/bio_brokul.jpg\" \/>\n\t<meta property=\"og:image:width\" content=\"1000\" \/>\n\t<meta property=\"og:image:height\" content=\"1000\" \/>\n\t<meta property=\"og:image:type\" content=\"image\/jpeg\" \/>\n<meta name=\"twitter:card\" content=\"summary_large_image\" \/>\n<meta name=\"twitter:site\" content=\"@hempkingeu\" \/>\n<meta name=\"twitter:label1\" content=\"Price\" \/>\n\t<meta name=\"twitter:data1\" content=\"11.90&nbsp;&#122;&#322;\" \/>\n\t<meta name=\"twitter:label2\" content=\"Availability\" \/>\n\t<meta name=\"twitter:data2\" content=\"Out of stock\" \/>\n<script type=\"application\/ld+json\" class=\"yoast-schema-graph\">{\"@context\":\"https:\/\/schema.org\",\"@graph\":[{\"@type\":\"WebPage\",\"@id\":\"https:\/\/dev.hempking.eu\/pl\/bio-brokul-120-g-last-minute\/\",\"url\":\"https:\/\/dev.hempking.eu\/pl\/bio-brokul-120-g\/\",\"name\":\"Bio Broku\u0142 Biowen - Sproszkowane Super Warzywo 120g | HempKing\",\"isPartOf\":{\"@id\":\"https:\/\/dev.hempking.eu\/pl\/#website\"},\"primaryImageOfPage\":{\"@id\":\"https:\/\/dev.hempking.eu\/pl\/bio-brokul-120-g\/#primaryimage\"},\"image\":{\"@id\":\"https:\/\/dev.hempking.eu\/pl\/bio-brokul-120-g\/#primaryimage\"},\"thumbnailUrl\":\"https:\/\/dev.hempking.eu\/pl\/wp-content\/uploads\/sites\/2\/2021\/10\/bio_brokul.jpg\",\"datePublished\":\"2022-09-13T09:38:38+00:00\",\"dateModified\":\"2023-02-28T08:55:07+00:00\",\"description\":\"Bio Broku\u0142 Biowen - superfood idealny jako naturalny dodatek do potraw, koktajli i r\u00f3\u017cnego rodzaju zup! Wypr\u00f3buj ju\u017c dzi\u015b !\",\"breadcrumb\":{\"@id\":\"https:\/\/dev.hempking.eu\/pl\/bio-brokul-120-g\/#breadcrumb\"},\"inLanguage\":\"pl-PL\",\"potentialAction\":[{\"@type\":\"ReadAction\",\"target\":[\"https:\/\/dev.hempking.eu\/pl\/bio-brokul-120-g\/\"]}]},{\"@type\":\"ImageObject\",\"inLanguage\":\"pl-PL\",\"@id\":\"https:\/\/dev.hempking.eu\/pl\/bio-brokul-120-g\/#primaryimage\",\"url\":\"https:\/\/dev.hempking.eu\/pl\/wp-content\/uploads\/sites\/2\/2021\/10\/bio_brokul.jpg\",\"contentUrl\":\"https:\/\/dev.hempking.eu\/pl\/wp-content\/uploads\/sites\/2\/2021\/10\/bio_brokul.jpg\",\"width\":1000,\"height\":1000,\"caption\":\"bio broku\u0142 biowen\"},{\"@type\":\"BreadcrumbList\",\"@id\":\"https:\/\/dev.hempking.eu\/pl\/bio-brokul-120-g\/#breadcrumb\",\"itemListElement\":[{\"@type\":\"ListItem\",\"position\":1,\"name\":\"Home\",\"item\":\"https:\/\/dev.hempking.eu\/pl\/\"},{\"@type\":\"ListItem\",\"position\":2,\"name\":\"Sklep\",\"item\":\"https:\/\/dev.hempking.eu\/pl\/shop\/\"},{\"@type\":\"ListItem\",\"position\":3,\"name\":\"Powiadom o dost\u0119pno\u015bci\",\"item\":\"https:\/\/dev.hempking.eu\/pl\/powiadom-o-dostepnosci\/\"},{\"@type\":\"ListItem\",\"position\":4,\"name\":\"BIO broku\u0142 - 120 g - Powiadom o dost\u0119pno\u015bci\"}]},{\"@type\":\"WebSite\",\"@id\":\"https:\/\/dev.hempking.eu\/pl\/#website\",\"url\":\"https:\/\/dev.hempking.eu\/pl\/\",\"name\":\"Hemp King\",\"description\":\"\",\"publisher\":{\"@id\":\"https:\/\/dev.hempking.eu\/pl\/#organization\"},\"potentialAction\":[{\"@type\":\"SearchAction\",\"target\":{\"@type\":\"EntryPoint\",\"urlTemplate\":\"https:\/\/dev.hempking.eu\/pl\/?s={search_term_string}\"},\"query-input\":{\"@type\":\"PropertyValueSpecification\",\"valueRequired\":true,\"valueName\":\"search_term_string\"}}],\"inLanguage\":\"pl-PL\"},{\"@type\":\"Organization\",\"@id\":\"https:\/\/dev.hempking.eu\/pl\/#organization\",\"name\":\"Hemp King\",\"url\":\"https:\/\/dev.hempking.eu\/pl\/\",\"logo\":{\"@type\":\"ImageObject\",\"inLanguage\":\"pl-PL\",\"@id\":\"https:\/\/dev.hempking.eu\/pl\/#\/schema\/logo\/image\/\",\"url\":\"https:\/\/dev.hempking.eu\/pl\/wp-content\/uploads\/sites\/2\/2020\/05\/hempking.png\",\"contentUrl\":\"https:\/\/dev.hempking.eu\/pl\/wp-content\/uploads\/sites\/2\/2020\/05\/hempking.png\",\"width\":148,\"height\":91,\"caption\":\"Hemp King\"},\"image\":{\"@id\":\"https:\/\/dev.hempking.eu\/pl\/#\/schema\/logo\/image\/\"},\"sameAs\":[\"https:\/\/www.facebook.com\/hempkingpoland\",\"https:\/\/x.com\/hempkingeu\",\"https:\/\/www.instagram.com\/hempkingeu\/\",\"https:\/\/www.linkedin.com\/company\/hempking-eu\/mycompany\/\",\"https:\/\/pl.pinterest.com\/hempkingeu\/\",\"https:\/\/www.youtube.com\/channel\/UCUkeZA1fj4hSZfoYm0WpZ7w\"]}]}<\/script>\n<meta property=\"product:price:amount\" content=\"11.90\" \/>\n<meta property=\"product:price:currency\" content=\"PLN\" \/>\n<meta property=\"og:availability\" content=\"out of stock\" \/>\n<meta property=\"product:availability\" content=\"out of stock\" \/>\n<meta property=\"product:condition\" content=\"new\" \/>\n<!-- \/ Yoast SEO Premium plugin. -->","yoast_head_json":{"title":"Bio Broku\u0142 Biowen - Sproszkowane Super Warzywo 120g | HempKing","description":"Bio Broku\u0142 Biowen - superfood idealny jako naturalny dodatek do potraw, koktajli i r\u00f3\u017cnego rodzaju zup! Wypr\u00f3buj ju\u017c dzi\u015b !","canonical":"https:\/\/dev.hempking.eu\/pl\/bio-brokul-120-g\/","og_locale":"pl_PL","og_type":"article","og_title":"BIO broku\u0142 - 120 g - Powiadom o dost\u0119pno\u015bci","og_description":"Bio Broku\u0142 Biowen - superfood idealny jako naturalny dodatek do potraw, koktajli i r\u00f3\u017cnego rodzaju zup! Wypr\u00f3buj ju\u017c dzi\u015b !","og_url":"https:\/\/dev.hempking.eu\/pl\/bio-brokul-120-g\/","og_site_name":"Hemp King","article_publisher":"https:\/\/www.facebook.com\/hempkingpoland","article_modified_time":"2023-02-28T08:55:07+00:00","og_image":[{"width":1000,"height":1000,"url":"https:\/\/dev.hempking.eu\/pl\/wp-content\/uploads\/sites\/2\/2021\/10\/bio_brokul.jpg","type":"image\/jpeg"}],"twitter_card":"summary_large_image","twitter_site":"@hempkingeu","twitter_misc":{"Price":"11.90&nbsp;&#122;&#322;","Availability":"Out of stock"},"schema":{"@context":"https:\/\/schema.org","@graph":[{"@type":"WebPage","@id":"https:\/\/dev.hempking.eu\/pl\/bio-brokul-120-g-last-minute\/","url":"https:\/\/dev.hempking.eu\/pl\/bio-brokul-120-g\/","name":"Bio Broku\u0142 Biowen - Sproszkowane Super Warzywo 120g | HempKing","isPartOf":{"@id":"https:\/\/dev.hempking.eu\/pl\/#website"},"primaryImageOfPage":{"@id":"https:\/\/dev.hempking.eu\/pl\/bio-brokul-120-g\/#primaryimage"},"image":{"@id":"https:\/\/dev.hempking.eu\/pl\/bio-brokul-120-g\/#primaryimage"},"thumbnailUrl":"https:\/\/dev.hempking.eu\/pl\/wp-content\/uploads\/sites\/2\/2021\/10\/bio_brokul.jpg","datePublished":"2022-09-13T09:38:38+00:00","dateModified":"2023-02-28T08:55:07+00:00","description":"Bio Broku\u0142 Biowen - superfood idealny jako naturalny dodatek do potraw, koktajli i r\u00f3\u017cnego rodzaju zup! Wypr\u00f3buj ju\u017c dzi\u015b !","breadcrumb":{"@id":"https:\/\/dev.hempking.eu\/pl\/bio-brokul-120-g\/#breadcrumb"},"inLanguage":"pl-PL","potentialAction":[{"@type":"ReadAction","target":["https:\/\/dev.hempking.eu\/pl\/bio-brokul-120-g\/"]}]},{"@type":"ImageObject","inLanguage":"pl-PL","@id":"https:\/\/dev.hempking.eu\/pl\/bio-brokul-120-g\/#primaryimage","url":"https:\/\/dev.hempking.eu\/pl\/wp-content\/uploads\/sites\/2\/2021\/10\/bio_brokul.jpg","contentUrl":"https:\/\/dev.hempking.eu\/pl\/wp-content\/uploads\/sites\/2\/2021\/10\/bio_brokul.jpg","width":1000,"height":1000,"caption":"bio broku\u0142 biowen"},{"@type":"BreadcrumbList","@id":"https:\/\/dev.hempking.eu\/pl\/bio-brokul-120-g\/#breadcrumb","itemListElement":[{"@type":"ListItem","position":1,"name":"Home","item":"https:\/\/dev.hempking.eu\/pl\/"},{"@type":"ListItem","position":2,"name":"Sklep","item":"https:\/\/dev.hempking.eu\/pl\/shop\/"},{"@type":"ListItem","position":3,"name":"Powiadom o dost\u0119pno\u015bci","item":"https:\/\/dev.hempking.eu\/pl\/powiadom-o-dostepnosci\/"},{"@type":"ListItem","position":4,"name":"BIO broku\u0142 - 120 g - Powiadom o dost\u0119pno\u015bci"}]},{"@type":"WebSite","@id":"https:\/\/dev.hempking.eu\/pl\/#website","url":"https:\/\/dev.hempking.eu\/pl\/","name":"Hemp King","description":"","publisher":{"@id":"https:\/\/dev.hempking.eu\/pl\/#organization"},"potentialAction":[{"@type":"SearchAction","target":{"@type":"EntryPoint","urlTemplate":"https:\/\/dev.hempking.eu\/pl\/?s={search_term_string}"},"query-input":{"@type":"PropertyValueSpecification","valueRequired":true,"valueName":"search_term_string"}}],"inLanguage":"pl-PL"},{"@type":"Organization","@id":"https:\/\/dev.hempking.eu\/pl\/#organization","name":"Hemp King","url":"https:\/\/dev.hempking.eu\/pl\/","logo":{"@type":"ImageObject","inLanguage":"pl-PL","@id":"https:\/\/dev.hempking.eu\/pl\/#\/schema\/logo\/image\/","url":"https:\/\/dev.hempking.eu\/pl\/wp-content\/uploads\/sites\/2\/2020\/05\/hempking.png","contentUrl":"https:\/\/dev.hempking.eu\/pl\/wp-content\/uploads\/sites\/2\/2020\/05\/hempking.png","width":148,"height":91,"caption":"Hemp King"},"image":{"@id":"https:\/\/dev.hempking.eu\/pl\/#\/schema\/logo\/image\/"},"sameAs":["https:\/\/www.facebook.com\/hempkingpoland","https:\/\/x.com\/hempkingeu","https:\/\/www.instagram.com\/hempkingeu\/","https:\/\/www.linkedin.com\/company\/hempking-eu\/mycompany\/","https:\/\/pl.pinterest.com\/hempkingeu\/","https:\/\/www.youtube.com\/channel\/UCUkeZA1fj4hSZfoYm0WpZ7w"]}]},"product_price_amount":"11.90","product_price_currency":"PLN","og_availability":"out of stock","product_availability":"out of stock","product_condition":"new"},"_links":{"self":[{"href":"https:\/\/dev.hempking.eu\/pl\/wp-json\/wp\/v2\/product\/107171","targetHints":{"allow":["GET"]}}],"collection":[{"href":"https:\/\/dev.hempking.eu\/pl\/wp-json\/wp\/v2\/product"}],"about":[{"href":"https:\/\/dev.hempking.eu\/pl\/wp-json\/wp\/v2\/types\/product"}],"wp:featuredmedia":[{"embeddable":true,"href":"https:\/\/dev.hempking.eu\/pl\/wp-json\/wp\/v2\/media\/76403"}],"wp:attachment":[{"href":"https:\/\/dev.hempking.eu\/pl\/wp-json\/wp\/v2\/media?parent=107171"}],"wp:term":[{"taxonomy":"product_cat","embeddable":true,"href":"https:\/\/dev.hempking.eu\/pl\/wp-json\/wp\/v2\/product_cat?post=107171"},{"taxonomy":"product_tag","embeddable":true,"href":"https:\/\/dev.hempking.eu\/pl\/wp-json\/wp\/v2\/product_tag?post=107171"}],"curies":[{"name":"wp","href":"https:\/\/api.w.org\/{rel}","templated":true}]}}