{"id":109583,"date":"2022-10-14T14:23:25","date_gmt":"2022-10-14T12:23:25","guid":{"rendered":"https:\/\/hempking.eu\/pl\/?post_type=product&#038;p=109583"},"modified":"2023-05-22T13:20:21","modified_gmt":"2023-05-22T11:20:21","slug":"zestaw-witamina-d3-w-bio-oleju-konopnym-test-kasetkowy-na-wit-d","status":"publish","type":"product","link":"https:\/\/dev.hempking.eu\/pl\/zestaw-witamina-d3-w-bio-oleju-konopnym-test-kasetkowy-na-wit-d\/","title":{"rendered":"Zestaw: Witamina D3 w BIO oleju konopnym + test kasetkowy na wit. D"},"content":{"rendered":"<h2><div id=\"ez-toc-container\" class=\"ez-toc-v2_0_71 counter-hierarchy ez-toc-counter ez-toc-custom ez-toc-container-direction\">\n<div class=\"ez-toc-title-container\"><p class=\"ez-toc-title\" style=\"cursor:inherit\">Spis tre\u015bci<\/p>\n<\/div><nav><ul class='ez-toc-list ez-toc-list-level-1 ' ><li class='ez-toc-page-1 ez-toc-heading-level-2'><a class=\"ez-toc-link ez-toc-heading-1\" href=\"https:\/\/dev.hempking.eu\/pl\/zestaw-witamina-d3-w-bio-oleju-konopnym-test-kasetkowy-na-wit-d\/#Witamina_D3_oraz_test_do_oznaczania_stezenia_witaminy_D_we_krwi_%E2%80%93_zestaw\" title=\"Witamina D3 oraz test do oznaczania st\u0119\u017cenia witaminy D we krwi &#8211; zestaw\">Witamina D3 oraz test do oznaczania st\u0119\u017cenia witaminy D we krwi &#8211; zestaw<\/a><\/li><li class='ez-toc-page-1 ez-toc-heading-level-2'><a class=\"ez-toc-link ez-toc-heading-2\" href=\"https:\/\/dev.hempking.eu\/pl\/zestaw-witamina-d3-w-bio-oleju-konopnym-test-kasetkowy-na-wit-d\/#Zastosowanie\" title=\"Zastosowanie\">Zastosowanie<\/a><\/li><li class='ez-toc-page-1 ez-toc-heading-level-2'><a class=\"ez-toc-link ez-toc-heading-3\" href=\"https:\/\/dev.hempking.eu\/pl\/zestaw-witamina-d3-w-bio-oleju-konopnym-test-kasetkowy-na-wit-d\/#Wskazania_do_wykonania_testu\" title=\"Wskazania do wykonania testu\">Wskazania do wykonania testu<\/a><\/li><li class='ez-toc-page-1 ez-toc-heading-level-2'><a class=\"ez-toc-link ez-toc-heading-4\" href=\"https:\/\/dev.hempking.eu\/pl\/zestaw-witamina-d3-w-bio-oleju-konopnym-test-kasetkowy-na-wit-d\/#Opakowanie_zawiera\" title=\"Opakowanie zawiera\">Opakowanie zawiera<\/a><\/li><li class='ez-toc-page-1 ez-toc-heading-level-2'><a class=\"ez-toc-link ez-toc-heading-5\" href=\"https:\/\/dev.hempking.eu\/pl\/zestaw-witamina-d3-w-bio-oleju-konopnym-test-kasetkowy-na-wit-d\/#Witamina_D3_Forte_w_BIO_oleju_konopnym_%E2%80%93_HempKing\" title=\"Witamina D3 Forte w BIO oleju konopnym\u00a0\u2013 HempKing\">Witamina D3 Forte w BIO oleju konopnym\u00a0\u2013 HempKing<\/a><ul class='ez-toc-list-level-3' ><li class='ez-toc-heading-level-3'><a class=\"ez-toc-link ez-toc-heading-6\" href=\"https:\/\/dev.hempking.eu\/pl\/zestaw-witamina-d3-w-bio-oleju-konopnym-test-kasetkowy-na-wit-d\/#Sklad\" title=\"Sk\u0142ad:\">Sk\u0142ad:<\/a><\/li><li class='ez-toc-page-1 ez-toc-heading-level-3'><a class=\"ez-toc-link ez-toc-heading-7\" href=\"https:\/\/dev.hempking.eu\/pl\/zestaw-witamina-d3-w-bio-oleju-konopnym-test-kasetkowy-na-wit-d\/#Wlasciwosci_witaminy_D3_z_lanoliny\" title=\"W\u0142a\u015bciwo\u015bci witaminy D3 z lanoliny:\">W\u0142a\u015bciwo\u015bci witaminy D3 z lanoliny:<\/a><\/li><li class='ez-toc-page-1 ez-toc-heading-level-3'><a class=\"ez-toc-link ez-toc-heading-8\" href=\"https:\/\/dev.hempking.eu\/pl\/zestaw-witamina-d3-w-bio-oleju-konopnym-test-kasetkowy-na-wit-d\/#Wlasciwosci_witaminy_E_D-alfa_tokoferol\" title=\"W\u0142a\u015bciwo\u015bci witaminy E (D-alfa tokoferol):\">W\u0142a\u015bciwo\u015bci witaminy E (D-alfa tokoferol):<\/a><\/li><li class='ez-toc-page-1 ez-toc-heading-level-3'><a class=\"ez-toc-link ez-toc-heading-9\" href=\"https:\/\/dev.hempking.eu\/pl\/zestaw-witamina-d3-w-bio-oleju-konopnym-test-kasetkowy-na-wit-d\/#Wlasciwosci_BIO_oleju_konopnego\" title=\"W\u0142a\u015bciwo\u015bci BIO oleju konopnego:\">W\u0142a\u015bciwo\u015bci BIO oleju konopnego:<\/a><\/li><li class='ez-toc-page-1 ez-toc-heading-level-3'><a class=\"ez-toc-link ez-toc-heading-10\" href=\"https:\/\/dev.hempking.eu\/pl\/zestaw-witamina-d3-w-bio-oleju-konopnym-test-kasetkowy-na-wit-d\/#Dawkowanie\" title=\"Dawkowanie:\">Dawkowanie:<\/a><\/li><\/ul><\/li><\/ul><\/nav><\/div>\nWitamina D3 oraz test do oznaczania st\u0119\u017cenia witaminy D we krwi &#8211; zestaw<\/h2>\n<p>Witamina D3 jest niezwykle wa\u017cna dla naszego organizmu, dlatego warto j\u0105 suplementowa\u0107. Aby prawid\u0142owo przygotowa\u0107 si\u0119 do suplementacji witaminy D warto wykona\u0107 test kasetkowy, by oznaczy\u0107 poziom jej st\u0119\u017cenia we krwi &#8211; dzi\u0119ki temu odpowiednio dobierzemy dawk\u0119. Kupuj\u0105c witamin\u0119 D3 Forte w BIO oleju konopnym razem z testem oszcz\u0119dzasz!<\/p>\n<p><strong>Test witamina D<\/strong>\u00a0(1 test) domowy, kasetkowy test do oznaczania st\u0119\u017cenia witaminy D we krwi;<br \/>\ntest p\u00f3\u0142ilo\u015bciowy wykrywaj\u0105cy 25(OH)D<\/p>\n<h2><span class=\"ez-toc-section\" id=\"Zastosowanie\"><\/span><strong>Zastosowanie<\/strong><span class=\"ez-toc-section-end\"><\/span><\/h2>\n<p>Szybki test przeznaczony do oznaczania poziomu witaminy D \u2013 25(OH)D w pr\u00f3bce krwi pobranej z opuszki palca. Test p\u00f3\u0142ilo\u015bciowy, wynik w 4 zakresach w ci\u0105gu 10 minut:<\/p>\n<ul>\n<li>niedob\u00f3r: poni\u017cej 10 ng\/ml<\/li>\n<li>poziom obni\u017cony: 10-30 ng\/ml<\/li>\n<li>poziom prawid\u0142owy: 30-100 ng\/ml<\/li>\n<li>poziom podwy\u017cszony: powy\u017cej 100 ng\/ml<\/li>\n<\/ul>\n<p><strong>Kontenery:<\/strong><\/p>\n<ul>\n<li>opakowanie<\/li>\n<li>zawarto\u015b\u0107 opakowania<\/li>\n<li>schemat u\u017cycia<\/li>\n<li>interpretacja wynik\u00f3w<\/li>\n<\/ul>\n<p><strong>Charakterystyka testu<\/strong><br \/>\nTEST WITAMINA D przeznaczony jest do oznaczania poziomu witaminy D w pr\u00f3bce krwi pobranej z opuszki palca. Obni\u017cony poziom witaminy D mo\u017ce by\u0107 przyczyn\u0105 r\u00f3\u017cnych stan\u00f3w chorobowych. Regularnie monitoruj\u0105c poziom witaminy D mo\u017cna w precyzyjny spos\u00f3b ustali\u0107 dawki preparat\u00f3w uzupe\u0142niaj\u0105cych poziom tej witaminy.<\/p>\n<h2><span class=\"ez-toc-section\" id=\"Wskazania_do_wykonania_testu\"><\/span><strong>Wskazania do wykonania testu<\/strong><span class=\"ez-toc-section-end\"><\/span><\/h2>\n<ul>\n<li>kontrola suplementacji<\/li>\n<li>zm\u0119czenie<\/li>\n<li>obni\u017cona odporno\u015b\u0107<\/li>\n<li>nadwaga<\/li>\n<li>wahania nastroj\u00f3w<\/li>\n<li>cukrzyca i choroby metaboliczne<\/li>\n<\/ul>\n<p><strong>Streszczenie<\/strong><br \/>\nWitamina D nale\u017cy do grupy witamin rozpuszczalnych w t\u0142uszczach. Jest ona odpowiedzialna za prawid\u0142ow\u0105 gospodark\u0119 wapnia i fosforu w organizmie. Witamina D3 jest naturalnie produkowana w ludzkiej sk\u00f3rze w wyniku ekspozycji na \u015bwiat\u0142o, a witamina D2 jest pozyskiwana g\u0142\u00f3wnie z po\u017cywienia lub suplementacji. Witamina D jest transportowana do w\u0105troby, gdzie jest magazynowana w postaci 25-hydroksywitaminy D \u2013 25(OH)D. Niedob\u00f3r uznawany jest za cz\u0119sty problem zdrowotny naszego spo\u0142ecze\u0144stwa, kt\u00f3ry jest przyczyn\u0105 wielu powa\u017cnych chor\u00f3b: osteoporozy, chor\u00f3b nowotworowych, uk\u0142adu kr\u0105\u017cenia, o pod\u0142o\u017cu autoimmunologicznym, cukrzycy czy depresji.<\/p>\n<h2><span class=\"ez-toc-section\" id=\"Opakowanie_zawiera\"><\/span><strong>Opakowanie zawiera<\/strong><span class=\"ez-toc-section-end\"><\/span><\/h2>\n<ul>\n<li>1 saszetka z testem kasetowym oraz pipet\u0105 kapilarn\u0105<\/li>\n<li>1 gazik do dezynfekcji<\/li>\n<li>1 sterylny lancet (nak\u0142uwacz) do uzyskania pr\u00f3bki krwi<\/li>\n<li>1 pojemnik z zakraplaczem zawieraj\u0105cy 1ml odczynnika<\/li>\n<li>karta wynik\u00f3w<\/li>\n<li>instrukcja u\u017cycia<\/li>\n<\/ul>\n<h2><span class=\"ez-toc-section\" id=\"Witamina_D3_Forte_w_BIO_oleju_konopnym_%E2%80%93_HempKing\"><\/span><strong>Witamina D3 Forte w BIO oleju konopnym\u00a0\u2013 HempKing<\/strong><span class=\"ez-toc-section-end\"><\/span><\/h2>\n<p>Witamina D3 Forte pochodz\u0105ca z naturalnej lanoliny (cholekalcyferol) marki HempKing zosta\u0142a rozpuszczona w naturalnym oleju konopnym i dodatkowo wsparta witamin\u0105 E. Jedna porcja tego suplementu stanowi a\u017c 1000% dziennej RWS (Referencyjnej Warto\u015bci Spo\u017cycia).<\/p>\n<h3><span class=\"ez-toc-section\" id=\"Sklad\"><\/span>Sk\u0142ad:<span class=\"ez-toc-section-end\"><\/span><\/h3>\n<p>BIO olej konopny*, D-alfa-tokoferol (witamina E), witamina D z lanoliny (cholekalcyferol). *Surowiec pochodzenia ekologicznego PL-EKO-06<\/p>\n<h3><span class=\"ez-toc-section\" id=\"Wlasciwosci_witaminy_D3_z_lanoliny\"><\/span>W\u0142a\u015bciwo\u015bci witaminy D3 z lanoliny:<span class=\"ez-toc-section-end\"><\/span><\/h3>\n<ul>\n<li>wspiera odporno\u015b\u0107,<\/li>\n<li>pomaga utrzyma\u0107 ko\u015bci i z\u0119by w dobrej kondycji,<\/li>\n<li>pomaga zmniejszy\u0107 ryzyko z\u0142ama\u0144 i uraz\u00f3w ko\u015bci,<\/li>\n<li>wspiera prawid\u0142owe funkcjonowanie mi\u0119\u015bni,<\/li>\n<li>pomaga utrzyma\u0107 prawid\u0142owy poziom wapnia we krwi,<\/li>\n<li>wspiera prawid\u0142owe podzia\u0142y kom\u00f3rkowe,<\/li>\n<li>wspomaga prawid\u0142owy przebieg reakcji zapalnej.<\/li>\n<\/ul>\n<h3><span class=\"ez-toc-section\" id=\"Wlasciwosci_witaminy_E_D-alfa_tokoferol\"><\/span>W\u0142a\u015bciwo\u015bci witaminy E (D-alfa tokoferol):<span class=\"ez-toc-section-end\"><\/span><\/h3>\n<ul>\n<li>naturalny konserwant,<\/li>\n<li>przeciwutleniacz.<\/li>\n<\/ul>\n<h3><span class=\"ez-toc-section\" id=\"Wlasciwosci_BIO_oleju_konopnego\"><\/span>W\u0142a\u015bciwo\u015bci BIO oleju konopnego:<span class=\"ez-toc-section-end\"><\/span><\/h3>\n<ul>\n<li>wspiera odporno\u015b\u0107,<\/li>\n<li>wspiera prawid\u0142owe dzia\u0142anie uk\u0142adu sercowo-naczyniowego,<\/li>\n<li>zawiera nienasycone kwasy t\u0142uszczowe (NNKT),<\/li>\n<li>wspomaga regulacj\u0119 cholesterolu,<\/li>\n<li>pomaga upi\u0119kszy\u0107 sk\u00f3r\u0119.<\/li>\n<\/ul>\n<h3><span class=\"ez-toc-section\" id=\"Dawkowanie\"><\/span>Dawkowanie:<span class=\"ez-toc-section-end\"><\/span><\/h3>\n<p>Jedna porcja to jedna pe\u0142na pompka, kt\u00f3ra zawiera:<\/p>\n<ul>\n<li>50 \u00b5g\/ 2000 IU (1000% RWS) naturalnej witaminy D3 z lanoliny<\/li>\n<li>2,4 mg\/ 3,2 IU (20% RWS) witaminy E<\/li>\n<\/ul>\n<p><b>Zalecana porcja do spo\u017cycia w ci\u0105gu dnia niezb\u0119dna do uzyskania korzystnego dzia\u0142ania produktu:\u00a0<\/b><\/p>\n<p>1 pompka dziennie w trakcie posi\u0142ku. U os\u00f3b zdrowych powy\u017cej 75 roku \u017cycia mo\u017cna stosowa\u0107 2 pompki dziennie.<\/p>\n<p><a href=\"https:\/\/dev.hempking.eu\/pl\/wp-content\/uploads\/sites\/2\/2021\/12\/tabelka-witamina-D3-wartosci-odzywcze.jpg\"><img loading=\"lazy\" decoding=\"async\" class=\"alignnone size-full wp-image-93025\" src=\"https:\/\/dev.hempking.eu\/pl\/wp-content\/uploads\/sites\/2\/2021\/12\/tabelka-witamina-D3-wartosci-odzywcze.jpg\" alt=\"warto\u015bci od\u017cywcze - witamina D3 forte w oleju konopnym\" width=\"815\" height=\"397\" srcset=\"https:\/\/dev.hempking.eu\/pl\/wp-content\/uploads\/sites\/2\/2021\/12\/tabelka-witamina-D3-wartosci-odzywcze.jpg 815w, https:\/\/dev.hempking.eu\/pl\/wp-content\/uploads\/sites\/2\/2021\/12\/tabelka-witamina-D3-wartosci-odzywcze-768x374.jpg 768w, https:\/\/dev.hempking.eu\/pl\/wp-content\/uploads\/sites\/2\/2021\/12\/tabelka-witamina-D3-wartosci-odzywcze-640x312.jpg 640w, https:\/\/dev.hempking.eu\/pl\/wp-content\/uploads\/sites\/2\/2021\/12\/tabelka-witamina-D3-wartosci-odzywcze-400x195.jpg 400w\" sizes=\"auto, (max-width: 815px) 100vw, 815px\" \/><\/a><\/p>\n<p><a href=\"https:\/\/dev.hempking.eu\/pl\/wp-content\/uploads\/sites\/2\/2022\/01\/warunki2.jpg\"><img loading=\"lazy\" decoding=\"async\" class=\"alignnone size-full wp-image-85647\" src=\"https:\/\/dev.hempking.eu\/pl\/wp-content\/uploads\/sites\/2\/2022\/01\/warunki2.jpg\" alt=\"warunki przechowywania produkt\u00f3w konopnych HempKing\" width=\"755\" height=\"307\" srcset=\"https:\/\/dev.hempking.eu\/pl\/wp-content\/uploads\/sites\/2\/2022\/01\/warunki2.jpg 755w, https:\/\/dev.hempking.eu\/pl\/wp-content\/uploads\/sites\/2\/2022\/01\/warunki2-640x260.jpg 640w, https:\/\/dev.hempking.eu\/pl\/wp-content\/uploads\/sites\/2\/2022\/01\/warunki2-400x163.jpg 400w, https:\/\/dev.hempking.eu\/pl\/wp-content\/uploads\/sites\/2\/2022\/01\/warunki2-600x244.jpg 600w\" sizes=\"auto, (max-width: 755px) 100vw, 755px\" \/><\/a><\/p>\n<p><a href=\"https:\/\/dev.hempking.eu\/pl\/wp-content\/uploads\/sites\/2\/2020\/07\/warunki4-1.jpg\"><img loading=\"lazy\" decoding=\"async\" class=\"alignnone size-full wp-image-104414\" src=\"https:\/\/dev.hempking.eu\/pl\/wp-content\/uploads\/sites\/2\/2020\/07\/warunki4-1.jpg\" alt=\"o\u015bwiadczenia CBD w UE\" width=\"755\" height=\"353\" srcset=\"https:\/\/dev.hempking.eu\/pl\/wp-content\/uploads\/sites\/2\/2020\/07\/warunki4-1.jpg 755w, https:\/\/dev.hempking.eu\/pl\/wp-content\/uploads\/sites\/2\/2020\/07\/warunki4-1-640x299.jpg 640w, https:\/\/dev.hempking.eu\/pl\/wp-content\/uploads\/sites\/2\/2020\/07\/warunki4-1-400x187.jpg 400w\" sizes=\"auto, (max-width: 755px) 100vw, 755px\" \/><\/a><\/p>\n","protected":false},"excerpt":{"rendered":"<p class=\"product_title entry-title\" style=\"text-align: left\"><a href=\"https:\/\/dev.hempking.eu\/pl\/test-witamina-d-kasetkowy\/\" target=\"_blank\" rel=\"noopener\">Test witamina D kasetkowy<\/a> \u2013 pe\u0142na cena: 41.90 z\u0142<\/p>\n<p class=\"product_title entry-title\"><a href=\"https:\/\/dev.hempking.eu\/pl\/witamina-d3-forte-z-lanoliny-w-kroplach-w-oleju-konopnym-30-ml\/\" target=\"_blank\" rel=\"noopener\">Witamina D3 Forte w BIO oleju konopnym 30 ml<\/a> \u2013 30.90 z\u0142<\/p>\n<p><strong>Kupuj\u0105c w zestawie oszcz\u0119dzasz ponad 17%!<\/strong><\/p>\n<p>&nbsp;<\/p>\n<p>&nbsp;<\/p>\n","protected":false},"featured_media":109589,"template":"","meta":{"_acf_changed":false},"product_cat":[96,116,33,144,148],"product_tag":[],"class_list":{"0":"post-109583","1":"product","2":"type-product","3":"status-publish","4":"has-post-thumbnail","6":"product_cat-suplementy","7":"product_cat-witaminy-w-oleju-konopnym","8":"product_cat-zestawy","9":"product_cat-suplementy-i-preparaty-na-dolegliwosci","10":"product_cat-suplementy-i-preparaty-na-odpornosc","12":"first","13":"instock","14":"sale","15":"shipping-taxable","16":"purchasable","17":"product-type-simple"},"acf":[],"yoast_head":"<!-- This site is optimized with the Yoast SEO Premium plugin v23.4 (Yoast SEO v24.0) - https:\/\/yoast.com\/wordpress\/plugins\/seo\/ -->\n<title>Zestaw: Witamina D3 w BIO oleju konopnym + test kasetkowy na wit. D - Hemp King<\/title>\n<meta name=\"description\" content=\"Zobacz \u261b Zestaw: Witamina D3 w BIO oleju konopnym + test kasetkowy na wit. D w konopnym sklepie HempKing \u2705100% naturalne \u2705 Zadbaj z nami o swoj\u0105 diet\u0119!\" \/>\n<link rel=\"canonical\" href=\"https:\/\/dev.hempking.eu\/pl\/zestaw-witamina-d3-w-bio-oleju-konopnym-test-kasetkowy-na-wit-d\/\" \/>\n<meta property=\"og:locale\" content=\"pl_PL\" \/>\n<meta property=\"og:type\" content=\"article\" \/>\n<meta property=\"og:title\" content=\"Zestaw: Witamina D3 w BIO oleju konopnym + test kasetkowy na wit. D\" \/>\n<meta property=\"og:description\" content=\"Zobacz \u261b Zestaw: Witamina D3 w BIO oleju konopnym + test kasetkowy na wit. D w konopnym sklepie HempKing \u2705100% naturalne \u2705 Zadbaj z nami o swoj\u0105 diet\u0119!\" \/>\n<meta property=\"og:url\" content=\"https:\/\/dev.hempking.eu\/pl\/zestaw-witamina-d3-w-bio-oleju-konopnym-test-kasetkowy-na-wit-d\/\" \/>\n<meta property=\"og:site_name\" content=\"Hemp King\" \/>\n<meta property=\"article:publisher\" content=\"https:\/\/www.facebook.com\/hempkingpoland\" \/>\n<meta property=\"article:modified_time\" content=\"2023-05-22T11:20:21+00:00\" \/>\n<meta property=\"og:image\" content=\"https:\/\/dev.hempking.eu\/pl\/wp-content\/uploads\/sites\/2\/2022\/10\/d3_test.jpg\" \/>\n\t<meta property=\"og:image:width\" content=\"1000\" \/>\n\t<meta property=\"og:image:height\" content=\"1000\" \/>\n\t<meta property=\"og:image:type\" content=\"image\/jpeg\" \/>\n<meta name=\"twitter:card\" content=\"summary_large_image\" \/>\n<meta name=\"twitter:site\" content=\"@hempkingeu\" \/>\n<meta name=\"twitter:label1\" content=\"Price\" \/>\n\t<meta name=\"twitter:data1\" content=\"61.90&nbsp;&#122;&#322;\" \/>\n\t<meta name=\"twitter:label2\" content=\"Availability\" \/>\n\t<meta name=\"twitter:data2\" content=\"In stock\" \/>\n<script type=\"application\/ld+json\" class=\"yoast-schema-graph\">{\"@context\":\"https:\/\/schema.org\",\"@graph\":[{\"@type\":\"WebPage\",\"@id\":\"https:\/\/dev.hempking.eu\/pl\/zestaw-witamina-d3-w-bio-oleju-konopnym-test-kasetkowy-na-wit-d\/\",\"url\":\"https:\/\/dev.hempking.eu\/pl\/zestaw-witamina-d3-w-bio-oleju-konopnym-test-kasetkowy-na-wit-d\/\",\"name\":\"Zestaw: Witamina D3 w BIO oleju konopnym + test kasetkowy na wit. D - Hemp King\",\"isPartOf\":{\"@id\":\"https:\/\/dev.hempking.eu\/pl\/#website\"},\"primaryImageOfPage\":{\"@id\":\"https:\/\/dev.hempking.eu\/pl\/zestaw-witamina-d3-w-bio-oleju-konopnym-test-kasetkowy-na-wit-d\/#primaryimage\"},\"image\":{\"@id\":\"https:\/\/dev.hempking.eu\/pl\/zestaw-witamina-d3-w-bio-oleju-konopnym-test-kasetkowy-na-wit-d\/#primaryimage\"},\"thumbnailUrl\":\"https:\/\/dev.hempking.eu\/pl\/wp-content\/uploads\/sites\/2\/2022\/10\/d3_test.jpg\",\"datePublished\":\"2022-10-14T12:23:25+00:00\",\"dateModified\":\"2023-05-22T11:20:21+00:00\",\"description\":\"Zobacz \u261b Zestaw: Witamina D3 w BIO oleju konopnym + test kasetkowy na wit. D w konopnym sklepie HempKing \u2705100% naturalne \u2705 Zadbaj z nami o swoj\u0105 diet\u0119!\",\"breadcrumb\":{\"@id\":\"https:\/\/dev.hempking.eu\/pl\/zestaw-witamina-d3-w-bio-oleju-konopnym-test-kasetkowy-na-wit-d\/#breadcrumb\"},\"inLanguage\":\"pl-PL\",\"potentialAction\":[{\"@type\":\"ReadAction\",\"target\":[\"https:\/\/dev.hempking.eu\/pl\/zestaw-witamina-d3-w-bio-oleju-konopnym-test-kasetkowy-na-wit-d\/\"]}]},{\"@type\":\"ImageObject\",\"inLanguage\":\"pl-PL\",\"@id\":\"https:\/\/dev.hempking.eu\/pl\/zestaw-witamina-d3-w-bio-oleju-konopnym-test-kasetkowy-na-wit-d\/#primaryimage\",\"url\":\"https:\/\/dev.hempking.eu\/pl\/wp-content\/uploads\/sites\/2\/2022\/10\/d3_test.jpg\",\"contentUrl\":\"https:\/\/dev.hempking.eu\/pl\/wp-content\/uploads\/sites\/2\/2022\/10\/d3_test.jpg\",\"width\":1000,\"height\":1000,\"caption\":\"zestaw witamina D i test na witamin\u0119 D\"},{\"@type\":\"BreadcrumbList\",\"@id\":\"https:\/\/dev.hempking.eu\/pl\/zestaw-witamina-d3-w-bio-oleju-konopnym-test-kasetkowy-na-wit-d\/#breadcrumb\",\"itemListElement\":[{\"@type\":\"ListItem\",\"position\":1,\"name\":\"Home\",\"item\":\"https:\/\/dev.hempking.eu\/pl\/\"},{\"@type\":\"ListItem\",\"position\":2,\"name\":\"Sklep\",\"item\":\"https:\/\/dev.hempking.eu\/pl\/shop\/\"},{\"@type\":\"ListItem\",\"position\":3,\"name\":\"Witaminy i minera\u0142y\",\"item\":\"https:\/\/dev.hempking.eu\/pl\/witaminy-i-mineraly\/\"},{\"@type\":\"ListItem\",\"position\":4,\"name\":\"Witaminy\",\"item\":\"https:\/\/dev.hempking.eu\/pl\/witaminy\/\"},{\"@type\":\"ListItem\",\"position\":5,\"name\":\"Witaminy w oleju konopnym\",\"item\":\"https:\/\/dev.hempking.eu\/pl\/witaminy-w-oleju-konopnym\/\"},{\"@type\":\"ListItem\",\"position\":6,\"name\":\"Zestaw: Witamina D3 w BIO oleju konopnym + test kasetkowy na wit. D\"}]},{\"@type\":\"WebSite\",\"@id\":\"https:\/\/dev.hempking.eu\/pl\/#website\",\"url\":\"https:\/\/dev.hempking.eu\/pl\/\",\"name\":\"Hemp King\",\"description\":\"\",\"publisher\":{\"@id\":\"https:\/\/dev.hempking.eu\/pl\/#organization\"},\"potentialAction\":[{\"@type\":\"SearchAction\",\"target\":{\"@type\":\"EntryPoint\",\"urlTemplate\":\"https:\/\/dev.hempking.eu\/pl\/?s={search_term_string}\"},\"query-input\":{\"@type\":\"PropertyValueSpecification\",\"valueRequired\":true,\"valueName\":\"search_term_string\"}}],\"inLanguage\":\"pl-PL\"},{\"@type\":\"Organization\",\"@id\":\"https:\/\/dev.hempking.eu\/pl\/#organization\",\"name\":\"Hemp King\",\"url\":\"https:\/\/dev.hempking.eu\/pl\/\",\"logo\":{\"@type\":\"ImageObject\",\"inLanguage\":\"pl-PL\",\"@id\":\"https:\/\/dev.hempking.eu\/pl\/#\/schema\/logo\/image\/\",\"url\":\"https:\/\/dev.hempking.eu\/pl\/wp-content\/uploads\/sites\/2\/2020\/05\/hempking.png\",\"contentUrl\":\"https:\/\/dev.hempking.eu\/pl\/wp-content\/uploads\/sites\/2\/2020\/05\/hempking.png\",\"width\":148,\"height\":91,\"caption\":\"Hemp King\"},\"image\":{\"@id\":\"https:\/\/dev.hempking.eu\/pl\/#\/schema\/logo\/image\/\"},\"sameAs\":[\"https:\/\/www.facebook.com\/hempkingpoland\",\"https:\/\/x.com\/hempkingeu\",\"https:\/\/www.instagram.com\/hempkingeu\/\",\"https:\/\/www.linkedin.com\/company\/hempking-eu\/mycompany\/\",\"https:\/\/pl.pinterest.com\/hempkingeu\/\",\"https:\/\/www.youtube.com\/channel\/UCUkeZA1fj4hSZfoYm0WpZ7w\"]}]}<\/script>\n<meta property=\"product:price:amount\" content=\"61.90\" \/>\n<meta property=\"product:price:currency\" content=\"PLN\" \/>\n<meta property=\"og:availability\" content=\"instock\" \/>\n<meta property=\"product:availability\" content=\"instock\" \/>\n<meta property=\"product:condition\" content=\"new\" \/>\n<!-- \/ Yoast SEO Premium plugin. -->","yoast_head_json":{"title":"Zestaw: Witamina D3 w BIO oleju konopnym + test kasetkowy na wit. D - Hemp King","description":"Zobacz \u261b Zestaw: Witamina D3 w BIO oleju konopnym + test kasetkowy na wit. D w konopnym sklepie HempKing \u2705100% naturalne \u2705 Zadbaj z nami o swoj\u0105 diet\u0119!","canonical":"https:\/\/dev.hempking.eu\/pl\/zestaw-witamina-d3-w-bio-oleju-konopnym-test-kasetkowy-na-wit-d\/","og_locale":"pl_PL","og_type":"article","og_title":"Zestaw: Witamina D3 w BIO oleju konopnym + test kasetkowy na wit. D","og_description":"Zobacz \u261b Zestaw: Witamina D3 w BIO oleju konopnym + test kasetkowy na wit. D w konopnym sklepie HempKing \u2705100% naturalne \u2705 Zadbaj z nami o swoj\u0105 diet\u0119!","og_url":"https:\/\/dev.hempking.eu\/pl\/zestaw-witamina-d3-w-bio-oleju-konopnym-test-kasetkowy-na-wit-d\/","og_site_name":"Hemp King","article_publisher":"https:\/\/www.facebook.com\/hempkingpoland","article_modified_time":"2023-05-22T11:20:21+00:00","og_image":[{"width":1000,"height":1000,"url":"https:\/\/dev.hempking.eu\/pl\/wp-content\/uploads\/sites\/2\/2022\/10\/d3_test.jpg","type":"image\/jpeg"}],"twitter_card":"summary_large_image","twitter_site":"@hempkingeu","twitter_misc":{"Price":"61.90&nbsp;&#122;&#322;","Availability":"In stock"},"schema":{"@context":"https:\/\/schema.org","@graph":[{"@type":"WebPage","@id":"https:\/\/dev.hempking.eu\/pl\/zestaw-witamina-d3-w-bio-oleju-konopnym-test-kasetkowy-na-wit-d\/","url":"https:\/\/dev.hempking.eu\/pl\/zestaw-witamina-d3-w-bio-oleju-konopnym-test-kasetkowy-na-wit-d\/","name":"Zestaw: Witamina D3 w BIO oleju konopnym + test kasetkowy na wit. D - Hemp King","isPartOf":{"@id":"https:\/\/dev.hempking.eu\/pl\/#website"},"primaryImageOfPage":{"@id":"https:\/\/dev.hempking.eu\/pl\/zestaw-witamina-d3-w-bio-oleju-konopnym-test-kasetkowy-na-wit-d\/#primaryimage"},"image":{"@id":"https:\/\/dev.hempking.eu\/pl\/zestaw-witamina-d3-w-bio-oleju-konopnym-test-kasetkowy-na-wit-d\/#primaryimage"},"thumbnailUrl":"https:\/\/dev.hempking.eu\/pl\/wp-content\/uploads\/sites\/2\/2022\/10\/d3_test.jpg","datePublished":"2022-10-14T12:23:25+00:00","dateModified":"2023-05-22T11:20:21+00:00","description":"Zobacz \u261b Zestaw: Witamina D3 w BIO oleju konopnym + test kasetkowy na wit. D w konopnym sklepie HempKing \u2705100% naturalne \u2705 Zadbaj z nami o swoj\u0105 diet\u0119!","breadcrumb":{"@id":"https:\/\/dev.hempking.eu\/pl\/zestaw-witamina-d3-w-bio-oleju-konopnym-test-kasetkowy-na-wit-d\/#breadcrumb"},"inLanguage":"pl-PL","potentialAction":[{"@type":"ReadAction","target":["https:\/\/dev.hempking.eu\/pl\/zestaw-witamina-d3-w-bio-oleju-konopnym-test-kasetkowy-na-wit-d\/"]}]},{"@type":"ImageObject","inLanguage":"pl-PL","@id":"https:\/\/dev.hempking.eu\/pl\/zestaw-witamina-d3-w-bio-oleju-konopnym-test-kasetkowy-na-wit-d\/#primaryimage","url":"https:\/\/dev.hempking.eu\/pl\/wp-content\/uploads\/sites\/2\/2022\/10\/d3_test.jpg","contentUrl":"https:\/\/dev.hempking.eu\/pl\/wp-content\/uploads\/sites\/2\/2022\/10\/d3_test.jpg","width":1000,"height":1000,"caption":"zestaw witamina D i test na witamin\u0119 D"},{"@type":"BreadcrumbList","@id":"https:\/\/dev.hempking.eu\/pl\/zestaw-witamina-d3-w-bio-oleju-konopnym-test-kasetkowy-na-wit-d\/#breadcrumb","itemListElement":[{"@type":"ListItem","position":1,"name":"Home","item":"https:\/\/dev.hempking.eu\/pl\/"},{"@type":"ListItem","position":2,"name":"Sklep","item":"https:\/\/dev.hempking.eu\/pl\/shop\/"},{"@type":"ListItem","position":3,"name":"Witaminy i minera\u0142y","item":"https:\/\/dev.hempking.eu\/pl\/witaminy-i-mineraly\/"},{"@type":"ListItem","position":4,"name":"Witaminy","item":"https:\/\/dev.hempking.eu\/pl\/witaminy\/"},{"@type":"ListItem","position":5,"name":"Witaminy w oleju konopnym","item":"https:\/\/dev.hempking.eu\/pl\/witaminy-w-oleju-konopnym\/"},{"@type":"ListItem","position":6,"name":"Zestaw: Witamina D3 w BIO oleju konopnym + test kasetkowy na wit. D"}]},{"@type":"WebSite","@id":"https:\/\/dev.hempking.eu\/pl\/#website","url":"https:\/\/dev.hempking.eu\/pl\/","name":"Hemp King","description":"","publisher":{"@id":"https:\/\/dev.hempking.eu\/pl\/#organization"},"potentialAction":[{"@type":"SearchAction","target":{"@type":"EntryPoint","urlTemplate":"https:\/\/dev.hempking.eu\/pl\/?s={search_term_string}"},"query-input":{"@type":"PropertyValueSpecification","valueRequired":true,"valueName":"search_term_string"}}],"inLanguage":"pl-PL"},{"@type":"Organization","@id":"https:\/\/dev.hempking.eu\/pl\/#organization","name":"Hemp King","url":"https:\/\/dev.hempking.eu\/pl\/","logo":{"@type":"ImageObject","inLanguage":"pl-PL","@id":"https:\/\/dev.hempking.eu\/pl\/#\/schema\/logo\/image\/","url":"https:\/\/dev.hempking.eu\/pl\/wp-content\/uploads\/sites\/2\/2020\/05\/hempking.png","contentUrl":"https:\/\/dev.hempking.eu\/pl\/wp-content\/uploads\/sites\/2\/2020\/05\/hempking.png","width":148,"height":91,"caption":"Hemp King"},"image":{"@id":"https:\/\/dev.hempking.eu\/pl\/#\/schema\/logo\/image\/"},"sameAs":["https:\/\/www.facebook.com\/hempkingpoland","https:\/\/x.com\/hempkingeu","https:\/\/www.instagram.com\/hempkingeu\/","https:\/\/www.linkedin.com\/company\/hempking-eu\/mycompany\/","https:\/\/pl.pinterest.com\/hempkingeu\/","https:\/\/www.youtube.com\/channel\/UCUkeZA1fj4hSZfoYm0WpZ7w"]}]},"product_price_amount":"61.90","product_price_currency":"PLN","og_availability":"instock","product_availability":"instock","product_condition":"new"},"_links":{"self":[{"href":"https:\/\/dev.hempking.eu\/pl\/wp-json\/wp\/v2\/product\/109583","targetHints":{"allow":["GET"]}}],"collection":[{"href":"https:\/\/dev.hempking.eu\/pl\/wp-json\/wp\/v2\/product"}],"about":[{"href":"https:\/\/dev.hempking.eu\/pl\/wp-json\/wp\/v2\/types\/product"}],"wp:featuredmedia":[{"embeddable":true,"href":"https:\/\/dev.hempking.eu\/pl\/wp-json\/wp\/v2\/media\/109589"}],"wp:attachment":[{"href":"https:\/\/dev.hempking.eu\/pl\/wp-json\/wp\/v2\/media?parent=109583"}],"wp:term":[{"taxonomy":"product_cat","embeddable":true,"href":"https:\/\/dev.hempking.eu\/pl\/wp-json\/wp\/v2\/product_cat?post=109583"},{"taxonomy":"product_tag","embeddable":true,"href":"https:\/\/dev.hempking.eu\/pl\/wp-json\/wp\/v2\/product_tag?post=109583"}],"curies":[{"name":"wp","href":"https:\/\/api.w.org\/{rel}","templated":true}]}}