{"id":109584,"date":"2022-10-14T13:18:34","date_gmt":"2022-10-14T11:18:34","guid":{"rendered":"https:\/\/hempking.eu\/pl\/?post_type=product&#038;p=109584"},"modified":"2023-05-20T18:21:04","modified_gmt":"2023-05-20T16:21:04","slug":"bio-algae-detox","status":"publish","type":"product","link":"https:\/\/dev.hempking.eu\/pl\/bio-algae-detox\/","title":{"rendered":"BIO Algae Detox - 500 mg - 240 tabletek"},"content":{"rendered":"<h2 style=\"text-align: justify\"><span style=\"font-weight: 400\">Spirulina czy chlorella?\u00a0<\/span><\/h2>\n<p style=\"text-align: justify\"><span style=\"font-weight: 400\">Ten produkt to po\u0142\u0105czenie BIO spiruliny oraz BIO chlorelli w wygodnej formie naturalnych tabletek! Od dzisiaj nie musisz wybiera\u0107 &#8211; mo\u017cesz stosowa\u0107 obie algi na raz, w \u0142atwy spos\u00f3b. Dzi\u0119ki po\u0142\u0105czeniu obu stosowanie alg s\u0142odkowodnych w diecie sta\u0142o si\u0119 \u0142atwe i przyjemne.\u00a0<\/span><\/p>\n<h2 style=\"text-align: justify\"><span style=\"font-weight: 400\">Chlorella i spirulina &#8211; czym s\u0105?<\/span><\/h2>\n<p style=\"text-align: justify\"><span style=\"font-weight: 400\">Zastanawiasz si\u0119 co to jest spirulina? A mo\u017ce po g\u0142owie chodzi ci pytanie \u201cchlorella &#8211; co to?\u201d Zar\u00f3wno spirulina jak i chlorella to algi s\u0142odkowodne, kt\u00f3re uznawane s\u0105 za superfood, czyli super\u017cywno\u015b\u0107. S\u0105 cenione w diecie ze wzgl\u0119du na swoje w\u0142a\u015bciwo\u015bci detoksykuj\u0105ce, wspieraj\u0105ce diety redukcyjne czy za sk\u0142adniki od\u017cywcze, kt\u00f3rych dostarczaj\u0105 do diety. Zatem co to jest spirulina dok\u0142adnie? To alga z gatunku sinic. Z kolei na pytanie chlorella &#8211; co to, mo\u017cna odpowiedzie\u0107, \u017ce to glon nale\u017c\u0105cy do gromady zielenic. R\u00f3\u017cnice na pierwszy rzut oka pomi\u0119dzy tymi algami to g\u0142\u00f3wnie r\u00f3\u017cnice w kolorze. Spirulina ma niebieskawy kolor, z kolei Chlorella jest bardziej zielona.\u00a0<\/span><\/p>\n<h2 style=\"text-align: justify\"><span style=\"font-weight: 400\">Chlorella, a spirulina &#8211; r\u00f3\u017cnice<\/span><\/h2>\n<p style=\"text-align: justify\"><span style=\"font-weight: 400\">Chlorella i spirulina zatem r\u00f3\u017cni\u0105 si\u0119 je\u015bli chodzi o w\u0142a\u015bciwo\u015bci, chocia\u017c obie to algi s\u0142odkowodne. To w\u0142a\u015bnie dlatego warto stosowa\u0107 je razem, poniewa\u017c ich w\u0142a\u015bciwo\u015bci doskonale uzupe\u0142niaj\u0105 si\u0119 i sprawiaj\u0105, \u017ce taki produkt jest wydajny.To, co mo\u017ce zrobi\u0107 chlorella, a spirulina uzupe\u0142ni\u0107, je\u015bli chodzi o w\u0142a\u015bciwo\u015bci, przyda si\u0119 zw\u0142aszcza podczas diety oczyszczaj\u0105cej i detoksykacyjnej, a tak\u017ce redukcyjnej.\u00a0<\/span><\/p>\n<p style=\"text-align: justify\"><a href=\"https:\/\/dev.hempking.eu\/pl\/wp-content\/uploads\/sites\/2\/2022\/01\/warunki2.jpg\"><img loading=\"lazy\" decoding=\"async\" class=\"alignnone size-full wp-image-85647\" src=\"https:\/\/dev.hempking.eu\/pl\/wp-content\/uploads\/sites\/2\/2022\/01\/warunki2.jpg\" alt=\"warunki przechowywania produkt\u00f3w konopnych HempKing\" width=\"755\" height=\"307\" srcset=\"https:\/\/dev.hempking.eu\/pl\/wp-content\/uploads\/sites\/2\/2022\/01\/warunki2.jpg 755w, https:\/\/dev.hempking.eu\/pl\/wp-content\/uploads\/sites\/2\/2022\/01\/warunki2-640x260.jpg 640w, https:\/\/dev.hempking.eu\/pl\/wp-content\/uploads\/sites\/2\/2022\/01\/warunki2-400x163.jpg 400w, https:\/\/dev.hempking.eu\/pl\/wp-content\/uploads\/sites\/2\/2022\/01\/warunki2-600x244.jpg 600w\" sizes=\"auto, (max-width: 755px) 100vw, 755px\" \/><\/a><\/p>\n","protected":false},"excerpt":{"rendered":"<ul>\n<li>Algi z kontrolowanych hodowli,<\/li>\n<li>nie zawiera cukru i laktozy,<\/li>\n<li>w 100% naturalny produkt,<\/li>\n<li>odpowiedni dla wegan i wegetarian,<\/li>\n<li>posiada certyfikat Ekologiczny.<\/li>\n<\/ul>\n<p><strong>Pojemno\u015b\u0107: 240 tabletek<\/strong><\/p>\n","protected":false},"featured_media":109585,"template":"","meta":{"_acf_changed":false},"product_cat":[96,130,98,34],"product_tag":[],"class_list":{"0":"post-109584","1":"product","2":"type-product","3":"status-publish","4":"has-post-thumbnail","6":"product_cat-suplementy","7":"product_cat-algi-w-proszku","8":"product_cat-superfoods","9":"product_cat-nowosci","11":"first","12":"outofstock","13":"shipping-taxable","14":"purchasable","15":"product-type-simple"},"acf":[],"yoast_head":"<!-- This site is optimized with the Yoast SEO Premium plugin v23.4 (Yoast SEO v24.0) - https:\/\/yoast.com\/wordpress\/plugins\/seo\/ -->\n<title>BIO Algae Detox - 500 mg - 240 tabletek - Hemp King<\/title>\n<meta name=\"description\" content=\"Zobacz \u261b BIO Algae Detox - 500 mg - 240 tabletek w konopnym sklepie HempKing \u2705100% naturalne \u2705 Zadbaj z nami o swoj\u0105 diet\u0119!\" \/>\n<link rel=\"canonical\" href=\"https:\/\/dev.hempking.eu\/pl\/bio-algae-detox\/\" \/>\n<meta property=\"og:locale\" content=\"pl_PL\" \/>\n<meta property=\"og:type\" content=\"article\" \/>\n<meta property=\"og:title\" content=\"BIO Algae Detox\" \/>\n<meta property=\"og:description\" content=\"Zobacz \u261b BIO Algae Detox - 500 mg - 240 tabletek w konopnym sklepie HempKing \u2705100% naturalne \u2705 Zadbaj z nami o swoj\u0105 diet\u0119!\" \/>\n<meta property=\"og:url\" content=\"https:\/\/dev.hempking.eu\/pl\/bio-algae-detox\/\" \/>\n<meta property=\"og:site_name\" content=\"Hemp King\" \/>\n<meta property=\"article:publisher\" content=\"https:\/\/www.facebook.com\/hempkingpoland\" \/>\n<meta property=\"article:modified_time\" content=\"2023-05-20T16:21:04+00:00\" \/>\n<meta property=\"og:image\" content=\"https:\/\/dev.hempking.eu\/pl\/wp-content\/uploads\/sites\/2\/2022\/10\/BIO-ALGAE-DETOX_2.jpg\" \/>\n\t<meta property=\"og:image:width\" content=\"1000\" \/>\n\t<meta property=\"og:image:height\" content=\"1000\" \/>\n\t<meta property=\"og:image:type\" content=\"image\/jpeg\" \/>\n<meta name=\"twitter:card\" content=\"summary_large_image\" \/>\n<meta name=\"twitter:title\" content=\"BIO Algae Detox\" \/>\n<meta name=\"twitter:site\" content=\"@hempkingeu\" \/>\n<meta name=\"twitter:label1\" content=\"Price\" \/>\n\t<meta name=\"twitter:data1\" content=\"39.90&nbsp;&#122;&#322;\" \/>\n\t<meta name=\"twitter:label2\" content=\"Availability\" \/>\n\t<meta name=\"twitter:data2\" content=\"Out of stock\" \/>\n<script type=\"application\/ld+json\" class=\"yoast-schema-graph\">{\"@context\":\"https:\/\/schema.org\",\"@graph\":[{\"@type\":\"WebPage\",\"@id\":\"https:\/\/dev.hempking.eu\/pl\/bio-algae-detox\/\",\"url\":\"https:\/\/dev.hempking.eu\/pl\/bio-algae-detox\/\",\"name\":\"BIO Algae Detox - 500 mg - 240 tabletek - Hemp King\",\"isPartOf\":{\"@id\":\"https:\/\/dev.hempking.eu\/pl\/#website\"},\"primaryImageOfPage\":{\"@id\":\"https:\/\/dev.hempking.eu\/pl\/bio-algae-detox\/#primaryimage\"},\"image\":{\"@id\":\"https:\/\/dev.hempking.eu\/pl\/bio-algae-detox\/#primaryimage\"},\"thumbnailUrl\":\"https:\/\/dev.hempking.eu\/pl\/wp-content\/uploads\/sites\/2\/2022\/10\/BIO-ALGAE-DETOX_2.jpg\",\"datePublished\":\"2022-10-14T11:18:34+00:00\",\"dateModified\":\"2023-05-20T16:21:04+00:00\",\"description\":\"Zobacz \u261b BIO Algae Detox - 500 mg - 240 tabletek w konopnym sklepie HempKing \u2705100% naturalne \u2705 Zadbaj z nami o swoj\u0105 diet\u0119!\",\"breadcrumb\":{\"@id\":\"https:\/\/dev.hempking.eu\/pl\/bio-algae-detox\/#breadcrumb\"},\"inLanguage\":\"pl-PL\",\"potentialAction\":[{\"@type\":\"ReadAction\",\"target\":[\"https:\/\/dev.hempking.eu\/pl\/bio-algae-detox\/\"]}]},{\"@type\":\"ImageObject\",\"inLanguage\":\"pl-PL\",\"@id\":\"https:\/\/dev.hempking.eu\/pl\/bio-algae-detox\/#primaryimage\",\"url\":\"https:\/\/dev.hempking.eu\/pl\/wp-content\/uploads\/sites\/2\/2022\/10\/BIO-ALGAE-DETOX_2.jpg\",\"contentUrl\":\"https:\/\/dev.hempking.eu\/pl\/wp-content\/uploads\/sites\/2\/2022\/10\/BIO-ALGAE-DETOX_2.jpg\",\"width\":1000,\"height\":1000,\"caption\":\"algi w tabletkach\"},{\"@type\":\"BreadcrumbList\",\"@id\":\"https:\/\/dev.hempking.eu\/pl\/bio-algae-detox\/#breadcrumb\",\"itemListElement\":[{\"@type\":\"ListItem\",\"position\":1,\"name\":\"Home\",\"item\":\"https:\/\/dev.hempking.eu\/pl\/\"},{\"@type\":\"ListItem\",\"position\":2,\"name\":\"Sklep\",\"item\":\"https:\/\/dev.hempking.eu\/pl\/shop\/\"},{\"@type\":\"ListItem\",\"position\":3,\"name\":\"Suplementy\",\"item\":\"https:\/\/dev.hempking.eu\/pl\/suplementy\/\"},{\"@type\":\"ListItem\",\"position\":4,\"name\":\"Algi w proszku\",\"item\":\"https:\/\/dev.hempking.eu\/pl\/algi-w-proszku\/\"},{\"@type\":\"ListItem\",\"position\":5,\"name\":\"BIO Algae Detox - 500 mg - 240 tabletek\"}]},{\"@type\":\"WebSite\",\"@id\":\"https:\/\/dev.hempking.eu\/pl\/#website\",\"url\":\"https:\/\/dev.hempking.eu\/pl\/\",\"name\":\"Hemp King\",\"description\":\"\",\"publisher\":{\"@id\":\"https:\/\/dev.hempking.eu\/pl\/#organization\"},\"potentialAction\":[{\"@type\":\"SearchAction\",\"target\":{\"@type\":\"EntryPoint\",\"urlTemplate\":\"https:\/\/dev.hempking.eu\/pl\/?s={search_term_string}\"},\"query-input\":{\"@type\":\"PropertyValueSpecification\",\"valueRequired\":true,\"valueName\":\"search_term_string\"}}],\"inLanguage\":\"pl-PL\"},{\"@type\":\"Organization\",\"@id\":\"https:\/\/dev.hempking.eu\/pl\/#organization\",\"name\":\"Hemp King\",\"url\":\"https:\/\/dev.hempking.eu\/pl\/\",\"logo\":{\"@type\":\"ImageObject\",\"inLanguage\":\"pl-PL\",\"@id\":\"https:\/\/dev.hempking.eu\/pl\/#\/schema\/logo\/image\/\",\"url\":\"https:\/\/dev.hempking.eu\/pl\/wp-content\/uploads\/sites\/2\/2020\/05\/hempking.png\",\"contentUrl\":\"https:\/\/dev.hempking.eu\/pl\/wp-content\/uploads\/sites\/2\/2020\/05\/hempking.png\",\"width\":148,\"height\":91,\"caption\":\"Hemp King\"},\"image\":{\"@id\":\"https:\/\/dev.hempking.eu\/pl\/#\/schema\/logo\/image\/\"},\"sameAs\":[\"https:\/\/www.facebook.com\/hempkingpoland\",\"https:\/\/x.com\/hempkingeu\",\"https:\/\/www.instagram.com\/hempkingeu\/\",\"https:\/\/www.linkedin.com\/company\/hempking-eu\/mycompany\/\",\"https:\/\/pl.pinterest.com\/hempkingeu\/\",\"https:\/\/www.youtube.com\/channel\/UCUkeZA1fj4hSZfoYm0WpZ7w\"]}]}<\/script>\n<meta property=\"product:price:amount\" content=\"39.90\" \/>\n<meta property=\"product:price:currency\" content=\"PLN\" \/>\n<meta property=\"og:availability\" content=\"out of stock\" \/>\n<meta property=\"product:availability\" content=\"out of stock\" \/>\n<meta property=\"product:retailer_item_id\" content=\"5904806120007\" \/>\n<meta property=\"product:condition\" content=\"new\" \/>\n<!-- \/ Yoast SEO Premium plugin. -->","yoast_head_json":{"title":"BIO Algae Detox - 500 mg - 240 tabletek - Hemp King","description":"Zobacz \u261b BIO Algae Detox - 500 mg - 240 tabletek w konopnym sklepie HempKing \u2705100% naturalne \u2705 Zadbaj z nami o swoj\u0105 diet\u0119!","canonical":"https:\/\/dev.hempking.eu\/pl\/bio-algae-detox\/","og_locale":"pl_PL","og_type":"article","og_title":"BIO Algae Detox","og_description":"Zobacz \u261b BIO Algae Detox - 500 mg - 240 tabletek w konopnym sklepie HempKing \u2705100% naturalne \u2705 Zadbaj z nami o swoj\u0105 diet\u0119!","og_url":"https:\/\/dev.hempking.eu\/pl\/bio-algae-detox\/","og_site_name":"Hemp King","article_publisher":"https:\/\/www.facebook.com\/hempkingpoland","article_modified_time":"2023-05-20T16:21:04+00:00","og_image":[{"width":1000,"height":1000,"url":"https:\/\/dev.hempking.eu\/pl\/wp-content\/uploads\/sites\/2\/2022\/10\/BIO-ALGAE-DETOX_2.jpg","type":"image\/jpeg"}],"twitter_card":"summary_large_image","twitter_title":"BIO Algae Detox","twitter_site":"@hempkingeu","twitter_misc":{"Price":"39.90&nbsp;&#122;&#322;","Availability":"Out of stock"},"schema":{"@context":"https:\/\/schema.org","@graph":[{"@type":"WebPage","@id":"https:\/\/dev.hempking.eu\/pl\/bio-algae-detox\/","url":"https:\/\/dev.hempking.eu\/pl\/bio-algae-detox\/","name":"BIO Algae Detox - 500 mg - 240 tabletek - Hemp King","isPartOf":{"@id":"https:\/\/dev.hempking.eu\/pl\/#website"},"primaryImageOfPage":{"@id":"https:\/\/dev.hempking.eu\/pl\/bio-algae-detox\/#primaryimage"},"image":{"@id":"https:\/\/dev.hempking.eu\/pl\/bio-algae-detox\/#primaryimage"},"thumbnailUrl":"https:\/\/dev.hempking.eu\/pl\/wp-content\/uploads\/sites\/2\/2022\/10\/BIO-ALGAE-DETOX_2.jpg","datePublished":"2022-10-14T11:18:34+00:00","dateModified":"2023-05-20T16:21:04+00:00","description":"Zobacz \u261b BIO Algae Detox - 500 mg - 240 tabletek w konopnym sklepie HempKing \u2705100% naturalne \u2705 Zadbaj z nami o swoj\u0105 diet\u0119!","breadcrumb":{"@id":"https:\/\/dev.hempking.eu\/pl\/bio-algae-detox\/#breadcrumb"},"inLanguage":"pl-PL","potentialAction":[{"@type":"ReadAction","target":["https:\/\/dev.hempking.eu\/pl\/bio-algae-detox\/"]}]},{"@type":"ImageObject","inLanguage":"pl-PL","@id":"https:\/\/dev.hempking.eu\/pl\/bio-algae-detox\/#primaryimage","url":"https:\/\/dev.hempking.eu\/pl\/wp-content\/uploads\/sites\/2\/2022\/10\/BIO-ALGAE-DETOX_2.jpg","contentUrl":"https:\/\/dev.hempking.eu\/pl\/wp-content\/uploads\/sites\/2\/2022\/10\/BIO-ALGAE-DETOX_2.jpg","width":1000,"height":1000,"caption":"algi w tabletkach"},{"@type":"BreadcrumbList","@id":"https:\/\/dev.hempking.eu\/pl\/bio-algae-detox\/#breadcrumb","itemListElement":[{"@type":"ListItem","position":1,"name":"Home","item":"https:\/\/dev.hempking.eu\/pl\/"},{"@type":"ListItem","position":2,"name":"Sklep","item":"https:\/\/dev.hempking.eu\/pl\/shop\/"},{"@type":"ListItem","position":3,"name":"Suplementy","item":"https:\/\/dev.hempking.eu\/pl\/suplementy\/"},{"@type":"ListItem","position":4,"name":"Algi w proszku","item":"https:\/\/dev.hempking.eu\/pl\/algi-w-proszku\/"},{"@type":"ListItem","position":5,"name":"BIO Algae Detox - 500 mg - 240 tabletek"}]},{"@type":"WebSite","@id":"https:\/\/dev.hempking.eu\/pl\/#website","url":"https:\/\/dev.hempking.eu\/pl\/","name":"Hemp King","description":"","publisher":{"@id":"https:\/\/dev.hempking.eu\/pl\/#organization"},"potentialAction":[{"@type":"SearchAction","target":{"@type":"EntryPoint","urlTemplate":"https:\/\/dev.hempking.eu\/pl\/?s={search_term_string}"},"query-input":{"@type":"PropertyValueSpecification","valueRequired":true,"valueName":"search_term_string"}}],"inLanguage":"pl-PL"},{"@type":"Organization","@id":"https:\/\/dev.hempking.eu\/pl\/#organization","name":"Hemp King","url":"https:\/\/dev.hempking.eu\/pl\/","logo":{"@type":"ImageObject","inLanguage":"pl-PL","@id":"https:\/\/dev.hempking.eu\/pl\/#\/schema\/logo\/image\/","url":"https:\/\/dev.hempking.eu\/pl\/wp-content\/uploads\/sites\/2\/2020\/05\/hempking.png","contentUrl":"https:\/\/dev.hempking.eu\/pl\/wp-content\/uploads\/sites\/2\/2020\/05\/hempking.png","width":148,"height":91,"caption":"Hemp King"},"image":{"@id":"https:\/\/dev.hempking.eu\/pl\/#\/schema\/logo\/image\/"},"sameAs":["https:\/\/www.facebook.com\/hempkingpoland","https:\/\/x.com\/hempkingeu","https:\/\/www.instagram.com\/hempkingeu\/","https:\/\/www.linkedin.com\/company\/hempking-eu\/mycompany\/","https:\/\/pl.pinterest.com\/hempkingeu\/","https:\/\/www.youtube.com\/channel\/UCUkeZA1fj4hSZfoYm0WpZ7w"]}]},"product_price_amount":"39.90","product_price_currency":"PLN","og_availability":"out of stock","product_availability":"out of stock","product_retailer_item_id":"5904806120007","product_condition":"new"},"_links":{"self":[{"href":"https:\/\/dev.hempking.eu\/pl\/wp-json\/wp\/v2\/product\/109584","targetHints":{"allow":["GET"]}}],"collection":[{"href":"https:\/\/dev.hempking.eu\/pl\/wp-json\/wp\/v2\/product"}],"about":[{"href":"https:\/\/dev.hempking.eu\/pl\/wp-json\/wp\/v2\/types\/product"}],"wp:featuredmedia":[{"embeddable":true,"href":"https:\/\/dev.hempking.eu\/pl\/wp-json\/wp\/v2\/media\/109585"}],"wp:attachment":[{"href":"https:\/\/dev.hempking.eu\/pl\/wp-json\/wp\/v2\/media?parent=109584"}],"wp:term":[{"taxonomy":"product_cat","embeddable":true,"href":"https:\/\/dev.hempking.eu\/pl\/wp-json\/wp\/v2\/product_cat?post=109584"},{"taxonomy":"product_tag","embeddable":true,"href":"https:\/\/dev.hempking.eu\/pl\/wp-json\/wp\/v2\/product_tag?post=109584"}],"curies":[{"name":"wp","href":"https:\/\/api.w.org\/{rel}","templated":true}]}}