{"id":110652,"date":"2022-10-26T14:01:21","date_gmt":"2022-10-26T12:01:21","guid":{"rendered":"https:\/\/hempking.eu\/pl\/?post_type=product&#038;p=110652"},"modified":"2023-03-28T12:20:15","modified_gmt":"2023-03-28T10:20:15","slug":"good-sleep-kapsulki-na-sen-60-kapsulek","status":"publish","type":"product","link":"https:\/\/dev.hempking.eu\/pl\/good-sleep-kapsulki-na-sen-60-kapsulek\/","title":{"rendered":"Good Sleep - 5mg CBD, 3mg CBN w kapsu\u0142ce Extract Complex - kapsu\u0142ki na sen - 60 kapsu\u0142ek"},"content":{"rendered":"<h2 style=\"text-align: justify;\">Good Sleep &#8211; s\u0142oik pe\u0142en ro\u015blinnych ekstrakt\u00f3w na sen<\/h2>\n<p style=\"text-align: justify;\"><span style=\"font-weight: 400;\">Liczenie baran\u00f3w w nocy nie jest Ci obce? A mo\u017ce ci\u0105gle zmieniasz pozycje do spania, szukaj\u0105c tej, kt\u00f3ra pomo\u017ce Ci w ko\u0144cu zasn\u0105\u0107? Budzisz si\u0119 z powodu najmniejszego szelestu w nocy? Coraz wi\u0119cej os\u00f3b cierpi na problemy ze snem. Dlatego stworzyli\u015bmy co\u015b, co pomo\u017ce Ci z nimi walczy\u0107!\u00a0<\/span><\/p>\n<p style=\"text-align: justify;\"><span style=\"font-weight: 400;\">Good Sleep to kapsu\u0142ki w wega\u0144skiej otoczce, w kt\u00f3rej znajduje si\u0119 moc ro\u015blinnych naturalnych ekstrakt\u00f3w w niepowtarzalnej formule. Kapsu\u0142ki Good Sleep na sen to wyj\u0105tkowe po\u0142\u0105czenie ekstrakt\u00f3w ro\u015blinnych i naturalnych substancji, kt\u00f3rych celem jest u\u0142atwienie Ci za\u015bni\u0119cia, a tak\u017ce maj\u0105 pom\u00f3c Ci we wdro\u017ceniu zdrowych nawyk\u00f3w dotycz\u0105cych higieny snu!\u00a0<\/span><\/p>\n<p style=\"text-align: justify;\"><span style=\"font-weight: 400;\">Musisz pami\u0119ta\u0107, \u017ce to produkt, kt\u00f3ry wesprze Ci\u0119, gdy masz problemy ze snem, ale Ty musisz mu pom\u00f3c dzia\u0142a\u0107! Jak to zrobi\u0107? Stosuj zasady higieny snu! To mi\u0119dzy innymi wieczorne unikanie niebieskiego \u015bwiat\u0142a, kt\u00f3re emituj\u0105 ekrany, dobrze zbilansowana i przemy\u015blana dieta i dostateczna ilo\u015b\u0107 ruchu w ci\u0105gu dnia czy r\u00f3\u017cne relaksacyjne metody jak medytacja. Kapsu\u0142ki Good Sleep mog\u0105 sta\u0107 si\u0119 jednym z element\u00f3w holistycznego podej\u015bcia do zdrowia oraz snu i pom\u00f3c ci zawalczy\u0107 o przespane noce!\u00a0<\/span><\/p>\n<h2 style=\"text-align: justify;\">Good Sleep &#8211; kapsu\u0142ki na lepszy sen<\/h2>\n<p style=\"text-align: justify;\"><span style=\"font-weight: 400;\">Je\u015bli zio\u0142owe tabletki na sen nie s\u0105 Ci obce, jednak szukasz czego\u015b z wi\u0119ksz\u0105 standaryzacj\u0105, bardziej skoncentrowanego w dzia\u0142aniu i z badaniami, kt\u00f3re udowadniaj\u0105 skuteczno\u015b\u0107 dzia\u0142ania, to kapsu\u0142ki na sen Good Sleep s\u0105 stworzone dla Ciebie! To nie kolejne tabletki na sen zio\u0142owe! Co sprawia, \u017ce s\u0105 wyj\u0105tkowe?\u00a0<\/span><\/p>\n<ul style=\"text-align: justify;\">\n<li style=\"font-weight: 400;\"><span style=\"font-weight: 400;\">Niepowtarzalna formu\u0142a, kt\u00f3ra \u0142\u0105czy naturalne sk\u0142adniki wysokiej jako\u015bci!\u00a0<\/span><\/li>\n<li style=\"font-weight: 400;\"><span style=\"font-weight: 400;\">Sztandarowy sk\u0142adnik jakim s\u0105 konopie siewne!\u00a0<\/span><\/li>\n<li style=\"font-weight: 400;\"><span style=\"font-weight: 400;\">Wysoki wska\u017anik DER oraz standaryzacje!\u00a0<\/span><\/li>\n<\/ul>\n<h2 style=\"text-align: justify;\">Good Sleep &#8211; to nie zwyk\u0142e zio\u0142owe tabletki na sen<\/h2>\n<p style=\"text-align: justify;\"><span style=\"font-weight: 400;\">Good Sleep nie mo\u017cna por\u00f3wna\u0107 do zwyk\u0142ej tabletki na sen bez recepty. Good Sleep wyr\u00f3\u017cnia przeznaczenie oraz to, co w sobie kryj\u0105. Kapsu\u0142ki Good Sleep s\u0105 produktem, kt\u00f3ry wesprze Ci\u0119 w walce z problemami z zasypianiem i snem, zanim stan\u0105 si\u0119 czym\u015b gro\u017anym dla Twojego zdrowia i samopoczucia! Je\u015bli czujesz, \u017ce sama dobra higiena snu, czyli ograniczenie \u015bwiat\u0142a niebieskiego przed snem, ruch, dieta nie pomagaj\u0105 i zawodz\u0105 Ci\u0119 zwyk\u0142e zio\u0142owe tabletki na sen, si\u0119gnij po Good Sleep! Pomog\u0105 Ci w zdrowym \u015bnie i szybszym zasypianiu. Sprawi\u0105, \u017ce lepiej wypoczniesz, a dzi\u0119ki temu Twoje cia\u0142o b\u0119dzie dzia\u0142a\u0107 tak, jak powinno. Czy Good Sleep to tabletki na uspokojenie, kt\u00f3re nie otumaniaj\u0105? Good Sleep stosuje si\u0119 wy\u0142\u0105cznie przed snem, nie powinno si\u0119 ich stosowa\u0107 w ci\u0105gu dnia, gdy zamierzamy prowadzi\u0107 samoch\u00f3d lub wykonywa\u0107 wa\u017cne obowi\u0105zki. Nie prowad\u017a samochodu po spo\u017cyciu kapsu\u0142ki na sen.\u00a0<\/span><\/p>\n<p style=\"text-align: justify;\"><a href=\"https:\/\/dev.hempking.eu\/pl\/wp-content\/uploads\/sites\/2\/2022\/01\/warunki2.jpg\"><img loading=\"lazy\" decoding=\"async\" class=\"alignnone size-full wp-image-85647\" src=\"https:\/\/dev.hempking.eu\/pl\/wp-content\/uploads\/sites\/2\/2022\/01\/warunki2.jpg\" alt=\"warunki przechowywania produkt\u00f3w konopnych HempKing\" width=\"755\" height=\"307\" srcset=\"https:\/\/dev.hempking.eu\/pl\/wp-content\/uploads\/sites\/2\/2022\/01\/warunki2.jpg 755w, https:\/\/dev.hempking.eu\/pl\/wp-content\/uploads\/sites\/2\/2022\/01\/warunki2-640x260.jpg 640w, https:\/\/dev.hempking.eu\/pl\/wp-content\/uploads\/sites\/2\/2022\/01\/warunki2-400x163.jpg 400w, https:\/\/dev.hempking.eu\/pl\/wp-content\/uploads\/sites\/2\/2022\/01\/warunki2-600x244.jpg 600w\" sizes=\"auto, (max-width: 755px) 100vw, 755px\" \/><\/a><\/p>\n<p style=\"text-align: justify;\">\n","protected":false},"excerpt":{"rendered":"<h2><strong>Kapsu\u0142ki na sen Good Sleep:<\/strong><\/h2>\n<ul>\n<li>standaryzowane ro\u015blinne ekstrakty,<\/li>\n<li>wysoki DER ekstrakt\u00f3w,<\/li>\n<li>wega\u0144skie, bez laktozy i glutenu,<\/li>\n<li>wspieraj\u0105 zasypianie i utrzymanie snu,<\/li>\n<li>unikatowa formu\u0142a na rynku!<\/li>\n<\/ul>\n<p><strong>Pojemno\u015b\u0107: 60 kapsu\u0142ek<\/strong><\/p>\n","protected":false},"featured_media":114652,"template":"","meta":{"_acf_changed":false},"product_cat":[19,96,134,34],"product_tag":[],"class_list":{"0":"post-110652","1":"product","2":"type-product","3":"status-publish","4":"has-post-thumbnail","6":"product_cat-kapsulki-cbd","7":"product_cat-suplementy","8":"product_cat-suplementy-na-sen","9":"product_cat-nowosci","11":"first","12":"instock","13":"shipping-taxable","14":"purchasable","15":"product-type-simple"},"acf":[],"yoast_head":"<!-- This site is optimized with the Yoast SEO Premium plugin v23.4 (Yoast SEO v24.0) - https:\/\/yoast.com\/wordpress\/plugins\/seo\/ -->\n<title>Good Sleep - 5mg CBD, 3mg CBN- 60 kapsu\u0142ek na sen HempKing<\/title>\n<meta name=\"description\" content=\"Zobacz \u261b Good Sleep - 5mg CBD, 3mg CBN- 60 kapsu\u0142ek na sen HempKing w konopnym sklepie HempKing \u2705100% naturalne \u2705 Zadbaj z nami o swoj\u0105 diet\u0119!\" \/>\n<link rel=\"canonical\" href=\"https:\/\/dev.hempking.eu\/pl\/good-sleep-kapsulki-na-sen-60-kapsulek\/\" \/>\n<meta property=\"og:locale\" content=\"pl_PL\" \/>\n<meta property=\"og:type\" content=\"article\" \/>\n<meta property=\"og:title\" content=\"Good Sleep - 5mg CBD, 3mg CBN w kapsu\u0142ce Extract Complex - kapsu\u0142ki na sen - 60 kapsu\u0142ek - Hemp King\" \/>\n<meta property=\"og:description\" content=\"Zobacz \u261b Good Sleep - 5mg CBD, 3mg CBN w kapsu\u0142ce Extract Complex - kapsu\u0142ki na sen - 60 kapsu\u0142ek w konopnym sklepie HempKing \u2705100% naturalne \u2705 Zadbaj z nami o swoj\u0105 diet\u0119!\" \/>\n<meta property=\"og:url\" content=\"https:\/\/dev.hempking.eu\/pl\/good-sleep-kapsulki-na-sen-60-kapsulek\/\" \/>\n<meta property=\"og:site_name\" content=\"Hemp King\" \/>\n<meta property=\"article:publisher\" content=\"https:\/\/www.facebook.com\/hempkingpoland\" \/>\n<meta property=\"article:modified_time\" content=\"2023-03-28T10:20:15+00:00\" \/>\n<meta property=\"og:image\" content=\"https:\/\/dev.hempking.eu\/pl\/wp-content\/uploads\/sites\/2\/2022\/10\/Good-sleep-sloik.jpg\" \/>\n\t<meta property=\"og:image:width\" content=\"1000\" \/>\n\t<meta property=\"og:image:height\" content=\"1000\" \/>\n\t<meta property=\"og:image:type\" content=\"image\/jpeg\" \/>\n<meta name=\"twitter:card\" content=\"summary_large_image\" \/>\n<meta name=\"twitter:title\" content=\"Good Sleep - 5mg CBD, 3mg CBN w kapsu\u0142ce Extract Complex - kapsu\u0142ki na sen - 60 kapsu\u0142ek - Hemp King\" \/>\n<meta name=\"twitter:description\" content=\"Zobacz \u261b Good Sleep - 5mg CBD, 3mg CBN w kapsu\u0142ce Extract Complex - kapsu\u0142ki na sen - 60 kapsu\u0142ek w konopnym sklepie HempKing \u2705100% naturalne \u2705 Zadbaj z nami o swoj\u0105 diet\u0119!\" \/>\n<meta name=\"twitter:site\" content=\"@hempkingeu\" \/>\n<meta name=\"twitter:label1\" content=\"Price\" \/>\n\t<meta name=\"twitter:data1\" content=\"86.90&nbsp;&#122;&#322;\" \/>\n\t<meta name=\"twitter:label2\" content=\"Availability\" \/>\n\t<meta name=\"twitter:data2\" content=\"In stock\" \/>\n<script type=\"application\/ld+json\" class=\"yoast-schema-graph\">{\"@context\":\"https:\/\/schema.org\",\"@graph\":[{\"@type\":\"WebPage\",\"@id\":\"https:\/\/dev.hempking.eu\/pl\/good-sleep-kapsulki-na-sen-60-kapsulek\/\",\"url\":\"https:\/\/dev.hempking.eu\/pl\/good-sleep-kapsulki-na-sen-60-kapsulek\/\",\"name\":\"Good Sleep - 5mg CBD, 3mg CBN- 60 kapsu\u0142ek na sen HempKing\",\"isPartOf\":{\"@id\":\"https:\/\/dev.hempking.eu\/pl\/#website\"},\"primaryImageOfPage\":{\"@id\":\"https:\/\/dev.hempking.eu\/pl\/good-sleep-kapsulki-na-sen-60-kapsulek\/#primaryimage\"},\"image\":{\"@id\":\"https:\/\/dev.hempking.eu\/pl\/good-sleep-kapsulki-na-sen-60-kapsulek\/#primaryimage\"},\"thumbnailUrl\":\"https:\/\/dev.hempking.eu\/pl\/wp-content\/uploads\/sites\/2\/2022\/10\/Good-sleep-sloik.jpg\",\"datePublished\":\"2022-10-26T12:01:21+00:00\",\"dateModified\":\"2023-03-28T10:20:15+00:00\",\"description\":\"Zobacz \u261b Good Sleep - 5mg CBD, 3mg CBN- 60 kapsu\u0142ek na sen HempKing w konopnym sklepie HempKing \u2705100% naturalne \u2705 Zadbaj z nami o swoj\u0105 diet\u0119!\",\"breadcrumb\":{\"@id\":\"https:\/\/dev.hempking.eu\/pl\/good-sleep-kapsulki-na-sen-60-kapsulek\/#breadcrumb\"},\"inLanguage\":\"pl-PL\",\"potentialAction\":[{\"@type\":\"ReadAction\",\"target\":[\"https:\/\/dev.hempking.eu\/pl\/good-sleep-kapsulki-na-sen-60-kapsulek\/\"]}]},{\"@type\":\"ImageObject\",\"inLanguage\":\"pl-PL\",\"@id\":\"https:\/\/dev.hempking.eu\/pl\/good-sleep-kapsulki-na-sen-60-kapsulek\/#primaryimage\",\"url\":\"https:\/\/dev.hempking.eu\/pl\/wp-content\/uploads\/sites\/2\/2022\/10\/Good-sleep-sloik.jpg\",\"contentUrl\":\"https:\/\/dev.hempking.eu\/pl\/wp-content\/uploads\/sites\/2\/2022\/10\/Good-sleep-sloik.jpg\",\"width\":1000,\"height\":1000,\"caption\":\"Good Sleep kapsu\u0142ki na sen 60 sztuk\"},{\"@type\":\"BreadcrumbList\",\"@id\":\"https:\/\/dev.hempking.eu\/pl\/good-sleep-kapsulki-na-sen-60-kapsulek\/#breadcrumb\",\"itemListElement\":[{\"@type\":\"ListItem\",\"position\":1,\"name\":\"Home\",\"item\":\"https:\/\/dev.hempking.eu\/pl\/\"},{\"@type\":\"ListItem\",\"position\":2,\"name\":\"Sklep\",\"item\":\"https:\/\/dev.hempking.eu\/pl\/shop\/\"},{\"@type\":\"ListItem\",\"position\":3,\"name\":\"Suplementy\",\"item\":\"https:\/\/dev.hempking.eu\/pl\/suplementy\/\"},{\"@type\":\"ListItem\",\"position\":4,\"name\":\"Suplementy na sen\",\"item\":\"https:\/\/dev.hempking.eu\/pl\/suplementy-na-sen\/\"},{\"@type\":\"ListItem\",\"position\":5,\"name\":\"Good Sleep - 5mg CBD, 3mg CBN w kapsu\u0142ce Extract Complex - kapsu\u0142ki na sen - 60 kapsu\u0142ek\"}]},{\"@type\":\"WebSite\",\"@id\":\"https:\/\/dev.hempking.eu\/pl\/#website\",\"url\":\"https:\/\/dev.hempking.eu\/pl\/\",\"name\":\"Hemp King\",\"description\":\"\",\"publisher\":{\"@id\":\"https:\/\/dev.hempking.eu\/pl\/#organization\"},\"potentialAction\":[{\"@type\":\"SearchAction\",\"target\":{\"@type\":\"EntryPoint\",\"urlTemplate\":\"https:\/\/dev.hempking.eu\/pl\/?s={search_term_string}\"},\"query-input\":{\"@type\":\"PropertyValueSpecification\",\"valueRequired\":true,\"valueName\":\"search_term_string\"}}],\"inLanguage\":\"pl-PL\"},{\"@type\":\"Organization\",\"@id\":\"https:\/\/dev.hempking.eu\/pl\/#organization\",\"name\":\"Hemp King\",\"url\":\"https:\/\/dev.hempking.eu\/pl\/\",\"logo\":{\"@type\":\"ImageObject\",\"inLanguage\":\"pl-PL\",\"@id\":\"https:\/\/dev.hempking.eu\/pl\/#\/schema\/logo\/image\/\",\"url\":\"https:\/\/dev.hempking.eu\/pl\/wp-content\/uploads\/sites\/2\/2020\/05\/hempking.png\",\"contentUrl\":\"https:\/\/dev.hempking.eu\/pl\/wp-content\/uploads\/sites\/2\/2020\/05\/hempking.png\",\"width\":148,\"height\":91,\"caption\":\"Hemp King\"},\"image\":{\"@id\":\"https:\/\/dev.hempking.eu\/pl\/#\/schema\/logo\/image\/\"},\"sameAs\":[\"https:\/\/www.facebook.com\/hempkingpoland\",\"https:\/\/x.com\/hempkingeu\",\"https:\/\/www.instagram.com\/hempkingeu\/\",\"https:\/\/www.linkedin.com\/company\/hempking-eu\/mycompany\/\",\"https:\/\/pl.pinterest.com\/hempkingeu\/\",\"https:\/\/www.youtube.com\/channel\/UCUkeZA1fj4hSZfoYm0WpZ7w\"]}]}<\/script>\n<meta property=\"product:price:amount\" content=\"86.90\" \/>\n<meta property=\"product:price:currency\" content=\"PLN\" \/>\n<meta property=\"og:availability\" content=\"instock\" \/>\n<meta property=\"product:availability\" content=\"instock\" \/>\n<meta property=\"product:condition\" content=\"new\" \/>\n<!-- \/ Yoast SEO Premium plugin. -->","yoast_head_json":{"title":"Good Sleep - 5mg CBD, 3mg CBN- 60 kapsu\u0142ek na sen HempKing","description":"Zobacz \u261b Good Sleep - 5mg CBD, 3mg CBN- 60 kapsu\u0142ek na sen HempKing w konopnym sklepie HempKing \u2705100% naturalne \u2705 Zadbaj z nami o swoj\u0105 diet\u0119!","canonical":"https:\/\/dev.hempking.eu\/pl\/good-sleep-kapsulki-na-sen-60-kapsulek\/","og_locale":"pl_PL","og_type":"article","og_title":"Good Sleep - 5mg CBD, 3mg CBN w kapsu\u0142ce Extract Complex - kapsu\u0142ki na sen - 60 kapsu\u0142ek - Hemp King","og_description":"Zobacz \u261b Good Sleep - 5mg CBD, 3mg CBN w kapsu\u0142ce Extract Complex - kapsu\u0142ki na sen - 60 kapsu\u0142ek w konopnym sklepie HempKing \u2705100% naturalne \u2705 Zadbaj z nami o swoj\u0105 diet\u0119!","og_url":"https:\/\/dev.hempking.eu\/pl\/good-sleep-kapsulki-na-sen-60-kapsulek\/","og_site_name":"Hemp King","article_publisher":"https:\/\/www.facebook.com\/hempkingpoland","article_modified_time":"2023-03-28T10:20:15+00:00","og_image":[{"width":1000,"height":1000,"url":"https:\/\/dev.hempking.eu\/pl\/wp-content\/uploads\/sites\/2\/2022\/10\/Good-sleep-sloik.jpg","type":"image\/jpeg"}],"twitter_card":"summary_large_image","twitter_title":"Good Sleep - 5mg CBD, 3mg CBN w kapsu\u0142ce Extract Complex - kapsu\u0142ki na sen - 60 kapsu\u0142ek - Hemp King","twitter_description":"Zobacz \u261b Good Sleep - 5mg CBD, 3mg CBN w kapsu\u0142ce Extract Complex - kapsu\u0142ki na sen - 60 kapsu\u0142ek w konopnym sklepie HempKing \u2705100% naturalne \u2705 Zadbaj z nami o swoj\u0105 diet\u0119!","twitter_site":"@hempkingeu","twitter_misc":{"Price":"86.90&nbsp;&#122;&#322;","Availability":"In stock"},"schema":{"@context":"https:\/\/schema.org","@graph":[{"@type":"WebPage","@id":"https:\/\/dev.hempking.eu\/pl\/good-sleep-kapsulki-na-sen-60-kapsulek\/","url":"https:\/\/dev.hempking.eu\/pl\/good-sleep-kapsulki-na-sen-60-kapsulek\/","name":"Good Sleep - 5mg CBD, 3mg CBN- 60 kapsu\u0142ek na sen HempKing","isPartOf":{"@id":"https:\/\/dev.hempking.eu\/pl\/#website"},"primaryImageOfPage":{"@id":"https:\/\/dev.hempking.eu\/pl\/good-sleep-kapsulki-na-sen-60-kapsulek\/#primaryimage"},"image":{"@id":"https:\/\/dev.hempking.eu\/pl\/good-sleep-kapsulki-na-sen-60-kapsulek\/#primaryimage"},"thumbnailUrl":"https:\/\/dev.hempking.eu\/pl\/wp-content\/uploads\/sites\/2\/2022\/10\/Good-sleep-sloik.jpg","datePublished":"2022-10-26T12:01:21+00:00","dateModified":"2023-03-28T10:20:15+00:00","description":"Zobacz \u261b Good Sleep - 5mg CBD, 3mg CBN- 60 kapsu\u0142ek na sen HempKing w konopnym sklepie HempKing \u2705100% naturalne \u2705 Zadbaj z nami o swoj\u0105 diet\u0119!","breadcrumb":{"@id":"https:\/\/dev.hempking.eu\/pl\/good-sleep-kapsulki-na-sen-60-kapsulek\/#breadcrumb"},"inLanguage":"pl-PL","potentialAction":[{"@type":"ReadAction","target":["https:\/\/dev.hempking.eu\/pl\/good-sleep-kapsulki-na-sen-60-kapsulek\/"]}]},{"@type":"ImageObject","inLanguage":"pl-PL","@id":"https:\/\/dev.hempking.eu\/pl\/good-sleep-kapsulki-na-sen-60-kapsulek\/#primaryimage","url":"https:\/\/dev.hempking.eu\/pl\/wp-content\/uploads\/sites\/2\/2022\/10\/Good-sleep-sloik.jpg","contentUrl":"https:\/\/dev.hempking.eu\/pl\/wp-content\/uploads\/sites\/2\/2022\/10\/Good-sleep-sloik.jpg","width":1000,"height":1000,"caption":"Good Sleep kapsu\u0142ki na sen 60 sztuk"},{"@type":"BreadcrumbList","@id":"https:\/\/dev.hempking.eu\/pl\/good-sleep-kapsulki-na-sen-60-kapsulek\/#breadcrumb","itemListElement":[{"@type":"ListItem","position":1,"name":"Home","item":"https:\/\/dev.hempking.eu\/pl\/"},{"@type":"ListItem","position":2,"name":"Sklep","item":"https:\/\/dev.hempking.eu\/pl\/shop\/"},{"@type":"ListItem","position":3,"name":"Suplementy","item":"https:\/\/dev.hempking.eu\/pl\/suplementy\/"},{"@type":"ListItem","position":4,"name":"Suplementy na sen","item":"https:\/\/dev.hempking.eu\/pl\/suplementy-na-sen\/"},{"@type":"ListItem","position":5,"name":"Good Sleep - 5mg CBD, 3mg CBN w kapsu\u0142ce Extract Complex - kapsu\u0142ki na sen - 60 kapsu\u0142ek"}]},{"@type":"WebSite","@id":"https:\/\/dev.hempking.eu\/pl\/#website","url":"https:\/\/dev.hempking.eu\/pl\/","name":"Hemp King","description":"","publisher":{"@id":"https:\/\/dev.hempking.eu\/pl\/#organization"},"potentialAction":[{"@type":"SearchAction","target":{"@type":"EntryPoint","urlTemplate":"https:\/\/dev.hempking.eu\/pl\/?s={search_term_string}"},"query-input":{"@type":"PropertyValueSpecification","valueRequired":true,"valueName":"search_term_string"}}],"inLanguage":"pl-PL"},{"@type":"Organization","@id":"https:\/\/dev.hempking.eu\/pl\/#organization","name":"Hemp King","url":"https:\/\/dev.hempking.eu\/pl\/","logo":{"@type":"ImageObject","inLanguage":"pl-PL","@id":"https:\/\/dev.hempking.eu\/pl\/#\/schema\/logo\/image\/","url":"https:\/\/dev.hempking.eu\/pl\/wp-content\/uploads\/sites\/2\/2020\/05\/hempking.png","contentUrl":"https:\/\/dev.hempking.eu\/pl\/wp-content\/uploads\/sites\/2\/2020\/05\/hempking.png","width":148,"height":91,"caption":"Hemp King"},"image":{"@id":"https:\/\/dev.hempking.eu\/pl\/#\/schema\/logo\/image\/"},"sameAs":["https:\/\/www.facebook.com\/hempkingpoland","https:\/\/x.com\/hempkingeu","https:\/\/www.instagram.com\/hempkingeu\/","https:\/\/www.linkedin.com\/company\/hempking-eu\/mycompany\/","https:\/\/pl.pinterest.com\/hempkingeu\/","https:\/\/www.youtube.com\/channel\/UCUkeZA1fj4hSZfoYm0WpZ7w"]}]},"product_price_amount":"86.90","product_price_currency":"PLN","og_availability":"instock","product_availability":"instock","product_condition":"new"},"_links":{"self":[{"href":"https:\/\/dev.hempking.eu\/pl\/wp-json\/wp\/v2\/product\/110652","targetHints":{"allow":["GET"]}}],"collection":[{"href":"https:\/\/dev.hempking.eu\/pl\/wp-json\/wp\/v2\/product"}],"about":[{"href":"https:\/\/dev.hempking.eu\/pl\/wp-json\/wp\/v2\/types\/product"}],"wp:featuredmedia":[{"embeddable":true,"href":"https:\/\/dev.hempking.eu\/pl\/wp-json\/wp\/v2\/media\/114652"}],"wp:attachment":[{"href":"https:\/\/dev.hempking.eu\/pl\/wp-json\/wp\/v2\/media?parent=110652"}],"wp:term":[{"taxonomy":"product_cat","embeddable":true,"href":"https:\/\/dev.hempking.eu\/pl\/wp-json\/wp\/v2\/product_cat?post=110652"},{"taxonomy":"product_tag","embeddable":true,"href":"https:\/\/dev.hempking.eu\/pl\/wp-json\/wp\/v2\/product_tag?post=110652"}],"curies":[{"name":"wp","href":"https:\/\/api.w.org\/{rel}","templated":true}]}}