{"id":111802,"date":"2022-11-03T15:47:52","date_gmt":"2022-11-03T14:47:52","guid":{"rendered":"https:\/\/hempking.eu\/pl\/?post_type=product&#038;p=111802"},"modified":"2023-05-19T13:37:52","modified_gmt":"2023-05-19T11:37:52","slug":"zestaw-5x-kapsulki-na-sen-good-sleep-cbd-cbn-extract-complex","status":"publish","type":"product","link":"https:\/\/dev.hempking.eu\/pl\/zestaw-5x-kapsulki-na-sen-good-sleep-cbd-cbn-extract-complex\/","title":{"rendered":"Zestaw: 5x kapsu\u0142ki na sen Good Sleep - 5mg CBD, 3mg CBN w kapsu\u0142ce Extract Complex"},"content":{"rendered":"<h2 style=\"text-align: justify;\">Good Sleep &#8211; pi\u0119ciopak si\u0119 op\u0142aca!<\/h2>\n<p style=\"text-align: justify;\">Decyduj\u0105c si\u0119 na suplementacj\u0119 i zakup tego zestawu, otrzymujesz taniej a\u017c pi\u0119\u0107 pe\u0142nowymiarowych produkt\u00f3w!<\/p>\n<p style=\"text-align: justify;\">Kapsu\u0142ki Good Sleep to wega\u0144ska otoczka, w kt\u00f3rej zamkn\u0119li\u015bmy moc naturalnych ro\u015blinnych ekstrakt\u00f3w w unikatowej formule. Nasze kapsu\u0142ki na sen s\u0105 wyj\u0105tkowym po\u0142\u0105czeniem ro\u015blin i naturalnych substancji, kt\u00f3re maj\u0105 za zadanie u\u0142atwi\u0107 Ci za\u015bni\u0119cie oraz sprawi\u0107, \u017ce \u0142atwiej Ci b\u0119dzie wdro\u017cy\u0107 zdrowe nawyki i trzyma\u0107 si\u0119 higieny snu! Ka\u017cda kapsu\u0142ka zawiera standaryzowane ekstrakty o (wysokich wska\u017anikach DER) z ro\u015blin o udowodnionym dobrym wp\u0142ywie na jako\u015b\u0107 snu, zasypianie i uspokojenie.<\/p>\n<h2 style=\"text-align: justify;\">Kapsu\u0142ki na spokojny sen<\/h2>\n<p style=\"text-align: justify;\">Je\u015bli szukasz zio\u0142owych kapsu\u0142ek na sen, ale interesuje Ci\u0119 co\u015b skoncentrowanego, ustandaryzowanego i posiadaj\u0105cego udowodnione badaniami w\u0142a\u015bciwo\u015bci, to na pewno kapsu\u0142ki na sen Good Sleep s\u0105 produktem dla Ciebie! To znacznie wi\u0119cej ni\u017c zwyk\u0142e tabletki na sen zio\u0142owe! Co je wyr\u00f3\u017cnia?<\/p>\n<ul style=\"text-align: justify;\">\n<li>Dodatek konopi siewnych!<\/li>\n<li aria-level=\"1\">Unikatowa formu\u0142a zawieraj\u0105ca wysokiej jako\u015bci naturalne sk\u0142adniki!<\/li>\n<li aria-level=\"1\">Wysokie standaryzacj\u0119 oraz wska\u017anik DER!<\/li>\n<\/ul>\n<p style=\"text-align: justify;\"><a href=\"https:\/\/dev.hempking.eu\/pl\/wp-content\/uploads\/sites\/2\/2022\/01\/warunki2.jpg\"><img loading=\"lazy\" decoding=\"async\" class=\"alignnone size-full wp-image-85647\" src=\"https:\/\/dev.hempking.eu\/pl\/wp-content\/uploads\/sites\/2\/2022\/01\/warunki2.jpg\" alt=\"warunki przechowywania produkt\u00f3w konopnych HempKing\" width=\"755\" height=\"307\" srcset=\"https:\/\/dev.hempking.eu\/pl\/wp-content\/uploads\/sites\/2\/2022\/01\/warunki2.jpg 755w, https:\/\/dev.hempking.eu\/pl\/wp-content\/uploads\/sites\/2\/2022\/01\/warunki2-640x260.jpg 640w, https:\/\/dev.hempking.eu\/pl\/wp-content\/uploads\/sites\/2\/2022\/01\/warunki2-400x163.jpg 400w, https:\/\/dev.hempking.eu\/pl\/wp-content\/uploads\/sites\/2\/2022\/01\/warunki2-600x244.jpg 600w\" sizes=\"auto, (max-width: 755px) 100vw, 755px\" \/><\/a><\/p>\n<p style=\"text-align: justify;\"><a href=\"https:\/\/dev.hempking.eu\/pl\/wp-content\/uploads\/sites\/2\/2020\/07\/warunki4-1.jpg\"><img loading=\"lazy\" decoding=\"async\" class=\"alignnone size-full wp-image-104414\" src=\"https:\/\/dev.hempking.eu\/pl\/wp-content\/uploads\/sites\/2\/2020\/07\/warunki4-1.jpg\" alt=\"o\u015bwiadczenia CBD w UE\" width=\"755\" height=\"353\" srcset=\"https:\/\/dev.hempking.eu\/pl\/wp-content\/uploads\/sites\/2\/2020\/07\/warunki4-1.jpg 755w, https:\/\/dev.hempking.eu\/pl\/wp-content\/uploads\/sites\/2\/2020\/07\/warunki4-1-640x299.jpg 640w, https:\/\/dev.hempking.eu\/pl\/wp-content\/uploads\/sites\/2\/2020\/07\/warunki4-1-400x187.jpg 400w\" sizes=\"auto, (max-width: 755px) 100vw, 755px\" \/><\/a><\/p>\n","protected":false},"excerpt":{"rendered":"<h2><strong>Kapsu\u0142ki Good Sleep na sen:<\/strong><\/h2>\n<ul>\n<li>zestaw zawiera 5 opakowa\u0144 kapsu\u0142ek na sen <strong><a href=\"https:\/\/dev.hempking.eu\/pl\/good-sleep-kapsulki-na-sen-15-kapsulek\/\" target=\"_blank\" rel=\"noopener\">Good Sleep (15 szt.)<\/a><\/strong>, czyli 75 kapsu\u0142ek!<\/li>\n<li><strong>Kupuj\u0105c w zestawie oszcz\u0119dzasz 15%<\/strong><\/li>\n<li>wspieraj\u0105 zdrowy sen i u\u0142atwiaj\u0105 zasypianie,<\/li>\n<li>wyj\u0105tkowe po\u0142\u0105czenie ro\u015blin wp\u0142ywaj\u0105cych na uspokojenie i wyciszenie,<\/li>\n<li>wysokie wska\u017aniki DER ekstrakt\u00f3w,<\/li>\n<li>wysokie standaryzacje ekstrakt\u00f3w ro\u015blinnych, po\u0142\u0105czonych z CBD i CBN!<\/li>\n<\/ul>\n<p><strong>Pojemno\u015b\u0107: pi\u0119\u0107 opakowa\u0144 po 15 kapsu\u0142ek<\/strong><\/p>\n","protected":false},"featured_media":111803,"template":"","meta":{"_acf_changed":false},"product_cat":[280,96,134,33,144,147,149,34],"product_tag":[],"class_list":{"0":"post-111802","1":"product","2":"type-product","3":"status-publish","4":"has-post-thumbnail","6":"product_cat-wielopaki","7":"product_cat-suplementy","8":"product_cat-suplementy-na-sen","9":"product_cat-zestawy","10":"product_cat-suplementy-i-preparaty-na-dolegliwosci","11":"product_cat-suplementy-i-preparaty-na-bezsennosc","12":"product_cat-suplementy-i-preparaty-na-uspokojenie","13":"product_cat-nowosci","15":"first","16":"instock","17":"sale","18":"shipping-taxable","19":"purchasable","20":"product-type-simple"},"acf":[],"yoast_head":"<!-- This site is optimized with the Yoast SEO Premium plugin v23.4 (Yoast SEO v24.0) - https:\/\/yoast.com\/wordpress\/plugins\/seo\/ -->\n<title>Zestaw: 5x kapsu\u0142ki na sen Good Sleep - 5mg CBD, 3mg CBN<\/title>\n<meta name=\"description\" content=\"Zobacz \u261b Zestaw: 5x kapsu\u0142ki na sen Good Sleep - 5mg CBD, 3mg CBN w konopnym sklepie HempKing \u2705100% naturalne \u2705 Zadbaj z nami o swoj\u0105 diet\u0119!\" \/>\n<link rel=\"canonical\" href=\"https:\/\/dev.hempking.eu\/pl\/zestaw-5x-kapsulki-na-sen-good-sleep-cbd-cbn-extract-complex\/\" \/>\n<meta property=\"og:locale\" content=\"pl_PL\" \/>\n<meta property=\"og:type\" content=\"article\" \/>\n<meta property=\"og:title\" content=\"Zestaw: 5x kapsu\u0142ki na sen Good Sleep - 5mg CBD, 3mg CBN w kapsu\u0142ce Extract Complex\" \/>\n<meta property=\"og:description\" content=\"Zobacz \u261b Zestaw: 5x kapsu\u0142ki na sen Good Sleep - 5mg CBD, 3mg CBN w konopnym sklepie HempKing \u2705100% naturalne \u2705 Zadbaj z nami o swoj\u0105 diet\u0119!\" \/>\n<meta property=\"og:url\" content=\"https:\/\/dev.hempking.eu\/pl\/zestaw-5x-kapsulki-na-sen-good-sleep-cbd-cbn-extract-complex\/\" \/>\n<meta property=\"og:site_name\" content=\"Hemp King\" \/>\n<meta property=\"article:publisher\" content=\"https:\/\/www.facebook.com\/hempkingpoland\" \/>\n<meta property=\"article:modified_time\" content=\"2023-05-19T11:37:52+00:00\" \/>\n<meta property=\"og:image\" content=\"https:\/\/dev.hempking.eu\/pl\/wp-content\/uploads\/sites\/2\/2022\/11\/blister_good_sleep-1.jpg\" \/>\n\t<meta property=\"og:image:width\" content=\"1000\" \/>\n\t<meta property=\"og:image:height\" content=\"1000\" \/>\n\t<meta property=\"og:image:type\" content=\"image\/jpeg\" \/>\n<meta name=\"twitter:card\" content=\"summary_large_image\" \/>\n<meta name=\"twitter:site\" content=\"@hempkingeu\" \/>\n<meta name=\"twitter:label1\" content=\"Price\" \/>\n\t<meta name=\"twitter:data1\" content=\"105.82&nbsp;&#122;&#322;\" \/>\n\t<meta name=\"twitter:label2\" content=\"Availability\" \/>\n\t<meta name=\"twitter:data2\" content=\"In stock\" \/>\n<script type=\"application\/ld+json\" class=\"yoast-schema-graph\">{\"@context\":\"https:\/\/schema.org\",\"@graph\":[{\"@type\":\"WebPage\",\"@id\":\"https:\/\/dev.hempking.eu\/pl\/zestaw-5x-kapsulki-na-sen-good-sleep-cbd-cbn-extract-complex\/\",\"url\":\"https:\/\/dev.hempking.eu\/pl\/zestaw-5x-kapsulki-na-sen-good-sleep-cbd-cbn-extract-complex\/\",\"name\":\"Zestaw: 5x kapsu\u0142ki na sen Good Sleep - 5mg CBD, 3mg CBN\",\"isPartOf\":{\"@id\":\"https:\/\/dev.hempking.eu\/pl\/#website\"},\"primaryImageOfPage\":{\"@id\":\"https:\/\/dev.hempking.eu\/pl\/zestaw-5x-kapsulki-na-sen-good-sleep-cbd-cbn-extract-complex\/#primaryimage\"},\"image\":{\"@id\":\"https:\/\/dev.hempking.eu\/pl\/zestaw-5x-kapsulki-na-sen-good-sleep-cbd-cbn-extract-complex\/#primaryimage\"},\"thumbnailUrl\":\"https:\/\/dev.hempking.eu\/pl\/wp-content\/uploads\/sites\/2\/2022\/11\/blister_good_sleep-1.jpg\",\"datePublished\":\"2022-11-03T14:47:52+00:00\",\"dateModified\":\"2023-05-19T11:37:52+00:00\",\"description\":\"Zobacz \u261b Zestaw: 5x kapsu\u0142ki na sen Good Sleep - 5mg CBD, 3mg CBN w konopnym sklepie HempKing \u2705100% naturalne \u2705 Zadbaj z nami o swoj\u0105 diet\u0119!\",\"breadcrumb\":{\"@id\":\"https:\/\/dev.hempking.eu\/pl\/zestaw-5x-kapsulki-na-sen-good-sleep-cbd-cbn-extract-complex\/#breadcrumb\"},\"inLanguage\":\"pl-PL\",\"potentialAction\":[{\"@type\":\"ReadAction\",\"target\":[\"https:\/\/dev.hempking.eu\/pl\/zestaw-5x-kapsulki-na-sen-good-sleep-cbd-cbn-extract-complex\/\"]}]},{\"@type\":\"ImageObject\",\"inLanguage\":\"pl-PL\",\"@id\":\"https:\/\/dev.hempking.eu\/pl\/zestaw-5x-kapsulki-na-sen-good-sleep-cbd-cbn-extract-complex\/#primaryimage\",\"url\":\"https:\/\/dev.hempking.eu\/pl\/wp-content\/uploads\/sites\/2\/2022\/11\/blister_good_sleep-1.jpg\",\"contentUrl\":\"https:\/\/dev.hempking.eu\/pl\/wp-content\/uploads\/sites\/2\/2022\/11\/blister_good_sleep-1.jpg\",\"width\":1000,\"height\":1000,\"caption\":\"good sleep zestaw kapsu\u0142ek na sen\"},{\"@type\":\"BreadcrumbList\",\"@id\":\"https:\/\/dev.hempking.eu\/pl\/zestaw-5x-kapsulki-na-sen-good-sleep-cbd-cbn-extract-complex\/#breadcrumb\",\"itemListElement\":[{\"@type\":\"ListItem\",\"position\":1,\"name\":\"Home\",\"item\":\"https:\/\/dev.hempking.eu\/pl\/\"},{\"@type\":\"ListItem\",\"position\":2,\"name\":\"Sklep\",\"item\":\"https:\/\/dev.hempking.eu\/pl\/shop\/\"},{\"@type\":\"ListItem\",\"position\":3,\"name\":\"Zestawy\",\"item\":\"https:\/\/dev.hempking.eu\/pl\/zestawy\/\"},{\"@type\":\"ListItem\",\"position\":4,\"name\":\"Wielopaki\",\"item\":\"https:\/\/dev.hempking.eu\/pl\/wielopaki\/\"},{\"@type\":\"ListItem\",\"position\":5,\"name\":\"Zestaw: 5x kapsu\u0142ki na sen Good Sleep - 5mg CBD, 3mg CBN w kapsu\u0142ce Extract Complex\"}]},{\"@type\":\"WebSite\",\"@id\":\"https:\/\/dev.hempking.eu\/pl\/#website\",\"url\":\"https:\/\/dev.hempking.eu\/pl\/\",\"name\":\"Hemp King\",\"description\":\"\",\"publisher\":{\"@id\":\"https:\/\/dev.hempking.eu\/pl\/#organization\"},\"potentialAction\":[{\"@type\":\"SearchAction\",\"target\":{\"@type\":\"EntryPoint\",\"urlTemplate\":\"https:\/\/dev.hempking.eu\/pl\/?s={search_term_string}\"},\"query-input\":{\"@type\":\"PropertyValueSpecification\",\"valueRequired\":true,\"valueName\":\"search_term_string\"}}],\"inLanguage\":\"pl-PL\"},{\"@type\":\"Organization\",\"@id\":\"https:\/\/dev.hempking.eu\/pl\/#organization\",\"name\":\"Hemp King\",\"url\":\"https:\/\/dev.hempking.eu\/pl\/\",\"logo\":{\"@type\":\"ImageObject\",\"inLanguage\":\"pl-PL\",\"@id\":\"https:\/\/dev.hempking.eu\/pl\/#\/schema\/logo\/image\/\",\"url\":\"https:\/\/dev.hempking.eu\/pl\/wp-content\/uploads\/sites\/2\/2020\/05\/hempking.png\",\"contentUrl\":\"https:\/\/dev.hempking.eu\/pl\/wp-content\/uploads\/sites\/2\/2020\/05\/hempking.png\",\"width\":148,\"height\":91,\"caption\":\"Hemp King\"},\"image\":{\"@id\":\"https:\/\/dev.hempking.eu\/pl\/#\/schema\/logo\/image\/\"},\"sameAs\":[\"https:\/\/www.facebook.com\/hempkingpoland\",\"https:\/\/x.com\/hempkingeu\",\"https:\/\/www.instagram.com\/hempkingeu\/\",\"https:\/\/www.linkedin.com\/company\/hempking-eu\/mycompany\/\",\"https:\/\/pl.pinterest.com\/hempkingeu\/\",\"https:\/\/www.youtube.com\/channel\/UCUkeZA1fj4hSZfoYm0WpZ7w\"]}]}<\/script>\n<meta property=\"product:price:amount\" content=\"105.82\" \/>\n<meta property=\"product:price:currency\" content=\"PLN\" \/>\n<meta property=\"og:availability\" content=\"instock\" \/>\n<meta property=\"product:availability\" content=\"instock\" \/>\n<meta property=\"product:condition\" content=\"new\" \/>\n<!-- \/ Yoast SEO Premium plugin. -->","yoast_head_json":{"title":"Zestaw: 5x kapsu\u0142ki na sen Good Sleep - 5mg CBD, 3mg CBN","description":"Zobacz \u261b Zestaw: 5x kapsu\u0142ki na sen Good Sleep - 5mg CBD, 3mg CBN w konopnym sklepie HempKing \u2705100% naturalne \u2705 Zadbaj z nami o swoj\u0105 diet\u0119!","canonical":"https:\/\/dev.hempking.eu\/pl\/zestaw-5x-kapsulki-na-sen-good-sleep-cbd-cbn-extract-complex\/","og_locale":"pl_PL","og_type":"article","og_title":"Zestaw: 5x kapsu\u0142ki na sen Good Sleep - 5mg CBD, 3mg CBN w kapsu\u0142ce Extract Complex","og_description":"Zobacz \u261b Zestaw: 5x kapsu\u0142ki na sen Good Sleep - 5mg CBD, 3mg CBN w konopnym sklepie HempKing \u2705100% naturalne \u2705 Zadbaj z nami o swoj\u0105 diet\u0119!","og_url":"https:\/\/dev.hempking.eu\/pl\/zestaw-5x-kapsulki-na-sen-good-sleep-cbd-cbn-extract-complex\/","og_site_name":"Hemp King","article_publisher":"https:\/\/www.facebook.com\/hempkingpoland","article_modified_time":"2023-05-19T11:37:52+00:00","og_image":[{"width":1000,"height":1000,"url":"https:\/\/dev.hempking.eu\/pl\/wp-content\/uploads\/sites\/2\/2022\/11\/blister_good_sleep-1.jpg","type":"image\/jpeg"}],"twitter_card":"summary_large_image","twitter_site":"@hempkingeu","twitter_misc":{"Price":"105.82&nbsp;&#122;&#322;","Availability":"In stock"},"schema":{"@context":"https:\/\/schema.org","@graph":[{"@type":"WebPage","@id":"https:\/\/dev.hempking.eu\/pl\/zestaw-5x-kapsulki-na-sen-good-sleep-cbd-cbn-extract-complex\/","url":"https:\/\/dev.hempking.eu\/pl\/zestaw-5x-kapsulki-na-sen-good-sleep-cbd-cbn-extract-complex\/","name":"Zestaw: 5x kapsu\u0142ki na sen Good Sleep - 5mg CBD, 3mg CBN","isPartOf":{"@id":"https:\/\/dev.hempking.eu\/pl\/#website"},"primaryImageOfPage":{"@id":"https:\/\/dev.hempking.eu\/pl\/zestaw-5x-kapsulki-na-sen-good-sleep-cbd-cbn-extract-complex\/#primaryimage"},"image":{"@id":"https:\/\/dev.hempking.eu\/pl\/zestaw-5x-kapsulki-na-sen-good-sleep-cbd-cbn-extract-complex\/#primaryimage"},"thumbnailUrl":"https:\/\/dev.hempking.eu\/pl\/wp-content\/uploads\/sites\/2\/2022\/11\/blister_good_sleep-1.jpg","datePublished":"2022-11-03T14:47:52+00:00","dateModified":"2023-05-19T11:37:52+00:00","description":"Zobacz \u261b Zestaw: 5x kapsu\u0142ki na sen Good Sleep - 5mg CBD, 3mg CBN w konopnym sklepie HempKing \u2705100% naturalne \u2705 Zadbaj z nami o swoj\u0105 diet\u0119!","breadcrumb":{"@id":"https:\/\/dev.hempking.eu\/pl\/zestaw-5x-kapsulki-na-sen-good-sleep-cbd-cbn-extract-complex\/#breadcrumb"},"inLanguage":"pl-PL","potentialAction":[{"@type":"ReadAction","target":["https:\/\/dev.hempking.eu\/pl\/zestaw-5x-kapsulki-na-sen-good-sleep-cbd-cbn-extract-complex\/"]}]},{"@type":"ImageObject","inLanguage":"pl-PL","@id":"https:\/\/dev.hempking.eu\/pl\/zestaw-5x-kapsulki-na-sen-good-sleep-cbd-cbn-extract-complex\/#primaryimage","url":"https:\/\/dev.hempking.eu\/pl\/wp-content\/uploads\/sites\/2\/2022\/11\/blister_good_sleep-1.jpg","contentUrl":"https:\/\/dev.hempking.eu\/pl\/wp-content\/uploads\/sites\/2\/2022\/11\/blister_good_sleep-1.jpg","width":1000,"height":1000,"caption":"good sleep zestaw kapsu\u0142ek na sen"},{"@type":"BreadcrumbList","@id":"https:\/\/dev.hempking.eu\/pl\/zestaw-5x-kapsulki-na-sen-good-sleep-cbd-cbn-extract-complex\/#breadcrumb","itemListElement":[{"@type":"ListItem","position":1,"name":"Home","item":"https:\/\/dev.hempking.eu\/pl\/"},{"@type":"ListItem","position":2,"name":"Sklep","item":"https:\/\/dev.hempking.eu\/pl\/shop\/"},{"@type":"ListItem","position":3,"name":"Zestawy","item":"https:\/\/dev.hempking.eu\/pl\/zestawy\/"},{"@type":"ListItem","position":4,"name":"Wielopaki","item":"https:\/\/dev.hempking.eu\/pl\/wielopaki\/"},{"@type":"ListItem","position":5,"name":"Zestaw: 5x kapsu\u0142ki na sen Good Sleep - 5mg CBD, 3mg CBN w kapsu\u0142ce Extract Complex"}]},{"@type":"WebSite","@id":"https:\/\/dev.hempking.eu\/pl\/#website","url":"https:\/\/dev.hempking.eu\/pl\/","name":"Hemp King","description":"","publisher":{"@id":"https:\/\/dev.hempking.eu\/pl\/#organization"},"potentialAction":[{"@type":"SearchAction","target":{"@type":"EntryPoint","urlTemplate":"https:\/\/dev.hempking.eu\/pl\/?s={search_term_string}"},"query-input":{"@type":"PropertyValueSpecification","valueRequired":true,"valueName":"search_term_string"}}],"inLanguage":"pl-PL"},{"@type":"Organization","@id":"https:\/\/dev.hempking.eu\/pl\/#organization","name":"Hemp King","url":"https:\/\/dev.hempking.eu\/pl\/","logo":{"@type":"ImageObject","inLanguage":"pl-PL","@id":"https:\/\/dev.hempking.eu\/pl\/#\/schema\/logo\/image\/","url":"https:\/\/dev.hempking.eu\/pl\/wp-content\/uploads\/sites\/2\/2020\/05\/hempking.png","contentUrl":"https:\/\/dev.hempking.eu\/pl\/wp-content\/uploads\/sites\/2\/2020\/05\/hempking.png","width":148,"height":91,"caption":"Hemp King"},"image":{"@id":"https:\/\/dev.hempking.eu\/pl\/#\/schema\/logo\/image\/"},"sameAs":["https:\/\/www.facebook.com\/hempkingpoland","https:\/\/x.com\/hempkingeu","https:\/\/www.instagram.com\/hempkingeu\/","https:\/\/www.linkedin.com\/company\/hempking-eu\/mycompany\/","https:\/\/pl.pinterest.com\/hempkingeu\/","https:\/\/www.youtube.com\/channel\/UCUkeZA1fj4hSZfoYm0WpZ7w"]}]},"product_price_amount":"105.82","product_price_currency":"PLN","og_availability":"instock","product_availability":"instock","product_condition":"new"},"_links":{"self":[{"href":"https:\/\/dev.hempking.eu\/pl\/wp-json\/wp\/v2\/product\/111802","targetHints":{"allow":["GET"]}}],"collection":[{"href":"https:\/\/dev.hempking.eu\/pl\/wp-json\/wp\/v2\/product"}],"about":[{"href":"https:\/\/dev.hempking.eu\/pl\/wp-json\/wp\/v2\/types\/product"}],"wp:featuredmedia":[{"embeddable":true,"href":"https:\/\/dev.hempking.eu\/pl\/wp-json\/wp\/v2\/media\/111803"}],"wp:attachment":[{"href":"https:\/\/dev.hempking.eu\/pl\/wp-json\/wp\/v2\/media?parent=111802"}],"wp:term":[{"taxonomy":"product_cat","embeddable":true,"href":"https:\/\/dev.hempking.eu\/pl\/wp-json\/wp\/v2\/product_cat?post=111802"},{"taxonomy":"product_tag","embeddable":true,"href":"https:\/\/dev.hempking.eu\/pl\/wp-json\/wp\/v2\/product_tag?post=111802"}],"curies":[{"name":"wp","href":"https:\/\/api.w.org\/{rel}","templated":true}]}}