{"id":113441,"date":"2022-11-18T12:48:11","date_gmt":"2022-11-18T11:48:11","guid":{"rendered":"https:\/\/hempking.eu\/pl\/?post_type=product&#038;p=113441"},"modified":"2023-05-23T14:11:20","modified_gmt":"2023-05-23T12:11:20","slug":"bio-bialko-z-ryzu-200-g-wazny-do-11-2023","status":"publish","type":"product","link":"https:\/\/dev.hempking.eu\/pl\/bio-bialko-z-ryzu-200-g-wazny-do-11-2023\/","title":{"rendered":"BIO bia\u0142ko z ry\u017cu - 200 g - data wa\u017cno\u015bci do 30.11.2023"},"content":{"rendered":"<h2><strong>Sk\u0142adniki BIO bia\u0142ka z ry\u017cu Biowen<\/strong><\/h2>\n<p>Ekologiczne bia\u0142ko z ry\u017cu 100%.<\/p>\n<h2><strong>BIO bia\u0142ko z ry\u017cu Biowen &#8211; wyj\u0105tkowe urozmaicenie Twoich da\u0144!<\/strong><\/h2>\n<p>Znasz ju\u017c bia\u0142ko z ry\u017cu? To wyj\u0105tkowy produkt o wysokiej zawarto\u015bci bia\u0142ka, bez glutenu! Je\u015bli chcesz wprowadzi\u0107 wi\u0119cej bia\u0142ka do swojej diety, szukasz ciekawych produkt\u00f3w, kt\u00f3re urozmaicaj\u0105 diet\u0119 i cenisz sobie wysok\u0105 jako\u015b\u0107 ekologicznych produkt\u00f3w, to bia\u0142ko z ry\u017cu jest dla Ciebie odpowiednie! Wypr\u00f3buj BIO bia\u0142ko z ry\u017cu Biowen i zobacz, jak \u0142atwo go u\u017cywa\u0107!<\/p>\n<p>BIO bia\u0142ko z ry\u017cu jest<strong> produktem bezglutenowym<\/strong>, a przy tym w zupe\u0142no\u015bci organicznym &#8211; surowiec pochodzi z ekologicznych upraw i posiada certyfikat Eu Organic.<\/p>\n<p>BIO bia\u0142ko z ry\u017cu Biowen mog\u0105 stosowa\u0107 osoby na <strong>dietach ro\u015blinnych: weganie oraz wegetarianie<\/strong>.<\/p>\n<p>By poprawi\u0107 komfort u\u017cywania produktu, w \u015brodku umie\u015bcili\u015bmy wygodn\u0105 \u0142y\u017ceczk\u0119 do odmierzania porcji.<\/p>\n<p>W 100 gramach BIO bia\u0142ka z ry\u017cu Biowen znajduj\u0105 si\u0119 a\u017c <strong>84 gramy bia\u0142ka ro\u015blinnego<\/strong>!<\/p>\n<h2><strong>Jak wykorzysta\u0107 bia\u0142ko z ry\u017cu?<\/strong><\/h2>\n<p>Dzi\u0119ki neutralnemu smakowi, bia\u0142ko z ry\u017cu mo\u017cesz dodawa\u0107 praktycznie do ka\u017cdego dania, zar\u00f3wno tego na s\u0142odko, jak i tego na s\u0142ono czy wytrawnego. Do czego mo\u017cna je dodawa\u0107?<\/p>\n<ul>\n<li>do przyrz\u0105dzanych w domu wypiek\u00f3w,<\/li>\n<li>do warzywnych i owocowych koktajli,<\/li>\n<li>do domowych sos\u00f3w oraz zup,<\/li>\n<li>do deser\u00f3w,<\/li>\n<li>do da\u0144 wytrawnych,<\/li>\n<li>do plack\u00f3w, gofr\u00f3w, nale\u015bnik\u00f3w czy owsianki!<\/li>\n<\/ul>\n<p>&nbsp;<\/p>\n<h2><strong>Ile bia\u0142ka spo\u017cywa\u0107 na dzie\u0144?<\/strong><\/h2>\n<p>BIO bia\u0142ko z ry\u017cu jest bia\u0142kiem ro\u015blinnym, kt\u00f3re mo\u017ce w \u0142atwy spos\u00f3b wzbogaci\u0107 Twoje menu o cenne sk\u0142adniki. <strong>Mo\u017cesz spo\u017cywa\u0107 15 gram\u00f3w produktu na dzie\u0144 w zwyk\u0142e dni. W dni treningowe, mo\u017cesz spo\u017cy\u0107 nawet 30 gram\u00f3w bia\u0142ka z ry\u017cu.<\/strong><\/p>\n","protected":false},"excerpt":{"rendered":"<h2><strong>BIO bia\u0142ko z ry\u017cu Biowen:\u00a0<\/strong><\/h2>\n<ul>\n<li>84 g bia\u0142ka ro\u015blinnego\/100 g produktu,<\/li>\n<li>zawiera biodegradowaln\u0105 \u0142y\u017ceczk\u0119,<\/li>\n<li>posiada certyfikat ekologiczny,<\/li>\n<li>opakowanie to szk\u0142o + stalowa nakr\u0119tka.<\/li>\n<\/ul>\n<p><strong>Waga: 200 g<\/strong><\/p>\n","protected":false},"featured_media":93293,"template":"","meta":{"_acf_changed":false},"product_cat":[117,101],"product_tag":[],"class_list":{"0":"post-113441","1":"product","2":"type-product","3":"status-publish","4":"has-post-thumbnail","6":"product_cat-bialko-roslinne","7":"product_cat-last-minute","9":"first","10":"instock","11":"sale","12":"shipping-taxable","13":"purchasable","14":"product-type-simple"},"acf":[],"yoast_head":"<!-- This site is optimized with the Yoast SEO Premium plugin v23.4 (Yoast SEO v24.0) - https:\/\/yoast.com\/wordpress\/plugins\/seo\/ -->\n<title>Bio bia\u0142ko z ry\u017cu BIOWEN - 200 g - wa\u017cno\u015b\u0107 do 17.11.2022<\/title>\n<meta name=\"description\" content=\"Zobacz \u261b Bio bia\u0142ko z ry\u017cu BIOWEN w konopnym sklepie HempKing \u2705100% naturalne \u2705 Zadbaj z nami o swoj\u0105 diet\u0119!\" \/>\n<link rel=\"canonical\" href=\"https:\/\/dev.hempking.eu\/pl\/bio-bialko-z-ryzu-200-g-wazny-do-11-2023\/\" \/>\n<meta property=\"og:locale\" content=\"pl_PL\" \/>\n<meta property=\"og:type\" content=\"article\" \/>\n<meta property=\"og:title\" content=\"BIO bia\u0142ko z ry\u017cu - 200 g - data wa\u017cno\u015bci do 30.11.2023\" \/>\n<meta property=\"og:description\" content=\"Zobacz \u261b Bio bia\u0142ko z ry\u017cu BIOWEN w konopnym sklepie HempKing \u2705100% naturalne \u2705 Zadbaj z nami o swoj\u0105 diet\u0119!\" \/>\n<meta property=\"og:url\" content=\"https:\/\/dev.hempking.eu\/pl\/bio-bialko-z-ryzu-200-g-wazny-do-11-2023\/\" \/>\n<meta property=\"og:site_name\" content=\"Hemp King\" \/>\n<meta property=\"article:publisher\" content=\"https:\/\/www.facebook.com\/hempkingpoland\" \/>\n<meta property=\"article:modified_time\" content=\"2023-05-23T12:11:20+00:00\" \/>\n<meta property=\"og:image\" content=\"https:\/\/dev.hempking.eu\/pl\/wp-content\/uploads\/sites\/2\/2022\/03\/biowen_bialko_ryz-1.jpg\" \/>\n\t<meta property=\"og:image:width\" content=\"1000\" \/>\n\t<meta property=\"og:image:height\" content=\"1000\" \/>\n\t<meta property=\"og:image:type\" content=\"image\/jpeg\" \/>\n<meta name=\"twitter:card\" content=\"summary_large_image\" \/>\n<meta name=\"twitter:site\" content=\"@hempkingeu\" \/>\n<meta name=\"twitter:label1\" content=\"Price\" \/>\n\t<meta name=\"twitter:data1\" content=\"19.46&nbsp;&#122;&#322;\" \/>\n\t<meta name=\"twitter:label2\" content=\"Availability\" \/>\n\t<meta name=\"twitter:data2\" content=\"In stock\" \/>\n<script type=\"application\/ld+json\" class=\"yoast-schema-graph\">{\"@context\":\"https:\/\/schema.org\",\"@graph\":[{\"@type\":\"WebPage\",\"@id\":\"https:\/\/dev.hempking.eu\/pl\/bio-bialko-z-ryzu-200-g-wazny-do-11-2023\/\",\"url\":\"https:\/\/dev.hempking.eu\/pl\/bio-bialko-z-ryzu-200-g-wazny-do-11-2023\/\",\"name\":\"Bio bia\u0142ko z ry\u017cu BIOWEN - 200 g - wa\u017cno\u015b\u0107 do 17.11.2022\",\"isPartOf\":{\"@id\":\"https:\/\/dev.hempking.eu\/pl\/#website\"},\"primaryImageOfPage\":{\"@id\":\"https:\/\/dev.hempking.eu\/pl\/bio-bialko-z-ryzu-200-g-wazny-do-11-2023\/#primaryimage\"},\"image\":{\"@id\":\"https:\/\/dev.hempking.eu\/pl\/bio-bialko-z-ryzu-200-g-wazny-do-11-2023\/#primaryimage\"},\"thumbnailUrl\":\"https:\/\/dev.hempking.eu\/pl\/wp-content\/uploads\/sites\/2\/2022\/03\/biowen_bialko_ryz-1.jpg\",\"datePublished\":\"2022-11-18T11:48:11+00:00\",\"dateModified\":\"2023-05-23T12:11:20+00:00\",\"description\":\"Zobacz \u261b Bio bia\u0142ko z ry\u017cu BIOWEN w konopnym sklepie HempKing \u2705100% naturalne \u2705 Zadbaj z nami o swoj\u0105 diet\u0119!\",\"breadcrumb\":{\"@id\":\"https:\/\/dev.hempking.eu\/pl\/bio-bialko-z-ryzu-200-g-wazny-do-11-2023\/#breadcrumb\"},\"inLanguage\":\"pl-PL\",\"potentialAction\":[{\"@type\":\"ReadAction\",\"target\":[\"https:\/\/dev.hempking.eu\/pl\/bio-bialko-z-ryzu-200-g-wazny-do-11-2023\/\"]}]},{\"@type\":\"ImageObject\",\"inLanguage\":\"pl-PL\",\"@id\":\"https:\/\/dev.hempking.eu\/pl\/bio-bialko-z-ryzu-200-g-wazny-do-11-2023\/#primaryimage\",\"url\":\"https:\/\/dev.hempking.eu\/pl\/wp-content\/uploads\/sites\/2\/2022\/03\/biowen_bialko_ryz-1.jpg\",\"contentUrl\":\"https:\/\/dev.hempking.eu\/pl\/wp-content\/uploads\/sites\/2\/2022\/03\/biowen_bialko_ryz-1.jpg\",\"width\":1000,\"height\":1000,\"caption\":\"biowen bialko z ryzu\"},{\"@type\":\"BreadcrumbList\",\"@id\":\"https:\/\/dev.hempking.eu\/pl\/bio-bialko-z-ryzu-200-g-wazny-do-11-2023\/#breadcrumb\",\"itemListElement\":[{\"@type\":\"ListItem\",\"position\":1,\"name\":\"Home\",\"item\":\"https:\/\/dev.hempking.eu\/pl\/\"},{\"@type\":\"ListItem\",\"position\":2,\"name\":\"Sklep\",\"item\":\"https:\/\/dev.hempking.eu\/pl\/shop\/\"},{\"@type\":\"ListItem\",\"position\":3,\"name\":\"Last minute\",\"item\":\"https:\/\/dev.hempking.eu\/pl\/last-minute\/\"},{\"@type\":\"ListItem\",\"position\":4,\"name\":\"BIO bia\u0142ko z ry\u017cu - 200 g - data wa\u017cno\u015bci do 30.11.2023\"}]},{\"@type\":\"WebSite\",\"@id\":\"https:\/\/dev.hempking.eu\/pl\/#website\",\"url\":\"https:\/\/dev.hempking.eu\/pl\/\",\"name\":\"Hemp King\",\"description\":\"\",\"publisher\":{\"@id\":\"https:\/\/dev.hempking.eu\/pl\/#organization\"},\"potentialAction\":[{\"@type\":\"SearchAction\",\"target\":{\"@type\":\"EntryPoint\",\"urlTemplate\":\"https:\/\/dev.hempking.eu\/pl\/?s={search_term_string}\"},\"query-input\":{\"@type\":\"PropertyValueSpecification\",\"valueRequired\":true,\"valueName\":\"search_term_string\"}}],\"inLanguage\":\"pl-PL\"},{\"@type\":\"Organization\",\"@id\":\"https:\/\/dev.hempking.eu\/pl\/#organization\",\"name\":\"Hemp King\",\"url\":\"https:\/\/dev.hempking.eu\/pl\/\",\"logo\":{\"@type\":\"ImageObject\",\"inLanguage\":\"pl-PL\",\"@id\":\"https:\/\/dev.hempking.eu\/pl\/#\/schema\/logo\/image\/\",\"url\":\"https:\/\/dev.hempking.eu\/pl\/wp-content\/uploads\/sites\/2\/2020\/05\/hempking.png\",\"contentUrl\":\"https:\/\/dev.hempking.eu\/pl\/wp-content\/uploads\/sites\/2\/2020\/05\/hempking.png\",\"width\":148,\"height\":91,\"caption\":\"Hemp King\"},\"image\":{\"@id\":\"https:\/\/dev.hempking.eu\/pl\/#\/schema\/logo\/image\/\"},\"sameAs\":[\"https:\/\/www.facebook.com\/hempkingpoland\",\"https:\/\/x.com\/hempkingeu\",\"https:\/\/www.instagram.com\/hempkingeu\/\",\"https:\/\/www.linkedin.com\/company\/hempking-eu\/mycompany\/\",\"https:\/\/pl.pinterest.com\/hempkingeu\/\",\"https:\/\/www.youtube.com\/channel\/UCUkeZA1fj4hSZfoYm0WpZ7w\"]}]}<\/script>\n<meta property=\"product:price:amount\" content=\"19.46\" \/>\n<meta property=\"product:price:currency\" content=\"PLN\" \/>\n<meta property=\"og:availability\" content=\"instock\" \/>\n<meta property=\"product:availability\" content=\"instock\" \/>\n<meta property=\"product:retailer_item_id\" content=\"5903636627595-1\" \/>\n<meta property=\"product:condition\" content=\"new\" \/>\n<!-- \/ Yoast SEO Premium plugin. -->","yoast_head_json":{"title":"Bio bia\u0142ko z ry\u017cu BIOWEN - 200 g - wa\u017cno\u015b\u0107 do 17.11.2022","description":"Zobacz \u261b Bio bia\u0142ko z ry\u017cu BIOWEN w konopnym sklepie HempKing \u2705100% naturalne \u2705 Zadbaj z nami o swoj\u0105 diet\u0119!","canonical":"https:\/\/dev.hempking.eu\/pl\/bio-bialko-z-ryzu-200-g-wazny-do-11-2023\/","og_locale":"pl_PL","og_type":"article","og_title":"BIO bia\u0142ko z ry\u017cu - 200 g - data wa\u017cno\u015bci do 30.11.2023","og_description":"Zobacz \u261b Bio bia\u0142ko z ry\u017cu BIOWEN w konopnym sklepie HempKing \u2705100% naturalne \u2705 Zadbaj z nami o swoj\u0105 diet\u0119!","og_url":"https:\/\/dev.hempking.eu\/pl\/bio-bialko-z-ryzu-200-g-wazny-do-11-2023\/","og_site_name":"Hemp King","article_publisher":"https:\/\/www.facebook.com\/hempkingpoland","article_modified_time":"2023-05-23T12:11:20+00:00","og_image":[{"width":1000,"height":1000,"url":"https:\/\/dev.hempking.eu\/pl\/wp-content\/uploads\/sites\/2\/2022\/03\/biowen_bialko_ryz-1.jpg","type":"image\/jpeg"}],"twitter_card":"summary_large_image","twitter_site":"@hempkingeu","twitter_misc":{"Price":"19.46&nbsp;&#122;&#322;","Availability":"In stock"},"schema":{"@context":"https:\/\/schema.org","@graph":[{"@type":"WebPage","@id":"https:\/\/dev.hempking.eu\/pl\/bio-bialko-z-ryzu-200-g-wazny-do-11-2023\/","url":"https:\/\/dev.hempking.eu\/pl\/bio-bialko-z-ryzu-200-g-wazny-do-11-2023\/","name":"Bio bia\u0142ko z ry\u017cu BIOWEN - 200 g - wa\u017cno\u015b\u0107 do 17.11.2022","isPartOf":{"@id":"https:\/\/dev.hempking.eu\/pl\/#website"},"primaryImageOfPage":{"@id":"https:\/\/dev.hempking.eu\/pl\/bio-bialko-z-ryzu-200-g-wazny-do-11-2023\/#primaryimage"},"image":{"@id":"https:\/\/dev.hempking.eu\/pl\/bio-bialko-z-ryzu-200-g-wazny-do-11-2023\/#primaryimage"},"thumbnailUrl":"https:\/\/dev.hempking.eu\/pl\/wp-content\/uploads\/sites\/2\/2022\/03\/biowen_bialko_ryz-1.jpg","datePublished":"2022-11-18T11:48:11+00:00","dateModified":"2023-05-23T12:11:20+00:00","description":"Zobacz \u261b Bio bia\u0142ko z ry\u017cu BIOWEN w konopnym sklepie HempKing \u2705100% naturalne \u2705 Zadbaj z nami o swoj\u0105 diet\u0119!","breadcrumb":{"@id":"https:\/\/dev.hempking.eu\/pl\/bio-bialko-z-ryzu-200-g-wazny-do-11-2023\/#breadcrumb"},"inLanguage":"pl-PL","potentialAction":[{"@type":"ReadAction","target":["https:\/\/dev.hempking.eu\/pl\/bio-bialko-z-ryzu-200-g-wazny-do-11-2023\/"]}]},{"@type":"ImageObject","inLanguage":"pl-PL","@id":"https:\/\/dev.hempking.eu\/pl\/bio-bialko-z-ryzu-200-g-wazny-do-11-2023\/#primaryimage","url":"https:\/\/dev.hempking.eu\/pl\/wp-content\/uploads\/sites\/2\/2022\/03\/biowen_bialko_ryz-1.jpg","contentUrl":"https:\/\/dev.hempking.eu\/pl\/wp-content\/uploads\/sites\/2\/2022\/03\/biowen_bialko_ryz-1.jpg","width":1000,"height":1000,"caption":"biowen bialko z ryzu"},{"@type":"BreadcrumbList","@id":"https:\/\/dev.hempking.eu\/pl\/bio-bialko-z-ryzu-200-g-wazny-do-11-2023\/#breadcrumb","itemListElement":[{"@type":"ListItem","position":1,"name":"Home","item":"https:\/\/dev.hempking.eu\/pl\/"},{"@type":"ListItem","position":2,"name":"Sklep","item":"https:\/\/dev.hempking.eu\/pl\/shop\/"},{"@type":"ListItem","position":3,"name":"Last minute","item":"https:\/\/dev.hempking.eu\/pl\/last-minute\/"},{"@type":"ListItem","position":4,"name":"BIO bia\u0142ko z ry\u017cu - 200 g - data wa\u017cno\u015bci do 30.11.2023"}]},{"@type":"WebSite","@id":"https:\/\/dev.hempking.eu\/pl\/#website","url":"https:\/\/dev.hempking.eu\/pl\/","name":"Hemp King","description":"","publisher":{"@id":"https:\/\/dev.hempking.eu\/pl\/#organization"},"potentialAction":[{"@type":"SearchAction","target":{"@type":"EntryPoint","urlTemplate":"https:\/\/dev.hempking.eu\/pl\/?s={search_term_string}"},"query-input":{"@type":"PropertyValueSpecification","valueRequired":true,"valueName":"search_term_string"}}],"inLanguage":"pl-PL"},{"@type":"Organization","@id":"https:\/\/dev.hempking.eu\/pl\/#organization","name":"Hemp King","url":"https:\/\/dev.hempking.eu\/pl\/","logo":{"@type":"ImageObject","inLanguage":"pl-PL","@id":"https:\/\/dev.hempking.eu\/pl\/#\/schema\/logo\/image\/","url":"https:\/\/dev.hempking.eu\/pl\/wp-content\/uploads\/sites\/2\/2020\/05\/hempking.png","contentUrl":"https:\/\/dev.hempking.eu\/pl\/wp-content\/uploads\/sites\/2\/2020\/05\/hempking.png","width":148,"height":91,"caption":"Hemp King"},"image":{"@id":"https:\/\/dev.hempking.eu\/pl\/#\/schema\/logo\/image\/"},"sameAs":["https:\/\/www.facebook.com\/hempkingpoland","https:\/\/x.com\/hempkingeu","https:\/\/www.instagram.com\/hempkingeu\/","https:\/\/www.linkedin.com\/company\/hempking-eu\/mycompany\/","https:\/\/pl.pinterest.com\/hempkingeu\/","https:\/\/www.youtube.com\/channel\/UCUkeZA1fj4hSZfoYm0WpZ7w"]}]},"product_price_amount":"19.46","product_price_currency":"PLN","og_availability":"instock","product_availability":"instock","product_retailer_item_id":"5903636627595-1","product_condition":"new"},"_links":{"self":[{"href":"https:\/\/dev.hempking.eu\/pl\/wp-json\/wp\/v2\/product\/113441","targetHints":{"allow":["GET"]}}],"collection":[{"href":"https:\/\/dev.hempking.eu\/pl\/wp-json\/wp\/v2\/product"}],"about":[{"href":"https:\/\/dev.hempking.eu\/pl\/wp-json\/wp\/v2\/types\/product"}],"wp:featuredmedia":[{"embeddable":true,"href":"https:\/\/dev.hempking.eu\/pl\/wp-json\/wp\/v2\/media\/93293"}],"wp:attachment":[{"href":"https:\/\/dev.hempking.eu\/pl\/wp-json\/wp\/v2\/media?parent=113441"}],"wp:term":[{"taxonomy":"product_cat","embeddable":true,"href":"https:\/\/dev.hempking.eu\/pl\/wp-json\/wp\/v2\/product_cat?post=113441"},{"taxonomy":"product_tag","embeddable":true,"href":"https:\/\/dev.hempking.eu\/pl\/wp-json\/wp\/v2\/product_tag?post=113441"}],"curies":[{"name":"wp","href":"https:\/\/api.w.org\/{rel}","templated":true}]}}