{"id":113448,"date":"2022-11-18T13:17:00","date_gmt":"2022-11-18T12:17:00","guid":{"rendered":"https:\/\/hempking.eu\/pl\/?post_type=product&#038;p=113448"},"modified":"2023-04-24T07:47:12","modified_gmt":"2023-04-24T05:47:12","slug":"bio-bialko-konopne-active-250-g-wazny-do-05-2023","status":"publish","type":"product","link":"https:\/\/dev.hempking.eu\/pl\/bio-bialko-konopne-active-250-g-wazny-do-05-2023\/","title":{"rendered":"BIO bia\u0142ko konopne Active - 250 g - wa\u017cny do 31.05.2023"},"content":{"rendered":"<h2><strong>BIO bia\u0142ko konopne Acitve &#8211; sk\u0142adniki i warto\u015b\u0107 od\u017cywcza<\/strong><\/h2>\n<p>BIO bia\u0142ko konopne 50%, BIO kurkuma 5%, BIO imbir 5%, BIO ashwaghanda (Withania somnifera) 5%, baobab BIO 5%, BIO banan 5%,\u00a0 broku\u0142 BIO 5%, BIO szpinak 5%,\u00a0 burak BIO 5%, BIO jarmu\u017c 5%, BIO lucuma 5%.<\/p>\n<p style=\"text-align: center;\"><strong>Warto\u015bci od\u017cywcze BIO bia\u0142ka konopnego Active w 100g:<\/strong><br \/>\n<a href=\"https:\/\/dev.hempking.eu\/pl\/wp-content\/uploads\/sites\/2\/2022\/01\/adtive.jpg\"><img loading=\"lazy\" decoding=\"async\" class=\"alignnone wp-image-87924 size-medium\" src=\"https:\/\/dev.hempking.eu\/pl\/wp-content\/uploads\/sites\/2\/2022\/01\/adtive-217x300.jpg\" alt=\"active\" width=\"217\" height=\"300\" \/><\/a><\/p>\n<h2><strong>BIO bia\u0142ko konopne Active &#8211; pe\u0142nowarto\u015bciowe proteiny wspieraj\u0105ce wytrzyma\u0142o\u015b\u0107 i witalno\u015b\u0107<\/strong><\/h2>\n<p>Bia\u0142ko konopne BIO Active sk\u0142ada si\u0119 w 50% z bia\u0142ka konopnego, za\u015b reszta sk\u0142adnik\u00f3w to<br \/>\nBIO kurkuma 5%, BIO imbir 5%, BIO ashwaghanda (Withania somnifera) 5%, baobab BIO\u00a0 5%, BIO banan 5%,\u00a0 broku\u0142 BIO 5%, BIO szpinak 5%, burak BIO\u00a0 5%, BIO jarmu\u017c 5% i BIO lucuma 5%.<\/p>\n<p>BIO bia\u0142ko konopne Active to co\u015b wi\u0119cej ni\u017c tylko ro\u015blinne bia\u0142ko w proszku, kt\u00f3re urozmaici Twoj\u0105 diet\u0119. To wysokiej jako\u015bci produkt organiczny, kt\u00f3ry dzi\u0119ki wyselekcjonowanym sk\u0142adnikom ma za zadanie dzia\u0142a\u0107 kompleksowo!<\/p>\n<p>Bogata formu\u0142a, w kt\u00f3r\u0105 wchodz\u0105 zar\u00f3wno adaptogeny, czyli Ashwagandha, jak i warzywa (broku\u0142, szpinak, burak, jarmu\u017c) oraz owoce (banan, baobab, lucuma), a tak\u017ce korzenne przyprawy (imbir i kurkuma) sprawia, \u017ce bia\u0142ko, poza w\u0142a\u015bciwo\u015bciami od\u017cywiaj\u0105cymi, wspiera te\u017c odporno\u015b\u0107, dodaje witaminy do diety, wspiera witalno\u015b\u0107 i wytrzyma\u0142o\u015b\u0107 organizmu.<\/p>\n<p>Do tego w \u015brodku s\u0142oika znajdziesz biodegradowaln\u0105 miark\u0119, za pomoc\u0105 kt\u00f3rej odmierzysz idealne porcje produktu.<\/p>\n<p><strong>BIO bia\u0142ko konopne Active to:<\/strong><\/p>\n<ul>\n<li>ciekawy spos\u00f3b na rozszerzenie Twojej diety,<\/li>\n<li>miks warzyw, owoc\u00f3w i korzennych przypraw,<\/li>\n<li>100% ekologicznych sk\u0142adnik\u00f3w,<\/li>\n<li>zawarto\u015b\u0107 kwas\u00f3w omega,<\/li>\n<li>pe\u0142nowarto\u015bciowe aminokwasy egzogenne,<\/li>\n<li>zawiera b\u0142onnik dla lepszego trawienia,<\/li>\n<li>ashwagandha dla wsparcia aktywno\u015bci.<\/li>\n<\/ul>\n<p><strong>Nasze BIO bia\u0142ko Active zosta\u0142o zmielone metod\u0105 na zimno. To dzi\u0119ki tej metodzie nasz produkt zachowuje swoje warto\u015bci od\u017cywcze!<\/strong><\/p>\n<h2><strong>BIO bia\u0142ko konopne Active &#8211; dlaczego warto w\u0142\u0105czy\u0107 je do diety?<\/strong><\/h2>\n<p>Wa\u017cne jest to, by w dobie przetworzonej \u017cywno\u015bci, pe\u0142nej metali ci\u0119\u017ckich, chemii i pestycyd\u00f3w, stawia\u0107 na produkty organiczne, z ekologicznych upraw, posiadaj\u0105ce odpowiedni certyfikat. Nasze BIO bia\u0142ko konopne jest sygnowane certyfikatem EU Organic, \u015bwiadcz\u0105cym o jego organiczno\u015bci.<\/p>\n<p>Sk\u0142adniki bia\u0142ka konopnego, poza samymi konopiami, zosta\u0142y starannie wyselekcjonowane tak, by wesprze\u0107 Twoj\u0105 aktywno\u015b\u0107! To \u015bwietny produkt dla os\u00f3b aktywnych fizycznie, uprawiaj\u0105cych sport i sp\u0119dzaj\u0105cych du\u017co czasu na treningach.<\/p>\n<p>To w\u0142a\u015bnie bia\u0142ko jest tym, co buduje nasze mi\u0119\u015bnie, a tym samym ca\u0142y nasz organizm. Ta mieszanka ro\u015blinna sprawia, \u017ce \u0142atwiej nabierzemy masy mi\u0119\u015bniowej, b\u0119dziemy bardziej energiczni, pomo\u017ce spali\u0107 niepotrzebne kalorie czy tkank\u0119 t\u0142uszczow\u0105.<\/p>\n<p>BIO bia\u0142ko konopne Active zawiera du\u017co b\u0142onnika, bo jest to warto\u015b\u0107 21 g\/100 g produktu! Dzi\u0119ki b\u0142onnikowi jeste\u015bmy syci i wspiera on nasz uk\u0142ad trawienny w prawid\u0142owym dzia\u0142aniu.<\/p>\n<p><strong>Nasze BIO bia\u0142ko konopne Active zawiera r\u00f3wnie\u017c:<\/strong><\/p>\n<ul>\n<li><\/li>\n<li><strong>Witamin\u0119 C<\/strong>, kt\u00f3ra wspiera uk\u0142ad odporno\u015bciowy, zapobiega uczuciu zm\u0119czenia, wspomaga wch\u0142anianie si\u0119 \u017celaza.<\/li>\n<li><strong>Wap\u0144<\/strong> wspomagaj\u0105cy o prawid\u0142ow\u0105 krzepliwo\u015b\u0107 krwi, mi\u0119\u015bnie, ko\u015bci i z\u0119by.<\/li>\n<li><strong>Fosfor<\/strong> dba o prawid\u0142owy metabolizm energetyczny.<\/li>\n<li><strong>Witamin\u0119 A <\/strong>wspieraj\u0105c\u0105 sk\u00f3r\u0119, wzrok i uk\u0142ad odporno\u015bciowy.<\/li>\n<li><strong>Magnez<\/strong>, kt\u00f3ry pomaga w utrzymaniu r\u00f3wnowagi elektrolitowej oraz w prawid\u0142owej syntezie bia\u0142ka w naszym organizmie.<\/li>\n<li><strong>Witamin\u0119 B1<\/strong>, czyli tiamin\u0119. To dzi\u0119ki niej prawid\u0142owo dzia\u0142a metabolizm energetyczny oraz nasze serce.<\/li>\n<li><strong>\u017belazo<\/strong> pomaga transportowa\u0107 tlen w naszym organizmie i zapobiega\u0107 uczuciu znu\u017cenia.<\/li>\n<\/ul>\n<p>BIO bia\u0142ko konopne nazywane jest <strong>bia\u0142kiem pe\u0142nowarto\u015bciowym<\/strong>, poniewa\u017c zawiera aminokwasy egzogenne.<br \/>\nOrganiczne bia\u0142ko konopne Active zawiera 32 g bia\u0142ka\/ 100 g produktu.<br \/>\nNie ma w nim laktozy czy glutenu.<\/p>\n<p><strong>Nasze BIO bia\u0142ko konopne Active posiada certyfikat EU Organic, \u015bwiadcz\u0105cy o organiczno\u015bci produktu.<\/strong><\/p>\n<h2>Kto mo\u017ce u\u017cywa\u0107 BIO bia\u0142ko konopne Active?<\/h2>\n<p>BIO bia\u0142ko konopne Active to produkt dla wszystkich tych, kt\u00f3rzy:<\/p>\n<ul>\n<li>uprawiaj\u0105 sport i intensywnie \u0107wicz\u0105,<\/li>\n<li>prowadz\u0105 aktywny tryb \u017cycia,<\/li>\n<li>wykonuj\u0105 prac\u0119 fizyczn\u0105 i potrzebuj\u0105 wsparcia witalno\u015bci umys\u0142u,<\/li>\n<li>chc\u0105 zwi\u0119kszy\u0107 tkank\u0119 mi\u0119\u015bniow\u0105 lub spali\u0107 zb\u0119dne kilogramy,<\/li>\n<li>pr\u00f3buj\u0105 zdrowo si\u0119 od\u017cywia\u0107,<\/li>\n<li>od\u017cywiaj\u0105 si\u0119 diet\u0105 ubog\u0105 w bia\u0142ko lub ro\u015blinn\u0105,<\/li>\n<li>dbaj\u0105 o to, by spo\u017cywa\u0107 produkty ekologiczne i z czystymi sk\u0142adnikami,<\/li>\n<li>potrzebuj\u0105 wsparcia witalno\u015bci i wytrzyma\u0142o\u015bci.<\/li>\n<\/ul>\n<h2><strong>Stosowanie BIO bia\u0142ka konopnego Active<\/strong><\/h2>\n<p>3 \u0142y\u017ceczki (15 g) dziennie. W dni treningowe 6 \u0142y\u017ceczek (15 g) raz dziennie, najlepiej po treningu. Produkt mo\u017cesz doda\u0107 do ulubionego koktajlu, owsianki, nale\u015bnik\u00f3w, wypiek\u00f3w czy wypi\u0107 z wod\u0105.<\/p>\n<p>&nbsp;<\/p>\n<h3>Czytaj o sk\u0142adnikach naszego BIO Bia\u0142ka Konopnego Active na naszym blogu: <strong>\u00a0<\/strong><\/h3>\n<p><a href=\"https:\/\/dev.hempking.eu\/pl\/na-co-pomoga-kurkuma\/\" target=\"_blank\" rel=\"noopener\">W\u0142a\u015bciwo\u015bci kurkumy<\/a><\/p>\n<p><a href=\"https:\/\/dev.hempking.eu\/pl\/burak-zwyczajny-o-nadzwyczajnych-wlasciwosciach\/\" target=\"_blank\" rel=\"noopener\">W\u0142a\u015bciowo\u015bci i zastosowanie buraka\u00a0<\/a><\/p>\n<p><a href=\"https:\/\/dev.hempking.eu\/pl\/jakie-wlasciwosci-ma-brokul\/\" target=\"_blank\" rel=\"noopener\">Jakie w\u0142a\u015bciwo\u015bci ma broku\u0142?<\/a><\/p>\n<p><a href=\"https:\/\/dev.hempking.eu\/pl\/bio-jarmuz-wlasciowsci\/\" target=\"_blank\" rel=\"noopener\">Broku\u0142 &#8211; w\u0142a\u015bciow\u015bci<\/a><\/p>\n<p><a href=\"https:\/\/dev.hempking.eu\/pl\/banan-w-proszku-wlasciwosci\/\" target=\"_blank\" rel=\"noopener\">W\u0142a\u015bciow\u015bci zdrowotne banana<\/a><\/p>\n<h3><\/h3>\n<p>Sprawd\u017a te\u017c ca\u0142\u0105 ofert\u0119: <a href=\"https:\/\/dev.hempking.eu\/pl\/bialko-konopne\/\">Bia\u0142ko konopne<\/a><\/p>\n<p>&nbsp;<\/p>\n","protected":false},"excerpt":{"rendered":"<h2>WA\u017bNY do 05.2023<\/h2>\n<h2><strong>BIO bia\u0142ko konopne Active:<\/strong><\/h2>\n<ul>\n<li>BIO bia\u0142ko konopne z ashwagandh\u0105, warzywami, owocami i przyprawami<\/li>\n<li>eko certyfikat EU Organic<\/li>\n<li>pomaga utrzyma\u0107 witalno\u015b\u0107 i wytrzyma\u0142o\u015b\u0107<\/li>\n<li>wspiera odporno\u015b\u0107<\/li>\n<li>produkt w 100% ro\u015blinny, odpowiedni dla wegan i wegetarian<\/li>\n<li>100% czyste sk\u0142adniki<\/li>\n<li>zawiera miark\u0119 z biodegradowalnych materia\u0142\u00f3w<\/li>\n<\/ul>\n<p><strong>Waga: 250g<\/strong><\/p>\n","protected":false},"featured_media":87460,"template":"","meta":{"_acf_changed":false},"product_cat":[23,27,117,36,101],"product_tag":[],"class_list":{"0":"post-113448","1":"product","2":"type-product","3":"status-publish","4":"has-post-thumbnail","6":"product_cat-zywnosc-konopna","7":"product_cat-bialko-konopne","8":"product_cat-bialko-roslinne","9":"product_cat-bestsellery","10":"product_cat-last-minute","12":"first","13":"instock","14":"sale","15":"shipping-taxable","16":"purchasable","17":"product-type-simple"},"acf":[],"yoast_head":"<!-- This site is optimized with the Yoast SEO Premium plugin v23.4 (Yoast SEO v24.0) - https:\/\/yoast.com\/wordpress\/plugins\/seo\/ -->\n<title>Bio bia\u0142ko konopne Active \u2013 250g | Nowo\u015b\u0107 od Hempking | Kup teraz!<\/title>\n<meta name=\"description\" content=\"Bio bia\u0142ko konopne Active to pe\u0142nowarto\u015bciowe proteiny wspieraj\u0105ce wytrzyma\u0142o\u015b\u0107 i witalno\u015b\u0107. Wypr\u00f3buj zupe\u0142nie nowy smak bia\u0142ka konopnego!\" \/>\n<link rel=\"canonical\" href=\"https:\/\/dev.hempking.eu\/pl\/bio-bialko-konopne-active-250-g-wazny-do-05-2023\/\" \/>\n<meta property=\"og:locale\" content=\"pl_PL\" \/>\n<meta property=\"og:type\" content=\"article\" \/>\n<meta property=\"og:title\" content=\"BIO bia\u0142ko konopne Active - 250 g - wa\u017cny do 31.05.2023\" \/>\n<meta property=\"og:description\" content=\"Bio bia\u0142ko konopne Active to pe\u0142nowarto\u015bciowe proteiny wspieraj\u0105ce wytrzyma\u0142o\u015b\u0107 i witalno\u015b\u0107. Wypr\u00f3buj zupe\u0142nie nowy smak bia\u0142ka konopnego!\" \/>\n<meta property=\"og:url\" content=\"https:\/\/dev.hempking.eu\/pl\/bio-bialko-konopne-active-250-g-wazny-do-05-2023\/\" \/>\n<meta property=\"og:site_name\" content=\"Hemp King\" \/>\n<meta property=\"article:publisher\" content=\"https:\/\/www.facebook.com\/hempkingpoland\" \/>\n<meta property=\"article:modified_time\" content=\"2023-04-24T05:47:12+00:00\" \/>\n<meta property=\"og:image\" content=\"https:\/\/dev.hempking.eu\/pl\/wp-content\/uploads\/sites\/2\/2022\/01\/bialko_active.jpg\" \/>\n\t<meta property=\"og:image:width\" content=\"1000\" \/>\n\t<meta property=\"og:image:height\" content=\"1000\" \/>\n\t<meta property=\"og:image:type\" content=\"image\/jpeg\" \/>\n<meta name=\"twitter:card\" content=\"summary_large_image\" \/>\n<meta name=\"twitter:site\" content=\"@hempkingeu\" \/>\n<meta name=\"twitter:label1\" content=\"Price\" \/>\n\t<meta name=\"twitter:data1\" content=\"29.83&nbsp;&#122;&#322;\" \/>\n\t<meta name=\"twitter:label2\" content=\"Availability\" \/>\n\t<meta name=\"twitter:data2\" content=\"In stock\" \/>\n<script type=\"application\/ld+json\" class=\"yoast-schema-graph\">{\"@context\":\"https:\/\/schema.org\",\"@graph\":[{\"@type\":\"WebPage\",\"@id\":\"https:\/\/dev.hempking.eu\/pl\/bio-bialko-konopne-active-250-g-wazny-do-05-2023\/\",\"url\":\"https:\/\/dev.hempking.eu\/pl\/bio-bialko-konopne-active-250-g-wazny-do-05-2023\/\",\"name\":\"Bio bia\u0142ko konopne Active \u2013 250g | Nowo\u015b\u0107 od Hempking | Kup teraz!\",\"isPartOf\":{\"@id\":\"https:\/\/dev.hempking.eu\/pl\/#website\"},\"primaryImageOfPage\":{\"@id\":\"https:\/\/dev.hempking.eu\/pl\/bio-bialko-konopne-active-250-g-wazny-do-05-2023\/#primaryimage\"},\"image\":{\"@id\":\"https:\/\/dev.hempking.eu\/pl\/bio-bialko-konopne-active-250-g-wazny-do-05-2023\/#primaryimage\"},\"thumbnailUrl\":\"https:\/\/dev.hempking.eu\/pl\/wp-content\/uploads\/sites\/2\/2022\/01\/bialko_active.jpg\",\"datePublished\":\"2022-11-18T12:17:00+00:00\",\"dateModified\":\"2023-04-24T05:47:12+00:00\",\"description\":\"Bio bia\u0142ko konopne Active to pe\u0142nowarto\u015bciowe proteiny wspieraj\u0105ce wytrzyma\u0142o\u015b\u0107 i witalno\u015b\u0107. Wypr\u00f3buj zupe\u0142nie nowy smak bia\u0142ka konopnego!\",\"breadcrumb\":{\"@id\":\"https:\/\/dev.hempking.eu\/pl\/bio-bialko-konopne-active-250-g-wazny-do-05-2023\/#breadcrumb\"},\"inLanguage\":\"pl-PL\",\"potentialAction\":[{\"@type\":\"ReadAction\",\"target\":[\"https:\/\/dev.hempking.eu\/pl\/bio-bialko-konopne-active-250-g-wazny-do-05-2023\/\"]}]},{\"@type\":\"ImageObject\",\"inLanguage\":\"pl-PL\",\"@id\":\"https:\/\/dev.hempking.eu\/pl\/bio-bialko-konopne-active-250-g-wazny-do-05-2023\/#primaryimage\",\"url\":\"https:\/\/dev.hempking.eu\/pl\/wp-content\/uploads\/sites\/2\/2022\/01\/bialko_active.jpg\",\"contentUrl\":\"https:\/\/dev.hempking.eu\/pl\/wp-content\/uploads\/sites\/2\/2022\/01\/bialko_active.jpg\",\"width\":1000,\"height\":1000,\"caption\":\"Bia\u0142ko konopne Active 250g HempKing\"},{\"@type\":\"BreadcrumbList\",\"@id\":\"https:\/\/dev.hempking.eu\/pl\/bio-bialko-konopne-active-250-g-wazny-do-05-2023\/#breadcrumb\",\"itemListElement\":[{\"@type\":\"ListItem\",\"position\":1,\"name\":\"Home\",\"item\":\"https:\/\/dev.hempking.eu\/pl\/\"},{\"@type\":\"ListItem\",\"position\":2,\"name\":\"Sklep\",\"item\":\"https:\/\/dev.hempking.eu\/pl\/shop\/\"},{\"@type\":\"ListItem\",\"position\":3,\"name\":\"Last minute\",\"item\":\"https:\/\/dev.hempking.eu\/pl\/last-minute\/\"},{\"@type\":\"ListItem\",\"position\":4,\"name\":\"BIO bia\u0142ko konopne Active - 250 g - wa\u017cny do 31.05.2023\"}]},{\"@type\":\"WebSite\",\"@id\":\"https:\/\/dev.hempking.eu\/pl\/#website\",\"url\":\"https:\/\/dev.hempking.eu\/pl\/\",\"name\":\"Hemp King\",\"description\":\"\",\"publisher\":{\"@id\":\"https:\/\/dev.hempking.eu\/pl\/#organization\"},\"potentialAction\":[{\"@type\":\"SearchAction\",\"target\":{\"@type\":\"EntryPoint\",\"urlTemplate\":\"https:\/\/dev.hempking.eu\/pl\/?s={search_term_string}\"},\"query-input\":{\"@type\":\"PropertyValueSpecification\",\"valueRequired\":true,\"valueName\":\"search_term_string\"}}],\"inLanguage\":\"pl-PL\"},{\"@type\":\"Organization\",\"@id\":\"https:\/\/dev.hempking.eu\/pl\/#organization\",\"name\":\"Hemp King\",\"url\":\"https:\/\/dev.hempking.eu\/pl\/\",\"logo\":{\"@type\":\"ImageObject\",\"inLanguage\":\"pl-PL\",\"@id\":\"https:\/\/dev.hempking.eu\/pl\/#\/schema\/logo\/image\/\",\"url\":\"https:\/\/dev.hempking.eu\/pl\/wp-content\/uploads\/sites\/2\/2020\/05\/hempking.png\",\"contentUrl\":\"https:\/\/dev.hempking.eu\/pl\/wp-content\/uploads\/sites\/2\/2020\/05\/hempking.png\",\"width\":148,\"height\":91,\"caption\":\"Hemp King\"},\"image\":{\"@id\":\"https:\/\/dev.hempking.eu\/pl\/#\/schema\/logo\/image\/\"},\"sameAs\":[\"https:\/\/www.facebook.com\/hempkingpoland\",\"https:\/\/x.com\/hempkingeu\",\"https:\/\/www.instagram.com\/hempkingeu\/\",\"https:\/\/www.linkedin.com\/company\/hempking-eu\/mycompany\/\",\"https:\/\/pl.pinterest.com\/hempkingeu\/\",\"https:\/\/www.youtube.com\/channel\/UCUkeZA1fj4hSZfoYm0WpZ7w\"]}]}<\/script>\n<meta property=\"product:price:amount\" content=\"29.83\" \/>\n<meta property=\"product:price:currency\" content=\"PLN\" \/>\n<meta property=\"og:availability\" content=\"instock\" \/>\n<meta property=\"product:availability\" content=\"instock\" \/>\n<meta property=\"product:condition\" content=\"new\" \/>\n<!-- \/ Yoast SEO Premium plugin. -->","yoast_head_json":{"title":"Bio bia\u0142ko konopne Active \u2013 250g | Nowo\u015b\u0107 od Hempking | Kup teraz!","description":"Bio bia\u0142ko konopne Active to pe\u0142nowarto\u015bciowe proteiny wspieraj\u0105ce wytrzyma\u0142o\u015b\u0107 i witalno\u015b\u0107. Wypr\u00f3buj zupe\u0142nie nowy smak bia\u0142ka konopnego!","canonical":"https:\/\/dev.hempking.eu\/pl\/bio-bialko-konopne-active-250-g-wazny-do-05-2023\/","og_locale":"pl_PL","og_type":"article","og_title":"BIO bia\u0142ko konopne Active - 250 g - wa\u017cny do 31.05.2023","og_description":"Bio bia\u0142ko konopne Active to pe\u0142nowarto\u015bciowe proteiny wspieraj\u0105ce wytrzyma\u0142o\u015b\u0107 i witalno\u015b\u0107. Wypr\u00f3buj zupe\u0142nie nowy smak bia\u0142ka konopnego!","og_url":"https:\/\/dev.hempking.eu\/pl\/bio-bialko-konopne-active-250-g-wazny-do-05-2023\/","og_site_name":"Hemp King","article_publisher":"https:\/\/www.facebook.com\/hempkingpoland","article_modified_time":"2023-04-24T05:47:12+00:00","og_image":[{"width":1000,"height":1000,"url":"https:\/\/dev.hempking.eu\/pl\/wp-content\/uploads\/sites\/2\/2022\/01\/bialko_active.jpg","type":"image\/jpeg"}],"twitter_card":"summary_large_image","twitter_site":"@hempkingeu","twitter_misc":{"Price":"29.83&nbsp;&#122;&#322;","Availability":"In stock"},"schema":{"@context":"https:\/\/schema.org","@graph":[{"@type":"WebPage","@id":"https:\/\/dev.hempking.eu\/pl\/bio-bialko-konopne-active-250-g-wazny-do-05-2023\/","url":"https:\/\/dev.hempking.eu\/pl\/bio-bialko-konopne-active-250-g-wazny-do-05-2023\/","name":"Bio bia\u0142ko konopne Active \u2013 250g | Nowo\u015b\u0107 od Hempking | Kup teraz!","isPartOf":{"@id":"https:\/\/dev.hempking.eu\/pl\/#website"},"primaryImageOfPage":{"@id":"https:\/\/dev.hempking.eu\/pl\/bio-bialko-konopne-active-250-g-wazny-do-05-2023\/#primaryimage"},"image":{"@id":"https:\/\/dev.hempking.eu\/pl\/bio-bialko-konopne-active-250-g-wazny-do-05-2023\/#primaryimage"},"thumbnailUrl":"https:\/\/dev.hempking.eu\/pl\/wp-content\/uploads\/sites\/2\/2022\/01\/bialko_active.jpg","datePublished":"2022-11-18T12:17:00+00:00","dateModified":"2023-04-24T05:47:12+00:00","description":"Bio bia\u0142ko konopne Active to pe\u0142nowarto\u015bciowe proteiny wspieraj\u0105ce wytrzyma\u0142o\u015b\u0107 i witalno\u015b\u0107. Wypr\u00f3buj zupe\u0142nie nowy smak bia\u0142ka konopnego!","breadcrumb":{"@id":"https:\/\/dev.hempking.eu\/pl\/bio-bialko-konopne-active-250-g-wazny-do-05-2023\/#breadcrumb"},"inLanguage":"pl-PL","potentialAction":[{"@type":"ReadAction","target":["https:\/\/dev.hempking.eu\/pl\/bio-bialko-konopne-active-250-g-wazny-do-05-2023\/"]}]},{"@type":"ImageObject","inLanguage":"pl-PL","@id":"https:\/\/dev.hempking.eu\/pl\/bio-bialko-konopne-active-250-g-wazny-do-05-2023\/#primaryimage","url":"https:\/\/dev.hempking.eu\/pl\/wp-content\/uploads\/sites\/2\/2022\/01\/bialko_active.jpg","contentUrl":"https:\/\/dev.hempking.eu\/pl\/wp-content\/uploads\/sites\/2\/2022\/01\/bialko_active.jpg","width":1000,"height":1000,"caption":"Bia\u0142ko konopne Active 250g HempKing"},{"@type":"BreadcrumbList","@id":"https:\/\/dev.hempking.eu\/pl\/bio-bialko-konopne-active-250-g-wazny-do-05-2023\/#breadcrumb","itemListElement":[{"@type":"ListItem","position":1,"name":"Home","item":"https:\/\/dev.hempking.eu\/pl\/"},{"@type":"ListItem","position":2,"name":"Sklep","item":"https:\/\/dev.hempking.eu\/pl\/shop\/"},{"@type":"ListItem","position":3,"name":"Last minute","item":"https:\/\/dev.hempking.eu\/pl\/last-minute\/"},{"@type":"ListItem","position":4,"name":"BIO bia\u0142ko konopne Active - 250 g - wa\u017cny do 31.05.2023"}]},{"@type":"WebSite","@id":"https:\/\/dev.hempking.eu\/pl\/#website","url":"https:\/\/dev.hempking.eu\/pl\/","name":"Hemp King","description":"","publisher":{"@id":"https:\/\/dev.hempking.eu\/pl\/#organization"},"potentialAction":[{"@type":"SearchAction","target":{"@type":"EntryPoint","urlTemplate":"https:\/\/dev.hempking.eu\/pl\/?s={search_term_string}"},"query-input":{"@type":"PropertyValueSpecification","valueRequired":true,"valueName":"search_term_string"}}],"inLanguage":"pl-PL"},{"@type":"Organization","@id":"https:\/\/dev.hempking.eu\/pl\/#organization","name":"Hemp King","url":"https:\/\/dev.hempking.eu\/pl\/","logo":{"@type":"ImageObject","inLanguage":"pl-PL","@id":"https:\/\/dev.hempking.eu\/pl\/#\/schema\/logo\/image\/","url":"https:\/\/dev.hempking.eu\/pl\/wp-content\/uploads\/sites\/2\/2020\/05\/hempking.png","contentUrl":"https:\/\/dev.hempking.eu\/pl\/wp-content\/uploads\/sites\/2\/2020\/05\/hempking.png","width":148,"height":91,"caption":"Hemp King"},"image":{"@id":"https:\/\/dev.hempking.eu\/pl\/#\/schema\/logo\/image\/"},"sameAs":["https:\/\/www.facebook.com\/hempkingpoland","https:\/\/x.com\/hempkingeu","https:\/\/www.instagram.com\/hempkingeu\/","https:\/\/www.linkedin.com\/company\/hempking-eu\/mycompany\/","https:\/\/pl.pinterest.com\/hempkingeu\/","https:\/\/www.youtube.com\/channel\/UCUkeZA1fj4hSZfoYm0WpZ7w"]}]},"product_price_amount":"29.83","product_price_currency":"PLN","og_availability":"instock","product_availability":"instock","product_condition":"new"},"_links":{"self":[{"href":"https:\/\/dev.hempking.eu\/pl\/wp-json\/wp\/v2\/product\/113448","targetHints":{"allow":["GET"]}}],"collection":[{"href":"https:\/\/dev.hempking.eu\/pl\/wp-json\/wp\/v2\/product"}],"about":[{"href":"https:\/\/dev.hempking.eu\/pl\/wp-json\/wp\/v2\/types\/product"}],"wp:featuredmedia":[{"embeddable":true,"href":"https:\/\/dev.hempking.eu\/pl\/wp-json\/wp\/v2\/media\/87460"}],"wp:attachment":[{"href":"https:\/\/dev.hempking.eu\/pl\/wp-json\/wp\/v2\/media?parent=113448"}],"wp:term":[{"taxonomy":"product_cat","embeddable":true,"href":"https:\/\/dev.hempking.eu\/pl\/wp-json\/wp\/v2\/product_cat?post=113448"},{"taxonomy":"product_tag","embeddable":true,"href":"https:\/\/dev.hempking.eu\/pl\/wp-json\/wp\/v2\/product_tag?post=113448"}],"curies":[{"name":"wp","href":"https:\/\/api.w.org\/{rel}","templated":true}]}}