{"id":113760,"date":"2022-11-21T07:19:56","date_gmt":"2022-11-21T06:19:56","guid":{"rendered":"https:\/\/hempking.eu\/pl\/?post_type=product&#038;p=113760"},"modified":"2023-03-07T17:46:06","modified_gmt":"2023-03-07T16:46:06","slug":"olej-cbd-1-czosnek-i-imbir-10ml-wazny-do-03-2023","status":"publish","type":"product","link":"https:\/\/dev.hempking.eu\/pl\/olej-cbd-1-czosnek-i-imbir-10ml-wazny-do-03-2023\/","title":{"rendered":"Olej konopny CBD 1% Czosnek i Imbir \u2013 10ml - Wa\u017cny do 03.2023"},"content":{"rendered":"<h2><strong>Olej konopny 1% Czosnek i Imbir &#8211; naturalne po\u0142\u0105czenie<\/strong><\/h2>\n<p>Olejek konopny 1% Czosnek i Imbir to nowoczesny suplement diety. Jest on uzupe\u0142nieniem dla codziennej, zdrowo zbilansowanej diety. Dodatek czosnku i imbiru sprawia, \u017ce smak olejku jest wyj\u0105tkowy.<\/p>\n<p>&nbsp;<\/p>\n<h2><strong>Wyj\u0105tkowy Olej konopny 1% Czosnek i Imbir<\/strong><\/h2>\n<p><strong>1. Gwarancja st\u0119\u017cenia<br \/>\n<\/strong>Wybieraj\u0105c olejki z fitsk\u0142adnikami chcesz by\u0107 pewnym, \u017ce dostaniesz tyle kannabinoid\u00f3w, ile chcesz. Ka\u017cda butelka naszego olejku konopnego z czosnkiem i imbirem zawiera ponad 100 mg naturalnego kannabidiolu. Olejek konopny dodatkowo zawiera pozosta\u0142e fitosk\u0142adniki w pe\u0142nym spektrum, terpeny i fenole.<\/p>\n<p>Olejki Hempking 1% to te\u017c dobre st\u0119\u017cenie na jedn\u0105 kropl\u0119 produktu. A to oznacza, \u017ce w <strong>jedna kropla naszego oleju 1% zawiera wi\u0119cej ni\u017c 0,5 mg kannabidiolu<\/strong>. Reszta zawarto\u015bci to pozosta\u0142e naturalne fitosk\u0142adniki.<\/p>\n<p>Dzi\u0119ki temu mo\u017cesz zu\u017cy\u0107 mniej produktu, nadal suplementuj\u0105c tyle samo kannabinoid\u00f3w ile chcesz.<\/p>\n<p><strong>2. 100% natury<br \/>\n<\/strong>W Hempking wiemy jak\u0105 si\u0142\u0119 ma natura i \u017ce nie potrzebuje ulepszenia. Dlatego <strong>do naszych produkt\u00f3w dodajemy \u017cadnych sztucznych sk\u0142adnik\u00f3w<\/strong>. Syntetyczne fitokannaniny, rozpuszczalniki czy izolaty s\u0105 nie dla nas. W naszych produktach nie znajdziesz chemii, pestycyd\u00f3w i herbicyd\u00f3w.<\/p>\n<p><strong>3. Produkt polski<br \/>\n<\/strong>Z dum\u0105 m\u00f3wimy o tym, \u017ce<strong> nasze olejki s\u0105 w 100% polskie!<\/strong> Od upraw, przez produkcj\u0119 oraz dystrybucj\u0119 &#8211; to wszystko ma miejsce w naszym kraju!<\/p>\n<p>&nbsp;<\/p>\n<h2><strong>Jako\u015b\u0107 to filar naszej pracy!<\/strong><\/h2>\n<p>Olejek konopny 1% Czosnek i Imbir jest zbadany na kilka sposob\u00f3w. Przeszed\u0142 badania na zawarto\u015b\u0107 fitosk\u0142adnik\u00f3w, terpen\u00f3w oraz na oznaczenie metali ci\u0119\u017ckich.<\/p>\n<p><strong>Wszystkie te badania s\u0105 dost\u0119pne tutaj: <a href=\"https:\/\/dev.hempking.eu\/pl\/atesty-i-certyfikaty\/\">Atesty i Certyfikaty<\/a>.<\/strong><\/p>\n<p>&nbsp;<\/p>\n<h2><strong>W\u0142a\u015bciwo\u015bci oleju konopnego 1% Czosnek i Imbir<\/strong><\/h2>\n<p>Olejek konopny 1% Czosnek i Imbir zawiera kannabidiol oraz inne fitosk\u0142adniki w niskim st\u0119\u017ceniu, dzi\u0119ki czemu ma \u0142agodne, ale pozytywne w\u0142a\u015bciwo\u015bci. Doceni\u0105 je zw\u0142aszcza pocz\u0105tkuj\u0105cy.<\/p>\n<p><strong>Gdy suplementujesz olej konopny:<\/strong><\/p>\n<ul>\n<li>dostarczasz sobie pe\u0142ne spektrum fitosk\u0142adnik\u00f3w, nawet gdy st\u0119\u017cenie olejku jest tak niskie,<\/li>\n<li>spo\u017cywasz te\u017c kwasy t\u0142uszczowe omega-3, omega-6 i omega-9,<\/li>\n<li>Twoja naturalna odporno\u015b\u0107 jest wspierana,<\/li>\n<li>dbasz o sw\u00f3j uk\u0142ad sercowo-naczyniowy,<\/li>\n<li>pomagasz organizmowi regulowa\u0107 zawarto\u015b\u0107 cholesterolu i tr\u00f3jgliceryd\u00f3w we krwi,<\/li>\n<li>a Twoja sk\u00f3ra \u0142atwiej zachowa optymalny poziom nawil\u017cenia i zdrowy wygl\u0105d.<\/li>\n<\/ul>\n<p><strong>Dodatek czosnku i imbiru korzystnie wp\u0142ywa na organizm:<\/strong><\/p>\n<ul>\n<li>pomaga utrzyma\u0107 odporno\u015b\u0107 organizmu,<\/li>\n<li>wspiera zdrowie uk\u0142adu krwiono\u015bnego,<\/li>\n<li>pozytywnie wp\u0142ywa na prac\u0119 jelit,<\/li>\n<li>reguluje procesy trawienne.<\/li>\n<\/ul>\n<p>Dobroczynna moc czosnku i imbiru znana jest od setek lat. Sk\u0142adniki te s\u0105 doskona\u0142ym uzupe\u0142nieniem dla olejku konopnego \u2013 w po\u0142\u0105czeniu tworz\u0105 one prawdziwy zastrzyk zdrowia dla ka\u017cdego organizmu, a to wszystko tylko w jednej kropelce olejku konopnego dziennie!<\/p>\n<p>&nbsp;<\/p>\n<h2><strong>Jak rozpocz\u0105\u0107 suplementacj\u0119 kannabinoidami z olejkiem 1%?<\/strong><\/h2>\n<p>Spo\u017cywanie olejku konopnego 1% z czosnkiem i imbirem nie jest wcale trudne! Wystarczy, \u017ce zapoznasz si\u0119 z naszymi wskaz\u00f3wkami.<\/p>\n<p>Zacznij od ilo\u015bci sk\u0142adaj\u0105cej si\u0119 z 3 kropli dziennie, w trzech porcjach dziennie!<br \/>\nSpr\u00f3buj nie je\u015b\u0107 p\u00f3\u0142 godziny przed suplementacj\u0105 lub by\u0107 chocia\u017c p\u00f3\u0142 godziny po posi\u0142ku.<\/p>\n<p>Kroplomierz to Tw\u00f3j sprzymierzeniec &#8211; za jego pomoc\u0105 odmierzysz i umie\u015bcisz pod j\u0119zykiem kropl\u0119 olejku. Odczekaj 30 sekund i dopiero wtedy prze\u0142knij.<br \/>\nSpr\u00f3buj nie popija\u0107 od razu olejku!<\/p>\n<p>&nbsp;<\/p>\n<p><strong>Widzia\u0142e\u015b pozosta\u0142e wersje naszego olejku konopnego 1%?<\/strong><br \/>\nSprawd\u017a je:<br \/>\n<a href=\"https:\/\/dev.hempking.eu\/pl\/olej-konopny-1-raw-10ml\/\">Olejek konopny 1% RAW<\/a><br \/>\n<a href=\"https:\/\/dev.hempking.eu\/pl\/olej-konopny-1-pieprz-czarny-i-kurkuma-10ml\/\">Olejek konopny 1% z pieprzem i kurkum\u0105<\/a><\/p>\n<p>&nbsp;<\/p>\n<h2><strong>Olej konopny 1% Czosnek i Imbir &#8211; sk\u0142adniki<\/strong><\/h2>\n<p>Ekstrakt CO2 z konopi siewnych (Cannabis sativa L.) full spectrum oraz olej z nasion konopi siewnych, terpeny, flawonoidy, fenole, czosnek, imbir.<\/p>\n<p>&nbsp;<\/p>\n<p>&nbsp;<\/p>\n<p><strong>Przechowuj olejek z kannabinoidami poza zasi\u0119giem dzieci, z dala od nich.<\/strong><br \/>\n<strong>Nie mo\u017cna suplementem zast\u0105pi\u0107 zr\u00f3\u017cnicowanej i zbilansowanej diety.<\/strong><br \/>\n<strong>Nie przekraczaj dziennej porcji, kt\u00f3r\u0105 zaleca producent!<\/strong><\/p>\n","protected":false},"excerpt":{"rendered":"<h2>Wa\u017cny do 03.2023<\/h2>\n<h2><strong>Olej konopny 1% z Czosnkiem i Imbirem to:<\/strong><\/h2>\n<ul>\n<li><strong>ponad 100 mg wysokiej jako\u015bci fitosk\u0142adnika<\/strong><\/li>\n<li><strong>jedna kropla to 0,5 mg kannabidiolu<\/strong> \u2013 porcja dla tych, kt\u00f3rzy dopiero rozpoczynaj\u0105 przygod\u0119 z kannabinoidami<\/li>\n<li>wsparcie Twojej naturalnej odporno\u015bci (olej konopny, czosnek, imbir),<\/li>\n<li><strong>dodatek czosnku i imbiru<\/strong><\/li>\n<li><strong>full spectrum fitosk\u0142adnik\u00f3w<\/strong><\/li>\n<li><strong>100% natury,<\/strong><\/li>\n<\/ul>\n<p><strong>Pojemno\u015b\u0107: 10ml<\/strong><\/p>\n","protected":false},"featured_media":569,"template":"","meta":{"_acf_changed":false},"product_cat":[101,135,138],"product_tag":[],"class_list":{"0":"post-113760","1":"product","2":"type-product","3":"status-publish","4":"has-post-thumbnail","6":"product_cat-last-minute","7":"product_cat-procentowe-obnizki-cen","8":"product_cat-obnizka-produktow-do-40","10":"first","11":"instock","12":"shipping-taxable","13":"purchasable","14":"product-type-simple"},"acf":[],"yoast_head":"<!-- This site is optimized with the Yoast SEO Premium plugin v23.4 (Yoast SEO v24.0) - https:\/\/yoast.com\/wordpress\/plugins\/seo\/ -->\n<title>Olej konopny 1% Czosnek i Imbir Hempking - Full Spectrum - 10 ml<\/title>\n<meta name=\"description\" content=\"Olej konopny 1% Czosnek i Imbir Hempking. Uzupe\u0142nienie dla codziennej, zdrowo zbilansowanej diety. Ju\u017c od 34,90 z\u0142. Kup teraz!\" \/>\n<link rel=\"canonical\" href=\"https:\/\/dev.hempking.eu\/pl\/olej-cbd-1-czosnek-i-imbir-10ml\/\" \/>\n<meta property=\"og:locale\" content=\"pl_PL\" \/>\n<meta property=\"og:type\" content=\"article\" \/>\n<meta property=\"og:title\" content=\"Olej konopny CBD 1% Czosnek i Imbir \u2013 10ml - Wa\u017cny do 03.2023\" \/>\n<meta property=\"og:description\" content=\"Olej konopny 1% Czosnek i Imbir Hempking. Uzupe\u0142nienie dla codziennej, zdrowo zbilansowanej diety. Ju\u017c od 34,90 z\u0142. Kup teraz!\" \/>\n<meta property=\"og:url\" content=\"https:\/\/dev.hempking.eu\/pl\/olej-cbd-1-czosnek-i-imbir-10ml\/\" \/>\n<meta property=\"og:site_name\" content=\"Hemp King\" \/>\n<meta property=\"article:publisher\" content=\"https:\/\/www.facebook.com\/hempkingpoland\" \/>\n<meta property=\"article:modified_time\" content=\"2023-03-07T16:46:06+00:00\" \/>\n<meta property=\"og:image\" content=\"https:\/\/dev.hempking.eu\/pl\/wp-content\/uploads\/sites\/2\/2020\/07\/olej-konopny-1-100mg-full-spectrum-czosnek-i-imbir-10ml.jpg\" \/>\n\t<meta property=\"og:image:width\" content=\"1000\" \/>\n\t<meta property=\"og:image:height\" content=\"1000\" \/>\n\t<meta property=\"og:image:type\" content=\"image\/jpeg\" \/>\n<meta name=\"twitter:card\" content=\"summary_large_image\" \/>\n<meta name=\"twitter:site\" content=\"@hempkingeu\" \/>\n<meta name=\"twitter:label1\" content=\"Price\" \/>\n\t<meta name=\"twitter:data1\" content=\"34.90&nbsp;&#122;&#322;\" \/>\n\t<meta name=\"twitter:label2\" content=\"Availability\" \/>\n\t<meta name=\"twitter:data2\" content=\"In stock\" \/>\n<script type=\"application\/ld+json\" class=\"yoast-schema-graph\">{\"@context\":\"https:\/\/schema.org\",\"@graph\":[{\"@type\":\"WebPage\",\"@id\":\"https:\/\/dev.hempking.eu\/pl\/olej-cbd-1-czosnek-i-imbir-10ml-wazny-do-03-2023\/\",\"url\":\"https:\/\/dev.hempking.eu\/pl\/olej-cbd-1-czosnek-i-imbir-10ml\/\",\"name\":\"Olej konopny 1% Czosnek i Imbir Hempking - Full Spectrum - 10 ml\",\"isPartOf\":{\"@id\":\"https:\/\/dev.hempking.eu\/pl\/#website\"},\"primaryImageOfPage\":{\"@id\":\"https:\/\/dev.hempking.eu\/pl\/olej-cbd-1-czosnek-i-imbir-10ml\/#primaryimage\"},\"image\":{\"@id\":\"https:\/\/dev.hempking.eu\/pl\/olej-cbd-1-czosnek-i-imbir-10ml\/#primaryimage\"},\"thumbnailUrl\":\"https:\/\/dev.hempking.eu\/pl\/wp-content\/uploads\/sites\/2\/2020\/07\/olej-konopny-1-100mg-full-spectrum-czosnek-i-imbir-10ml.jpg\",\"datePublished\":\"2022-11-21T06:19:56+00:00\",\"dateModified\":\"2023-03-07T16:46:06+00:00\",\"description\":\"Olej konopny 1% Czosnek i Imbir Hempking. Uzupe\u0142nienie dla codziennej, zdrowo zbilansowanej diety. Ju\u017c od 34,90 z\u0142. Kup teraz!\",\"breadcrumb\":{\"@id\":\"https:\/\/dev.hempking.eu\/pl\/olej-cbd-1-czosnek-i-imbir-10ml\/#breadcrumb\"},\"inLanguage\":\"pl-PL\",\"potentialAction\":[{\"@type\":\"ReadAction\",\"target\":[\"https:\/\/dev.hempking.eu\/pl\/olej-cbd-1-czosnek-i-imbir-10ml\/\"]}]},{\"@type\":\"ImageObject\",\"inLanguage\":\"pl-PL\",\"@id\":\"https:\/\/dev.hempking.eu\/pl\/olej-cbd-1-czosnek-i-imbir-10ml\/#primaryimage\",\"url\":\"https:\/\/dev.hempking.eu\/pl\/wp-content\/uploads\/sites\/2\/2020\/07\/olej-konopny-1-100mg-full-spectrum-czosnek-i-imbir-10ml.jpg\",\"contentUrl\":\"https:\/\/dev.hempking.eu\/pl\/wp-content\/uploads\/sites\/2\/2020\/07\/olej-konopny-1-100mg-full-spectrum-czosnek-i-imbir-10ml.jpg\",\"width\":1000,\"height\":1000,\"caption\":\"Olej CBD 1% (100mg) Full Spectrum Czosnek i Imbir 10ml\"},{\"@type\":\"BreadcrumbList\",\"@id\":\"https:\/\/dev.hempking.eu\/pl\/olej-cbd-1-czosnek-i-imbir-10ml\/#breadcrumb\",\"itemListElement\":[{\"@type\":\"ListItem\",\"position\":1,\"name\":\"Home\",\"item\":\"https:\/\/dev.hempking.eu\/pl\/\"},{\"@type\":\"ListItem\",\"position\":2,\"name\":\"Sklep\",\"item\":\"https:\/\/dev.hempking.eu\/pl\/shop\/\"},{\"@type\":\"ListItem\",\"position\":3,\"name\":\"Last minute\",\"item\":\"https:\/\/dev.hempking.eu\/pl\/last-minute\/\"},{\"@type\":\"ListItem\",\"position\":4,\"name\":\"Olej konopny CBD 1% Czosnek i Imbir \u2013 10ml - Wa\u017cny do 03.2023\"}]},{\"@type\":\"WebSite\",\"@id\":\"https:\/\/dev.hempking.eu\/pl\/#website\",\"url\":\"https:\/\/dev.hempking.eu\/pl\/\",\"name\":\"Hemp King\",\"description\":\"\",\"publisher\":{\"@id\":\"https:\/\/dev.hempking.eu\/pl\/#organization\"},\"potentialAction\":[{\"@type\":\"SearchAction\",\"target\":{\"@type\":\"EntryPoint\",\"urlTemplate\":\"https:\/\/dev.hempking.eu\/pl\/?s={search_term_string}\"},\"query-input\":{\"@type\":\"PropertyValueSpecification\",\"valueRequired\":true,\"valueName\":\"search_term_string\"}}],\"inLanguage\":\"pl-PL\"},{\"@type\":\"Organization\",\"@id\":\"https:\/\/dev.hempking.eu\/pl\/#organization\",\"name\":\"Hemp King\",\"url\":\"https:\/\/dev.hempking.eu\/pl\/\",\"logo\":{\"@type\":\"ImageObject\",\"inLanguage\":\"pl-PL\",\"@id\":\"https:\/\/dev.hempking.eu\/pl\/#\/schema\/logo\/image\/\",\"url\":\"https:\/\/dev.hempking.eu\/pl\/wp-content\/uploads\/sites\/2\/2020\/05\/hempking.png\",\"contentUrl\":\"https:\/\/dev.hempking.eu\/pl\/wp-content\/uploads\/sites\/2\/2020\/05\/hempking.png\",\"width\":148,\"height\":91,\"caption\":\"Hemp King\"},\"image\":{\"@id\":\"https:\/\/dev.hempking.eu\/pl\/#\/schema\/logo\/image\/\"},\"sameAs\":[\"https:\/\/www.facebook.com\/hempkingpoland\",\"https:\/\/x.com\/hempkingeu\",\"https:\/\/www.instagram.com\/hempkingeu\/\",\"https:\/\/www.linkedin.com\/company\/hempking-eu\/mycompany\/\",\"https:\/\/pl.pinterest.com\/hempkingeu\/\",\"https:\/\/www.youtube.com\/channel\/UCUkeZA1fj4hSZfoYm0WpZ7w\"]}]}<\/script>\n<meta property=\"product:price:amount\" content=\"34.90\" \/>\n<meta property=\"product:price:currency\" content=\"PLN\" \/>\n<meta property=\"og:availability\" content=\"instock\" \/>\n<meta property=\"product:availability\" content=\"instock\" \/>\n<meta property=\"product:condition\" content=\"new\" \/>\n<!-- \/ Yoast SEO Premium plugin. -->","yoast_head_json":{"title":"Olej konopny 1% Czosnek i Imbir Hempking - Full Spectrum - 10 ml","description":"Olej konopny 1% Czosnek i Imbir Hempking. Uzupe\u0142nienie dla codziennej, zdrowo zbilansowanej diety. Ju\u017c od 34,90 z\u0142. Kup teraz!","canonical":"https:\/\/dev.hempking.eu\/pl\/olej-cbd-1-czosnek-i-imbir-10ml\/","og_locale":"pl_PL","og_type":"article","og_title":"Olej konopny CBD 1% Czosnek i Imbir \u2013 10ml - Wa\u017cny do 03.2023","og_description":"Olej konopny 1% Czosnek i Imbir Hempking. Uzupe\u0142nienie dla codziennej, zdrowo zbilansowanej diety. Ju\u017c od 34,90 z\u0142. Kup teraz!","og_url":"https:\/\/dev.hempking.eu\/pl\/olej-cbd-1-czosnek-i-imbir-10ml\/","og_site_name":"Hemp King","article_publisher":"https:\/\/www.facebook.com\/hempkingpoland","article_modified_time":"2023-03-07T16:46:06+00:00","og_image":[{"width":1000,"height":1000,"url":"https:\/\/dev.hempking.eu\/pl\/wp-content\/uploads\/sites\/2\/2020\/07\/olej-konopny-1-100mg-full-spectrum-czosnek-i-imbir-10ml.jpg","type":"image\/jpeg"}],"twitter_card":"summary_large_image","twitter_site":"@hempkingeu","twitter_misc":{"Price":"34.90&nbsp;&#122;&#322;","Availability":"In stock"},"schema":{"@context":"https:\/\/schema.org","@graph":[{"@type":"WebPage","@id":"https:\/\/dev.hempking.eu\/pl\/olej-cbd-1-czosnek-i-imbir-10ml-wazny-do-03-2023\/","url":"https:\/\/dev.hempking.eu\/pl\/olej-cbd-1-czosnek-i-imbir-10ml\/","name":"Olej konopny 1% Czosnek i Imbir Hempking - Full Spectrum - 10 ml","isPartOf":{"@id":"https:\/\/dev.hempking.eu\/pl\/#website"},"primaryImageOfPage":{"@id":"https:\/\/dev.hempking.eu\/pl\/olej-cbd-1-czosnek-i-imbir-10ml\/#primaryimage"},"image":{"@id":"https:\/\/dev.hempking.eu\/pl\/olej-cbd-1-czosnek-i-imbir-10ml\/#primaryimage"},"thumbnailUrl":"https:\/\/dev.hempking.eu\/pl\/wp-content\/uploads\/sites\/2\/2020\/07\/olej-konopny-1-100mg-full-spectrum-czosnek-i-imbir-10ml.jpg","datePublished":"2022-11-21T06:19:56+00:00","dateModified":"2023-03-07T16:46:06+00:00","description":"Olej konopny 1% Czosnek i Imbir Hempking. Uzupe\u0142nienie dla codziennej, zdrowo zbilansowanej diety. Ju\u017c od 34,90 z\u0142. Kup teraz!","breadcrumb":{"@id":"https:\/\/dev.hempking.eu\/pl\/olej-cbd-1-czosnek-i-imbir-10ml\/#breadcrumb"},"inLanguage":"pl-PL","potentialAction":[{"@type":"ReadAction","target":["https:\/\/dev.hempking.eu\/pl\/olej-cbd-1-czosnek-i-imbir-10ml\/"]}]},{"@type":"ImageObject","inLanguage":"pl-PL","@id":"https:\/\/dev.hempking.eu\/pl\/olej-cbd-1-czosnek-i-imbir-10ml\/#primaryimage","url":"https:\/\/dev.hempking.eu\/pl\/wp-content\/uploads\/sites\/2\/2020\/07\/olej-konopny-1-100mg-full-spectrum-czosnek-i-imbir-10ml.jpg","contentUrl":"https:\/\/dev.hempking.eu\/pl\/wp-content\/uploads\/sites\/2\/2020\/07\/olej-konopny-1-100mg-full-spectrum-czosnek-i-imbir-10ml.jpg","width":1000,"height":1000,"caption":"Olej CBD 1% (100mg) Full Spectrum Czosnek i Imbir 10ml"},{"@type":"BreadcrumbList","@id":"https:\/\/dev.hempking.eu\/pl\/olej-cbd-1-czosnek-i-imbir-10ml\/#breadcrumb","itemListElement":[{"@type":"ListItem","position":1,"name":"Home","item":"https:\/\/dev.hempking.eu\/pl\/"},{"@type":"ListItem","position":2,"name":"Sklep","item":"https:\/\/dev.hempking.eu\/pl\/shop\/"},{"@type":"ListItem","position":3,"name":"Last minute","item":"https:\/\/dev.hempking.eu\/pl\/last-minute\/"},{"@type":"ListItem","position":4,"name":"Olej konopny CBD 1% Czosnek i Imbir \u2013 10ml - Wa\u017cny do 03.2023"}]},{"@type":"WebSite","@id":"https:\/\/dev.hempking.eu\/pl\/#website","url":"https:\/\/dev.hempking.eu\/pl\/","name":"Hemp King","description":"","publisher":{"@id":"https:\/\/dev.hempking.eu\/pl\/#organization"},"potentialAction":[{"@type":"SearchAction","target":{"@type":"EntryPoint","urlTemplate":"https:\/\/dev.hempking.eu\/pl\/?s={search_term_string}"},"query-input":{"@type":"PropertyValueSpecification","valueRequired":true,"valueName":"search_term_string"}}],"inLanguage":"pl-PL"},{"@type":"Organization","@id":"https:\/\/dev.hempking.eu\/pl\/#organization","name":"Hemp King","url":"https:\/\/dev.hempking.eu\/pl\/","logo":{"@type":"ImageObject","inLanguage":"pl-PL","@id":"https:\/\/dev.hempking.eu\/pl\/#\/schema\/logo\/image\/","url":"https:\/\/dev.hempking.eu\/pl\/wp-content\/uploads\/sites\/2\/2020\/05\/hempking.png","contentUrl":"https:\/\/dev.hempking.eu\/pl\/wp-content\/uploads\/sites\/2\/2020\/05\/hempking.png","width":148,"height":91,"caption":"Hemp King"},"image":{"@id":"https:\/\/dev.hempking.eu\/pl\/#\/schema\/logo\/image\/"},"sameAs":["https:\/\/www.facebook.com\/hempkingpoland","https:\/\/x.com\/hempkingeu","https:\/\/www.instagram.com\/hempkingeu\/","https:\/\/www.linkedin.com\/company\/hempking-eu\/mycompany\/","https:\/\/pl.pinterest.com\/hempkingeu\/","https:\/\/www.youtube.com\/channel\/UCUkeZA1fj4hSZfoYm0WpZ7w"]}]},"product_price_amount":"34.90","product_price_currency":"PLN","og_availability":"instock","product_availability":"instock","product_condition":"new"},"_links":{"self":[{"href":"https:\/\/dev.hempking.eu\/pl\/wp-json\/wp\/v2\/product\/113760","targetHints":{"allow":["GET"]}}],"collection":[{"href":"https:\/\/dev.hempking.eu\/pl\/wp-json\/wp\/v2\/product"}],"about":[{"href":"https:\/\/dev.hempking.eu\/pl\/wp-json\/wp\/v2\/types\/product"}],"wp:featuredmedia":[{"embeddable":true,"href":"https:\/\/dev.hempking.eu\/pl\/wp-json\/wp\/v2\/media\/569"}],"wp:attachment":[{"href":"https:\/\/dev.hempking.eu\/pl\/wp-json\/wp\/v2\/media?parent=113760"}],"wp:term":[{"taxonomy":"product_cat","embeddable":true,"href":"https:\/\/dev.hempking.eu\/pl\/wp-json\/wp\/v2\/product_cat?post=113760"},{"taxonomy":"product_tag","embeddable":true,"href":"https:\/\/dev.hempking.eu\/pl\/wp-json\/wp\/v2\/product_tag?post=113760"}],"curies":[{"name":"wp","href":"https:\/\/api.w.org\/{rel}","templated":true}]}}