{"id":115755,"date":"2022-12-01T08:33:39","date_gmt":"2022-12-01T07:33:39","guid":{"rendered":"https:\/\/hempking.eu\/pl\/?post_type=product&#038;p=115755"},"modified":"2023-05-22T11:20:26","modified_gmt":"2023-05-22T09:20:26","slug":"zestaw-dla-kobiet","status":"publish","type":"product","link":"https:\/\/dev.hempking.eu\/pl\/zestaw-dla-kobiet\/","title":{"rendered":"Zestaw dla kobiet\u00a0"},"content":{"rendered":"<p><span style=\"font-weight: 400\">Zestaw naturalnych produkt\u00f3w piel\u0119gnacyjny, kt\u00f3ry ucieszy ka\u017cd\u0105 z Pa\u0144! Niebanalne kosmetyki, kt\u00f3re wygl\u0105daj\u0105 elegancko, a przy tym \u015bwietnie dzia\u0142aj\u0105! Na zestaw sk\u0142adaj\u0105 si\u0119 dwa ciemne, szklane s\u0142oiczki w duchu less waste &#8211; taki zestaw b\u0119dzie \u015bwietnym prezentem dla osoby, kt\u00f3ra chce dba\u0107 o \u015brodowisko i ceni sobie naturalne rozwi\u0105zania w codziennej piel\u0119gnacji. Na zestaw sk\u0142ada si\u0119 ma\u015b\u0107 bogata w naturalne sk\u0142adniki, kt\u00f3re wp\u0142ywaj\u0105 pozytywnie na piel\u0119gnacj\u0119 cery naczynkowej, zaczerwienionej i sk\u0142onnej do p\u0119kaj\u0105cych naczynek &#8211; Varocare. Oraz kremowy dezodorant, bez dodatk\u00f3w aluminium, o pi\u0119knym eleganckim, ale delikatnym zapachu kwiat\u00f3w Ylang Ylang.\u00a0<\/span><\/p>\n<h2><span style=\"font-weight: 400\">Varicare na naczynka dla Pa\u0144\u00a0<\/span><\/h2>\n<p><span style=\"font-weight: 400\">Ma\u015b\u0107 Varicare, to odpowied\u017a na potrzeby cery naczynkowej, kt\u00f3r\u0105 chcemy piel\u0119gnowa\u0107 w skuteczny i naturalny spos\u00f3b. \u015awietnie sprawdza si\u0119 zar\u00f3wno do u\u017cywania jej na ciele, jak i na twarzy! \u0141agodzi zaczerwienienia, pomaga p\u0119kni\u0119tym naczynkom szybciej si\u0119 wch\u0142on\u0105\u0107 i wspiera sk\u00f3r\u0119, by zmniejszy\u0107 problem rozszerzonych i p\u0119kaj\u0105cych naczynek. Oparta na naturalnych sk\u0142adnikach delikatna formu\u0142a ma\u015bci szybko si\u0119 wch\u0142ania i nie pozostawia lepiej warstwy na sk\u00f3rze. \u0141\u0105czy w sobie mi\u0119dzy innymi olej konopny, witamin\u0119 C, kasztanowca oraz kocank\u0119 w\u0142osk\u0105 dla jak najlepszych efekt\u00f3w!<\/span><\/p>\n<h2><span style=\"font-weight: 400\">Dezodorant damski Ylang Ylang<\/span><\/h2>\n<p><span style=\"font-weight: 400\">Bestseller w\u015br\u00f3d naturalnych kosmetyk\u00f3w Hempking, szybko podbi\u0142 serca wielu os\u00f3b tu\u017c po swojej premierze. Niezwykle wydajny, wystarczy ju\u017c niewielka ilo\u015b\u0107 dezodorantu! Nie zostawia na pachach lepkiego uczucia, nie sp\u0142ywa, szybko wysycha i zostawia pudrowe wyko\u0144czenie na sk\u00f3rze. To dezodorant na bazie sody, zawiera tak\u017ce tapiok\u0119 &#8211; to dwa sk\u0142adniki, kt\u00f3re \u015bwietnie poch\u0142aniaj\u0105 zapachy, jednocze\u015bnie pozwalaj\u0105c sk\u00f3rze oddycha\u0107. Dezodorant nie zawiera aluminium! Jego zapach jest elegancki, ale nie jest t\u0142umi\u0105co silny &#8211; mo\u017cna bez problemu \u0142\u0105czy\u0107 go z ulubionymi perfumami, a jednocze\u015bnie wcale nie trzeba, by czu\u0107 si\u0119 \u015bwie\u017co. Skutecznie niweluje zapach potu.<\/span><\/p>\n","protected":false},"excerpt":{"rendered":"<h2>Zestaw zawiera:<\/h2>\n<ul>\n<li><a href=\"https:\/\/dev.hempking.eu\/pl\/naturalny-dezodorant-konopny-z-cbd-o-zapachu-wanilii-i-kwiatow-ylang-ylang\/\" target=\"_blank\" rel=\"noopener\">Dezodorant konopny w kremie z CBD o zapachu wanilii i kwiat\u00f3w Ylang Ylang<\/a>\u00a0\u2013 65 g \u2013\u00a0<strong>50.90<\/strong>\u00a0<strong>z\u0142<\/strong><\/li>\n<li><a href=\"https:\/\/dev.hempking.eu\/pl\/varicare-masc-na-naczynka-60ml\/\" target=\"_blank\" rel=\"noopener\">Ma\u015b\u0107 CBD na naczynka Varicare<\/a>\u00a0\u2013 50 ml \u2013\u00a0<strong>59.90<\/strong>\u00a0<strong>z\u0142<\/strong><\/li>\n<\/ul>\n<p><strong>Kupuj\u0105c zestaw oszcz\u0119dzasz 20%!<\/strong><\/p>\n","protected":false},"featured_media":124025,"template":"","meta":{"_acf_changed":false},"product_cat":[28,33,152,150],"product_tag":[],"class_list":{"0":"post-115755","1":"product","2":"type-product","3":"status-publish","4":"has-post-thumbnail","6":"product_cat-kosmetyki-konopne","7":"product_cat-zestawy","8":"product_cat-zestawy-prezentowe","9":"product_cat-zestawy-dla-kobiet","11":"first","12":"instock","13":"sale","14":"shipping-taxable","15":"purchasable","16":"product-type-simple"},"acf":[],"yoast_head":"<!-- This site is optimized with the Yoast SEO Premium plugin v23.4 (Yoast SEO v24.0) - https:\/\/yoast.com\/wordpress\/plugins\/seo\/ -->\n<title>Zestaw dla kobiet\u00a0 - Hemp King<\/title>\n<meta name=\"description\" content=\"Zestaw dla kobiet zawiera kosmetyki naturalne, kt\u00f3re uciesz\u0105 blisk\u0105 Ci kobiet\u0119. Kosmetyki Hemp King nie tylko \u0142adnie wygl\u0105daj\u0105 - one dzia\u0142aj\u0105!\" \/>\n<link rel=\"canonical\" href=\"https:\/\/dev.hempking.eu\/pl\/zestaw-dla-kobiet\/\" \/>\n<meta property=\"og:locale\" content=\"pl_PL\" \/>\n<meta property=\"og:type\" content=\"article\" \/>\n<meta property=\"og:title\" content=\"Zestaw dla kobiet\u00a0\" \/>\n<meta property=\"og:description\" content=\"Zestaw dla kobiet zawiera kosmetyki naturalne, kt\u00f3re uciesz\u0105 blisk\u0105 Ci kobiet\u0119. Kosmetyki Hemp King nie tylko \u0142adnie wygl\u0105daj\u0105 - one dzia\u0142aj\u0105!\" \/>\n<meta property=\"og:url\" content=\"https:\/\/dev.hempking.eu\/pl\/zestaw-dla-kobiet\/\" \/>\n<meta property=\"og:site_name\" content=\"Hemp King\" \/>\n<meta property=\"article:publisher\" content=\"https:\/\/www.facebook.com\/hempkingpoland\" \/>\n<meta property=\"article:modified_time\" content=\"2023-05-22T09:20:26+00:00\" \/>\n<meta property=\"og:image\" content=\"https:\/\/dev.hempking.eu\/pl\/wp-content\/uploads\/sites\/2\/2022\/12\/zestaw-kosmetyko\u0301w-dla-kobiet.jpg\" \/>\n\t<meta property=\"og:image:width\" content=\"1000\" \/>\n\t<meta property=\"og:image:height\" content=\"1000\" \/>\n\t<meta property=\"og:image:type\" content=\"image\/jpeg\" \/>\n<meta name=\"twitter:card\" content=\"summary_large_image\" \/>\n<meta name=\"twitter:site\" content=\"@hempkingeu\" \/>\n<meta name=\"twitter:label1\" content=\"Price\" \/>\n\t<meta name=\"twitter:data1\" content=\"88.64&nbsp;&#122;&#322;\" \/>\n\t<meta name=\"twitter:label2\" content=\"Availability\" \/>\n\t<meta name=\"twitter:data2\" content=\"In stock\" \/>\n<script type=\"application\/ld+json\" class=\"yoast-schema-graph\">{\"@context\":\"https:\/\/schema.org\",\"@graph\":[{\"@type\":\"WebPage\",\"@id\":\"https:\/\/dev.hempking.eu\/pl\/zestaw-dla-kobiet\/\",\"url\":\"https:\/\/dev.hempking.eu\/pl\/zestaw-dla-kobiet\/\",\"name\":\"Zestaw dla kobiet\u00a0 - Hemp King\",\"isPartOf\":{\"@id\":\"https:\/\/dev.hempking.eu\/pl\/#website\"},\"primaryImageOfPage\":{\"@id\":\"https:\/\/dev.hempking.eu\/pl\/zestaw-dla-kobiet\/#primaryimage\"},\"image\":{\"@id\":\"https:\/\/dev.hempking.eu\/pl\/zestaw-dla-kobiet\/#primaryimage\"},\"thumbnailUrl\":\"https:\/\/dev.hempking.eu\/pl\/wp-content\/uploads\/sites\/2\/2022\/12\/zestaw-kosmetyko\u0301w-dla-kobiet.jpg\",\"datePublished\":\"2022-12-01T07:33:39+00:00\",\"dateModified\":\"2023-05-22T09:20:26+00:00\",\"description\":\"Zestaw dla kobiet zawiera kosmetyki naturalne, kt\u00f3re uciesz\u0105 blisk\u0105 Ci kobiet\u0119. Kosmetyki Hemp King nie tylko \u0142adnie wygl\u0105daj\u0105 - one dzia\u0142aj\u0105!\",\"breadcrumb\":{\"@id\":\"https:\/\/dev.hempking.eu\/pl\/zestaw-dla-kobiet\/#breadcrumb\"},\"inLanguage\":\"pl-PL\",\"potentialAction\":[{\"@type\":\"ReadAction\",\"target\":[\"https:\/\/dev.hempking.eu\/pl\/zestaw-dla-kobiet\/\"]}]},{\"@type\":\"ImageObject\",\"inLanguage\":\"pl-PL\",\"@id\":\"https:\/\/dev.hempking.eu\/pl\/zestaw-dla-kobiet\/#primaryimage\",\"url\":\"https:\/\/dev.hempking.eu\/pl\/wp-content\/uploads\/sites\/2\/2022\/12\/zestaw-kosmetyko\u0301w-dla-kobiet.jpg\",\"contentUrl\":\"https:\/\/dev.hempking.eu\/pl\/wp-content\/uploads\/sites\/2\/2022\/12\/zestaw-kosmetyko\u0301w-dla-kobiet.jpg\",\"width\":1000,\"height\":1000,\"caption\":\"zestaw kosmetyk\u00f3w na prezent dla kobiet\"},{\"@type\":\"BreadcrumbList\",\"@id\":\"https:\/\/dev.hempking.eu\/pl\/zestaw-dla-kobiet\/#breadcrumb\",\"itemListElement\":[{\"@type\":\"ListItem\",\"position\":1,\"name\":\"Home\",\"item\":\"https:\/\/dev.hempking.eu\/pl\/\"},{\"@type\":\"ListItem\",\"position\":2,\"name\":\"Sklep\",\"item\":\"https:\/\/dev.hempking.eu\/pl\/shop\/\"},{\"@type\":\"ListItem\",\"position\":3,\"name\":\"Zestawy\",\"item\":\"https:\/\/dev.hempking.eu\/pl\/zestawy\/\"},{\"@type\":\"ListItem\",\"position\":4,\"name\":\"Zestawy prezentowe\",\"item\":\"https:\/\/dev.hempking.eu\/pl\/zestawy-prezentowe\/\"},{\"@type\":\"ListItem\",\"position\":5,\"name\":\"Zestaw dla kobiet\u00a0\"}]},{\"@type\":\"WebSite\",\"@id\":\"https:\/\/dev.hempking.eu\/pl\/#website\",\"url\":\"https:\/\/dev.hempking.eu\/pl\/\",\"name\":\"Hemp King\",\"description\":\"\",\"publisher\":{\"@id\":\"https:\/\/dev.hempking.eu\/pl\/#organization\"},\"potentialAction\":[{\"@type\":\"SearchAction\",\"target\":{\"@type\":\"EntryPoint\",\"urlTemplate\":\"https:\/\/dev.hempking.eu\/pl\/?s={search_term_string}\"},\"query-input\":{\"@type\":\"PropertyValueSpecification\",\"valueRequired\":true,\"valueName\":\"search_term_string\"}}],\"inLanguage\":\"pl-PL\"},{\"@type\":\"Organization\",\"@id\":\"https:\/\/dev.hempking.eu\/pl\/#organization\",\"name\":\"Hemp King\",\"url\":\"https:\/\/dev.hempking.eu\/pl\/\",\"logo\":{\"@type\":\"ImageObject\",\"inLanguage\":\"pl-PL\",\"@id\":\"https:\/\/dev.hempking.eu\/pl\/#\/schema\/logo\/image\/\",\"url\":\"https:\/\/dev.hempking.eu\/pl\/wp-content\/uploads\/sites\/2\/2020\/05\/hempking.png\",\"contentUrl\":\"https:\/\/dev.hempking.eu\/pl\/wp-content\/uploads\/sites\/2\/2020\/05\/hempking.png\",\"width\":148,\"height\":91,\"caption\":\"Hemp King\"},\"image\":{\"@id\":\"https:\/\/dev.hempking.eu\/pl\/#\/schema\/logo\/image\/\"},\"sameAs\":[\"https:\/\/www.facebook.com\/hempkingpoland\",\"https:\/\/x.com\/hempkingeu\",\"https:\/\/www.instagram.com\/hempkingeu\/\",\"https:\/\/www.linkedin.com\/company\/hempking-eu\/mycompany\/\",\"https:\/\/pl.pinterest.com\/hempkingeu\/\",\"https:\/\/www.youtube.com\/channel\/UCUkeZA1fj4hSZfoYm0WpZ7w\"]}]}<\/script>\n<meta property=\"product:price:amount\" content=\"88.64\" \/>\n<meta property=\"product:price:currency\" content=\"PLN\" \/>\n<meta property=\"og:availability\" content=\"instock\" \/>\n<meta property=\"product:availability\" content=\"instock\" \/>\n<meta property=\"product:condition\" content=\"new\" \/>\n<!-- \/ Yoast SEO Premium plugin. -->","yoast_head_json":{"title":"Zestaw dla kobiet\u00a0 - Hemp King","description":"Zestaw dla kobiet zawiera kosmetyki naturalne, kt\u00f3re uciesz\u0105 blisk\u0105 Ci kobiet\u0119. Kosmetyki Hemp King nie tylko \u0142adnie wygl\u0105daj\u0105 - one dzia\u0142aj\u0105!","canonical":"https:\/\/dev.hempking.eu\/pl\/zestaw-dla-kobiet\/","og_locale":"pl_PL","og_type":"article","og_title":"Zestaw dla kobiet\u00a0","og_description":"Zestaw dla kobiet zawiera kosmetyki naturalne, kt\u00f3re uciesz\u0105 blisk\u0105 Ci kobiet\u0119. Kosmetyki Hemp King nie tylko \u0142adnie wygl\u0105daj\u0105 - one dzia\u0142aj\u0105!","og_url":"https:\/\/dev.hempking.eu\/pl\/zestaw-dla-kobiet\/","og_site_name":"Hemp King","article_publisher":"https:\/\/www.facebook.com\/hempkingpoland","article_modified_time":"2023-05-22T09:20:26+00:00","og_image":[{"width":1000,"height":1000,"url":"https:\/\/dev.hempking.eu\/pl\/wp-content\/uploads\/sites\/2\/2022\/12\/zestaw-kosmetyko\u0301w-dla-kobiet.jpg","type":"image\/jpeg"}],"twitter_card":"summary_large_image","twitter_site":"@hempkingeu","twitter_misc":{"Price":"88.64&nbsp;&#122;&#322;","Availability":"In stock"},"schema":{"@context":"https:\/\/schema.org","@graph":[{"@type":"WebPage","@id":"https:\/\/dev.hempking.eu\/pl\/zestaw-dla-kobiet\/","url":"https:\/\/dev.hempking.eu\/pl\/zestaw-dla-kobiet\/","name":"Zestaw dla kobiet\u00a0 - Hemp King","isPartOf":{"@id":"https:\/\/dev.hempking.eu\/pl\/#website"},"primaryImageOfPage":{"@id":"https:\/\/dev.hempking.eu\/pl\/zestaw-dla-kobiet\/#primaryimage"},"image":{"@id":"https:\/\/dev.hempking.eu\/pl\/zestaw-dla-kobiet\/#primaryimage"},"thumbnailUrl":"https:\/\/dev.hempking.eu\/pl\/wp-content\/uploads\/sites\/2\/2022\/12\/zestaw-kosmetyko\u0301w-dla-kobiet.jpg","datePublished":"2022-12-01T07:33:39+00:00","dateModified":"2023-05-22T09:20:26+00:00","description":"Zestaw dla kobiet zawiera kosmetyki naturalne, kt\u00f3re uciesz\u0105 blisk\u0105 Ci kobiet\u0119. Kosmetyki Hemp King nie tylko \u0142adnie wygl\u0105daj\u0105 - one dzia\u0142aj\u0105!","breadcrumb":{"@id":"https:\/\/dev.hempking.eu\/pl\/zestaw-dla-kobiet\/#breadcrumb"},"inLanguage":"pl-PL","potentialAction":[{"@type":"ReadAction","target":["https:\/\/dev.hempking.eu\/pl\/zestaw-dla-kobiet\/"]}]},{"@type":"ImageObject","inLanguage":"pl-PL","@id":"https:\/\/dev.hempking.eu\/pl\/zestaw-dla-kobiet\/#primaryimage","url":"https:\/\/dev.hempking.eu\/pl\/wp-content\/uploads\/sites\/2\/2022\/12\/zestaw-kosmetyko\u0301w-dla-kobiet.jpg","contentUrl":"https:\/\/dev.hempking.eu\/pl\/wp-content\/uploads\/sites\/2\/2022\/12\/zestaw-kosmetyko\u0301w-dla-kobiet.jpg","width":1000,"height":1000,"caption":"zestaw kosmetyk\u00f3w na prezent dla kobiet"},{"@type":"BreadcrumbList","@id":"https:\/\/dev.hempking.eu\/pl\/zestaw-dla-kobiet\/#breadcrumb","itemListElement":[{"@type":"ListItem","position":1,"name":"Home","item":"https:\/\/dev.hempking.eu\/pl\/"},{"@type":"ListItem","position":2,"name":"Sklep","item":"https:\/\/dev.hempking.eu\/pl\/shop\/"},{"@type":"ListItem","position":3,"name":"Zestawy","item":"https:\/\/dev.hempking.eu\/pl\/zestawy\/"},{"@type":"ListItem","position":4,"name":"Zestawy prezentowe","item":"https:\/\/dev.hempking.eu\/pl\/zestawy-prezentowe\/"},{"@type":"ListItem","position":5,"name":"Zestaw dla kobiet\u00a0"}]},{"@type":"WebSite","@id":"https:\/\/dev.hempking.eu\/pl\/#website","url":"https:\/\/dev.hempking.eu\/pl\/","name":"Hemp King","description":"","publisher":{"@id":"https:\/\/dev.hempking.eu\/pl\/#organization"},"potentialAction":[{"@type":"SearchAction","target":{"@type":"EntryPoint","urlTemplate":"https:\/\/dev.hempking.eu\/pl\/?s={search_term_string}"},"query-input":{"@type":"PropertyValueSpecification","valueRequired":true,"valueName":"search_term_string"}}],"inLanguage":"pl-PL"},{"@type":"Organization","@id":"https:\/\/dev.hempking.eu\/pl\/#organization","name":"Hemp King","url":"https:\/\/dev.hempking.eu\/pl\/","logo":{"@type":"ImageObject","inLanguage":"pl-PL","@id":"https:\/\/dev.hempking.eu\/pl\/#\/schema\/logo\/image\/","url":"https:\/\/dev.hempking.eu\/pl\/wp-content\/uploads\/sites\/2\/2020\/05\/hempking.png","contentUrl":"https:\/\/dev.hempking.eu\/pl\/wp-content\/uploads\/sites\/2\/2020\/05\/hempking.png","width":148,"height":91,"caption":"Hemp King"},"image":{"@id":"https:\/\/dev.hempking.eu\/pl\/#\/schema\/logo\/image\/"},"sameAs":["https:\/\/www.facebook.com\/hempkingpoland","https:\/\/x.com\/hempkingeu","https:\/\/www.instagram.com\/hempkingeu\/","https:\/\/www.linkedin.com\/company\/hempking-eu\/mycompany\/","https:\/\/pl.pinterest.com\/hempkingeu\/","https:\/\/www.youtube.com\/channel\/UCUkeZA1fj4hSZfoYm0WpZ7w"]}]},"product_price_amount":"88.64","product_price_currency":"PLN","og_availability":"instock","product_availability":"instock","product_condition":"new"},"_links":{"self":[{"href":"https:\/\/dev.hempking.eu\/pl\/wp-json\/wp\/v2\/product\/115755","targetHints":{"allow":["GET"]}}],"collection":[{"href":"https:\/\/dev.hempking.eu\/pl\/wp-json\/wp\/v2\/product"}],"about":[{"href":"https:\/\/dev.hempking.eu\/pl\/wp-json\/wp\/v2\/types\/product"}],"wp:featuredmedia":[{"embeddable":true,"href":"https:\/\/dev.hempking.eu\/pl\/wp-json\/wp\/v2\/media\/124025"}],"wp:attachment":[{"href":"https:\/\/dev.hempking.eu\/pl\/wp-json\/wp\/v2\/media?parent=115755"}],"wp:term":[{"taxonomy":"product_cat","embeddable":true,"href":"https:\/\/dev.hempking.eu\/pl\/wp-json\/wp\/v2\/product_cat?post=115755"},{"taxonomy":"product_tag","embeddable":true,"href":"https:\/\/dev.hempking.eu\/pl\/wp-json\/wp\/v2\/product_tag?post=115755"}],"curies":[{"name":"wp","href":"https:\/\/api.w.org\/{rel}","templated":true}]}}