{"id":115757,"date":"2022-12-01T13:56:57","date_gmt":"2022-12-01T12:56:57","guid":{"rendered":"https:\/\/hempking.eu\/pl\/?post_type=product&#038;p=115757"},"modified":"2023-04-19T11:29:19","modified_gmt":"2023-04-19T09:29:19","slug":"zestaw-na-wzmocnienie-organizmu","status":"publish","type":"product","link":"https:\/\/dev.hempking.eu\/pl\/zestaw-na-wzmocnienie-organizmu\/","title":{"rendered":"Zestaw na wzmocnienie organizmu"},"content":{"rendered":"<p><span style=\"font-weight: 400\">Nasza odporno\u015b\u0107 codziennie wystawiana jest na pr\u00f3b\u0119 &#8211; bo codziennie mamy styczno\u015b\u0107 z r\u00f3\u017cnego rodzaju bakteriami, zarazkami, wirusami czy niesprzyjaj\u0105cymi warunkami, kt\u00f3re mog\u0105 j\u0105 narazi\u0107 na szwank. Wyt\u0119\u017cona praca uk\u0142adu odporno\u015bciowego sprawia, \u017ce potrzebuje on wsparcia! Mo\u017cna to zrobi\u0107 w zupe\u0142nie naturalny spos\u00f3b i wzmocni\u0107 organizm w \u0142atwy i przyjemny spos\u00f3b. Sprawd\u017a nasz wyj\u0105tkowy zestaw na wzmocnienie organizmu, sk\u0142adaj\u0105cy si\u0119 z witamin i suplement\u00f3w prosto z natury, wysokiej jako\u015bci!<\/span><\/p>\n<h2><span style=\"font-weight: 400\">Shiitake na odporno\u015b\u0107 i wzmocnienie<\/span><\/h2>\n<p><span style=\"font-weight: 400\">Grzyby witalne s\u0105 znane ze swoich w\u0142a\u015bciwo\u015bci wp\u0142ywaj\u0105cych na odporno\u015b\u0107 organizmu. To dlatego pe\u0142ni\u0105 tak wa\u017cn\u0105 rol\u0119 w kulturze azjatyckiej, gdzie maj\u0105 swoje miejsce zar\u00f3wno w tradycyjnej medycynie chi\u0144skiej jak i\u2026 w kuchni! Grzyby Shiitake Biowen w kapsu\u0142kach, to \u0142atwy spos\u00f3b na wsparcie swojego organizmu! To ekstrakt z owocnik\u00f3w standaryzowany na 40% polisacharyd\u00f3w i 30% beta-glukan\u00f3w [DER 25:1], dodatkowo wzmocniony standaryzowanym ekstraktem z pieprzu czarnego (piperyna). S\u0142oik wystarcza na 3 miesi\u0105ce suplementacji!\u00a0<\/span><\/p>\n<h2><span style=\"font-weight: 400\">Witaminy D3+K2 &#8211; poprawa odporno\u015bci<\/span><\/h2>\n<p><span style=\"font-weight: 400\">Witamina D3 to cenna witamina dla naszej odporno\u015bci. Niestety w naszym klimacie bardzo trudno jest skutecznie syntezowa\u0107 j\u0105 ze s\u0142o\u0144ca przez wi\u0119ksz\u0105 cz\u0119\u015b\u0107 roku. Badania dowodz\u0105, \u017ce nawet 90% spo\u0142ecze\u0144stwa naszego kraju cierpi na jej niedobory! To dlatego warto j\u0105 suplementowa\u0107, zw\u0142aszcza gdy stawiamy na wysokiej jako\u015bci i wydajny produkt, kt\u00f3ry \u0142\u0105czy w sobie naturaln\u0105 witamin\u0119 D3 oraz K2. Witaminy w formie p\u0142ynnej, rozpuszczone w BIO oleju konopnym s\u0105 \u0142atwe w spo\u017cywaniu i bardzo dobrze wch\u0142anialne!\u00a0<\/span><\/p>\n<h2><span style=\"font-weight: 400\">Witamina C &#8211; profilaktycznie na popraw\u0119 odporno\u015bci<\/span><\/h2>\n<p><span style=\"font-weight: 400\">Witamina C na odporno\u015b\u0107 to co\u015b, co znamy chyba wszyscy! Warto spo\u017cywa\u0107 witamin\u0119 C wysokiej jako\u015bci, naturaln\u0105, bez zb\u0119dnych czy nawet szkodliwych dodatk\u00f3w! A taka w formie kapsu\u0142ek jest \u0142atwa do spo\u017cycia. Jedna kapsu\u0142ka zawiera a\u017c 1063% dziennej zalecanej porcji witaminy C! Dodatkowo zosta\u0142a wsparta BIO boosterem w postaci ekstraktu z grejpfruta!\u00a0<\/span><\/p>\n","protected":false},"excerpt":{"rendered":"<h2>Zestaw zawiera:<\/h2>\n<ul>\n<li><a href=\"https:\/\/dev.hempking.eu\/pl\/witamina-c-complex-kapsulki\/\" target=\"_blank\" rel=\"noopener\">Witamina C Complex + 100 kapsu\u0142ek<\/a> \u2013 <strong>38.90<\/strong>\u00a0<strong>z\u0142<\/strong><\/li>\n<li><a href=\"https:\/\/dev.hempking.eu\/pl\/ekstrakt-z-shiitake-400-mg-40-polisacharydow-30-beta-glukanow-kapsulki\/\" target=\"_blank\" rel=\"noopener\">Ekstrakt z Shiitake 400 mg 90 kapsu\u0142ek<\/a> \u2013 <strong>66.90<\/strong>\u00a0<strong>z\u0142<\/strong><\/li>\n<li><a href=\"https:\/\/dev.hempking.eu\/pl\/witamina-d3-k2-mk7-w-kroplach-w-oleju-konopnym-30-ml\/\" target=\"_blank\" rel=\"noopener\">Witamina D3 + K2 MK7 w kroplach w oleju konopnym<\/a> &#8211;\u00a0<strong>64.90 z\u0142<\/strong><\/li>\n<\/ul>\n<p><strong>Kupuj\u0105c zestaw oszcz\u0119dzasz a\u017c 20%!<\/strong><\/p>\n","protected":false},"featured_media":124028,"template":"","meta":{"_acf_changed":false},"product_cat":[33,152,144,148],"product_tag":[],"class_list":{"0":"post-115757","1":"product","2":"type-product","3":"status-publish","4":"has-post-thumbnail","6":"product_cat-zestawy","7":"product_cat-zestawy-prezentowe","8":"product_cat-suplementy-i-preparaty-na-dolegliwosci","9":"product_cat-suplementy-i-preparaty-na-odpornosc","11":"first","12":"outofstock","13":"sale","14":"shipping-taxable","15":"purchasable","16":"product-type-simple"},"acf":[],"yoast_head":"<!-- This site is optimized with the Yoast SEO Premium plugin v23.4 (Yoast SEO v24.0) - https:\/\/yoast.com\/wordpress\/plugins\/seo\/ -->\n<title>Zestaw na wzmocnienie organizmu - Hemp King<\/title>\n<meta name=\"description\" content=\"Nasza odporno\u015b\u0107 jest ka\u017cdego dnia wystawiana na pr\u00f3b\u0119, dlatego warto o ni\u0105 dba\u0107. Wypr\u00f3buj nasz zestaw na wzmocnienie organizmu.\" \/>\n<link rel=\"canonical\" href=\"https:\/\/dev.hempking.eu\/pl\/zestaw-na-wzmocnienie-organizmu\/\" \/>\n<meta property=\"og:locale\" content=\"pl_PL\" \/>\n<meta property=\"og:type\" content=\"article\" \/>\n<meta property=\"og:title\" content=\"Zestaw na wzmocnienie organizmu\" \/>\n<meta property=\"og:description\" content=\"Nasza odporno\u015b\u0107 jest ka\u017cdego dnia wystawiana na pr\u00f3b\u0119, dlatego warto o ni\u0105 dba\u0107. Wypr\u00f3buj nasz zestaw na wzmocnienie organizmu.\" \/>\n<meta property=\"og:url\" content=\"https:\/\/dev.hempking.eu\/pl\/zestaw-na-wzmocnienie-organizmu\/\" \/>\n<meta property=\"og:site_name\" content=\"Hemp King\" \/>\n<meta property=\"article:publisher\" content=\"https:\/\/www.facebook.com\/hempkingpoland\" \/>\n<meta property=\"article:modified_time\" content=\"2023-04-19T09:29:19+00:00\" \/>\n<meta property=\"og:image\" content=\"https:\/\/dev.hempking.eu\/pl\/wp-content\/uploads\/sites\/2\/2022\/12\/zestaw-suplemento\u0301w-na-wzmocnienie-organizmu.jpg\" \/>\n\t<meta property=\"og:image:width\" content=\"1000\" \/>\n\t<meta property=\"og:image:height\" content=\"1000\" \/>\n\t<meta property=\"og:image:type\" content=\"image\/jpeg\" \/>\n<meta name=\"twitter:card\" content=\"summary_large_image\" \/>\n<meta name=\"twitter:site\" content=\"@hempkingeu\" \/>\n<meta name=\"twitter:label1\" content=\"Price\" \/>\n\t<meta name=\"twitter:data1\" content=\"136.56&nbsp;&#122;&#322;\" \/>\n\t<meta name=\"twitter:label2\" content=\"Availability\" \/>\n\t<meta name=\"twitter:data2\" content=\"Out of stock\" \/>\n<script type=\"application\/ld+json\" class=\"yoast-schema-graph\">{\"@context\":\"https:\/\/schema.org\",\"@graph\":[{\"@type\":\"WebPage\",\"@id\":\"https:\/\/dev.hempking.eu\/pl\/zestaw-na-wzmocnienie-organizmu\/\",\"url\":\"https:\/\/dev.hempking.eu\/pl\/zestaw-na-wzmocnienie-organizmu\/\",\"name\":\"Zestaw na wzmocnienie organizmu - Hemp King\",\"isPartOf\":{\"@id\":\"https:\/\/dev.hempking.eu\/pl\/#website\"},\"primaryImageOfPage\":{\"@id\":\"https:\/\/dev.hempking.eu\/pl\/zestaw-na-wzmocnienie-organizmu\/#primaryimage\"},\"image\":{\"@id\":\"https:\/\/dev.hempking.eu\/pl\/zestaw-na-wzmocnienie-organizmu\/#primaryimage\"},\"thumbnailUrl\":\"https:\/\/dev.hempking.eu\/pl\/wp-content\/uploads\/sites\/2\/2022\/12\/zestaw-suplemento\u0301w-na-wzmocnienie-organizmu.jpg\",\"datePublished\":\"2022-12-01T12:56:57+00:00\",\"dateModified\":\"2023-04-19T09:29:19+00:00\",\"description\":\"Nasza odporno\u015b\u0107 jest ka\u017cdego dnia wystawiana na pr\u00f3b\u0119, dlatego warto o ni\u0105 dba\u0107. Wypr\u00f3buj nasz zestaw na wzmocnienie organizmu.\",\"breadcrumb\":{\"@id\":\"https:\/\/dev.hempking.eu\/pl\/zestaw-na-wzmocnienie-organizmu\/#breadcrumb\"},\"inLanguage\":\"pl-PL\",\"potentialAction\":[{\"@type\":\"ReadAction\",\"target\":[\"https:\/\/dev.hempking.eu\/pl\/zestaw-na-wzmocnienie-organizmu\/\"]}]},{\"@type\":\"ImageObject\",\"inLanguage\":\"pl-PL\",\"@id\":\"https:\/\/dev.hempking.eu\/pl\/zestaw-na-wzmocnienie-organizmu\/#primaryimage\",\"url\":\"https:\/\/dev.hempking.eu\/pl\/wp-content\/uploads\/sites\/2\/2022\/12\/zestaw-suplemento\u0301w-na-wzmocnienie-organizmu.jpg\",\"contentUrl\":\"https:\/\/dev.hempking.eu\/pl\/wp-content\/uploads\/sites\/2\/2022\/12\/zestaw-suplemento\u0301w-na-wzmocnienie-organizmu.jpg\",\"width\":1000,\"height\":1000,\"caption\":\"zestaw suplement\u00f3w na wzmocnienie organizmu\"},{\"@type\":\"BreadcrumbList\",\"@id\":\"https:\/\/dev.hempking.eu\/pl\/zestaw-na-wzmocnienie-organizmu\/#breadcrumb\",\"itemListElement\":[{\"@type\":\"ListItem\",\"position\":1,\"name\":\"Home\",\"item\":\"https:\/\/dev.hempking.eu\/pl\/\"},{\"@type\":\"ListItem\",\"position\":2,\"name\":\"Sklep\",\"item\":\"https:\/\/dev.hempking.eu\/pl\/shop\/\"},{\"@type\":\"ListItem\",\"position\":3,\"name\":\"Zestawy\",\"item\":\"https:\/\/dev.hempking.eu\/pl\/zestawy\/\"},{\"@type\":\"ListItem\",\"position\":4,\"name\":\"Zestawy prezentowe\",\"item\":\"https:\/\/dev.hempking.eu\/pl\/zestawy-prezentowe\/\"},{\"@type\":\"ListItem\",\"position\":5,\"name\":\"Zestaw na wzmocnienie organizmu\"}]},{\"@type\":\"WebSite\",\"@id\":\"https:\/\/dev.hempking.eu\/pl\/#website\",\"url\":\"https:\/\/dev.hempking.eu\/pl\/\",\"name\":\"Hemp King\",\"description\":\"\",\"publisher\":{\"@id\":\"https:\/\/dev.hempking.eu\/pl\/#organization\"},\"potentialAction\":[{\"@type\":\"SearchAction\",\"target\":{\"@type\":\"EntryPoint\",\"urlTemplate\":\"https:\/\/dev.hempking.eu\/pl\/?s={search_term_string}\"},\"query-input\":{\"@type\":\"PropertyValueSpecification\",\"valueRequired\":true,\"valueName\":\"search_term_string\"}}],\"inLanguage\":\"pl-PL\"},{\"@type\":\"Organization\",\"@id\":\"https:\/\/dev.hempking.eu\/pl\/#organization\",\"name\":\"Hemp King\",\"url\":\"https:\/\/dev.hempking.eu\/pl\/\",\"logo\":{\"@type\":\"ImageObject\",\"inLanguage\":\"pl-PL\",\"@id\":\"https:\/\/dev.hempking.eu\/pl\/#\/schema\/logo\/image\/\",\"url\":\"https:\/\/dev.hempking.eu\/pl\/wp-content\/uploads\/sites\/2\/2020\/05\/hempking.png\",\"contentUrl\":\"https:\/\/dev.hempking.eu\/pl\/wp-content\/uploads\/sites\/2\/2020\/05\/hempking.png\",\"width\":148,\"height\":91,\"caption\":\"Hemp King\"},\"image\":{\"@id\":\"https:\/\/dev.hempking.eu\/pl\/#\/schema\/logo\/image\/\"},\"sameAs\":[\"https:\/\/www.facebook.com\/hempkingpoland\",\"https:\/\/x.com\/hempkingeu\",\"https:\/\/www.instagram.com\/hempkingeu\/\",\"https:\/\/www.linkedin.com\/company\/hempking-eu\/mycompany\/\",\"https:\/\/pl.pinterest.com\/hempkingeu\/\",\"https:\/\/www.youtube.com\/channel\/UCUkeZA1fj4hSZfoYm0WpZ7w\"]}]}<\/script>\n<meta property=\"product:price:amount\" content=\"136.56\" \/>\n<meta property=\"product:price:currency\" content=\"PLN\" \/>\n<meta property=\"og:availability\" content=\"out of stock\" \/>\n<meta property=\"product:availability\" content=\"out of stock\" \/>\n<meta property=\"product:condition\" content=\"new\" \/>\n<!-- \/ Yoast SEO Premium plugin. -->","yoast_head_json":{"title":"Zestaw na wzmocnienie organizmu - Hemp King","description":"Nasza odporno\u015b\u0107 jest ka\u017cdego dnia wystawiana na pr\u00f3b\u0119, dlatego warto o ni\u0105 dba\u0107. Wypr\u00f3buj nasz zestaw na wzmocnienie organizmu.","canonical":"https:\/\/dev.hempking.eu\/pl\/zestaw-na-wzmocnienie-organizmu\/","og_locale":"pl_PL","og_type":"article","og_title":"Zestaw na wzmocnienie organizmu","og_description":"Nasza odporno\u015b\u0107 jest ka\u017cdego dnia wystawiana na pr\u00f3b\u0119, dlatego warto o ni\u0105 dba\u0107. Wypr\u00f3buj nasz zestaw na wzmocnienie organizmu.","og_url":"https:\/\/dev.hempking.eu\/pl\/zestaw-na-wzmocnienie-organizmu\/","og_site_name":"Hemp King","article_publisher":"https:\/\/www.facebook.com\/hempkingpoland","article_modified_time":"2023-04-19T09:29:19+00:00","og_image":[{"width":1000,"height":1000,"url":"https:\/\/dev.hempking.eu\/pl\/wp-content\/uploads\/sites\/2\/2022\/12\/zestaw-suplemento\u0301w-na-wzmocnienie-organizmu.jpg","type":"image\/jpeg"}],"twitter_card":"summary_large_image","twitter_site":"@hempkingeu","twitter_misc":{"Price":"136.56&nbsp;&#122;&#322;","Availability":"Out of stock"},"schema":{"@context":"https:\/\/schema.org","@graph":[{"@type":"WebPage","@id":"https:\/\/dev.hempking.eu\/pl\/zestaw-na-wzmocnienie-organizmu\/","url":"https:\/\/dev.hempking.eu\/pl\/zestaw-na-wzmocnienie-organizmu\/","name":"Zestaw na wzmocnienie organizmu - Hemp King","isPartOf":{"@id":"https:\/\/dev.hempking.eu\/pl\/#website"},"primaryImageOfPage":{"@id":"https:\/\/dev.hempking.eu\/pl\/zestaw-na-wzmocnienie-organizmu\/#primaryimage"},"image":{"@id":"https:\/\/dev.hempking.eu\/pl\/zestaw-na-wzmocnienie-organizmu\/#primaryimage"},"thumbnailUrl":"https:\/\/dev.hempking.eu\/pl\/wp-content\/uploads\/sites\/2\/2022\/12\/zestaw-suplemento\u0301w-na-wzmocnienie-organizmu.jpg","datePublished":"2022-12-01T12:56:57+00:00","dateModified":"2023-04-19T09:29:19+00:00","description":"Nasza odporno\u015b\u0107 jest ka\u017cdego dnia wystawiana na pr\u00f3b\u0119, dlatego warto o ni\u0105 dba\u0107. Wypr\u00f3buj nasz zestaw na wzmocnienie organizmu.","breadcrumb":{"@id":"https:\/\/dev.hempking.eu\/pl\/zestaw-na-wzmocnienie-organizmu\/#breadcrumb"},"inLanguage":"pl-PL","potentialAction":[{"@type":"ReadAction","target":["https:\/\/dev.hempking.eu\/pl\/zestaw-na-wzmocnienie-organizmu\/"]}]},{"@type":"ImageObject","inLanguage":"pl-PL","@id":"https:\/\/dev.hempking.eu\/pl\/zestaw-na-wzmocnienie-organizmu\/#primaryimage","url":"https:\/\/dev.hempking.eu\/pl\/wp-content\/uploads\/sites\/2\/2022\/12\/zestaw-suplemento\u0301w-na-wzmocnienie-organizmu.jpg","contentUrl":"https:\/\/dev.hempking.eu\/pl\/wp-content\/uploads\/sites\/2\/2022\/12\/zestaw-suplemento\u0301w-na-wzmocnienie-organizmu.jpg","width":1000,"height":1000,"caption":"zestaw suplement\u00f3w na wzmocnienie organizmu"},{"@type":"BreadcrumbList","@id":"https:\/\/dev.hempking.eu\/pl\/zestaw-na-wzmocnienie-organizmu\/#breadcrumb","itemListElement":[{"@type":"ListItem","position":1,"name":"Home","item":"https:\/\/dev.hempking.eu\/pl\/"},{"@type":"ListItem","position":2,"name":"Sklep","item":"https:\/\/dev.hempking.eu\/pl\/shop\/"},{"@type":"ListItem","position":3,"name":"Zestawy","item":"https:\/\/dev.hempking.eu\/pl\/zestawy\/"},{"@type":"ListItem","position":4,"name":"Zestawy prezentowe","item":"https:\/\/dev.hempking.eu\/pl\/zestawy-prezentowe\/"},{"@type":"ListItem","position":5,"name":"Zestaw na wzmocnienie organizmu"}]},{"@type":"WebSite","@id":"https:\/\/dev.hempking.eu\/pl\/#website","url":"https:\/\/dev.hempking.eu\/pl\/","name":"Hemp King","description":"","publisher":{"@id":"https:\/\/dev.hempking.eu\/pl\/#organization"},"potentialAction":[{"@type":"SearchAction","target":{"@type":"EntryPoint","urlTemplate":"https:\/\/dev.hempking.eu\/pl\/?s={search_term_string}"},"query-input":{"@type":"PropertyValueSpecification","valueRequired":true,"valueName":"search_term_string"}}],"inLanguage":"pl-PL"},{"@type":"Organization","@id":"https:\/\/dev.hempking.eu\/pl\/#organization","name":"Hemp King","url":"https:\/\/dev.hempking.eu\/pl\/","logo":{"@type":"ImageObject","inLanguage":"pl-PL","@id":"https:\/\/dev.hempking.eu\/pl\/#\/schema\/logo\/image\/","url":"https:\/\/dev.hempking.eu\/pl\/wp-content\/uploads\/sites\/2\/2020\/05\/hempking.png","contentUrl":"https:\/\/dev.hempking.eu\/pl\/wp-content\/uploads\/sites\/2\/2020\/05\/hempking.png","width":148,"height":91,"caption":"Hemp King"},"image":{"@id":"https:\/\/dev.hempking.eu\/pl\/#\/schema\/logo\/image\/"},"sameAs":["https:\/\/www.facebook.com\/hempkingpoland","https:\/\/x.com\/hempkingeu","https:\/\/www.instagram.com\/hempkingeu\/","https:\/\/www.linkedin.com\/company\/hempking-eu\/mycompany\/","https:\/\/pl.pinterest.com\/hempkingeu\/","https:\/\/www.youtube.com\/channel\/UCUkeZA1fj4hSZfoYm0WpZ7w"]}]},"product_price_amount":"136.56","product_price_currency":"PLN","og_availability":"out of stock","product_availability":"out of stock","product_condition":"new"},"_links":{"self":[{"href":"https:\/\/dev.hempking.eu\/pl\/wp-json\/wp\/v2\/product\/115757","targetHints":{"allow":["GET"]}}],"collection":[{"href":"https:\/\/dev.hempking.eu\/pl\/wp-json\/wp\/v2\/product"}],"about":[{"href":"https:\/\/dev.hempking.eu\/pl\/wp-json\/wp\/v2\/types\/product"}],"wp:featuredmedia":[{"embeddable":true,"href":"https:\/\/dev.hempking.eu\/pl\/wp-json\/wp\/v2\/media\/124028"}],"wp:attachment":[{"href":"https:\/\/dev.hempking.eu\/pl\/wp-json\/wp\/v2\/media?parent=115757"}],"wp:term":[{"taxonomy":"product_cat","embeddable":true,"href":"https:\/\/dev.hempking.eu\/pl\/wp-json\/wp\/v2\/product_cat?post=115757"},{"taxonomy":"product_tag","embeddable":true,"href":"https:\/\/dev.hempking.eu\/pl\/wp-json\/wp\/v2\/product_tag?post=115757"}],"curies":[{"name":"wp","href":"https:\/\/api.w.org\/{rel}","templated":true}]}}