{"id":115766,"date":"2022-12-01T08:39:22","date_gmt":"2022-12-01T07:39:22","guid":{"rendered":"https:\/\/hempking.eu\/pl\/?post_type=product&#038;p=115766"},"modified":"2023-05-22T11:23:51","modified_gmt":"2023-05-22T09:23:51","slug":"zestaw-na-problemy-z-naczynkami","status":"publish","type":"product","link":"https:\/\/dev.hempking.eu\/pl\/zestaw-na-problemy-z-naczynkami\/","title":{"rendered":"Zestaw na problemy z naczynkami"},"content":{"rendered":"<p><span style=\"font-weight: 400\">Problem z p\u0119kaj\u0105cymi naczynkami i tzw. paj\u0105czkami na sk\u00f3rze jest do\u015b\u0107 cz\u0119sty. Takie zmiany pod sk\u00f3r\u0105, spowodowane krucho\u015bci\u0105 drobnych naczy\u0144 krwiono\u015bnych cz\u0119sto pojawiaj\u0105 si\u0119 np. na nogach, ale cz\u0119sto te\u017c na twarzy! I niestety potrafi\u0105 skutecznie utrudnia\u0107 \u017cycie. Cera ze sk\u0142onno\u015bci\u0105 do p\u0119kaj\u0105cych naczynek wymaga odpowiedniego wsparcia &#8211; wewn\u0119trznego i zewn\u0119trznego! Dlatego powsta\u0142 ten zestaw produkt\u00f3w, kt\u00f3ry ka\u017cda osoba, kt\u00f3ra ma problem z naczynkami z pewno\u015bci\u0105 doceni. Na ten zestaw sk\u0142ada si\u0119 ma\u015b\u0107 Varicare na problemy z naczynkami oraz wysokiej jako\u015bci witamina C marki Biowen, na kt\u00f3r\u0105 sk\u0142adaj\u0105 si\u0119 naturalne ekstrakty!\u00a0<\/span><\/p>\n<p><span style=\"font-weight: 400\">Wypr\u00f3buj ten zestaw wzmacniaj\u0105cy naczynka w naturalny spos\u00f3b!<\/span><\/p>\n<h2><span style=\"font-weight: 400\">Varicare na p\u0119kaj\u0105ce naczynka<\/span><\/h2>\n<p><span style=\"font-weight: 400\">Varicare to ma\u015b\u0107, kt\u00f3ra \u0142\u0105czy w sobie mi\u0119dzy innymi konopie, kocank\u0119 w\u0142osk\u0105, kasztanowiec i witamin\u0119 C! To zestaw sk\u0142adnik\u00f3w, kt\u00f3re wspieraj\u0105 cer\u0119 naczynkow\u0105, piel\u0119gnuj\u0105 j\u0105 w delikatny i skuteczny spos\u00f3b. Ma\u015b\u0107 pomaga w walce z rozszerzonymi naczynkami, zaczerwieniami na sk\u00f3rze, tzw. paj\u0105czkami (p\u0119kni\u0119tymi naczynkami). Kasztanowiec zwi\u0119ksza odporno\u015b\u0107 sk\u00f3ry na rozszerzanie si\u0119 naczynek, pomaga te\u017c w walce z ci\u0119\u017ckimi nogami! Kocanka w\u0142oska ma dzia\u0142anie \u015bci\u0105gaj\u0105ce na naczynka, zmniejsza zaczerwienienie i podra\u017cnienia, rozja\u015bnia i nawil\u017ca sk\u00f3r\u0119. Z kolei witamina C w formie podawanej na sk\u00f3r\u0119, wspomaga produkcj\u0119 kolagenu oraz wspiera popraw\u0119 wygl\u0105du sk\u00f3ry!<\/span><\/p>\n<h2><span style=\"font-weight: 400\">Witamina C na p\u0119kaj\u0105ce naczynka<\/span><\/h2>\n<p><span style=\"font-weight: 400\">Witamina C, zw\u0142aszcza w wyj\u0105tkowej, naturalnej formule, to cenna witamina dla naszego organizmu! Jest niezb\u0119dna w naszym ciele, by m\u00f3g\u0142 wytwarza\u0107 si\u0119 kolagen. A ten z kolei jest potrzebny mi\u0119dzy innymi naszej sk\u00f3rze, ale tak\u017ce naszym naczyniom krwiono\u015bnym, dbaj\u0105c o ich elastyczno\u015b\u0107. Jest tak\u017ce naturalnym antyoksydantem i pomaga walczy\u0107 z wolnymi rodnikami, kt\u00f3re przyczyniaj\u0105 si\u0119 r\u00f3wnie\u017c do starzenia si\u0119 sk\u00f3ry.\u00a0<\/span><\/p>\n","protected":false},"excerpt":{"rendered":"<h2><strong>Zestaw zawiera pe\u0142nowymiarowe:\u00a0<\/strong><\/h2>\n<ul>\n<li><a href=\"https:\/\/dev.hempking.eu\/pl\/varicare-masc-na-naczynka-60ml\/\" target=\"_blank\" rel=\"noopener\">Ma\u015b\u0107 CBD na naczynka &#8211; Varicare<\/a> \u2013 <strong>59.90 z\u0142<\/strong><\/li>\n<li><a href=\"https:\/\/dev.hempking.eu\/pl\/witamina-c-complex-kapsulki\/\" target=\"_blank\" rel=\"noopener\">Witamina C Complex +\u00a0 100 kapsu\u0142ek<\/a>\u00a0\u2013\u00a0<strong>38.90 z\u0142<\/strong><\/li>\n<\/ul>\n<p><strong>Kupuj\u0105c zestaw oszcz\u0119dzasz 20%!<\/strong><\/p>\n","protected":false},"featured_media":124026,"template":"","meta":{"_acf_changed":false},"product_cat":[28,33,152,144,146,150],"product_tag":[],"class_list":{"0":"post-115766","1":"product","2":"type-product","3":"status-publish","4":"has-post-thumbnail","6":"product_cat-kosmetyki-konopne","7":"product_cat-zestawy","8":"product_cat-zestawy-prezentowe","9":"product_cat-suplementy-i-preparaty-na-dolegliwosci","10":"product_cat-suplementy-i-masci-na-pekajace-naczynka","11":"product_cat-zestawy-dla-kobiet","13":"first","14":"instock","15":"sale","16":"shipping-taxable","17":"purchasable","18":"product-type-simple"},"acf":[],"yoast_head":"<!-- This site is optimized with the Yoast SEO Premium plugin v23.4 (Yoast SEO v24.0) - https:\/\/yoast.com\/wordpress\/plugins\/seo\/ -->\n<title>Zestaw na problemy z naczynkami - Hemp King<\/title>\n<meta name=\"description\" content=\"Zestaw na problemy z naczynkami skierowany jest do os\u00f3b o kruchych drobnych naczyniach krwiono\u015bnych. Zestaw kompleksowo wspiera cer\u0119 naczynkow\u0105.\" \/>\n<link rel=\"canonical\" href=\"https:\/\/dev.hempking.eu\/pl\/zestaw-na-problemy-z-naczynkami\/\" \/>\n<meta property=\"og:locale\" content=\"pl_PL\" \/>\n<meta property=\"og:type\" content=\"article\" \/>\n<meta property=\"og:title\" content=\"Zestaw na problemy z naczynkami\" \/>\n<meta property=\"og:description\" content=\"Zestaw na problemy z naczynkami skierowany jest do os\u00f3b o kruchych drobnych naczyniach krwiono\u015bnych. Zestaw kompleksowo wspiera cer\u0119 naczynkow\u0105.\" \/>\n<meta property=\"og:url\" content=\"https:\/\/dev.hempking.eu\/pl\/zestaw-na-problemy-z-naczynkami\/\" \/>\n<meta property=\"og:site_name\" content=\"Hemp King\" \/>\n<meta property=\"article:publisher\" content=\"https:\/\/www.facebook.com\/hempkingpoland\" \/>\n<meta property=\"article:modified_time\" content=\"2023-05-22T09:23:51+00:00\" \/>\n<meta property=\"og:image\" content=\"https:\/\/dev.hempking.eu\/pl\/wp-content\/uploads\/sites\/2\/2022\/12\/1000x1000_zestaw_swiateczny_5_bez-1.jpg\" \/>\n\t<meta property=\"og:image:width\" content=\"1000\" \/>\n\t<meta property=\"og:image:height\" content=\"1000\" \/>\n\t<meta property=\"og:image:type\" content=\"image\/jpeg\" \/>\n<meta name=\"twitter:card\" content=\"summary_large_image\" \/>\n<meta name=\"twitter:site\" content=\"@hempkingeu\" \/>\n<meta name=\"twitter:label1\" content=\"Price\" \/>\n\t<meta name=\"twitter:data1\" content=\"79.04&nbsp;&#122;&#322;\" \/>\n\t<meta name=\"twitter:label2\" content=\"Availability\" \/>\n\t<meta name=\"twitter:data2\" content=\"In stock\" \/>\n<script type=\"application\/ld+json\" class=\"yoast-schema-graph\">{\"@context\":\"https:\/\/schema.org\",\"@graph\":[{\"@type\":\"WebPage\",\"@id\":\"https:\/\/dev.hempking.eu\/pl\/zestaw-na-problemy-z-naczynkami\/\",\"url\":\"https:\/\/dev.hempking.eu\/pl\/zestaw-na-problemy-z-naczynkami\/\",\"name\":\"Zestaw na problemy z naczynkami - Hemp King\",\"isPartOf\":{\"@id\":\"https:\/\/dev.hempking.eu\/pl\/#website\"},\"primaryImageOfPage\":{\"@id\":\"https:\/\/dev.hempking.eu\/pl\/zestaw-na-problemy-z-naczynkami\/#primaryimage\"},\"image\":{\"@id\":\"https:\/\/dev.hempking.eu\/pl\/zestaw-na-problemy-z-naczynkami\/#primaryimage\"},\"thumbnailUrl\":\"https:\/\/dev.hempking.eu\/pl\/wp-content\/uploads\/sites\/2\/2022\/12\/1000x1000_zestaw_swiateczny_5_bez-1.jpg\",\"datePublished\":\"2022-12-01T07:39:22+00:00\",\"dateModified\":\"2023-05-22T09:23:51+00:00\",\"description\":\"Zestaw na problemy z naczynkami skierowany jest do os\u00f3b o kruchych drobnych naczyniach krwiono\u015bnych. Zestaw kompleksowo wspiera cer\u0119 naczynkow\u0105.\",\"breadcrumb\":{\"@id\":\"https:\/\/dev.hempking.eu\/pl\/zestaw-na-problemy-z-naczynkami\/#breadcrumb\"},\"inLanguage\":\"pl-PL\",\"potentialAction\":[{\"@type\":\"ReadAction\",\"target\":[\"https:\/\/dev.hempking.eu\/pl\/zestaw-na-problemy-z-naczynkami\/\"]}]},{\"@type\":\"ImageObject\",\"inLanguage\":\"pl-PL\",\"@id\":\"https:\/\/dev.hempking.eu\/pl\/zestaw-na-problemy-z-naczynkami\/#primaryimage\",\"url\":\"https:\/\/dev.hempking.eu\/pl\/wp-content\/uploads\/sites\/2\/2022\/12\/1000x1000_zestaw_swiateczny_5_bez-1.jpg\",\"contentUrl\":\"https:\/\/dev.hempking.eu\/pl\/wp-content\/uploads\/sites\/2\/2022\/12\/1000x1000_zestaw_swiateczny_5_bez-1.jpg\",\"width\":1000,\"height\":1000,\"caption\":\"zestaw na problemy z nczynkami\"},{\"@type\":\"BreadcrumbList\",\"@id\":\"https:\/\/dev.hempking.eu\/pl\/zestaw-na-problemy-z-naczynkami\/#breadcrumb\",\"itemListElement\":[{\"@type\":\"ListItem\",\"position\":1,\"name\":\"Home\",\"item\":\"https:\/\/dev.hempking.eu\/pl\/\"},{\"@type\":\"ListItem\",\"position\":2,\"name\":\"Sklep\",\"item\":\"https:\/\/dev.hempking.eu\/pl\/shop\/\"},{\"@type\":\"ListItem\",\"position\":3,\"name\":\"Zestawy\",\"item\":\"https:\/\/dev.hempking.eu\/pl\/zestawy\/\"},{\"@type\":\"ListItem\",\"position\":4,\"name\":\"Zestaw na problemy z naczynkami\"}]},{\"@type\":\"WebSite\",\"@id\":\"https:\/\/dev.hempking.eu\/pl\/#website\",\"url\":\"https:\/\/dev.hempking.eu\/pl\/\",\"name\":\"Hemp King\",\"description\":\"\",\"publisher\":{\"@id\":\"https:\/\/dev.hempking.eu\/pl\/#organization\"},\"potentialAction\":[{\"@type\":\"SearchAction\",\"target\":{\"@type\":\"EntryPoint\",\"urlTemplate\":\"https:\/\/dev.hempking.eu\/pl\/?s={search_term_string}\"},\"query-input\":{\"@type\":\"PropertyValueSpecification\",\"valueRequired\":true,\"valueName\":\"search_term_string\"}}],\"inLanguage\":\"pl-PL\"},{\"@type\":\"Organization\",\"@id\":\"https:\/\/dev.hempking.eu\/pl\/#organization\",\"name\":\"Hemp King\",\"url\":\"https:\/\/dev.hempking.eu\/pl\/\",\"logo\":{\"@type\":\"ImageObject\",\"inLanguage\":\"pl-PL\",\"@id\":\"https:\/\/dev.hempking.eu\/pl\/#\/schema\/logo\/image\/\",\"url\":\"https:\/\/dev.hempking.eu\/pl\/wp-content\/uploads\/sites\/2\/2020\/05\/hempking.png\",\"contentUrl\":\"https:\/\/dev.hempking.eu\/pl\/wp-content\/uploads\/sites\/2\/2020\/05\/hempking.png\",\"width\":148,\"height\":91,\"caption\":\"Hemp King\"},\"image\":{\"@id\":\"https:\/\/dev.hempking.eu\/pl\/#\/schema\/logo\/image\/\"},\"sameAs\":[\"https:\/\/www.facebook.com\/hempkingpoland\",\"https:\/\/x.com\/hempkingeu\",\"https:\/\/www.instagram.com\/hempkingeu\/\",\"https:\/\/www.linkedin.com\/company\/hempking-eu\/mycompany\/\",\"https:\/\/pl.pinterest.com\/hempkingeu\/\",\"https:\/\/www.youtube.com\/channel\/UCUkeZA1fj4hSZfoYm0WpZ7w\"]}]}<\/script>\n<meta property=\"product:price:amount\" content=\"79.04\" \/>\n<meta property=\"product:price:currency\" content=\"PLN\" \/>\n<meta property=\"og:availability\" content=\"instock\" \/>\n<meta property=\"product:availability\" content=\"instock\" \/>\n<meta property=\"product:condition\" content=\"new\" \/>\n<!-- \/ Yoast SEO Premium plugin. -->","yoast_head_json":{"title":"Zestaw na problemy z naczynkami - Hemp King","description":"Zestaw na problemy z naczynkami skierowany jest do os\u00f3b o kruchych drobnych naczyniach krwiono\u015bnych. Zestaw kompleksowo wspiera cer\u0119 naczynkow\u0105.","canonical":"https:\/\/dev.hempking.eu\/pl\/zestaw-na-problemy-z-naczynkami\/","og_locale":"pl_PL","og_type":"article","og_title":"Zestaw na problemy z naczynkami","og_description":"Zestaw na problemy z naczynkami skierowany jest do os\u00f3b o kruchych drobnych naczyniach krwiono\u015bnych. Zestaw kompleksowo wspiera cer\u0119 naczynkow\u0105.","og_url":"https:\/\/dev.hempking.eu\/pl\/zestaw-na-problemy-z-naczynkami\/","og_site_name":"Hemp King","article_publisher":"https:\/\/www.facebook.com\/hempkingpoland","article_modified_time":"2023-05-22T09:23:51+00:00","og_image":[{"width":1000,"height":1000,"url":"https:\/\/dev.hempking.eu\/pl\/wp-content\/uploads\/sites\/2\/2022\/12\/1000x1000_zestaw_swiateczny_5_bez-1.jpg","type":"image\/jpeg"}],"twitter_card":"summary_large_image","twitter_site":"@hempkingeu","twitter_misc":{"Price":"79.04&nbsp;&#122;&#322;","Availability":"In stock"},"schema":{"@context":"https:\/\/schema.org","@graph":[{"@type":"WebPage","@id":"https:\/\/dev.hempking.eu\/pl\/zestaw-na-problemy-z-naczynkami\/","url":"https:\/\/dev.hempking.eu\/pl\/zestaw-na-problemy-z-naczynkami\/","name":"Zestaw na problemy z naczynkami - Hemp King","isPartOf":{"@id":"https:\/\/dev.hempking.eu\/pl\/#website"},"primaryImageOfPage":{"@id":"https:\/\/dev.hempking.eu\/pl\/zestaw-na-problemy-z-naczynkami\/#primaryimage"},"image":{"@id":"https:\/\/dev.hempking.eu\/pl\/zestaw-na-problemy-z-naczynkami\/#primaryimage"},"thumbnailUrl":"https:\/\/dev.hempking.eu\/pl\/wp-content\/uploads\/sites\/2\/2022\/12\/1000x1000_zestaw_swiateczny_5_bez-1.jpg","datePublished":"2022-12-01T07:39:22+00:00","dateModified":"2023-05-22T09:23:51+00:00","description":"Zestaw na problemy z naczynkami skierowany jest do os\u00f3b o kruchych drobnych naczyniach krwiono\u015bnych. Zestaw kompleksowo wspiera cer\u0119 naczynkow\u0105.","breadcrumb":{"@id":"https:\/\/dev.hempking.eu\/pl\/zestaw-na-problemy-z-naczynkami\/#breadcrumb"},"inLanguage":"pl-PL","potentialAction":[{"@type":"ReadAction","target":["https:\/\/dev.hempking.eu\/pl\/zestaw-na-problemy-z-naczynkami\/"]}]},{"@type":"ImageObject","inLanguage":"pl-PL","@id":"https:\/\/dev.hempking.eu\/pl\/zestaw-na-problemy-z-naczynkami\/#primaryimage","url":"https:\/\/dev.hempking.eu\/pl\/wp-content\/uploads\/sites\/2\/2022\/12\/1000x1000_zestaw_swiateczny_5_bez-1.jpg","contentUrl":"https:\/\/dev.hempking.eu\/pl\/wp-content\/uploads\/sites\/2\/2022\/12\/1000x1000_zestaw_swiateczny_5_bez-1.jpg","width":1000,"height":1000,"caption":"zestaw na problemy z nczynkami"},{"@type":"BreadcrumbList","@id":"https:\/\/dev.hempking.eu\/pl\/zestaw-na-problemy-z-naczynkami\/#breadcrumb","itemListElement":[{"@type":"ListItem","position":1,"name":"Home","item":"https:\/\/dev.hempking.eu\/pl\/"},{"@type":"ListItem","position":2,"name":"Sklep","item":"https:\/\/dev.hempking.eu\/pl\/shop\/"},{"@type":"ListItem","position":3,"name":"Zestawy","item":"https:\/\/dev.hempking.eu\/pl\/zestawy\/"},{"@type":"ListItem","position":4,"name":"Zestaw na problemy z naczynkami"}]},{"@type":"WebSite","@id":"https:\/\/dev.hempking.eu\/pl\/#website","url":"https:\/\/dev.hempking.eu\/pl\/","name":"Hemp King","description":"","publisher":{"@id":"https:\/\/dev.hempking.eu\/pl\/#organization"},"potentialAction":[{"@type":"SearchAction","target":{"@type":"EntryPoint","urlTemplate":"https:\/\/dev.hempking.eu\/pl\/?s={search_term_string}"},"query-input":{"@type":"PropertyValueSpecification","valueRequired":true,"valueName":"search_term_string"}}],"inLanguage":"pl-PL"},{"@type":"Organization","@id":"https:\/\/dev.hempking.eu\/pl\/#organization","name":"Hemp King","url":"https:\/\/dev.hempking.eu\/pl\/","logo":{"@type":"ImageObject","inLanguage":"pl-PL","@id":"https:\/\/dev.hempking.eu\/pl\/#\/schema\/logo\/image\/","url":"https:\/\/dev.hempking.eu\/pl\/wp-content\/uploads\/sites\/2\/2020\/05\/hempking.png","contentUrl":"https:\/\/dev.hempking.eu\/pl\/wp-content\/uploads\/sites\/2\/2020\/05\/hempking.png","width":148,"height":91,"caption":"Hemp King"},"image":{"@id":"https:\/\/dev.hempking.eu\/pl\/#\/schema\/logo\/image\/"},"sameAs":["https:\/\/www.facebook.com\/hempkingpoland","https:\/\/x.com\/hempkingeu","https:\/\/www.instagram.com\/hempkingeu\/","https:\/\/www.linkedin.com\/company\/hempking-eu\/mycompany\/","https:\/\/pl.pinterest.com\/hempkingeu\/","https:\/\/www.youtube.com\/channel\/UCUkeZA1fj4hSZfoYm0WpZ7w"]}]},"product_price_amount":"79.04","product_price_currency":"PLN","og_availability":"instock","product_availability":"instock","product_condition":"new"},"_links":{"self":[{"href":"https:\/\/dev.hempking.eu\/pl\/wp-json\/wp\/v2\/product\/115766","targetHints":{"allow":["GET"]}}],"collection":[{"href":"https:\/\/dev.hempking.eu\/pl\/wp-json\/wp\/v2\/product"}],"about":[{"href":"https:\/\/dev.hempking.eu\/pl\/wp-json\/wp\/v2\/types\/product"}],"wp:featuredmedia":[{"embeddable":true,"href":"https:\/\/dev.hempking.eu\/pl\/wp-json\/wp\/v2\/media\/124026"}],"wp:attachment":[{"href":"https:\/\/dev.hempking.eu\/pl\/wp-json\/wp\/v2\/media?parent=115766"}],"wp:term":[{"taxonomy":"product_cat","embeddable":true,"href":"https:\/\/dev.hempking.eu\/pl\/wp-json\/wp\/v2\/product_cat?post=115766"},{"taxonomy":"product_tag","embeddable":true,"href":"https:\/\/dev.hempking.eu\/pl\/wp-json\/wp\/v2\/product_tag?post=115766"}],"curies":[{"name":"wp","href":"https:\/\/api.w.org\/{rel}","templated":true}]}}