{"id":115773,"date":"2022-12-01T08:43:34","date_gmt":"2022-12-01T07:43:34","guid":{"rendered":"https:\/\/hempking.eu\/pl\/?post_type=product&#038;p=115773"},"modified":"2023-05-22T13:07:17","modified_gmt":"2023-05-22T11:07:17","slug":"zestaw-na-problemy-ze-stawami","status":"publish","type":"product","link":"https:\/\/dev.hempking.eu\/pl\/zestaw-na-problemy-ze-stawami\/","title":{"rendered":"Zestaw na problemy ze stawami"},"content":{"rendered":"<p><span style=\"font-weight: 400\">Jeste\u015b osob\u0105 aktywn\u0105, kt\u00f3ra du\u017co si\u0119 rusza, uprawia sport? A mo\u017ce pracujesz fizycznie i Tw\u00f3j organizm jest wystawiony na trudne warunki w pracy? Cz\u0119sto odczuwasz r\u00f3\u017cnego rodzaju b\u00f3le staw\u00f3w, a przy tym na koniec dnia dopada Ci\u0119 du\u017ce zm\u0119czenie? Postaw na nasz zestaw, kt\u00f3ry wesprze Twoje stawy! Zestaw sk\u0142ada si\u0119 z ma\u015bci Stawocare, opartej na naturalnych sk\u0142adnikach maj\u0105cych wesprze\u0107 Twoje stawy od zewn\u0105trz! Oraz z wysokiej jako\u015bci standaryzowanych grzyb\u00f3w witalnych w kapsu\u0142kach &#8211; Lion\u2019s Mane, kt\u00f3re s\u0105 bardzo cenione w tradycyjnej medycynie chi\u0144skiej oraz kuchni azjatyckiej &#8211; tam stosowane s\u0105 jako \u201cwege mi\u0119so\u201d dzi\u0119ki du\u017cej zawarto\u015bci bardzo cennych sk\u0142adnik\u00f3w dla naszego organizmu!\u00a0<\/span><\/p>\n<p><span style=\"font-weight: 400\">Dodaj sobie energii i pozb\u0105d\u017a si\u0119 zm\u0119czonych staw\u00f3w z tym zestawem!\u00a0<\/span><\/p>\n<h2><span style=\"font-weight: 400\">Lion&#8217;s mane &#8211; naturalne wsparcie<\/span><\/h2>\n<p><span style=\"font-weight: 400\">Lions\u2019 mane, czyli sopl\u00f3wka je\u017cowata, to tzw. grzyb witalny. Jest niezwykle ceniony w tradycyjnej medycynie chi\u0144skiej, w kt\u00f3rej przypisuje si\u0119 mu szerokie spektrum dzia\u0142ania na wiele uk\u0142ad\u00f3w w ludzkim ciele. W przypadku grzyb\u00f3w witalnych Lion\u2019s Mane marki Biowen masz pewno\u015b\u0107, \u017ce wybierasz warto\u015bciowy produkt. Jest standaryzowany na 40% polisacharyd\u00f3w i 30% beta glukan\u00f3w [DER 25:1]. Zawiera r\u00f3wnie\u017c dodatkowo ekstrakt z pieprzu czarnego, kt\u00f3ry wzmacnia dzia\u0142anie tego grzyba! S\u0142oik wystarcza na 3 miesi\u0105ce stosowania &#8211; jest bardzo wydajny!<\/span><\/p>\n<h2><span style=\"font-weight: 400\">Stawocare na bol\u0105ce stawy<\/span><\/h2>\n<p><span style=\"font-weight: 400\">To ma\u015b\u0107, kt\u00f3ra powsta\u0142a z my\u015bl\u0105, by wesprze\u0107 stawy od zewn\u0105trz w jak najlepszy, naturalny spos\u00f3b. Po g\u0142\u0119bokiej analizie sk\u0142adnik\u00f3w w naturalnych ma\u015bciach na stawy postawili\u015bmy na produkt, jakiego nie ma na rynku! W sk\u0142adzie znajdziesz mi\u0119dzy innymi organiczn\u0105 siark\u0119 (MSM), \u017cywokost i w\u0105krotk\u0119 azjatyck\u0105. Oczywi\u015bcie w sk\u0142adzie znajdziesz te\u017c nasz sztandarowy sk\u0142adnik, czyli olej konopny. Lekka formu\u0142a szybko si\u0119 wch\u0142ania. Ma\u015b\u0107 wspiera \u0142agodzenie obrz\u0119k\u00f3w na sk\u00f3rze, \u0142agodzi, wyg\u0142adza sk\u00f3r\u0119. Wspiera naczynia krwiono\u015bne a tak\u017ce posiada w\u0142a\u015bciwo\u015bci ochronne!\u00a0<\/span><\/p>\n","protected":false},"excerpt":{"rendered":"<h2>Zestaw zawiera:<\/h2>\n<ul>\n<li><a href=\"https:\/\/dev.hempking.eu\/pl\/lions-mane-400-mg-40-polisacharydow-30-beta-glukanow-kapsulki\/\" target=\"_blank\" rel=\"noopener\">Ekstrakt z Lion&#8217;s Mane 400 mg<\/a> &#8211; 90 kaps \u2013 <strong>66.90 z\u0142<\/strong><\/li>\n<li><a href=\"https:\/\/dev.hempking.eu\/pl\/stawocare-masc-na-stawy-60ml\/\" target=\"_blank\" rel=\"noopener\">Stawocare &#8211; ma\u015b\u0107 na stawy<\/a> &#8211; 60 ml\u00a0\u2013 <strong>59.90 z\u0142<\/strong><\/li>\n<\/ul>\n<p><strong>Kupuj\u0105c w zestawie oszcz\u0119dzasz 24%!<\/strong><\/p>\n","protected":false},"featured_media":124022,"template":"","meta":{"_acf_changed":false},"product_cat":[28,33,152,144,145],"product_tag":[],"class_list":{"0":"post-115773","1":"product","2":"type-product","3":"status-publish","4":"has-post-thumbnail","6":"product_cat-kosmetyki-konopne","7":"product_cat-zestawy","8":"product_cat-zestawy-prezentowe","9":"product_cat-suplementy-i-preparaty-na-dolegliwosci","10":"product_cat-suplementy-i-masci-na-bolace-stawy","12":"first","13":"outofstock","14":"sale","15":"shipping-taxable","16":"purchasable","17":"product-type-simple"},"acf":[],"yoast_head":"<!-- This site is optimized with the Yoast SEO Premium plugin v23.4 (Yoast SEO v24.0) - https:\/\/yoast.com\/wordpress\/plugins\/seo\/ -->\n<title>Zestaw na problemy ze stawami - Hemp King<\/title>\n<meta name=\"description\" content=\"Nasz zestaw na problemy ze stawami skierowany jeszcze szczeg\u00f3lnie do os\u00f3b aktywnych, kt\u00f3re poddaj\u0105 sw\u00f3j organizm wielu pr\u00f3bom. Wzmocnij swoje cia\u0142o!\" \/>\n<link rel=\"canonical\" href=\"https:\/\/dev.hempking.eu\/pl\/zestaw-na-problemy-ze-stawami\/\" \/>\n<meta property=\"og:locale\" content=\"pl_PL\" \/>\n<meta property=\"og:type\" content=\"article\" \/>\n<meta property=\"og:title\" content=\"Zestaw na problemy ze stawami\" \/>\n<meta property=\"og:description\" content=\"Nasz zestaw na problemy ze stawami skierowany jeszcze szczeg\u00f3lnie do os\u00f3b aktywnych, kt\u00f3re poddaj\u0105 sw\u00f3j organizm wielu pr\u00f3bom. Wzmocnij swoje cia\u0142o!\" \/>\n<meta property=\"og:url\" content=\"https:\/\/dev.hempking.eu\/pl\/zestaw-na-problemy-ze-stawami\/\" \/>\n<meta property=\"og:site_name\" content=\"Hemp King\" \/>\n<meta property=\"article:publisher\" content=\"https:\/\/www.facebook.com\/hempkingpoland\" \/>\n<meta property=\"article:modified_time\" content=\"2023-05-22T11:07:17+00:00\" \/>\n<meta property=\"og:image\" content=\"https:\/\/dev.hempking.eu\/pl\/wp-content\/uploads\/sites\/2\/2022\/12\/zestaw-na-problemy-ze-stawami.jpg\" \/>\n\t<meta property=\"og:image:width\" content=\"1000\" \/>\n\t<meta property=\"og:image:height\" content=\"1000\" \/>\n\t<meta property=\"og:image:type\" content=\"image\/jpeg\" \/>\n<meta name=\"twitter:card\" content=\"summary_large_image\" \/>\n<meta name=\"twitter:site\" content=\"@hempkingeu\" \/>\n<meta name=\"twitter:label1\" content=\"Price\" \/>\n\t<meta name=\"twitter:data1\" content=\"95.90&nbsp;&#122;&#322;\" \/>\n\t<meta name=\"twitter:label2\" content=\"Availability\" \/>\n\t<meta name=\"twitter:data2\" content=\"Out of stock\" \/>\n<script type=\"application\/ld+json\" class=\"yoast-schema-graph\">{\"@context\":\"https:\/\/schema.org\",\"@graph\":[{\"@type\":\"WebPage\",\"@id\":\"https:\/\/dev.hempking.eu\/pl\/zestaw-na-problemy-ze-stawami\/\",\"url\":\"https:\/\/dev.hempking.eu\/pl\/zestaw-na-problemy-ze-stawami\/\",\"name\":\"Zestaw na problemy ze stawami - Hemp King\",\"isPartOf\":{\"@id\":\"https:\/\/dev.hempking.eu\/pl\/#website\"},\"primaryImageOfPage\":{\"@id\":\"https:\/\/dev.hempking.eu\/pl\/zestaw-na-problemy-ze-stawami\/#primaryimage\"},\"image\":{\"@id\":\"https:\/\/dev.hempking.eu\/pl\/zestaw-na-problemy-ze-stawami\/#primaryimage\"},\"thumbnailUrl\":\"https:\/\/dev.hempking.eu\/pl\/wp-content\/uploads\/sites\/2\/2022\/12\/zestaw-na-problemy-ze-stawami.jpg\",\"datePublished\":\"2022-12-01T07:43:34+00:00\",\"dateModified\":\"2023-05-22T11:07:17+00:00\",\"description\":\"Nasz zestaw na problemy ze stawami skierowany jeszcze szczeg\u00f3lnie do os\u00f3b aktywnych, kt\u00f3re poddaj\u0105 sw\u00f3j organizm wielu pr\u00f3bom. Wzmocnij swoje cia\u0142o!\",\"breadcrumb\":{\"@id\":\"https:\/\/dev.hempking.eu\/pl\/zestaw-na-problemy-ze-stawami\/#breadcrumb\"},\"inLanguage\":\"pl-PL\",\"potentialAction\":[{\"@type\":\"ReadAction\",\"target\":[\"https:\/\/dev.hempking.eu\/pl\/zestaw-na-problemy-ze-stawami\/\"]}]},{\"@type\":\"ImageObject\",\"inLanguage\":\"pl-PL\",\"@id\":\"https:\/\/dev.hempking.eu\/pl\/zestaw-na-problemy-ze-stawami\/#primaryimage\",\"url\":\"https:\/\/dev.hempking.eu\/pl\/wp-content\/uploads\/sites\/2\/2022\/12\/zestaw-na-problemy-ze-stawami.jpg\",\"contentUrl\":\"https:\/\/dev.hempking.eu\/pl\/wp-content\/uploads\/sites\/2\/2022\/12\/zestaw-na-problemy-ze-stawami.jpg\",\"width\":1000,\"height\":1000,\"caption\":\"zestaw na problemy ze stawami\"},{\"@type\":\"BreadcrumbList\",\"@id\":\"https:\/\/dev.hempking.eu\/pl\/zestaw-na-problemy-ze-stawami\/#breadcrumb\",\"itemListElement\":[{\"@type\":\"ListItem\",\"position\":1,\"name\":\"Home\",\"item\":\"https:\/\/dev.hempking.eu\/pl\/\"},{\"@type\":\"ListItem\",\"position\":2,\"name\":\"Sklep\",\"item\":\"https:\/\/dev.hempking.eu\/pl\/shop\/\"},{\"@type\":\"ListItem\",\"position\":3,\"name\":\"Zestawy\",\"item\":\"https:\/\/dev.hempking.eu\/pl\/zestawy\/\"},{\"@type\":\"ListItem\",\"position\":4,\"name\":\"Zestaw na problemy ze stawami\"}]},{\"@type\":\"WebSite\",\"@id\":\"https:\/\/dev.hempking.eu\/pl\/#website\",\"url\":\"https:\/\/dev.hempking.eu\/pl\/\",\"name\":\"Hemp King\",\"description\":\"\",\"publisher\":{\"@id\":\"https:\/\/dev.hempking.eu\/pl\/#organization\"},\"potentialAction\":[{\"@type\":\"SearchAction\",\"target\":{\"@type\":\"EntryPoint\",\"urlTemplate\":\"https:\/\/dev.hempking.eu\/pl\/?s={search_term_string}\"},\"query-input\":{\"@type\":\"PropertyValueSpecification\",\"valueRequired\":true,\"valueName\":\"search_term_string\"}}],\"inLanguage\":\"pl-PL\"},{\"@type\":\"Organization\",\"@id\":\"https:\/\/dev.hempking.eu\/pl\/#organization\",\"name\":\"Hemp King\",\"url\":\"https:\/\/dev.hempking.eu\/pl\/\",\"logo\":{\"@type\":\"ImageObject\",\"inLanguage\":\"pl-PL\",\"@id\":\"https:\/\/dev.hempking.eu\/pl\/#\/schema\/logo\/image\/\",\"url\":\"https:\/\/dev.hempking.eu\/pl\/wp-content\/uploads\/sites\/2\/2020\/05\/hempking.png\",\"contentUrl\":\"https:\/\/dev.hempking.eu\/pl\/wp-content\/uploads\/sites\/2\/2020\/05\/hempking.png\",\"width\":148,\"height\":91,\"caption\":\"Hemp King\"},\"image\":{\"@id\":\"https:\/\/dev.hempking.eu\/pl\/#\/schema\/logo\/image\/\"},\"sameAs\":[\"https:\/\/www.facebook.com\/hempkingpoland\",\"https:\/\/x.com\/hempkingeu\",\"https:\/\/www.instagram.com\/hempkingeu\/\",\"https:\/\/www.linkedin.com\/company\/hempking-eu\/mycompany\/\",\"https:\/\/pl.pinterest.com\/hempkingeu\/\",\"https:\/\/www.youtube.com\/channel\/UCUkeZA1fj4hSZfoYm0WpZ7w\"]}]}<\/script>\n<meta property=\"product:price:amount\" content=\"95.90\" \/>\n<meta property=\"product:price:currency\" content=\"PLN\" \/>\n<meta property=\"og:availability\" content=\"out of stock\" \/>\n<meta property=\"product:availability\" content=\"out of stock\" \/>\n<meta property=\"product:condition\" content=\"new\" \/>\n<!-- \/ Yoast SEO Premium plugin. -->","yoast_head_json":{"title":"Zestaw na problemy ze stawami - Hemp King","description":"Nasz zestaw na problemy ze stawami skierowany jeszcze szczeg\u00f3lnie do os\u00f3b aktywnych, kt\u00f3re poddaj\u0105 sw\u00f3j organizm wielu pr\u00f3bom. Wzmocnij swoje cia\u0142o!","canonical":"https:\/\/dev.hempking.eu\/pl\/zestaw-na-problemy-ze-stawami\/","og_locale":"pl_PL","og_type":"article","og_title":"Zestaw na problemy ze stawami","og_description":"Nasz zestaw na problemy ze stawami skierowany jeszcze szczeg\u00f3lnie do os\u00f3b aktywnych, kt\u00f3re poddaj\u0105 sw\u00f3j organizm wielu pr\u00f3bom. Wzmocnij swoje cia\u0142o!","og_url":"https:\/\/dev.hempking.eu\/pl\/zestaw-na-problemy-ze-stawami\/","og_site_name":"Hemp King","article_publisher":"https:\/\/www.facebook.com\/hempkingpoland","article_modified_time":"2023-05-22T11:07:17+00:00","og_image":[{"width":1000,"height":1000,"url":"https:\/\/dev.hempking.eu\/pl\/wp-content\/uploads\/sites\/2\/2022\/12\/zestaw-na-problemy-ze-stawami.jpg","type":"image\/jpeg"}],"twitter_card":"summary_large_image","twitter_site":"@hempkingeu","twitter_misc":{"Price":"95.90&nbsp;&#122;&#322;","Availability":"Out of stock"},"schema":{"@context":"https:\/\/schema.org","@graph":[{"@type":"WebPage","@id":"https:\/\/dev.hempking.eu\/pl\/zestaw-na-problemy-ze-stawami\/","url":"https:\/\/dev.hempking.eu\/pl\/zestaw-na-problemy-ze-stawami\/","name":"Zestaw na problemy ze stawami - Hemp King","isPartOf":{"@id":"https:\/\/dev.hempking.eu\/pl\/#website"},"primaryImageOfPage":{"@id":"https:\/\/dev.hempking.eu\/pl\/zestaw-na-problemy-ze-stawami\/#primaryimage"},"image":{"@id":"https:\/\/dev.hempking.eu\/pl\/zestaw-na-problemy-ze-stawami\/#primaryimage"},"thumbnailUrl":"https:\/\/dev.hempking.eu\/pl\/wp-content\/uploads\/sites\/2\/2022\/12\/zestaw-na-problemy-ze-stawami.jpg","datePublished":"2022-12-01T07:43:34+00:00","dateModified":"2023-05-22T11:07:17+00:00","description":"Nasz zestaw na problemy ze stawami skierowany jeszcze szczeg\u00f3lnie do os\u00f3b aktywnych, kt\u00f3re poddaj\u0105 sw\u00f3j organizm wielu pr\u00f3bom. Wzmocnij swoje cia\u0142o!","breadcrumb":{"@id":"https:\/\/dev.hempking.eu\/pl\/zestaw-na-problemy-ze-stawami\/#breadcrumb"},"inLanguage":"pl-PL","potentialAction":[{"@type":"ReadAction","target":["https:\/\/dev.hempking.eu\/pl\/zestaw-na-problemy-ze-stawami\/"]}]},{"@type":"ImageObject","inLanguage":"pl-PL","@id":"https:\/\/dev.hempking.eu\/pl\/zestaw-na-problemy-ze-stawami\/#primaryimage","url":"https:\/\/dev.hempking.eu\/pl\/wp-content\/uploads\/sites\/2\/2022\/12\/zestaw-na-problemy-ze-stawami.jpg","contentUrl":"https:\/\/dev.hempking.eu\/pl\/wp-content\/uploads\/sites\/2\/2022\/12\/zestaw-na-problemy-ze-stawami.jpg","width":1000,"height":1000,"caption":"zestaw na problemy ze stawami"},{"@type":"BreadcrumbList","@id":"https:\/\/dev.hempking.eu\/pl\/zestaw-na-problemy-ze-stawami\/#breadcrumb","itemListElement":[{"@type":"ListItem","position":1,"name":"Home","item":"https:\/\/dev.hempking.eu\/pl\/"},{"@type":"ListItem","position":2,"name":"Sklep","item":"https:\/\/dev.hempking.eu\/pl\/shop\/"},{"@type":"ListItem","position":3,"name":"Zestawy","item":"https:\/\/dev.hempking.eu\/pl\/zestawy\/"},{"@type":"ListItem","position":4,"name":"Zestaw na problemy ze stawami"}]},{"@type":"WebSite","@id":"https:\/\/dev.hempking.eu\/pl\/#website","url":"https:\/\/dev.hempking.eu\/pl\/","name":"Hemp King","description":"","publisher":{"@id":"https:\/\/dev.hempking.eu\/pl\/#organization"},"potentialAction":[{"@type":"SearchAction","target":{"@type":"EntryPoint","urlTemplate":"https:\/\/dev.hempking.eu\/pl\/?s={search_term_string}"},"query-input":{"@type":"PropertyValueSpecification","valueRequired":true,"valueName":"search_term_string"}}],"inLanguage":"pl-PL"},{"@type":"Organization","@id":"https:\/\/dev.hempking.eu\/pl\/#organization","name":"Hemp King","url":"https:\/\/dev.hempking.eu\/pl\/","logo":{"@type":"ImageObject","inLanguage":"pl-PL","@id":"https:\/\/dev.hempking.eu\/pl\/#\/schema\/logo\/image\/","url":"https:\/\/dev.hempking.eu\/pl\/wp-content\/uploads\/sites\/2\/2020\/05\/hempking.png","contentUrl":"https:\/\/dev.hempking.eu\/pl\/wp-content\/uploads\/sites\/2\/2020\/05\/hempking.png","width":148,"height":91,"caption":"Hemp King"},"image":{"@id":"https:\/\/dev.hempking.eu\/pl\/#\/schema\/logo\/image\/"},"sameAs":["https:\/\/www.facebook.com\/hempkingpoland","https:\/\/x.com\/hempkingeu","https:\/\/www.instagram.com\/hempkingeu\/","https:\/\/www.linkedin.com\/company\/hempking-eu\/mycompany\/","https:\/\/pl.pinterest.com\/hempkingeu\/","https:\/\/www.youtube.com\/channel\/UCUkeZA1fj4hSZfoYm0WpZ7w"]}]},"product_price_amount":"95.90","product_price_currency":"PLN","og_availability":"out of stock","product_availability":"out of stock","product_condition":"new"},"_links":{"self":[{"href":"https:\/\/dev.hempking.eu\/pl\/wp-json\/wp\/v2\/product\/115773","targetHints":{"allow":["GET"]}}],"collection":[{"href":"https:\/\/dev.hempking.eu\/pl\/wp-json\/wp\/v2\/product"}],"about":[{"href":"https:\/\/dev.hempking.eu\/pl\/wp-json\/wp\/v2\/types\/product"}],"wp:featuredmedia":[{"embeddable":true,"href":"https:\/\/dev.hempking.eu\/pl\/wp-json\/wp\/v2\/media\/124022"}],"wp:attachment":[{"href":"https:\/\/dev.hempking.eu\/pl\/wp-json\/wp\/v2\/media?parent=115773"}],"wp:term":[{"taxonomy":"product_cat","embeddable":true,"href":"https:\/\/dev.hempking.eu\/pl\/wp-json\/wp\/v2\/product_cat?post=115773"},{"taxonomy":"product_tag","embeddable":true,"href":"https:\/\/dev.hempking.eu\/pl\/wp-json\/wp\/v2\/product_tag?post=115773"}],"curies":[{"name":"wp","href":"https:\/\/api.w.org\/{rel}","templated":true}]}}