{"id":115777,"date":"2022-12-01T08:46:36","date_gmt":"2022-12-01T07:46:36","guid":{"rendered":"https:\/\/hempking.eu\/pl\/?post_type=product&#038;p=115777"},"modified":"2023-05-19T13:48:31","modified_gmt":"2023-05-19T11:48:31","slug":"zestaw-na-problemy-ze-snem","status":"publish","type":"product","link":"https:\/\/dev.hempking.eu\/pl\/zestaw-na-problemy-ze-snem\/","title":{"rendered":"Zestaw na problemy ze snem"},"content":{"rendered":"<p><span style=\"font-weight: 400;\">Masz problemy z pe\u0142nym regeneracji snem? Nie mo\u017cesz d\u0142ugo zasn\u0105\u0107? A mo\u017ce bardzo \u0142atwo wybudzasz si\u0119 w nocy i p\u00f3\u017aniej masz k\u0142opot z tym, by ponownie zasn\u0105\u0107? To w\u0142a\u015bnie dla takich os\u00f3b powsta\u0142 ten zestaw na problemy ze snem! Czasem odpowiednia higiena snu nie wystarcza i potrzeba dodatkowego wsparcia z zewn\u0105trz. W tym wypadku \u015bwietnie sprawdzi si\u0119 nasz duet do spraw wyj\u0105tkowych: Good Sleep + olej CBD 5%! Spr\u00f3buj produkt\u00f3w, kt\u00f3re nios\u0105 wsparcie zdrowego snu prosto z natury!\u00a0<\/span><\/p>\n<h2><span style=\"font-weight: 400;\">Good Sleep na popraw\u0119 snu<\/span><\/h2>\n<p><span style=\"font-weight: 400;\">Good Sleep to wega\u0144skie kapsu\u0142ki, w kt\u00f3rych kryj\u0105 si\u0119 substancje wp\u0142ywaj\u0105ce pozytywnie na sen i uspokojenie oraz standaryzowane ekstrakty ro\u015blinne wspieraj\u0105ce zdrowy sen. W ich sk\u0142adzie znajdziesz: konopie (w tym CBD i CBN), melatonin\u0119, m\u0119czennic\u0119, koz\u0142ka lekarskiego (tzw. walerian\u0119), lawend\u0119, melis\u0119 oraz l-teanin\u0119 z zielonej herbaty. Ca\u0142o\u015b\u0107 wzmocnili\u015bmy wyj\u0105tkowym ekstraktem z pieprzu czarnego standaryzowanym na 95% piperyny! Sk\u0142adniki w jednej kapsu\u0142ce sprawiaj\u0105, \u017ce Tw\u00f3j organizm si\u0119 wyciszy, nerwy zostan\u0105 ukojone, a ty szybciej za\u015bniesz i nie b\u0119dziesz si\u0119 wybudza\u0107 w nocy! To \u015bwietna opcja na wsparcie zdrowego snu w naturalny i bezpieczny dla Twojego organizmu spos\u00f3b! Efekty czu\u0107 ju\u017c od pierwszej kapsu\u0142ki. Produkt nale\u017cy spo\u017cywa\u0107 tu\u017c przed snem.\u00a0<\/span><\/p>\n<h2><span style=\"font-weight: 400;\">Olejki konopne na wzmocnienie<\/span><\/h2>\n<p><span style=\"font-weight: 400;\">Olej CBD to nasz najbardziej znany konopny produkt. Nie bez powodu! Olejki konopne s\u0105 cenione za wiele swoich w\u0142a\u015bciwo\u015bci, nad kt\u00f3rymi trwaj\u0105 ca\u0142y czas badania. Wyniki s\u0105 niezwykle obiecuj\u0105ce. Olej CBD 5% to produkt, kt\u00f3ry idealnie sprawdzi si\u0119 jako wsparcie w ci\u0105gu dnia! Zawarte w nim pe\u0142ne spektrum fitosk\u0142adnik\u00f3w, kwasy omega-3, omega-6 i omega-9 oraz fenole, flawonoidy i terpeny sprawi\u0105, \u017ce b\u0119dziesz suplementowa\u0107 to, co najlepsze z konopi. To te\u017c wsparcie odporno\u015bci, sk\u00f3ry, czy uk\u0142adu kr\u0105\u017cenia!<\/span><\/p>\n","protected":false},"excerpt":{"rendered":"<h2>Zestaw zawiera:<\/h2>\n<ul>\n<li><a href=\"https:\/\/dev.hempking.eu\/pl\/olej-cbd-natural-5-500mg-10ml\/\" target=\"_blank\" rel=\"noopener\">Olej konopny 5% Natural \u2013 10 ml<\/a>\u00a0\u2013\u00a0<strong>109 z\u0142<\/strong><\/li>\n<li><a href=\"https:\/\/dev.hempking.eu\/pl\/good-sleep-kapsulki-na-sen-15-kapsulek\/\" target=\"_blank\" rel=\"noopener\">Good Sleep &#8211; kapsu\u0142ki na sen 15 szt.<\/a> \u2013 <strong>24.90 z\u0142<\/strong><\/li>\n<\/ul>\n<p><strong>Kupuj\u0105c w zestawie oszcz\u0119dzasz a\u017c 25%!<\/strong><\/p>\n","protected":false},"featured_media":124019,"template":"","meta":{"_acf_changed":false},"product_cat":[20,33,152,144,147,149],"product_tag":[],"class_list":{"0":"post-115777","1":"product","2":"type-product","3":"status-publish","4":"has-post-thumbnail","6":"product_cat-olej-cbd","7":"product_cat-zestawy","8":"product_cat-zestawy-prezentowe","9":"product_cat-suplementy-i-preparaty-na-dolegliwosci","10":"product_cat-suplementy-i-preparaty-na-bezsennosc","11":"product_cat-suplementy-i-preparaty-na-uspokojenie","13":"first","14":"instock","15":"sale","16":"shipping-taxable","17":"purchasable","18":"product-type-simple"},"acf":[],"yoast_head":"<!-- This site is optimized with the Yoast SEO Premium plugin v23.4 (Yoast SEO v24.0) - https:\/\/yoast.com\/wordpress\/plugins\/seo\/ -->\n<title>Zestaw na problemy ze snem - Hemp King<\/title>\n<meta name=\"description\" content=\"Masz k\u0142opoty snem lub z zasypianiem? Koniecznie wypr\u00f3buj nasz zestaw na problemy ze snem! Duet naturalnych suplement\u00f3w pomo\u017ce Ci od pierwszego u\u017cycia\" \/>\n<link rel=\"canonical\" href=\"https:\/\/dev.hempking.eu\/pl\/zestaw-na-problemy-ze-snem\/\" \/>\n<meta property=\"og:locale\" content=\"pl_PL\" \/>\n<meta property=\"og:type\" content=\"article\" \/>\n<meta property=\"og:title\" content=\"Zestaw na problemy ze snem\" \/>\n<meta property=\"og:description\" content=\"Masz k\u0142opoty snem lub z zasypianiem? Koniecznie wypr\u00f3buj nasz zestaw na problemy ze snem! Duet naturalnych suplement\u00f3w pomo\u017ce Ci od pierwszego u\u017cycia\" \/>\n<meta property=\"og:url\" content=\"https:\/\/dev.hempking.eu\/pl\/zestaw-na-problemy-ze-snem\/\" \/>\n<meta property=\"og:site_name\" content=\"Hemp King\" \/>\n<meta property=\"article:publisher\" content=\"https:\/\/www.facebook.com\/hempkingpoland\" \/>\n<meta property=\"article:modified_time\" content=\"2023-05-19T11:48:31+00:00\" \/>\n<meta property=\"og:image\" content=\"https:\/\/dev.hempking.eu\/pl\/wp-content\/uploads\/sites\/2\/2022\/12\/1000x1000_zestaw_swiateczny_3_bez-1.jpg\" \/>\n\t<meta property=\"og:image:width\" content=\"1000\" \/>\n\t<meta property=\"og:image:height\" content=\"1000\" \/>\n\t<meta property=\"og:image:type\" content=\"image\/jpeg\" \/>\n<meta name=\"twitter:card\" content=\"summary_large_image\" \/>\n<meta name=\"twitter:site\" content=\"@hempkingeu\" \/>\n<meta name=\"twitter:label1\" content=\"Price\" \/>\n\t<meta name=\"twitter:data1\" content=\"100.42&nbsp;&#122;&#322;\" \/>\n\t<meta name=\"twitter:label2\" content=\"Availability\" \/>\n\t<meta name=\"twitter:data2\" content=\"In stock\" \/>\n<script type=\"application\/ld+json\" class=\"yoast-schema-graph\">{\"@context\":\"https:\/\/schema.org\",\"@graph\":[{\"@type\":\"WebPage\",\"@id\":\"https:\/\/dev.hempking.eu\/pl\/zestaw-na-problemy-ze-snem\/\",\"url\":\"https:\/\/dev.hempking.eu\/pl\/zestaw-na-problemy-ze-snem\/\",\"name\":\"Zestaw na problemy ze snem - Hemp King\",\"isPartOf\":{\"@id\":\"https:\/\/dev.hempking.eu\/pl\/#website\"},\"primaryImageOfPage\":{\"@id\":\"https:\/\/dev.hempking.eu\/pl\/zestaw-na-problemy-ze-snem\/#primaryimage\"},\"image\":{\"@id\":\"https:\/\/dev.hempking.eu\/pl\/zestaw-na-problemy-ze-snem\/#primaryimage\"},\"thumbnailUrl\":\"https:\/\/dev.hempking.eu\/pl\/wp-content\/uploads\/sites\/2\/2022\/12\/1000x1000_zestaw_swiateczny_3_bez-1.jpg\",\"datePublished\":\"2022-12-01T07:46:36+00:00\",\"dateModified\":\"2023-05-19T11:48:31+00:00\",\"description\":\"Masz k\u0142opoty snem lub z zasypianiem? Koniecznie wypr\u00f3buj nasz zestaw na problemy ze snem! Duet naturalnych suplement\u00f3w pomo\u017ce Ci od pierwszego u\u017cycia\",\"breadcrumb\":{\"@id\":\"https:\/\/dev.hempking.eu\/pl\/zestaw-na-problemy-ze-snem\/#breadcrumb\"},\"inLanguage\":\"pl-PL\",\"potentialAction\":[{\"@type\":\"ReadAction\",\"target\":[\"https:\/\/dev.hempking.eu\/pl\/zestaw-na-problemy-ze-snem\/\"]}]},{\"@type\":\"ImageObject\",\"inLanguage\":\"pl-PL\",\"@id\":\"https:\/\/dev.hempking.eu\/pl\/zestaw-na-problemy-ze-snem\/#primaryimage\",\"url\":\"https:\/\/dev.hempking.eu\/pl\/wp-content\/uploads\/sites\/2\/2022\/12\/1000x1000_zestaw_swiateczny_3_bez-1.jpg\",\"contentUrl\":\"https:\/\/dev.hempking.eu\/pl\/wp-content\/uploads\/sites\/2\/2022\/12\/1000x1000_zestaw_swiateczny_3_bez-1.jpg\",\"width\":1000,\"height\":1000,\"caption\":\"zestaw na problemy ze snem\"},{\"@type\":\"BreadcrumbList\",\"@id\":\"https:\/\/dev.hempking.eu\/pl\/zestaw-na-problemy-ze-snem\/#breadcrumb\",\"itemListElement\":[{\"@type\":\"ListItem\",\"position\":1,\"name\":\"Home\",\"item\":\"https:\/\/dev.hempking.eu\/pl\/\"},{\"@type\":\"ListItem\",\"position\":2,\"name\":\"Sklep\",\"item\":\"https:\/\/dev.hempking.eu\/pl\/shop\/\"},{\"@type\":\"ListItem\",\"position\":3,\"name\":\"Zestawy\",\"item\":\"https:\/\/dev.hempking.eu\/pl\/zestawy\/\"},{\"@type\":\"ListItem\",\"position\":4,\"name\":\"Zestaw na problemy ze snem\"}]},{\"@type\":\"WebSite\",\"@id\":\"https:\/\/dev.hempking.eu\/pl\/#website\",\"url\":\"https:\/\/dev.hempking.eu\/pl\/\",\"name\":\"Hemp King\",\"description\":\"\",\"publisher\":{\"@id\":\"https:\/\/dev.hempking.eu\/pl\/#organization\"},\"potentialAction\":[{\"@type\":\"SearchAction\",\"target\":{\"@type\":\"EntryPoint\",\"urlTemplate\":\"https:\/\/dev.hempking.eu\/pl\/?s={search_term_string}\"},\"query-input\":{\"@type\":\"PropertyValueSpecification\",\"valueRequired\":true,\"valueName\":\"search_term_string\"}}],\"inLanguage\":\"pl-PL\"},{\"@type\":\"Organization\",\"@id\":\"https:\/\/dev.hempking.eu\/pl\/#organization\",\"name\":\"Hemp King\",\"url\":\"https:\/\/dev.hempking.eu\/pl\/\",\"logo\":{\"@type\":\"ImageObject\",\"inLanguage\":\"pl-PL\",\"@id\":\"https:\/\/dev.hempking.eu\/pl\/#\/schema\/logo\/image\/\",\"url\":\"https:\/\/dev.hempking.eu\/pl\/wp-content\/uploads\/sites\/2\/2020\/05\/hempking.png\",\"contentUrl\":\"https:\/\/dev.hempking.eu\/pl\/wp-content\/uploads\/sites\/2\/2020\/05\/hempking.png\",\"width\":148,\"height\":91,\"caption\":\"Hemp King\"},\"image\":{\"@id\":\"https:\/\/dev.hempking.eu\/pl\/#\/schema\/logo\/image\/\"},\"sameAs\":[\"https:\/\/www.facebook.com\/hempkingpoland\",\"https:\/\/x.com\/hempkingeu\",\"https:\/\/www.instagram.com\/hempkingeu\/\",\"https:\/\/www.linkedin.com\/company\/hempking-eu\/mycompany\/\",\"https:\/\/pl.pinterest.com\/hempkingeu\/\",\"https:\/\/www.youtube.com\/channel\/UCUkeZA1fj4hSZfoYm0WpZ7w\"]}]}<\/script>\n<meta property=\"product:price:amount\" content=\"100.42\" \/>\n<meta property=\"product:price:currency\" content=\"PLN\" \/>\n<meta property=\"og:availability\" content=\"instock\" \/>\n<meta property=\"product:availability\" content=\"instock\" \/>\n<meta property=\"product:condition\" content=\"new\" \/>\n<!-- \/ Yoast SEO Premium plugin. -->","yoast_head_json":{"title":"Zestaw na problemy ze snem - Hemp King","description":"Masz k\u0142opoty snem lub z zasypianiem? Koniecznie wypr\u00f3buj nasz zestaw na problemy ze snem! Duet naturalnych suplement\u00f3w pomo\u017ce Ci od pierwszego u\u017cycia","canonical":"https:\/\/dev.hempking.eu\/pl\/zestaw-na-problemy-ze-snem\/","og_locale":"pl_PL","og_type":"article","og_title":"Zestaw na problemy ze snem","og_description":"Masz k\u0142opoty snem lub z zasypianiem? Koniecznie wypr\u00f3buj nasz zestaw na problemy ze snem! Duet naturalnych suplement\u00f3w pomo\u017ce Ci od pierwszego u\u017cycia","og_url":"https:\/\/dev.hempking.eu\/pl\/zestaw-na-problemy-ze-snem\/","og_site_name":"Hemp King","article_publisher":"https:\/\/www.facebook.com\/hempkingpoland","article_modified_time":"2023-05-19T11:48:31+00:00","og_image":[{"width":1000,"height":1000,"url":"https:\/\/dev.hempking.eu\/pl\/wp-content\/uploads\/sites\/2\/2022\/12\/1000x1000_zestaw_swiateczny_3_bez-1.jpg","type":"image\/jpeg"}],"twitter_card":"summary_large_image","twitter_site":"@hempkingeu","twitter_misc":{"Price":"100.42&nbsp;&#122;&#322;","Availability":"In stock"},"schema":{"@context":"https:\/\/schema.org","@graph":[{"@type":"WebPage","@id":"https:\/\/dev.hempking.eu\/pl\/zestaw-na-problemy-ze-snem\/","url":"https:\/\/dev.hempking.eu\/pl\/zestaw-na-problemy-ze-snem\/","name":"Zestaw na problemy ze snem - Hemp King","isPartOf":{"@id":"https:\/\/dev.hempking.eu\/pl\/#website"},"primaryImageOfPage":{"@id":"https:\/\/dev.hempking.eu\/pl\/zestaw-na-problemy-ze-snem\/#primaryimage"},"image":{"@id":"https:\/\/dev.hempking.eu\/pl\/zestaw-na-problemy-ze-snem\/#primaryimage"},"thumbnailUrl":"https:\/\/dev.hempking.eu\/pl\/wp-content\/uploads\/sites\/2\/2022\/12\/1000x1000_zestaw_swiateczny_3_bez-1.jpg","datePublished":"2022-12-01T07:46:36+00:00","dateModified":"2023-05-19T11:48:31+00:00","description":"Masz k\u0142opoty snem lub z zasypianiem? Koniecznie wypr\u00f3buj nasz zestaw na problemy ze snem! Duet naturalnych suplement\u00f3w pomo\u017ce Ci od pierwszego u\u017cycia","breadcrumb":{"@id":"https:\/\/dev.hempking.eu\/pl\/zestaw-na-problemy-ze-snem\/#breadcrumb"},"inLanguage":"pl-PL","potentialAction":[{"@type":"ReadAction","target":["https:\/\/dev.hempking.eu\/pl\/zestaw-na-problemy-ze-snem\/"]}]},{"@type":"ImageObject","inLanguage":"pl-PL","@id":"https:\/\/dev.hempking.eu\/pl\/zestaw-na-problemy-ze-snem\/#primaryimage","url":"https:\/\/dev.hempking.eu\/pl\/wp-content\/uploads\/sites\/2\/2022\/12\/1000x1000_zestaw_swiateczny_3_bez-1.jpg","contentUrl":"https:\/\/dev.hempking.eu\/pl\/wp-content\/uploads\/sites\/2\/2022\/12\/1000x1000_zestaw_swiateczny_3_bez-1.jpg","width":1000,"height":1000,"caption":"zestaw na problemy ze snem"},{"@type":"BreadcrumbList","@id":"https:\/\/dev.hempking.eu\/pl\/zestaw-na-problemy-ze-snem\/#breadcrumb","itemListElement":[{"@type":"ListItem","position":1,"name":"Home","item":"https:\/\/dev.hempking.eu\/pl\/"},{"@type":"ListItem","position":2,"name":"Sklep","item":"https:\/\/dev.hempking.eu\/pl\/shop\/"},{"@type":"ListItem","position":3,"name":"Zestawy","item":"https:\/\/dev.hempking.eu\/pl\/zestawy\/"},{"@type":"ListItem","position":4,"name":"Zestaw na problemy ze snem"}]},{"@type":"WebSite","@id":"https:\/\/dev.hempking.eu\/pl\/#website","url":"https:\/\/dev.hempking.eu\/pl\/","name":"Hemp King","description":"","publisher":{"@id":"https:\/\/dev.hempking.eu\/pl\/#organization"},"potentialAction":[{"@type":"SearchAction","target":{"@type":"EntryPoint","urlTemplate":"https:\/\/dev.hempking.eu\/pl\/?s={search_term_string}"},"query-input":{"@type":"PropertyValueSpecification","valueRequired":true,"valueName":"search_term_string"}}],"inLanguage":"pl-PL"},{"@type":"Organization","@id":"https:\/\/dev.hempking.eu\/pl\/#organization","name":"Hemp King","url":"https:\/\/dev.hempking.eu\/pl\/","logo":{"@type":"ImageObject","inLanguage":"pl-PL","@id":"https:\/\/dev.hempking.eu\/pl\/#\/schema\/logo\/image\/","url":"https:\/\/dev.hempking.eu\/pl\/wp-content\/uploads\/sites\/2\/2020\/05\/hempking.png","contentUrl":"https:\/\/dev.hempking.eu\/pl\/wp-content\/uploads\/sites\/2\/2020\/05\/hempking.png","width":148,"height":91,"caption":"Hemp King"},"image":{"@id":"https:\/\/dev.hempking.eu\/pl\/#\/schema\/logo\/image\/"},"sameAs":["https:\/\/www.facebook.com\/hempkingpoland","https:\/\/x.com\/hempkingeu","https:\/\/www.instagram.com\/hempkingeu\/","https:\/\/www.linkedin.com\/company\/hempking-eu\/mycompany\/","https:\/\/pl.pinterest.com\/hempkingeu\/","https:\/\/www.youtube.com\/channel\/UCUkeZA1fj4hSZfoYm0WpZ7w"]}]},"product_price_amount":"100.42","product_price_currency":"PLN","og_availability":"instock","product_availability":"instock","product_condition":"new"},"_links":{"self":[{"href":"https:\/\/dev.hempking.eu\/pl\/wp-json\/wp\/v2\/product\/115777","targetHints":{"allow":["GET"]}}],"collection":[{"href":"https:\/\/dev.hempking.eu\/pl\/wp-json\/wp\/v2\/product"}],"about":[{"href":"https:\/\/dev.hempking.eu\/pl\/wp-json\/wp\/v2\/types\/product"}],"wp:featuredmedia":[{"embeddable":true,"href":"https:\/\/dev.hempking.eu\/pl\/wp-json\/wp\/v2\/media\/124019"}],"wp:attachment":[{"href":"https:\/\/dev.hempking.eu\/pl\/wp-json\/wp\/v2\/media?parent=115777"}],"wp:term":[{"taxonomy":"product_cat","embeddable":true,"href":"https:\/\/dev.hempking.eu\/pl\/wp-json\/wp\/v2\/product_cat?post=115777"},{"taxonomy":"product_tag","embeddable":true,"href":"https:\/\/dev.hempking.eu\/pl\/wp-json\/wp\/v2\/product_tag?post=115777"}],"curies":[{"name":"wp","href":"https:\/\/api.w.org\/{rel}","templated":true}]}}