{"id":115783,"date":"2022-12-01T08:50:22","date_gmt":"2022-12-01T07:50:22","guid":{"rendered":"https:\/\/hempking.eu\/pl\/?post_type=product&#038;p=115783"},"modified":"2023-05-23T14:09:02","modified_gmt":"2023-05-23T12:09:02","slug":"zestaw-dla-mezczyzn","status":"publish","type":"product","link":"https:\/\/dev.hempking.eu\/pl\/zestaw-dla-mezczyzn\/","title":{"rendered":"Zestaw dla m\u0119\u017cczyzn"},"content":{"rendered":"<p><span style=\"font-weight: 400;\">Idealny zestaw dla ka\u017cdego Pana! Mi\u0119towy m\u0119ski dezodorant w kremie, daj\u0105cy poczucie \u015bwie\u017co\u015bci w ka\u017cdej sytuacji oraz grzyby witalne cordyceps &#8211; daj\u0105ce wzmocnienie. Wyj\u0105tkowa para produkt\u00f3w, kt\u00f3ra \u015bwietnie sprawdzi si\u0119 jako trafiony prezent od Miko\u0142aja, pod choink\u0119, z okazji urodzin czy z ka\u017cdej innej okazji (lub nawet bez okazji!).\u00a0<\/span><\/p>\n<h2><span style=\"font-weight: 400;\">Cordyceps &#8211; na wzmocnienie dla Pan\u00f3w<\/span><\/h2>\n<p><span style=\"font-weight: 400;\">Kordyceps to grzyb chi\u0144ski znany z tradycyjnej medycyny chi\u0144skiej. W przypadku cordycepsu marki Biowen, to wyj\u0105tkowy produkt zamkni\u0119ty w wega\u0144skiej kapsu\u0142ce &#8211; dla \u0142atwego stosowania! To standaryzowany suplement na 40% polisacharyd\u00f3w, 8% mannitolu oraz 0,2% adenozyny, wysokiej jako\u015bci i z wyj\u0105tkowo czystym sk\u0142adem! Nie zawiera \u017cadnych zb\u0119dnych dodatk\u00f3w, laktozy czy glutenu. A dzia\u0142anie tego grzyba witalnego jest wzmacniane przez ekstrakt z pieprzu czarnego BioPerine\u00ae. Ten ekstrakt dodaje r\u00f3wnie\u017c dodatkowych w\u0142a\u015bciwo\u015bci temu produktowi!\u00a0<\/span><\/p>\n<p><span style=\"font-weight: 400;\">Polisacharydy zawarte w tym suplemencie s\u0105 w idealnych proporcjach do reszty substancji zawartych w grzybach witalnych. Dzi\u0119ki temu masz pewno\u015b\u0107, \u017ce si\u0119gasz po skuteczny i wyj\u0105tkowy produkt, kt\u00f3ry mo\u017ce wesprze\u0107 Tw\u00f3j organizm w naturalny i bezpieczny spos\u00f3b. W szklanym s\u0142oiku ze stalow\u0105 nakr\u0119tk\u0105 znajdziesz 90 kapsu\u0142ek. Opakowanie wystarczy na 3 miesi\u0105ce suplementacji!<\/span><\/p>\n<h2><span style=\"font-weight: 400;\">Mi\u0119towy m\u0119ski dezodorant<\/span><\/h2>\n<p><span style=\"font-weight: 400;\">Konopny dezodorant w kremie to zdecydowanie pere\u0142ka kosmetyczna w\u015br\u00f3d innego tego typu produkt\u00f3w. Oparty na naturalnych sk\u0142adnikach dezodoryzuj\u0105cych, jak soda czy tapioka, pachn\u0105cy \u015bwie\u017c\u0105 mi\u0119t\u0105 pieprzow\u0105, sprawia, \u017ce w ka\u017cdych warunkach mo\u017cna czu\u0107 si\u0119 \u015bwie\u017co! Za spraw\u0105 swojej kremowej formu\u0142y i pudrowego wyko\u0144czenia po na\u0142o\u017ceniu na sk\u00f3r\u0119 nie sp\u0142ywa, daje uczucie sucho\u015bci i skutecznie chroni przed przykrymi zapachami.\u00a0<\/span><\/p>\n<p><span style=\"font-weight: 400;\">Ten niepozorny s\u0142oiczek skrywa w sobie ogromn\u0105 \u015bwie\u017co\u015b\u0107 prosto z natury!\u00a0<\/span><\/p>\n","protected":false},"excerpt":{"rendered":"<h2>Zestaw zawiera:<\/h2>\n<ul>\n<li><a href=\"https:\/\/dev.hempking.eu\/pl\/naturalny-dezodorant-konopny-dla-mezczyzn-z-cbd-i-mieta-pieprzowa\/\" target=\"_blank\" rel=\"noopener\">Naturalny dezodorant z CBD dla m\u0119\u017cczyzn<\/a> \u2013 65g &#8211; <strong>50.90 z\u0142<\/strong><\/li>\n<li><a href=\"https:\/\/dev.hempking.eu\/pl\/ekstrakt-z-cordyceps-sinensis-cs-4-400-mg-40-polisacharydow-8-mannitolu-oraz-0-2-adenozyny-kapsulki\/\" target=\"_blank\" rel=\"noopener\">Ekstrakt z Cordyceps Sinensis (CS-4<\/a>) 400 mg &#8211; 90 kaps\u2013 <strong>66.90 z\u0142<\/strong><\/li>\n<\/ul>\n<p><strong>Kupuj\u0105c w zestawie oszcz\u0119dzasz 20%!<\/strong><\/p>\n","protected":false},"featured_media":124027,"template":"","meta":{"_acf_changed":false},"product_cat":[28,33,152,151],"product_tag":[],"class_list":{"0":"post-115783","1":"product","2":"type-product","3":"status-publish","4":"has-post-thumbnail","6":"product_cat-kosmetyki-konopne","7":"product_cat-zestawy","8":"product_cat-zestawy-prezentowe","9":"product_cat-zestawy-dla-mezczyzn","11":"first","12":"instock","13":"sale","14":"shipping-taxable","15":"purchasable","16":"product-type-simple"},"acf":[],"yoast_head":"<!-- This site is optimized with the Yoast SEO Premium plugin v23.4 (Yoast SEO v24.0) - https:\/\/yoast.com\/wordpress\/plugins\/seo\/ -->\n<title>Zestaw dla m\u0119\u017cczyzn - Hemp King<\/title>\n<meta name=\"description\" content=\"Sprawd\u017a koniecznie jaki zestaw dla m\u0119\u017cczyzn przygotowali\u015bmy! Podaruj go bliskiemu m\u0119\u017cczy\u017anie lub kupuj w pakiecie, by oszcz\u0119dzi\u0107 ponad 20%\" \/>\n<link rel=\"canonical\" href=\"https:\/\/dev.hempking.eu\/pl\/zestaw-dla-mezczyzn\/\" \/>\n<meta property=\"og:locale\" content=\"pl_PL\" \/>\n<meta property=\"og:type\" content=\"article\" \/>\n<meta property=\"og:title\" content=\"Zestaw dla m\u0119\u017cczyzn\" \/>\n<meta property=\"og:description\" content=\"Sprawd\u017a koniecznie jaki zestaw dla m\u0119\u017cczyzn przygotowali\u015bmy! Podaruj go bliskiemu m\u0119\u017cczy\u017anie lub kupuj w pakiecie, by oszcz\u0119dzi\u0107 ponad 20%\" \/>\n<meta property=\"og:url\" content=\"https:\/\/dev.hempking.eu\/pl\/zestaw-dla-mezczyzn\/\" \/>\n<meta property=\"og:site_name\" content=\"Hemp King\" \/>\n<meta property=\"article:publisher\" content=\"https:\/\/www.facebook.com\/hempkingpoland\" \/>\n<meta property=\"article:modified_time\" content=\"2023-05-23T12:09:02+00:00\" \/>\n<meta property=\"og:image\" content=\"https:\/\/dev.hempking.eu\/pl\/wp-content\/uploads\/sites\/2\/2022\/12\/zestaw-prezentowy-dla-me\u0328z\u0307czyzn.jpg\" \/>\n\t<meta property=\"og:image:width\" content=\"1000\" \/>\n\t<meta property=\"og:image:height\" content=\"1000\" \/>\n\t<meta property=\"og:image:type\" content=\"image\/jpeg\" \/>\n<meta name=\"twitter:card\" content=\"summary_large_image\" \/>\n<meta name=\"twitter:site\" content=\"@hempkingeu\" \/>\n<meta name=\"twitter:label1\" content=\"Price\" \/>\n\t<meta name=\"twitter:data1\" content=\"94.24&nbsp;&#122;&#322;\" \/>\n\t<meta name=\"twitter:label2\" content=\"Availability\" \/>\n\t<meta name=\"twitter:data2\" content=\"In stock\" \/>\n<script type=\"application\/ld+json\" class=\"yoast-schema-graph\">{\"@context\":\"https:\/\/schema.org\",\"@graph\":[{\"@type\":\"WebPage\",\"@id\":\"https:\/\/dev.hempking.eu\/pl\/zestaw-dla-mezczyzn\/\",\"url\":\"https:\/\/dev.hempking.eu\/pl\/zestaw-dla-mezczyzn\/\",\"name\":\"Zestaw dla m\u0119\u017cczyzn - Hemp King\",\"isPartOf\":{\"@id\":\"https:\/\/dev.hempking.eu\/pl\/#website\"},\"primaryImageOfPage\":{\"@id\":\"https:\/\/dev.hempking.eu\/pl\/zestaw-dla-mezczyzn\/#primaryimage\"},\"image\":{\"@id\":\"https:\/\/dev.hempking.eu\/pl\/zestaw-dla-mezczyzn\/#primaryimage\"},\"thumbnailUrl\":\"https:\/\/dev.hempking.eu\/pl\/wp-content\/uploads\/sites\/2\/2022\/12\/zestaw-prezentowy-dla-me\u0328z\u0307czyzn.jpg\",\"datePublished\":\"2022-12-01T07:50:22+00:00\",\"dateModified\":\"2023-05-23T12:09:02+00:00\",\"description\":\"Sprawd\u017a koniecznie jaki zestaw dla m\u0119\u017cczyzn przygotowali\u015bmy! Podaruj go bliskiemu m\u0119\u017cczy\u017anie lub kupuj w pakiecie, by oszcz\u0119dzi\u0107 ponad 20%\",\"breadcrumb\":{\"@id\":\"https:\/\/dev.hempking.eu\/pl\/zestaw-dla-mezczyzn\/#breadcrumb\"},\"inLanguage\":\"pl-PL\",\"potentialAction\":[{\"@type\":\"ReadAction\",\"target\":[\"https:\/\/dev.hempking.eu\/pl\/zestaw-dla-mezczyzn\/\"]}]},{\"@type\":\"ImageObject\",\"inLanguage\":\"pl-PL\",\"@id\":\"https:\/\/dev.hempking.eu\/pl\/zestaw-dla-mezczyzn\/#primaryimage\",\"url\":\"https:\/\/dev.hempking.eu\/pl\/wp-content\/uploads\/sites\/2\/2022\/12\/zestaw-prezentowy-dla-me\u0328z\u0307czyzn.jpg\",\"contentUrl\":\"https:\/\/dev.hempking.eu\/pl\/wp-content\/uploads\/sites\/2\/2022\/12\/zestaw-prezentowy-dla-me\u0328z\u0307czyzn.jpg\",\"width\":1000,\"height\":1000,\"caption\":\"zestaw prezentowy dla m\u0119\u017cczyzn\"},{\"@type\":\"BreadcrumbList\",\"@id\":\"https:\/\/dev.hempking.eu\/pl\/zestaw-dla-mezczyzn\/#breadcrumb\",\"itemListElement\":[{\"@type\":\"ListItem\",\"position\":1,\"name\":\"Home\",\"item\":\"https:\/\/dev.hempking.eu\/pl\/\"},{\"@type\":\"ListItem\",\"position\":2,\"name\":\"Sklep\",\"item\":\"https:\/\/dev.hempking.eu\/pl\/shop\/\"},{\"@type\":\"ListItem\",\"position\":3,\"name\":\"Zestawy\",\"item\":\"https:\/\/dev.hempking.eu\/pl\/zestawy\/\"},{\"@type\":\"ListItem\",\"position\":4,\"name\":\"Zestaw dla m\u0119\u017cczyzn\"}]},{\"@type\":\"WebSite\",\"@id\":\"https:\/\/dev.hempking.eu\/pl\/#website\",\"url\":\"https:\/\/dev.hempking.eu\/pl\/\",\"name\":\"Hemp King\",\"description\":\"\",\"publisher\":{\"@id\":\"https:\/\/dev.hempking.eu\/pl\/#organization\"},\"potentialAction\":[{\"@type\":\"SearchAction\",\"target\":{\"@type\":\"EntryPoint\",\"urlTemplate\":\"https:\/\/dev.hempking.eu\/pl\/?s={search_term_string}\"},\"query-input\":{\"@type\":\"PropertyValueSpecification\",\"valueRequired\":true,\"valueName\":\"search_term_string\"}}],\"inLanguage\":\"pl-PL\"},{\"@type\":\"Organization\",\"@id\":\"https:\/\/dev.hempking.eu\/pl\/#organization\",\"name\":\"Hemp King\",\"url\":\"https:\/\/dev.hempking.eu\/pl\/\",\"logo\":{\"@type\":\"ImageObject\",\"inLanguage\":\"pl-PL\",\"@id\":\"https:\/\/dev.hempking.eu\/pl\/#\/schema\/logo\/image\/\",\"url\":\"https:\/\/dev.hempking.eu\/pl\/wp-content\/uploads\/sites\/2\/2020\/05\/hempking.png\",\"contentUrl\":\"https:\/\/dev.hempking.eu\/pl\/wp-content\/uploads\/sites\/2\/2020\/05\/hempking.png\",\"width\":148,\"height\":91,\"caption\":\"Hemp King\"},\"image\":{\"@id\":\"https:\/\/dev.hempking.eu\/pl\/#\/schema\/logo\/image\/\"},\"sameAs\":[\"https:\/\/www.facebook.com\/hempkingpoland\",\"https:\/\/x.com\/hempkingeu\",\"https:\/\/www.instagram.com\/hempkingeu\/\",\"https:\/\/www.linkedin.com\/company\/hempking-eu\/mycompany\/\",\"https:\/\/pl.pinterest.com\/hempkingeu\/\",\"https:\/\/www.youtube.com\/channel\/UCUkeZA1fj4hSZfoYm0WpZ7w\"]}]}<\/script>\n<meta property=\"product:price:amount\" content=\"94.24\" \/>\n<meta property=\"product:price:currency\" content=\"PLN\" \/>\n<meta property=\"og:availability\" content=\"instock\" \/>\n<meta property=\"product:availability\" content=\"instock\" \/>\n<meta property=\"product:condition\" content=\"new\" \/>\n<!-- \/ Yoast SEO Premium plugin. -->","yoast_head_json":{"title":"Zestaw dla m\u0119\u017cczyzn - Hemp King","description":"Sprawd\u017a koniecznie jaki zestaw dla m\u0119\u017cczyzn przygotowali\u015bmy! Podaruj go bliskiemu m\u0119\u017cczy\u017anie lub kupuj w pakiecie, by oszcz\u0119dzi\u0107 ponad 20%","canonical":"https:\/\/dev.hempking.eu\/pl\/zestaw-dla-mezczyzn\/","og_locale":"pl_PL","og_type":"article","og_title":"Zestaw dla m\u0119\u017cczyzn","og_description":"Sprawd\u017a koniecznie jaki zestaw dla m\u0119\u017cczyzn przygotowali\u015bmy! Podaruj go bliskiemu m\u0119\u017cczy\u017anie lub kupuj w pakiecie, by oszcz\u0119dzi\u0107 ponad 20%","og_url":"https:\/\/dev.hempking.eu\/pl\/zestaw-dla-mezczyzn\/","og_site_name":"Hemp King","article_publisher":"https:\/\/www.facebook.com\/hempkingpoland","article_modified_time":"2023-05-23T12:09:02+00:00","og_image":[{"width":1000,"height":1000,"url":"https:\/\/dev.hempking.eu\/pl\/wp-content\/uploads\/sites\/2\/2022\/12\/zestaw-prezentowy-dla-me\u0328z\u0307czyzn.jpg","type":"image\/jpeg"}],"twitter_card":"summary_large_image","twitter_site":"@hempkingeu","twitter_misc":{"Price":"94.24&nbsp;&#122;&#322;","Availability":"In stock"},"schema":{"@context":"https:\/\/schema.org","@graph":[{"@type":"WebPage","@id":"https:\/\/dev.hempking.eu\/pl\/zestaw-dla-mezczyzn\/","url":"https:\/\/dev.hempking.eu\/pl\/zestaw-dla-mezczyzn\/","name":"Zestaw dla m\u0119\u017cczyzn - Hemp King","isPartOf":{"@id":"https:\/\/dev.hempking.eu\/pl\/#website"},"primaryImageOfPage":{"@id":"https:\/\/dev.hempking.eu\/pl\/zestaw-dla-mezczyzn\/#primaryimage"},"image":{"@id":"https:\/\/dev.hempking.eu\/pl\/zestaw-dla-mezczyzn\/#primaryimage"},"thumbnailUrl":"https:\/\/dev.hempking.eu\/pl\/wp-content\/uploads\/sites\/2\/2022\/12\/zestaw-prezentowy-dla-me\u0328z\u0307czyzn.jpg","datePublished":"2022-12-01T07:50:22+00:00","dateModified":"2023-05-23T12:09:02+00:00","description":"Sprawd\u017a koniecznie jaki zestaw dla m\u0119\u017cczyzn przygotowali\u015bmy! Podaruj go bliskiemu m\u0119\u017cczy\u017anie lub kupuj w pakiecie, by oszcz\u0119dzi\u0107 ponad 20%","breadcrumb":{"@id":"https:\/\/dev.hempking.eu\/pl\/zestaw-dla-mezczyzn\/#breadcrumb"},"inLanguage":"pl-PL","potentialAction":[{"@type":"ReadAction","target":["https:\/\/dev.hempking.eu\/pl\/zestaw-dla-mezczyzn\/"]}]},{"@type":"ImageObject","inLanguage":"pl-PL","@id":"https:\/\/dev.hempking.eu\/pl\/zestaw-dla-mezczyzn\/#primaryimage","url":"https:\/\/dev.hempking.eu\/pl\/wp-content\/uploads\/sites\/2\/2022\/12\/zestaw-prezentowy-dla-me\u0328z\u0307czyzn.jpg","contentUrl":"https:\/\/dev.hempking.eu\/pl\/wp-content\/uploads\/sites\/2\/2022\/12\/zestaw-prezentowy-dla-me\u0328z\u0307czyzn.jpg","width":1000,"height":1000,"caption":"zestaw prezentowy dla m\u0119\u017cczyzn"},{"@type":"BreadcrumbList","@id":"https:\/\/dev.hempking.eu\/pl\/zestaw-dla-mezczyzn\/#breadcrumb","itemListElement":[{"@type":"ListItem","position":1,"name":"Home","item":"https:\/\/dev.hempking.eu\/pl\/"},{"@type":"ListItem","position":2,"name":"Sklep","item":"https:\/\/dev.hempking.eu\/pl\/shop\/"},{"@type":"ListItem","position":3,"name":"Zestawy","item":"https:\/\/dev.hempking.eu\/pl\/zestawy\/"},{"@type":"ListItem","position":4,"name":"Zestaw dla m\u0119\u017cczyzn"}]},{"@type":"WebSite","@id":"https:\/\/dev.hempking.eu\/pl\/#website","url":"https:\/\/dev.hempking.eu\/pl\/","name":"Hemp King","description":"","publisher":{"@id":"https:\/\/dev.hempking.eu\/pl\/#organization"},"potentialAction":[{"@type":"SearchAction","target":{"@type":"EntryPoint","urlTemplate":"https:\/\/dev.hempking.eu\/pl\/?s={search_term_string}"},"query-input":{"@type":"PropertyValueSpecification","valueRequired":true,"valueName":"search_term_string"}}],"inLanguage":"pl-PL"},{"@type":"Organization","@id":"https:\/\/dev.hempking.eu\/pl\/#organization","name":"Hemp King","url":"https:\/\/dev.hempking.eu\/pl\/","logo":{"@type":"ImageObject","inLanguage":"pl-PL","@id":"https:\/\/dev.hempking.eu\/pl\/#\/schema\/logo\/image\/","url":"https:\/\/dev.hempking.eu\/pl\/wp-content\/uploads\/sites\/2\/2020\/05\/hempking.png","contentUrl":"https:\/\/dev.hempking.eu\/pl\/wp-content\/uploads\/sites\/2\/2020\/05\/hempking.png","width":148,"height":91,"caption":"Hemp King"},"image":{"@id":"https:\/\/dev.hempking.eu\/pl\/#\/schema\/logo\/image\/"},"sameAs":["https:\/\/www.facebook.com\/hempkingpoland","https:\/\/x.com\/hempkingeu","https:\/\/www.instagram.com\/hempkingeu\/","https:\/\/www.linkedin.com\/company\/hempking-eu\/mycompany\/","https:\/\/pl.pinterest.com\/hempkingeu\/","https:\/\/www.youtube.com\/channel\/UCUkeZA1fj4hSZfoYm0WpZ7w"]}]},"product_price_amount":"94.24","product_price_currency":"PLN","og_availability":"instock","product_availability":"instock","product_condition":"new"},"_links":{"self":[{"href":"https:\/\/dev.hempking.eu\/pl\/wp-json\/wp\/v2\/product\/115783","targetHints":{"allow":["GET"]}}],"collection":[{"href":"https:\/\/dev.hempking.eu\/pl\/wp-json\/wp\/v2\/product"}],"about":[{"href":"https:\/\/dev.hempking.eu\/pl\/wp-json\/wp\/v2\/types\/product"}],"wp:featuredmedia":[{"embeddable":true,"href":"https:\/\/dev.hempking.eu\/pl\/wp-json\/wp\/v2\/media\/124027"}],"wp:attachment":[{"href":"https:\/\/dev.hempking.eu\/pl\/wp-json\/wp\/v2\/media?parent=115783"}],"wp:term":[{"taxonomy":"product_cat","embeddable":true,"href":"https:\/\/dev.hempking.eu\/pl\/wp-json\/wp\/v2\/product_cat?post=115783"},{"taxonomy":"product_tag","embeddable":true,"href":"https:\/\/dev.hempking.eu\/pl\/wp-json\/wp\/v2\/product_tag?post=115783"}],"curies":[{"name":"wp","href":"https:\/\/api.w.org\/{rel}","templated":true}]}}