{"id":115786,"date":"2022-12-01T08:53:49","date_gmt":"2022-12-01T07:53:49","guid":{"rendered":"https:\/\/hempking.eu\/pl\/?post_type=product&#038;p=115786"},"modified":"2023-05-19T13:46:50","modified_gmt":"2023-05-19T11:46:50","slug":"zestaw-na-uspokojenie","status":"publish","type":"product","link":"https:\/\/dev.hempking.eu\/pl\/zestaw-na-uspokojenie\/","title":{"rendered":"Zestaw na uspokojenie"},"content":{"rendered":"<p><span style=\"font-weight: 400;\">Ka\u017cdy z nas potrzebuje czasem wsparcia w relaksie, osi\u0105gni\u0119cia spokoju czy wyciszeniu si\u0119 przed snem. Zw\u0142aszcza, gdy na co dzie\u0144 prowadzimy stresuj\u0105cy, wymagaj\u0105cy styl \u017cycia, mamy du\u017co obowi\u0105zk\u00f3w, wiele zada\u0144 na swojej li\u015bcie do wykonania! Zestaw na uspokojenie sk\u0142ada si\u0119 z dw\u00f3ch czo\u0142owych produkt\u00f3w Hempking, kt\u00f3re pomog\u0105 \u0142atwiej si\u0119 odpr\u0119\u017cy\u0107, zrelaksowa\u0107 i na koniec dnia szybciej zasn\u0105\u0107, by m\u00f3c jak najwi\u0119cej czerpa\u0107 z nocnej regeneracji! Mowa tu o pysznej herbatce Uspokojenie, kt\u00f3ra \u0142\u0105czy w sobie moc zi\u00f3\u0142 i konopi oraz kapsu\u0142ek Good Sleep &#8211; kt\u00f3re w sk\u0142adzie zawieraj\u0105 a\u017c 8 substancji aktywnych wspieraj\u0105cych zdrowy sen!\u00a0<\/span><\/p>\n<h2><span style=\"font-weight: 400;\">Good Sleep &#8211; spos\u00f3b na spok\u00f3j<\/span><\/h2>\n<p><span style=\"font-weight: 400;\">G\u0142\u00f3wnym zadaniem kapsu\u0142ek Good Sleep jest wyciszenie, uspokojenie i w efekcie pomoc w szybszym za\u015bni\u0119ciu oraz utrzymaniu zdrowego snu przez ca\u0142\u0105 noc! Zawieraj\u0105 a\u017c 8 substancji aktywnych, kt\u00f3re dzia\u0142aj\u0105 na sen: lawend\u0119, walerian\u0119, m\u0119czennic\u0119, l-teanin\u0119, konopie (w tym CBD i CBN w standaryzowanych ilo\u015bciach), GABA, melatonin\u0119 oraz ekstrakt z pieprzu czarnego. Wystarczy ju\u017c jedna kapsu\u0142ka przed snem, by wesprze\u0107 zdrowy sen, pe\u0142en regeneracji i wypoczynku!\u00a0<\/span><\/p>\n<p><span style=\"font-weight: 400;\">Standaryzowane ekstrakty ro\u015blinne wraz z podanym DER to gwarancja, \u017ce wybierasz produkt wysokiej jako\u015bci!<\/span><\/p>\n<h2><span style=\"font-weight: 400;\">Herbatka na uspokojenie z melis\u0105 i konopiami<\/span><\/h2>\n<p><span style=\"font-weight: 400;\">Czy mo\u017ce by\u0107 co\u015b bardziej relaksuj\u0105cego, ni\u017c wiecz\u00f3r z kubkiem dobrej herbatki? No jasne! Wiecz\u00f3r z kubkiem herbatki ze sk\u0142adnik\u00f3w specjalnie skomponowanych po to, by da\u0107 maksimum uspokojenia w naturalny spos\u00f3b! Konopie, melisa, lawenda, chmiel i m\u0119czennica to zestaw ro\u015blin, kt\u00f3re wspieraj\u0105 Tw\u00f3j uk\u0142ad nerwowy w naturalny i bezpieczny spos\u00f3b. Kubek herbatki na uspokojenie wspiera procesy poznawcze (dzi\u0119ki melisie), wspiera sen (dzi\u0119ki lawendzie), koi i uspokaja (za spraw\u0105 szyszek chmielu) i dzia\u0142a jak zio\u0142owy lek uspokajaj\u0105cy (dzi\u0119ki zawarto\u015bci m\u0119czennicy)!\u00a0<\/span><\/p>\n","protected":false},"excerpt":{"rendered":"<h2>Zestaw zawiera:<\/h2>\n<ul>\n<li><a href=\"https:\/\/dev.hempking.eu\/pl\/herbatka-konopna-na-uspokojenie-40g\/\" target=\"_blank\" rel=\"noopener\">Herbatka konopna na uspokojenie<\/a> &#8211; 40g \u2013 <strong>36.90 z\u0142<\/strong><\/li>\n<li>Good Sleep &#8211; kapsu\u0142ki na sen 15 szt. \u2013 <strong>24.90 z\u0142<\/strong><\/li>\n<\/ul>\n<p><strong>Kupuj\u0105c w zestawie oszcz\u0119dzasz 20%!<\/strong><\/p>\n","protected":false},"featured_media":124020,"template":"","meta":{"_acf_changed":false},"product_cat":[33,152,144,147,149],"product_tag":[],"class_list":{"0":"post-115786","1":"product","2":"type-product","3":"status-publish","4":"has-post-thumbnail","6":"product_cat-zestawy","7":"product_cat-zestawy-prezentowe","8":"product_cat-suplementy-i-preparaty-na-dolegliwosci","9":"product_cat-suplementy-i-preparaty-na-bezsennosc","10":"product_cat-suplementy-i-preparaty-na-uspokojenie","12":"first","13":"instock","14":"sale","15":"shipping-taxable","16":"purchasable","17":"product-type-simple"},"acf":[],"yoast_head":"<!-- This site is optimized with the Yoast SEO Premium plugin v23.4 (Yoast SEO v24.0) - https:\/\/yoast.com\/wordpress\/plugins\/seo\/ -->\n<title>Zestaw na uspokojenie - Hemp King<\/title>\n<meta name=\"description\" content=\"Zobacz \u261b Zestaw na uspokojenie w konopnym sklepie HempKing \u2705100% naturalne \u2705 Zadbaj z nami o swoj\u0105 diet\u0119!\" \/>\n<link rel=\"canonical\" href=\"https:\/\/dev.hempking.eu\/pl\/zestaw-na-uspokojenie\/\" \/>\n<meta property=\"og:locale\" content=\"pl_PL\" \/>\n<meta property=\"og:type\" content=\"article\" \/>\n<meta property=\"og:title\" content=\"Zestaw na uspokojenie\" \/>\n<meta property=\"og:description\" content=\"Zobacz \u261b Zestaw na uspokojenie w konopnym sklepie HempKing \u2705100% naturalne \u2705 Zadbaj z nami o swoj\u0105 diet\u0119!\" \/>\n<meta property=\"og:url\" content=\"https:\/\/dev.hempking.eu\/pl\/zestaw-na-uspokojenie\/\" \/>\n<meta property=\"og:site_name\" content=\"Hemp King\" \/>\n<meta property=\"article:publisher\" content=\"https:\/\/www.facebook.com\/hempkingpoland\" \/>\n<meta property=\"article:modified_time\" content=\"2023-05-19T11:46:50+00:00\" \/>\n<meta property=\"og:image\" content=\"https:\/\/dev.hempking.eu\/pl\/wp-content\/uploads\/sites\/2\/2022\/12\/zestaw-suplemento\u0301w-na-uspokojenie.jpg\" \/>\n\t<meta property=\"og:image:width\" content=\"1000\" \/>\n\t<meta property=\"og:image:height\" content=\"1000\" \/>\n\t<meta property=\"og:image:type\" content=\"image\/jpeg\" \/>\n<meta name=\"twitter:card\" content=\"summary_large_image\" \/>\n<meta name=\"twitter:site\" content=\"@hempkingeu\" \/>\n<meta name=\"twitter:label1\" content=\"Price\" \/>\n\t<meta name=\"twitter:data1\" content=\"49.44&nbsp;&#122;&#322;\" \/>\n\t<meta name=\"twitter:label2\" content=\"Availability\" \/>\n\t<meta name=\"twitter:data2\" content=\"In stock\" \/>\n<script type=\"application\/ld+json\" class=\"yoast-schema-graph\">{\"@context\":\"https:\/\/schema.org\",\"@graph\":[{\"@type\":\"WebPage\",\"@id\":\"https:\/\/dev.hempking.eu\/pl\/zestaw-na-uspokojenie\/\",\"url\":\"https:\/\/dev.hempking.eu\/pl\/zestaw-na-uspokojenie\/\",\"name\":\"Zestaw na uspokojenie - Hemp King\",\"isPartOf\":{\"@id\":\"https:\/\/dev.hempking.eu\/pl\/#website\"},\"primaryImageOfPage\":{\"@id\":\"https:\/\/dev.hempking.eu\/pl\/zestaw-na-uspokojenie\/#primaryimage\"},\"image\":{\"@id\":\"https:\/\/dev.hempking.eu\/pl\/zestaw-na-uspokojenie\/#primaryimage\"},\"thumbnailUrl\":\"https:\/\/dev.hempking.eu\/pl\/wp-content\/uploads\/sites\/2\/2022\/12\/zestaw-suplemento\u0301w-na-uspokojenie.jpg\",\"datePublished\":\"2022-12-01T07:53:49+00:00\",\"dateModified\":\"2023-05-19T11:46:50+00:00\",\"description\":\"Zobacz \u261b Zestaw na uspokojenie w konopnym sklepie HempKing \u2705100% naturalne \u2705 Zadbaj z nami o swoj\u0105 diet\u0119!\",\"breadcrumb\":{\"@id\":\"https:\/\/dev.hempking.eu\/pl\/zestaw-na-uspokojenie\/#breadcrumb\"},\"inLanguage\":\"pl-PL\",\"potentialAction\":[{\"@type\":\"ReadAction\",\"target\":[\"https:\/\/dev.hempking.eu\/pl\/zestaw-na-uspokojenie\/\"]}]},{\"@type\":\"ImageObject\",\"inLanguage\":\"pl-PL\",\"@id\":\"https:\/\/dev.hempking.eu\/pl\/zestaw-na-uspokojenie\/#primaryimage\",\"url\":\"https:\/\/dev.hempking.eu\/pl\/wp-content\/uploads\/sites\/2\/2022\/12\/zestaw-suplemento\u0301w-na-uspokojenie.jpg\",\"contentUrl\":\"https:\/\/dev.hempking.eu\/pl\/wp-content\/uploads\/sites\/2\/2022\/12\/zestaw-suplemento\u0301w-na-uspokojenie.jpg\",\"width\":1000,\"height\":1000,\"caption\":\"zestaw suplement\u00f3w na uspokojenie\"},{\"@type\":\"BreadcrumbList\",\"@id\":\"https:\/\/dev.hempking.eu\/pl\/zestaw-na-uspokojenie\/#breadcrumb\",\"itemListElement\":[{\"@type\":\"ListItem\",\"position\":1,\"name\":\"Home\",\"item\":\"https:\/\/dev.hempking.eu\/pl\/\"},{\"@type\":\"ListItem\",\"position\":2,\"name\":\"Sklep\",\"item\":\"https:\/\/dev.hempking.eu\/pl\/shop\/\"},{\"@type\":\"ListItem\",\"position\":3,\"name\":\"Zestawy\",\"item\":\"https:\/\/dev.hempking.eu\/pl\/zestawy\/\"},{\"@type\":\"ListItem\",\"position\":4,\"name\":\"Zestaw na uspokojenie\"}]},{\"@type\":\"WebSite\",\"@id\":\"https:\/\/dev.hempking.eu\/pl\/#website\",\"url\":\"https:\/\/dev.hempking.eu\/pl\/\",\"name\":\"Hemp King\",\"description\":\"\",\"publisher\":{\"@id\":\"https:\/\/dev.hempking.eu\/pl\/#organization\"},\"potentialAction\":[{\"@type\":\"SearchAction\",\"target\":{\"@type\":\"EntryPoint\",\"urlTemplate\":\"https:\/\/dev.hempking.eu\/pl\/?s={search_term_string}\"},\"query-input\":{\"@type\":\"PropertyValueSpecification\",\"valueRequired\":true,\"valueName\":\"search_term_string\"}}],\"inLanguage\":\"pl-PL\"},{\"@type\":\"Organization\",\"@id\":\"https:\/\/dev.hempking.eu\/pl\/#organization\",\"name\":\"Hemp King\",\"url\":\"https:\/\/dev.hempking.eu\/pl\/\",\"logo\":{\"@type\":\"ImageObject\",\"inLanguage\":\"pl-PL\",\"@id\":\"https:\/\/dev.hempking.eu\/pl\/#\/schema\/logo\/image\/\",\"url\":\"https:\/\/dev.hempking.eu\/pl\/wp-content\/uploads\/sites\/2\/2020\/05\/hempking.png\",\"contentUrl\":\"https:\/\/dev.hempking.eu\/pl\/wp-content\/uploads\/sites\/2\/2020\/05\/hempking.png\",\"width\":148,\"height\":91,\"caption\":\"Hemp King\"},\"image\":{\"@id\":\"https:\/\/dev.hempking.eu\/pl\/#\/schema\/logo\/image\/\"},\"sameAs\":[\"https:\/\/www.facebook.com\/hempkingpoland\",\"https:\/\/x.com\/hempkingeu\",\"https:\/\/www.instagram.com\/hempkingeu\/\",\"https:\/\/www.linkedin.com\/company\/hempking-eu\/mycompany\/\",\"https:\/\/pl.pinterest.com\/hempkingeu\/\",\"https:\/\/www.youtube.com\/channel\/UCUkeZA1fj4hSZfoYm0WpZ7w\"]}]}<\/script>\n<meta property=\"product:price:amount\" content=\"49.44\" \/>\n<meta property=\"product:price:currency\" content=\"PLN\" \/>\n<meta property=\"og:availability\" content=\"instock\" \/>\n<meta property=\"product:availability\" content=\"instock\" \/>\n<meta property=\"product:condition\" content=\"new\" \/>\n<!-- \/ Yoast SEO Premium plugin. -->","yoast_head_json":{"title":"Zestaw na uspokojenie - Hemp King","description":"Zobacz \u261b Zestaw na uspokojenie w konopnym sklepie HempKing \u2705100% naturalne \u2705 Zadbaj z nami o swoj\u0105 diet\u0119!","canonical":"https:\/\/dev.hempking.eu\/pl\/zestaw-na-uspokojenie\/","og_locale":"pl_PL","og_type":"article","og_title":"Zestaw na uspokojenie","og_description":"Zobacz \u261b Zestaw na uspokojenie w konopnym sklepie HempKing \u2705100% naturalne \u2705 Zadbaj z nami o swoj\u0105 diet\u0119!","og_url":"https:\/\/dev.hempking.eu\/pl\/zestaw-na-uspokojenie\/","og_site_name":"Hemp King","article_publisher":"https:\/\/www.facebook.com\/hempkingpoland","article_modified_time":"2023-05-19T11:46:50+00:00","og_image":[{"width":1000,"height":1000,"url":"https:\/\/dev.hempking.eu\/pl\/wp-content\/uploads\/sites\/2\/2022\/12\/zestaw-suplemento\u0301w-na-uspokojenie.jpg","type":"image\/jpeg"}],"twitter_card":"summary_large_image","twitter_site":"@hempkingeu","twitter_misc":{"Price":"49.44&nbsp;&#122;&#322;","Availability":"In stock"},"schema":{"@context":"https:\/\/schema.org","@graph":[{"@type":"WebPage","@id":"https:\/\/dev.hempking.eu\/pl\/zestaw-na-uspokojenie\/","url":"https:\/\/dev.hempking.eu\/pl\/zestaw-na-uspokojenie\/","name":"Zestaw na uspokojenie - Hemp King","isPartOf":{"@id":"https:\/\/dev.hempking.eu\/pl\/#website"},"primaryImageOfPage":{"@id":"https:\/\/dev.hempking.eu\/pl\/zestaw-na-uspokojenie\/#primaryimage"},"image":{"@id":"https:\/\/dev.hempking.eu\/pl\/zestaw-na-uspokojenie\/#primaryimage"},"thumbnailUrl":"https:\/\/dev.hempking.eu\/pl\/wp-content\/uploads\/sites\/2\/2022\/12\/zestaw-suplemento\u0301w-na-uspokojenie.jpg","datePublished":"2022-12-01T07:53:49+00:00","dateModified":"2023-05-19T11:46:50+00:00","description":"Zobacz \u261b Zestaw na uspokojenie w konopnym sklepie HempKing \u2705100% naturalne \u2705 Zadbaj z nami o swoj\u0105 diet\u0119!","breadcrumb":{"@id":"https:\/\/dev.hempking.eu\/pl\/zestaw-na-uspokojenie\/#breadcrumb"},"inLanguage":"pl-PL","potentialAction":[{"@type":"ReadAction","target":["https:\/\/dev.hempking.eu\/pl\/zestaw-na-uspokojenie\/"]}]},{"@type":"ImageObject","inLanguage":"pl-PL","@id":"https:\/\/dev.hempking.eu\/pl\/zestaw-na-uspokojenie\/#primaryimage","url":"https:\/\/dev.hempking.eu\/pl\/wp-content\/uploads\/sites\/2\/2022\/12\/zestaw-suplemento\u0301w-na-uspokojenie.jpg","contentUrl":"https:\/\/dev.hempking.eu\/pl\/wp-content\/uploads\/sites\/2\/2022\/12\/zestaw-suplemento\u0301w-na-uspokojenie.jpg","width":1000,"height":1000,"caption":"zestaw suplement\u00f3w na uspokojenie"},{"@type":"BreadcrumbList","@id":"https:\/\/dev.hempking.eu\/pl\/zestaw-na-uspokojenie\/#breadcrumb","itemListElement":[{"@type":"ListItem","position":1,"name":"Home","item":"https:\/\/dev.hempking.eu\/pl\/"},{"@type":"ListItem","position":2,"name":"Sklep","item":"https:\/\/dev.hempking.eu\/pl\/shop\/"},{"@type":"ListItem","position":3,"name":"Zestawy","item":"https:\/\/dev.hempking.eu\/pl\/zestawy\/"},{"@type":"ListItem","position":4,"name":"Zestaw na uspokojenie"}]},{"@type":"WebSite","@id":"https:\/\/dev.hempking.eu\/pl\/#website","url":"https:\/\/dev.hempking.eu\/pl\/","name":"Hemp King","description":"","publisher":{"@id":"https:\/\/dev.hempking.eu\/pl\/#organization"},"potentialAction":[{"@type":"SearchAction","target":{"@type":"EntryPoint","urlTemplate":"https:\/\/dev.hempking.eu\/pl\/?s={search_term_string}"},"query-input":{"@type":"PropertyValueSpecification","valueRequired":true,"valueName":"search_term_string"}}],"inLanguage":"pl-PL"},{"@type":"Organization","@id":"https:\/\/dev.hempking.eu\/pl\/#organization","name":"Hemp King","url":"https:\/\/dev.hempking.eu\/pl\/","logo":{"@type":"ImageObject","inLanguage":"pl-PL","@id":"https:\/\/dev.hempking.eu\/pl\/#\/schema\/logo\/image\/","url":"https:\/\/dev.hempking.eu\/pl\/wp-content\/uploads\/sites\/2\/2020\/05\/hempking.png","contentUrl":"https:\/\/dev.hempking.eu\/pl\/wp-content\/uploads\/sites\/2\/2020\/05\/hempking.png","width":148,"height":91,"caption":"Hemp King"},"image":{"@id":"https:\/\/dev.hempking.eu\/pl\/#\/schema\/logo\/image\/"},"sameAs":["https:\/\/www.facebook.com\/hempkingpoland","https:\/\/x.com\/hempkingeu","https:\/\/www.instagram.com\/hempkingeu\/","https:\/\/www.linkedin.com\/company\/hempking-eu\/mycompany\/","https:\/\/pl.pinterest.com\/hempkingeu\/","https:\/\/www.youtube.com\/channel\/UCUkeZA1fj4hSZfoYm0WpZ7w"]}]},"product_price_amount":"49.44","product_price_currency":"PLN","og_availability":"instock","product_availability":"instock","product_condition":"new"},"_links":{"self":[{"href":"https:\/\/dev.hempking.eu\/pl\/wp-json\/wp\/v2\/product\/115786","targetHints":{"allow":["GET"]}}],"collection":[{"href":"https:\/\/dev.hempking.eu\/pl\/wp-json\/wp\/v2\/product"}],"about":[{"href":"https:\/\/dev.hempking.eu\/pl\/wp-json\/wp\/v2\/types\/product"}],"wp:featuredmedia":[{"embeddable":true,"href":"https:\/\/dev.hempking.eu\/pl\/wp-json\/wp\/v2\/media\/124020"}],"wp:attachment":[{"href":"https:\/\/dev.hempking.eu\/pl\/wp-json\/wp\/v2\/media?parent=115786"}],"wp:term":[{"taxonomy":"product_cat","embeddable":true,"href":"https:\/\/dev.hempking.eu\/pl\/wp-json\/wp\/v2\/product_cat?post=115786"},{"taxonomy":"product_tag","embeddable":true,"href":"https:\/\/dev.hempking.eu\/pl\/wp-json\/wp\/v2\/product_tag?post=115786"}],"curies":[{"name":"wp","href":"https:\/\/api.w.org\/{rel}","templated":true}]}}