{"id":121289,"date":"2023-01-16T13:22:10","date_gmt":"2023-01-16T12:22:10","guid":{"rendered":"https:\/\/hempking.eu\/pl\/?post_type=product&#038;p=121289"},"modified":"2023-03-22T08:19:53","modified_gmt":"2023-03-22T07:19:53","slug":"pasta-cbg-30-cbd-cbda-cbc-cbga-cbdv-cbn-g-5ml-6g-waznosc-do-31-03-2023","status":"publish","type":"product","link":"https:\/\/dev.hempking.eu\/pl\/pasta-cbg-30-cbd-cbda-cbc-cbga-cbdv-cbn-g-5ml-6g-waznosc-do-31-03-2023\/","title":{"rendered":"Pasta CBG 30% + CBD, CBDA, CBC, CBGA, CBDV, CBN G+ - 5ml\/6g - powiadom o dost\u0119pno\u015bci"},"content":{"rendered":"<h2><strong>Sk\u0142adniki<\/strong><\/h2>\n<p>Olej konopny z konopi w\u0142\u00f3knistych z naturalnie wyst\u0119puj\u0105cymi fitosk\u0142adnikami CBD, CBDA, CBC, CBGA, CBG, CBDV, CBN. Olej konopny 1500 mg zawiera pe\u0142ne spektrum fitosk\u0142adnik\u00f3w, terpeny, flawonoidy oraz fenole.<\/p>\n<h2><strong>Pasta G+ 30% &#8211; wysoko st\u0119\u017cona forma suplementu<\/strong><\/h2>\n<p>Pasta G+ to suplement konopny z full spectrum fitosk\u0142adnik\u00f3w w skoncentrowanej formie pasty konopnej.<br \/>\nWysoka porcja\u00a0 wa\u017cnego fitosk\u0142adnika, po\u0142\u0105czyli\u015bmy z innymi sk\u0142adnikami aktywnymi w oleju konopnym.<br \/>\nZawiera a\u017c <strong>1500 mg fitosk\u0142adnika<\/strong> oraz inne sk\u0142adniki konopi takie jak terpeny, flawonoidy i fenole.<br \/>\nPasta G+ 30% zawiera r\u00f3wnie\u017c kwasy t\u0142uszczowe Omega-3, Omega-6 i Omega-9, kt\u00f3re s\u0105 wa\u017cne w ka\u017cdej zbilansowanej diecie.<br \/>\n<strong>Jedna kropla dostarczy Twojemu organizmowi 8,3 mg fitosk\u0142adnika.<\/strong><br \/>\nPasta G+ 30% jest zupe\u0142nie <strong>naturalna<\/strong>.<\/p>\n<h2><strong>Jak Pasta G+ 30% wp\u0142ywa na Ciebie podczas suplementacji?<\/strong><\/h2>\n<p>Pasta CBG zawiera wysokie st\u0119\u017cenie <strong>fitosk\u0142adnika<\/strong>, a przy tym zawiera wiele innych sk\u0142adnik\u00f3w aktywnych.<br \/>\nOto najwa\u017cniejsze z korzy\u015bci, kt\u00f3re przyniesie wprowadzenie oleju konopnego w pa\u015bcie do diety:<\/p>\n<ul>\n<li>wspieranie naturalnej odporno\u015bci organizmu,<\/li>\n<li>dodanie do diety kwas\u00f3w Omega-3, Omega-6 czy Omega-9,<\/li>\n<li>zdrowy wygl\u0105d i optymalne nawil\u017cenie sk\u00f3ry,<\/li>\n<li>uzupe\u0142nienie diety o fitokannabinoidy w pe\u0142nym spektrum takie jak CBD, CBDA, CBC, CBGA, CBG, CBDV, CBN,<\/li>\n<li>wspieranie uk\u0142adu sercowo-naczyniowego,<\/li>\n<li>regulacja poziomu cholesterolu we krwi.<\/li>\n<\/ul>\n<h2><strong>Czy suplementy konopne s\u0105 przebadane?<\/strong><\/h2>\n<p><strong>Tak!<\/strong> Wszystkie nasze produkty przechodz\u0105 restrykcyjne testy i badania, a dzi\u0119ki temu posiadaj\u0105 atesty i certyfikaty, kt\u00f3re zapewniaj\u0105 bezpiecze\u0144stwo ich stosowania. Korzystanie ze sprawdzonych upraw konopi siewnej pozwala nam tworzy\u0107 wysokiej jako\u015bci suplementy diety. Wsp\u00f3\u0142pracujemy z niezale\u017cnymi laboratoriami, kt\u00f3re wystawiaj\u0105 obiektywne opinie o naszych produktach.<br \/>\nPasta konopna 30% jest odpowiednia dla wegan i wegetarian.<\/p>\n<h2><strong>Jak spo\u017cywa\u0107 past\u0119 G+ 30%?<\/strong><\/h2>\n<p>Regularne uzupe\u0142nianie diety o fitosk\u0142adniki wcale nie musi by\u0107 trudne. Z past\u0105 G+ to bardzo proste. Po odmierzeniu porcji, umie\u015b\u0107 past\u0119\u00a0 pod j\u0119zykiem, odczekaj 30 sekund i po\u0142knij. Mo\u017cesz przyjmowa\u0107 2-3 krople pasty\u00a0 dziennie.<\/p>\n<p>W produkcie znajduje si\u0119 ok. 180 kropel. \u0106wier\u0107 obrotu dozownikiem to ok. 7 kropel.<\/p>\n<p><a href=\"https:\/\/dev.hempking.eu\/pl\/wp-content\/uploads\/sites\/2\/2020\/07\/warunki4-1.jpg\"><img loading=\"lazy\" decoding=\"async\" class=\"alignnone wp-image-104414 size-full\" src=\"https:\/\/dev.hempking.eu\/pl\/wp-content\/uploads\/sites\/2\/2020\/07\/warunki4-1.jpg\" alt=\"o\u015bwiadczenia CBD w UE\" width=\"755\" height=\"353\" srcset=\"https:\/\/dev.hempking.eu\/pl\/wp-content\/uploads\/sites\/2\/2020\/07\/warunki4-1.jpg 755w, https:\/\/dev.hempking.eu\/pl\/wp-content\/uploads\/sites\/2\/2020\/07\/warunki4-1-640x299.jpg 640w, https:\/\/dev.hempking.eu\/pl\/wp-content\/uploads\/sites\/2\/2020\/07\/warunki4-1-400x187.jpg 400w\" sizes=\"auto, (max-width: 755px) 100vw, 755px\" \/><\/a><\/p>\n<p><a href=\"https:\/\/dev.hempking.eu\/pl\/wp-content\/uploads\/sites\/2\/2022\/01\/warunki2.jpg\"><img loading=\"lazy\" decoding=\"async\" class=\"alignnone wp-image-85647 size-full\" src=\"https:\/\/dev.hempking.eu\/pl\/wp-content\/uploads\/sites\/2\/2022\/01\/warunki2.jpg\" alt=\"warunki2\" width=\"755\" height=\"307\" srcset=\"https:\/\/dev.hempking.eu\/pl\/wp-content\/uploads\/sites\/2\/2022\/01\/warunki2.jpg 755w, https:\/\/dev.hempking.eu\/pl\/wp-content\/uploads\/sites\/2\/2022\/01\/warunki2-640x260.jpg 640w, https:\/\/dev.hempking.eu\/pl\/wp-content\/uploads\/sites\/2\/2022\/01\/warunki2-400x163.jpg 400w, https:\/\/dev.hempking.eu\/pl\/wp-content\/uploads\/sites\/2\/2022\/01\/warunki2-600x244.jpg 600w\" sizes=\"auto, (max-width: 755px) 100vw, 755px\" \/><\/a><\/p>\n<p>&nbsp;<\/p>\n<h2><strong>Pasta konopna G+ 30% &#8211; wysoka i sprawdzona jako\u015b\u0107<\/strong><\/h2>\n<p>Fitosk\u0142adniki pozyskujemy metod\u0105 ekstrakcji dwutlenkiem w\u0119gla (forma t\u0142oczenia oleju), kt\u00f3ra gwarantuje nam wysok\u0105 jako\u015b\u0107 oraz bezpiecze\u0144stwo produkt\u00f3w, przy zachowaniu jak najwy\u017cszych standard\u00f3w.<br \/>\nKa\u017cdy sk\u0142adnik naszych produkt\u00f3w konopnych jest w 100% naturalny.<br \/>\nM\u00f3wimy stanowcze NIE sztucznym nawozom czy chemicznym \u015brodkom ochrony ro\u015blin.<\/p>\n<p><a href=\"https:\/\/dev.hempking.eu\/pl\/wp-content\/uploads\/sites\/2\/2020\/07\/warunki_4.jpg\"><img loading=\"lazy\" decoding=\"async\" class=\"alignnone size-full wp-image-100623\" src=\"https:\/\/dev.hempking.eu\/pl\/wp-content\/uploads\/sites\/2\/2020\/07\/warunki_4.jpg\" alt=\"fito sk\u0142adniki novel food\" width=\"755\" height=\"237\" srcset=\"https:\/\/dev.hempking.eu\/pl\/wp-content\/uploads\/sites\/2\/2020\/07\/warunki_4.jpg 755w, https:\/\/dev.hempking.eu\/pl\/wp-content\/uploads\/sites\/2\/2020\/07\/warunki_4-640x201.jpg 640w, https:\/\/dev.hempking.eu\/pl\/wp-content\/uploads\/sites\/2\/2020\/07\/warunki_4-400x126.jpg 400w\" sizes=\"auto, (max-width: 755px) 100vw, 755px\" \/><\/a><\/p>\n","protected":false},"excerpt":{"rendered":"<h2><strong>Termin wa\u017cno\u015bci: 31.03.2023<\/strong><\/h2>\n<h2><strong>Pasta G+ 30% to:<\/strong><\/h2>\n<ul>\n<li>a\u017c 1500 mg fitosk\u0142adnika CBG oraz naturalnych fitosk\u0142adnik\u00f3w full spectrum &#8211; CBD, CBDA, CBC, CBGA, CBDV, CBN,<\/li>\n<li>wysoko st\u0119\u017cona forma oleju konopnego,<\/li>\n<li>specjalny dozownik u\u0142atwiaj\u0105cy odmierzanie porcji,<\/li>\n<li>produkt konopny, w 100% naturalny.<\/li>\n<li><strong><a href=\"https:\/\/e8n6i4h7.rocketcdn.me\/pl\/wp-content\/uploads\/sites\/2\/2022\/04\/badanie-pasty-CBG-04-2022-hempking.pdf\">Badanie Pasty G+ 30%\u00a0<\/a><\/strong><\/li>\n<li>suplement diety.<\/li>\n<\/ul>\n<p><strong>Waga: 6 g<br \/>\nPojemno\u015b\u0107: 5 ml<\/strong><\/p>\n","protected":false},"featured_media":87498,"template":"","meta":{"_acf_changed":false},"product_cat":[153],"product_tag":[],"class_list":{"0":"post-121289","1":"product","2":"type-product","3":"status-publish","4":"has-post-thumbnail","6":"product_cat-powiadom-o-dostepnosci","8":"first","9":"outofstock","10":"sale","11":"shipping-taxable","12":"purchasable","13":"product-type-simple"},"acf":[],"yoast_head":"<!-- This site is optimized with the Yoast SEO Premium plugin v23.4 (Yoast SEO v24.0) - https:\/\/yoast.com\/wordpress\/plugins\/seo\/ -->\n<title>Pasta CBG 30% G+ HempKing 5ml\/6g Wysoko st\u0119\u017cona forma suplementu<\/title>\n<meta name=\"description\" content=\"Pasta CBG 30% G+ HempKing. Pasta CBG to suplement konopny z full spectrum fitokannabinoid\u00f3w w skoncentrowanej formie pasty konopnej.\" \/>\n<link rel=\"canonical\" href=\"https:\/\/dev.hempking.eu\/pl\/pasta-cbg-30-cbd-cbda-cbc-cbga-cbdv-cbn-g-5ml-6g-waznosc-do-31-03-2023\/\" \/>\n<meta property=\"og:locale\" content=\"pl_PL\" \/>\n<meta property=\"og:type\" content=\"article\" \/>\n<meta property=\"og:title\" content=\"Pasta CBG 30% + CBD, CBDA, CBC, CBGA, CBDV, CBN G+ - 5ml\/6g - powiadom o dost\u0119pno\u015bci\" \/>\n<meta property=\"og:description\" content=\"Pasta CBG 30% G+ HempKing. Pasta CBG to suplement konopny z full spectrum fitokannabinoid\u00f3w w skoncentrowanej formie pasty konopnej.\" \/>\n<meta property=\"og:url\" content=\"https:\/\/dev.hempking.eu\/pl\/pasta-cbg-30-cbd-cbda-cbc-cbga-cbdv-cbn-g-5ml-6g-waznosc-do-31-03-2023\/\" \/>\n<meta property=\"og:site_name\" content=\"Hemp King\" \/>\n<meta property=\"article:publisher\" content=\"https:\/\/www.facebook.com\/hempkingpoland\" \/>\n<meta property=\"article:modified_time\" content=\"2023-03-22T07:19:53+00:00\" \/>\n<meta property=\"og:image\" content=\"https:\/\/dev.hempking.eu\/pl\/wp-content\/uploads\/sites\/2\/2022\/01\/pasta_g.jpg\" \/>\n\t<meta property=\"og:image:width\" content=\"1000\" \/>\n\t<meta property=\"og:image:height\" content=\"1000\" \/>\n\t<meta property=\"og:image:type\" content=\"image\/jpeg\" \/>\n<meta name=\"twitter:card\" content=\"summary_large_image\" \/>\n<meta name=\"twitter:site\" content=\"@hempkingeu\" \/>\n<meta name=\"twitter:label1\" content=\"Price\" \/>\n\t<meta name=\"twitter:data1\" content=\"343.20&nbsp;&#122;&#322;\" \/>\n\t<meta name=\"twitter:label2\" content=\"Availability\" \/>\n\t<meta name=\"twitter:data2\" content=\"Out of stock\" \/>\n<script type=\"application\/ld+json\" class=\"yoast-schema-graph\">{\"@context\":\"https:\/\/schema.org\",\"@graph\":[{\"@type\":\"WebPage\",\"@id\":\"https:\/\/dev.hempking.eu\/pl\/pasta-cbg-30-cbd-cbda-cbc-cbga-cbdv-cbn-g-5ml-6g-waznosc-do-31-03-2023\/\",\"url\":\"https:\/\/dev.hempking.eu\/pl\/pasta-cbg-30-cbd-cbda-cbc-cbga-cbdv-cbn-g-5ml-6g-waznosc-do-31-03-2023\/\",\"name\":\"Pasta CBG 30% G+ HempKing 5ml\/6g Wysoko st\u0119\u017cona forma suplementu\",\"isPartOf\":{\"@id\":\"https:\/\/dev.hempking.eu\/pl\/#website\"},\"primaryImageOfPage\":{\"@id\":\"https:\/\/dev.hempking.eu\/pl\/pasta-cbg-30-cbd-cbda-cbc-cbga-cbdv-cbn-g-5ml-6g-waznosc-do-31-03-2023\/#primaryimage\"},\"image\":{\"@id\":\"https:\/\/dev.hempking.eu\/pl\/pasta-cbg-30-cbd-cbda-cbc-cbga-cbdv-cbn-g-5ml-6g-waznosc-do-31-03-2023\/#primaryimage\"},\"thumbnailUrl\":\"https:\/\/dev.hempking.eu\/pl\/wp-content\/uploads\/sites\/2\/2022\/01\/pasta_g.jpg\",\"datePublished\":\"2023-01-16T12:22:10+00:00\",\"dateModified\":\"2023-03-22T07:19:53+00:00\",\"description\":\"Pasta CBG 30% G+ HempKing. Pasta CBG to suplement konopny z full spectrum fitokannabinoid\u00f3w w skoncentrowanej formie pasty konopnej.\",\"breadcrumb\":{\"@id\":\"https:\/\/dev.hempking.eu\/pl\/pasta-cbg-30-cbd-cbda-cbc-cbga-cbdv-cbn-g-5ml-6g-waznosc-do-31-03-2023\/#breadcrumb\"},\"inLanguage\":\"pl-PL\",\"potentialAction\":[{\"@type\":\"ReadAction\",\"target\":[\"https:\/\/dev.hempking.eu\/pl\/pasta-cbg-30-cbd-cbda-cbc-cbga-cbdv-cbn-g-5ml-6g-waznosc-do-31-03-2023\/\"]}]},{\"@type\":\"ImageObject\",\"inLanguage\":\"pl-PL\",\"@id\":\"https:\/\/dev.hempking.eu\/pl\/pasta-cbg-30-cbd-cbda-cbc-cbga-cbdv-cbn-g-5ml-6g-waznosc-do-31-03-2023\/#primaryimage\",\"url\":\"https:\/\/dev.hempking.eu\/pl\/wp-content\/uploads\/sites\/2\/2022\/01\/pasta_g.jpg\",\"contentUrl\":\"https:\/\/dev.hempking.eu\/pl\/wp-content\/uploads\/sites\/2\/2022\/01\/pasta_g.jpg\",\"width\":1000,\"height\":1000,\"caption\":\"Pasta konopna G+ full spectrum suplement diety z CBD 30% HempKing\"},{\"@type\":\"BreadcrumbList\",\"@id\":\"https:\/\/dev.hempking.eu\/pl\/pasta-cbg-30-cbd-cbda-cbc-cbga-cbdv-cbn-g-5ml-6g-waznosc-do-31-03-2023\/#breadcrumb\",\"itemListElement\":[{\"@type\":\"ListItem\",\"position\":1,\"name\":\"Home\",\"item\":\"https:\/\/dev.hempking.eu\/pl\/\"},{\"@type\":\"ListItem\",\"position\":2,\"name\":\"Sklep\",\"item\":\"https:\/\/dev.hempking.eu\/pl\/shop\/\"},{\"@type\":\"ListItem\",\"position\":3,\"name\":\"Powiadom o dost\u0119pno\u015bci\",\"item\":\"https:\/\/dev.hempking.eu\/pl\/powiadom-o-dostepnosci\/\"},{\"@type\":\"ListItem\",\"position\":4,\"name\":\"Pasta CBG 30% + CBD, CBDA, CBC, CBGA, CBDV, CBN G+ - 5ml\/6g - powiadom o dost\u0119pno\u015bci\"}]},{\"@type\":\"WebSite\",\"@id\":\"https:\/\/dev.hempking.eu\/pl\/#website\",\"url\":\"https:\/\/dev.hempking.eu\/pl\/\",\"name\":\"Hemp King\",\"description\":\"\",\"publisher\":{\"@id\":\"https:\/\/dev.hempking.eu\/pl\/#organization\"},\"potentialAction\":[{\"@type\":\"SearchAction\",\"target\":{\"@type\":\"EntryPoint\",\"urlTemplate\":\"https:\/\/dev.hempking.eu\/pl\/?s={search_term_string}\"},\"query-input\":{\"@type\":\"PropertyValueSpecification\",\"valueRequired\":true,\"valueName\":\"search_term_string\"}}],\"inLanguage\":\"pl-PL\"},{\"@type\":\"Organization\",\"@id\":\"https:\/\/dev.hempking.eu\/pl\/#organization\",\"name\":\"Hemp King\",\"url\":\"https:\/\/dev.hempking.eu\/pl\/\",\"logo\":{\"@type\":\"ImageObject\",\"inLanguage\":\"pl-PL\",\"@id\":\"https:\/\/dev.hempking.eu\/pl\/#\/schema\/logo\/image\/\",\"url\":\"https:\/\/dev.hempking.eu\/pl\/wp-content\/uploads\/sites\/2\/2020\/05\/hempking.png\",\"contentUrl\":\"https:\/\/dev.hempking.eu\/pl\/wp-content\/uploads\/sites\/2\/2020\/05\/hempking.png\",\"width\":148,\"height\":91,\"caption\":\"Hemp King\"},\"image\":{\"@id\":\"https:\/\/dev.hempking.eu\/pl\/#\/schema\/logo\/image\/\"},\"sameAs\":[\"https:\/\/www.facebook.com\/hempkingpoland\",\"https:\/\/x.com\/hempkingeu\",\"https:\/\/www.instagram.com\/hempkingeu\/\",\"https:\/\/www.linkedin.com\/company\/hempking-eu\/mycompany\/\",\"https:\/\/pl.pinterest.com\/hempkingeu\/\",\"https:\/\/www.youtube.com\/channel\/UCUkeZA1fj4hSZfoYm0WpZ7w\"]}]}<\/script>\n<meta property=\"product:price:amount\" content=\"343.20\" \/>\n<meta property=\"product:price:currency\" content=\"PLN\" \/>\n<meta property=\"og:availability\" content=\"out of stock\" \/>\n<meta property=\"product:availability\" content=\"out of stock\" \/>\n<meta property=\"product:condition\" content=\"new\" \/>\n<!-- \/ Yoast SEO Premium plugin. -->","yoast_head_json":{"title":"Pasta CBG 30% G+ HempKing 5ml\/6g Wysoko st\u0119\u017cona forma suplementu","description":"Pasta CBG 30% G+ HempKing. Pasta CBG to suplement konopny z full spectrum fitokannabinoid\u00f3w w skoncentrowanej formie pasty konopnej.","canonical":"https:\/\/dev.hempking.eu\/pl\/pasta-cbg-30-cbd-cbda-cbc-cbga-cbdv-cbn-g-5ml-6g-waznosc-do-31-03-2023\/","og_locale":"pl_PL","og_type":"article","og_title":"Pasta CBG 30% + CBD, CBDA, CBC, CBGA, CBDV, CBN G+ - 5ml\/6g - powiadom o dost\u0119pno\u015bci","og_description":"Pasta CBG 30% G+ HempKing. Pasta CBG to suplement konopny z full spectrum fitokannabinoid\u00f3w w skoncentrowanej formie pasty konopnej.","og_url":"https:\/\/dev.hempking.eu\/pl\/pasta-cbg-30-cbd-cbda-cbc-cbga-cbdv-cbn-g-5ml-6g-waznosc-do-31-03-2023\/","og_site_name":"Hemp King","article_publisher":"https:\/\/www.facebook.com\/hempkingpoland","article_modified_time":"2023-03-22T07:19:53+00:00","og_image":[{"width":1000,"height":1000,"url":"https:\/\/dev.hempking.eu\/pl\/wp-content\/uploads\/sites\/2\/2022\/01\/pasta_g.jpg","type":"image\/jpeg"}],"twitter_card":"summary_large_image","twitter_site":"@hempkingeu","twitter_misc":{"Price":"343.20&nbsp;&#122;&#322;","Availability":"Out of stock"},"schema":{"@context":"https:\/\/schema.org","@graph":[{"@type":"WebPage","@id":"https:\/\/dev.hempking.eu\/pl\/pasta-cbg-30-cbd-cbda-cbc-cbga-cbdv-cbn-g-5ml-6g-waznosc-do-31-03-2023\/","url":"https:\/\/dev.hempking.eu\/pl\/pasta-cbg-30-cbd-cbda-cbc-cbga-cbdv-cbn-g-5ml-6g-waznosc-do-31-03-2023\/","name":"Pasta CBG 30% G+ HempKing 5ml\/6g Wysoko st\u0119\u017cona forma suplementu","isPartOf":{"@id":"https:\/\/dev.hempking.eu\/pl\/#website"},"primaryImageOfPage":{"@id":"https:\/\/dev.hempking.eu\/pl\/pasta-cbg-30-cbd-cbda-cbc-cbga-cbdv-cbn-g-5ml-6g-waznosc-do-31-03-2023\/#primaryimage"},"image":{"@id":"https:\/\/dev.hempking.eu\/pl\/pasta-cbg-30-cbd-cbda-cbc-cbga-cbdv-cbn-g-5ml-6g-waznosc-do-31-03-2023\/#primaryimage"},"thumbnailUrl":"https:\/\/dev.hempking.eu\/pl\/wp-content\/uploads\/sites\/2\/2022\/01\/pasta_g.jpg","datePublished":"2023-01-16T12:22:10+00:00","dateModified":"2023-03-22T07:19:53+00:00","description":"Pasta CBG 30% G+ HempKing. Pasta CBG to suplement konopny z full spectrum fitokannabinoid\u00f3w w skoncentrowanej formie pasty konopnej.","breadcrumb":{"@id":"https:\/\/dev.hempking.eu\/pl\/pasta-cbg-30-cbd-cbda-cbc-cbga-cbdv-cbn-g-5ml-6g-waznosc-do-31-03-2023\/#breadcrumb"},"inLanguage":"pl-PL","potentialAction":[{"@type":"ReadAction","target":["https:\/\/dev.hempking.eu\/pl\/pasta-cbg-30-cbd-cbda-cbc-cbga-cbdv-cbn-g-5ml-6g-waznosc-do-31-03-2023\/"]}]},{"@type":"ImageObject","inLanguage":"pl-PL","@id":"https:\/\/dev.hempking.eu\/pl\/pasta-cbg-30-cbd-cbda-cbc-cbga-cbdv-cbn-g-5ml-6g-waznosc-do-31-03-2023\/#primaryimage","url":"https:\/\/dev.hempking.eu\/pl\/wp-content\/uploads\/sites\/2\/2022\/01\/pasta_g.jpg","contentUrl":"https:\/\/dev.hempking.eu\/pl\/wp-content\/uploads\/sites\/2\/2022\/01\/pasta_g.jpg","width":1000,"height":1000,"caption":"Pasta konopna G+ full spectrum suplement diety z CBD 30% HempKing"},{"@type":"BreadcrumbList","@id":"https:\/\/dev.hempking.eu\/pl\/pasta-cbg-30-cbd-cbda-cbc-cbga-cbdv-cbn-g-5ml-6g-waznosc-do-31-03-2023\/#breadcrumb","itemListElement":[{"@type":"ListItem","position":1,"name":"Home","item":"https:\/\/dev.hempking.eu\/pl\/"},{"@type":"ListItem","position":2,"name":"Sklep","item":"https:\/\/dev.hempking.eu\/pl\/shop\/"},{"@type":"ListItem","position":3,"name":"Powiadom o dost\u0119pno\u015bci","item":"https:\/\/dev.hempking.eu\/pl\/powiadom-o-dostepnosci\/"},{"@type":"ListItem","position":4,"name":"Pasta CBG 30% + CBD, CBDA, CBC, CBGA, CBDV, CBN G+ - 5ml\/6g - powiadom o dost\u0119pno\u015bci"}]},{"@type":"WebSite","@id":"https:\/\/dev.hempking.eu\/pl\/#website","url":"https:\/\/dev.hempking.eu\/pl\/","name":"Hemp King","description":"","publisher":{"@id":"https:\/\/dev.hempking.eu\/pl\/#organization"},"potentialAction":[{"@type":"SearchAction","target":{"@type":"EntryPoint","urlTemplate":"https:\/\/dev.hempking.eu\/pl\/?s={search_term_string}"},"query-input":{"@type":"PropertyValueSpecification","valueRequired":true,"valueName":"search_term_string"}}],"inLanguage":"pl-PL"},{"@type":"Organization","@id":"https:\/\/dev.hempking.eu\/pl\/#organization","name":"Hemp King","url":"https:\/\/dev.hempking.eu\/pl\/","logo":{"@type":"ImageObject","inLanguage":"pl-PL","@id":"https:\/\/dev.hempking.eu\/pl\/#\/schema\/logo\/image\/","url":"https:\/\/dev.hempking.eu\/pl\/wp-content\/uploads\/sites\/2\/2020\/05\/hempking.png","contentUrl":"https:\/\/dev.hempking.eu\/pl\/wp-content\/uploads\/sites\/2\/2020\/05\/hempking.png","width":148,"height":91,"caption":"Hemp King"},"image":{"@id":"https:\/\/dev.hempking.eu\/pl\/#\/schema\/logo\/image\/"},"sameAs":["https:\/\/www.facebook.com\/hempkingpoland","https:\/\/x.com\/hempkingeu","https:\/\/www.instagram.com\/hempkingeu\/","https:\/\/www.linkedin.com\/company\/hempking-eu\/mycompany\/","https:\/\/pl.pinterest.com\/hempkingeu\/","https:\/\/www.youtube.com\/channel\/UCUkeZA1fj4hSZfoYm0WpZ7w"]}]},"product_price_amount":"343.20","product_price_currency":"PLN","og_availability":"out of stock","product_availability":"out of stock","product_condition":"new"},"_links":{"self":[{"href":"https:\/\/dev.hempking.eu\/pl\/wp-json\/wp\/v2\/product\/121289","targetHints":{"allow":["GET"]}}],"collection":[{"href":"https:\/\/dev.hempking.eu\/pl\/wp-json\/wp\/v2\/product"}],"about":[{"href":"https:\/\/dev.hempking.eu\/pl\/wp-json\/wp\/v2\/types\/product"}],"wp:featuredmedia":[{"embeddable":true,"href":"https:\/\/dev.hempking.eu\/pl\/wp-json\/wp\/v2\/media\/87498"}],"wp:attachment":[{"href":"https:\/\/dev.hempking.eu\/pl\/wp-json\/wp\/v2\/media?parent=121289"}],"wp:term":[{"taxonomy":"product_cat","embeddable":true,"href":"https:\/\/dev.hempking.eu\/pl\/wp-json\/wp\/v2\/product_cat?post=121289"},{"taxonomy":"product_tag","embeddable":true,"href":"https:\/\/dev.hempking.eu\/pl\/wp-json\/wp\/v2\/product_tag?post=121289"}],"curies":[{"name":"wp","href":"https:\/\/api.w.org\/{rel}","templated":true}]}}