{"id":121290,"date":"2023-01-16T13:26:09","date_gmt":"2023-01-16T12:26:09","guid":{"rendered":"https:\/\/hempking.eu\/pl\/?post_type=product&#038;p=121290"},"modified":"2023-03-31T08:31:24","modified_gmt":"2023-03-31T06:31:24","slug":"pasta-cbd-30-cbda-cbc-cbga-cbg-cbdv-cbn-green-5-ml-6-g-krotki-termin","status":"publish","type":"product","link":"https:\/\/dev.hempking.eu\/pl\/pasta-cbd-30-cbda-cbc-cbga-cbg-cbdv-cbn-green-5-ml-6-g-krotki-termin\/","title":{"rendered":"Pasta CBD 30% + CBDA, CBC, CBGA, CBG, CBDV, CBN Green \u2013 5 ml\/6 g - wa\u017cno\u015b\u0107 do 31.03.2023"},"content":{"rendered":"<h2 style=\"text-align: justify;\">Pasta\u00a0 Green 30% &#8211; Full Spectrum w wysokim st\u0119\u017ceniu<\/h2>\n<p style=\"text-align: justify;\">Pasta\u00a0 Green 30% to produkt o pe\u0142nym spektrum fitosk\u0142adnik\u00f3w w skoncentrowanej formie.<br \/>\nWysoka porcja fitosk\u0142adnik\u00f3w w po\u0142\u0105czeniu ogromnej ilo\u015bci innych sk\u0142adnik\u00f3w konopnych.<br \/>\nZawiera a\u017c 1500 mg fitosk\u0142adnika\u00a0 CBD a tak\u017ce natrualnie wyst\u0119puj\u0105ce w konopiach fitosk\u0142adniki CBDA, CBC, CBGA, CBG, CBDV, CBN oraz wszystkie cenne sk\u0142adniki konopi takie jak terpeny, flawonoidy i fenole.<br \/>\nJest r\u00f3wnie\u017c bogata w kwasy t\u0142uszczowe Omega-3, Omega-6 i Omega-9, kt\u00f3re pozwalaj\u0105 na uzupe\u0142nianie ich ilo\u015bci w organizmie.<br \/>\nJedna kropla dostarczy Twojemu organizmowi 8,3 mg fitosk\u0142adnik\u00f3w.<br \/>\nPasta\u00a0 GREEN 30% jest ca\u0142kowicie naturalna.<\/p>\n<h2 style=\"text-align: justify;\">Czy suplementy konopne s\u0105 bezpieczne?<\/h2>\n<p style=\"text-align: justify;\"><strong>Tak!<\/strong> Wszystkie produkty HempKing posiadaj\u0105 atesty i certyfikaty, kt\u00f3re gwarantuj\u0105 bezpiecze\u0144stwo ich stosowania. Korzystamy ze sprawdzonych upraw konopi siewnych i na ich bazie tworzymy najwy\u017cszej jako\u015bci suplementy diety. Wsp\u00f3\u0142pracujemy z niezale\u017cnymi laboratoriami.<br \/>\nS\u0105 one ca\u0142kowicie wolne od zanieczyszcze\u0144.<br \/>\nPasta Green 30% nadaje si\u0119 dla wegan i wegetarian.<\/p>\n<h2 style=\"text-align: justify;\">Pasta konopna 30% &#8211; jako\u015b\u0107<\/h2>\n<p style=\"text-align: justify;\">Fitosk\u0142adniki pozyskujemy bezpieczn\u0105 i efektywn\u0105 metod\u0105 ekstrakcji dwutlenkiem w\u0119gla (forma t\u0142oczenia oleju), kt\u00f3ry gwarantuje nam nienagann\u0105 jako\u015b\u0107.<br \/>\n<strong>Nasze produkty posiadaj\u0105 atesty oraz certyfikaty\u00a0 a ka\u017cdy sk\u0142adnik jest w 100% naturalny.<\/strong><br \/>\nNie stosujemy sztucznych nawoz\u00f3w, pestycyd\u00f3w, herbicyd\u00f3w, co potwierdza biologiczn\u0105 czysto\u015b\u0107.<\/p>\n<p style=\"text-align: justify;\"><a href=\"https:\/\/dev.hempking.eu\/pl\/wp-content\/uploads\/sites\/2\/2022\/01\/warunki2.jpg\"><img loading=\"lazy\" decoding=\"async\" class=\"alignnone wp-image-85647 size-full\" src=\"https:\/\/dev.hempking.eu\/pl\/wp-content\/uploads\/sites\/2\/2022\/01\/warunki2.jpg\" alt=\"warunki2\" width=\"755\" height=\"307\" srcset=\"https:\/\/dev.hempking.eu\/pl\/wp-content\/uploads\/sites\/2\/2022\/01\/warunki2.jpg 755w, https:\/\/dev.hempking.eu\/pl\/wp-content\/uploads\/sites\/2\/2022\/01\/warunki2-640x260.jpg 640w, https:\/\/dev.hempking.eu\/pl\/wp-content\/uploads\/sites\/2\/2022\/01\/warunki2-400x163.jpg 400w, https:\/\/dev.hempking.eu\/pl\/wp-content\/uploads\/sites\/2\/2022\/01\/warunki2-600x244.jpg 600w\" sizes=\"auto, (max-width: 755px) 100vw, 755px\" \/><\/a><\/p>\n<p style=\"text-align: justify;\"><a href=\"https:\/\/dev.hempking.eu\/pl\/wp-content\/uploads\/sites\/2\/2020\/07\/warunki4-1.jpg\"><img loading=\"lazy\" decoding=\"async\" class=\"alignnone wp-image-104414 size-full\" src=\"https:\/\/dev.hempking.eu\/pl\/wp-content\/uploads\/sites\/2\/2020\/07\/warunki4-1.jpg\" alt=\"o\u015bwiadczenia CBD w UE\" width=\"755\" height=\"353\" srcset=\"https:\/\/dev.hempking.eu\/pl\/wp-content\/uploads\/sites\/2\/2020\/07\/warunki4-1.jpg 755w, https:\/\/dev.hempking.eu\/pl\/wp-content\/uploads\/sites\/2\/2020\/07\/warunki4-1-640x299.jpg 640w, https:\/\/dev.hempking.eu\/pl\/wp-content\/uploads\/sites\/2\/2020\/07\/warunki4-1-400x187.jpg 400w\" sizes=\"auto, (max-width: 755px) 100vw, 755px\" \/><\/a><\/p>\n<p style=\"text-align: justify;\"><a href=\"https:\/\/dev.hempking.eu\/pl\/wp-content\/uploads\/sites\/2\/2020\/07\/warunki_4.jpg\"><img loading=\"lazy\" decoding=\"async\" class=\"alignnone size-full wp-image-100623\" src=\"https:\/\/dev.hempking.eu\/pl\/wp-content\/uploads\/sites\/2\/2020\/07\/warunki_4.jpg\" alt=\"fito sk\u0142adniki novel food\" width=\"755\" height=\"237\" srcset=\"https:\/\/dev.hempking.eu\/pl\/wp-content\/uploads\/sites\/2\/2020\/07\/warunki_4.jpg 755w, https:\/\/dev.hempking.eu\/pl\/wp-content\/uploads\/sites\/2\/2020\/07\/warunki_4-640x201.jpg 640w, https:\/\/dev.hempking.eu\/pl\/wp-content\/uploads\/sites\/2\/2020\/07\/warunki_4-400x126.jpg 400w\" sizes=\"auto, (max-width: 755px) 100vw, 755px\" \/><\/a><\/p>\n","protected":false},"excerpt":{"rendered":"<h2><strong>Wa\u017cno\u015b\u0107 do 31.03.2023<\/strong><\/h2>\n<h2><strong>Pasta\u00a0 Green 30% to:<\/strong><\/h2>\n<ul>\n<li>a\u017c <strong>1500 mg fitosk\u0142adnik\u00f3w<\/strong> o pe\u0142nym spektrum CBD, CBDA, CBC, CBGA, CBG, CBDV, CBN,<\/li>\n<li><strong><a href=\"https:\/\/dev.hempking.eu\/wp-content\/certificates\/pasta-30-CBD-badanie-11-202.pdf\">Badanie pasty Green 30%<\/a><\/strong><\/li>\n<li>skoncentrowana forma oleju konopnego,<\/li>\n<li>zawiera sk\u0142adniki konopi tj. terpeny, flawonoidy czy fenole,<\/li>\n<li>w 1<strong>00% naturalny<\/strong> produkt konopny.<\/li>\n<\/ul>\n","protected":false},"featured_media":87500,"template":"","meta":{"_acf_changed":false},"product_cat":[153],"product_tag":[],"class_list":{"0":"post-121290","1":"product","2":"type-product","3":"status-publish","4":"has-post-thumbnail","6":"product_cat-powiadom-o-dostepnosci","8":"first","9":"outofstock","10":"sale","11":"shipping-taxable","12":"purchasable","13":"product-type-simple"},"acf":[],"yoast_head":"<!-- This site is optimized with the Yoast SEO Premium plugin v23.4 (Yoast SEO v24.0) - https:\/\/yoast.com\/wordpress\/plugins\/seo\/ -->\n<title>Pasta CBD Green 30% HempKing | 5ml\/6g | Full Spectrum<\/title>\n<meta name=\"description\" content=\"Pasta CBD Green 30% HempKing. To produkt o pe\u0142nym spektrum kannabinoid\u00f3w w skoncentrowanej formie. Kup teraz na hempking.eu !\" \/>\n<link rel=\"canonical\" href=\"https:\/\/dev.hempking.eu\/pl\/pasta-cbd-green-30-5ml-6g\/\" \/>\n<meta property=\"og:locale\" content=\"pl_PL\" \/>\n<meta property=\"og:type\" content=\"article\" \/>\n<meta property=\"og:title\" content=\"Pasta CBD 30% + CBDA, CBC, CBGA, CBG, CBDV, CBN Green \u2013 5 ml\/6 g - wa\u017cno\u015b\u0107 do 31.03.2023\" \/>\n<meta property=\"og:description\" content=\"Pasta CBD Green 30% HempKing. To produkt o pe\u0142nym spektrum kannabinoid\u00f3w w skoncentrowanej formie. Kup teraz na hempking.eu !\" \/>\n<meta property=\"og:url\" content=\"https:\/\/dev.hempking.eu\/pl\/pasta-cbd-green-30-5ml-6g\/\" \/>\n<meta property=\"og:site_name\" content=\"Hemp King\" \/>\n<meta property=\"article:publisher\" content=\"https:\/\/www.facebook.com\/hempkingpoland\" \/>\n<meta property=\"article:modified_time\" content=\"2023-03-31T06:31:24+00:00\" \/>\n<meta property=\"og:image\" content=\"https:\/\/dev.hempking.eu\/pl\/wp-content\/uploads\/sites\/2\/2022\/01\/pasta_green.jpg\" \/>\n\t<meta property=\"og:image:width\" content=\"1000\" \/>\n\t<meta property=\"og:image:height\" content=\"1000\" \/>\n\t<meta property=\"og:image:type\" content=\"image\/jpeg\" \/>\n<meta name=\"twitter:card\" content=\"summary_large_image\" \/>\n<meta name=\"twitter:site\" content=\"@hempkingeu\" \/>\n<meta name=\"twitter:label1\" content=\"Price\" \/>\n\t<meta name=\"twitter:data1\" content=\"319.20&nbsp;&#122;&#322;\" \/>\n\t<meta name=\"twitter:label2\" content=\"Availability\" \/>\n\t<meta name=\"twitter:data2\" content=\"Out of stock\" \/>\n<script type=\"application\/ld+json\" class=\"yoast-schema-graph\">{\"@context\":\"https:\/\/schema.org\",\"@graph\":[{\"@type\":\"WebPage\",\"@id\":\"https:\/\/dev.hempking.eu\/pl\/pasta-cbd-30-cbda-cbc-cbga-cbg-cbdv-cbn-green-5-ml-6-g-krotki-termin\/\",\"url\":\"https:\/\/dev.hempking.eu\/pl\/pasta-cbd-green-30-5ml-6g\/\",\"name\":\"Pasta CBD Green 30% HempKing | 5ml\/6g | Full Spectrum\",\"isPartOf\":{\"@id\":\"https:\/\/dev.hempking.eu\/pl\/#website\"},\"primaryImageOfPage\":{\"@id\":\"https:\/\/dev.hempking.eu\/pl\/pasta-cbd-green-30-5ml-6g\/#primaryimage\"},\"image\":{\"@id\":\"https:\/\/dev.hempking.eu\/pl\/pasta-cbd-green-30-5ml-6g\/#primaryimage\"},\"thumbnailUrl\":\"https:\/\/dev.hempking.eu\/pl\/wp-content\/uploads\/sites\/2\/2022\/01\/pasta_green.jpg\",\"datePublished\":\"2023-01-16T12:26:09+00:00\",\"dateModified\":\"2023-03-31T06:31:24+00:00\",\"description\":\"Pasta CBD Green 30% HempKing. To produkt o pe\u0142nym spektrum kannabinoid\u00f3w w skoncentrowanej formie. Kup teraz na hempking.eu !\",\"breadcrumb\":{\"@id\":\"https:\/\/dev.hempking.eu\/pl\/pasta-cbd-green-30-5ml-6g\/#breadcrumb\"},\"inLanguage\":\"pl-PL\",\"potentialAction\":[{\"@type\":\"ReadAction\",\"target\":[\"https:\/\/dev.hempking.eu\/pl\/pasta-cbd-green-30-5ml-6g\/\"]}]},{\"@type\":\"ImageObject\",\"inLanguage\":\"pl-PL\",\"@id\":\"https:\/\/dev.hempking.eu\/pl\/pasta-cbd-green-30-5ml-6g\/#primaryimage\",\"url\":\"https:\/\/dev.hempking.eu\/pl\/wp-content\/uploads\/sites\/2\/2022\/01\/pasta_green.jpg\",\"contentUrl\":\"https:\/\/dev.hempking.eu\/pl\/wp-content\/uploads\/sites\/2\/2022\/01\/pasta_green.jpg\",\"width\":1000,\"height\":1000,\"caption\":\"Pasta konopna green full spectrum suplement diety 5ml\/6g\"},{\"@type\":\"BreadcrumbList\",\"@id\":\"https:\/\/dev.hempking.eu\/pl\/pasta-cbd-green-30-5ml-6g\/#breadcrumb\",\"itemListElement\":[{\"@type\":\"ListItem\",\"position\":1,\"name\":\"Home\",\"item\":\"https:\/\/dev.hempking.eu\/pl\/\"},{\"@type\":\"ListItem\",\"position\":2,\"name\":\"Sklep\",\"item\":\"https:\/\/dev.hempking.eu\/pl\/shop\/\"},{\"@type\":\"ListItem\",\"position\":3,\"name\":\"Powiadom o dost\u0119pno\u015bci\",\"item\":\"https:\/\/dev.hempking.eu\/pl\/powiadom-o-dostepnosci\/\"},{\"@type\":\"ListItem\",\"position\":4,\"name\":\"Pasta CBD 30% + CBDA, CBC, CBGA, CBG, CBDV, CBN Green \u2013 5 ml\/6 g - wa\u017cno\u015b\u0107 do 31.03.2023\"}]},{\"@type\":\"WebSite\",\"@id\":\"https:\/\/dev.hempking.eu\/pl\/#website\",\"url\":\"https:\/\/dev.hempking.eu\/pl\/\",\"name\":\"Hemp King\",\"description\":\"\",\"publisher\":{\"@id\":\"https:\/\/dev.hempking.eu\/pl\/#organization\"},\"potentialAction\":[{\"@type\":\"SearchAction\",\"target\":{\"@type\":\"EntryPoint\",\"urlTemplate\":\"https:\/\/dev.hempking.eu\/pl\/?s={search_term_string}\"},\"query-input\":{\"@type\":\"PropertyValueSpecification\",\"valueRequired\":true,\"valueName\":\"search_term_string\"}}],\"inLanguage\":\"pl-PL\"},{\"@type\":\"Organization\",\"@id\":\"https:\/\/dev.hempking.eu\/pl\/#organization\",\"name\":\"Hemp King\",\"url\":\"https:\/\/dev.hempking.eu\/pl\/\",\"logo\":{\"@type\":\"ImageObject\",\"inLanguage\":\"pl-PL\",\"@id\":\"https:\/\/dev.hempking.eu\/pl\/#\/schema\/logo\/image\/\",\"url\":\"https:\/\/dev.hempking.eu\/pl\/wp-content\/uploads\/sites\/2\/2020\/05\/hempking.png\",\"contentUrl\":\"https:\/\/dev.hempking.eu\/pl\/wp-content\/uploads\/sites\/2\/2020\/05\/hempking.png\",\"width\":148,\"height\":91,\"caption\":\"Hemp King\"},\"image\":{\"@id\":\"https:\/\/dev.hempking.eu\/pl\/#\/schema\/logo\/image\/\"},\"sameAs\":[\"https:\/\/www.facebook.com\/hempkingpoland\",\"https:\/\/x.com\/hempkingeu\",\"https:\/\/www.instagram.com\/hempkingeu\/\",\"https:\/\/www.linkedin.com\/company\/hempking-eu\/mycompany\/\",\"https:\/\/pl.pinterest.com\/hempkingeu\/\",\"https:\/\/www.youtube.com\/channel\/UCUkeZA1fj4hSZfoYm0WpZ7w\"]}]}<\/script>\n<meta property=\"product:price:amount\" content=\"319.20\" \/>\n<meta property=\"product:price:currency\" content=\"PLN\" \/>\n<meta property=\"og:availability\" content=\"out of stock\" \/>\n<meta property=\"product:availability\" content=\"out of stock\" \/>\n<meta property=\"product:condition\" content=\"new\" \/>\n<!-- \/ Yoast SEO Premium plugin. -->","yoast_head_json":{"title":"Pasta CBD Green 30% HempKing | 5ml\/6g | Full Spectrum","description":"Pasta CBD Green 30% HempKing. To produkt o pe\u0142nym spektrum kannabinoid\u00f3w w skoncentrowanej formie. Kup teraz na hempking.eu !","canonical":"https:\/\/dev.hempking.eu\/pl\/pasta-cbd-green-30-5ml-6g\/","og_locale":"pl_PL","og_type":"article","og_title":"Pasta CBD 30% + CBDA, CBC, CBGA, CBG, CBDV, CBN Green \u2013 5 ml\/6 g - wa\u017cno\u015b\u0107 do 31.03.2023","og_description":"Pasta CBD Green 30% HempKing. To produkt o pe\u0142nym spektrum kannabinoid\u00f3w w skoncentrowanej formie. Kup teraz na hempking.eu !","og_url":"https:\/\/dev.hempking.eu\/pl\/pasta-cbd-green-30-5ml-6g\/","og_site_name":"Hemp King","article_publisher":"https:\/\/www.facebook.com\/hempkingpoland","article_modified_time":"2023-03-31T06:31:24+00:00","og_image":[{"width":1000,"height":1000,"url":"https:\/\/dev.hempking.eu\/pl\/wp-content\/uploads\/sites\/2\/2022\/01\/pasta_green.jpg","type":"image\/jpeg"}],"twitter_card":"summary_large_image","twitter_site":"@hempkingeu","twitter_misc":{"Price":"319.20&nbsp;&#122;&#322;","Availability":"Out of stock"},"schema":{"@context":"https:\/\/schema.org","@graph":[{"@type":"WebPage","@id":"https:\/\/dev.hempking.eu\/pl\/pasta-cbd-30-cbda-cbc-cbga-cbg-cbdv-cbn-green-5-ml-6-g-krotki-termin\/","url":"https:\/\/dev.hempking.eu\/pl\/pasta-cbd-green-30-5ml-6g\/","name":"Pasta CBD Green 30% HempKing | 5ml\/6g | Full Spectrum","isPartOf":{"@id":"https:\/\/dev.hempking.eu\/pl\/#website"},"primaryImageOfPage":{"@id":"https:\/\/dev.hempking.eu\/pl\/pasta-cbd-green-30-5ml-6g\/#primaryimage"},"image":{"@id":"https:\/\/dev.hempking.eu\/pl\/pasta-cbd-green-30-5ml-6g\/#primaryimage"},"thumbnailUrl":"https:\/\/dev.hempking.eu\/pl\/wp-content\/uploads\/sites\/2\/2022\/01\/pasta_green.jpg","datePublished":"2023-01-16T12:26:09+00:00","dateModified":"2023-03-31T06:31:24+00:00","description":"Pasta CBD Green 30% HempKing. To produkt o pe\u0142nym spektrum kannabinoid\u00f3w w skoncentrowanej formie. Kup teraz na hempking.eu !","breadcrumb":{"@id":"https:\/\/dev.hempking.eu\/pl\/pasta-cbd-green-30-5ml-6g\/#breadcrumb"},"inLanguage":"pl-PL","potentialAction":[{"@type":"ReadAction","target":["https:\/\/dev.hempking.eu\/pl\/pasta-cbd-green-30-5ml-6g\/"]}]},{"@type":"ImageObject","inLanguage":"pl-PL","@id":"https:\/\/dev.hempking.eu\/pl\/pasta-cbd-green-30-5ml-6g\/#primaryimage","url":"https:\/\/dev.hempking.eu\/pl\/wp-content\/uploads\/sites\/2\/2022\/01\/pasta_green.jpg","contentUrl":"https:\/\/dev.hempking.eu\/pl\/wp-content\/uploads\/sites\/2\/2022\/01\/pasta_green.jpg","width":1000,"height":1000,"caption":"Pasta konopna green full spectrum suplement diety 5ml\/6g"},{"@type":"BreadcrumbList","@id":"https:\/\/dev.hempking.eu\/pl\/pasta-cbd-green-30-5ml-6g\/#breadcrumb","itemListElement":[{"@type":"ListItem","position":1,"name":"Home","item":"https:\/\/dev.hempking.eu\/pl\/"},{"@type":"ListItem","position":2,"name":"Sklep","item":"https:\/\/dev.hempking.eu\/pl\/shop\/"},{"@type":"ListItem","position":3,"name":"Powiadom o dost\u0119pno\u015bci","item":"https:\/\/dev.hempking.eu\/pl\/powiadom-o-dostepnosci\/"},{"@type":"ListItem","position":4,"name":"Pasta CBD 30% + CBDA, CBC, CBGA, CBG, CBDV, CBN Green \u2013 5 ml\/6 g - wa\u017cno\u015b\u0107 do 31.03.2023"}]},{"@type":"WebSite","@id":"https:\/\/dev.hempking.eu\/pl\/#website","url":"https:\/\/dev.hempking.eu\/pl\/","name":"Hemp King","description":"","publisher":{"@id":"https:\/\/dev.hempking.eu\/pl\/#organization"},"potentialAction":[{"@type":"SearchAction","target":{"@type":"EntryPoint","urlTemplate":"https:\/\/dev.hempking.eu\/pl\/?s={search_term_string}"},"query-input":{"@type":"PropertyValueSpecification","valueRequired":true,"valueName":"search_term_string"}}],"inLanguage":"pl-PL"},{"@type":"Organization","@id":"https:\/\/dev.hempking.eu\/pl\/#organization","name":"Hemp King","url":"https:\/\/dev.hempking.eu\/pl\/","logo":{"@type":"ImageObject","inLanguage":"pl-PL","@id":"https:\/\/dev.hempking.eu\/pl\/#\/schema\/logo\/image\/","url":"https:\/\/dev.hempking.eu\/pl\/wp-content\/uploads\/sites\/2\/2020\/05\/hempking.png","contentUrl":"https:\/\/dev.hempking.eu\/pl\/wp-content\/uploads\/sites\/2\/2020\/05\/hempking.png","width":148,"height":91,"caption":"Hemp King"},"image":{"@id":"https:\/\/dev.hempking.eu\/pl\/#\/schema\/logo\/image\/"},"sameAs":["https:\/\/www.facebook.com\/hempkingpoland","https:\/\/x.com\/hempkingeu","https:\/\/www.instagram.com\/hempkingeu\/","https:\/\/www.linkedin.com\/company\/hempking-eu\/mycompany\/","https:\/\/pl.pinterest.com\/hempkingeu\/","https:\/\/www.youtube.com\/channel\/UCUkeZA1fj4hSZfoYm0WpZ7w"]}]},"product_price_amount":"319.20","product_price_currency":"PLN","og_availability":"out of stock","product_availability":"out of stock","product_condition":"new"},"_links":{"self":[{"href":"https:\/\/dev.hempking.eu\/pl\/wp-json\/wp\/v2\/product\/121290","targetHints":{"allow":["GET"]}}],"collection":[{"href":"https:\/\/dev.hempking.eu\/pl\/wp-json\/wp\/v2\/product"}],"about":[{"href":"https:\/\/dev.hempking.eu\/pl\/wp-json\/wp\/v2\/types\/product"}],"wp:featuredmedia":[{"embeddable":true,"href":"https:\/\/dev.hempking.eu\/pl\/wp-json\/wp\/v2\/media\/87500"}],"wp:attachment":[{"href":"https:\/\/dev.hempking.eu\/pl\/wp-json\/wp\/v2\/media?parent=121290"}],"wp:term":[{"taxonomy":"product_cat","embeddable":true,"href":"https:\/\/dev.hempking.eu\/pl\/wp-json\/wp\/v2\/product_cat?post=121290"},{"taxonomy":"product_tag","embeddable":true,"href":"https:\/\/dev.hempking.eu\/pl\/wp-json\/wp\/v2\/product_tag?post=121290"}],"curies":[{"name":"wp","href":"https:\/\/api.w.org\/{rel}","templated":true}]}}