{"id":131851,"date":"2023-03-29T10:20:37","date_gmt":"2023-03-29T08:20:37","guid":{"rendered":"https:\/\/hempking.eu\/pl\/?post_type=product&#038;p=131851"},"modified":"2023-05-23T14:09:23","modified_gmt":"2023-05-23T12:09:23","slug":"hepa-strong-complex-biowen-90-kapsulek","status":"publish","type":"product","link":"https:\/\/dev.hempking.eu\/pl\/hepa-strong-complex-biowen-90-kapsulek\/","title":{"rendered":"Hepa Strong Complex+ Biowen - 90 kapsu\u0142ek"},"content":{"rendered":"<h2 style=\"text-align: justify;\">Kapsu\u0142ki na w\u0105trob\u0119 bez recepty od Biowen!<\/h2>\n<p style=\"text-align: justify;\">Hepa Strong Complex+ to kapsu\u0142ki na w\u0105trob\u0119 bez recepty, pe\u0142ne naturalnych i wysoko standaryzowanych ekstrakt\u00f3w ro\u015blinnych, wsparte substancjami korzystnie wp\u0142ywaj\u0105cymi na w\u0105trob\u0119. To wszystko zosta\u0142o zamkni\u0119te w wega\u0144skiej kapsu\u0142ce! Zatem ten suplement na w\u0105trob\u0119 jest odpowiedni dla wegan i wegetarian.<\/p>\n<p style=\"text-align: justify;\">Suplement na w\u0105trob\u0119 ma wp\u0142yw na wiele czynnik\u00f3w zwi\u0105zanych z prawid\u0142ow\u0105 prac\u0105 tego organu, w tym na regeneracj\u0119 w\u0105troby.<\/p>\n<p style=\"text-align: justify;\">Produkt jest umieszczony w szklanym s\u0142oiczku ze stalow\u0105 nakr\u0119tk\u0105, zgodnie z duchem less waste. Nie przyczynia si\u0119 do produkowania plastikowych \u015bmieci!<\/p>\n<h2 style=\"text-align: justify;\">Biowen Hepa Strong Complex+ &#8211; to nie s\u0105 zwyk\u0142e tabletki na w\u0105trob\u0119<\/h2>\n<p style=\"text-align: justify;\">To, co wyr\u00f3\u017cnia Hepa Strong Complex+ marki Biowen, to przede wszystkim:<\/p>\n<ul style=\"text-align: justify;\">\n<li style=\"font-weight: 400;\" aria-level=\"1\">a\u017c 14 sk\u0142adnik\u00f3w aktywnych,<\/li>\n<li style=\"font-weight: 400;\" aria-level=\"1\">czysty sk\u0142ad produktu, bez zb\u0119dnych dodatk\u00f3w,<\/li>\n<li style=\"font-weight: 400;\" aria-level=\"1\">w\u0142a\u015bciwo\u015bci sk\u0142adnik\u00f3w s\u0105 udowodnione badaniami,<\/li>\n<li style=\"font-weight: 400;\" aria-level=\"1\">opatentowane formu\u0142y ekstrakt\u00f3w: Panicin\u2122, BioPerine\u00ae, VitaCholine\u00ae, Saberry\u00ae, Rebersa\u00ae,<\/li>\n<li style=\"font-weight: 400;\" aria-level=\"1\">podane wska\u017aniki DER.<\/li>\n<\/ul>\n<p style=\"text-align: justify;\">Wska\u017anik DER, to wska\u017anik informuj\u0105cy o tym, ile surowca zosta\u0142o przetworzonego do stworzenia produktu. Dzi\u0119ki temu masz pewno\u015b\u0107, \u017ce nie kupujesz produktu z niewielk\u0105 zawarto\u015bci\u0105 danego sk\u0142adnika, a z ilo\u015bci\u0105, kt\u00f3ra mo\u017ce korzystnie wp\u0142yn\u0105\u0107 na Twoje samopoczucie.<\/p>\n<p style=\"text-align: justify;\">\n","protected":false},"excerpt":{"rendered":"<h2><strong>Hepa Strong Complex+ Biowen kapsu\u0142ki na w\u0105trob\u0119:<\/strong><\/h2>\n<ul>\n<li>14 sk\u0142adnik\u00f3w aktywnych dla zdrowia w\u0105troby,<\/li>\n<li>opatentowane formu\u0142y <span style=\"font-weight: 400;\">Panicin\u2122, BioPerine\u00ae, VitaCholine\u00ae, Saberry\u00ae, Rebersa\u00ae,\u00a0<\/span><\/li>\n<li>bez zb\u0119dnych czy kontrowersyjnych dodatk\u00f3w,<\/li>\n<li>dla wegan i wegetarian,<\/li>\n<li>wysokie standaryzacje na substancje czynne,<\/li>\n<li>podane wska\u017aniki DER!<\/li>\n<\/ul>\n<p><strong>Ilo\u015b\u0107 kapsu\u0142ek w s\u0142oiku: 90 sztuk<\/strong><\/p>\n","protected":false},"featured_media":131853,"template":"","meta":{"_acf_changed":false},"product_cat":[413,96,34],"product_tag":[],"class_list":{"0":"post-131851","1":"product","2":"type-product","3":"status-publish","4":"has-post-thumbnail","6":"product_cat-wsparcie-watroby","7":"product_cat-suplementy","8":"product_cat-nowosci","10":"first","11":"instock","12":"shipping-taxable","13":"purchasable","14":"product-type-simple"},"acf":[],"yoast_head":"<!-- This site is optimized with the Yoast SEO Premium plugin v23.4 (Yoast SEO v24.0) - https:\/\/yoast.com\/wordpress\/plugins\/seo\/ -->\n<title>Hepa Strong Complex+ Biowen - 90 kapsu\u0142ek - Hemp King<\/title>\n<meta name=\"description\" content=\"Zobacz \u261b Hepa Strong Complex+ Biowen - 90 kapsu\u0142ek w konopnym sklepie HempKing \u2705100% naturalne \u2705 Zadbaj z nami o swoj\u0105 diet\u0119!\" \/>\n<link rel=\"canonical\" href=\"https:\/\/dev.hempking.eu\/pl\/hepa-strong-complex-biowen-90-kapsulek\/\" \/>\n<meta property=\"og:locale\" content=\"pl_PL\" \/>\n<meta property=\"og:type\" content=\"article\" \/>\n<meta property=\"og:title\" content=\"Hepa Strong Complex+ Biowen - 90 kapsu\u0142ek\" \/>\n<meta property=\"og:description\" content=\"Zobacz \u261b Hepa Strong Complex+ Biowen - 90 kapsu\u0142ek w konopnym sklepie HempKing \u2705100% naturalne \u2705 Zadbaj z nami o swoj\u0105 diet\u0119!\" \/>\n<meta property=\"og:url\" content=\"https:\/\/dev.hempking.eu\/pl\/hepa-strong-complex-biowen-90-kapsulek\/\" \/>\n<meta property=\"og:site_name\" content=\"Hemp King\" \/>\n<meta property=\"article:publisher\" content=\"https:\/\/www.facebook.com\/hempkingpoland\" \/>\n<meta property=\"article:modified_time\" content=\"2023-05-23T12:09:23+00:00\" \/>\n<meta property=\"og:image\" content=\"https:\/\/dev.hempking.eu\/pl\/wp-content\/uploads\/sites\/2\/2023\/03\/HEPASTRONG_COMPLEX.jpg\" \/>\n\t<meta property=\"og:image:width\" content=\"1000\" \/>\n\t<meta property=\"og:image:height\" content=\"1000\" \/>\n\t<meta property=\"og:image:type\" content=\"image\/jpeg\" \/>\n<meta name=\"twitter:card\" content=\"summary_large_image\" \/>\n<meta name=\"twitter:site\" content=\"@hempkingeu\" \/>\n<meta name=\"twitter:label1\" content=\"Price\" \/>\n\t<meta name=\"twitter:data1\" content=\"75.90&nbsp;&#122;&#322;\" \/>\n\t<meta name=\"twitter:label2\" content=\"Availability\" \/>\n\t<meta name=\"twitter:data2\" content=\"In stock\" \/>\n<script type=\"application\/ld+json\" class=\"yoast-schema-graph\">{\"@context\":\"https:\/\/schema.org\",\"@graph\":[{\"@type\":\"WebPage\",\"@id\":\"https:\/\/dev.hempking.eu\/pl\/hepa-strong-complex-biowen-90-kapsulek\/\",\"url\":\"https:\/\/dev.hempking.eu\/pl\/hepa-strong-complex-biowen-90-kapsulek\/\",\"name\":\"Hepa Strong Complex+ Biowen - 90 kapsu\u0142ek - Hemp King\",\"isPartOf\":{\"@id\":\"https:\/\/dev.hempking.eu\/pl\/#website\"},\"primaryImageOfPage\":{\"@id\":\"https:\/\/dev.hempking.eu\/pl\/hepa-strong-complex-biowen-90-kapsulek\/#primaryimage\"},\"image\":{\"@id\":\"https:\/\/dev.hempking.eu\/pl\/hepa-strong-complex-biowen-90-kapsulek\/#primaryimage\"},\"thumbnailUrl\":\"https:\/\/dev.hempking.eu\/pl\/wp-content\/uploads\/sites\/2\/2023\/03\/HEPASTRONG_COMPLEX.jpg\",\"datePublished\":\"2023-03-29T08:20:37+00:00\",\"dateModified\":\"2023-05-23T12:09:23+00:00\",\"description\":\"Zobacz \u261b Hepa Strong Complex+ Biowen - 90 kapsu\u0142ek w konopnym sklepie HempKing \u2705100% naturalne \u2705 Zadbaj z nami o swoj\u0105 diet\u0119!\",\"breadcrumb\":{\"@id\":\"https:\/\/dev.hempking.eu\/pl\/hepa-strong-complex-biowen-90-kapsulek\/#breadcrumb\"},\"inLanguage\":\"pl-PL\",\"potentialAction\":[{\"@type\":\"ReadAction\",\"target\":[\"https:\/\/dev.hempking.eu\/pl\/hepa-strong-complex-biowen-90-kapsulek\/\"]}]},{\"@type\":\"ImageObject\",\"inLanguage\":\"pl-PL\",\"@id\":\"https:\/\/dev.hempking.eu\/pl\/hepa-strong-complex-biowen-90-kapsulek\/#primaryimage\",\"url\":\"https:\/\/dev.hempking.eu\/pl\/wp-content\/uploads\/sites\/2\/2023\/03\/HEPASTRONG_COMPLEX.jpg\",\"contentUrl\":\"https:\/\/dev.hempking.eu\/pl\/wp-content\/uploads\/sites\/2\/2023\/03\/HEPASTRONG_COMPLEX.jpg\",\"width\":1000,\"height\":1000,\"caption\":\"Hepa Strong Complex+ Biowen 90 kapsu\u0142ek\"},{\"@type\":\"BreadcrumbList\",\"@id\":\"https:\/\/dev.hempking.eu\/pl\/hepa-strong-complex-biowen-90-kapsulek\/#breadcrumb\",\"itemListElement\":[{\"@type\":\"ListItem\",\"position\":1,\"name\":\"Home\",\"item\":\"https:\/\/dev.hempking.eu\/pl\/\"},{\"@type\":\"ListItem\",\"position\":2,\"name\":\"Sklep\",\"item\":\"https:\/\/dev.hempking.eu\/pl\/shop\/\"},{\"@type\":\"ListItem\",\"position\":3,\"name\":\"Suplementy\",\"item\":\"https:\/\/dev.hempking.eu\/pl\/suplementy\/\"},{\"@type\":\"ListItem\",\"position\":4,\"name\":\"Hepa Strong Complex+ Biowen - 90 kapsu\u0142ek\"}]},{\"@type\":\"WebSite\",\"@id\":\"https:\/\/dev.hempking.eu\/pl\/#website\",\"url\":\"https:\/\/dev.hempking.eu\/pl\/\",\"name\":\"Hemp King\",\"description\":\"\",\"publisher\":{\"@id\":\"https:\/\/dev.hempking.eu\/pl\/#organization\"},\"potentialAction\":[{\"@type\":\"SearchAction\",\"target\":{\"@type\":\"EntryPoint\",\"urlTemplate\":\"https:\/\/dev.hempking.eu\/pl\/?s={search_term_string}\"},\"query-input\":{\"@type\":\"PropertyValueSpecification\",\"valueRequired\":true,\"valueName\":\"search_term_string\"}}],\"inLanguage\":\"pl-PL\"},{\"@type\":\"Organization\",\"@id\":\"https:\/\/dev.hempking.eu\/pl\/#organization\",\"name\":\"Hemp King\",\"url\":\"https:\/\/dev.hempking.eu\/pl\/\",\"logo\":{\"@type\":\"ImageObject\",\"inLanguage\":\"pl-PL\",\"@id\":\"https:\/\/dev.hempking.eu\/pl\/#\/schema\/logo\/image\/\",\"url\":\"https:\/\/dev.hempking.eu\/pl\/wp-content\/uploads\/sites\/2\/2020\/05\/hempking.png\",\"contentUrl\":\"https:\/\/dev.hempking.eu\/pl\/wp-content\/uploads\/sites\/2\/2020\/05\/hempking.png\",\"width\":148,\"height\":91,\"caption\":\"Hemp King\"},\"image\":{\"@id\":\"https:\/\/dev.hempking.eu\/pl\/#\/schema\/logo\/image\/\"},\"sameAs\":[\"https:\/\/www.facebook.com\/hempkingpoland\",\"https:\/\/x.com\/hempkingeu\",\"https:\/\/www.instagram.com\/hempkingeu\/\",\"https:\/\/www.linkedin.com\/company\/hempking-eu\/mycompany\/\",\"https:\/\/pl.pinterest.com\/hempkingeu\/\",\"https:\/\/www.youtube.com\/channel\/UCUkeZA1fj4hSZfoYm0WpZ7w\"]}]}<\/script>\n<meta property=\"product:price:amount\" content=\"75.90\" \/>\n<meta property=\"product:price:currency\" content=\"PLN\" \/>\n<meta property=\"og:availability\" content=\"instock\" \/>\n<meta property=\"product:availability\" content=\"instock\" \/>\n<meta property=\"product:condition\" content=\"new\" \/>\n<!-- \/ Yoast SEO Premium plugin. -->","yoast_head_json":{"title":"Hepa Strong Complex+ Biowen - 90 kapsu\u0142ek - Hemp King","description":"Zobacz \u261b Hepa Strong Complex+ Biowen - 90 kapsu\u0142ek w konopnym sklepie HempKing \u2705100% naturalne \u2705 Zadbaj z nami o swoj\u0105 diet\u0119!","canonical":"https:\/\/dev.hempking.eu\/pl\/hepa-strong-complex-biowen-90-kapsulek\/","og_locale":"pl_PL","og_type":"article","og_title":"Hepa Strong Complex+ Biowen - 90 kapsu\u0142ek","og_description":"Zobacz \u261b Hepa Strong Complex+ Biowen - 90 kapsu\u0142ek w konopnym sklepie HempKing \u2705100% naturalne \u2705 Zadbaj z nami o swoj\u0105 diet\u0119!","og_url":"https:\/\/dev.hempking.eu\/pl\/hepa-strong-complex-biowen-90-kapsulek\/","og_site_name":"Hemp King","article_publisher":"https:\/\/www.facebook.com\/hempkingpoland","article_modified_time":"2023-05-23T12:09:23+00:00","og_image":[{"width":1000,"height":1000,"url":"https:\/\/dev.hempking.eu\/pl\/wp-content\/uploads\/sites\/2\/2023\/03\/HEPASTRONG_COMPLEX.jpg","type":"image\/jpeg"}],"twitter_card":"summary_large_image","twitter_site":"@hempkingeu","twitter_misc":{"Price":"75.90&nbsp;&#122;&#322;","Availability":"In stock"},"schema":{"@context":"https:\/\/schema.org","@graph":[{"@type":"WebPage","@id":"https:\/\/dev.hempking.eu\/pl\/hepa-strong-complex-biowen-90-kapsulek\/","url":"https:\/\/dev.hempking.eu\/pl\/hepa-strong-complex-biowen-90-kapsulek\/","name":"Hepa Strong Complex+ Biowen - 90 kapsu\u0142ek - Hemp King","isPartOf":{"@id":"https:\/\/dev.hempking.eu\/pl\/#website"},"primaryImageOfPage":{"@id":"https:\/\/dev.hempking.eu\/pl\/hepa-strong-complex-biowen-90-kapsulek\/#primaryimage"},"image":{"@id":"https:\/\/dev.hempking.eu\/pl\/hepa-strong-complex-biowen-90-kapsulek\/#primaryimage"},"thumbnailUrl":"https:\/\/dev.hempking.eu\/pl\/wp-content\/uploads\/sites\/2\/2023\/03\/HEPASTRONG_COMPLEX.jpg","datePublished":"2023-03-29T08:20:37+00:00","dateModified":"2023-05-23T12:09:23+00:00","description":"Zobacz \u261b Hepa Strong Complex+ Biowen - 90 kapsu\u0142ek w konopnym sklepie HempKing \u2705100% naturalne \u2705 Zadbaj z nami o swoj\u0105 diet\u0119!","breadcrumb":{"@id":"https:\/\/dev.hempking.eu\/pl\/hepa-strong-complex-biowen-90-kapsulek\/#breadcrumb"},"inLanguage":"pl-PL","potentialAction":[{"@type":"ReadAction","target":["https:\/\/dev.hempking.eu\/pl\/hepa-strong-complex-biowen-90-kapsulek\/"]}]},{"@type":"ImageObject","inLanguage":"pl-PL","@id":"https:\/\/dev.hempking.eu\/pl\/hepa-strong-complex-biowen-90-kapsulek\/#primaryimage","url":"https:\/\/dev.hempking.eu\/pl\/wp-content\/uploads\/sites\/2\/2023\/03\/HEPASTRONG_COMPLEX.jpg","contentUrl":"https:\/\/dev.hempking.eu\/pl\/wp-content\/uploads\/sites\/2\/2023\/03\/HEPASTRONG_COMPLEX.jpg","width":1000,"height":1000,"caption":"Hepa Strong Complex+ Biowen 90 kapsu\u0142ek"},{"@type":"BreadcrumbList","@id":"https:\/\/dev.hempking.eu\/pl\/hepa-strong-complex-biowen-90-kapsulek\/#breadcrumb","itemListElement":[{"@type":"ListItem","position":1,"name":"Home","item":"https:\/\/dev.hempking.eu\/pl\/"},{"@type":"ListItem","position":2,"name":"Sklep","item":"https:\/\/dev.hempking.eu\/pl\/shop\/"},{"@type":"ListItem","position":3,"name":"Suplementy","item":"https:\/\/dev.hempking.eu\/pl\/suplementy\/"},{"@type":"ListItem","position":4,"name":"Hepa Strong Complex+ Biowen - 90 kapsu\u0142ek"}]},{"@type":"WebSite","@id":"https:\/\/dev.hempking.eu\/pl\/#website","url":"https:\/\/dev.hempking.eu\/pl\/","name":"Hemp King","description":"","publisher":{"@id":"https:\/\/dev.hempking.eu\/pl\/#organization"},"potentialAction":[{"@type":"SearchAction","target":{"@type":"EntryPoint","urlTemplate":"https:\/\/dev.hempking.eu\/pl\/?s={search_term_string}"},"query-input":{"@type":"PropertyValueSpecification","valueRequired":true,"valueName":"search_term_string"}}],"inLanguage":"pl-PL"},{"@type":"Organization","@id":"https:\/\/dev.hempking.eu\/pl\/#organization","name":"Hemp King","url":"https:\/\/dev.hempking.eu\/pl\/","logo":{"@type":"ImageObject","inLanguage":"pl-PL","@id":"https:\/\/dev.hempking.eu\/pl\/#\/schema\/logo\/image\/","url":"https:\/\/dev.hempking.eu\/pl\/wp-content\/uploads\/sites\/2\/2020\/05\/hempking.png","contentUrl":"https:\/\/dev.hempking.eu\/pl\/wp-content\/uploads\/sites\/2\/2020\/05\/hempking.png","width":148,"height":91,"caption":"Hemp King"},"image":{"@id":"https:\/\/dev.hempking.eu\/pl\/#\/schema\/logo\/image\/"},"sameAs":["https:\/\/www.facebook.com\/hempkingpoland","https:\/\/x.com\/hempkingeu","https:\/\/www.instagram.com\/hempkingeu\/","https:\/\/www.linkedin.com\/company\/hempking-eu\/mycompany\/","https:\/\/pl.pinterest.com\/hempkingeu\/","https:\/\/www.youtube.com\/channel\/UCUkeZA1fj4hSZfoYm0WpZ7w"]}]},"product_price_amount":"75.90","product_price_currency":"PLN","og_availability":"instock","product_availability":"instock","product_condition":"new"},"_links":{"self":[{"href":"https:\/\/dev.hempking.eu\/pl\/wp-json\/wp\/v2\/product\/131851","targetHints":{"allow":["GET"]}}],"collection":[{"href":"https:\/\/dev.hempking.eu\/pl\/wp-json\/wp\/v2\/product"}],"about":[{"href":"https:\/\/dev.hempking.eu\/pl\/wp-json\/wp\/v2\/types\/product"}],"wp:featuredmedia":[{"embeddable":true,"href":"https:\/\/dev.hempking.eu\/pl\/wp-json\/wp\/v2\/media\/131853"}],"wp:attachment":[{"href":"https:\/\/dev.hempking.eu\/pl\/wp-json\/wp\/v2\/media?parent=131851"}],"wp:term":[{"taxonomy":"product_cat","embeddable":true,"href":"https:\/\/dev.hempking.eu\/pl\/wp-json\/wp\/v2\/product_cat?post=131851"},{"taxonomy":"product_tag","embeddable":true,"href":"https:\/\/dev.hempking.eu\/pl\/wp-json\/wp\/v2\/product_tag?post=131851"}],"curies":[{"name":"wp","href":"https:\/\/api.w.org\/{rel}","templated":true}]}}