{"id":134270,"date":"2023-04-17T09:48:18","date_gmt":"2023-04-17T07:48:18","guid":{"rendered":"https:\/\/hempking.eu\/pl\/?post_type=product&#038;p=134270"},"modified":"2023-05-23T13:26:32","modified_gmt":"2023-05-23T11:26:32","slug":"witamina-b-complex-biowen-90-kapsulek","status":"publish","type":"product","link":"https:\/\/dev.hempking.eu\/pl\/witamina-b-complex-biowen-90-kapsulek\/","title":{"rendered":"Witamina B Complex + Biowen - 90 kapsu\u0142ek"},"content":{"rendered":"<h2><strong>Witamina B Complex &#8211; wega\u0144ski kompleks witamin z grupy B od Biowen<\/strong><\/h2>\n<p><span style=\"font-weight: 400\">Kompleks witamin B z opatentowanymi formu\u0142ami i wysokimi porcjami poszczeg\u00f3lnych sk\u0142adnik\u00f3w to produkt dla Ciebie idealny, je\u015bli szukasz wysokiej jako\u015bci suplementu. Witamina B &#8211; kiedy za\u017cywa\u0107? Wtedy gdy:\u00a0<\/span><\/p>\n<ul>\n<li style=\"font-weight: 400\"><span style=\"font-weight: 400\">chcesz wesprze\u0107 sw\u00f3j uk\u0142ad nerwowy,\u00a0<\/span><\/li>\n<li style=\"font-weight: 400\"><span style=\"font-weight: 400\">chcesz wesprze\u0107 swoje samopoczucie psychiczne,\u00a0<\/span><\/li>\n<li style=\"font-weight: 400\"><span style=\"font-weight: 400\">pragniesz zadba\u0107 o w\u0142osy, sk\u00f3r\u0119 i paznokcie,\u00a0<\/span><\/li>\n<li style=\"font-weight: 400\"><span style=\"font-weight: 400\">potrzebujesz wzmocni\u0107 swoj\u0105 odporno\u015b\u0107,\u00a0<\/span><\/li>\n<li style=\"font-weight: 400\"><span style=\"font-weight: 400\">oraz szukasz wsparcia w kontrolowaniu wagi!<\/span><\/li>\n<\/ul>\n<p><span style=\"font-weight: 400\">Witamina B Complex dostarczy Ci wa\u017cne witaminy B: B1 (Tiamina), B2 (Ryboflawina), B3 (Niacyna) &#8211; kwas nikotynowy, amid kwasu nikotynowego, B5 (kwas pantotenowy), B6 (P-5-P pirydoksalo\u20115-fosforan), B9 &#8211; Metylofolian (Quatrefolic\u00ae), B12 (metylokobalamina fermentowana). Sk\u0142adniki dodatkowo wspieraj\u0105ce dzia\u0142anie suplementu, kt\u00f3re zosta\u0142y u\u017cyte to: betaina bezwodna (Trimetyloglicyna TMG), cholina, kwas p-aminobenzoesowy (PABA), inozytol (Mio-inozytol), biotyna (D-Biotyna), nukleotydy, ekstrakt z pieprzu czarnego standaryzowany na 95% piperyny (Bioperine\u00ae).\u00a0<\/span><\/p>\n<p><span style=\"font-weight: 400\">Bogaty sk\u0142ad w wysokiej jako\u015bci sk\u0142adniki, kt\u00f3re wsp\u00f3lnie dzia\u0142aj\u0105 po to, by zapewni\u0107 Ci dobre samopoczucie, zadba\u0107 o Twoj\u0105 naturaln\u0105 odporno\u015b\u0107 i sprawi\u0107, \u017ce b\u0119dziesz zdrowo wygl\u0105da\u0107.\u00a0<\/span><\/p>\n<h2><strong>Kompleks witamin B 50 &#8211; czy warto go wybra\u0107?\u00a0<\/strong><\/h2>\n<p><span style=\"font-weight: 400\">Poza du\u017cymi ilo\u015bciami witamin z grupy B, dzi\u0119ki czemu dzienne zapotrzebowanie zaspokaja ju\u017c jedna kapsu\u0142ka suplementu, zastosowali\u015bmy r\u00f3wnie\u017c formy tych witamin, kt\u00f3re dobrze si\u0119 wch\u0142aniaj\u0105. Przyk\u0142adem mo\u017ce by\u0107 witamina B12 w formie metylokobalaminy fermentowanej, kt\u00f3ra jest lepsz\u0105 form\u0105 witaminy B12 od np. cyjanokobalaminy &#8211; syntetycznego odpowiednika. Pozostaje w naszym organizmie na d\u0142u\u017cej i \u015bwietnie si\u0119 wch\u0142ania &#8211; dlatego osoby z zaburzeniami wch\u0142aniania powinny zwraca\u0107 szczeg\u00f3ln\u0105 uwag\u0119 na form\u0119 tej witaminy.\u00a0<\/span><\/p>\n<p><span style=\"font-weight: 400\">Innym wyr\u00f3\u017cnikiem, na kt\u00f3ry warto zwr\u00f3ci\u0107 uwag\u0119, jest zawarto\u015b\u0107 nukleotyd\u00f3w w 5 formach: uridine monophosphate, cytidine monophosphate, inosine monophosphate, adenosine monophosphate, guanoside monophosphate.\u00a0<\/span><\/p>\n<p>Warto tak\u017ce zaznaczy\u0107, \u017ce w tym suplemencie zosta\u0142a zawarta aktywna forma B6 (P-5-P) oraz aktywny kwas foliowy. Dodatkowo zawiera TMG &#8211; sk\u0142adnik stanowi\u0105cy wsparcie procesu metylacji.<\/p>\n<p><span style=\"font-weight: 400\">Wybieraj\u0105c ca\u0142y kompleks witamin B nie musisz spo\u017cywa\u0107 ka\u017cdej z nich osobno. To wygoda i du\u017ca oszcz\u0119dno\u015b\u0107 czasu!<\/span><\/p>\n<h2><strong>Witamina B complex &#8211; lek czy suplement?<\/strong><\/h2>\n<p><span style=\"font-weight: 400\">Nasza Witamina B Complex+ to wyj\u0105tkowy suplement, kt\u00f3ry zawiera du\u017ce ilo\u015bci witamin z grupy B, jak i inne sk\u0142adniki, kt\u00f3re stanowi\u0105 wsparcie dla Twojego organizmu. Ten suplement ma czysty sk\u0142ad, wolny od kontrowersyjnych sk\u0142adnik\u00f3w. Specjalnie stworzona formu\u0142a, by da\u0107 Ci jak najwi\u0119cej z suplementacji, zosta\u0142a zamkni\u0119ta w wega\u0144skiej kapsu\u0142ce. <\/span><\/p>\n","protected":false},"excerpt":{"rendered":"<h2><strong>Kompleks witamin B:\u00a0<\/strong><\/h2>\n<ul>\n<li>dobrze przyswajalne formu\u0142y,<\/li>\n<li>zawiera TMG oraz metylowane aktywne formy witaminy B<\/li>\n<li>wystarcza na 90 dni stosowania,<\/li>\n<li>wega\u0144ska kapsu\u0142ka,<\/li>\n<li>dodatek kompleksu nukleotyd\u00f3w,<\/li>\n<li>dla wsparcia: uk\u0142adu nerwowego, odporno\u015bci, kontroli wagi, zdrowia sk\u00f3ry, w\u0142os\u00f3w i paznokci.<\/li>\n<\/ul>\n<p><strong>90 kapsu\u0142ek<\/strong><\/p>\n","protected":false},"featured_media":134272,"template":"","meta":{"_acf_changed":false},"product_cat":[422,408,96,34],"product_tag":[],"class_list":{"0":"post-134270","1":"product","2":"type-product","3":"status-publish","4":"has-post-thumbnail","6":"product_cat-suplementy-na-lepszy-nastroj","7":"product_cat-witaminy","8":"product_cat-suplementy","9":"product_cat-nowosci","11":"first","12":"instock","13":"shipping-taxable","14":"purchasable","15":"product-type-simple"},"acf":[],"yoast_head":"<!-- This site is optimized with the Yoast SEO Premium plugin v23.4 (Yoast SEO v24.0) - https:\/\/yoast.com\/wordpress\/plugins\/seo\/ -->\n<title>Witamina B Complex + Biowen - 90 kapsu\u0142ek - Hemp King<\/title>\n<meta name=\"description\" content=\"Zobacz \u261b Witamina B Complex + Biowen - 90 kapsu\u0142ek w konopnym sklepie HempKing \u2705100% naturalne \u2705 Zadbaj z nami o swoj\u0105 diet\u0119!\" \/>\n<link rel=\"canonical\" href=\"https:\/\/dev.hempking.eu\/pl\/witamina-b-complex-biowen-90-kapsulek\/\" \/>\n<meta property=\"og:locale\" content=\"pl_PL\" \/>\n<meta property=\"og:type\" content=\"article\" \/>\n<meta property=\"og:title\" content=\"Witamina B Complex + Biowen - 90 kapsu\u0142ek - Hemp King\" \/>\n<meta property=\"og:description\" content=\"Zobacz \u261b Witamina B Complex + Biowen - 90 kapsu\u0142ek w konopnym sklepie HempKing \u2705100% naturalne \u2705 Zadbaj z nami o swoj\u0105 diet\u0119!\" \/>\n<meta property=\"og:url\" content=\"https:\/\/dev.hempking.eu\/pl\/witamina-b-complex-biowen-90-kapsulek\/\" \/>\n<meta property=\"og:site_name\" content=\"Hemp King\" \/>\n<meta property=\"article:publisher\" content=\"https:\/\/www.facebook.com\/hempkingpoland\" \/>\n<meta property=\"article:modified_time\" content=\"2023-05-23T11:26:32+00:00\" \/>\n<meta property=\"og:image\" content=\"https:\/\/dev.hempking.eu\/pl\/wp-content\/uploads\/sites\/2\/2023\/04\/b_complex_hempking.jpg\" \/>\n\t<meta property=\"og:image:width\" content=\"1000\" \/>\n\t<meta property=\"og:image:height\" content=\"1000\" \/>\n\t<meta property=\"og:image:type\" content=\"image\/jpeg\" \/>\n<meta name=\"twitter:card\" content=\"summary_large_image\" \/>\n<meta name=\"twitter:title\" content=\"Witamina B Complex + Biowen - 90 kapsu\u0142ek - Hemp King\" \/>\n<meta name=\"twitter:description\" content=\"Zobacz \u261b Witamina B Complex + Biowen - 90 kapsu\u0142ek w konopnym sklepie HempKing \u2705100% naturalne \u2705 Zadbaj z nami o swoj\u0105 diet\u0119!\" \/>\n<meta name=\"twitter:site\" content=\"@hempkingeu\" \/>\n<meta name=\"twitter:label1\" content=\"Price\" \/>\n\t<meta name=\"twitter:data1\" content=\"75.90&nbsp;&#122;&#322;\" \/>\n\t<meta name=\"twitter:label2\" content=\"Availability\" \/>\n\t<meta name=\"twitter:data2\" content=\"In stock\" \/>\n<script type=\"application\/ld+json\" class=\"yoast-schema-graph\">{\"@context\":\"https:\/\/schema.org\",\"@graph\":[{\"@type\":\"WebPage\",\"@id\":\"https:\/\/dev.hempking.eu\/pl\/witamina-b-complex-biowen-90-kapsulek\/\",\"url\":\"https:\/\/dev.hempking.eu\/pl\/witamina-b-complex-biowen-90-kapsulek\/\",\"name\":\"Witamina B Complex + Biowen - 90 kapsu\u0142ek - Hemp King\",\"isPartOf\":{\"@id\":\"https:\/\/dev.hempking.eu\/pl\/#website\"},\"primaryImageOfPage\":{\"@id\":\"https:\/\/dev.hempking.eu\/pl\/witamina-b-complex-biowen-90-kapsulek\/#primaryimage\"},\"image\":{\"@id\":\"https:\/\/dev.hempking.eu\/pl\/witamina-b-complex-biowen-90-kapsulek\/#primaryimage\"},\"thumbnailUrl\":\"https:\/\/dev.hempking.eu\/pl\/wp-content\/uploads\/sites\/2\/2023\/04\/b_complex_hempking.jpg\",\"datePublished\":\"2023-04-17T07:48:18+00:00\",\"dateModified\":\"2023-05-23T11:26:32+00:00\",\"description\":\"Zobacz \u261b Witamina B Complex + Biowen - 90 kapsu\u0142ek w konopnym sklepie HempKing \u2705100% naturalne \u2705 Zadbaj z nami o swoj\u0105 diet\u0119!\",\"breadcrumb\":{\"@id\":\"https:\/\/dev.hempking.eu\/pl\/witamina-b-complex-biowen-90-kapsulek\/#breadcrumb\"},\"inLanguage\":\"pl-PL\",\"potentialAction\":[{\"@type\":\"ReadAction\",\"target\":[\"https:\/\/dev.hempking.eu\/pl\/witamina-b-complex-biowen-90-kapsulek\/\"]}]},{\"@type\":\"ImageObject\",\"inLanguage\":\"pl-PL\",\"@id\":\"https:\/\/dev.hempking.eu\/pl\/witamina-b-complex-biowen-90-kapsulek\/#primaryimage\",\"url\":\"https:\/\/dev.hempking.eu\/pl\/wp-content\/uploads\/sites\/2\/2023\/04\/b_complex_hempking.jpg\",\"contentUrl\":\"https:\/\/dev.hempking.eu\/pl\/wp-content\/uploads\/sites\/2\/2023\/04\/b_complex_hempking.jpg\",\"width\":1000,\"height\":1000,\"caption\":\"Witamina B Complex Biowen 90 kapsu\u0142ek\"},{\"@type\":\"BreadcrumbList\",\"@id\":\"https:\/\/dev.hempking.eu\/pl\/witamina-b-complex-biowen-90-kapsulek\/#breadcrumb\",\"itemListElement\":[{\"@type\":\"ListItem\",\"position\":1,\"name\":\"Home\",\"item\":\"https:\/\/dev.hempking.eu\/pl\/\"},{\"@type\":\"ListItem\",\"position\":2,\"name\":\"Sklep\",\"item\":\"https:\/\/dev.hempking.eu\/pl\/shop\/\"},{\"@type\":\"ListItem\",\"position\":3,\"name\":\"Witaminy i minera\u0142y\",\"item\":\"https:\/\/dev.hempking.eu\/pl\/witaminy-i-mineraly\/\"},{\"@type\":\"ListItem\",\"position\":4,\"name\":\"Witaminy\",\"item\":\"https:\/\/dev.hempking.eu\/pl\/witaminy\/\"},{\"@type\":\"ListItem\",\"position\":5,\"name\":\"Witamina B Complex + Biowen - 90 kapsu\u0142ek\"}]},{\"@type\":\"WebSite\",\"@id\":\"https:\/\/dev.hempking.eu\/pl\/#website\",\"url\":\"https:\/\/dev.hempking.eu\/pl\/\",\"name\":\"Hemp King\",\"description\":\"\",\"publisher\":{\"@id\":\"https:\/\/dev.hempking.eu\/pl\/#organization\"},\"potentialAction\":[{\"@type\":\"SearchAction\",\"target\":{\"@type\":\"EntryPoint\",\"urlTemplate\":\"https:\/\/dev.hempking.eu\/pl\/?s={search_term_string}\"},\"query-input\":{\"@type\":\"PropertyValueSpecification\",\"valueRequired\":true,\"valueName\":\"search_term_string\"}}],\"inLanguage\":\"pl-PL\"},{\"@type\":\"Organization\",\"@id\":\"https:\/\/dev.hempking.eu\/pl\/#organization\",\"name\":\"Hemp King\",\"url\":\"https:\/\/dev.hempking.eu\/pl\/\",\"logo\":{\"@type\":\"ImageObject\",\"inLanguage\":\"pl-PL\",\"@id\":\"https:\/\/dev.hempking.eu\/pl\/#\/schema\/logo\/image\/\",\"url\":\"https:\/\/dev.hempking.eu\/pl\/wp-content\/uploads\/sites\/2\/2020\/05\/hempking.png\",\"contentUrl\":\"https:\/\/dev.hempking.eu\/pl\/wp-content\/uploads\/sites\/2\/2020\/05\/hempking.png\",\"width\":148,\"height\":91,\"caption\":\"Hemp King\"},\"image\":{\"@id\":\"https:\/\/dev.hempking.eu\/pl\/#\/schema\/logo\/image\/\"},\"sameAs\":[\"https:\/\/www.facebook.com\/hempkingpoland\",\"https:\/\/x.com\/hempkingeu\",\"https:\/\/www.instagram.com\/hempkingeu\/\",\"https:\/\/www.linkedin.com\/company\/hempking-eu\/mycompany\/\",\"https:\/\/pl.pinterest.com\/hempkingeu\/\",\"https:\/\/www.youtube.com\/channel\/UCUkeZA1fj4hSZfoYm0WpZ7w\"]}]}<\/script>\n<meta property=\"product:price:amount\" content=\"75.90\" \/>\n<meta property=\"product:price:currency\" content=\"PLN\" \/>\n<meta property=\"og:availability\" content=\"instock\" \/>\n<meta property=\"product:availability\" content=\"instock\" \/>\n<meta property=\"product:condition\" content=\"new\" \/>\n<!-- \/ Yoast SEO Premium plugin. -->","yoast_head_json":{"title":"Witamina B Complex + Biowen - 90 kapsu\u0142ek - Hemp King","description":"Zobacz \u261b Witamina B Complex + Biowen - 90 kapsu\u0142ek w konopnym sklepie HempKing \u2705100% naturalne \u2705 Zadbaj z nami o swoj\u0105 diet\u0119!","canonical":"https:\/\/dev.hempking.eu\/pl\/witamina-b-complex-biowen-90-kapsulek\/","og_locale":"pl_PL","og_type":"article","og_title":"Witamina B Complex + Biowen - 90 kapsu\u0142ek - Hemp King","og_description":"Zobacz \u261b Witamina B Complex + Biowen - 90 kapsu\u0142ek w konopnym sklepie HempKing \u2705100% naturalne \u2705 Zadbaj z nami o swoj\u0105 diet\u0119!","og_url":"https:\/\/dev.hempking.eu\/pl\/witamina-b-complex-biowen-90-kapsulek\/","og_site_name":"Hemp King","article_publisher":"https:\/\/www.facebook.com\/hempkingpoland","article_modified_time":"2023-05-23T11:26:32+00:00","og_image":[{"width":1000,"height":1000,"url":"https:\/\/dev.hempking.eu\/pl\/wp-content\/uploads\/sites\/2\/2023\/04\/b_complex_hempking.jpg","type":"image\/jpeg"}],"twitter_card":"summary_large_image","twitter_title":"Witamina B Complex + Biowen - 90 kapsu\u0142ek - Hemp King","twitter_description":"Zobacz \u261b Witamina B Complex + Biowen - 90 kapsu\u0142ek w konopnym sklepie HempKing \u2705100% naturalne \u2705 Zadbaj z nami o swoj\u0105 diet\u0119!","twitter_site":"@hempkingeu","twitter_misc":{"Price":"75.90&nbsp;&#122;&#322;","Availability":"In stock"},"schema":{"@context":"https:\/\/schema.org","@graph":[{"@type":"WebPage","@id":"https:\/\/dev.hempking.eu\/pl\/witamina-b-complex-biowen-90-kapsulek\/","url":"https:\/\/dev.hempking.eu\/pl\/witamina-b-complex-biowen-90-kapsulek\/","name":"Witamina B Complex + Biowen - 90 kapsu\u0142ek - Hemp King","isPartOf":{"@id":"https:\/\/dev.hempking.eu\/pl\/#website"},"primaryImageOfPage":{"@id":"https:\/\/dev.hempking.eu\/pl\/witamina-b-complex-biowen-90-kapsulek\/#primaryimage"},"image":{"@id":"https:\/\/dev.hempking.eu\/pl\/witamina-b-complex-biowen-90-kapsulek\/#primaryimage"},"thumbnailUrl":"https:\/\/dev.hempking.eu\/pl\/wp-content\/uploads\/sites\/2\/2023\/04\/b_complex_hempking.jpg","datePublished":"2023-04-17T07:48:18+00:00","dateModified":"2023-05-23T11:26:32+00:00","description":"Zobacz \u261b Witamina B Complex + Biowen - 90 kapsu\u0142ek w konopnym sklepie HempKing \u2705100% naturalne \u2705 Zadbaj z nami o swoj\u0105 diet\u0119!","breadcrumb":{"@id":"https:\/\/dev.hempking.eu\/pl\/witamina-b-complex-biowen-90-kapsulek\/#breadcrumb"},"inLanguage":"pl-PL","potentialAction":[{"@type":"ReadAction","target":["https:\/\/dev.hempking.eu\/pl\/witamina-b-complex-biowen-90-kapsulek\/"]}]},{"@type":"ImageObject","inLanguage":"pl-PL","@id":"https:\/\/dev.hempking.eu\/pl\/witamina-b-complex-biowen-90-kapsulek\/#primaryimage","url":"https:\/\/dev.hempking.eu\/pl\/wp-content\/uploads\/sites\/2\/2023\/04\/b_complex_hempking.jpg","contentUrl":"https:\/\/dev.hempking.eu\/pl\/wp-content\/uploads\/sites\/2\/2023\/04\/b_complex_hempking.jpg","width":1000,"height":1000,"caption":"Witamina B Complex Biowen 90 kapsu\u0142ek"},{"@type":"BreadcrumbList","@id":"https:\/\/dev.hempking.eu\/pl\/witamina-b-complex-biowen-90-kapsulek\/#breadcrumb","itemListElement":[{"@type":"ListItem","position":1,"name":"Home","item":"https:\/\/dev.hempking.eu\/pl\/"},{"@type":"ListItem","position":2,"name":"Sklep","item":"https:\/\/dev.hempking.eu\/pl\/shop\/"},{"@type":"ListItem","position":3,"name":"Witaminy i minera\u0142y","item":"https:\/\/dev.hempking.eu\/pl\/witaminy-i-mineraly\/"},{"@type":"ListItem","position":4,"name":"Witaminy","item":"https:\/\/dev.hempking.eu\/pl\/witaminy\/"},{"@type":"ListItem","position":5,"name":"Witamina B Complex + Biowen - 90 kapsu\u0142ek"}]},{"@type":"WebSite","@id":"https:\/\/dev.hempking.eu\/pl\/#website","url":"https:\/\/dev.hempking.eu\/pl\/","name":"Hemp King","description":"","publisher":{"@id":"https:\/\/dev.hempking.eu\/pl\/#organization"},"potentialAction":[{"@type":"SearchAction","target":{"@type":"EntryPoint","urlTemplate":"https:\/\/dev.hempking.eu\/pl\/?s={search_term_string}"},"query-input":{"@type":"PropertyValueSpecification","valueRequired":true,"valueName":"search_term_string"}}],"inLanguage":"pl-PL"},{"@type":"Organization","@id":"https:\/\/dev.hempking.eu\/pl\/#organization","name":"Hemp King","url":"https:\/\/dev.hempking.eu\/pl\/","logo":{"@type":"ImageObject","inLanguage":"pl-PL","@id":"https:\/\/dev.hempking.eu\/pl\/#\/schema\/logo\/image\/","url":"https:\/\/dev.hempking.eu\/pl\/wp-content\/uploads\/sites\/2\/2020\/05\/hempking.png","contentUrl":"https:\/\/dev.hempking.eu\/pl\/wp-content\/uploads\/sites\/2\/2020\/05\/hempking.png","width":148,"height":91,"caption":"Hemp King"},"image":{"@id":"https:\/\/dev.hempking.eu\/pl\/#\/schema\/logo\/image\/"},"sameAs":["https:\/\/www.facebook.com\/hempkingpoland","https:\/\/x.com\/hempkingeu","https:\/\/www.instagram.com\/hempkingeu\/","https:\/\/www.linkedin.com\/company\/hempking-eu\/mycompany\/","https:\/\/pl.pinterest.com\/hempkingeu\/","https:\/\/www.youtube.com\/channel\/UCUkeZA1fj4hSZfoYm0WpZ7w"]}]},"product_price_amount":"75.90","product_price_currency":"PLN","og_availability":"instock","product_availability":"instock","product_condition":"new"},"_links":{"self":[{"href":"https:\/\/dev.hempking.eu\/pl\/wp-json\/wp\/v2\/product\/134270","targetHints":{"allow":["GET"]}}],"collection":[{"href":"https:\/\/dev.hempking.eu\/pl\/wp-json\/wp\/v2\/product"}],"about":[{"href":"https:\/\/dev.hempking.eu\/pl\/wp-json\/wp\/v2\/types\/product"}],"wp:featuredmedia":[{"embeddable":true,"href":"https:\/\/dev.hempking.eu\/pl\/wp-json\/wp\/v2\/media\/134272"}],"wp:attachment":[{"href":"https:\/\/dev.hempking.eu\/pl\/wp-json\/wp\/v2\/media?parent=134270"}],"wp:term":[{"taxonomy":"product_cat","embeddable":true,"href":"https:\/\/dev.hempking.eu\/pl\/wp-json\/wp\/v2\/product_cat?post=134270"},{"taxonomy":"product_tag","embeddable":true,"href":"https:\/\/dev.hempking.eu\/pl\/wp-json\/wp\/v2\/product_tag?post=134270"}],"curies":[{"name":"wp","href":"https:\/\/api.w.org\/{rel}","templated":true}]}}