{"id":46204,"date":"2020-09-29T10:39:44","date_gmt":"2020-09-29T08:39:44","guid":{"rendered":"https:\/\/hempking.eu\/pl\/?post_type=product&#038;p=46204"},"modified":"2023-04-18T12:45:03","modified_gmt":"2023-04-18T10:45:03","slug":"zestaw-olej-cbd-5-olej-cbg-5","status":"publish","type":"product","link":"https:\/\/dev.hempking.eu\/pl\/zestaw-olej-cbd-5-olej-cbg-5\/","title":{"rendered":"Zestaw: Olej CBD 5% + + CBDA, CBC, CBGA, CBG, CBDV, CBN+ Olej CBG 5% +CBD, CBDA, CBC, CBGA, CBDV, CBN"},"content":{"rendered":"<h2><strong>Olej konopny 5% i olej Green 5% \u2013 efekt synergii produkt\u00f3w zawieraj\u0105cych naturalne fitosk\u0142adniki<\/strong><\/h2>\n<p>Bestsellerowy olej konopny z fitosk\u0142adnikami o st\u0119\u017ceniu 5% w zestawie z niezwykle warto\u015bciowym olejem Green 5%. Te dwa pe\u0142nowymiarowe produkty stanowi\u0105 wsparcie Twojej diety o fitosk\u0142adniki naturalnie zawarte w oleju konopnym, czyli CBD, CBDA, CBC, CBGA, CBG, CBDV i CBN.<\/p>\n<h2><strong>Olej konopny 5% Full Spectrum \u2013 10ml<\/strong><\/h2>\n<ul>\n<li>Wysoka zawarto\u015b\u0107 naturalnego fitosk\u0142adnika CBD \u2013 ponad 500 mg<\/li>\n<li><strong>Pe\u0142ne spektrum fitosk\u0142adnik\u00f3w naturalnie wyst\u0119puj\u0105cych w konopiach: CBD, CBDA, CBC, CBGA, CBG, CBDV, CBN<\/strong><\/li>\n<li>Naturalne terpeny, flawonoidy, fenole<\/li>\n<li>Zawiera nienasycone kwasy t\u0142uszczowe: omega-3, omega-6 oraz omega-9<\/li>\n<li>1 kropla \u2013 to ponad 2,5 mg fitosk\u0142adnika<\/li>\n<li><strong>Produkt jest przebadany i posiada atesty\u00a0<\/strong><\/li>\n<li>Produkcja odbywa si\u0119 bez u\u017cycia rozpuszczalnik\u00f3w i syntetycznego lub krystalicznego fitosk\u0142adnika<\/li>\n<li>Jest w 100% naturalny<\/li>\n<li>Pojemno\u015b\u0107: 10ml<\/li>\n<\/ul>\n<h2><strong>Olej konopny Green 5% to:<\/strong><\/h2>\n<ul>\n<li>Wysoka zawarto\u015b\u0107 fitosk\u0142adnika CBG- a\u017c 500 mg<\/li>\n<li><strong>Pe\u0142ne spektrum innych fitosk\u0142adnik\u00f3w &#8211; naturalnie wyst\u0119puj\u0105cych w konopiach zwi\u0105zk\u00f3w ro\u015blinnych CBD, CBDA, CBC, CBGA, CBG, CBDV, CBN<\/strong><\/li>\n<li>zawiera terpeny, fenole i flawonoidy<\/li>\n<li>Nienasycone kwasy t\u0142uszczowe: omega-3, omega-6 oraz omega-9<\/li>\n<li>1 kropla \u2013 ponad 2,5 mg fitosk\u0142adnika<\/li>\n<li><strong>Jako\u015b\u0107 poddawana ci\u0105g\u0142ej kontroli<\/strong><\/li>\n<li>Olej nie jest sztucznie wzbogacany<\/li>\n<li>100% naturalny produkt<\/li>\n<li>Pojemno\u015b\u0107: 10ml<\/li>\n<\/ul>\n<p><strong>Produkty mo\u017cesz r\u00f3wnie\u017c kupi\u0107 osobno:<\/strong><\/p>\n<ul>\n<li><a href=\"https:\/\/dev.hempking.eu\/pl\/olej-cbd-5\/\">Olej CBD 5%<\/a> z naturalnymi zwi\u0105zkami ro\u015blinnymi<\/li>\n<li><a href=\"https:\/\/dev.hempking.eu\/pl\/olej-cbg-gold-5-10ml\/\">Olej CBG 5% <\/a>z naturalnymi zwi\u0105zkami ro\u015blinnymi<\/li>\n<\/ul>\n<p><a href=\"https:\/\/dev.hempking.eu\/pl\/wp-content\/uploads\/sites\/2\/2020\/07\/warunki4-1.jpg\"><img loading=\"lazy\" decoding=\"async\" class=\"alignnone wp-image-104414 size-full\" src=\"https:\/\/dev.hempking.eu\/pl\/wp-content\/uploads\/sites\/2\/2020\/07\/warunki4-1.jpg\" alt=\"o\u015bwiadczenia CBD w UE\" width=\"755\" height=\"353\" srcset=\"https:\/\/dev.hempking.eu\/pl\/wp-content\/uploads\/sites\/2\/2020\/07\/warunki4-1.jpg 755w, https:\/\/dev.hempking.eu\/pl\/wp-content\/uploads\/sites\/2\/2020\/07\/warunki4-1-640x299.jpg 640w, https:\/\/dev.hempking.eu\/pl\/wp-content\/uploads\/sites\/2\/2020\/07\/warunki4-1-400x187.jpg 400w\" sizes=\"auto, (max-width: 755px) 100vw, 755px\" \/><\/a><\/p>\n<p><a href=\"https:\/\/dev.hempking.eu\/pl\/wp-content\/uploads\/sites\/2\/2020\/07\/warunki_4.jpg\"><img loading=\"lazy\" decoding=\"async\" class=\"alignnone size-full wp-image-100623\" src=\"https:\/\/dev.hempking.eu\/pl\/wp-content\/uploads\/sites\/2\/2020\/07\/warunki_4.jpg\" alt=\"fito sk\u0142adniki novel food\" width=\"755\" height=\"237\" srcset=\"https:\/\/dev.hempking.eu\/pl\/wp-content\/uploads\/sites\/2\/2020\/07\/warunki_4.jpg 755w, https:\/\/dev.hempking.eu\/pl\/wp-content\/uploads\/sites\/2\/2020\/07\/warunki_4-640x201.jpg 640w, https:\/\/dev.hempking.eu\/pl\/wp-content\/uploads\/sites\/2\/2020\/07\/warunki_4-400x126.jpg 400w\" sizes=\"auto, (max-width: 755px) 100vw, 755px\" \/><\/a><\/p>\n","protected":false},"excerpt":{"rendered":"<h2><strong>Zestaw zawiera:<\/strong><\/h2>\n<ul>\n<li><a href=\"https:\/\/dev.hempking.eu\/pl\/olej-cbd-natural-5-500mg-10ml\/\" target=\"_blank\" rel=\"noopener\">Olej Natural 5%<\/a> &#8211; 10ml &#8211; <strong>109<\/strong> <strong>z\u0142<\/strong><\/li>\n<li><a href=\"https:\/\/dev.hempking.eu\/pl\/olej-cbg-gold-5-10ml\/\" target=\"_blank\" rel=\"noopener\">Olej Green 5%<\/a> &#8211; 10ml &#8211; <strong>109<\/strong> <strong>z\u0142<\/strong><\/li>\n<\/ul>\n<p><strong>Kupuj\u0105c w zestawie oszcz\u0119dzasz 15%!<\/strong><\/p>\n<ul>\n<li>Oba oleje zawieraj\u0105 pe\u0142ne spectrum fitosk\u0142anik\u00f3w naturalnie wyst\u0119puj\u0105cych w przyrodzie: <strong>CBD, CBDA, CBC, CBGA, CBG, CBDV, CBN<\/strong><\/li>\n<li><a href=\"https:\/\/dev.hempking.eu\/wp-content\/certificates\/2020.12.09-Biodio-CLO-2607_20.pdf\">Badanie st\u0119\u017cenia fitosk\u0142adnik\u00f3w w olejku 5% Green<\/a><\/li>\n<li><a href=\"https:\/\/dev.hempking.eu\/wp-content\/certificates\/2021.07.27-Biodio-2178-21.pdf\">Badania na zawarto\u015b\u0107 fitosk\u0142adnik\u00f3w w olejku konopnych 5%<\/a><\/li>\n<\/ul>\n","protected":false},"featured_media":46205,"template":"","meta":{"_acf_changed":false},"product_cat":[38,122,21,33],"product_tag":[],"class_list":{"0":"post-46204","1":"product","2":"type-product","3":"status-publish","4":"has-post-thumbnail","6":"product_cat-olej-cbd-5","7":"product_cat-olej-konopny-full-spectrum","8":"product_cat-olej-cbg","9":"product_cat-zestawy","11":"first","12":"instock","13":"sale","14":"shipping-taxable","15":"purchasable","16":"product-type-simple"},"acf":[],"yoast_head":"<!-- This site is optimized with the Yoast SEO Premium plugin v23.4 (Yoast SEO v24.0) - https:\/\/yoast.com\/wordpress\/plugins\/seo\/ -->\n<title>Zestaw: Olej CBD 5% + + CBDA, CBC, CBGA, CBG, CBDV, CBN+ Olej CBG 5% +CBD, CBDA, CBC, CBGA, CBDV, CBN - Hemp King<\/title>\n<meta name=\"description\" content=\"Zobacz \u261b Zestaw: Olej CBD 5% + + CBDA, CBC, CBGA, CBG, CBDV, CBN+ Olej CBG 5% +CBD, CBDA, CBC, CBGA, CBDV, CBN w konopnym sklepie HempKing \u2705100% naturalne \u2705 Zadbaj z nami o swoj\u0105 diet\u0119!\" \/>\n<link rel=\"canonical\" href=\"https:\/\/dev.hempking.eu\/pl\/zestaw-olej-cbd-5-olej-cbg-5\/\" \/>\n<meta property=\"og:locale\" content=\"pl_PL\" \/>\n<meta property=\"og:type\" content=\"article\" \/>\n<meta property=\"og:title\" content=\"Zestaw: Olej CBD 5% + + CBDA, CBC, CBGA, CBG, CBDV, CBN+ Olej CBG 5% +CBD, CBDA, CBC, CBGA, CBDV, CBN\" \/>\n<meta property=\"og:description\" content=\"Zobacz \u261b Zestaw: Olej CBD 5% + + CBDA, CBC, CBGA, CBG, CBDV, CBN+ Olej CBG 5% +CBD, CBDA, CBC, CBGA, CBDV, CBN w konopnym sklepie HempKing \u2705100% naturalne \u2705 Zadbaj z nami o swoj\u0105 diet\u0119!\" \/>\n<meta property=\"og:url\" content=\"https:\/\/dev.hempking.eu\/pl\/zestaw-olej-cbd-5-olej-cbg-5\/\" \/>\n<meta property=\"og:site_name\" content=\"Hemp King\" \/>\n<meta property=\"article:publisher\" content=\"https:\/\/www.facebook.com\/hempkingpoland\" \/>\n<meta property=\"article:modified_time\" content=\"2023-04-18T10:45:03+00:00\" \/>\n<meta property=\"og:image\" content=\"https:\/\/dev.hempking.eu\/pl\/wp-content\/uploads\/sites\/2\/2020\/09\/5_CBG.jpg\" \/>\n\t<meta property=\"og:image:width\" content=\"1000\" \/>\n\t<meta property=\"og:image:height\" content=\"1000\" \/>\n\t<meta property=\"og:image:type\" content=\"image\/jpeg\" \/>\n<meta name=\"twitter:card\" content=\"summary_large_image\" \/>\n<meta name=\"twitter:site\" content=\"@hempkingeu\" \/>\n<meta name=\"twitter:label1\" content=\"Price\" \/>\n\t<meta name=\"twitter:data1\" content=\"141.70&nbsp;&#122;&#322;\" \/>\n\t<meta name=\"twitter:label2\" content=\"Availability\" \/>\n\t<meta name=\"twitter:data2\" content=\"In stock\" \/>\n<script type=\"application\/ld+json\" class=\"yoast-schema-graph\">{\"@context\":\"https:\/\/schema.org\",\"@graph\":[{\"@type\":\"WebPage\",\"@id\":\"https:\/\/dev.hempking.eu\/pl\/zestaw-olej-cbd-5-olej-cbg-5\/\",\"url\":\"https:\/\/dev.hempking.eu\/pl\/zestaw-olej-cbd-5-olej-cbg-5\/\",\"name\":\"Zestaw: Olej CBD 5% + + CBDA, CBC, CBGA, CBG, CBDV, CBN+ Olej CBG 5% +CBD, CBDA, CBC, CBGA, CBDV, CBN - Hemp King\",\"isPartOf\":{\"@id\":\"https:\/\/dev.hempking.eu\/pl\/#website\"},\"primaryImageOfPage\":{\"@id\":\"https:\/\/dev.hempking.eu\/pl\/zestaw-olej-cbd-5-olej-cbg-5\/#primaryimage\"},\"image\":{\"@id\":\"https:\/\/dev.hempking.eu\/pl\/zestaw-olej-cbd-5-olej-cbg-5\/#primaryimage\"},\"thumbnailUrl\":\"https:\/\/dev.hempking.eu\/pl\/wp-content\/uploads\/sites\/2\/2020\/09\/5_CBG.jpg\",\"datePublished\":\"2020-09-29T08:39:44+00:00\",\"dateModified\":\"2023-04-18T10:45:03+00:00\",\"description\":\"Zobacz \u261b Zestaw: Olej CBD 5% + + CBDA, CBC, CBGA, CBG, CBDV, CBN+ Olej CBG 5% +CBD, CBDA, CBC, CBGA, CBDV, CBN w konopnym sklepie HempKing \u2705100% naturalne \u2705 Zadbaj z nami o swoj\u0105 diet\u0119!\",\"breadcrumb\":{\"@id\":\"https:\/\/dev.hempking.eu\/pl\/zestaw-olej-cbd-5-olej-cbg-5\/#breadcrumb\"},\"inLanguage\":\"pl-PL\",\"potentialAction\":[{\"@type\":\"ReadAction\",\"target\":[\"https:\/\/dev.hempking.eu\/pl\/zestaw-olej-cbd-5-olej-cbg-5\/\"]}]},{\"@type\":\"ImageObject\",\"inLanguage\":\"pl-PL\",\"@id\":\"https:\/\/dev.hempking.eu\/pl\/zestaw-olej-cbd-5-olej-cbg-5\/#primaryimage\",\"url\":\"https:\/\/dev.hempking.eu\/pl\/wp-content\/uploads\/sites\/2\/2020\/09\/5_CBG.jpg\",\"contentUrl\":\"https:\/\/dev.hempking.eu\/pl\/wp-content\/uploads\/sites\/2\/2020\/09\/5_CBG.jpg\",\"width\":1000,\"height\":1000,\"caption\":\"zestaw CBD + CBG\"},{\"@type\":\"BreadcrumbList\",\"@id\":\"https:\/\/dev.hempking.eu\/pl\/zestaw-olej-cbd-5-olej-cbg-5\/#breadcrumb\",\"itemListElement\":[{\"@type\":\"ListItem\",\"position\":1,\"name\":\"Home\",\"item\":\"https:\/\/dev.hempking.eu\/pl\/\"},{\"@type\":\"ListItem\",\"position\":2,\"name\":\"Sklep\",\"item\":\"https:\/\/dev.hempking.eu\/pl\/shop\/\"},{\"@type\":\"ListItem\",\"position\":3,\"name\":\"Olej CBG\",\"item\":\"https:\/\/dev.hempking.eu\/pl\/olej-cbg\/\"},{\"@type\":\"ListItem\",\"position\":4,\"name\":\"Zestaw: Olej CBD 5% + + CBDA, CBC, CBGA, CBG, CBDV, CBN+ Olej CBG 5% +CBD, CBDA, CBC, CBGA, CBDV, CBN\"}]},{\"@type\":\"WebSite\",\"@id\":\"https:\/\/dev.hempking.eu\/pl\/#website\",\"url\":\"https:\/\/dev.hempking.eu\/pl\/\",\"name\":\"Hemp King\",\"description\":\"\",\"publisher\":{\"@id\":\"https:\/\/dev.hempking.eu\/pl\/#organization\"},\"potentialAction\":[{\"@type\":\"SearchAction\",\"target\":{\"@type\":\"EntryPoint\",\"urlTemplate\":\"https:\/\/dev.hempking.eu\/pl\/?s={search_term_string}\"},\"query-input\":{\"@type\":\"PropertyValueSpecification\",\"valueRequired\":true,\"valueName\":\"search_term_string\"}}],\"inLanguage\":\"pl-PL\"},{\"@type\":\"Organization\",\"@id\":\"https:\/\/dev.hempking.eu\/pl\/#organization\",\"name\":\"Hemp King\",\"url\":\"https:\/\/dev.hempking.eu\/pl\/\",\"logo\":{\"@type\":\"ImageObject\",\"inLanguage\":\"pl-PL\",\"@id\":\"https:\/\/dev.hempking.eu\/pl\/#\/schema\/logo\/image\/\",\"url\":\"https:\/\/dev.hempking.eu\/pl\/wp-content\/uploads\/sites\/2\/2020\/05\/hempking.png\",\"contentUrl\":\"https:\/\/dev.hempking.eu\/pl\/wp-content\/uploads\/sites\/2\/2020\/05\/hempking.png\",\"width\":148,\"height\":91,\"caption\":\"Hemp King\"},\"image\":{\"@id\":\"https:\/\/dev.hempking.eu\/pl\/#\/schema\/logo\/image\/\"},\"sameAs\":[\"https:\/\/www.facebook.com\/hempkingpoland\",\"https:\/\/x.com\/hempkingeu\",\"https:\/\/www.instagram.com\/hempkingeu\/\",\"https:\/\/www.linkedin.com\/company\/hempking-eu\/mycompany\/\",\"https:\/\/pl.pinterest.com\/hempkingeu\/\",\"https:\/\/www.youtube.com\/channel\/UCUkeZA1fj4hSZfoYm0WpZ7w\"]}]}<\/script>\n<meta property=\"product:price:amount\" content=\"141.70\" \/>\n<meta property=\"product:price:currency\" content=\"PLN\" \/>\n<meta property=\"og:availability\" content=\"instock\" \/>\n<meta property=\"product:availability\" content=\"instock\" \/>\n<meta property=\"product:condition\" content=\"new\" \/>\n<!-- \/ Yoast SEO Premium plugin. -->","yoast_head_json":{"title":"Zestaw: Olej CBD 5% + + CBDA, CBC, CBGA, CBG, CBDV, CBN+ Olej CBG 5% +CBD, CBDA, CBC, CBGA, CBDV, CBN - Hemp King","description":"Zobacz \u261b Zestaw: Olej CBD 5% + + CBDA, CBC, CBGA, CBG, CBDV, CBN+ Olej CBG 5% +CBD, CBDA, CBC, CBGA, CBDV, CBN w konopnym sklepie HempKing \u2705100% naturalne \u2705 Zadbaj z nami o swoj\u0105 diet\u0119!","canonical":"https:\/\/dev.hempking.eu\/pl\/zestaw-olej-cbd-5-olej-cbg-5\/","og_locale":"pl_PL","og_type":"article","og_title":"Zestaw: Olej CBD 5% + + CBDA, CBC, CBGA, CBG, CBDV, CBN+ Olej CBG 5% +CBD, CBDA, CBC, CBGA, CBDV, CBN","og_description":"Zobacz \u261b Zestaw: Olej CBD 5% + + CBDA, CBC, CBGA, CBG, CBDV, CBN+ Olej CBG 5% +CBD, CBDA, CBC, CBGA, CBDV, CBN w konopnym sklepie HempKing \u2705100% naturalne \u2705 Zadbaj z nami o swoj\u0105 diet\u0119!","og_url":"https:\/\/dev.hempking.eu\/pl\/zestaw-olej-cbd-5-olej-cbg-5\/","og_site_name":"Hemp King","article_publisher":"https:\/\/www.facebook.com\/hempkingpoland","article_modified_time":"2023-04-18T10:45:03+00:00","og_image":[{"width":1000,"height":1000,"url":"https:\/\/dev.hempking.eu\/pl\/wp-content\/uploads\/sites\/2\/2020\/09\/5_CBG.jpg","type":"image\/jpeg"}],"twitter_card":"summary_large_image","twitter_site":"@hempkingeu","twitter_misc":{"Price":"141.70&nbsp;&#122;&#322;","Availability":"In stock"},"schema":{"@context":"https:\/\/schema.org","@graph":[{"@type":"WebPage","@id":"https:\/\/dev.hempking.eu\/pl\/zestaw-olej-cbd-5-olej-cbg-5\/","url":"https:\/\/dev.hempking.eu\/pl\/zestaw-olej-cbd-5-olej-cbg-5\/","name":"Zestaw: Olej CBD 5% + + CBDA, CBC, CBGA, CBG, CBDV, CBN+ Olej CBG 5% +CBD, CBDA, CBC, CBGA, CBDV, CBN - Hemp King","isPartOf":{"@id":"https:\/\/dev.hempking.eu\/pl\/#website"},"primaryImageOfPage":{"@id":"https:\/\/dev.hempking.eu\/pl\/zestaw-olej-cbd-5-olej-cbg-5\/#primaryimage"},"image":{"@id":"https:\/\/dev.hempking.eu\/pl\/zestaw-olej-cbd-5-olej-cbg-5\/#primaryimage"},"thumbnailUrl":"https:\/\/dev.hempking.eu\/pl\/wp-content\/uploads\/sites\/2\/2020\/09\/5_CBG.jpg","datePublished":"2020-09-29T08:39:44+00:00","dateModified":"2023-04-18T10:45:03+00:00","description":"Zobacz \u261b Zestaw: Olej CBD 5% + + CBDA, CBC, CBGA, CBG, CBDV, CBN+ Olej CBG 5% +CBD, CBDA, CBC, CBGA, CBDV, CBN w konopnym sklepie HempKing \u2705100% naturalne \u2705 Zadbaj z nami o swoj\u0105 diet\u0119!","breadcrumb":{"@id":"https:\/\/dev.hempking.eu\/pl\/zestaw-olej-cbd-5-olej-cbg-5\/#breadcrumb"},"inLanguage":"pl-PL","potentialAction":[{"@type":"ReadAction","target":["https:\/\/dev.hempking.eu\/pl\/zestaw-olej-cbd-5-olej-cbg-5\/"]}]},{"@type":"ImageObject","inLanguage":"pl-PL","@id":"https:\/\/dev.hempking.eu\/pl\/zestaw-olej-cbd-5-olej-cbg-5\/#primaryimage","url":"https:\/\/dev.hempking.eu\/pl\/wp-content\/uploads\/sites\/2\/2020\/09\/5_CBG.jpg","contentUrl":"https:\/\/dev.hempking.eu\/pl\/wp-content\/uploads\/sites\/2\/2020\/09\/5_CBG.jpg","width":1000,"height":1000,"caption":"zestaw CBD + CBG"},{"@type":"BreadcrumbList","@id":"https:\/\/dev.hempking.eu\/pl\/zestaw-olej-cbd-5-olej-cbg-5\/#breadcrumb","itemListElement":[{"@type":"ListItem","position":1,"name":"Home","item":"https:\/\/dev.hempking.eu\/pl\/"},{"@type":"ListItem","position":2,"name":"Sklep","item":"https:\/\/dev.hempking.eu\/pl\/shop\/"},{"@type":"ListItem","position":3,"name":"Olej CBG","item":"https:\/\/dev.hempking.eu\/pl\/olej-cbg\/"},{"@type":"ListItem","position":4,"name":"Zestaw: Olej CBD 5% + + CBDA, CBC, CBGA, CBG, CBDV, CBN+ Olej CBG 5% +CBD, CBDA, CBC, CBGA, CBDV, CBN"}]},{"@type":"WebSite","@id":"https:\/\/dev.hempking.eu\/pl\/#website","url":"https:\/\/dev.hempking.eu\/pl\/","name":"Hemp King","description":"","publisher":{"@id":"https:\/\/dev.hempking.eu\/pl\/#organization"},"potentialAction":[{"@type":"SearchAction","target":{"@type":"EntryPoint","urlTemplate":"https:\/\/dev.hempking.eu\/pl\/?s={search_term_string}"},"query-input":{"@type":"PropertyValueSpecification","valueRequired":true,"valueName":"search_term_string"}}],"inLanguage":"pl-PL"},{"@type":"Organization","@id":"https:\/\/dev.hempking.eu\/pl\/#organization","name":"Hemp King","url":"https:\/\/dev.hempking.eu\/pl\/","logo":{"@type":"ImageObject","inLanguage":"pl-PL","@id":"https:\/\/dev.hempking.eu\/pl\/#\/schema\/logo\/image\/","url":"https:\/\/dev.hempking.eu\/pl\/wp-content\/uploads\/sites\/2\/2020\/05\/hempking.png","contentUrl":"https:\/\/dev.hempking.eu\/pl\/wp-content\/uploads\/sites\/2\/2020\/05\/hempking.png","width":148,"height":91,"caption":"Hemp King"},"image":{"@id":"https:\/\/dev.hempking.eu\/pl\/#\/schema\/logo\/image\/"},"sameAs":["https:\/\/www.facebook.com\/hempkingpoland","https:\/\/x.com\/hempkingeu","https:\/\/www.instagram.com\/hempkingeu\/","https:\/\/www.linkedin.com\/company\/hempking-eu\/mycompany\/","https:\/\/pl.pinterest.com\/hempkingeu\/","https:\/\/www.youtube.com\/channel\/UCUkeZA1fj4hSZfoYm0WpZ7w"]}]},"product_price_amount":"141.70","product_price_currency":"PLN","og_availability":"instock","product_availability":"instock","product_condition":"new"},"_links":{"self":[{"href":"https:\/\/dev.hempking.eu\/pl\/wp-json\/wp\/v2\/product\/46204","targetHints":{"allow":["GET"]}}],"collection":[{"href":"https:\/\/dev.hempking.eu\/pl\/wp-json\/wp\/v2\/product"}],"about":[{"href":"https:\/\/dev.hempking.eu\/pl\/wp-json\/wp\/v2\/types\/product"}],"wp:featuredmedia":[{"embeddable":true,"href":"https:\/\/dev.hempking.eu\/pl\/wp-json\/wp\/v2\/media\/46205"}],"wp:attachment":[{"href":"https:\/\/dev.hempking.eu\/pl\/wp-json\/wp\/v2\/media?parent=46204"}],"wp:term":[{"taxonomy":"product_cat","embeddable":true,"href":"https:\/\/dev.hempking.eu\/pl\/wp-json\/wp\/v2\/product_cat?post=46204"},{"taxonomy":"product_tag","embeddable":true,"href":"https:\/\/dev.hempking.eu\/pl\/wp-json\/wp\/v2\/product_tag?post=46204"}],"curies":[{"name":"wp","href":"https:\/\/api.w.org\/{rel}","templated":true}]}}