{"id":47111,"date":"2020-10-13T11:48:27","date_gmt":"2020-10-13T09:48:27","guid":{"rendered":"https:\/\/hempking.eu\/pl\/?post_type=product&#038;p=47111"},"modified":"2023-04-24T07:46:30","modified_gmt":"2023-04-24T05:46:30","slug":"bio-nasiona-konopne-250g","status":"publish","type":"product","link":"https:\/\/dev.hempking.eu\/pl\/bio-nasiona-konopne-250g\/","title":{"rendered":"BIO nasiona konopne - 250 g"},"content":{"rendered":"<h2><strong>BIO nasiona z konopi 250 g \u2013 sk\u0142adniki<\/strong><\/h2>\n<p>Nie\u0142uskane nasiona konopne*<br \/>\n*z upraw ekologicznych konopi siewnych.<\/p>\n<p><strong>Zawieraj\u0105:<\/strong><\/p>\n<ul>\n<li>bia\u0142ko ro\u015blinne,<\/li>\n<li>b\u0142onnik,<\/li>\n<li>witaminy A, B1, B2, B3, B6, C i E.<\/li>\n<li>minera\u0142y: fosfor, cynk, \u017celazo czy magnez.<\/li>\n<\/ul>\n<p><a href=\"https:\/\/dev.hempking.eu\/pl\/wp-content\/uploads\/sites\/2\/2020\/07\/nasiona_nieluskane-1.jpg\"><img loading=\"lazy\" decoding=\"async\" class=\"alignnone size-medium wp-image-68643\" src=\"https:\/\/dev.hempking.eu\/pl\/wp-content\/uploads\/sites\/2\/2020\/07\/nasiona_nieluskane-1-252x300.jpg\" alt=\"nasiona nie\u0142uskane tabelka\" width=\"252\" height=\"300\" \/><\/a><\/p>\n<h2><strong>Ziarna konopne <\/strong><strong>BIO <\/strong><strong>250 g &#8211; organiczna super \u017cywno\u015b\u0107<\/strong><\/h2>\n<p>BIO nasiona konopne nale\u017c\u0105 do super \u017cywno\u015bci, czyli inaczej superfoods.<br \/>\nBIO ziarna konopne, to smaczny dodatek do da\u0144, kt\u00f3ry z pewno\u015bci\u0105 znajdzie swoje miejsce w Twojej kuchni.<br \/>\nTo produkt o wielu funkcjach, mo\u017cesz go wykorzysta\u0107 do naprawd\u0119 wielu da\u0144. Jest w 100% naturalny, a tak\u017ce organiczny.<\/p>\n<p>To wersja z certyfikatem organicznym naszych ziaren konopnych, kt\u00f3re ju\u017c od jakiego\u015b czasu mo\u017cecie znale\u017a\u0107 w naszym sklepie:<\/p>\n<ul>\n<li><strong>nasiona 250 g<\/strong><\/li>\n<li><strong>nasiona 500 g<\/strong><\/li>\n<\/ul>\n<p><strong>Dodatkowo mo\u017cesz te\u017c w naszym sklepie znale\u017a\u0107 nasiona BIO \u0142uskane:<\/strong><\/p>\n<p><a href=\"https:\/\/dev.hempking.eu\/pl\/bio-nasiona-konopi-luskane-250g\/\">BIO nasiona konopi \u0142uskane 250g<\/a><\/p>\n<p>Ziarna zawieraj\u0105 mi\u0119dzy innymi kwasy t\u0142uszczowe omega-3, omega-6 oraz omega-9.<\/p>\n<p>W smaku s\u0105 orzechowo-s\u0142onecznikowe, dzi\u0119ki czemu zasmakuj\u0105 wszystkim, kt\u00f3rzy ceni\u0105 takie walory smakowe i mo\u017cesz ich u\u017cywa\u0107 do niesko\u0144czonej ilo\u015bci da\u0144.<br \/>\nZapewniamy, \u017ce ten produkt pochodzi z prawdziwie ekologicznych upraw.<br \/>\nBio nasiona konopi s\u0105 zbierane r\u0119cznie. Sortowane s\u0105 z niezwyk\u0142\u0105 dba\u0142o\u015bci\u0105.<\/p>\n<h2><strong>Jak u\u017cy\u0107 BIO ziarna konopne?<\/strong><\/h2>\n<p>Dzi\u0119ki jego multifunkcyjno\u015bci BIO nasiona konopne mo\u017cesz wykorzysta\u0107 na mn\u00f3stwo sposob\u00f3w. Ich uniwersalny smak sprawia, \u017ce pasuj\u0105 do wielu da\u0144, zar\u00f3wno na s\u0142odko, jak i na s\u0142ono.<\/p>\n<p><strong>BIO ziarna konopne mo\u017cesz spo\u017cywa\u0107:<\/strong><\/p>\n<ul>\n<li><\/li>\n<li>w sa\u0142atkach i sur\u00f3wkach<\/li>\n<li>w ciastach i deserach<\/li>\n<li>na kanapkach<\/li>\n<li>w owsiance<\/li>\n<li>z nale\u015bnikami na s\u0142odko i s\u0142ono<\/li>\n<li>w zupie<\/li>\n<li>z makaronem<\/li>\n<li>w postaci past kanapkowych, dip\u00f3w i hummusu<\/li>\n<li><\/li>\n<\/ul>\n","protected":false},"excerpt":{"rendered":"<h2><strong>Bio nasiona konopi 250g to:<\/strong><\/h2>\n<ul>\n<li>nie\u0142uskane nasiona konopne,<\/li>\n<li>certyfikowane odznaczeniem ekologicznym EU Organic<\/li>\n<li>w sk\u0142adnikach znajdziesz witaminy takie jak: A, B1, B2, B3, B6, C i E<\/li>\n<li>a tak\u017ce t\u0142uszcze omega-3, omega-6 i omega-9<\/li>\n<li>oraz minera\u0142y: fosfor, cynk, \u017celazo czy magnez<\/li>\n<li>w 100% naturalne i organiczne<\/li>\n<li>stosuj dla urozmaicenia diety i lepszego smaku<\/li>\n<\/ul>\n<p><strong>Waga: 250g<\/strong><\/p>\n","protected":false},"featured_media":87483,"template":"","meta":{"_acf_changed":false},"product_cat":[23,25,36],"product_tag":[],"class_list":{"0":"post-47111","1":"product","2":"type-product","3":"status-publish","4":"has-post-thumbnail","6":"product_cat-zywnosc-konopna","7":"product_cat-nasiona-konopi","8":"product_cat-bestsellery","10":"first","11":"outofstock","12":"shipping-taxable","13":"purchasable","14":"product-type-simple"},"acf":[],"yoast_head":"<!-- This site is optimized with the Yoast SEO Premium plugin v23.4 (Yoast SEO v24.0) - https:\/\/yoast.com\/wordpress\/plugins\/seo\/ -->\n<title>Bio nasiona konopne HempKing | 250 g | Organiczna super \u017cywno\u015b\u0107<\/title>\n<meta name=\"description\" content=\"Bio nasiona konopne HempKing , to smaczny dodatek do da\u0144, kt\u00f3ry z pewno\u015bci\u0105 znajdzie swoje miejsce w Twojej kuchni. Sprawd\u017a teraz!\" \/>\n<link rel=\"canonical\" href=\"https:\/\/dev.hempking.eu\/pl\/bio-nasiona-konopne-250g\/\" \/>\n<meta property=\"og:locale\" content=\"pl_PL\" \/>\n<meta property=\"og:type\" content=\"article\" \/>\n<meta property=\"og:title\" content=\"BIO nasiona konopne - 250 g\" \/>\n<meta property=\"og:description\" content=\"Bio nasiona konopne HempKing , to smaczny dodatek do da\u0144, kt\u00f3ry z pewno\u015bci\u0105 znajdzie swoje miejsce w Twojej kuchni. Sprawd\u017a teraz!\" \/>\n<meta property=\"og:url\" content=\"https:\/\/dev.hempking.eu\/pl\/bio-nasiona-konopne-250g\/\" \/>\n<meta property=\"og:site_name\" content=\"Hemp King\" \/>\n<meta property=\"article:publisher\" content=\"https:\/\/www.facebook.com\/hempkingpoland\" \/>\n<meta property=\"article:modified_time\" content=\"2023-04-24T05:46:30+00:00\" \/>\n<meta property=\"og:image\" content=\"https:\/\/dev.hempking.eu\/pl\/wp-content\/uploads\/sites\/2\/2022\/01\/nasiona_nieluskane.jpg\" \/>\n\t<meta property=\"og:image:width\" content=\"1000\" \/>\n\t<meta property=\"og:image:height\" content=\"1000\" \/>\n\t<meta property=\"og:image:type\" content=\"image\/jpeg\" \/>\n<meta name=\"twitter:card\" content=\"summary_large_image\" \/>\n<meta name=\"twitter:site\" content=\"@hempkingeu\" \/>\n<meta name=\"twitter:label1\" content=\"Price\" \/>\n\t<meta name=\"twitter:data1\" content=\"21.50&nbsp;&#122;&#322;\" \/>\n\t<meta name=\"twitter:label2\" content=\"Availability\" \/>\n\t<meta name=\"twitter:data2\" content=\"Out of stock\" \/>\n<script type=\"application\/ld+json\" class=\"yoast-schema-graph\">{\"@context\":\"https:\/\/schema.org\",\"@graph\":[{\"@type\":\"WebPage\",\"@id\":\"https:\/\/dev.hempking.eu\/pl\/bio-nasiona-konopne-250g\/\",\"url\":\"https:\/\/dev.hempking.eu\/pl\/bio-nasiona-konopne-250g\/\",\"name\":\"Bio nasiona konopne HempKing | 250 g | Organiczna super \u017cywno\u015b\u0107\",\"isPartOf\":{\"@id\":\"https:\/\/dev.hempking.eu\/pl\/#website\"},\"primaryImageOfPage\":{\"@id\":\"https:\/\/dev.hempking.eu\/pl\/bio-nasiona-konopne-250g\/#primaryimage\"},\"image\":{\"@id\":\"https:\/\/dev.hempking.eu\/pl\/bio-nasiona-konopne-250g\/#primaryimage\"},\"thumbnailUrl\":\"https:\/\/dev.hempking.eu\/pl\/wp-content\/uploads\/sites\/2\/2022\/01\/nasiona_nieluskane.jpg\",\"datePublished\":\"2020-10-13T09:48:27+00:00\",\"dateModified\":\"2023-04-24T05:46:30+00:00\",\"description\":\"Bio nasiona konopne HempKing , to smaczny dodatek do da\u0144, kt\u00f3ry z pewno\u015bci\u0105 znajdzie swoje miejsce w Twojej kuchni. Sprawd\u017a teraz!\",\"breadcrumb\":{\"@id\":\"https:\/\/dev.hempking.eu\/pl\/bio-nasiona-konopne-250g\/#breadcrumb\"},\"inLanguage\":\"pl-PL\",\"potentialAction\":[{\"@type\":\"ReadAction\",\"target\":[\"https:\/\/dev.hempking.eu\/pl\/bio-nasiona-konopne-250g\/\"]}]},{\"@type\":\"ImageObject\",\"inLanguage\":\"pl-PL\",\"@id\":\"https:\/\/dev.hempking.eu\/pl\/bio-nasiona-konopne-250g\/#primaryimage\",\"url\":\"https:\/\/dev.hempking.eu\/pl\/wp-content\/uploads\/sites\/2\/2022\/01\/nasiona_nieluskane.jpg\",\"contentUrl\":\"https:\/\/dev.hempking.eu\/pl\/wp-content\/uploads\/sites\/2\/2022\/01\/nasiona_nieluskane.jpg\",\"width\":1000,\"height\":1000,\"caption\":\"Nasiona konopi nie\u0142uskane organic 100% Bio HempKing\"},{\"@type\":\"BreadcrumbList\",\"@id\":\"https:\/\/dev.hempking.eu\/pl\/bio-nasiona-konopne-250g\/#breadcrumb\",\"itemListElement\":[{\"@type\":\"ListItem\",\"position\":1,\"name\":\"Home\",\"item\":\"https:\/\/dev.hempking.eu\/pl\/\"},{\"@type\":\"ListItem\",\"position\":2,\"name\":\"Sklep\",\"item\":\"https:\/\/dev.hempking.eu\/pl\/shop\/\"},{\"@type\":\"ListItem\",\"position\":3,\"name\":\"\u017bywno\u015b\u0107 konopna\",\"item\":\"https:\/\/dev.hempking.eu\/pl\/zywnosc-konopna\/\"},{\"@type\":\"ListItem\",\"position\":4,\"name\":\"BIO nasiona konopne - 250 g\"}]},{\"@type\":\"WebSite\",\"@id\":\"https:\/\/dev.hempking.eu\/pl\/#website\",\"url\":\"https:\/\/dev.hempking.eu\/pl\/\",\"name\":\"Hemp King\",\"description\":\"\",\"publisher\":{\"@id\":\"https:\/\/dev.hempking.eu\/pl\/#organization\"},\"potentialAction\":[{\"@type\":\"SearchAction\",\"target\":{\"@type\":\"EntryPoint\",\"urlTemplate\":\"https:\/\/dev.hempking.eu\/pl\/?s={search_term_string}\"},\"query-input\":{\"@type\":\"PropertyValueSpecification\",\"valueRequired\":true,\"valueName\":\"search_term_string\"}}],\"inLanguage\":\"pl-PL\"},{\"@type\":\"Organization\",\"@id\":\"https:\/\/dev.hempking.eu\/pl\/#organization\",\"name\":\"Hemp King\",\"url\":\"https:\/\/dev.hempking.eu\/pl\/\",\"logo\":{\"@type\":\"ImageObject\",\"inLanguage\":\"pl-PL\",\"@id\":\"https:\/\/dev.hempking.eu\/pl\/#\/schema\/logo\/image\/\",\"url\":\"https:\/\/dev.hempking.eu\/pl\/wp-content\/uploads\/sites\/2\/2020\/05\/hempking.png\",\"contentUrl\":\"https:\/\/dev.hempking.eu\/pl\/wp-content\/uploads\/sites\/2\/2020\/05\/hempking.png\",\"width\":148,\"height\":91,\"caption\":\"Hemp King\"},\"image\":{\"@id\":\"https:\/\/dev.hempking.eu\/pl\/#\/schema\/logo\/image\/\"},\"sameAs\":[\"https:\/\/www.facebook.com\/hempkingpoland\",\"https:\/\/x.com\/hempkingeu\",\"https:\/\/www.instagram.com\/hempkingeu\/\",\"https:\/\/www.linkedin.com\/company\/hempking-eu\/mycompany\/\",\"https:\/\/pl.pinterest.com\/hempkingeu\/\",\"https:\/\/www.youtube.com\/channel\/UCUkeZA1fj4hSZfoYm0WpZ7w\"]}]}<\/script>\n<meta property=\"product:price:amount\" content=\"21.50\" \/>\n<meta property=\"product:price:currency\" content=\"PLN\" \/>\n<meta property=\"og:availability\" content=\"out of stock\" \/>\n<meta property=\"product:availability\" content=\"out of stock\" \/>\n<meta property=\"product:retailer_item_id\" content=\"10\" \/>\n<meta property=\"product:condition\" content=\"new\" \/>\n<!-- \/ Yoast SEO Premium plugin. -->","yoast_head_json":{"title":"Bio nasiona konopne HempKing | 250 g | Organiczna super \u017cywno\u015b\u0107","description":"Bio nasiona konopne HempKing , to smaczny dodatek do da\u0144, kt\u00f3ry z pewno\u015bci\u0105 znajdzie swoje miejsce w Twojej kuchni. Sprawd\u017a teraz!","canonical":"https:\/\/dev.hempking.eu\/pl\/bio-nasiona-konopne-250g\/","og_locale":"pl_PL","og_type":"article","og_title":"BIO nasiona konopne - 250 g","og_description":"Bio nasiona konopne HempKing , to smaczny dodatek do da\u0144, kt\u00f3ry z pewno\u015bci\u0105 znajdzie swoje miejsce w Twojej kuchni. Sprawd\u017a teraz!","og_url":"https:\/\/dev.hempking.eu\/pl\/bio-nasiona-konopne-250g\/","og_site_name":"Hemp King","article_publisher":"https:\/\/www.facebook.com\/hempkingpoland","article_modified_time":"2023-04-24T05:46:30+00:00","og_image":[{"width":1000,"height":1000,"url":"https:\/\/dev.hempking.eu\/pl\/wp-content\/uploads\/sites\/2\/2022\/01\/nasiona_nieluskane.jpg","type":"image\/jpeg"}],"twitter_card":"summary_large_image","twitter_site":"@hempkingeu","twitter_misc":{"Price":"21.50&nbsp;&#122;&#322;","Availability":"Out of stock"},"schema":{"@context":"https:\/\/schema.org","@graph":[{"@type":"WebPage","@id":"https:\/\/dev.hempking.eu\/pl\/bio-nasiona-konopne-250g\/","url":"https:\/\/dev.hempking.eu\/pl\/bio-nasiona-konopne-250g\/","name":"Bio nasiona konopne HempKing | 250 g | Organiczna super \u017cywno\u015b\u0107","isPartOf":{"@id":"https:\/\/dev.hempking.eu\/pl\/#website"},"primaryImageOfPage":{"@id":"https:\/\/dev.hempking.eu\/pl\/bio-nasiona-konopne-250g\/#primaryimage"},"image":{"@id":"https:\/\/dev.hempking.eu\/pl\/bio-nasiona-konopne-250g\/#primaryimage"},"thumbnailUrl":"https:\/\/dev.hempking.eu\/pl\/wp-content\/uploads\/sites\/2\/2022\/01\/nasiona_nieluskane.jpg","datePublished":"2020-10-13T09:48:27+00:00","dateModified":"2023-04-24T05:46:30+00:00","description":"Bio nasiona konopne HempKing , to smaczny dodatek do da\u0144, kt\u00f3ry z pewno\u015bci\u0105 znajdzie swoje miejsce w Twojej kuchni. Sprawd\u017a teraz!","breadcrumb":{"@id":"https:\/\/dev.hempking.eu\/pl\/bio-nasiona-konopne-250g\/#breadcrumb"},"inLanguage":"pl-PL","potentialAction":[{"@type":"ReadAction","target":["https:\/\/dev.hempking.eu\/pl\/bio-nasiona-konopne-250g\/"]}]},{"@type":"ImageObject","inLanguage":"pl-PL","@id":"https:\/\/dev.hempking.eu\/pl\/bio-nasiona-konopne-250g\/#primaryimage","url":"https:\/\/dev.hempking.eu\/pl\/wp-content\/uploads\/sites\/2\/2022\/01\/nasiona_nieluskane.jpg","contentUrl":"https:\/\/dev.hempking.eu\/pl\/wp-content\/uploads\/sites\/2\/2022\/01\/nasiona_nieluskane.jpg","width":1000,"height":1000,"caption":"Nasiona konopi nie\u0142uskane organic 100% Bio HempKing"},{"@type":"BreadcrumbList","@id":"https:\/\/dev.hempking.eu\/pl\/bio-nasiona-konopne-250g\/#breadcrumb","itemListElement":[{"@type":"ListItem","position":1,"name":"Home","item":"https:\/\/dev.hempking.eu\/pl\/"},{"@type":"ListItem","position":2,"name":"Sklep","item":"https:\/\/dev.hempking.eu\/pl\/shop\/"},{"@type":"ListItem","position":3,"name":"\u017bywno\u015b\u0107 konopna","item":"https:\/\/dev.hempking.eu\/pl\/zywnosc-konopna\/"},{"@type":"ListItem","position":4,"name":"BIO nasiona konopne - 250 g"}]},{"@type":"WebSite","@id":"https:\/\/dev.hempking.eu\/pl\/#website","url":"https:\/\/dev.hempking.eu\/pl\/","name":"Hemp King","description":"","publisher":{"@id":"https:\/\/dev.hempking.eu\/pl\/#organization"},"potentialAction":[{"@type":"SearchAction","target":{"@type":"EntryPoint","urlTemplate":"https:\/\/dev.hempking.eu\/pl\/?s={search_term_string}"},"query-input":{"@type":"PropertyValueSpecification","valueRequired":true,"valueName":"search_term_string"}}],"inLanguage":"pl-PL"},{"@type":"Organization","@id":"https:\/\/dev.hempking.eu\/pl\/#organization","name":"Hemp King","url":"https:\/\/dev.hempking.eu\/pl\/","logo":{"@type":"ImageObject","inLanguage":"pl-PL","@id":"https:\/\/dev.hempking.eu\/pl\/#\/schema\/logo\/image\/","url":"https:\/\/dev.hempking.eu\/pl\/wp-content\/uploads\/sites\/2\/2020\/05\/hempking.png","contentUrl":"https:\/\/dev.hempking.eu\/pl\/wp-content\/uploads\/sites\/2\/2020\/05\/hempking.png","width":148,"height":91,"caption":"Hemp King"},"image":{"@id":"https:\/\/dev.hempking.eu\/pl\/#\/schema\/logo\/image\/"},"sameAs":["https:\/\/www.facebook.com\/hempkingpoland","https:\/\/x.com\/hempkingeu","https:\/\/www.instagram.com\/hempkingeu\/","https:\/\/www.linkedin.com\/company\/hempking-eu\/mycompany\/","https:\/\/pl.pinterest.com\/hempkingeu\/","https:\/\/www.youtube.com\/channel\/UCUkeZA1fj4hSZfoYm0WpZ7w"]}]},"product_price_amount":"21.50","product_price_currency":"PLN","og_availability":"out of stock","product_availability":"out of stock","product_retailer_item_id":"10","product_condition":"new"},"_links":{"self":[{"href":"https:\/\/dev.hempking.eu\/pl\/wp-json\/wp\/v2\/product\/47111","targetHints":{"allow":["GET"]}}],"collection":[{"href":"https:\/\/dev.hempking.eu\/pl\/wp-json\/wp\/v2\/product"}],"about":[{"href":"https:\/\/dev.hempking.eu\/pl\/wp-json\/wp\/v2\/types\/product"}],"wp:featuredmedia":[{"embeddable":true,"href":"https:\/\/dev.hempking.eu\/pl\/wp-json\/wp\/v2\/media\/87483"}],"wp:attachment":[{"href":"https:\/\/dev.hempking.eu\/pl\/wp-json\/wp\/v2\/media?parent=47111"}],"wp:term":[{"taxonomy":"product_cat","embeddable":true,"href":"https:\/\/dev.hempking.eu\/pl\/wp-json\/wp\/v2\/product_cat?post=47111"},{"taxonomy":"product_tag","embeddable":true,"href":"https:\/\/dev.hempking.eu\/pl\/wp-json\/wp\/v2\/product_tag?post=47111"}],"curies":[{"name":"wp","href":"https:\/\/api.w.org\/{rel}","templated":true}]}}