{"id":47271,"date":"2020-10-15T13:07:08","date_gmt":"2020-10-15T11:07:08","guid":{"rendered":"https:\/\/hempking.eu\/pl\/?post_type=product&#038;p=47271"},"modified":"2023-05-23T14:08:51","modified_gmt":"2023-05-23T12:08:51","slug":"bio-chlorella-120g","status":"publish","type":"product","link":"https:\/\/dev.hempking.eu\/pl\/bio-chlorella-120g\/","title":{"rendered":"BIO Chlorella - 120g"},"content":{"rendered":"<h2 style=\"text-align: justify;\">BIO Chlorella &#8211; moc alg w proszku<\/h2>\n<p style=\"text-align: justify;\">Chlorella to s\u0142odkowodna alga o zielonej barwie. Hodowana jest w specjalnych zbiornikach o najwy\u017cszych standardach kontroli, tak aby nie posiada\u0142a jakichkolwiek zanieczyszcze\u0144. Nasza chlorella posiada rozerwan\u0105 \u015bcian\u0119 kom\u00f3rkow\u0105, dzi\u0119ki czemu mo\u017cesz czerpa\u0107 z pe\u0142ni warto\u015bci od\u017cywczych tego produktu. Zwi\u0119ksza to biodost\u0119pno\u015b\u0107 naszej BIO Chlorelli!<\/p>\n<p style=\"text-align: justify;\">BIO Chlorell\u0119 zamkn\u0119li\u015bmy szklanym s\u0142oiku z ciemnego szk\u0142a, ze stalow\u0105 nakr\u0119tk\u0105. To dzi\u0119ki bezpiecznemu przechowywaniu produkt nie traci swoich w\u0142a\u015bciwo\u015bci, gdy\u017c nie jest nara\u017cony na szkodliwe dzia\u0142anie promieni s\u0142onecznych. Do produktu do\u0142\u0105czyli\u015bmy miark\u0119 1g, kt\u00f3r\u0105 precyzyjnie odmierzysz porcj\u0119 produktu.<\/p>\n<p style=\"text-align: justify;\">Pami\u0119taj, \u017ce suplement diety nie mo\u017ce zast\u0105pi\u0107 zbilansowanej diety.<br \/>\nBIO Chlorell\u0119 nale\u017cy trzyma\u0107 z dala od zasi\u0119gu dzieci.<br \/>\nNie mo\u017cna przekracza\u0107 zalecanej dziennej porcji suplementu.<\/p>\n<p style=\"text-align: justify;\">\n","protected":false},"excerpt":{"rendered":"<h2><strong>BIO Chlorella to:<\/strong><\/h2>\n<ul>\n<li>100% chlorelli w proszku<\/li>\n<li>alga z kontrolowanych hodowli<\/li>\n<li>certyfikat Ekologiczny<\/li>\n<li>100% naturalny produkt<\/li>\n<li>odpowiedni dla wegan i wegetarian<\/li>\n<\/ul>\n<p><strong>Waga: 120g<\/strong><\/p>\n","protected":false},"featured_media":47267,"template":"","meta":{"_acf_changed":false},"product_cat":[96,130,98,36],"product_tag":[],"class_list":{"0":"post-47271","1":"product","2":"type-product","3":"status-publish","4":"has-post-thumbnail","6":"product_cat-suplementy","7":"product_cat-algi-w-proszku","8":"product_cat-superfoods","9":"product_cat-bestsellery","11":"first","12":"instock","13":"shipping-taxable","14":"purchasable","15":"product-type-simple"},"acf":[],"yoast_head":"<!-- This site is optimized with the Yoast SEO Premium plugin v23.4 (Yoast SEO v24.0) - https:\/\/yoast.com\/wordpress\/plugins\/seo\/ -->\n<title>Bio chlorella w proszku. Alga z kontrolowanych hodowli - Biowen<\/title>\n<meta name=\"description\" content=\"Bio chlorella. Moc alg w proszku. Wspomaga prawid\u0142owy poziom energii, detoksykacj\u0119, jest naturalnym \u017ar\u00f3d\u0142em witamin i minera\u0142\u00f3w. Sprawd\u017a !\" \/>\n<link rel=\"canonical\" href=\"https:\/\/dev.hempking.eu\/pl\/bio-chlorella-120g\/\" \/>\n<meta property=\"og:locale\" content=\"pl_PL\" \/>\n<meta property=\"og:type\" content=\"article\" \/>\n<meta property=\"og:title\" content=\"BIO Chlorella - 120g\" \/>\n<meta property=\"og:description\" content=\"Bio chlorella. Moc alg w proszku. Wspomaga prawid\u0142owy poziom energii, detoksykacj\u0119, jest naturalnym \u017ar\u00f3d\u0142em witamin i minera\u0142\u00f3w. Sprawd\u017a !\" \/>\n<meta property=\"og:url\" content=\"https:\/\/dev.hempking.eu\/pl\/bio-chlorella-120g\/\" \/>\n<meta property=\"og:site_name\" content=\"Hemp King\" \/>\n<meta property=\"article:publisher\" content=\"https:\/\/www.facebook.com\/hempkingpoland\" \/>\n<meta property=\"article:modified_time\" content=\"2023-05-23T12:08:51+00:00\" \/>\n<meta property=\"og:image\" content=\"https:\/\/dev.hempking.eu\/pl\/wp-content\/uploads\/sites\/2\/2020\/10\/bio_chlorella.jpg\" \/>\n\t<meta property=\"og:image:width\" content=\"1000\" \/>\n\t<meta property=\"og:image:height\" content=\"1000\" \/>\n\t<meta property=\"og:image:type\" content=\"image\/jpeg\" \/>\n<meta name=\"twitter:card\" content=\"summary_large_image\" \/>\n<meta name=\"twitter:site\" content=\"@hempkingeu\" \/>\n<meta name=\"twitter:label1\" content=\"Price\" \/>\n\t<meta name=\"twitter:data1\" content=\"37.90&nbsp;&#122;&#322;\" \/>\n\t<meta name=\"twitter:label2\" content=\"Availability\" \/>\n\t<meta name=\"twitter:data2\" content=\"In stock\" \/>\n<script type=\"application\/ld+json\" class=\"yoast-schema-graph\">{\"@context\":\"https:\/\/schema.org\",\"@graph\":[{\"@type\":\"WebPage\",\"@id\":\"https:\/\/dev.hempking.eu\/pl\/bio-chlorella-120g\/\",\"url\":\"https:\/\/dev.hempking.eu\/pl\/bio-chlorella-120g\/\",\"name\":\"Bio chlorella w proszku. Alga z kontrolowanych hodowli - Biowen\",\"isPartOf\":{\"@id\":\"https:\/\/dev.hempking.eu\/pl\/#website\"},\"primaryImageOfPage\":{\"@id\":\"https:\/\/dev.hempking.eu\/pl\/bio-chlorella-120g\/#primaryimage\"},\"image\":{\"@id\":\"https:\/\/dev.hempking.eu\/pl\/bio-chlorella-120g\/#primaryimage\"},\"thumbnailUrl\":\"https:\/\/dev.hempking.eu\/pl\/wp-content\/uploads\/sites\/2\/2020\/10\/bio_chlorella.jpg\",\"datePublished\":\"2020-10-15T11:07:08+00:00\",\"dateModified\":\"2023-05-23T12:08:51+00:00\",\"description\":\"Bio chlorella. Moc alg w proszku. Wspomaga prawid\u0142owy poziom energii, detoksykacj\u0119, jest naturalnym \u017ar\u00f3d\u0142em witamin i minera\u0142\u00f3w. Sprawd\u017a !\",\"breadcrumb\":{\"@id\":\"https:\/\/dev.hempking.eu\/pl\/bio-chlorella-120g\/#breadcrumb\"},\"inLanguage\":\"pl-PL\",\"potentialAction\":[{\"@type\":\"ReadAction\",\"target\":[\"https:\/\/dev.hempking.eu\/pl\/bio-chlorella-120g\/\"]}]},{\"@type\":\"ImageObject\",\"inLanguage\":\"pl-PL\",\"@id\":\"https:\/\/dev.hempking.eu\/pl\/bio-chlorella-120g\/#primaryimage\",\"url\":\"https:\/\/dev.hempking.eu\/pl\/wp-content\/uploads\/sites\/2\/2020\/10\/bio_chlorella.jpg\",\"contentUrl\":\"https:\/\/dev.hempking.eu\/pl\/wp-content\/uploads\/sites\/2\/2020\/10\/bio_chlorella.jpg\",\"width\":1000,\"height\":1000,\"caption\":\"Bio Chlorella Biowen\"},{\"@type\":\"BreadcrumbList\",\"@id\":\"https:\/\/dev.hempking.eu\/pl\/bio-chlorella-120g\/#breadcrumb\",\"itemListElement\":[{\"@type\":\"ListItem\",\"position\":1,\"name\":\"Home\",\"item\":\"https:\/\/dev.hempking.eu\/pl\/\"},{\"@type\":\"ListItem\",\"position\":2,\"name\":\"Sklep\",\"item\":\"https:\/\/dev.hempking.eu\/pl\/shop\/\"},{\"@type\":\"ListItem\",\"position\":3,\"name\":\"Suplementy\",\"item\":\"https:\/\/dev.hempking.eu\/pl\/suplementy\/\"},{\"@type\":\"ListItem\",\"position\":4,\"name\":\"Algi w proszku\",\"item\":\"https:\/\/dev.hempking.eu\/pl\/algi-w-proszku\/\"},{\"@type\":\"ListItem\",\"position\":5,\"name\":\"BIO Chlorella - 120g\"}]},{\"@type\":\"WebSite\",\"@id\":\"https:\/\/dev.hempking.eu\/pl\/#website\",\"url\":\"https:\/\/dev.hempking.eu\/pl\/\",\"name\":\"Hemp King\",\"description\":\"\",\"publisher\":{\"@id\":\"https:\/\/dev.hempking.eu\/pl\/#organization\"},\"potentialAction\":[{\"@type\":\"SearchAction\",\"target\":{\"@type\":\"EntryPoint\",\"urlTemplate\":\"https:\/\/dev.hempking.eu\/pl\/?s={search_term_string}\"},\"query-input\":{\"@type\":\"PropertyValueSpecification\",\"valueRequired\":true,\"valueName\":\"search_term_string\"}}],\"inLanguage\":\"pl-PL\"},{\"@type\":\"Organization\",\"@id\":\"https:\/\/dev.hempking.eu\/pl\/#organization\",\"name\":\"Hemp King\",\"url\":\"https:\/\/dev.hempking.eu\/pl\/\",\"logo\":{\"@type\":\"ImageObject\",\"inLanguage\":\"pl-PL\",\"@id\":\"https:\/\/dev.hempking.eu\/pl\/#\/schema\/logo\/image\/\",\"url\":\"https:\/\/dev.hempking.eu\/pl\/wp-content\/uploads\/sites\/2\/2020\/05\/hempking.png\",\"contentUrl\":\"https:\/\/dev.hempking.eu\/pl\/wp-content\/uploads\/sites\/2\/2020\/05\/hempking.png\",\"width\":148,\"height\":91,\"caption\":\"Hemp King\"},\"image\":{\"@id\":\"https:\/\/dev.hempking.eu\/pl\/#\/schema\/logo\/image\/\"},\"sameAs\":[\"https:\/\/www.facebook.com\/hempkingpoland\",\"https:\/\/x.com\/hempkingeu\",\"https:\/\/www.instagram.com\/hempkingeu\/\",\"https:\/\/www.linkedin.com\/company\/hempking-eu\/mycompany\/\",\"https:\/\/pl.pinterest.com\/hempkingeu\/\",\"https:\/\/www.youtube.com\/channel\/UCUkeZA1fj4hSZfoYm0WpZ7w\"]}]}<\/script>\n<meta property=\"product:price:amount\" content=\"37.90\" \/>\n<meta property=\"product:price:currency\" content=\"PLN\" \/>\n<meta property=\"og:availability\" content=\"instock\" \/>\n<meta property=\"product:availability\" content=\"instock\" \/>\n<meta property=\"product:condition\" content=\"new\" \/>\n<!-- \/ Yoast SEO Premium plugin. -->","yoast_head_json":{"title":"Bio chlorella w proszku. Alga z kontrolowanych hodowli - Biowen","description":"Bio chlorella. Moc alg w proszku. Wspomaga prawid\u0142owy poziom energii, detoksykacj\u0119, jest naturalnym \u017ar\u00f3d\u0142em witamin i minera\u0142\u00f3w. Sprawd\u017a !","canonical":"https:\/\/dev.hempking.eu\/pl\/bio-chlorella-120g\/","og_locale":"pl_PL","og_type":"article","og_title":"BIO Chlorella - 120g","og_description":"Bio chlorella. Moc alg w proszku. Wspomaga prawid\u0142owy poziom energii, detoksykacj\u0119, jest naturalnym \u017ar\u00f3d\u0142em witamin i minera\u0142\u00f3w. Sprawd\u017a !","og_url":"https:\/\/dev.hempking.eu\/pl\/bio-chlorella-120g\/","og_site_name":"Hemp King","article_publisher":"https:\/\/www.facebook.com\/hempkingpoland","article_modified_time":"2023-05-23T12:08:51+00:00","og_image":[{"width":1000,"height":1000,"url":"https:\/\/dev.hempking.eu\/pl\/wp-content\/uploads\/sites\/2\/2020\/10\/bio_chlorella.jpg","type":"image\/jpeg"}],"twitter_card":"summary_large_image","twitter_site":"@hempkingeu","twitter_misc":{"Price":"37.90&nbsp;&#122;&#322;","Availability":"In stock"},"schema":{"@context":"https:\/\/schema.org","@graph":[{"@type":"WebPage","@id":"https:\/\/dev.hempking.eu\/pl\/bio-chlorella-120g\/","url":"https:\/\/dev.hempking.eu\/pl\/bio-chlorella-120g\/","name":"Bio chlorella w proszku. Alga z kontrolowanych hodowli - Biowen","isPartOf":{"@id":"https:\/\/dev.hempking.eu\/pl\/#website"},"primaryImageOfPage":{"@id":"https:\/\/dev.hempking.eu\/pl\/bio-chlorella-120g\/#primaryimage"},"image":{"@id":"https:\/\/dev.hempking.eu\/pl\/bio-chlorella-120g\/#primaryimage"},"thumbnailUrl":"https:\/\/dev.hempking.eu\/pl\/wp-content\/uploads\/sites\/2\/2020\/10\/bio_chlorella.jpg","datePublished":"2020-10-15T11:07:08+00:00","dateModified":"2023-05-23T12:08:51+00:00","description":"Bio chlorella. Moc alg w proszku. Wspomaga prawid\u0142owy poziom energii, detoksykacj\u0119, jest naturalnym \u017ar\u00f3d\u0142em witamin i minera\u0142\u00f3w. Sprawd\u017a !","breadcrumb":{"@id":"https:\/\/dev.hempking.eu\/pl\/bio-chlorella-120g\/#breadcrumb"},"inLanguage":"pl-PL","potentialAction":[{"@type":"ReadAction","target":["https:\/\/dev.hempking.eu\/pl\/bio-chlorella-120g\/"]}]},{"@type":"ImageObject","inLanguage":"pl-PL","@id":"https:\/\/dev.hempking.eu\/pl\/bio-chlorella-120g\/#primaryimage","url":"https:\/\/dev.hempking.eu\/pl\/wp-content\/uploads\/sites\/2\/2020\/10\/bio_chlorella.jpg","contentUrl":"https:\/\/dev.hempking.eu\/pl\/wp-content\/uploads\/sites\/2\/2020\/10\/bio_chlorella.jpg","width":1000,"height":1000,"caption":"Bio Chlorella Biowen"},{"@type":"BreadcrumbList","@id":"https:\/\/dev.hempking.eu\/pl\/bio-chlorella-120g\/#breadcrumb","itemListElement":[{"@type":"ListItem","position":1,"name":"Home","item":"https:\/\/dev.hempking.eu\/pl\/"},{"@type":"ListItem","position":2,"name":"Sklep","item":"https:\/\/dev.hempking.eu\/pl\/shop\/"},{"@type":"ListItem","position":3,"name":"Suplementy","item":"https:\/\/dev.hempking.eu\/pl\/suplementy\/"},{"@type":"ListItem","position":4,"name":"Algi w proszku","item":"https:\/\/dev.hempking.eu\/pl\/algi-w-proszku\/"},{"@type":"ListItem","position":5,"name":"BIO Chlorella - 120g"}]},{"@type":"WebSite","@id":"https:\/\/dev.hempking.eu\/pl\/#website","url":"https:\/\/dev.hempking.eu\/pl\/","name":"Hemp King","description":"","publisher":{"@id":"https:\/\/dev.hempking.eu\/pl\/#organization"},"potentialAction":[{"@type":"SearchAction","target":{"@type":"EntryPoint","urlTemplate":"https:\/\/dev.hempking.eu\/pl\/?s={search_term_string}"},"query-input":{"@type":"PropertyValueSpecification","valueRequired":true,"valueName":"search_term_string"}}],"inLanguage":"pl-PL"},{"@type":"Organization","@id":"https:\/\/dev.hempking.eu\/pl\/#organization","name":"Hemp King","url":"https:\/\/dev.hempking.eu\/pl\/","logo":{"@type":"ImageObject","inLanguage":"pl-PL","@id":"https:\/\/dev.hempking.eu\/pl\/#\/schema\/logo\/image\/","url":"https:\/\/dev.hempking.eu\/pl\/wp-content\/uploads\/sites\/2\/2020\/05\/hempking.png","contentUrl":"https:\/\/dev.hempking.eu\/pl\/wp-content\/uploads\/sites\/2\/2020\/05\/hempking.png","width":148,"height":91,"caption":"Hemp King"},"image":{"@id":"https:\/\/dev.hempking.eu\/pl\/#\/schema\/logo\/image\/"},"sameAs":["https:\/\/www.facebook.com\/hempkingpoland","https:\/\/x.com\/hempkingeu","https:\/\/www.instagram.com\/hempkingeu\/","https:\/\/www.linkedin.com\/company\/hempking-eu\/mycompany\/","https:\/\/pl.pinterest.com\/hempkingeu\/","https:\/\/www.youtube.com\/channel\/UCUkeZA1fj4hSZfoYm0WpZ7w"]}]},"product_price_amount":"37.90","product_price_currency":"PLN","og_availability":"instock","product_availability":"instock","product_condition":"new"},"_links":{"self":[{"href":"https:\/\/dev.hempking.eu\/pl\/wp-json\/wp\/v2\/product\/47271","targetHints":{"allow":["GET"]}}],"collection":[{"href":"https:\/\/dev.hempking.eu\/pl\/wp-json\/wp\/v2\/product"}],"about":[{"href":"https:\/\/dev.hempking.eu\/pl\/wp-json\/wp\/v2\/types\/product"}],"wp:featuredmedia":[{"embeddable":true,"href":"https:\/\/dev.hempking.eu\/pl\/wp-json\/wp\/v2\/media\/47267"}],"wp:attachment":[{"href":"https:\/\/dev.hempking.eu\/pl\/wp-json\/wp\/v2\/media?parent=47271"}],"wp:term":[{"taxonomy":"product_cat","embeddable":true,"href":"https:\/\/dev.hempking.eu\/pl\/wp-json\/wp\/v2\/product_cat?post=47271"},{"taxonomy":"product_tag","embeddable":true,"href":"https:\/\/dev.hempking.eu\/pl\/wp-json\/wp\/v2\/product_tag?post=47271"}],"curies":[{"name":"wp","href":"https:\/\/api.w.org\/{rel}","templated":true}]}}