{"id":47274,"date":"2020-10-15T13:15:20","date_gmt":"2020-10-15T11:15:20","guid":{"rendered":"https:\/\/hempking.eu\/pl\/?post_type=product&#038;p=47274"},"modified":"2023-05-23T14:08:28","modified_gmt":"2023-05-23T12:08:28","slug":"bio-spirulina-120g","status":"publish","type":"product","link":"https:\/\/dev.hempking.eu\/pl\/bio-spirulina-120g\/","title":{"rendered":"BIO Spirulina - 120g"},"content":{"rendered":"<h2 style=\"text-align: justify;\">BIO Spirulina &#8211; ro\u015blinne \u017ar\u00f3d\u0142o bia\u0142ka<\/h2>\n<p style=\"text-align: justify;\">Spirulina, czyli zielono-niebieskie algi, skrywa w sobie wiele dobrych sk\u0142adnik\u00f3w.<br \/>\nZe wzgl\u0119du na wysokowarto\u015bciowe bia\u0142ko, spirulina jest popularna w diecie wega\u0144skiej i wegetaria\u0144skiej. Dodatkowo pobudza przemian\u0119 materii, zatem jest idealna dla ka\u017cdego, kto dba o lini\u0119.<\/p>\n<p style=\"text-align: justify;\">Bio Spirulina zosta\u0142a szczelnie zamkni\u0119ta w ciemnym szklanym s\u0142oiku, ze stalow\u0105 nakr\u0119tk\u0105. To dzi\u0119ki temu zachowuje swoje w\u0142a\u015bciwo\u015bci, bez obaw o promienie s\u0142oneczne.<\/p>\n<p style=\"text-align: justify;\">Do produktu do\u0142\u0105czyli\u015bmy miark\u0119, kt\u00f3r\u0105 b\u0119dziesz w stanie dok\u0142adnie odmierzy\u0107 swoj\u0105 porcj\u0119 produktu.<\/p>\n<p style=\"text-align: justify;\">Produkt jest w 100% naturalny!<\/p>\n<p style=\"text-align: justify;\">Pami\u0119taj, \u017ce suplementy diety nie zast\u0119puj\u0105 zr\u00f3\u017cnicowanej diety.<br \/>\nPrzechowuj BIO Spirulin\u0119 poza zasi\u0119giem dzieci.<br \/>\nNie nale\u017cy przekracza\u0107 dziennej porcji do spo\u017cycia.<\/p>\n","protected":false},"excerpt":{"rendered":"<h2><strong>BIO Spirulina to:<\/strong><\/h2>\n<ul>\n<li>certyfikat Ekologiczny<\/li>\n<li>60 g bia\u0142ka na 100 g produktu,<\/li>\n<li>100% naturalny produkt<\/li>\n<li>odpowiedni dla wegan i wegetarian<\/li>\n<\/ul>\n<p><strong>Waga: 120g<\/strong><\/p>\n","protected":false},"featured_media":47264,"template":"","meta":{"_acf_changed":false},"product_cat":[96,130,98,36],"product_tag":[],"class_list":{"0":"post-47274","1":"product","2":"type-product","3":"status-publish","4":"has-post-thumbnail","6":"product_cat-suplementy","7":"product_cat-algi-w-proszku","8":"product_cat-superfoods","9":"product_cat-bestsellery","11":"first","12":"instock","13":"shipping-taxable","14":"purchasable","15":"product-type-simple"},"acf":[],"yoast_head":"<!-- This site is optimized with the Yoast SEO Premium plugin v23.4 (Yoast SEO v24.0) - https:\/\/yoast.com\/wordpress\/plugins\/seo\/ -->\n<title>Bio Spirulina | Ro\u015blinne \u017ar\u00f3d\u0142o bia\u0142ka | 100% naturalny - Biowen<\/title>\n<meta name=\"description\" content=\"Bio Spirulina. Spirulina pobudzi Twoj\u0105 przemian\u0119 materii, oczy\u015bci organizm z toksyn i metali ci\u0119\u017ckich. Sprawd\u017a jej dzia\u0142anie !\" \/>\n<link rel=\"canonical\" href=\"https:\/\/dev.hempking.eu\/pl\/bio-spirulina-120g\/\" \/>\n<meta property=\"og:locale\" content=\"pl_PL\" \/>\n<meta property=\"og:type\" content=\"article\" \/>\n<meta property=\"og:title\" content=\"BIO Spirulina - 120g\" \/>\n<meta property=\"og:description\" content=\"Bio Spirulina. Spirulina pobudzi Twoj\u0105 przemian\u0119 materii, oczy\u015bci organizm z toksyn i metali ci\u0119\u017ckich. Sprawd\u017a jej dzia\u0142anie !\" \/>\n<meta property=\"og:url\" content=\"https:\/\/dev.hempking.eu\/pl\/bio-spirulina-120g\/\" \/>\n<meta property=\"og:site_name\" content=\"Hemp King\" \/>\n<meta property=\"article:publisher\" content=\"https:\/\/www.facebook.com\/hempkingpoland\" \/>\n<meta property=\"article:modified_time\" content=\"2023-05-23T12:08:28+00:00\" \/>\n<meta property=\"og:image\" content=\"https:\/\/dev.hempking.eu\/pl\/wp-content\/uploads\/sites\/2\/2020\/10\/bio_spirulina.jpg\" \/>\n\t<meta property=\"og:image:width\" content=\"1000\" \/>\n\t<meta property=\"og:image:height\" content=\"1000\" \/>\n\t<meta property=\"og:image:type\" content=\"image\/jpeg\" \/>\n<meta name=\"twitter:card\" content=\"summary_large_image\" \/>\n<meta name=\"twitter:site\" content=\"@hempkingeu\" \/>\n<meta name=\"twitter:label1\" content=\"Price\" \/>\n\t<meta name=\"twitter:data1\" content=\"27.89&nbsp;&#122;&#322;\" \/>\n\t<meta name=\"twitter:label2\" content=\"Availability\" \/>\n\t<meta name=\"twitter:data2\" content=\"In stock\" \/>\n<script type=\"application\/ld+json\" class=\"yoast-schema-graph\">{\"@context\":\"https:\/\/schema.org\",\"@graph\":[{\"@type\":\"WebPage\",\"@id\":\"https:\/\/dev.hempking.eu\/pl\/bio-spirulina-120g\/\",\"url\":\"https:\/\/dev.hempking.eu\/pl\/bio-spirulina-120g\/\",\"name\":\"Bio Spirulina | Ro\u015blinne \u017ar\u00f3d\u0142o bia\u0142ka | 100% naturalny - Biowen\",\"isPartOf\":{\"@id\":\"https:\/\/dev.hempking.eu\/pl\/#website\"},\"primaryImageOfPage\":{\"@id\":\"https:\/\/dev.hempking.eu\/pl\/bio-spirulina-120g\/#primaryimage\"},\"image\":{\"@id\":\"https:\/\/dev.hempking.eu\/pl\/bio-spirulina-120g\/#primaryimage\"},\"thumbnailUrl\":\"https:\/\/dev.hempking.eu\/pl\/wp-content\/uploads\/sites\/2\/2020\/10\/bio_spirulina.jpg\",\"datePublished\":\"2020-10-15T11:15:20+00:00\",\"dateModified\":\"2023-05-23T12:08:28+00:00\",\"description\":\"Bio Spirulina. Spirulina pobudzi Twoj\u0105 przemian\u0119 materii, oczy\u015bci organizm z toksyn i metali ci\u0119\u017ckich. Sprawd\u017a jej dzia\u0142anie !\",\"breadcrumb\":{\"@id\":\"https:\/\/dev.hempking.eu\/pl\/bio-spirulina-120g\/#breadcrumb\"},\"inLanguage\":\"pl-PL\",\"potentialAction\":[{\"@type\":\"ReadAction\",\"target\":[\"https:\/\/dev.hempking.eu\/pl\/bio-spirulina-120g\/\"]}]},{\"@type\":\"ImageObject\",\"inLanguage\":\"pl-PL\",\"@id\":\"https:\/\/dev.hempking.eu\/pl\/bio-spirulina-120g\/#primaryimage\",\"url\":\"https:\/\/dev.hempking.eu\/pl\/wp-content\/uploads\/sites\/2\/2020\/10\/bio_spirulina.jpg\",\"contentUrl\":\"https:\/\/dev.hempking.eu\/pl\/wp-content\/uploads\/sites\/2\/2020\/10\/bio_spirulina.jpg\",\"width\":1000,\"height\":1000,\"caption\":\"Bio Spirulina Biowen\"},{\"@type\":\"BreadcrumbList\",\"@id\":\"https:\/\/dev.hempking.eu\/pl\/bio-spirulina-120g\/#breadcrumb\",\"itemListElement\":[{\"@type\":\"ListItem\",\"position\":1,\"name\":\"Home\",\"item\":\"https:\/\/dev.hempking.eu\/pl\/\"},{\"@type\":\"ListItem\",\"position\":2,\"name\":\"Sklep\",\"item\":\"https:\/\/dev.hempking.eu\/pl\/shop\/\"},{\"@type\":\"ListItem\",\"position\":3,\"name\":\"Suplementy\",\"item\":\"https:\/\/dev.hempking.eu\/pl\/suplementy\/\"},{\"@type\":\"ListItem\",\"position\":4,\"name\":\"Algi w proszku\",\"item\":\"https:\/\/dev.hempking.eu\/pl\/algi-w-proszku\/\"},{\"@type\":\"ListItem\",\"position\":5,\"name\":\"BIO Spirulina - 120g\"}]},{\"@type\":\"WebSite\",\"@id\":\"https:\/\/dev.hempking.eu\/pl\/#website\",\"url\":\"https:\/\/dev.hempking.eu\/pl\/\",\"name\":\"Hemp King\",\"description\":\"\",\"publisher\":{\"@id\":\"https:\/\/dev.hempking.eu\/pl\/#organization\"},\"potentialAction\":[{\"@type\":\"SearchAction\",\"target\":{\"@type\":\"EntryPoint\",\"urlTemplate\":\"https:\/\/dev.hempking.eu\/pl\/?s={search_term_string}\"},\"query-input\":{\"@type\":\"PropertyValueSpecification\",\"valueRequired\":true,\"valueName\":\"search_term_string\"}}],\"inLanguage\":\"pl-PL\"},{\"@type\":\"Organization\",\"@id\":\"https:\/\/dev.hempking.eu\/pl\/#organization\",\"name\":\"Hemp King\",\"url\":\"https:\/\/dev.hempking.eu\/pl\/\",\"logo\":{\"@type\":\"ImageObject\",\"inLanguage\":\"pl-PL\",\"@id\":\"https:\/\/dev.hempking.eu\/pl\/#\/schema\/logo\/image\/\",\"url\":\"https:\/\/dev.hempking.eu\/pl\/wp-content\/uploads\/sites\/2\/2020\/05\/hempking.png\",\"contentUrl\":\"https:\/\/dev.hempking.eu\/pl\/wp-content\/uploads\/sites\/2\/2020\/05\/hempking.png\",\"width\":148,\"height\":91,\"caption\":\"Hemp King\"},\"image\":{\"@id\":\"https:\/\/dev.hempking.eu\/pl\/#\/schema\/logo\/image\/\"},\"sameAs\":[\"https:\/\/www.facebook.com\/hempkingpoland\",\"https:\/\/x.com\/hempkingeu\",\"https:\/\/www.instagram.com\/hempkingeu\/\",\"https:\/\/www.linkedin.com\/company\/hempking-eu\/mycompany\/\",\"https:\/\/pl.pinterest.com\/hempkingeu\/\",\"https:\/\/www.youtube.com\/channel\/UCUkeZA1fj4hSZfoYm0WpZ7w\"]}]}<\/script>\n<meta property=\"product:price:amount\" content=\"27.89\" \/>\n<meta property=\"product:price:currency\" content=\"PLN\" \/>\n<meta property=\"og:availability\" content=\"instock\" \/>\n<meta property=\"product:availability\" content=\"instock\" \/>\n<meta property=\"product:condition\" content=\"new\" \/>\n<!-- \/ Yoast SEO Premium plugin. -->","yoast_head_json":{"title":"Bio Spirulina | Ro\u015blinne \u017ar\u00f3d\u0142o bia\u0142ka | 100% naturalny - Biowen","description":"Bio Spirulina. Spirulina pobudzi Twoj\u0105 przemian\u0119 materii, oczy\u015bci organizm z toksyn i metali ci\u0119\u017ckich. Sprawd\u017a jej dzia\u0142anie !","canonical":"https:\/\/dev.hempking.eu\/pl\/bio-spirulina-120g\/","og_locale":"pl_PL","og_type":"article","og_title":"BIO Spirulina - 120g","og_description":"Bio Spirulina. Spirulina pobudzi Twoj\u0105 przemian\u0119 materii, oczy\u015bci organizm z toksyn i metali ci\u0119\u017ckich. Sprawd\u017a jej dzia\u0142anie !","og_url":"https:\/\/dev.hempking.eu\/pl\/bio-spirulina-120g\/","og_site_name":"Hemp King","article_publisher":"https:\/\/www.facebook.com\/hempkingpoland","article_modified_time":"2023-05-23T12:08:28+00:00","og_image":[{"width":1000,"height":1000,"url":"https:\/\/dev.hempking.eu\/pl\/wp-content\/uploads\/sites\/2\/2020\/10\/bio_spirulina.jpg","type":"image\/jpeg"}],"twitter_card":"summary_large_image","twitter_site":"@hempkingeu","twitter_misc":{"Price":"27.89&nbsp;&#122;&#322;","Availability":"In stock"},"schema":{"@context":"https:\/\/schema.org","@graph":[{"@type":"WebPage","@id":"https:\/\/dev.hempking.eu\/pl\/bio-spirulina-120g\/","url":"https:\/\/dev.hempking.eu\/pl\/bio-spirulina-120g\/","name":"Bio Spirulina | Ro\u015blinne \u017ar\u00f3d\u0142o bia\u0142ka | 100% naturalny - Biowen","isPartOf":{"@id":"https:\/\/dev.hempking.eu\/pl\/#website"},"primaryImageOfPage":{"@id":"https:\/\/dev.hempking.eu\/pl\/bio-spirulina-120g\/#primaryimage"},"image":{"@id":"https:\/\/dev.hempking.eu\/pl\/bio-spirulina-120g\/#primaryimage"},"thumbnailUrl":"https:\/\/dev.hempking.eu\/pl\/wp-content\/uploads\/sites\/2\/2020\/10\/bio_spirulina.jpg","datePublished":"2020-10-15T11:15:20+00:00","dateModified":"2023-05-23T12:08:28+00:00","description":"Bio Spirulina. Spirulina pobudzi Twoj\u0105 przemian\u0119 materii, oczy\u015bci organizm z toksyn i metali ci\u0119\u017ckich. Sprawd\u017a jej dzia\u0142anie !","breadcrumb":{"@id":"https:\/\/dev.hempking.eu\/pl\/bio-spirulina-120g\/#breadcrumb"},"inLanguage":"pl-PL","potentialAction":[{"@type":"ReadAction","target":["https:\/\/dev.hempking.eu\/pl\/bio-spirulina-120g\/"]}]},{"@type":"ImageObject","inLanguage":"pl-PL","@id":"https:\/\/dev.hempking.eu\/pl\/bio-spirulina-120g\/#primaryimage","url":"https:\/\/dev.hempking.eu\/pl\/wp-content\/uploads\/sites\/2\/2020\/10\/bio_spirulina.jpg","contentUrl":"https:\/\/dev.hempking.eu\/pl\/wp-content\/uploads\/sites\/2\/2020\/10\/bio_spirulina.jpg","width":1000,"height":1000,"caption":"Bio Spirulina Biowen"},{"@type":"BreadcrumbList","@id":"https:\/\/dev.hempking.eu\/pl\/bio-spirulina-120g\/#breadcrumb","itemListElement":[{"@type":"ListItem","position":1,"name":"Home","item":"https:\/\/dev.hempking.eu\/pl\/"},{"@type":"ListItem","position":2,"name":"Sklep","item":"https:\/\/dev.hempking.eu\/pl\/shop\/"},{"@type":"ListItem","position":3,"name":"Suplementy","item":"https:\/\/dev.hempking.eu\/pl\/suplementy\/"},{"@type":"ListItem","position":4,"name":"Algi w proszku","item":"https:\/\/dev.hempking.eu\/pl\/algi-w-proszku\/"},{"@type":"ListItem","position":5,"name":"BIO Spirulina - 120g"}]},{"@type":"WebSite","@id":"https:\/\/dev.hempking.eu\/pl\/#website","url":"https:\/\/dev.hempking.eu\/pl\/","name":"Hemp King","description":"","publisher":{"@id":"https:\/\/dev.hempking.eu\/pl\/#organization"},"potentialAction":[{"@type":"SearchAction","target":{"@type":"EntryPoint","urlTemplate":"https:\/\/dev.hempking.eu\/pl\/?s={search_term_string}"},"query-input":{"@type":"PropertyValueSpecification","valueRequired":true,"valueName":"search_term_string"}}],"inLanguage":"pl-PL"},{"@type":"Organization","@id":"https:\/\/dev.hempking.eu\/pl\/#organization","name":"Hemp King","url":"https:\/\/dev.hempking.eu\/pl\/","logo":{"@type":"ImageObject","inLanguage":"pl-PL","@id":"https:\/\/dev.hempking.eu\/pl\/#\/schema\/logo\/image\/","url":"https:\/\/dev.hempking.eu\/pl\/wp-content\/uploads\/sites\/2\/2020\/05\/hempking.png","contentUrl":"https:\/\/dev.hempking.eu\/pl\/wp-content\/uploads\/sites\/2\/2020\/05\/hempking.png","width":148,"height":91,"caption":"Hemp King"},"image":{"@id":"https:\/\/dev.hempking.eu\/pl\/#\/schema\/logo\/image\/"},"sameAs":["https:\/\/www.facebook.com\/hempkingpoland","https:\/\/x.com\/hempkingeu","https:\/\/www.instagram.com\/hempkingeu\/","https:\/\/www.linkedin.com\/company\/hempking-eu\/mycompany\/","https:\/\/pl.pinterest.com\/hempkingeu\/","https:\/\/www.youtube.com\/channel\/UCUkeZA1fj4hSZfoYm0WpZ7w"]}]},"product_price_amount":"27.89","product_price_currency":"PLN","og_availability":"instock","product_availability":"instock","product_condition":"new"},"_links":{"self":[{"href":"https:\/\/dev.hempking.eu\/pl\/wp-json\/wp\/v2\/product\/47274","targetHints":{"allow":["GET"]}}],"collection":[{"href":"https:\/\/dev.hempking.eu\/pl\/wp-json\/wp\/v2\/product"}],"about":[{"href":"https:\/\/dev.hempking.eu\/pl\/wp-json\/wp\/v2\/types\/product"}],"wp:featuredmedia":[{"embeddable":true,"href":"https:\/\/dev.hempking.eu\/pl\/wp-json\/wp\/v2\/media\/47264"}],"wp:attachment":[{"href":"https:\/\/dev.hempking.eu\/pl\/wp-json\/wp\/v2\/media?parent=47274"}],"wp:term":[{"taxonomy":"product_cat","embeddable":true,"href":"https:\/\/dev.hempking.eu\/pl\/wp-json\/wp\/v2\/product_cat?post=47274"},{"taxonomy":"product_tag","embeddable":true,"href":"https:\/\/dev.hempking.eu\/pl\/wp-json\/wp\/v2\/product_tag?post=47274"}],"curies":[{"name":"wp","href":"https:\/\/api.w.org\/{rel}","templated":true}]}}