{"id":50671,"date":"2020-11-23T12:33:26","date_gmt":"2020-11-23T11:33:26","guid":{"rendered":"https:\/\/hempking.eu\/pl\/?post_type=product&#038;p=50671"},"modified":"2023-04-04T13:07:25","modified_gmt":"2023-04-04T11:07:25","slug":"olej-cbd-5-d3k2-10ml","status":"publish","type":"product","link":"https:\/\/dev.hempking.eu\/pl\/olej-cbd-5-d3k2-10ml\/","title":{"rendered":"Olej CBD 5% + CBDA, CBC, CBGA, CBG, CBDV, CBN + D3K2 - 10ml - Kr\u00f3tki termin - Powiadom o dost\u0119pno\u015bci"},"content":{"rendered":"<h2 style=\"text-align: justify;\">Poznaj Olej konopny 5% z naturalnymi witaminami D3 z lanoliny oraz K2 z natto \u2013 synergia wsparcia<\/h2>\n<p style=\"text-align: justify;\">Poznaj Olej konopny 5% + D3K2, czyli innowacyjny produkt konopny zawieraj\u0105cy naturalnie wyst\u0119puj\u0105ce w przyrodzie fitosk\u0142adniki <strong>CBD, CBDA, CBC, CBGA, CBG, CBDV, CBN<\/strong> , kt\u00f3rego sk\u0142adniki wzbogacili\u015bmy <strong>naturaln\u0105 witamin\u0105 D3 z lanoliny (cholekalcyferol) oraz naturaln\u0105 witamin\u0105 K2Mk-7 (menachinon-7)<\/strong>. Butelka suplementu dostarczy Ci 500mg fitosk\u0142adnika wraz z pe\u0142nym spektrum innych fitosk\u0142adnik\u00f3w oraz 3400 mcg witaminy D3 oraz 6600ug witaminy K2MK-7.<\/p>\n<p style=\"text-align: justify;\">Jedna butelka olejku z witaminami to. 200 kropli. Zatem <strong>jedna kropla to 2,5mg fitosk\u0142adnika oraz 17 mcg witaminy D3 i 33ug K2MK-7<\/strong>.<\/p>\n<p style=\"text-align: justify;\">Poza fitosk\u0142adnikami oraz <strong>naturaln\u0105<\/strong> <strong>witamin\u0105 D3 z lanoliny i K2 z natto<\/strong>, w olejku s\u0105 r\u00f3wnie\u017c wszystkie fitosk\u0142adniki z konopi: terpeny, fenole i flawonoidy.<\/p>\n<h2 style=\"text-align: justify;\">Czym wyr\u00f3\u017cnia si\u0119 Olej konopny 5% + D3K2 &#8211; 10ml?<\/h2>\n<p style=\"text-align: justify;\"><strong>Wysokie st\u0119\u017cenie w ka\u017cdej kropli<\/strong><br \/>\nOlej konopny 5% z D3K2 w ka\u017cdej kropli zawiera zagwarantowan\u0105 na opakowaniu ilo\u015b\u0107 fitosk\u0142adnika oraz naturalnych witamin D3 i K2. Kropla olejku konopnego 5% r\u00f3wna si\u0119 ponad 2,5mg fitosk\u0142adnika oraz pe\u0142nego spektrum fitosk\u0142adnik\u00f3w oraz 17mcg witaminy D3 i 33ug K2MK-7.<\/p>\n<p style=\"text-align: justify;\"><strong>Tylko naturalne komponenty<\/strong><br \/>\nOlej konopny 5% + D3K2 jest produktem zupe\u0142nie naturalnym. Olej konopny jest bez wzbogacenia krystalicznego czy syntetycznego. Witaminy D3 i K2 s\u0105 naturalne i pochodz\u0105 odpowiednio z lanoliny i z sfermentowanej soi.<\/p>\n<p style=\"text-align: justify;\"><strong>100% polski produkt<\/strong><br \/>\nJak ka\u017cdy nasz produkt, tak samo ten olejek z fitosk\u0142adnikami 5% + D3K2 wytwarzamy sami, co jako producentowi daje nam mo\u017cliwo\u015b\u0107 czuwania nad jego jako\u015bci\u0105 na ka\u017cdym etapie. Wykorzystane do produkcji konopi rosn\u0105 na polskich naturalnych uprawach bez \u015bladu chemii.<\/p>\n<p style=\"text-align: justify;\"><strong>Dodatek naturalnych witamin D3K2<\/strong><br \/>\nBestsellerowy olej konopny zosta\u0142 wzbogacony naturaln\u0105 witamin\u0105 D3 oraz naturaln\u0105 witamin\u0105 K2. Obie s\u0105 rozpuszczalne w t\u0142uszczach, z wysokim stopniem przyswajalno\u015bci.<\/p>\n<p style=\"text-align: justify;\"><a href=\"https:\/\/dev.hempking.eu\/pl\/wp-content\/uploads\/sites\/2\/2020\/07\/warunki4-1.jpg\"><img loading=\"lazy\" decoding=\"async\" class=\"alignnone wp-image-104414 size-full\" src=\"https:\/\/dev.hempking.eu\/pl\/wp-content\/uploads\/sites\/2\/2020\/07\/warunki4-1.jpg\" alt=\"o\u015bwiadczenia CBD w UE\" width=\"755\" height=\"353\" srcset=\"https:\/\/dev.hempking.eu\/pl\/wp-content\/uploads\/sites\/2\/2020\/07\/warunki4-1.jpg 755w, https:\/\/dev.hempking.eu\/pl\/wp-content\/uploads\/sites\/2\/2020\/07\/warunki4-1-640x299.jpg 640w, https:\/\/dev.hempking.eu\/pl\/wp-content\/uploads\/sites\/2\/2020\/07\/warunki4-1-400x187.jpg 400w\" sizes=\"auto, (max-width: 755px) 100vw, 755px\" \/><\/a><\/p>\n<p style=\"text-align: justify;\"><a href=\"https:\/\/dev.hempking.eu\/pl\/wp-content\/uploads\/sites\/2\/2020\/07\/warunki_4.jpg\"><img loading=\"lazy\" decoding=\"async\" class=\"alignnone size-full wp-image-100623\" src=\"https:\/\/dev.hempking.eu\/pl\/wp-content\/uploads\/sites\/2\/2020\/07\/warunki_4.jpg\" alt=\"fito sk\u0142adniki novel food\" width=\"755\" height=\"237\" srcset=\"https:\/\/dev.hempking.eu\/pl\/wp-content\/uploads\/sites\/2\/2020\/07\/warunki_4.jpg 755w, https:\/\/dev.hempking.eu\/pl\/wp-content\/uploads\/sites\/2\/2020\/07\/warunki_4-640x201.jpg 640w, https:\/\/dev.hempking.eu\/pl\/wp-content\/uploads\/sites\/2\/2020\/07\/warunki_4-400x126.jpg 400w\" sizes=\"auto, (max-width: 755px) 100vw, 755px\" \/><\/a><\/p>\n<p style=\"text-align: justify;\"><a href=\"https:\/\/dev.hempking.eu\/pl\/wp-content\/uploads\/sites\/2\/2022\/01\/warunki2.jpg\"><img loading=\"lazy\" decoding=\"async\" class=\"alignnone wp-image-85647 size-full\" src=\"https:\/\/dev.hempking.eu\/pl\/wp-content\/uploads\/sites\/2\/2022\/01\/warunki2.jpg\" alt=\"warunki2\" width=\"755\" height=\"307\" srcset=\"https:\/\/dev.hempking.eu\/pl\/wp-content\/uploads\/sites\/2\/2022\/01\/warunki2.jpg 755w, https:\/\/dev.hempking.eu\/pl\/wp-content\/uploads\/sites\/2\/2022\/01\/warunki2-640x260.jpg 640w, https:\/\/dev.hempking.eu\/pl\/wp-content\/uploads\/sites\/2\/2022\/01\/warunki2-400x163.jpg 400w, https:\/\/dev.hempking.eu\/pl\/wp-content\/uploads\/sites\/2\/2022\/01\/warunki2-600x244.jpg 600w\" sizes=\"auto, (max-width: 755px) 100vw, 755px\" \/><\/a><\/p>\n","protected":false},"excerpt":{"rendered":"<h2>Kr\u00f3tki termin wa\u017cno\u015bci<\/h2>\n<h2><strong>Olej konopny 5% + D3K2: <\/strong><\/h2>\n<ul>\n<li>olej konopny 5% wzbogacony naturalnymi witaminami D3 i K2<\/li>\n<li>st\u0119\u017cenie fitosk\u0142adnika wynosi 5%<\/li>\n<li>pe\u0142ne spektrum fitosk\u0142adnik\u00f3w<\/li>\n<li><strong>Minimum 500 mg fitosk\u0142adnika<\/strong><\/li>\n<li><strong>Pe\u0142ne spektrum fitosk\u0142adnik\u00f3w, naturalnie wyst\u0119puj\u0105cych w przyrodzie: CBD, CBDA, CBC, CBGA, CBG, CBDV, CBN<\/strong><\/li>\n<li><a href=\"https:\/\/dev.hempking.eu\/wp-content\/certificates\/2021.07.27-Biodio-2178-21.pdf\">badania na zawarto\u015b\u0107 fitosk\u0142adnik\u00f3w w olejku konopnych 5%<\/a><\/li>\n<li><strong>1 kropla to 2,5mg fitosk\u0142adnika oraz 17 mcg witaminy D3 i 33ug K2MK-7<\/strong><\/li>\n<li>produkt posiada certyfikaty &#8211; badania znajdziesz tutaj:\u00a0<strong><a href=\"https:\/\/dev.hempking.eu\/pl\/atesty-i-certyfikaty\/\">Atesty i Certyfikaty<\/a>.<\/strong><\/li>\n<li>100% naturalny<\/li>\n<\/ul>\n<p><strong>Pojemno\u015b\u0107: 10ml<\/strong><\/p>\n","protected":false},"featured_media":87492,"template":"","meta":{"_acf_changed":false},"product_cat":[153],"product_tag":[],"class_list":{"0":"post-50671","1":"product","2":"type-product","3":"status-publish","4":"has-post-thumbnail","6":"product_cat-powiadom-o-dostepnosci","8":"first","9":"outofstock","10":"sale","11":"shipping-taxable","12":"purchasable","13":"product-type-simple"},"acf":[],"yoast_head":"<!-- This site is optimized with the Yoast SEO Premium plugin v23.4 (Yoast SEO v24.0) - https:\/\/yoast.com\/wordpress\/plugins\/seo\/ -->\n<title>Olej konopny CBD 5% + D3K2 | 10 ml | Full Spectrum | HempKing<\/title>\n<meta name=\"description\" content=\"Poznaj Olej CBD 5% z naturalnymi witaminami D3 z lanoliny oraz K2 z natto \u2013 synergia wsparcia. Kup teraz za 145.50 PLN na hempking.eu!\" \/>\n<link rel=\"canonical\" href=\"https:\/\/dev.hempking.eu\/pl\/olej-cbd-5-d3k2-10ml\/\" \/>\n<meta property=\"og:locale\" content=\"pl_PL\" \/>\n<meta property=\"og:type\" content=\"article\" \/>\n<meta property=\"og:title\" content=\"Olej CBD 5% + CBDA, CBC, CBGA, CBG, CBDV, CBN + D3K2 - 10ml - Kr\u00f3tki termin - Powiadom o dost\u0119pno\u015bci\" \/>\n<meta property=\"og:description\" content=\"Poznaj Olej CBD 5% z naturalnymi witaminami D3 z lanoliny oraz K2 z natto \u2013 synergia wsparcia. Kup teraz za 145.50 PLN na hempking.eu!\" \/>\n<meta property=\"og:url\" content=\"https:\/\/dev.hempking.eu\/pl\/olej-cbd-5-d3k2-10ml\/\" \/>\n<meta property=\"og:site_name\" content=\"Hemp King\" \/>\n<meta property=\"article:publisher\" content=\"https:\/\/www.facebook.com\/hempkingpoland\" \/>\n<meta property=\"article:modified_time\" content=\"2023-04-04T11:07:25+00:00\" \/>\n<meta property=\"og:image\" content=\"https:\/\/dev.hempking.eu\/pl\/wp-content\/uploads\/sites\/2\/2022\/01\/olejek_d3_k2.jpg\" \/>\n\t<meta property=\"og:image:width\" content=\"1000\" \/>\n\t<meta property=\"og:image:height\" content=\"1000\" \/>\n\t<meta property=\"og:image:type\" content=\"image\/jpeg\" \/>\n<meta name=\"twitter:card\" content=\"summary_large_image\" \/>\n<meta name=\"twitter:site\" content=\"@hempkingeu\" \/>\n<meta name=\"twitter:label1\" content=\"Price\" \/>\n\t<meta name=\"twitter:data1\" content=\"79.50&nbsp;&#122;&#322;\" \/>\n\t<meta name=\"twitter:label2\" content=\"Availability\" \/>\n\t<meta name=\"twitter:data2\" content=\"Out of stock\" \/>\n<script type=\"application\/ld+json\" class=\"yoast-schema-graph\">{\"@context\":\"https:\/\/schema.org\",\"@graph\":[{\"@type\":\"WebPage\",\"@id\":\"https:\/\/dev.hempking.eu\/pl\/olej-cbd-5-d3k2-10ml\/\",\"url\":\"https:\/\/dev.hempking.eu\/pl\/olej-cbd-5-d3k2-10ml\/\",\"name\":\"Olej konopny CBD 5% + D3K2 | 10 ml | Full Spectrum | HempKing\",\"isPartOf\":{\"@id\":\"https:\/\/dev.hempking.eu\/pl\/#website\"},\"primaryImageOfPage\":{\"@id\":\"https:\/\/dev.hempking.eu\/pl\/olej-cbd-5-d3k2-10ml\/#primaryimage\"},\"image\":{\"@id\":\"https:\/\/dev.hempking.eu\/pl\/olej-cbd-5-d3k2-10ml\/#primaryimage\"},\"thumbnailUrl\":\"https:\/\/dev.hempking.eu\/pl\/wp-content\/uploads\/sites\/2\/2022\/01\/olejek_d3_k2.jpg\",\"datePublished\":\"2020-11-23T11:33:26+00:00\",\"dateModified\":\"2023-04-04T11:07:25+00:00\",\"description\":\"Poznaj Olej CBD 5% z naturalnymi witaminami D3 z lanoliny oraz K2 z natto \u2013 synergia wsparcia. Kup teraz za 145.50 PLN na hempking.eu!\",\"breadcrumb\":{\"@id\":\"https:\/\/dev.hempking.eu\/pl\/olej-cbd-5-d3k2-10ml\/#breadcrumb\"},\"inLanguage\":\"pl-PL\",\"potentialAction\":[{\"@type\":\"ReadAction\",\"target\":[\"https:\/\/dev.hempking.eu\/pl\/olej-cbd-5-d3k2-10ml\/\"]}]},{\"@type\":\"ImageObject\",\"inLanguage\":\"pl-PL\",\"@id\":\"https:\/\/dev.hempking.eu\/pl\/olej-cbd-5-d3k2-10ml\/#primaryimage\",\"url\":\"https:\/\/dev.hempking.eu\/pl\/wp-content\/uploads\/sites\/2\/2022\/01\/olejek_d3_k2.jpg\",\"contentUrl\":\"https:\/\/dev.hempking.eu\/pl\/wp-content\/uploads\/sites\/2\/2022\/01\/olejek_d3_k2.jpg\",\"width\":1000,\"height\":1000,\"caption\":\"Olejek konopny CBD D3+K2 5% Full Spectrum HempKing\"},{\"@type\":\"BreadcrumbList\",\"@id\":\"https:\/\/dev.hempking.eu\/pl\/olej-cbd-5-d3k2-10ml\/#breadcrumb\",\"itemListElement\":[{\"@type\":\"ListItem\",\"position\":1,\"name\":\"Home\",\"item\":\"https:\/\/dev.hempking.eu\/pl\/\"},{\"@type\":\"ListItem\",\"position\":2,\"name\":\"Sklep\",\"item\":\"https:\/\/dev.hempking.eu\/pl\/shop\/\"},{\"@type\":\"ListItem\",\"position\":3,\"name\":\"Powiadom o dost\u0119pno\u015bci\",\"item\":\"https:\/\/dev.hempking.eu\/pl\/powiadom-o-dostepnosci\/\"},{\"@type\":\"ListItem\",\"position\":4,\"name\":\"Olej CBD 5% + CBDA, CBC, CBGA, CBG, CBDV, CBN + D3K2 - 10ml - Kr\u00f3tki termin - Powiadom o dost\u0119pno\u015bci\"}]},{\"@type\":\"WebSite\",\"@id\":\"https:\/\/dev.hempking.eu\/pl\/#website\",\"url\":\"https:\/\/dev.hempking.eu\/pl\/\",\"name\":\"Hemp King\",\"description\":\"\",\"publisher\":{\"@id\":\"https:\/\/dev.hempking.eu\/pl\/#organization\"},\"potentialAction\":[{\"@type\":\"SearchAction\",\"target\":{\"@type\":\"EntryPoint\",\"urlTemplate\":\"https:\/\/dev.hempking.eu\/pl\/?s={search_term_string}\"},\"query-input\":{\"@type\":\"PropertyValueSpecification\",\"valueRequired\":true,\"valueName\":\"search_term_string\"}}],\"inLanguage\":\"pl-PL\"},{\"@type\":\"Organization\",\"@id\":\"https:\/\/dev.hempking.eu\/pl\/#organization\",\"name\":\"Hemp King\",\"url\":\"https:\/\/dev.hempking.eu\/pl\/\",\"logo\":{\"@type\":\"ImageObject\",\"inLanguage\":\"pl-PL\",\"@id\":\"https:\/\/dev.hempking.eu\/pl\/#\/schema\/logo\/image\/\",\"url\":\"https:\/\/dev.hempking.eu\/pl\/wp-content\/uploads\/sites\/2\/2020\/05\/hempking.png\",\"contentUrl\":\"https:\/\/dev.hempking.eu\/pl\/wp-content\/uploads\/sites\/2\/2020\/05\/hempking.png\",\"width\":148,\"height\":91,\"caption\":\"Hemp King\"},\"image\":{\"@id\":\"https:\/\/dev.hempking.eu\/pl\/#\/schema\/logo\/image\/\"},\"sameAs\":[\"https:\/\/www.facebook.com\/hempkingpoland\",\"https:\/\/x.com\/hempkingeu\",\"https:\/\/www.instagram.com\/hempkingeu\/\",\"https:\/\/www.linkedin.com\/company\/hempking-eu\/mycompany\/\",\"https:\/\/pl.pinterest.com\/hempkingeu\/\",\"https:\/\/www.youtube.com\/channel\/UCUkeZA1fj4hSZfoYm0WpZ7w\"]}]}<\/script>\n<meta property=\"product:price:amount\" content=\"79.50\" \/>\n<meta property=\"product:price:currency\" content=\"PLN\" \/>\n<meta property=\"og:availability\" content=\"out of stock\" \/>\n<meta property=\"product:availability\" content=\"out of stock\" \/>\n<meta property=\"product:condition\" content=\"new\" \/>\n<!-- \/ Yoast SEO Premium plugin. -->","yoast_head_json":{"title":"Olej konopny CBD 5% + D3K2 | 10 ml | Full Spectrum | HempKing","description":"Poznaj Olej CBD 5% z naturalnymi witaminami D3 z lanoliny oraz K2 z natto \u2013 synergia wsparcia. Kup teraz za 145.50 PLN na hempking.eu!","canonical":"https:\/\/dev.hempking.eu\/pl\/olej-cbd-5-d3k2-10ml\/","og_locale":"pl_PL","og_type":"article","og_title":"Olej CBD 5% + CBDA, CBC, CBGA, CBG, CBDV, CBN + D3K2 - 10ml - Kr\u00f3tki termin - Powiadom o dost\u0119pno\u015bci","og_description":"Poznaj Olej CBD 5% z naturalnymi witaminami D3 z lanoliny oraz K2 z natto \u2013 synergia wsparcia. Kup teraz za 145.50 PLN na hempking.eu!","og_url":"https:\/\/dev.hempking.eu\/pl\/olej-cbd-5-d3k2-10ml\/","og_site_name":"Hemp King","article_publisher":"https:\/\/www.facebook.com\/hempkingpoland","article_modified_time":"2023-04-04T11:07:25+00:00","og_image":[{"width":1000,"height":1000,"url":"https:\/\/dev.hempking.eu\/pl\/wp-content\/uploads\/sites\/2\/2022\/01\/olejek_d3_k2.jpg","type":"image\/jpeg"}],"twitter_card":"summary_large_image","twitter_site":"@hempkingeu","twitter_misc":{"Price":"79.50&nbsp;&#122;&#322;","Availability":"Out of stock"},"schema":{"@context":"https:\/\/schema.org","@graph":[{"@type":"WebPage","@id":"https:\/\/dev.hempking.eu\/pl\/olej-cbd-5-d3k2-10ml\/","url":"https:\/\/dev.hempking.eu\/pl\/olej-cbd-5-d3k2-10ml\/","name":"Olej konopny CBD 5% + D3K2 | 10 ml | Full Spectrum | HempKing","isPartOf":{"@id":"https:\/\/dev.hempking.eu\/pl\/#website"},"primaryImageOfPage":{"@id":"https:\/\/dev.hempking.eu\/pl\/olej-cbd-5-d3k2-10ml\/#primaryimage"},"image":{"@id":"https:\/\/dev.hempking.eu\/pl\/olej-cbd-5-d3k2-10ml\/#primaryimage"},"thumbnailUrl":"https:\/\/dev.hempking.eu\/pl\/wp-content\/uploads\/sites\/2\/2022\/01\/olejek_d3_k2.jpg","datePublished":"2020-11-23T11:33:26+00:00","dateModified":"2023-04-04T11:07:25+00:00","description":"Poznaj Olej CBD 5% z naturalnymi witaminami D3 z lanoliny oraz K2 z natto \u2013 synergia wsparcia. Kup teraz za 145.50 PLN na hempking.eu!","breadcrumb":{"@id":"https:\/\/dev.hempking.eu\/pl\/olej-cbd-5-d3k2-10ml\/#breadcrumb"},"inLanguage":"pl-PL","potentialAction":[{"@type":"ReadAction","target":["https:\/\/dev.hempking.eu\/pl\/olej-cbd-5-d3k2-10ml\/"]}]},{"@type":"ImageObject","inLanguage":"pl-PL","@id":"https:\/\/dev.hempking.eu\/pl\/olej-cbd-5-d3k2-10ml\/#primaryimage","url":"https:\/\/dev.hempking.eu\/pl\/wp-content\/uploads\/sites\/2\/2022\/01\/olejek_d3_k2.jpg","contentUrl":"https:\/\/dev.hempking.eu\/pl\/wp-content\/uploads\/sites\/2\/2022\/01\/olejek_d3_k2.jpg","width":1000,"height":1000,"caption":"Olejek konopny CBD D3+K2 5% Full Spectrum HempKing"},{"@type":"BreadcrumbList","@id":"https:\/\/dev.hempking.eu\/pl\/olej-cbd-5-d3k2-10ml\/#breadcrumb","itemListElement":[{"@type":"ListItem","position":1,"name":"Home","item":"https:\/\/dev.hempking.eu\/pl\/"},{"@type":"ListItem","position":2,"name":"Sklep","item":"https:\/\/dev.hempking.eu\/pl\/shop\/"},{"@type":"ListItem","position":3,"name":"Powiadom o dost\u0119pno\u015bci","item":"https:\/\/dev.hempking.eu\/pl\/powiadom-o-dostepnosci\/"},{"@type":"ListItem","position":4,"name":"Olej CBD 5% + CBDA, CBC, CBGA, CBG, CBDV, CBN + D3K2 - 10ml - Kr\u00f3tki termin - Powiadom o dost\u0119pno\u015bci"}]},{"@type":"WebSite","@id":"https:\/\/dev.hempking.eu\/pl\/#website","url":"https:\/\/dev.hempking.eu\/pl\/","name":"Hemp King","description":"","publisher":{"@id":"https:\/\/dev.hempking.eu\/pl\/#organization"},"potentialAction":[{"@type":"SearchAction","target":{"@type":"EntryPoint","urlTemplate":"https:\/\/dev.hempking.eu\/pl\/?s={search_term_string}"},"query-input":{"@type":"PropertyValueSpecification","valueRequired":true,"valueName":"search_term_string"}}],"inLanguage":"pl-PL"},{"@type":"Organization","@id":"https:\/\/dev.hempking.eu\/pl\/#organization","name":"Hemp King","url":"https:\/\/dev.hempking.eu\/pl\/","logo":{"@type":"ImageObject","inLanguage":"pl-PL","@id":"https:\/\/dev.hempking.eu\/pl\/#\/schema\/logo\/image\/","url":"https:\/\/dev.hempking.eu\/pl\/wp-content\/uploads\/sites\/2\/2020\/05\/hempking.png","contentUrl":"https:\/\/dev.hempking.eu\/pl\/wp-content\/uploads\/sites\/2\/2020\/05\/hempking.png","width":148,"height":91,"caption":"Hemp King"},"image":{"@id":"https:\/\/dev.hempking.eu\/pl\/#\/schema\/logo\/image\/"},"sameAs":["https:\/\/www.facebook.com\/hempkingpoland","https:\/\/x.com\/hempkingeu","https:\/\/www.instagram.com\/hempkingeu\/","https:\/\/www.linkedin.com\/company\/hempking-eu\/mycompany\/","https:\/\/pl.pinterest.com\/hempkingeu\/","https:\/\/www.youtube.com\/channel\/UCUkeZA1fj4hSZfoYm0WpZ7w"]}]},"product_price_amount":"79.50","product_price_currency":"PLN","og_availability":"out of stock","product_availability":"out of stock","product_condition":"new"},"_links":{"self":[{"href":"https:\/\/dev.hempking.eu\/pl\/wp-json\/wp\/v2\/product\/50671","targetHints":{"allow":["GET"]}}],"collection":[{"href":"https:\/\/dev.hempking.eu\/pl\/wp-json\/wp\/v2\/product"}],"about":[{"href":"https:\/\/dev.hempking.eu\/pl\/wp-json\/wp\/v2\/types\/product"}],"wp:featuredmedia":[{"embeddable":true,"href":"https:\/\/dev.hempking.eu\/pl\/wp-json\/wp\/v2\/media\/87492"}],"wp:attachment":[{"href":"https:\/\/dev.hempking.eu\/pl\/wp-json\/wp\/v2\/media?parent=50671"}],"wp:term":[{"taxonomy":"product_cat","embeddable":true,"href":"https:\/\/dev.hempking.eu\/pl\/wp-json\/wp\/v2\/product_cat?post=50671"},{"taxonomy":"product_tag","embeddable":true,"href":"https:\/\/dev.hempking.eu\/pl\/wp-json\/wp\/v2\/product_tag?post=50671"}],"curies":[{"name":"wp","href":"https:\/\/api.w.org\/{rel}","templated":true}]}}