{"id":50674,"date":"2020-11-23T12:41:04","date_gmt":"2020-11-23T11:41:04","guid":{"rendered":"https:\/\/hempking.eu\/pl\/?post_type=product&#038;p=50674"},"modified":"2023-05-17T14:29:58","modified_gmt":"2023-05-17T12:29:58","slug":"olej-cbd-5-k2mk-7-z-natto-10ml","status":"publish","type":"product","link":"https:\/\/dev.hempking.eu\/pl\/olej-cbd-5-k2mk-7-z-natto-10ml\/","title":{"rendered":"Olej CBD 5% + CBDA, CBC, CBGA, CBG, CBDV, CBN + K2MK-7 z natto - 10ml"},"content":{"rendered":"<h2 style=\"text-align: justify;\">Sprawd\u017a Olej 5% z witamin\u0105 K2MK-7 z naturalnego natto \u2013 wsparcie odporno\u015bci<\/h2>\n<p style=\"text-align: justify;\">Bestsellerowy hempkingowy produkt, jakim jest olej konopny 5% Natural &#8211; 10 ml po\u0142\u0105czyli\u015bmy z ca\u0142kowicie naturaln\u0105 witamin\u0105 K2MK-7, kt\u00f3ra pochodzi z natto, czyli sfermentowanej soi. <strong>Ten olej konopny 5% + K2MK-7 urozmaici Twoj\u0105 diet\u0119 o 500 mg fitosk\u0142adnika wraz z innymi fitosk\u0142adnikami oraz 6600 ug witaminy K2MK-7 (menachinon-7).<\/strong><\/p>\n<p style=\"text-align: justify;\">Opakowanie standardowo zawiera 200 kropli olejku. <strong>Jedna kropla produktu konopnego zawiera 2,5mg fitosk\u0142adnika z full spectrum oraz 33 ug witaminy K2MK-7.<\/strong><\/p>\n<p style=\"text-align: justify;\">Olejek konopny 5% z K2MK-7 zawiera nie tylko fitosk\u0142adniki oraz naturaln\u0105 witamin\u0119 K2MK-7 z natto, jest te\u017c bogaty w naturalnie wyst\u0119puj\u0105ce w konopiach fenole i flawonoidy oraz terpeny.<\/p>\n<p style=\"text-align: justify;\">Nasz konopny olej konopny jest sprawdzony i przebadany, mi\u0119dzy innymi na to, czy s\u0105 w nim obecne pestycydy, metale ci\u0119\u017ckie oraz dro\u017cd\u017ce i ple\u015bnie. To sprawia, \u017ce to produkt niezwykle wysokiej jako\u015bci, bezpieczny do stosowania.<\/p>\n<h2 style=\"text-align: justify;\">Co wyr\u00f3\u017cnia Olej konopny 5% + K2MK-7 &#8211; 10ml?<\/h2>\n<p style=\"text-align: justify;\"><strong>Wysokie st\u0119\u017cenie w ka\u017cdej kropli<\/strong><br \/>\nOlej konopny 5% z K2MK-7 w jednej kropli zawiera odpowiedni\u0105 dla st\u0119\u017cenia ilo\u015b\u0107 fitosk\u0142adnik\u00f3w oraz naturalnej witaminy K2MK-7 z fermentowanej soi. Jedna kropla olejku konopnego 5% + K2MK-7 zawiera ponad 2,5mg fitosk\u0142adnika oraz pozosta\u0142ych fitosk\u0142adnik\u00f3w w pe\u0142nym spektrum, jak i r\u00f3wnie\u017c 33ug witaminy K2MK-7. To wszystko dzi\u0119ki nowoczesnej metodzie ekstrakcji nadkrytycznym CO2!<\/p>\n<p style=\"text-align: justify;\"><strong>Tylko naturalne komponenty<\/strong><br \/>\nOlej konopny 5% + K2MK-7 to produkt, kt\u00f3ry jest w 100% pochodzenia naturalnego. Olej konopny kt\u00f3rego u\u017cyli\u015bmy do produkcji, nie jest wzbogacany syntetycznie fitosk\u0142adnikami czy izolatem. Z kolei witamina K2MK-7 pochodzi z sfermentowanej soi i jest r\u00f3wnie\u017c naturalnym komponentem.<\/p>\n<p style=\"text-align: justify;\"><strong>100% produkt z Polski<\/strong><br \/>\nNasz olejek konopny 5% + K2MK-7 produkujemy sami i jeste\u015bmy jego producentem. Do ekstrakcji wykorzystujemy tylko polskie konopie. Wszystkie surowce jakich u\u017cywamy s\u0105 przez nas gruntownie sprawdzane.<\/p>\n<p style=\"text-align: justify;\"><strong>Dodatek witaminy K2MK-7<\/strong><br \/>\nTen olejek z fitosk\u0142adnikami to co\u015b wi\u0119cej, ni\u017c tylko olej konopny. Naturalna witamin\u0105 K2MK-7 kt\u00f3ra si\u0119 w nim znajduje, jest rozpuszczalna w t\u0142uszczach i bardzo dobrze si\u0119 wch\u0142ania.<\/p>\n<p style=\"text-align: justify;\"><a href=\"https:\/\/dev.hempking.eu\/pl\/wp-content\/uploads\/sites\/2\/2020\/07\/warunki4-1.jpg\"><img loading=\"lazy\" decoding=\"async\" class=\"alignnone wp-image-104414 size-full\" src=\"https:\/\/dev.hempking.eu\/pl\/wp-content\/uploads\/sites\/2\/2020\/07\/warunki4-1.jpg\" alt=\"o\u015bwiadczenia CBD w UE\" width=\"755\" height=\"353\" srcset=\"https:\/\/dev.hempking.eu\/pl\/wp-content\/uploads\/sites\/2\/2020\/07\/warunki4-1.jpg 755w, https:\/\/dev.hempking.eu\/pl\/wp-content\/uploads\/sites\/2\/2020\/07\/warunki4-1-640x299.jpg 640w, https:\/\/dev.hempking.eu\/pl\/wp-content\/uploads\/sites\/2\/2020\/07\/warunki4-1-400x187.jpg 400w\" sizes=\"auto, (max-width: 755px) 100vw, 755px\" \/><\/a><\/p>\n<p style=\"text-align: justify;\"><a href=\"https:\/\/dev.hempking.eu\/pl\/wp-content\/uploads\/sites\/2\/2020\/07\/warunki_4.jpg\"><img loading=\"lazy\" decoding=\"async\" class=\"alignnone size-full wp-image-100623\" src=\"https:\/\/dev.hempking.eu\/pl\/wp-content\/uploads\/sites\/2\/2020\/07\/warunki_4.jpg\" alt=\"fito sk\u0142adniki novel food\" width=\"755\" height=\"237\" srcset=\"https:\/\/dev.hempking.eu\/pl\/wp-content\/uploads\/sites\/2\/2020\/07\/warunki_4.jpg 755w, https:\/\/dev.hempking.eu\/pl\/wp-content\/uploads\/sites\/2\/2020\/07\/warunki_4-640x201.jpg 640w, https:\/\/dev.hempking.eu\/pl\/wp-content\/uploads\/sites\/2\/2020\/07\/warunki_4-400x126.jpg 400w\" sizes=\"auto, (max-width: 755px) 100vw, 755px\" \/><\/a><\/p>\n<p style=\"text-align: justify;\"><a href=\"https:\/\/dev.hempking.eu\/pl\/wp-content\/uploads\/sites\/2\/2022\/01\/warunki2.jpg\"><img loading=\"lazy\" decoding=\"async\" class=\"alignnone wp-image-85647 size-full\" src=\"https:\/\/dev.hempking.eu\/pl\/wp-content\/uploads\/sites\/2\/2022\/01\/warunki2.jpg\" alt=\"warunki2\" width=\"755\" height=\"307\" srcset=\"https:\/\/dev.hempking.eu\/pl\/wp-content\/uploads\/sites\/2\/2022\/01\/warunki2.jpg 755w, https:\/\/dev.hempking.eu\/pl\/wp-content\/uploads\/sites\/2\/2022\/01\/warunki2-640x260.jpg 640w, https:\/\/dev.hempking.eu\/pl\/wp-content\/uploads\/sites\/2\/2022\/01\/warunki2-400x163.jpg 400w, https:\/\/dev.hempking.eu\/pl\/wp-content\/uploads\/sites\/2\/2022\/01\/warunki2-600x244.jpg 600w\" sizes=\"auto, (max-width: 755px) 100vw, 755px\" \/><\/a><\/p>\n","protected":false},"excerpt":{"rendered":"<h2><strong>Olej konopny 5% + K2MK-7 z natto:<\/strong><\/h2>\n<ul>\n<li>olej konopny 5% z naturaln\u0105 witamin\u0105 K2MK-7<\/li>\n<li>st\u0119\u017cenie fitosk\u0142adnik\u00f3w wynosi 5%<\/li>\n<li>full spectrum &#8211; olej zawiera naturalnie wyst\u0119puj\u0105ce fitosk\u0142adniki CBD, CBDA, CBC, CBGA, CBG, CBDV, CBN<\/li>\n<li>1 kropla to 2,5mg fitosk\u0142adnik\u00f3w raz 33ug K2MK-7<\/li>\n<li>produkt przebadany i atestowany<\/li>\n<li>100% natury<\/li>\n<\/ul>\n<p><strong>Pojemno\u015b\u0107: 10ml<\/strong><\/p>\n","protected":false},"featured_media":87495,"template":"","meta":{"_acf_changed":false},"product_cat":[20,38,122,36],"product_tag":[],"class_list":{"0":"post-50674","1":"product","2":"type-product","3":"status-publish","4":"has-post-thumbnail","6":"product_cat-olej-cbd","7":"product_cat-olej-cbd-5","8":"product_cat-olej-konopny-full-spectrum","9":"product_cat-bestsellery","11":"first","12":"instock","13":"featured","14":"shipping-taxable","15":"purchasable","16":"product-type-simple"},"acf":[],"yoast_head":"<!-- This site is optimized with the Yoast SEO Premium plugin v23.4 (Yoast SEO v24.0) - https:\/\/yoast.com\/wordpress\/plugins\/seo\/ -->\n<title>Olej CBD 5% + K2MK-7 z natto | 10 ml | 139 PLN | HempKing<\/title>\n<meta name=\"description\" content=\"Olej CBD 5% + K2MK-7 z natto. Naturalne wzmocnienie odporno\u015bci, uk\u0142adu sercowo-naczyniowego. Full Spectrum. Kup teraz na hempking.eu!\" \/>\n<link rel=\"canonical\" href=\"https:\/\/dev.hempking.eu\/pl\/olej-cbd-5-k2mk-7-z-natto-10ml\/\" \/>\n<meta property=\"og:locale\" content=\"pl_PL\" \/>\n<meta property=\"og:type\" content=\"article\" \/>\n<meta property=\"og:title\" content=\"Olej CBD 5% + CBDA, CBC, CBGA, CBG, CBDV, CBN + K2MK-7 z natto - 10ml\" \/>\n<meta property=\"og:description\" content=\"Olej CBD 5% + K2MK-7 z natto. Naturalne wzmocnienie odporno\u015bci, uk\u0142adu sercowo-naczyniowego. Full Spectrum. Kup teraz na hempking.eu!\" \/>\n<meta property=\"og:url\" content=\"https:\/\/dev.hempking.eu\/pl\/olej-cbd-5-k2mk-7-z-natto-10ml\/\" \/>\n<meta property=\"og:site_name\" content=\"Hemp King\" \/>\n<meta property=\"article:publisher\" content=\"https:\/\/www.facebook.com\/hempkingpoland\" \/>\n<meta property=\"article:modified_time\" content=\"2023-05-17T12:29:58+00:00\" \/>\n<meta property=\"og:image\" content=\"https:\/\/dev.hempking.eu\/pl\/wp-content\/uploads\/sites\/2\/2022\/01\/olejek_k2_mk7.jpg\" \/>\n\t<meta property=\"og:image:width\" content=\"1000\" \/>\n\t<meta property=\"og:image:height\" content=\"1000\" \/>\n\t<meta property=\"og:image:type\" content=\"image\/jpeg\" \/>\n<meta name=\"twitter:card\" content=\"summary_large_image\" \/>\n<meta name=\"twitter:site\" content=\"@hempkingeu\" \/>\n<meta name=\"twitter:label1\" content=\"Price\" \/>\n\t<meta name=\"twitter:data1\" content=\"129.00&nbsp;&#122;&#322;\" \/>\n\t<meta name=\"twitter:label2\" content=\"Availability\" \/>\n\t<meta name=\"twitter:data2\" content=\"In stock\" \/>\n<script type=\"application\/ld+json\" class=\"yoast-schema-graph\">{\"@context\":\"https:\/\/schema.org\",\"@graph\":[{\"@type\":\"WebPage\",\"@id\":\"https:\/\/dev.hempking.eu\/pl\/olej-cbd-5-k2mk-7-z-natto-10ml\/\",\"url\":\"https:\/\/dev.hempking.eu\/pl\/olej-cbd-5-k2mk-7-z-natto-10ml\/\",\"name\":\"Olej CBD 5% + K2MK-7 z natto | 10 ml | 139 PLN | HempKing\",\"isPartOf\":{\"@id\":\"https:\/\/dev.hempking.eu\/pl\/#website\"},\"primaryImageOfPage\":{\"@id\":\"https:\/\/dev.hempking.eu\/pl\/olej-cbd-5-k2mk-7-z-natto-10ml\/#primaryimage\"},\"image\":{\"@id\":\"https:\/\/dev.hempking.eu\/pl\/olej-cbd-5-k2mk-7-z-natto-10ml\/#primaryimage\"},\"thumbnailUrl\":\"https:\/\/dev.hempking.eu\/pl\/wp-content\/uploads\/sites\/2\/2022\/01\/olejek_k2_mk7.jpg\",\"datePublished\":\"2020-11-23T11:41:04+00:00\",\"dateModified\":\"2023-05-17T12:29:58+00:00\",\"description\":\"Olej CBD 5% + K2MK-7 z natto. Naturalne wzmocnienie odporno\u015bci, uk\u0142adu sercowo-naczyniowego. Full Spectrum. Kup teraz na hempking.eu!\",\"breadcrumb\":{\"@id\":\"https:\/\/dev.hempking.eu\/pl\/olej-cbd-5-k2mk-7-z-natto-10ml\/#breadcrumb\"},\"inLanguage\":\"pl-PL\",\"potentialAction\":[{\"@type\":\"ReadAction\",\"target\":[\"https:\/\/dev.hempking.eu\/pl\/olej-cbd-5-k2mk-7-z-natto-10ml\/\"]}]},{\"@type\":\"ImageObject\",\"inLanguage\":\"pl-PL\",\"@id\":\"https:\/\/dev.hempking.eu\/pl\/olej-cbd-5-k2mk-7-z-natto-10ml\/#primaryimage\",\"url\":\"https:\/\/dev.hempking.eu\/pl\/wp-content\/uploads\/sites\/2\/2022\/01\/olejek_k2_mk7.jpg\",\"contentUrl\":\"https:\/\/dev.hempking.eu\/pl\/wp-content\/uploads\/sites\/2\/2022\/01\/olejek_k2_mk7.jpg\",\"width\":1000,\"height\":1000,\"caption\":\"Olej CBD K2Mk-7 z Natto 5% Full Spectrum HempKing\"},{\"@type\":\"BreadcrumbList\",\"@id\":\"https:\/\/dev.hempking.eu\/pl\/olej-cbd-5-k2mk-7-z-natto-10ml\/#breadcrumb\",\"itemListElement\":[{\"@type\":\"ListItem\",\"position\":1,\"name\":\"Home\",\"item\":\"https:\/\/dev.hempking.eu\/pl\/\"},{\"@type\":\"ListItem\",\"position\":2,\"name\":\"Sklep\",\"item\":\"https:\/\/dev.hempking.eu\/pl\/shop\/\"},{\"@type\":\"ListItem\",\"position\":3,\"name\":\"Olej CBD\",\"item\":\"https:\/\/dev.hempking.eu\/pl\/olej-cbd\/\"},{\"@type\":\"ListItem\",\"position\":4,\"name\":\"Olej CBD 5% + CBDA, CBC, CBGA, CBG, CBDV, CBN + K2MK-7 z natto - 10ml\"}]},{\"@type\":\"WebSite\",\"@id\":\"https:\/\/dev.hempking.eu\/pl\/#website\",\"url\":\"https:\/\/dev.hempking.eu\/pl\/\",\"name\":\"Hemp King\",\"description\":\"\",\"publisher\":{\"@id\":\"https:\/\/dev.hempking.eu\/pl\/#organization\"},\"potentialAction\":[{\"@type\":\"SearchAction\",\"target\":{\"@type\":\"EntryPoint\",\"urlTemplate\":\"https:\/\/dev.hempking.eu\/pl\/?s={search_term_string}\"},\"query-input\":{\"@type\":\"PropertyValueSpecification\",\"valueRequired\":true,\"valueName\":\"search_term_string\"}}],\"inLanguage\":\"pl-PL\"},{\"@type\":\"Organization\",\"@id\":\"https:\/\/dev.hempking.eu\/pl\/#organization\",\"name\":\"Hemp King\",\"url\":\"https:\/\/dev.hempking.eu\/pl\/\",\"logo\":{\"@type\":\"ImageObject\",\"inLanguage\":\"pl-PL\",\"@id\":\"https:\/\/dev.hempking.eu\/pl\/#\/schema\/logo\/image\/\",\"url\":\"https:\/\/dev.hempking.eu\/pl\/wp-content\/uploads\/sites\/2\/2020\/05\/hempking.png\",\"contentUrl\":\"https:\/\/dev.hempking.eu\/pl\/wp-content\/uploads\/sites\/2\/2020\/05\/hempking.png\",\"width\":148,\"height\":91,\"caption\":\"Hemp King\"},\"image\":{\"@id\":\"https:\/\/dev.hempking.eu\/pl\/#\/schema\/logo\/image\/\"},\"sameAs\":[\"https:\/\/www.facebook.com\/hempkingpoland\",\"https:\/\/x.com\/hempkingeu\",\"https:\/\/www.instagram.com\/hempkingeu\/\",\"https:\/\/www.linkedin.com\/company\/hempking-eu\/mycompany\/\",\"https:\/\/pl.pinterest.com\/hempkingeu\/\",\"https:\/\/www.youtube.com\/channel\/UCUkeZA1fj4hSZfoYm0WpZ7w\"]}]}<\/script>\n<meta property=\"product:price:amount\" content=\"129.00\" \/>\n<meta property=\"product:price:currency\" content=\"PLN\" \/>\n<meta property=\"og:availability\" content=\"instock\" \/>\n<meta property=\"product:availability\" content=\"instock\" \/>\n<meta property=\"product:condition\" content=\"new\" \/>\n<!-- \/ Yoast SEO Premium plugin. -->","yoast_head_json":{"title":"Olej CBD 5% + K2MK-7 z natto | 10 ml | 139 PLN | HempKing","description":"Olej CBD 5% + K2MK-7 z natto. Naturalne wzmocnienie odporno\u015bci, uk\u0142adu sercowo-naczyniowego. Full Spectrum. Kup teraz na hempking.eu!","canonical":"https:\/\/dev.hempking.eu\/pl\/olej-cbd-5-k2mk-7-z-natto-10ml\/","og_locale":"pl_PL","og_type":"article","og_title":"Olej CBD 5% + CBDA, CBC, CBGA, CBG, CBDV, CBN + K2MK-7 z natto - 10ml","og_description":"Olej CBD 5% + K2MK-7 z natto. Naturalne wzmocnienie odporno\u015bci, uk\u0142adu sercowo-naczyniowego. Full Spectrum. Kup teraz na hempking.eu!","og_url":"https:\/\/dev.hempking.eu\/pl\/olej-cbd-5-k2mk-7-z-natto-10ml\/","og_site_name":"Hemp King","article_publisher":"https:\/\/www.facebook.com\/hempkingpoland","article_modified_time":"2023-05-17T12:29:58+00:00","og_image":[{"width":1000,"height":1000,"url":"https:\/\/dev.hempking.eu\/pl\/wp-content\/uploads\/sites\/2\/2022\/01\/olejek_k2_mk7.jpg","type":"image\/jpeg"}],"twitter_card":"summary_large_image","twitter_site":"@hempkingeu","twitter_misc":{"Price":"129.00&nbsp;&#122;&#322;","Availability":"In stock"},"schema":{"@context":"https:\/\/schema.org","@graph":[{"@type":"WebPage","@id":"https:\/\/dev.hempking.eu\/pl\/olej-cbd-5-k2mk-7-z-natto-10ml\/","url":"https:\/\/dev.hempking.eu\/pl\/olej-cbd-5-k2mk-7-z-natto-10ml\/","name":"Olej CBD 5% + K2MK-7 z natto | 10 ml | 139 PLN | HempKing","isPartOf":{"@id":"https:\/\/dev.hempking.eu\/pl\/#website"},"primaryImageOfPage":{"@id":"https:\/\/dev.hempking.eu\/pl\/olej-cbd-5-k2mk-7-z-natto-10ml\/#primaryimage"},"image":{"@id":"https:\/\/dev.hempking.eu\/pl\/olej-cbd-5-k2mk-7-z-natto-10ml\/#primaryimage"},"thumbnailUrl":"https:\/\/dev.hempking.eu\/pl\/wp-content\/uploads\/sites\/2\/2022\/01\/olejek_k2_mk7.jpg","datePublished":"2020-11-23T11:41:04+00:00","dateModified":"2023-05-17T12:29:58+00:00","description":"Olej CBD 5% + K2MK-7 z natto. Naturalne wzmocnienie odporno\u015bci, uk\u0142adu sercowo-naczyniowego. Full Spectrum. Kup teraz na hempking.eu!","breadcrumb":{"@id":"https:\/\/dev.hempking.eu\/pl\/olej-cbd-5-k2mk-7-z-natto-10ml\/#breadcrumb"},"inLanguage":"pl-PL","potentialAction":[{"@type":"ReadAction","target":["https:\/\/dev.hempking.eu\/pl\/olej-cbd-5-k2mk-7-z-natto-10ml\/"]}]},{"@type":"ImageObject","inLanguage":"pl-PL","@id":"https:\/\/dev.hempking.eu\/pl\/olej-cbd-5-k2mk-7-z-natto-10ml\/#primaryimage","url":"https:\/\/dev.hempking.eu\/pl\/wp-content\/uploads\/sites\/2\/2022\/01\/olejek_k2_mk7.jpg","contentUrl":"https:\/\/dev.hempking.eu\/pl\/wp-content\/uploads\/sites\/2\/2022\/01\/olejek_k2_mk7.jpg","width":1000,"height":1000,"caption":"Olej CBD K2Mk-7 z Natto 5% Full Spectrum HempKing"},{"@type":"BreadcrumbList","@id":"https:\/\/dev.hempking.eu\/pl\/olej-cbd-5-k2mk-7-z-natto-10ml\/#breadcrumb","itemListElement":[{"@type":"ListItem","position":1,"name":"Home","item":"https:\/\/dev.hempking.eu\/pl\/"},{"@type":"ListItem","position":2,"name":"Sklep","item":"https:\/\/dev.hempking.eu\/pl\/shop\/"},{"@type":"ListItem","position":3,"name":"Olej CBD","item":"https:\/\/dev.hempking.eu\/pl\/olej-cbd\/"},{"@type":"ListItem","position":4,"name":"Olej CBD 5% + CBDA, CBC, CBGA, CBG, CBDV, CBN + K2MK-7 z natto - 10ml"}]},{"@type":"WebSite","@id":"https:\/\/dev.hempking.eu\/pl\/#website","url":"https:\/\/dev.hempking.eu\/pl\/","name":"Hemp King","description":"","publisher":{"@id":"https:\/\/dev.hempking.eu\/pl\/#organization"},"potentialAction":[{"@type":"SearchAction","target":{"@type":"EntryPoint","urlTemplate":"https:\/\/dev.hempking.eu\/pl\/?s={search_term_string}"},"query-input":{"@type":"PropertyValueSpecification","valueRequired":true,"valueName":"search_term_string"}}],"inLanguage":"pl-PL"},{"@type":"Organization","@id":"https:\/\/dev.hempking.eu\/pl\/#organization","name":"Hemp King","url":"https:\/\/dev.hempking.eu\/pl\/","logo":{"@type":"ImageObject","inLanguage":"pl-PL","@id":"https:\/\/dev.hempking.eu\/pl\/#\/schema\/logo\/image\/","url":"https:\/\/dev.hempking.eu\/pl\/wp-content\/uploads\/sites\/2\/2020\/05\/hempking.png","contentUrl":"https:\/\/dev.hempking.eu\/pl\/wp-content\/uploads\/sites\/2\/2020\/05\/hempking.png","width":148,"height":91,"caption":"Hemp King"},"image":{"@id":"https:\/\/dev.hempking.eu\/pl\/#\/schema\/logo\/image\/"},"sameAs":["https:\/\/www.facebook.com\/hempkingpoland","https:\/\/x.com\/hempkingeu","https:\/\/www.instagram.com\/hempkingeu\/","https:\/\/www.linkedin.com\/company\/hempking-eu\/mycompany\/","https:\/\/pl.pinterest.com\/hempkingeu\/","https:\/\/www.youtube.com\/channel\/UCUkeZA1fj4hSZfoYm0WpZ7w"]}]},"product_price_amount":"129.00","product_price_currency":"PLN","og_availability":"instock","product_availability":"instock","product_condition":"new"},"_links":{"self":[{"href":"https:\/\/dev.hempking.eu\/pl\/wp-json\/wp\/v2\/product\/50674","targetHints":{"allow":["GET"]}}],"collection":[{"href":"https:\/\/dev.hempking.eu\/pl\/wp-json\/wp\/v2\/product"}],"about":[{"href":"https:\/\/dev.hempking.eu\/pl\/wp-json\/wp\/v2\/types\/product"}],"wp:featuredmedia":[{"embeddable":true,"href":"https:\/\/dev.hempking.eu\/pl\/wp-json\/wp\/v2\/media\/87495"}],"wp:attachment":[{"href":"https:\/\/dev.hempking.eu\/pl\/wp-json\/wp\/v2\/media?parent=50674"}],"wp:term":[{"taxonomy":"product_cat","embeddable":true,"href":"https:\/\/dev.hempking.eu\/pl\/wp-json\/wp\/v2\/product_cat?post=50674"},{"taxonomy":"product_tag","embeddable":true,"href":"https:\/\/dev.hempking.eu\/pl\/wp-json\/wp\/v2\/product_tag?post=50674"}],"curies":[{"name":"wp","href":"https:\/\/api.w.org\/{rel}","templated":true}]}}