{"id":51845,"date":"2020-12-03T13:26:40","date_gmt":"2020-12-03T12:26:40","guid":{"rendered":"https:\/\/hempking.eu\/pl\/?post_type=product&#038;p=51845"},"modified":"2023-01-30T16:06:17","modified_gmt":"2023-01-30T15:06:17","slug":"zestaw-krem-do-rak-i-serum-do-stop","status":"publish","type":"product","link":"https:\/\/dev.hempking.eu\/pl\/zestaw-krem-do-rak-i-serum-do-stop\/","title":{"rendered":"Zestaw: krem do r\u0105k i serum do st\u00f3p"},"content":{"rendered":"<h2><strong>Piel\u0119gnacja st\u00f3p i r\u0105k w jednym zestawie!<\/strong><\/h2>\n<p>Dwa kosmetyki, kt\u00f3re w zestawie zyskuj\u0105 now\u0105, ni\u017csz\u0105 cen\u0119! Idealnie sprawdz\u0105 si\u0119 jako prezent dla bliskiej osoby.<\/p>\n<p>To polskie kosmetyki, naturalne, docenione przez znawc\u00f3w sk\u0142ad\u00f3w oraz pasjonat\u00f3w kosmetyk\u00f3w naturalnych. Po otworzeniu s\u0142oiczk\u00f3w otuli Ci\u0119 cudowny zapach, a po pierwszym u\u017cyciu przekonasz si\u0119, \u017ce by\u0142o warto si\u0119 w nie zaopatrzy\u0107! Je\u015bli podarujesz je komu\u015b bliskiemu na prezent, ujrzysz wielki u\u015bmiech od ucha do ucha na twarzy obdarowanej osoby!<\/p>\n<p>Zestaw z pewno\u015bci\u0105 zachwyci i sprawi, \u017ce osoba, kt\u00f3rej go wr\u0119czysz, poczuje si\u0119 kochana i doceniana.<\/p>\n<h3><strong><img loading=\"lazy\" decoding=\"async\" class=\"alignleft wp-image-74206\" src=\"https:\/\/dev.hempking.eu\/pl\/wp-content\/uploads\/sites\/2\/2020\/11\/ultraodzywczy-krem-do-rak-3-1-scaled.jpg\" alt=\"hempking ultraod\u017cywczy krem do r\u0105k otwarty\" width=\"270\" height=\"270\" \/>1. Ultraod\u017cywczy konopny krem do r\u0105k z CBD o zapachu trawy cytrynowej<\/strong><\/h3>\n<p>Por\u0119czny szklany s\u0142oiczek\u00a0 z aluminiow\u0105 nakr\u0119tk\u0105 kryje naturalny <a href=\"https:\/\/dev.hempking.eu\/pl\/ultraodzywczy-konopny-krem-do-rak-z-cbd-o-zapachu-trawy-cytrynowej\/\">krem do r\u0105k z CBD o zapachu trawy cytrynowej<\/a>. Jak niewidzialne r\u0119kawiczki otula sk\u00f3r\u0119 d\u0142oni, od\u017cywia j\u0105, pomaga w regeneracji i koi. Ma tre\u015bciw\u0105 konsystencj\u0119, kt\u00f3ra jednak szybko si\u0119 wch\u0142ania i nie zostawia nieprzyjemnego, t\u0142ustego filmu na sk\u00f3rze. \u015awietnie sprawdzi si\u0119 dla d\u0142oni, kt\u00f3re wymagaj\u0105 wyj\u0105tkowej piel\u0119gnacji, kt\u00f3ra b\u0119dzie jednocze\u015bnie delikatna dla wra\u017cliwej sk\u00f3ry. Zawiera nasz sztandarowy sk\u0142adnik, czyli ekstrakt konopny o pe\u0142nym spektrum fitosk\u0142adnik\u00f3w.<\/p>\n<p>&nbsp;<\/p>\n<p>&nbsp;<\/p>\n<p>&nbsp;<\/p>\n<p>&nbsp;<\/p>\n<h3><strong><img loading=\"lazy\" decoding=\"async\" class=\"alignleft wp-image-74208\" src=\"https:\/\/dev.hempking.eu\/pl\/wp-content\/uploads\/sites\/2\/2020\/11\/regenerujace-serum-do-stop-3-scaled.jpg\" alt=\"hempking regeneruj\u0105ce serum do st\u00f3p - otwarty\" width=\"270\" height=\"270\" \/>2. Regeneruj\u0105ce serum do st\u00f3p z CBD o zapachu drzewa herbacianego<\/strong><\/h3>\n<p>W szklanym s\u0142oiczku z naszym <a href=\"https:\/\/dev.hempking.eu\/pl\/regenerujace-serum-do-stop-z-cbd-o-zapachu-drzewa-herbacianego\/\">kosmetykiem do piel\u0119gnacji st\u00f3p<\/a> znajdziesz naturalne bogactwo sk\u0142adnik\u00f3w, kt\u00f3re zregeneruj\u0105, zmi\u0119kcz\u0105 i nawil\u017c\u0105 sk\u00f3r\u0119 st\u00f3p. Ekstrakt CBD w po\u0142\u0105czeniu z olejkiem z drzewa herbacianego oraz mi\u0119t\u0105 poln\u0105 sprawi\u0105, \u017ce poczujesz, jak Twoje stopy mog\u0105 by\u0107 nawil\u017cone i jednocze\u015bnie od\u015bwie\u017cone. Szybko wch\u0142aniaj\u0105ca si\u0119 formu\u0142a, mi\u0119towy zapach i fakt, \u017ce wystarczy ju\u017c naprawd\u0119 niewiele kosmetyku, by poczu\u0107 jego dzia\u0142anie, sprawi\u0105, \u017ce serum stanie si\u0119 Twoim ulubionym kosmetykiem do st\u00f3p!<\/p>\n<p>Je\u015bli zdecydujesz si\u0119 obdarowa\u0107 tym zestawem kogo\u015b bliskiego, na pewno sprawisz tej osobie wiele rado\u015bci. Naturalne kosmetyki to jeden z najlepszych prezent\u00f3w!<\/p>\n<p><strong>100% naturalne. Sk\u0142ad u\u0142o\u017cy\u0142a Justyna Sobczyk:\u00a0<a href=\"https:\/\/www.instagram.com\/hushaaabye\/\" rel=\"nofollow\">Instagram<\/a>\u00a0\/\u00a0<a href=\"https:\/\/www.hushaaabye.pl\/\" rel=\"nofollow\">Blog<\/a><\/strong><\/p>\n","protected":false},"excerpt":{"rendered":"<h2><strong>Konopna para kosmetyk\u00f3w z CBD to:<\/strong><\/h2>\n<ul>\n<li><a href=\"https:\/\/dev.hempking.eu\/pl\/regenerujace-serum-do-stop-z-cbd-o-zapachu-drzewa-herbacianego\/\" target=\"_blank\" rel=\"noopener\">Konopne serum do st\u00f3p z CBD o zapachu drzewa herbacianego<\/a> \u2013 100 ml \u2013 <strong>47.90 z\u0142<\/strong><\/li>\n<li><a href=\"https:\/\/dev.hempking.eu\/pl\/ultraodzywczy-konopny-krem-do-rak-z-cbd-o-zapachu-trawy-cytrynowej\/\" target=\"_blank\" rel=\"noopener\">Konopny krem do r\u0105k z CBD o zapachu trawy cytrynowej<\/a>\u00a0\u2013 50 ml\u00a0\u2013\u00a0<strong>36.90 z\u0142<\/strong><\/li>\n<\/ul>\n<p><strong>Kupuj\u0105c zestaw oszcz\u0119dzasz 20%!<\/strong><\/p>\n","protected":false},"featured_media":116906,"template":"","meta":{"_acf_changed":false},"product_cat":[33,150],"product_tag":[],"class_list":{"0":"post-51845","1":"product","2":"type-product","3":"status-publish","4":"has-post-thumbnail","6":"product_cat-zestawy","7":"product_cat-zestawy-dla-kobiet","9":"first","10":"instock","11":"sale","12":"shipping-taxable","13":"purchasable","14":"product-type-simple"},"acf":[],"yoast_head":"<!-- This site is optimized with the Yoast SEO Premium plugin v23.4 (Yoast SEO v24.0) - https:\/\/yoast.com\/wordpress\/plugins\/seo\/ -->\n<title>Zestaw: krem do r\u0105k i serum do st\u00f3p - Hemp King<\/title>\n<meta name=\"description\" content=\"Zobacz \u261b Zestaw: krem do r\u0105k i serum do st\u00f3p w konopnym sklepie HempKing \u2705100% naturalne \u2705 Zadbaj z nami o swoj\u0105 diet\u0119!\" \/>\n<link rel=\"canonical\" href=\"https:\/\/dev.hempking.eu\/pl\/zestaw-krem-do-rak-i-serum-do-stop\/\" \/>\n<meta property=\"og:locale\" content=\"pl_PL\" \/>\n<meta property=\"og:type\" content=\"article\" \/>\n<meta property=\"og:title\" content=\"Zestaw: krem do r\u0105k i serum do st\u00f3p\" \/>\n<meta property=\"og:description\" content=\"Zobacz \u261b Zestaw: krem do r\u0105k i serum do st\u00f3p w konopnym sklepie HempKing \u2705100% naturalne \u2705 Zadbaj z nami o swoj\u0105 diet\u0119!\" \/>\n<meta property=\"og:url\" content=\"https:\/\/dev.hempking.eu\/pl\/zestaw-krem-do-rak-i-serum-do-stop\/\" \/>\n<meta property=\"og:site_name\" content=\"Hemp King\" \/>\n<meta property=\"article:publisher\" content=\"https:\/\/www.facebook.com\/hempkingpoland\" \/>\n<meta property=\"article:modified_time\" content=\"2023-01-30T15:06:17+00:00\" \/>\n<meta property=\"og:image\" content=\"https:\/\/dev.hempking.eu\/pl\/wp-content\/uploads\/sites\/2\/2020\/12\/1000x1000_zestaw_22.jpg\" \/>\n\t<meta property=\"og:image:width\" content=\"1000\" \/>\n\t<meta property=\"og:image:height\" content=\"1000\" \/>\n\t<meta property=\"og:image:type\" content=\"image\/jpeg\" \/>\n<meta name=\"twitter:card\" content=\"summary_large_image\" \/>\n<meta name=\"twitter:site\" content=\"@hempkingeu\" \/>\n<meta name=\"twitter:label1\" content=\"Price\" \/>\n\t<meta name=\"twitter:data1\" content=\"67.84&nbsp;&#122;&#322;\" \/>\n\t<meta name=\"twitter:label2\" content=\"Availability\" \/>\n\t<meta name=\"twitter:data2\" content=\"In stock\" \/>\n<script type=\"application\/ld+json\" class=\"yoast-schema-graph\">{\"@context\":\"https:\/\/schema.org\",\"@graph\":[{\"@type\":\"WebPage\",\"@id\":\"https:\/\/dev.hempking.eu\/pl\/zestaw-krem-do-rak-i-serum-do-stop\/\",\"url\":\"https:\/\/dev.hempking.eu\/pl\/zestaw-krem-do-rak-i-serum-do-stop\/\",\"name\":\"Zestaw: krem do r\u0105k i serum do st\u00f3p - Hemp King\",\"isPartOf\":{\"@id\":\"https:\/\/dev.hempking.eu\/pl\/#website\"},\"primaryImageOfPage\":{\"@id\":\"https:\/\/dev.hempking.eu\/pl\/zestaw-krem-do-rak-i-serum-do-stop\/#primaryimage\"},\"image\":{\"@id\":\"https:\/\/dev.hempking.eu\/pl\/zestaw-krem-do-rak-i-serum-do-stop\/#primaryimage\"},\"thumbnailUrl\":\"https:\/\/dev.hempking.eu\/pl\/wp-content\/uploads\/sites\/2\/2020\/12\/1000x1000_zestaw_22.jpg\",\"datePublished\":\"2020-12-03T12:26:40+00:00\",\"dateModified\":\"2023-01-30T15:06:17+00:00\",\"description\":\"Zobacz \u261b Zestaw: krem do r\u0105k i serum do st\u00f3p w konopnym sklepie HempKing \u2705100% naturalne \u2705 Zadbaj z nami o swoj\u0105 diet\u0119!\",\"breadcrumb\":{\"@id\":\"https:\/\/dev.hempking.eu\/pl\/zestaw-krem-do-rak-i-serum-do-stop\/#breadcrumb\"},\"inLanguage\":\"pl-PL\",\"potentialAction\":[{\"@type\":\"ReadAction\",\"target\":[\"https:\/\/dev.hempking.eu\/pl\/zestaw-krem-do-rak-i-serum-do-stop\/\"]}]},{\"@type\":\"ImageObject\",\"inLanguage\":\"pl-PL\",\"@id\":\"https:\/\/dev.hempking.eu\/pl\/zestaw-krem-do-rak-i-serum-do-stop\/#primaryimage\",\"url\":\"https:\/\/dev.hempking.eu\/pl\/wp-content\/uploads\/sites\/2\/2020\/12\/1000x1000_zestaw_22.jpg\",\"contentUrl\":\"https:\/\/dev.hempking.eu\/pl\/wp-content\/uploads\/sites\/2\/2020\/12\/1000x1000_zestaw_22.jpg\",\"width\":1000,\"height\":1000,\"caption\":\"serum do st\u00f3p krem do r\u0105k\"},{\"@type\":\"BreadcrumbList\",\"@id\":\"https:\/\/dev.hempking.eu\/pl\/zestaw-krem-do-rak-i-serum-do-stop\/#breadcrumb\",\"itemListElement\":[{\"@type\":\"ListItem\",\"position\":1,\"name\":\"Home\",\"item\":\"https:\/\/dev.hempking.eu\/pl\/\"},{\"@type\":\"ListItem\",\"position\":2,\"name\":\"Sklep\",\"item\":\"https:\/\/dev.hempking.eu\/pl\/shop\/\"},{\"@type\":\"ListItem\",\"position\":3,\"name\":\"Zestawy\",\"item\":\"https:\/\/dev.hempking.eu\/pl\/zestawy\/\"},{\"@type\":\"ListItem\",\"position\":4,\"name\":\"Zestaw: krem do r\u0105k i serum do st\u00f3p\"}]},{\"@type\":\"WebSite\",\"@id\":\"https:\/\/dev.hempking.eu\/pl\/#website\",\"url\":\"https:\/\/dev.hempking.eu\/pl\/\",\"name\":\"Hemp King\",\"description\":\"\",\"publisher\":{\"@id\":\"https:\/\/dev.hempking.eu\/pl\/#organization\"},\"potentialAction\":[{\"@type\":\"SearchAction\",\"target\":{\"@type\":\"EntryPoint\",\"urlTemplate\":\"https:\/\/dev.hempking.eu\/pl\/?s={search_term_string}\"},\"query-input\":{\"@type\":\"PropertyValueSpecification\",\"valueRequired\":true,\"valueName\":\"search_term_string\"}}],\"inLanguage\":\"pl-PL\"},{\"@type\":\"Organization\",\"@id\":\"https:\/\/dev.hempking.eu\/pl\/#organization\",\"name\":\"Hemp King\",\"url\":\"https:\/\/dev.hempking.eu\/pl\/\",\"logo\":{\"@type\":\"ImageObject\",\"inLanguage\":\"pl-PL\",\"@id\":\"https:\/\/dev.hempking.eu\/pl\/#\/schema\/logo\/image\/\",\"url\":\"https:\/\/dev.hempking.eu\/pl\/wp-content\/uploads\/sites\/2\/2020\/05\/hempking.png\",\"contentUrl\":\"https:\/\/dev.hempking.eu\/pl\/wp-content\/uploads\/sites\/2\/2020\/05\/hempking.png\",\"width\":148,\"height\":91,\"caption\":\"Hemp King\"},\"image\":{\"@id\":\"https:\/\/dev.hempking.eu\/pl\/#\/schema\/logo\/image\/\"},\"sameAs\":[\"https:\/\/www.facebook.com\/hempkingpoland\",\"https:\/\/x.com\/hempkingeu\",\"https:\/\/www.instagram.com\/hempkingeu\/\",\"https:\/\/www.linkedin.com\/company\/hempking-eu\/mycompany\/\",\"https:\/\/pl.pinterest.com\/hempkingeu\/\",\"https:\/\/www.youtube.com\/channel\/UCUkeZA1fj4hSZfoYm0WpZ7w\"]}]}<\/script>\n<meta property=\"product:price:amount\" content=\"67.84\" \/>\n<meta property=\"product:price:currency\" content=\"PLN\" \/>\n<meta property=\"og:availability\" content=\"instock\" \/>\n<meta property=\"product:availability\" content=\"instock\" \/>\n<meta property=\"product:condition\" content=\"new\" \/>\n<!-- \/ Yoast SEO Premium plugin. -->","yoast_head_json":{"title":"Zestaw: krem do r\u0105k i serum do st\u00f3p - Hemp King","description":"Zobacz \u261b Zestaw: krem do r\u0105k i serum do st\u00f3p w konopnym sklepie HempKing \u2705100% naturalne \u2705 Zadbaj z nami o swoj\u0105 diet\u0119!","canonical":"https:\/\/dev.hempking.eu\/pl\/zestaw-krem-do-rak-i-serum-do-stop\/","og_locale":"pl_PL","og_type":"article","og_title":"Zestaw: krem do r\u0105k i serum do st\u00f3p","og_description":"Zobacz \u261b Zestaw: krem do r\u0105k i serum do st\u00f3p w konopnym sklepie HempKing \u2705100% naturalne \u2705 Zadbaj z nami o swoj\u0105 diet\u0119!","og_url":"https:\/\/dev.hempking.eu\/pl\/zestaw-krem-do-rak-i-serum-do-stop\/","og_site_name":"Hemp King","article_publisher":"https:\/\/www.facebook.com\/hempkingpoland","article_modified_time":"2023-01-30T15:06:17+00:00","og_image":[{"width":1000,"height":1000,"url":"https:\/\/dev.hempking.eu\/pl\/wp-content\/uploads\/sites\/2\/2020\/12\/1000x1000_zestaw_22.jpg","type":"image\/jpeg"}],"twitter_card":"summary_large_image","twitter_site":"@hempkingeu","twitter_misc":{"Price":"67.84&nbsp;&#122;&#322;","Availability":"In stock"},"schema":{"@context":"https:\/\/schema.org","@graph":[{"@type":"WebPage","@id":"https:\/\/dev.hempking.eu\/pl\/zestaw-krem-do-rak-i-serum-do-stop\/","url":"https:\/\/dev.hempking.eu\/pl\/zestaw-krem-do-rak-i-serum-do-stop\/","name":"Zestaw: krem do r\u0105k i serum do st\u00f3p - Hemp King","isPartOf":{"@id":"https:\/\/dev.hempking.eu\/pl\/#website"},"primaryImageOfPage":{"@id":"https:\/\/dev.hempking.eu\/pl\/zestaw-krem-do-rak-i-serum-do-stop\/#primaryimage"},"image":{"@id":"https:\/\/dev.hempking.eu\/pl\/zestaw-krem-do-rak-i-serum-do-stop\/#primaryimage"},"thumbnailUrl":"https:\/\/dev.hempking.eu\/pl\/wp-content\/uploads\/sites\/2\/2020\/12\/1000x1000_zestaw_22.jpg","datePublished":"2020-12-03T12:26:40+00:00","dateModified":"2023-01-30T15:06:17+00:00","description":"Zobacz \u261b Zestaw: krem do r\u0105k i serum do st\u00f3p w konopnym sklepie HempKing \u2705100% naturalne \u2705 Zadbaj z nami o swoj\u0105 diet\u0119!","breadcrumb":{"@id":"https:\/\/dev.hempking.eu\/pl\/zestaw-krem-do-rak-i-serum-do-stop\/#breadcrumb"},"inLanguage":"pl-PL","potentialAction":[{"@type":"ReadAction","target":["https:\/\/dev.hempking.eu\/pl\/zestaw-krem-do-rak-i-serum-do-stop\/"]}]},{"@type":"ImageObject","inLanguage":"pl-PL","@id":"https:\/\/dev.hempking.eu\/pl\/zestaw-krem-do-rak-i-serum-do-stop\/#primaryimage","url":"https:\/\/dev.hempking.eu\/pl\/wp-content\/uploads\/sites\/2\/2020\/12\/1000x1000_zestaw_22.jpg","contentUrl":"https:\/\/dev.hempking.eu\/pl\/wp-content\/uploads\/sites\/2\/2020\/12\/1000x1000_zestaw_22.jpg","width":1000,"height":1000,"caption":"serum do st\u00f3p krem do r\u0105k"},{"@type":"BreadcrumbList","@id":"https:\/\/dev.hempking.eu\/pl\/zestaw-krem-do-rak-i-serum-do-stop\/#breadcrumb","itemListElement":[{"@type":"ListItem","position":1,"name":"Home","item":"https:\/\/dev.hempking.eu\/pl\/"},{"@type":"ListItem","position":2,"name":"Sklep","item":"https:\/\/dev.hempking.eu\/pl\/shop\/"},{"@type":"ListItem","position":3,"name":"Zestawy","item":"https:\/\/dev.hempking.eu\/pl\/zestawy\/"},{"@type":"ListItem","position":4,"name":"Zestaw: krem do r\u0105k i serum do st\u00f3p"}]},{"@type":"WebSite","@id":"https:\/\/dev.hempking.eu\/pl\/#website","url":"https:\/\/dev.hempking.eu\/pl\/","name":"Hemp King","description":"","publisher":{"@id":"https:\/\/dev.hempking.eu\/pl\/#organization"},"potentialAction":[{"@type":"SearchAction","target":{"@type":"EntryPoint","urlTemplate":"https:\/\/dev.hempking.eu\/pl\/?s={search_term_string}"},"query-input":{"@type":"PropertyValueSpecification","valueRequired":true,"valueName":"search_term_string"}}],"inLanguage":"pl-PL"},{"@type":"Organization","@id":"https:\/\/dev.hempking.eu\/pl\/#organization","name":"Hemp King","url":"https:\/\/dev.hempking.eu\/pl\/","logo":{"@type":"ImageObject","inLanguage":"pl-PL","@id":"https:\/\/dev.hempking.eu\/pl\/#\/schema\/logo\/image\/","url":"https:\/\/dev.hempking.eu\/pl\/wp-content\/uploads\/sites\/2\/2020\/05\/hempking.png","contentUrl":"https:\/\/dev.hempking.eu\/pl\/wp-content\/uploads\/sites\/2\/2020\/05\/hempking.png","width":148,"height":91,"caption":"Hemp King"},"image":{"@id":"https:\/\/dev.hempking.eu\/pl\/#\/schema\/logo\/image\/"},"sameAs":["https:\/\/www.facebook.com\/hempkingpoland","https:\/\/x.com\/hempkingeu","https:\/\/www.instagram.com\/hempkingeu\/","https:\/\/www.linkedin.com\/company\/hempking-eu\/mycompany\/","https:\/\/pl.pinterest.com\/hempkingeu\/","https:\/\/www.youtube.com\/channel\/UCUkeZA1fj4hSZfoYm0WpZ7w"]}]},"product_price_amount":"67.84","product_price_currency":"PLN","og_availability":"instock","product_availability":"instock","product_condition":"new"},"_links":{"self":[{"href":"https:\/\/dev.hempking.eu\/pl\/wp-json\/wp\/v2\/product\/51845","targetHints":{"allow":["GET"]}}],"collection":[{"href":"https:\/\/dev.hempking.eu\/pl\/wp-json\/wp\/v2\/product"}],"about":[{"href":"https:\/\/dev.hempking.eu\/pl\/wp-json\/wp\/v2\/types\/product"}],"wp:featuredmedia":[{"embeddable":true,"href":"https:\/\/dev.hempking.eu\/pl\/wp-json\/wp\/v2\/media\/116906"}],"wp:attachment":[{"href":"https:\/\/dev.hempking.eu\/pl\/wp-json\/wp\/v2\/media?parent=51845"}],"wp:term":[{"taxonomy":"product_cat","embeddable":true,"href":"https:\/\/dev.hempking.eu\/pl\/wp-json\/wp\/v2\/product_cat?post=51845"},{"taxonomy":"product_tag","embeddable":true,"href":"https:\/\/dev.hempking.eu\/pl\/wp-json\/wp\/v2\/product_tag?post=51845"}],"curies":[{"name":"wp","href":"https:\/\/api.w.org\/{rel}","templated":true}]}}