{"id":51861,"date":"2020-12-03T13:41:35","date_gmt":"2020-12-03T12:41:35","guid":{"rendered":"https:\/\/hempking.eu\/pl\/?post_type=product&#038;p=51861"},"modified":"2023-02-02T14:53:47","modified_gmt":"2023-02-02T13:53:47","slug":"zestaw-naturalny-dezodorant-meski-i-masc-cbd-salve","status":"publish","type":"product","link":"https:\/\/dev.hempking.eu\/pl\/zestaw-naturalny-dezodorant-meski-i-masc-cbd-salve\/","title":{"rendered":"Zestaw m\u0119ski: naturalny dezodorant i ma\u015b\u0107 CBD Salve"},"content":{"rendered":"<h2><strong>Kosmetyczny zestaw dla m\u0119\u017cczyzn!\u00a0<\/strong><\/h2>\n<p>D\u0142ugo wyczekiwany m\u0119ski dezodorant naturalny w kremie o zapachu mi\u0119ty pieprzowej, po\u0142\u0105czyli\u015bmy w zestaw z bestsellerow\u0105 i wielozadaniow\u0105 ma\u015bci\u0105 CBD!<\/p>\n<p>Dwa kosmetyki, kt\u00f3re oka\u017c\u0105 si\u0119 idealnym \u015bwi\u0105tecznym czy urodzinowym prezentem dla ka\u017cdego m\u0119\u017cczyzny. Szklane s\u0142oiczki skrywaj\u0105 naturalne sk\u0142adniki, a design opakowa\u0144 ozdobi m\u0119sk\u0105 p\u00f3\u0142k\u0119 piel\u0119gnacyjn\u0105. Zapewniamy, \u017ce korzystanie z tych kosmetyk\u00f3w to czysta przyjemno\u015b\u0107!<\/p>\n<p>Je\u015bli masz w swoim otoczeniu m\u0119\u017cczyzn\u0119, kt\u00f3ry lubi niebanalne rozwi\u0105zania oraz kosmetyki spe\u0142niaj\u0105ce wi\u0119cej ni\u017c jedn\u0105 funkcj\u0119, to ten zestaw b\u0119dzie trafionym prezentem!<\/p>\n<h2><strong><a href=\"https:\/\/dev.hempking.eu\/pl\/wp-content\/uploads\/sites\/2\/2020\/11\/naturalny-dezodorant-w-kremie-3-scaled.jpg\"><img loading=\"lazy\" decoding=\"async\" class=\"alignright wp-image-74210\" src=\"https:\/\/dev.hempking.eu\/pl\/wp-content\/uploads\/sites\/2\/2020\/11\/naturalny-dezodorant-w-kremie-3-scaled.jpg\" alt=\"hempking naturalny dezodorant w kremie - otwarty\" width=\"250\" height=\"250\" \/><\/a>1. Naturalny dezodorant konopny dla m\u0119\u017cczyzn z CBD i mi\u0119t\u0105 pieprzow\u0105<\/strong><\/h2>\n<p><a href=\"https:\/\/dev.hempking.eu\/pl\/naturalny-dezodorant-konopny-dla-mezczyzn-z-cbd-i-mieta-pieprzowa\/\">M\u0119ska wersja<\/a> zapachowa bestsellerowego dezodorantu w kremie z CBD o zapachu kwiat\u00f3w ylang ylang. Ten dezodorant to po\u0142\u0105czenie mi\u0119ty pieprzowej, konopi oraz naturalnych komponent\u00f3w, kt\u00f3re chroni\u0105 przed przykrym zapachem. Przetestowany w r\u00f3\u017cnych warunkach, na si\u0142owni, w biurze czy podczas remont\u00f3w &#8211; po prostu dzia\u0142a! Formu\u0142a, kt\u00f3ra nie brudzi ubra\u0144, \u0142atwo si\u0119 wch\u0142ania oraz jest delikatna dla sk\u00f3ry, a przy tym jest mega wydajna!<\/p>\n<p>&nbsp;<\/p>\n<p>&nbsp;<\/p>\n<p>&nbsp;<\/p>\n<h2><strong><a href=\"https:\/\/dev.hempking.eu\/pl\/wp-content\/uploads\/sites\/2\/2020\/07\/cbd-salve-50ml-2-scaled.jpg\"><img loading=\"lazy\" decoding=\"async\" class=\"alignright wp-image-98723\" src=\"https:\/\/dev.hempking.eu\/pl\/wp-content\/uploads\/sites\/2\/2020\/07\/cbd-salve-50ml-2-scaled.jpg\" alt=\"salve ma\u015b\u0107 konopna\" width=\"250\" height=\"250\" \/><\/a><\/strong><\/h2>\n<h2><strong>2. Ma\u015b\u0107 CBD Salve 1%<\/strong><\/h2>\n<p>Kt\u00f3ry m\u0119\u017cczyzna nie kocha kosmetyk\u00f3w, kt\u00f3re spe\u0142niaj\u0105 wi\u0119cej ni\u017c jedn\u0105 funkcj\u0119? Takim produktem jest nasza <a href=\"https:\/\/dev.hempking.eu\/pl\/masc-cbd-salve-1-100ml\/\">ma\u015b\u0107 konopna z CBD<\/a>! Zawiera certyfikowany ekstrakt CBD, jest bogata w mas\u0142a i oleje, kt\u00f3re nawil\u017caj\u0105 i nat\u0142uszczaj\u0105 sk\u00f3r\u0119, chroni\u0105c j\u0105 i pomagaj\u0105c z utrzymaniem zdrowej sk\u00f3ry. Jest odpowiednia dla sk\u00f3ry z niedoskona\u0142o\u015bciami, nie podra\u017cnia, sprawdza si\u0119 zar\u00f3wno u alergik\u00f3w, jak i u os\u00f3b, kt\u00f3re wymagaj\u0105 wyj\u0105tkowo delikatnej piel\u0119gnacji!<\/p>\n<p>Bestsellerowa ma\u015b\u0107 CBD w du\u017cym s\u0142oiku po\u0142\u0105czona z dezodorantem w kremie, to zestaw dla ka\u017cdego m\u0119\u017cczyzny!<\/p>\n<p><strong>100% naturalne. Sk\u0142ad u\u0142o\u017cy\u0142a Justyna Sobczyk:\u00a0<a href=\"https:\/\/www.instagram.com\/hushaaabye\/\" rel=\"nofollow\">Instagram<\/a>\u00a0\/\u00a0<a href=\"https:\/\/www.hushaaabye.pl\/\" rel=\"nofollow\">Blog<\/a><\/strong><\/p>\n","protected":false},"excerpt":{"rendered":"<h2><strong>Zestaw zawiera pe\u0142nowymiarowe:\u00a0<\/strong><\/h2>\n<ul>\n<li><a href=\"https:\/\/dev.hempking.eu\/pl\/naturalny-dezodorant-konopny-dla-mezczyzn-z-cbd-i-mieta-pieprzowa\/\" target=\"_blank\" rel=\"noopener\">M\u0119ski dezodorant konopny z CBD o zapachu mi\u0119ty pieprzowej \u2013 65g<\/a>\u00a0\u2013\u00a0<strong>50.90 z\u0142<\/strong><\/li>\n<li><a href=\"https:\/\/dev.hempking.eu\/pl\/masc-cbd-salve-1-100ml\/\" target=\"_blank\" rel=\"noopener\">Ma\u015b\u0107 konopna CBD Salve &#8211; 100 ml<\/a> \u2013 <strong>119 z\u0142<\/strong><\/li>\n<\/ul>\n<p><strong>Kupuj\u0105c zestaw oszcz\u0119dzasz 20%!<\/strong><\/p>\n","protected":false},"featured_media":114516,"template":"","meta":{"_acf_changed":false},"product_cat":[33,151],"product_tag":[],"class_list":{"0":"post-51861","1":"product","2":"type-product","3":"status-publish","4":"has-post-thumbnail","6":"product_cat-zestawy","7":"product_cat-zestawy-dla-mezczyzn","9":"first","10":"instock","11":"sale","12":"shipping-taxable","13":"purchasable","14":"product-type-simple"},"acf":[],"yoast_head":"<!-- This site is optimized with the Yoast SEO Premium plugin v23.4 (Yoast SEO v24.0) - https:\/\/yoast.com\/wordpress\/plugins\/seo\/ -->\n<title>Zestaw m\u0119ski: naturalny dezodorant i ma\u015b\u0107 CBD Salve - Hemp King<\/title>\n<meta name=\"description\" content=\"Zobacz \u261b Zestaw m\u0119ski: naturalny dezodorant i ma\u015b\u0107 CBD Salve w konopnym sklepie HempKing \u2705100% naturalne \u2705 Zadbaj z nami o swoj\u0105 diet\u0119!\" \/>\n<link rel=\"canonical\" href=\"https:\/\/dev.hempking.eu\/pl\/zestaw-naturalny-dezodorant-meski-i-masc-cbd-salve\/\" \/>\n<meta property=\"og:locale\" content=\"pl_PL\" \/>\n<meta property=\"og:type\" content=\"article\" \/>\n<meta property=\"og:title\" content=\"Zestaw m\u0119ski: naturalny dezodorant i ma\u015b\u0107 CBD Salve\" \/>\n<meta property=\"og:description\" content=\"Zobacz \u261b Zestaw m\u0119ski: naturalny dezodorant i ma\u015b\u0107 CBD Salve w konopnym sklepie HempKing \u2705100% naturalne \u2705 Zadbaj z nami o swoj\u0105 diet\u0119!\" \/>\n<meta property=\"og:url\" content=\"https:\/\/dev.hempking.eu\/pl\/zestaw-naturalny-dezodorant-meski-i-masc-cbd-salve\/\" \/>\n<meta property=\"og:site_name\" content=\"Hemp King\" \/>\n<meta property=\"article:publisher\" content=\"https:\/\/www.facebook.com\/hempkingpoland\" \/>\n<meta property=\"article:modified_time\" content=\"2023-02-02T13:53:47+00:00\" \/>\n<meta property=\"og:image\" content=\"https:\/\/dev.hempking.eu\/pl\/wp-content\/uploads\/sites\/2\/2020\/12\/1000x1000_zestaw_7.jpg\" \/>\n\t<meta property=\"og:image:width\" content=\"1000\" \/>\n\t<meta property=\"og:image:height\" content=\"1000\" \/>\n\t<meta property=\"og:image:type\" content=\"image\/jpeg\" \/>\n<meta name=\"twitter:card\" content=\"summary_large_image\" \/>\n<meta name=\"twitter:site\" content=\"@hempkingeu\" \/>\n<meta name=\"twitter:label1\" content=\"Price\" \/>\n\t<meta name=\"twitter:data1\" content=\"135.92&nbsp;&#122;&#322;\" \/>\n\t<meta name=\"twitter:label2\" content=\"Availability\" \/>\n\t<meta name=\"twitter:data2\" content=\"In stock\" \/>\n<script type=\"application\/ld+json\" class=\"yoast-schema-graph\">{\"@context\":\"https:\/\/schema.org\",\"@graph\":[{\"@type\":\"WebPage\",\"@id\":\"https:\/\/dev.hempking.eu\/pl\/zestaw-naturalny-dezodorant-meski-i-masc-cbd-salve\/\",\"url\":\"https:\/\/dev.hempking.eu\/pl\/zestaw-naturalny-dezodorant-meski-i-masc-cbd-salve\/\",\"name\":\"Zestaw m\u0119ski: naturalny dezodorant i ma\u015b\u0107 CBD Salve - Hemp King\",\"isPartOf\":{\"@id\":\"https:\/\/dev.hempking.eu\/pl\/#website\"},\"primaryImageOfPage\":{\"@id\":\"https:\/\/dev.hempking.eu\/pl\/zestaw-naturalny-dezodorant-meski-i-masc-cbd-salve\/#primaryimage\"},\"image\":{\"@id\":\"https:\/\/dev.hempking.eu\/pl\/zestaw-naturalny-dezodorant-meski-i-masc-cbd-salve\/#primaryimage\"},\"thumbnailUrl\":\"https:\/\/dev.hempking.eu\/pl\/wp-content\/uploads\/sites\/2\/2020\/12\/1000x1000_zestaw_7.jpg\",\"datePublished\":\"2020-12-03T12:41:35+00:00\",\"dateModified\":\"2023-02-02T13:53:47+00:00\",\"description\":\"Zobacz \u261b Zestaw m\u0119ski: naturalny dezodorant i ma\u015b\u0107 CBD Salve w konopnym sklepie HempKing \u2705100% naturalne \u2705 Zadbaj z nami o swoj\u0105 diet\u0119!\",\"breadcrumb\":{\"@id\":\"https:\/\/dev.hempking.eu\/pl\/zestaw-naturalny-dezodorant-meski-i-masc-cbd-salve\/#breadcrumb\"},\"inLanguage\":\"pl-PL\",\"potentialAction\":[{\"@type\":\"ReadAction\",\"target\":[\"https:\/\/dev.hempking.eu\/pl\/zestaw-naturalny-dezodorant-meski-i-masc-cbd-salve\/\"]}]},{\"@type\":\"ImageObject\",\"inLanguage\":\"pl-PL\",\"@id\":\"https:\/\/dev.hempking.eu\/pl\/zestaw-naturalny-dezodorant-meski-i-masc-cbd-salve\/#primaryimage\",\"url\":\"https:\/\/dev.hempking.eu\/pl\/wp-content\/uploads\/sites\/2\/2020\/12\/1000x1000_zestaw_7.jpg\",\"contentUrl\":\"https:\/\/dev.hempking.eu\/pl\/wp-content\/uploads\/sites\/2\/2020\/12\/1000x1000_zestaw_7.jpg\",\"width\":1000,\"height\":1000,\"caption\":\"salve dezodorant m\u0119ski\"},{\"@type\":\"BreadcrumbList\",\"@id\":\"https:\/\/dev.hempking.eu\/pl\/zestaw-naturalny-dezodorant-meski-i-masc-cbd-salve\/#breadcrumb\",\"itemListElement\":[{\"@type\":\"ListItem\",\"position\":1,\"name\":\"Home\",\"item\":\"https:\/\/dev.hempking.eu\/pl\/\"},{\"@type\":\"ListItem\",\"position\":2,\"name\":\"Sklep\",\"item\":\"https:\/\/dev.hempking.eu\/pl\/shop\/\"},{\"@type\":\"ListItem\",\"position\":3,\"name\":\"Zestawy\",\"item\":\"https:\/\/dev.hempking.eu\/pl\/zestawy\/\"},{\"@type\":\"ListItem\",\"position\":4,\"name\":\"Zestaw m\u0119ski: naturalny dezodorant i ma\u015b\u0107 CBD Salve\"}]},{\"@type\":\"WebSite\",\"@id\":\"https:\/\/dev.hempking.eu\/pl\/#website\",\"url\":\"https:\/\/dev.hempking.eu\/pl\/\",\"name\":\"Hemp King\",\"description\":\"\",\"publisher\":{\"@id\":\"https:\/\/dev.hempking.eu\/pl\/#organization\"},\"potentialAction\":[{\"@type\":\"SearchAction\",\"target\":{\"@type\":\"EntryPoint\",\"urlTemplate\":\"https:\/\/dev.hempking.eu\/pl\/?s={search_term_string}\"},\"query-input\":{\"@type\":\"PropertyValueSpecification\",\"valueRequired\":true,\"valueName\":\"search_term_string\"}}],\"inLanguage\":\"pl-PL\"},{\"@type\":\"Organization\",\"@id\":\"https:\/\/dev.hempking.eu\/pl\/#organization\",\"name\":\"Hemp King\",\"url\":\"https:\/\/dev.hempking.eu\/pl\/\",\"logo\":{\"@type\":\"ImageObject\",\"inLanguage\":\"pl-PL\",\"@id\":\"https:\/\/dev.hempking.eu\/pl\/#\/schema\/logo\/image\/\",\"url\":\"https:\/\/dev.hempking.eu\/pl\/wp-content\/uploads\/sites\/2\/2020\/05\/hempking.png\",\"contentUrl\":\"https:\/\/dev.hempking.eu\/pl\/wp-content\/uploads\/sites\/2\/2020\/05\/hempking.png\",\"width\":148,\"height\":91,\"caption\":\"Hemp King\"},\"image\":{\"@id\":\"https:\/\/dev.hempking.eu\/pl\/#\/schema\/logo\/image\/\"},\"sameAs\":[\"https:\/\/www.facebook.com\/hempkingpoland\",\"https:\/\/x.com\/hempkingeu\",\"https:\/\/www.instagram.com\/hempkingeu\/\",\"https:\/\/www.linkedin.com\/company\/hempking-eu\/mycompany\/\",\"https:\/\/pl.pinterest.com\/hempkingeu\/\",\"https:\/\/www.youtube.com\/channel\/UCUkeZA1fj4hSZfoYm0WpZ7w\"]}]}<\/script>\n<meta property=\"product:price:amount\" content=\"135.92\" \/>\n<meta property=\"product:price:currency\" content=\"PLN\" \/>\n<meta property=\"og:availability\" content=\"instock\" \/>\n<meta property=\"product:availability\" content=\"instock\" \/>\n<meta property=\"product:condition\" content=\"new\" \/>\n<!-- \/ Yoast SEO Premium plugin. -->","yoast_head_json":{"title":"Zestaw m\u0119ski: naturalny dezodorant i ma\u015b\u0107 CBD Salve - Hemp King","description":"Zobacz \u261b Zestaw m\u0119ski: naturalny dezodorant i ma\u015b\u0107 CBD Salve w konopnym sklepie HempKing \u2705100% naturalne \u2705 Zadbaj z nami o swoj\u0105 diet\u0119!","canonical":"https:\/\/dev.hempking.eu\/pl\/zestaw-naturalny-dezodorant-meski-i-masc-cbd-salve\/","og_locale":"pl_PL","og_type":"article","og_title":"Zestaw m\u0119ski: naturalny dezodorant i ma\u015b\u0107 CBD Salve","og_description":"Zobacz \u261b Zestaw m\u0119ski: naturalny dezodorant i ma\u015b\u0107 CBD Salve w konopnym sklepie HempKing \u2705100% naturalne \u2705 Zadbaj z nami o swoj\u0105 diet\u0119!","og_url":"https:\/\/dev.hempking.eu\/pl\/zestaw-naturalny-dezodorant-meski-i-masc-cbd-salve\/","og_site_name":"Hemp King","article_publisher":"https:\/\/www.facebook.com\/hempkingpoland","article_modified_time":"2023-02-02T13:53:47+00:00","og_image":[{"width":1000,"height":1000,"url":"https:\/\/dev.hempking.eu\/pl\/wp-content\/uploads\/sites\/2\/2020\/12\/1000x1000_zestaw_7.jpg","type":"image\/jpeg"}],"twitter_card":"summary_large_image","twitter_site":"@hempkingeu","twitter_misc":{"Price":"135.92&nbsp;&#122;&#322;","Availability":"In stock"},"schema":{"@context":"https:\/\/schema.org","@graph":[{"@type":"WebPage","@id":"https:\/\/dev.hempking.eu\/pl\/zestaw-naturalny-dezodorant-meski-i-masc-cbd-salve\/","url":"https:\/\/dev.hempking.eu\/pl\/zestaw-naturalny-dezodorant-meski-i-masc-cbd-salve\/","name":"Zestaw m\u0119ski: naturalny dezodorant i ma\u015b\u0107 CBD Salve - Hemp King","isPartOf":{"@id":"https:\/\/dev.hempking.eu\/pl\/#website"},"primaryImageOfPage":{"@id":"https:\/\/dev.hempking.eu\/pl\/zestaw-naturalny-dezodorant-meski-i-masc-cbd-salve\/#primaryimage"},"image":{"@id":"https:\/\/dev.hempking.eu\/pl\/zestaw-naturalny-dezodorant-meski-i-masc-cbd-salve\/#primaryimage"},"thumbnailUrl":"https:\/\/dev.hempking.eu\/pl\/wp-content\/uploads\/sites\/2\/2020\/12\/1000x1000_zestaw_7.jpg","datePublished":"2020-12-03T12:41:35+00:00","dateModified":"2023-02-02T13:53:47+00:00","description":"Zobacz \u261b Zestaw m\u0119ski: naturalny dezodorant i ma\u015b\u0107 CBD Salve w konopnym sklepie HempKing \u2705100% naturalne \u2705 Zadbaj z nami o swoj\u0105 diet\u0119!","breadcrumb":{"@id":"https:\/\/dev.hempking.eu\/pl\/zestaw-naturalny-dezodorant-meski-i-masc-cbd-salve\/#breadcrumb"},"inLanguage":"pl-PL","potentialAction":[{"@type":"ReadAction","target":["https:\/\/dev.hempking.eu\/pl\/zestaw-naturalny-dezodorant-meski-i-masc-cbd-salve\/"]}]},{"@type":"ImageObject","inLanguage":"pl-PL","@id":"https:\/\/dev.hempking.eu\/pl\/zestaw-naturalny-dezodorant-meski-i-masc-cbd-salve\/#primaryimage","url":"https:\/\/dev.hempking.eu\/pl\/wp-content\/uploads\/sites\/2\/2020\/12\/1000x1000_zestaw_7.jpg","contentUrl":"https:\/\/dev.hempking.eu\/pl\/wp-content\/uploads\/sites\/2\/2020\/12\/1000x1000_zestaw_7.jpg","width":1000,"height":1000,"caption":"salve dezodorant m\u0119ski"},{"@type":"BreadcrumbList","@id":"https:\/\/dev.hempking.eu\/pl\/zestaw-naturalny-dezodorant-meski-i-masc-cbd-salve\/#breadcrumb","itemListElement":[{"@type":"ListItem","position":1,"name":"Home","item":"https:\/\/dev.hempking.eu\/pl\/"},{"@type":"ListItem","position":2,"name":"Sklep","item":"https:\/\/dev.hempking.eu\/pl\/shop\/"},{"@type":"ListItem","position":3,"name":"Zestawy","item":"https:\/\/dev.hempking.eu\/pl\/zestawy\/"},{"@type":"ListItem","position":4,"name":"Zestaw m\u0119ski: naturalny dezodorant i ma\u015b\u0107 CBD Salve"}]},{"@type":"WebSite","@id":"https:\/\/dev.hempking.eu\/pl\/#website","url":"https:\/\/dev.hempking.eu\/pl\/","name":"Hemp King","description":"","publisher":{"@id":"https:\/\/dev.hempking.eu\/pl\/#organization"},"potentialAction":[{"@type":"SearchAction","target":{"@type":"EntryPoint","urlTemplate":"https:\/\/dev.hempking.eu\/pl\/?s={search_term_string}"},"query-input":{"@type":"PropertyValueSpecification","valueRequired":true,"valueName":"search_term_string"}}],"inLanguage":"pl-PL"},{"@type":"Organization","@id":"https:\/\/dev.hempking.eu\/pl\/#organization","name":"Hemp King","url":"https:\/\/dev.hempking.eu\/pl\/","logo":{"@type":"ImageObject","inLanguage":"pl-PL","@id":"https:\/\/dev.hempking.eu\/pl\/#\/schema\/logo\/image\/","url":"https:\/\/dev.hempking.eu\/pl\/wp-content\/uploads\/sites\/2\/2020\/05\/hempking.png","contentUrl":"https:\/\/dev.hempking.eu\/pl\/wp-content\/uploads\/sites\/2\/2020\/05\/hempking.png","width":148,"height":91,"caption":"Hemp King"},"image":{"@id":"https:\/\/dev.hempking.eu\/pl\/#\/schema\/logo\/image\/"},"sameAs":["https:\/\/www.facebook.com\/hempkingpoland","https:\/\/x.com\/hempkingeu","https:\/\/www.instagram.com\/hempkingeu\/","https:\/\/www.linkedin.com\/company\/hempking-eu\/mycompany\/","https:\/\/pl.pinterest.com\/hempkingeu\/","https:\/\/www.youtube.com\/channel\/UCUkeZA1fj4hSZfoYm0WpZ7w"]}]},"product_price_amount":"135.92","product_price_currency":"PLN","og_availability":"instock","product_availability":"instock","product_condition":"new"},"_links":{"self":[{"href":"https:\/\/dev.hempking.eu\/pl\/wp-json\/wp\/v2\/product\/51861","targetHints":{"allow":["GET"]}}],"collection":[{"href":"https:\/\/dev.hempking.eu\/pl\/wp-json\/wp\/v2\/product"}],"about":[{"href":"https:\/\/dev.hempking.eu\/pl\/wp-json\/wp\/v2\/types\/product"}],"wp:featuredmedia":[{"embeddable":true,"href":"https:\/\/dev.hempking.eu\/pl\/wp-json\/wp\/v2\/media\/114516"}],"wp:attachment":[{"href":"https:\/\/dev.hempking.eu\/pl\/wp-json\/wp\/v2\/media?parent=51861"}],"wp:term":[{"taxonomy":"product_cat","embeddable":true,"href":"https:\/\/dev.hempking.eu\/pl\/wp-json\/wp\/v2\/product_cat?post=51861"},{"taxonomy":"product_tag","embeddable":true,"href":"https:\/\/dev.hempking.eu\/pl\/wp-json\/wp\/v2\/product_tag?post=51861"}],"curies":[{"name":"wp","href":"https:\/\/api.w.org\/{rel}","templated":true}]}}