{"id":51867,"date":"2020-12-03T14:41:50","date_gmt":"2020-12-03T13:41:50","guid":{"rendered":"https:\/\/hempking.eu\/pl\/?post_type=product&#038;p=51867"},"modified":"2023-02-02T14:59:55","modified_gmt":"2023-02-02T13:59:55","slug":"zestaw-meski-dezodorant-cbd-i-olej-cbd-1-raw","status":"publish","type":"product","link":"https:\/\/dev.hempking.eu\/pl\/zestaw-meski-dezodorant-cbd-i-olej-cbd-1-raw\/","title":{"rendered":"Zestaw m\u0119ski: dezodorant CBD i Olej CBD 1% RAW"},"content":{"rendered":"<h2><strong>Zestaw olejku CBD oraz kosmetyku dla m\u0119\u017cczyzn<\/strong><\/h2>\n<p>Z tym zestawem ka\u017cdy prezent b\u0119dzie trafiony! To zestaw dw\u00f3ch produkt\u00f3w, kt\u00f3re przydadz\u0105 si\u0119 ka\u017cdemu! Naturalny kosmetyk jakim jest nasz dezodorant konopny z CBD sprawi, \u017ce prezent b\u0119dzie ciekawy i wzbudzi zainteresowanie obdarowanego m\u0119\u017cczyzny. A olejek CBD 1% to \u015bwietny suplement zar\u00f3wno dla pocz\u0105tkuj\u0105cych, kt\u00f3rzy dopiero zaczynaj\u0105 przygod\u0119 z CBD, jak i tych, kt\u00f3rzy chc\u0105 wsparcia w niskim st\u0119\u017ceniu.<\/p>\n<h2><strong>1. Naturalny dezodorant konopny dla m\u0119\u017cczyzn z CBD i mi\u0119t\u0105 pieprzow\u0105<\/strong><\/h2>\n<p>Naturalne dezodoranty to wci\u0105\u017c zagadka dla niekt\u00f3rych i dopiero zdobywaj\u0105 popularno\u015b\u0107. Jednak ka\u017cdy, kto pozna jak \u0142atwo jest u\u017cywa\u0107 <a href=\"https:\/\/dev.hempking.eu\/pl\/naturalny-dezodorant-konopny-dla-mezczyzn-z-cbd-i-mieta-pieprzowa\/\">dezodorantu w kremie<\/a>, kt\u00f3ry w dodatku nie zawiera chemii, a jest r\u00f3wnie skuteczny co konwencjonalne tego typu produkty, na pewno si\u0119 w nim zakocha! Dezodorant ma delikatny zapach mi\u0119ty pieprzowej, kt\u00f3ry nie jest w \u017cadnym wypadku przyt\u0142aczaj\u0105cy i nie zag\u0142uszy perfum, ale u\u017cywany sam, da wra\u017cenie \u015bwie\u017cego zapachu.<\/p>\n<h2>2. Olej CBD 1% RAW<\/h2>\n<p>Olejki CBD to ju\u017c do\u015b\u0107 znane suplementy konopne. Gdy kto\u015b jeszcze nie mia\u0142 z nimi do czynienia, to najlepiej gdy zacznie od niskich st\u0119\u017ce\u0144. Takim produktem idealnym na rozpocz\u0119cie suplementacji konopiami jest w\u0142a\u015bnie <a href=\"https:\/\/dev.hempking.eu\/pl\/olej-cbd-1-raw-10ml\/\">olejek CBD 1% RAW<\/a>. Zawiera on 100mg CBD oraz inne fitosk\u0142adniki w pe\u0142nym spektrum. Olejki CBD dzi\u0119ki zawarto\u015bci oleju konopnego, mog\u0105 wspiera\u0107 odporno\u015b\u0107, wp\u0142ywa\u0107 na wygl\u0105d sk\u00f3ry, wzbogaca\u0107 nasz\u0105 diet\u0119 oraz dba\u0107 o uk\u0142ad sercowo-naczyniowy!<\/p>\n<p>Taki zestaw podarowany bliskiemu m\u0119\u017cczy\u017anie m\u00f3wi wprost o tym, \u017ce jest nam drogi i chcemy o niego zadba\u0107 wysokiej jako\u015bci produktami!<\/p>\n","protected":false},"excerpt":{"rendered":"<h2><strong>Zestaw zawiera pe\u0142nowymiarowe:\u00a0<\/strong><\/h2>\n<ul>\n<li><a href=\"https:\/\/dev.hempking.eu\/pl\/naturalny-dezodorant-konopny-dla-mezczyzn-z-cbd-i-mieta-pieprzowa\/\" target=\"_blank\" rel=\"noopener\">M\u0119ski dezodorant konopny z CBD o zapachu mi\u0119ty pieprzowej \u2013 65g<\/a>\u00a0\u2013\u00a0<strong>50.90 z\u0142<\/strong><\/li>\n<li><a href=\"https:\/\/dev.hempking.eu\/pl\/olej-cbd-1-raw-10ml\/\" target=\"_blank\" rel=\"noopener\">Olej konopny RAW 1% &#8211; 10 ml<\/a> \u2013 <strong>34.90 z\u0142<\/strong><\/li>\n<\/ul>\n<p><strong>Kupuj\u0105c zestaw oszcz\u0119dzasz 20%!<\/strong><\/p>\n","protected":false},"featured_media":114523,"template":"","meta":{"_acf_changed":false},"product_cat":[33,151],"product_tag":[],"class_list":{"0":"post-51867","1":"product","2":"type-product","3":"status-publish","4":"has-post-thumbnail","6":"product_cat-zestawy","7":"product_cat-zestawy-dla-mezczyzn","9":"first","10":"instock","11":"sale","12":"shipping-taxable","13":"purchasable","14":"product-type-simple"},"acf":[],"yoast_head":"<!-- This site is optimized with the Yoast SEO Premium plugin v23.4 (Yoast SEO v24.0) - https:\/\/yoast.com\/wordpress\/plugins\/seo\/ -->\n<title>Zestaw m\u0119ski: dezodorant CBD i Olej CBD 1% RAW - Hemp King<\/title>\n<meta name=\"description\" content=\"Zobacz \u261b Zestaw m\u0119ski: dezodorant CBD i Olej CBD 1% RAW w konopnym sklepie HempKing \u2705100% naturalne \u2705 Zadbaj z nami o swoj\u0105 diet\u0119!\" \/>\n<link rel=\"canonical\" href=\"https:\/\/dev.hempking.eu\/pl\/zestaw-meski-dezodorant-cbd-i-olej-cbd-1-raw\/\" \/>\n<meta property=\"og:locale\" content=\"pl_PL\" \/>\n<meta property=\"og:type\" content=\"article\" \/>\n<meta property=\"og:title\" content=\"Zestaw m\u0119ski: dezodorant CBD i Olej CBD 1% RAW\" \/>\n<meta property=\"og:description\" content=\"Zobacz \u261b Zestaw m\u0119ski: dezodorant CBD i Olej CBD 1% RAW w konopnym sklepie HempKing \u2705100% naturalne \u2705 Zadbaj z nami o swoj\u0105 diet\u0119!\" \/>\n<meta property=\"og:url\" content=\"https:\/\/dev.hempking.eu\/pl\/zestaw-meski-dezodorant-cbd-i-olej-cbd-1-raw\/\" \/>\n<meta property=\"og:site_name\" content=\"Hemp King\" \/>\n<meta property=\"article:publisher\" content=\"https:\/\/www.facebook.com\/hempkingpoland\" \/>\n<meta property=\"article:modified_time\" content=\"2023-02-02T13:59:55+00:00\" \/>\n<meta property=\"og:image\" content=\"https:\/\/dev.hempking.eu\/pl\/wp-content\/uploads\/sites\/2\/2020\/12\/1000x1000_zestaw_9.jpg\" \/>\n\t<meta property=\"og:image:width\" content=\"1000\" \/>\n\t<meta property=\"og:image:height\" content=\"1000\" \/>\n\t<meta property=\"og:image:type\" content=\"image\/jpeg\" \/>\n<meta name=\"twitter:card\" content=\"summary_large_image\" \/>\n<meta name=\"twitter:site\" content=\"@hempkingeu\" \/>\n<meta name=\"twitter:label1\" content=\"Price\" \/>\n\t<meta name=\"twitter:data1\" content=\"68.64&nbsp;&#122;&#322;\" \/>\n\t<meta name=\"twitter:label2\" content=\"Availability\" \/>\n\t<meta name=\"twitter:data2\" content=\"In stock\" \/>\n<script type=\"application\/ld+json\" class=\"yoast-schema-graph\">{\"@context\":\"https:\/\/schema.org\",\"@graph\":[{\"@type\":\"WebPage\",\"@id\":\"https:\/\/dev.hempking.eu\/pl\/zestaw-meski-dezodorant-cbd-i-olej-cbd-1-raw\/\",\"url\":\"https:\/\/dev.hempking.eu\/pl\/zestaw-meski-dezodorant-cbd-i-olej-cbd-1-raw\/\",\"name\":\"Zestaw m\u0119ski: dezodorant CBD i Olej CBD 1% RAW - Hemp King\",\"isPartOf\":{\"@id\":\"https:\/\/dev.hempking.eu\/pl\/#website\"},\"primaryImageOfPage\":{\"@id\":\"https:\/\/dev.hempking.eu\/pl\/zestaw-meski-dezodorant-cbd-i-olej-cbd-1-raw\/#primaryimage\"},\"image\":{\"@id\":\"https:\/\/dev.hempking.eu\/pl\/zestaw-meski-dezodorant-cbd-i-olej-cbd-1-raw\/#primaryimage\"},\"thumbnailUrl\":\"https:\/\/dev.hempking.eu\/pl\/wp-content\/uploads\/sites\/2\/2020\/12\/1000x1000_zestaw_9.jpg\",\"datePublished\":\"2020-12-03T13:41:50+00:00\",\"dateModified\":\"2023-02-02T13:59:55+00:00\",\"description\":\"Zobacz \u261b Zestaw m\u0119ski: dezodorant CBD i Olej CBD 1% RAW w konopnym sklepie HempKing \u2705100% naturalne \u2705 Zadbaj z nami o swoj\u0105 diet\u0119!\",\"breadcrumb\":{\"@id\":\"https:\/\/dev.hempking.eu\/pl\/zestaw-meski-dezodorant-cbd-i-olej-cbd-1-raw\/#breadcrumb\"},\"inLanguage\":\"pl-PL\",\"potentialAction\":[{\"@type\":\"ReadAction\",\"target\":[\"https:\/\/dev.hempking.eu\/pl\/zestaw-meski-dezodorant-cbd-i-olej-cbd-1-raw\/\"]}]},{\"@type\":\"ImageObject\",\"inLanguage\":\"pl-PL\",\"@id\":\"https:\/\/dev.hempking.eu\/pl\/zestaw-meski-dezodorant-cbd-i-olej-cbd-1-raw\/#primaryimage\",\"url\":\"https:\/\/dev.hempking.eu\/pl\/wp-content\/uploads\/sites\/2\/2020\/12\/1000x1000_zestaw_9.jpg\",\"contentUrl\":\"https:\/\/dev.hempking.eu\/pl\/wp-content\/uploads\/sites\/2\/2020\/12\/1000x1000_zestaw_9.jpg\",\"width\":1000,\"height\":1000,\"caption\":\"dezodorant olej CBD 1% RAW\"},{\"@type\":\"BreadcrumbList\",\"@id\":\"https:\/\/dev.hempking.eu\/pl\/zestaw-meski-dezodorant-cbd-i-olej-cbd-1-raw\/#breadcrumb\",\"itemListElement\":[{\"@type\":\"ListItem\",\"position\":1,\"name\":\"Home\",\"item\":\"https:\/\/dev.hempking.eu\/pl\/\"},{\"@type\":\"ListItem\",\"position\":2,\"name\":\"Sklep\",\"item\":\"https:\/\/dev.hempking.eu\/pl\/shop\/\"},{\"@type\":\"ListItem\",\"position\":3,\"name\":\"Zestawy\",\"item\":\"https:\/\/dev.hempking.eu\/pl\/zestawy\/\"},{\"@type\":\"ListItem\",\"position\":4,\"name\":\"Zestaw m\u0119ski: dezodorant CBD i Olej CBD 1% RAW\"}]},{\"@type\":\"WebSite\",\"@id\":\"https:\/\/dev.hempking.eu\/pl\/#website\",\"url\":\"https:\/\/dev.hempking.eu\/pl\/\",\"name\":\"Hemp King\",\"description\":\"\",\"publisher\":{\"@id\":\"https:\/\/dev.hempking.eu\/pl\/#organization\"},\"potentialAction\":[{\"@type\":\"SearchAction\",\"target\":{\"@type\":\"EntryPoint\",\"urlTemplate\":\"https:\/\/dev.hempking.eu\/pl\/?s={search_term_string}\"},\"query-input\":{\"@type\":\"PropertyValueSpecification\",\"valueRequired\":true,\"valueName\":\"search_term_string\"}}],\"inLanguage\":\"pl-PL\"},{\"@type\":\"Organization\",\"@id\":\"https:\/\/dev.hempking.eu\/pl\/#organization\",\"name\":\"Hemp King\",\"url\":\"https:\/\/dev.hempking.eu\/pl\/\",\"logo\":{\"@type\":\"ImageObject\",\"inLanguage\":\"pl-PL\",\"@id\":\"https:\/\/dev.hempking.eu\/pl\/#\/schema\/logo\/image\/\",\"url\":\"https:\/\/dev.hempking.eu\/pl\/wp-content\/uploads\/sites\/2\/2020\/05\/hempking.png\",\"contentUrl\":\"https:\/\/dev.hempking.eu\/pl\/wp-content\/uploads\/sites\/2\/2020\/05\/hempking.png\",\"width\":148,\"height\":91,\"caption\":\"Hemp King\"},\"image\":{\"@id\":\"https:\/\/dev.hempking.eu\/pl\/#\/schema\/logo\/image\/\"},\"sameAs\":[\"https:\/\/www.facebook.com\/hempkingpoland\",\"https:\/\/x.com\/hempkingeu\",\"https:\/\/www.instagram.com\/hempkingeu\/\",\"https:\/\/www.linkedin.com\/company\/hempking-eu\/mycompany\/\",\"https:\/\/pl.pinterest.com\/hempkingeu\/\",\"https:\/\/www.youtube.com\/channel\/UCUkeZA1fj4hSZfoYm0WpZ7w\"]}]}<\/script>\n<meta property=\"product:price:amount\" content=\"68.64\" \/>\n<meta property=\"product:price:currency\" content=\"PLN\" \/>\n<meta property=\"og:availability\" content=\"instock\" \/>\n<meta property=\"product:availability\" content=\"instock\" \/>\n<meta property=\"product:condition\" content=\"new\" \/>\n<!-- \/ Yoast SEO Premium plugin. -->","yoast_head_json":{"title":"Zestaw m\u0119ski: dezodorant CBD i Olej CBD 1% RAW - Hemp King","description":"Zobacz \u261b Zestaw m\u0119ski: dezodorant CBD i Olej CBD 1% RAW w konopnym sklepie HempKing \u2705100% naturalne \u2705 Zadbaj z nami o swoj\u0105 diet\u0119!","canonical":"https:\/\/dev.hempking.eu\/pl\/zestaw-meski-dezodorant-cbd-i-olej-cbd-1-raw\/","og_locale":"pl_PL","og_type":"article","og_title":"Zestaw m\u0119ski: dezodorant CBD i Olej CBD 1% RAW","og_description":"Zobacz \u261b Zestaw m\u0119ski: dezodorant CBD i Olej CBD 1% RAW w konopnym sklepie HempKing \u2705100% naturalne \u2705 Zadbaj z nami o swoj\u0105 diet\u0119!","og_url":"https:\/\/dev.hempking.eu\/pl\/zestaw-meski-dezodorant-cbd-i-olej-cbd-1-raw\/","og_site_name":"Hemp King","article_publisher":"https:\/\/www.facebook.com\/hempkingpoland","article_modified_time":"2023-02-02T13:59:55+00:00","og_image":[{"width":1000,"height":1000,"url":"https:\/\/dev.hempking.eu\/pl\/wp-content\/uploads\/sites\/2\/2020\/12\/1000x1000_zestaw_9.jpg","type":"image\/jpeg"}],"twitter_card":"summary_large_image","twitter_site":"@hempkingeu","twitter_misc":{"Price":"68.64&nbsp;&#122;&#322;","Availability":"In stock"},"schema":{"@context":"https:\/\/schema.org","@graph":[{"@type":"WebPage","@id":"https:\/\/dev.hempking.eu\/pl\/zestaw-meski-dezodorant-cbd-i-olej-cbd-1-raw\/","url":"https:\/\/dev.hempking.eu\/pl\/zestaw-meski-dezodorant-cbd-i-olej-cbd-1-raw\/","name":"Zestaw m\u0119ski: dezodorant CBD i Olej CBD 1% RAW - Hemp King","isPartOf":{"@id":"https:\/\/dev.hempking.eu\/pl\/#website"},"primaryImageOfPage":{"@id":"https:\/\/dev.hempking.eu\/pl\/zestaw-meski-dezodorant-cbd-i-olej-cbd-1-raw\/#primaryimage"},"image":{"@id":"https:\/\/dev.hempking.eu\/pl\/zestaw-meski-dezodorant-cbd-i-olej-cbd-1-raw\/#primaryimage"},"thumbnailUrl":"https:\/\/dev.hempking.eu\/pl\/wp-content\/uploads\/sites\/2\/2020\/12\/1000x1000_zestaw_9.jpg","datePublished":"2020-12-03T13:41:50+00:00","dateModified":"2023-02-02T13:59:55+00:00","description":"Zobacz \u261b Zestaw m\u0119ski: dezodorant CBD i Olej CBD 1% RAW w konopnym sklepie HempKing \u2705100% naturalne \u2705 Zadbaj z nami o swoj\u0105 diet\u0119!","breadcrumb":{"@id":"https:\/\/dev.hempking.eu\/pl\/zestaw-meski-dezodorant-cbd-i-olej-cbd-1-raw\/#breadcrumb"},"inLanguage":"pl-PL","potentialAction":[{"@type":"ReadAction","target":["https:\/\/dev.hempking.eu\/pl\/zestaw-meski-dezodorant-cbd-i-olej-cbd-1-raw\/"]}]},{"@type":"ImageObject","inLanguage":"pl-PL","@id":"https:\/\/dev.hempking.eu\/pl\/zestaw-meski-dezodorant-cbd-i-olej-cbd-1-raw\/#primaryimage","url":"https:\/\/dev.hempking.eu\/pl\/wp-content\/uploads\/sites\/2\/2020\/12\/1000x1000_zestaw_9.jpg","contentUrl":"https:\/\/dev.hempking.eu\/pl\/wp-content\/uploads\/sites\/2\/2020\/12\/1000x1000_zestaw_9.jpg","width":1000,"height":1000,"caption":"dezodorant olej CBD 1% RAW"},{"@type":"BreadcrumbList","@id":"https:\/\/dev.hempking.eu\/pl\/zestaw-meski-dezodorant-cbd-i-olej-cbd-1-raw\/#breadcrumb","itemListElement":[{"@type":"ListItem","position":1,"name":"Home","item":"https:\/\/dev.hempking.eu\/pl\/"},{"@type":"ListItem","position":2,"name":"Sklep","item":"https:\/\/dev.hempking.eu\/pl\/shop\/"},{"@type":"ListItem","position":3,"name":"Zestawy","item":"https:\/\/dev.hempking.eu\/pl\/zestawy\/"},{"@type":"ListItem","position":4,"name":"Zestaw m\u0119ski: dezodorant CBD i Olej CBD 1% RAW"}]},{"@type":"WebSite","@id":"https:\/\/dev.hempking.eu\/pl\/#website","url":"https:\/\/dev.hempking.eu\/pl\/","name":"Hemp King","description":"","publisher":{"@id":"https:\/\/dev.hempking.eu\/pl\/#organization"},"potentialAction":[{"@type":"SearchAction","target":{"@type":"EntryPoint","urlTemplate":"https:\/\/dev.hempking.eu\/pl\/?s={search_term_string}"},"query-input":{"@type":"PropertyValueSpecification","valueRequired":true,"valueName":"search_term_string"}}],"inLanguage":"pl-PL"},{"@type":"Organization","@id":"https:\/\/dev.hempking.eu\/pl\/#organization","name":"Hemp King","url":"https:\/\/dev.hempking.eu\/pl\/","logo":{"@type":"ImageObject","inLanguage":"pl-PL","@id":"https:\/\/dev.hempking.eu\/pl\/#\/schema\/logo\/image\/","url":"https:\/\/dev.hempking.eu\/pl\/wp-content\/uploads\/sites\/2\/2020\/05\/hempking.png","contentUrl":"https:\/\/dev.hempking.eu\/pl\/wp-content\/uploads\/sites\/2\/2020\/05\/hempking.png","width":148,"height":91,"caption":"Hemp King"},"image":{"@id":"https:\/\/dev.hempking.eu\/pl\/#\/schema\/logo\/image\/"},"sameAs":["https:\/\/www.facebook.com\/hempkingpoland","https:\/\/x.com\/hempkingeu","https:\/\/www.instagram.com\/hempkingeu\/","https:\/\/www.linkedin.com\/company\/hempking-eu\/mycompany\/","https:\/\/pl.pinterest.com\/hempkingeu\/","https:\/\/www.youtube.com\/channel\/UCUkeZA1fj4hSZfoYm0WpZ7w"]}]},"product_price_amount":"68.64","product_price_currency":"PLN","og_availability":"instock","product_availability":"instock","product_condition":"new"},"_links":{"self":[{"href":"https:\/\/dev.hempking.eu\/pl\/wp-json\/wp\/v2\/product\/51867","targetHints":{"allow":["GET"]}}],"collection":[{"href":"https:\/\/dev.hempking.eu\/pl\/wp-json\/wp\/v2\/product"}],"about":[{"href":"https:\/\/dev.hempking.eu\/pl\/wp-json\/wp\/v2\/types\/product"}],"wp:featuredmedia":[{"embeddable":true,"href":"https:\/\/dev.hempking.eu\/pl\/wp-json\/wp\/v2\/media\/114523"}],"wp:attachment":[{"href":"https:\/\/dev.hempking.eu\/pl\/wp-json\/wp\/v2\/media?parent=51867"}],"wp:term":[{"taxonomy":"product_cat","embeddable":true,"href":"https:\/\/dev.hempking.eu\/pl\/wp-json\/wp\/v2\/product_cat?post=51867"},{"taxonomy":"product_tag","embeddable":true,"href":"https:\/\/dev.hempking.eu\/pl\/wp-json\/wp\/v2\/product_tag?post=51867"}],"curies":[{"name":"wp","href":"https:\/\/api.w.org\/{rel}","templated":true}]}}