{"id":51883,"date":"2020-12-03T17:15:54","date_gmt":"2020-12-03T16:15:54","guid":{"rendered":"https:\/\/hempking.eu\/pl\/?post_type=product&#038;p=51883"},"modified":"2023-04-03T15:56:15","modified_gmt":"2023-04-03T13:56:15","slug":"zestaw-olej-cbd-5-i-witamina-c-complex","status":"publish","type":"product","link":"https:\/\/dev.hempking.eu\/pl\/zestaw-olej-cbd-5-i-witamina-c-complex\/","title":{"rendered":"Zestaw: Olej CBD 5% i Witamina C Complex+"},"content":{"rendered":"<h2><strong>\u0141agodne wsparcie odporno\u015bci z olejkiem CBD<\/strong><\/h2>\n<p>To, \u017ce Witamina C wspiera odporno\u015b\u0107, dowiadujemy si\u0119 ju\u017c w bardzo m\u0142odym wieku. A wiesz, \u017ce olej konopny ma r\u00f3wnie\u017c t\u0119 w\u0142a\u015bciwo\u015b\u0107? Zatem te dwa produkty w po\u0142\u0105czeniu musz\u0105 przynie\u015b\u0107 bardzo dobre rezultaty! To zestaw idealny dla ka\u017cdego, kto lubi produkty konopne lub dopiero chce zacz\u0105\u0107 ich u\u017cywa\u0107. A dla wzmocnienia dzia\u0142ania wspieraj\u0105cego odporno\u015b\u0107, kt\u00f3ra jest niezwykle wa\u017cna, dodali\u015bmy witamin\u0119 C w postaci Witaminy C Complex+, czyli kompleksowego produktu!<\/p>\n<h2><strong>1. Olej CBD Natural 5% &#8211; 10ml<\/strong><\/h2>\n<p>Olejek konopny ma wiele zastosowa\u0144 i w\u0142a\u015bciwo\u015bci. Od suplement\u00f3w diety, a\u017c po kosmetyki!<\/p>\n<p>Wprowadzaj\u0105c go do swojej diety wzbogacisz j\u0105 o fitosk\u0142adniki, dostarczysz sobie nienasyconych kwas\u00f3w t\u0142uszczowych omega-3, omega-6 i omega-9, pomo\u017cesz Twojej naturalnej odporno\u015bci, korzystnie wp\u0142yniesz na uk\u0142ad sercowo-naczyniowy, wspomo\u017cesz regulacj\u0119 zawarto\u015bci cholesterolu i tr\u00f3jgliceryd\u00f3w we krwi, zapewnisz sk\u00f3rze optymalny poziom nawil\u017cenia i zdrowy wygl\u0105d.<\/p>\n<h2><strong>2. Witamina C Complex+ 150g<\/strong><\/h2>\n<p><a href=\"https:\/\/dev.hempking.eu\/pl\/witamina-c-1000mg-120g\/\">Witamina C Complex+<\/a> to produkt, w kt\u00f3rym po\u0142\u0105czyli\u015bmy kilka sk\u0142adnik\u00f3w tak, by efekt ko\u0144cowy by\u0142 jak najwy\u017cszej jako\u015bci. Znajduje si\u0119 w nim m.in. ekstrakt z dzikiej r\u00f3\u017cy czy z grejpfruta, a tak\u017ce rutyna i kwas l-askorbinowy oraz l-askrobinian sodu. Wszystkie sk\u0142adniki s\u0105 naturalnego pochodzenia i wspieraj\u0105 odporno\u015b\u0107, uk\u0142ad nerwowy, uk\u0142ad naczyniowy, ko\u015bci, mi\u0119\u015bnie i sk\u00f3r\u0119, a tak\u017ce pomagaj\u0105 ze stresem oksydacyjnym czy metabolizmem energetycznym.<\/p>\n<p>Taki zestaw wesprze Twoj\u0105 odporno\u015b\u0107, lub Twoich bliskich!<\/p>\n","protected":false},"excerpt":{"rendered":"<h2><strong>Zestaw zawiera:<\/strong><\/h2>\n<ul>\n<li><a href=\"https:\/\/dev.hempking.eu\/pl\/olej-cbd-natural-5-500mg-10ml\/\" target=\"_blank\" rel=\"noopener\">Olej CBD Natural 5%<\/a> \u2013 10ml \u2013 <strong>109<\/strong>\u00a0<strong>z\u0142<\/strong><\/li>\n<li><a href=\"https:\/\/dev.hempking.eu\/pl\/witamina-c-1000mg-120g\/\" target=\"_blank\" rel=\"noopener\">Witamina C Complex+<\/a>\u00a0150g \u2013\u00a0<strong>38.90<\/strong>\u00a0<strong>z\u0142<\/strong><\/li>\n<\/ul>\n<p><strong>Kupuj\u0105c zestaw oszcz\u0119dzasz 15%!<\/strong><\/p>\n","protected":false},"featured_media":114775,"template":"","meta":{"_acf_changed":false},"product_cat":[33],"product_tag":[],"class_list":{"0":"post-51883","1":"product","2":"type-product","3":"status-publish","4":"has-post-thumbnail","6":"product_cat-zestawy","8":"first","9":"instock","10":"sale","11":"shipping-taxable","12":"purchasable","13":"product-type-simple"},"acf":[],"yoast_head":"<!-- This site is optimized with the Yoast SEO Premium plugin v23.4 (Yoast SEO v24.0) - https:\/\/yoast.com\/wordpress\/plugins\/seo\/ -->\n<title>Zestaw: Olej CBD 5% i Witamina C Complex+ - Hemp King<\/title>\n<meta name=\"description\" content=\"Zobacz \u261b Zestaw: Olej CBD 5% i Witamina C Complex+ w konopnym sklepie HempKing \u2705100% naturalne \u2705 Zadbaj z nami o swoj\u0105 diet\u0119!\" \/>\n<link rel=\"canonical\" href=\"https:\/\/dev.hempking.eu\/pl\/zestaw-olej-cbd-5-i-witamina-c-complex\/\" \/>\n<meta property=\"og:locale\" content=\"pl_PL\" \/>\n<meta property=\"og:type\" content=\"article\" \/>\n<meta property=\"og:title\" content=\"Zestaw: Olej CBD 5% i Witamina C Complex+\" \/>\n<meta property=\"og:description\" content=\"Zobacz \u261b Zestaw: Olej CBD 5% i Witamina C Complex+ w konopnym sklepie HempKing \u2705100% naturalne \u2705 Zadbaj z nami o swoj\u0105 diet\u0119!\" \/>\n<meta property=\"og:url\" content=\"https:\/\/dev.hempking.eu\/pl\/zestaw-olej-cbd-5-i-witamina-c-complex\/\" \/>\n<meta property=\"og:site_name\" content=\"Hemp King\" \/>\n<meta property=\"article:publisher\" content=\"https:\/\/www.facebook.com\/hempkingpoland\" \/>\n<meta property=\"article:modified_time\" content=\"2023-04-03T13:56:15+00:00\" \/>\n<meta property=\"og:image\" content=\"https:\/\/dev.hempking.eu\/pl\/wp-content\/uploads\/sites\/2\/2020\/12\/1000x1000_zestaw_17.jpg\" \/>\n\t<meta property=\"og:image:width\" content=\"1000\" \/>\n\t<meta property=\"og:image:height\" content=\"1000\" \/>\n\t<meta property=\"og:image:type\" content=\"image\/jpeg\" \/>\n<meta name=\"twitter:card\" content=\"summary_large_image\" \/>\n<meta name=\"twitter:site\" content=\"@hempkingeu\" \/>\n<meta name=\"twitter:label1\" content=\"Price\" \/>\n\t<meta name=\"twitter:data1\" content=\"125.71&nbsp;&#122;&#322;\" \/>\n\t<meta name=\"twitter:label2\" content=\"Availability\" \/>\n\t<meta name=\"twitter:data2\" content=\"In stock\" \/>\n<script type=\"application\/ld+json\" class=\"yoast-schema-graph\">{\"@context\":\"https:\/\/schema.org\",\"@graph\":[{\"@type\":\"WebPage\",\"@id\":\"https:\/\/dev.hempking.eu\/pl\/zestaw-olej-cbd-5-i-witamina-c-complex\/\",\"url\":\"https:\/\/dev.hempking.eu\/pl\/zestaw-olej-cbd-5-i-witamina-c-complex\/\",\"name\":\"Zestaw: Olej CBD 5% i Witamina C Complex+ - Hemp King\",\"isPartOf\":{\"@id\":\"https:\/\/dev.hempking.eu\/pl\/#website\"},\"primaryImageOfPage\":{\"@id\":\"https:\/\/dev.hempking.eu\/pl\/zestaw-olej-cbd-5-i-witamina-c-complex\/#primaryimage\"},\"image\":{\"@id\":\"https:\/\/dev.hempking.eu\/pl\/zestaw-olej-cbd-5-i-witamina-c-complex\/#primaryimage\"},\"thumbnailUrl\":\"https:\/\/dev.hempking.eu\/pl\/wp-content\/uploads\/sites\/2\/2020\/12\/1000x1000_zestaw_17.jpg\",\"datePublished\":\"2020-12-03T16:15:54+00:00\",\"dateModified\":\"2023-04-03T13:56:15+00:00\",\"description\":\"Zobacz \u261b Zestaw: Olej CBD 5% i Witamina C Complex+ w konopnym sklepie HempKing \u2705100% naturalne \u2705 Zadbaj z nami o swoj\u0105 diet\u0119!\",\"breadcrumb\":{\"@id\":\"https:\/\/dev.hempking.eu\/pl\/zestaw-olej-cbd-5-i-witamina-c-complex\/#breadcrumb\"},\"inLanguage\":\"pl-PL\",\"potentialAction\":[{\"@type\":\"ReadAction\",\"target\":[\"https:\/\/dev.hempking.eu\/pl\/zestaw-olej-cbd-5-i-witamina-c-complex\/\"]}]},{\"@type\":\"ImageObject\",\"inLanguage\":\"pl-PL\",\"@id\":\"https:\/\/dev.hempking.eu\/pl\/zestaw-olej-cbd-5-i-witamina-c-complex\/#primaryimage\",\"url\":\"https:\/\/dev.hempking.eu\/pl\/wp-content\/uploads\/sites\/2\/2020\/12\/1000x1000_zestaw_17.jpg\",\"contentUrl\":\"https:\/\/dev.hempking.eu\/pl\/wp-content\/uploads\/sites\/2\/2020\/12\/1000x1000_zestaw_17.jpg\",\"width\":1000,\"height\":1000,\"caption\":\"olejek 5% natural i wit c\"},{\"@type\":\"BreadcrumbList\",\"@id\":\"https:\/\/dev.hempking.eu\/pl\/zestaw-olej-cbd-5-i-witamina-c-complex\/#breadcrumb\",\"itemListElement\":[{\"@type\":\"ListItem\",\"position\":1,\"name\":\"Home\",\"item\":\"https:\/\/dev.hempking.eu\/pl\/\"},{\"@type\":\"ListItem\",\"position\":2,\"name\":\"Sklep\",\"item\":\"https:\/\/dev.hempking.eu\/pl\/shop\/\"},{\"@type\":\"ListItem\",\"position\":3,\"name\":\"Zestawy\",\"item\":\"https:\/\/dev.hempking.eu\/pl\/zestawy\/\"},{\"@type\":\"ListItem\",\"position\":4,\"name\":\"Zestaw: Olej CBD 5% i Witamina C Complex+\"}]},{\"@type\":\"WebSite\",\"@id\":\"https:\/\/dev.hempking.eu\/pl\/#website\",\"url\":\"https:\/\/dev.hempking.eu\/pl\/\",\"name\":\"Hemp King\",\"description\":\"\",\"publisher\":{\"@id\":\"https:\/\/dev.hempking.eu\/pl\/#organization\"},\"potentialAction\":[{\"@type\":\"SearchAction\",\"target\":{\"@type\":\"EntryPoint\",\"urlTemplate\":\"https:\/\/dev.hempking.eu\/pl\/?s={search_term_string}\"},\"query-input\":{\"@type\":\"PropertyValueSpecification\",\"valueRequired\":true,\"valueName\":\"search_term_string\"}}],\"inLanguage\":\"pl-PL\"},{\"@type\":\"Organization\",\"@id\":\"https:\/\/dev.hempking.eu\/pl\/#organization\",\"name\":\"Hemp King\",\"url\":\"https:\/\/dev.hempking.eu\/pl\/\",\"logo\":{\"@type\":\"ImageObject\",\"inLanguage\":\"pl-PL\",\"@id\":\"https:\/\/dev.hempking.eu\/pl\/#\/schema\/logo\/image\/\",\"url\":\"https:\/\/dev.hempking.eu\/pl\/wp-content\/uploads\/sites\/2\/2020\/05\/hempking.png\",\"contentUrl\":\"https:\/\/dev.hempking.eu\/pl\/wp-content\/uploads\/sites\/2\/2020\/05\/hempking.png\",\"width\":148,\"height\":91,\"caption\":\"Hemp King\"},\"image\":{\"@id\":\"https:\/\/dev.hempking.eu\/pl\/#\/schema\/logo\/image\/\"},\"sameAs\":[\"https:\/\/www.facebook.com\/hempkingpoland\",\"https:\/\/x.com\/hempkingeu\",\"https:\/\/www.instagram.com\/hempkingeu\/\",\"https:\/\/www.linkedin.com\/company\/hempking-eu\/mycompany\/\",\"https:\/\/pl.pinterest.com\/hempkingeu\/\",\"https:\/\/www.youtube.com\/channel\/UCUkeZA1fj4hSZfoYm0WpZ7w\"]}]}<\/script>\n<meta property=\"product:price:amount\" content=\"125.71\" \/>\n<meta property=\"product:price:currency\" content=\"PLN\" \/>\n<meta property=\"og:availability\" content=\"instock\" \/>\n<meta property=\"product:availability\" content=\"instock\" \/>\n<meta property=\"product:condition\" content=\"new\" \/>\n<!-- \/ Yoast SEO Premium plugin. -->","yoast_head_json":{"title":"Zestaw: Olej CBD 5% i Witamina C Complex+ - Hemp King","description":"Zobacz \u261b Zestaw: Olej CBD 5% i Witamina C Complex+ w konopnym sklepie HempKing \u2705100% naturalne \u2705 Zadbaj z nami o swoj\u0105 diet\u0119!","canonical":"https:\/\/dev.hempking.eu\/pl\/zestaw-olej-cbd-5-i-witamina-c-complex\/","og_locale":"pl_PL","og_type":"article","og_title":"Zestaw: Olej CBD 5% i Witamina C Complex+","og_description":"Zobacz \u261b Zestaw: Olej CBD 5% i Witamina C Complex+ w konopnym sklepie HempKing \u2705100% naturalne \u2705 Zadbaj z nami o swoj\u0105 diet\u0119!","og_url":"https:\/\/dev.hempking.eu\/pl\/zestaw-olej-cbd-5-i-witamina-c-complex\/","og_site_name":"Hemp King","article_publisher":"https:\/\/www.facebook.com\/hempkingpoland","article_modified_time":"2023-04-03T13:56:15+00:00","og_image":[{"width":1000,"height":1000,"url":"https:\/\/dev.hempking.eu\/pl\/wp-content\/uploads\/sites\/2\/2020\/12\/1000x1000_zestaw_17.jpg","type":"image\/jpeg"}],"twitter_card":"summary_large_image","twitter_site":"@hempkingeu","twitter_misc":{"Price":"125.71&nbsp;&#122;&#322;","Availability":"In stock"},"schema":{"@context":"https:\/\/schema.org","@graph":[{"@type":"WebPage","@id":"https:\/\/dev.hempking.eu\/pl\/zestaw-olej-cbd-5-i-witamina-c-complex\/","url":"https:\/\/dev.hempking.eu\/pl\/zestaw-olej-cbd-5-i-witamina-c-complex\/","name":"Zestaw: Olej CBD 5% i Witamina C Complex+ - Hemp King","isPartOf":{"@id":"https:\/\/dev.hempking.eu\/pl\/#website"},"primaryImageOfPage":{"@id":"https:\/\/dev.hempking.eu\/pl\/zestaw-olej-cbd-5-i-witamina-c-complex\/#primaryimage"},"image":{"@id":"https:\/\/dev.hempking.eu\/pl\/zestaw-olej-cbd-5-i-witamina-c-complex\/#primaryimage"},"thumbnailUrl":"https:\/\/dev.hempking.eu\/pl\/wp-content\/uploads\/sites\/2\/2020\/12\/1000x1000_zestaw_17.jpg","datePublished":"2020-12-03T16:15:54+00:00","dateModified":"2023-04-03T13:56:15+00:00","description":"Zobacz \u261b Zestaw: Olej CBD 5% i Witamina C Complex+ w konopnym sklepie HempKing \u2705100% naturalne \u2705 Zadbaj z nami o swoj\u0105 diet\u0119!","breadcrumb":{"@id":"https:\/\/dev.hempking.eu\/pl\/zestaw-olej-cbd-5-i-witamina-c-complex\/#breadcrumb"},"inLanguage":"pl-PL","potentialAction":[{"@type":"ReadAction","target":["https:\/\/dev.hempking.eu\/pl\/zestaw-olej-cbd-5-i-witamina-c-complex\/"]}]},{"@type":"ImageObject","inLanguage":"pl-PL","@id":"https:\/\/dev.hempking.eu\/pl\/zestaw-olej-cbd-5-i-witamina-c-complex\/#primaryimage","url":"https:\/\/dev.hempking.eu\/pl\/wp-content\/uploads\/sites\/2\/2020\/12\/1000x1000_zestaw_17.jpg","contentUrl":"https:\/\/dev.hempking.eu\/pl\/wp-content\/uploads\/sites\/2\/2020\/12\/1000x1000_zestaw_17.jpg","width":1000,"height":1000,"caption":"olejek 5% natural i wit c"},{"@type":"BreadcrumbList","@id":"https:\/\/dev.hempking.eu\/pl\/zestaw-olej-cbd-5-i-witamina-c-complex\/#breadcrumb","itemListElement":[{"@type":"ListItem","position":1,"name":"Home","item":"https:\/\/dev.hempking.eu\/pl\/"},{"@type":"ListItem","position":2,"name":"Sklep","item":"https:\/\/dev.hempking.eu\/pl\/shop\/"},{"@type":"ListItem","position":3,"name":"Zestawy","item":"https:\/\/dev.hempking.eu\/pl\/zestawy\/"},{"@type":"ListItem","position":4,"name":"Zestaw: Olej CBD 5% i Witamina C Complex+"}]},{"@type":"WebSite","@id":"https:\/\/dev.hempking.eu\/pl\/#website","url":"https:\/\/dev.hempking.eu\/pl\/","name":"Hemp King","description":"","publisher":{"@id":"https:\/\/dev.hempking.eu\/pl\/#organization"},"potentialAction":[{"@type":"SearchAction","target":{"@type":"EntryPoint","urlTemplate":"https:\/\/dev.hempking.eu\/pl\/?s={search_term_string}"},"query-input":{"@type":"PropertyValueSpecification","valueRequired":true,"valueName":"search_term_string"}}],"inLanguage":"pl-PL"},{"@type":"Organization","@id":"https:\/\/dev.hempking.eu\/pl\/#organization","name":"Hemp King","url":"https:\/\/dev.hempking.eu\/pl\/","logo":{"@type":"ImageObject","inLanguage":"pl-PL","@id":"https:\/\/dev.hempking.eu\/pl\/#\/schema\/logo\/image\/","url":"https:\/\/dev.hempking.eu\/pl\/wp-content\/uploads\/sites\/2\/2020\/05\/hempking.png","contentUrl":"https:\/\/dev.hempking.eu\/pl\/wp-content\/uploads\/sites\/2\/2020\/05\/hempking.png","width":148,"height":91,"caption":"Hemp King"},"image":{"@id":"https:\/\/dev.hempking.eu\/pl\/#\/schema\/logo\/image\/"},"sameAs":["https:\/\/www.facebook.com\/hempkingpoland","https:\/\/x.com\/hempkingeu","https:\/\/www.instagram.com\/hempkingeu\/","https:\/\/www.linkedin.com\/company\/hempking-eu\/mycompany\/","https:\/\/pl.pinterest.com\/hempkingeu\/","https:\/\/www.youtube.com\/channel\/UCUkeZA1fj4hSZfoYm0WpZ7w"]}]},"product_price_amount":"125.71","product_price_currency":"PLN","og_availability":"instock","product_availability":"instock","product_condition":"new"},"_links":{"self":[{"href":"https:\/\/dev.hempking.eu\/pl\/wp-json\/wp\/v2\/product\/51883","targetHints":{"allow":["GET"]}}],"collection":[{"href":"https:\/\/dev.hempking.eu\/pl\/wp-json\/wp\/v2\/product"}],"about":[{"href":"https:\/\/dev.hempking.eu\/pl\/wp-json\/wp\/v2\/types\/product"}],"wp:featuredmedia":[{"embeddable":true,"href":"https:\/\/dev.hempking.eu\/pl\/wp-json\/wp\/v2\/media\/114775"}],"wp:attachment":[{"href":"https:\/\/dev.hempking.eu\/pl\/wp-json\/wp\/v2\/media?parent=51883"}],"wp:term":[{"taxonomy":"product_cat","embeddable":true,"href":"https:\/\/dev.hempking.eu\/pl\/wp-json\/wp\/v2\/product_cat?post=51883"},{"taxonomy":"product_tag","embeddable":true,"href":"https:\/\/dev.hempking.eu\/pl\/wp-json\/wp\/v2\/product_tag?post=51883"}],"curies":[{"name":"wp","href":"https:\/\/api.w.org\/{rel}","templated":true}]}}