{"id":51884,"date":"2020-12-03T17:29:13","date_gmt":"2020-12-03T16:29:13","guid":{"rendered":"https:\/\/hempking.eu\/pl\/?post_type=product&#038;p=51884"},"modified":"2023-04-03T15:55:00","modified_gmt":"2023-04-03T13:55:00","slug":"zestaw-olej-cbd-10-i-witamina-c-complex","status":"publish","type":"product","link":"https:\/\/dev.hempking.eu\/pl\/zestaw-olej-cbd-10-i-witamina-c-complex\/","title":{"rendered":"Zestaw: Olej CBD 10% i Witamina C Complex+"},"content":{"rendered":"<h2><strong>Witamina C wraz z olejkiem CBD<\/strong><\/h2>\n<p>Witamina C, kt\u00f3ra wspiera odporno\u015b\u0107, na pewno towarzyszy Ci ju\u017c od dawna. A co z olejem konopnym? On r\u00f3wnie\u017c wspiera odporno\u015b\u0107 organizmu, a przy tym ma kilka innych cennych w\u0142a\u015bciwo\u015bci! Zestaw stworzony z dw\u00f3ch bestseller\u00f3w, dw\u00f3ch marek &#8211; Hempking Oleju CBD Natural Plus oraz Biowen Witaminy C Complex+.<\/p>\n<h2><strong>1. Olej CBD Natural Plus 10% &#8211; 10ml<\/strong><\/h2>\n<p>Olej konopny ma wszechstronne zastosowanie w kuchni, suplementach czy w kosmetykach. A jakie tak naprawd\u0119 ma w\u0142a\u015bciwo\u015bci?<\/p>\n<p>Dzi\u0119ki olejkowi konopnemu spo\u017cywasz fitosk\u0142adniki w pe\u0142nym spektrum, a tak\u017ce nienasycone kwasy t\u0142uszczowe omega-3, omega-6 i omega-9. Jak ju\u017c wspomnieli\u015bmy, wspomaga te\u017c Twoj\u0105 naturaln\u0105 odporno\u015b\u0107. Ale to nie wszystko. Korzystnie wp\u0142ywa na uk\u0142ad sercowo-naczyniowy, pomaga w regulacji zawarto\u015bci cholesterolu i tr\u00f3jgliceryd\u00f3w we krwi. W wypadku sk\u00f3ry, zapewni jej optymalny poziom nawil\u017cenia i zdrowy wygl\u0105d. Postaw na <a href=\"https:\/\/dev.hempking.eu\/pl\/olej-cbd-natural-plus-10-1000mg-10ml\/\">Olej CBD Natural Plus 10% &#8211; 10ml<\/a>!<\/p>\n<h2><strong>2. Witamina C Complex+ 150g<\/strong><\/h2>\n<p>Kompleksowy produkt Biowen jakim jest <a href=\"https:\/\/dev.hempking.eu\/pl\/witamina-c-1000mg-120g\/\">Witamina C Complex+<\/a> \u0142\u0105czy w sobie kilka sk\u0142adnik\u00f3w. W sk\u0142adzie znajdziesz ekstrakt z dzikiej r\u00f3\u017cy czy z grejpfruta, a tak\u017ce rutyn\u0119 i kwas l-askorbinowy oraz l-askrobinian sodu. Ka\u017cdy ze sk\u0142adnik\u00f3w jest pochodzenia naturalnego i wspiera Twoj\u0105 naturaln\u0105 odporno\u015b\u0107 a tak\u017ce uk\u0142ad nerwowy, uk\u0142ad naczyniowy, ko\u015bci, mi\u0119\u015bnie i sk\u00f3r\u0119. Sk\u0142adniki aktywne wspomagaj\u0105 kom\u00f3rki w walce ze stresem oksydacyjnym czy pomagaj\u0105 z metabolizmem energetycznym.<\/p>\n<p>Taki zestaw wesprze Twoj\u0105 odporno\u015b\u0107, lub Twoich bliskich!<\/p>\n","protected":false},"excerpt":{"rendered":"<h2><strong>Zestaw zawiera:<\/strong><\/h2>\n<ul>\n<li><a href=\"https:\/\/dev.hempking.eu\/pl\/olej-cbd-natural-plus-10-1000mg-10ml\/\" target=\"_blank\" rel=\"noopener\">Olej CBD Natural Plus 10%<\/a> &#8211; 10ml &#8211; <strong>209<\/strong> <strong>z\u0142<\/strong><\/li>\n<li><a href=\"https:\/\/dev.hempking.eu\/pl\/witamina-c-1000mg-120g\/\" target=\"_blank\" rel=\"noopener\">Witamina C Complex+<\/a> 150g &#8211; <strong>38.90<\/strong> <strong>z\u0142<\/strong><\/li>\n<\/ul>\n<p><strong>Kupuj\u0105c zestaw oszcz\u0119dzasz a\u017c 20%!<\/strong><\/p>\n","protected":false},"featured_media":114772,"template":"","meta":{"_acf_changed":false},"product_cat":[33],"product_tag":[],"class_list":{"0":"post-51884","1":"product","2":"type-product","3":"status-publish","4":"has-post-thumbnail","6":"product_cat-zestawy","8":"first","9":"instock","10":"sale","11":"shipping-taxable","12":"purchasable","13":"product-type-simple"},"acf":[],"yoast_head":"<!-- This site is optimized with the Yoast SEO Premium plugin v23.4 (Yoast SEO v24.0) - https:\/\/yoast.com\/wordpress\/plugins\/seo\/ -->\n<title>Zestaw: Olej CBD 10% i Witamina C Complex+ - Hemp King<\/title>\n<meta name=\"description\" content=\"Zobacz \u261b Zestaw: Olej CBD 10% i Witamina C Complex+ w konopnym sklepie HempKing \u2705100% naturalne \u2705 Zadbaj z nami o swoj\u0105 diet\u0119!\" \/>\n<link rel=\"canonical\" href=\"https:\/\/dev.hempking.eu\/pl\/zestaw-olej-cbd-10-i-witamina-c-complex\/\" \/>\n<meta property=\"og:locale\" content=\"pl_PL\" \/>\n<meta property=\"og:type\" content=\"article\" \/>\n<meta property=\"og:title\" content=\"Zestaw: Olej CBD 10% i Witamina C Complex+\" \/>\n<meta property=\"og:description\" content=\"Zobacz \u261b Zestaw: Olej CBD 10% i Witamina C Complex+ w konopnym sklepie HempKing \u2705100% naturalne \u2705 Zadbaj z nami o swoj\u0105 diet\u0119!\" \/>\n<meta property=\"og:url\" content=\"https:\/\/dev.hempking.eu\/pl\/zestaw-olej-cbd-10-i-witamina-c-complex\/\" \/>\n<meta property=\"og:site_name\" content=\"Hemp King\" \/>\n<meta property=\"article:publisher\" content=\"https:\/\/www.facebook.com\/hempkingpoland\" \/>\n<meta property=\"article:modified_time\" content=\"2023-04-03T13:55:00+00:00\" \/>\n<meta property=\"og:image\" content=\"https:\/\/dev.hempking.eu\/pl\/wp-content\/uploads\/sites\/2\/2020\/12\/1000x1000_zestaw_16.jpg\" \/>\n\t<meta property=\"og:image:width\" content=\"1000\" \/>\n\t<meta property=\"og:image:height\" content=\"1000\" \/>\n\t<meta property=\"og:image:type\" content=\"image\/jpeg\" \/>\n<meta name=\"twitter:card\" content=\"summary_large_image\" \/>\n<meta name=\"twitter:site\" content=\"@hempkingeu\" \/>\n<meta name=\"twitter:label1\" content=\"Price\" \/>\n\t<meta name=\"twitter:data1\" content=\"198.32&nbsp;&#122;&#322;\" \/>\n\t<meta name=\"twitter:label2\" content=\"Availability\" \/>\n\t<meta name=\"twitter:data2\" content=\"In stock\" \/>\n<script type=\"application\/ld+json\" class=\"yoast-schema-graph\">{\"@context\":\"https:\/\/schema.org\",\"@graph\":[{\"@type\":\"WebPage\",\"@id\":\"https:\/\/dev.hempking.eu\/pl\/zestaw-olej-cbd-10-i-witamina-c-complex\/\",\"url\":\"https:\/\/dev.hempking.eu\/pl\/zestaw-olej-cbd-10-i-witamina-c-complex\/\",\"name\":\"Zestaw: Olej CBD 10% i Witamina C Complex+ - Hemp King\",\"isPartOf\":{\"@id\":\"https:\/\/dev.hempking.eu\/pl\/#website\"},\"primaryImageOfPage\":{\"@id\":\"https:\/\/dev.hempking.eu\/pl\/zestaw-olej-cbd-10-i-witamina-c-complex\/#primaryimage\"},\"image\":{\"@id\":\"https:\/\/dev.hempking.eu\/pl\/zestaw-olej-cbd-10-i-witamina-c-complex\/#primaryimage\"},\"thumbnailUrl\":\"https:\/\/dev.hempking.eu\/pl\/wp-content\/uploads\/sites\/2\/2020\/12\/1000x1000_zestaw_16.jpg\",\"datePublished\":\"2020-12-03T16:29:13+00:00\",\"dateModified\":\"2023-04-03T13:55:00+00:00\",\"description\":\"Zobacz \u261b Zestaw: Olej CBD 10% i Witamina C Complex+ w konopnym sklepie HempKing \u2705100% naturalne \u2705 Zadbaj z nami o swoj\u0105 diet\u0119!\",\"breadcrumb\":{\"@id\":\"https:\/\/dev.hempking.eu\/pl\/zestaw-olej-cbd-10-i-witamina-c-complex\/#breadcrumb\"},\"inLanguage\":\"pl-PL\",\"potentialAction\":[{\"@type\":\"ReadAction\",\"target\":[\"https:\/\/dev.hempking.eu\/pl\/zestaw-olej-cbd-10-i-witamina-c-complex\/\"]}]},{\"@type\":\"ImageObject\",\"inLanguage\":\"pl-PL\",\"@id\":\"https:\/\/dev.hempking.eu\/pl\/zestaw-olej-cbd-10-i-witamina-c-complex\/#primaryimage\",\"url\":\"https:\/\/dev.hempking.eu\/pl\/wp-content\/uploads\/sites\/2\/2020\/12\/1000x1000_zestaw_16.jpg\",\"contentUrl\":\"https:\/\/dev.hempking.eu\/pl\/wp-content\/uploads\/sites\/2\/2020\/12\/1000x1000_zestaw_16.jpg\",\"width\":1000,\"height\":1000,\"caption\":\"olej cbd 10% naturals plus witamina c biowen\"},{\"@type\":\"BreadcrumbList\",\"@id\":\"https:\/\/dev.hempking.eu\/pl\/zestaw-olej-cbd-10-i-witamina-c-complex\/#breadcrumb\",\"itemListElement\":[{\"@type\":\"ListItem\",\"position\":1,\"name\":\"Home\",\"item\":\"https:\/\/dev.hempking.eu\/pl\/\"},{\"@type\":\"ListItem\",\"position\":2,\"name\":\"Sklep\",\"item\":\"https:\/\/dev.hempking.eu\/pl\/shop\/\"},{\"@type\":\"ListItem\",\"position\":3,\"name\":\"Zestawy\",\"item\":\"https:\/\/dev.hempking.eu\/pl\/zestawy\/\"},{\"@type\":\"ListItem\",\"position\":4,\"name\":\"Zestaw: Olej CBD 10% i Witamina C Complex+\"}]},{\"@type\":\"WebSite\",\"@id\":\"https:\/\/dev.hempking.eu\/pl\/#website\",\"url\":\"https:\/\/dev.hempking.eu\/pl\/\",\"name\":\"Hemp King\",\"description\":\"\",\"publisher\":{\"@id\":\"https:\/\/dev.hempking.eu\/pl\/#organization\"},\"potentialAction\":[{\"@type\":\"SearchAction\",\"target\":{\"@type\":\"EntryPoint\",\"urlTemplate\":\"https:\/\/dev.hempking.eu\/pl\/?s={search_term_string}\"},\"query-input\":{\"@type\":\"PropertyValueSpecification\",\"valueRequired\":true,\"valueName\":\"search_term_string\"}}],\"inLanguage\":\"pl-PL\"},{\"@type\":\"Organization\",\"@id\":\"https:\/\/dev.hempking.eu\/pl\/#organization\",\"name\":\"Hemp King\",\"url\":\"https:\/\/dev.hempking.eu\/pl\/\",\"logo\":{\"@type\":\"ImageObject\",\"inLanguage\":\"pl-PL\",\"@id\":\"https:\/\/dev.hempking.eu\/pl\/#\/schema\/logo\/image\/\",\"url\":\"https:\/\/dev.hempking.eu\/pl\/wp-content\/uploads\/sites\/2\/2020\/05\/hempking.png\",\"contentUrl\":\"https:\/\/dev.hempking.eu\/pl\/wp-content\/uploads\/sites\/2\/2020\/05\/hempking.png\",\"width\":148,\"height\":91,\"caption\":\"Hemp King\"},\"image\":{\"@id\":\"https:\/\/dev.hempking.eu\/pl\/#\/schema\/logo\/image\/\"},\"sameAs\":[\"https:\/\/www.facebook.com\/hempkingpoland\",\"https:\/\/x.com\/hempkingeu\",\"https:\/\/www.instagram.com\/hempkingeu\/\",\"https:\/\/www.linkedin.com\/company\/hempking-eu\/mycompany\/\",\"https:\/\/pl.pinterest.com\/hempkingeu\/\",\"https:\/\/www.youtube.com\/channel\/UCUkeZA1fj4hSZfoYm0WpZ7w\"]}]}<\/script>\n<meta property=\"product:price:amount\" content=\"198.32\" \/>\n<meta property=\"product:price:currency\" content=\"PLN\" \/>\n<meta property=\"og:availability\" content=\"instock\" \/>\n<meta property=\"product:availability\" content=\"instock\" \/>\n<meta property=\"product:condition\" content=\"new\" \/>\n<!-- \/ Yoast SEO Premium plugin. -->","yoast_head_json":{"title":"Zestaw: Olej CBD 10% i Witamina C Complex+ - Hemp King","description":"Zobacz \u261b Zestaw: Olej CBD 10% i Witamina C Complex+ w konopnym sklepie HempKing \u2705100% naturalne \u2705 Zadbaj z nami o swoj\u0105 diet\u0119!","canonical":"https:\/\/dev.hempking.eu\/pl\/zestaw-olej-cbd-10-i-witamina-c-complex\/","og_locale":"pl_PL","og_type":"article","og_title":"Zestaw: Olej CBD 10% i Witamina C Complex+","og_description":"Zobacz \u261b Zestaw: Olej CBD 10% i Witamina C Complex+ w konopnym sklepie HempKing \u2705100% naturalne \u2705 Zadbaj z nami o swoj\u0105 diet\u0119!","og_url":"https:\/\/dev.hempking.eu\/pl\/zestaw-olej-cbd-10-i-witamina-c-complex\/","og_site_name":"Hemp King","article_publisher":"https:\/\/www.facebook.com\/hempkingpoland","article_modified_time":"2023-04-03T13:55:00+00:00","og_image":[{"width":1000,"height":1000,"url":"https:\/\/dev.hempking.eu\/pl\/wp-content\/uploads\/sites\/2\/2020\/12\/1000x1000_zestaw_16.jpg","type":"image\/jpeg"}],"twitter_card":"summary_large_image","twitter_site":"@hempkingeu","twitter_misc":{"Price":"198.32&nbsp;&#122;&#322;","Availability":"In stock"},"schema":{"@context":"https:\/\/schema.org","@graph":[{"@type":"WebPage","@id":"https:\/\/dev.hempking.eu\/pl\/zestaw-olej-cbd-10-i-witamina-c-complex\/","url":"https:\/\/dev.hempking.eu\/pl\/zestaw-olej-cbd-10-i-witamina-c-complex\/","name":"Zestaw: Olej CBD 10% i Witamina C Complex+ - Hemp King","isPartOf":{"@id":"https:\/\/dev.hempking.eu\/pl\/#website"},"primaryImageOfPage":{"@id":"https:\/\/dev.hempking.eu\/pl\/zestaw-olej-cbd-10-i-witamina-c-complex\/#primaryimage"},"image":{"@id":"https:\/\/dev.hempking.eu\/pl\/zestaw-olej-cbd-10-i-witamina-c-complex\/#primaryimage"},"thumbnailUrl":"https:\/\/dev.hempking.eu\/pl\/wp-content\/uploads\/sites\/2\/2020\/12\/1000x1000_zestaw_16.jpg","datePublished":"2020-12-03T16:29:13+00:00","dateModified":"2023-04-03T13:55:00+00:00","description":"Zobacz \u261b Zestaw: Olej CBD 10% i Witamina C Complex+ w konopnym sklepie HempKing \u2705100% naturalne \u2705 Zadbaj z nami o swoj\u0105 diet\u0119!","breadcrumb":{"@id":"https:\/\/dev.hempking.eu\/pl\/zestaw-olej-cbd-10-i-witamina-c-complex\/#breadcrumb"},"inLanguage":"pl-PL","potentialAction":[{"@type":"ReadAction","target":["https:\/\/dev.hempking.eu\/pl\/zestaw-olej-cbd-10-i-witamina-c-complex\/"]}]},{"@type":"ImageObject","inLanguage":"pl-PL","@id":"https:\/\/dev.hempking.eu\/pl\/zestaw-olej-cbd-10-i-witamina-c-complex\/#primaryimage","url":"https:\/\/dev.hempking.eu\/pl\/wp-content\/uploads\/sites\/2\/2020\/12\/1000x1000_zestaw_16.jpg","contentUrl":"https:\/\/dev.hempking.eu\/pl\/wp-content\/uploads\/sites\/2\/2020\/12\/1000x1000_zestaw_16.jpg","width":1000,"height":1000,"caption":"olej cbd 10% naturals plus witamina c biowen"},{"@type":"BreadcrumbList","@id":"https:\/\/dev.hempking.eu\/pl\/zestaw-olej-cbd-10-i-witamina-c-complex\/#breadcrumb","itemListElement":[{"@type":"ListItem","position":1,"name":"Home","item":"https:\/\/dev.hempking.eu\/pl\/"},{"@type":"ListItem","position":2,"name":"Sklep","item":"https:\/\/dev.hempking.eu\/pl\/shop\/"},{"@type":"ListItem","position":3,"name":"Zestawy","item":"https:\/\/dev.hempking.eu\/pl\/zestawy\/"},{"@type":"ListItem","position":4,"name":"Zestaw: Olej CBD 10% i Witamina C Complex+"}]},{"@type":"WebSite","@id":"https:\/\/dev.hempking.eu\/pl\/#website","url":"https:\/\/dev.hempking.eu\/pl\/","name":"Hemp King","description":"","publisher":{"@id":"https:\/\/dev.hempking.eu\/pl\/#organization"},"potentialAction":[{"@type":"SearchAction","target":{"@type":"EntryPoint","urlTemplate":"https:\/\/dev.hempking.eu\/pl\/?s={search_term_string}"},"query-input":{"@type":"PropertyValueSpecification","valueRequired":true,"valueName":"search_term_string"}}],"inLanguage":"pl-PL"},{"@type":"Organization","@id":"https:\/\/dev.hempking.eu\/pl\/#organization","name":"Hemp King","url":"https:\/\/dev.hempking.eu\/pl\/","logo":{"@type":"ImageObject","inLanguage":"pl-PL","@id":"https:\/\/dev.hempking.eu\/pl\/#\/schema\/logo\/image\/","url":"https:\/\/dev.hempking.eu\/pl\/wp-content\/uploads\/sites\/2\/2020\/05\/hempking.png","contentUrl":"https:\/\/dev.hempking.eu\/pl\/wp-content\/uploads\/sites\/2\/2020\/05\/hempking.png","width":148,"height":91,"caption":"Hemp King"},"image":{"@id":"https:\/\/dev.hempking.eu\/pl\/#\/schema\/logo\/image\/"},"sameAs":["https:\/\/www.facebook.com\/hempkingpoland","https:\/\/x.com\/hempkingeu","https:\/\/www.instagram.com\/hempkingeu\/","https:\/\/www.linkedin.com\/company\/hempking-eu\/mycompany\/","https:\/\/pl.pinterest.com\/hempkingeu\/","https:\/\/www.youtube.com\/channel\/UCUkeZA1fj4hSZfoYm0WpZ7w"]}]},"product_price_amount":"198.32","product_price_currency":"PLN","og_availability":"instock","product_availability":"instock","product_condition":"new"},"_links":{"self":[{"href":"https:\/\/dev.hempking.eu\/pl\/wp-json\/wp\/v2\/product\/51884","targetHints":{"allow":["GET"]}}],"collection":[{"href":"https:\/\/dev.hempking.eu\/pl\/wp-json\/wp\/v2\/product"}],"about":[{"href":"https:\/\/dev.hempking.eu\/pl\/wp-json\/wp\/v2\/types\/product"}],"wp:featuredmedia":[{"embeddable":true,"href":"https:\/\/dev.hempking.eu\/pl\/wp-json\/wp\/v2\/media\/114772"}],"wp:attachment":[{"href":"https:\/\/dev.hempking.eu\/pl\/wp-json\/wp\/v2\/media?parent=51884"}],"wp:term":[{"taxonomy":"product_cat","embeddable":true,"href":"https:\/\/dev.hempking.eu\/pl\/wp-json\/wp\/v2\/product_cat?post=51884"},{"taxonomy":"product_tag","embeddable":true,"href":"https:\/\/dev.hempking.eu\/pl\/wp-json\/wp\/v2\/product_tag?post=51884"}],"curies":[{"name":"wp","href":"https:\/\/api.w.org\/{rel}","templated":true}]}}