{"id":51911,"date":"2020-12-04T10:37:25","date_gmt":"2020-12-04T09:37:25","guid":{"rendered":"https:\/\/hempking.eu\/pl\/?post_type=product&#038;p=51911"},"modified":"2023-02-09T10:52:53","modified_gmt":"2023-02-09T09:52:53","slug":"zestaw-serum-i-peeling-do-ust-probka-musu-jogurtowego","status":"publish","type":"product","link":"https:\/\/dev.hempking.eu\/pl\/zestaw-serum-i-peeling-do-ust-probka-musu-jogurtowego\/","title":{"rendered":"Zestaw: serum i peeling do ust, pr\u00f3bka musu jogurtowego"},"content":{"rendered":"<h2><strong>Zestaw dla pi\u0119knych ust z ma\u0142\u0105 jogurtow\u0105 niespodziank\u0105!<\/strong><\/h2>\n<p>Wraz ze zmieniaj\u0105c\u0105 si\u0119 pogod\u0105, r\u00f3\u017cnymi warunkami atmosferycznymi oraz ogrzewaniem czy klimatyzacj\u0105, nasze usta potrzebuj\u0105 wyj\u0105tkowej piel\u0119gnacji. Zestaw dw\u00f3ch kosmetyk\u00f3w do ust z konopi sprawi, \u017ce nawet najbardziej wymagaj\u0105ce usta, stan\u0105 si\u0119 mi\u0119kkie, nawil\u017cone, ukojone i zregenerowane. Koniec z suchymi sk\u00f3rkami!<\/p>\n<p>A do tego pr\u00f3bka musu jogurtowego, naszego bestsellera, kt\u00f3ry pokochasz od pierwszego pow\u0105chania. Same naturalne sk\u0142adniki, zero mikroplastik\u00f3w &#8211; wszystko co najlepsze z natury po\u0142\u0105czone w jeden zestaw!<\/p>\n<h2><strong><a href=\"https:\/\/dev.hempking.eu\/pl\/wp-content\/uploads\/sites\/2\/2020\/10\/peeling-do-ust-3-scaled.jpg\"><img loading=\"lazy\" decoding=\"async\" class=\"wp-image-74212 alignright\" src=\"https:\/\/dev.hempking.eu\/pl\/wp-content\/uploads\/sites\/2\/2020\/10\/peeling-do-ust-3-scaled.jpg\" alt=\"peeling do ust hempking - otwarty\" width=\"200\" height=\"200\" \/><\/a>1. <\/strong><strong>Konopny peeling do ust z CBD z pomara\u0144cz\u0105<\/strong><\/h2>\n<p>Przed na\u0142o\u017ceniem jakiejkolwiek formu\u0142y piel\u0119gnacyjnej na usta, dobrze jest z\u0142uszczy\u0107 stary nask\u00f3rek, by u\u0142atwi\u0107 wch\u0142anianie si\u0119 produktu. Nasz ob\u0142\u0119dnie pachn\u0105cy pomara\u0144cz\u0105 <a href=\"https:\/\/dev.hempking.eu\/pl\/konopny-peeling-do-ust-z-cbd-z-pomarancza\/\">cukrowy peeling do ust<\/a> z pewno\u015bci\u0105 sobie poradzi z tym zadaniem! Sam peeling ma ju\u017c bardzo bogat\u0105 w mas\u0142a formu\u0142\u0119, kt\u00f3ra podczas \u015bcierania nask\u00f3rka, dostarcza od\u017cywienia i nawil\u017cenia. Ale to pierwszy krok w piel\u0119gnacji ust. W zestawie znajduje si\u0119 te\u017c serum do ust!<\/p>\n<h2><\/h2>\n<h2><\/h2>\n<h2><strong><a href=\"https:\/\/dev.hempking.eu\/pl\/wp-content\/uploads\/sites\/2\/2020\/10\/kojace-serum-do-ust-3-scaled.jpg\"><img loading=\"lazy\" decoding=\"async\" class=\"wp-image-74217 alignright\" src=\"https:\/\/dev.hempking.eu\/pl\/wp-content\/uploads\/sites\/2\/2020\/10\/kojace-serum-do-ust-3-scaled.jpg\" alt=\"koj\u0105ce serum do ust - otwarte opakowanie\" width=\"200\" height=\"200\" \/><\/a>2. Koj\u0105ce serum konopne do ust z CBD<\/strong><\/h2>\n<p>To <a href=\"https:\/\/dev.hempking.eu\/pl\/kojace-serum-konopne-do-ust-z-cbd\/\">serum<\/a> do zada\u0144 specjalnych, cudownie mi\u0119towe, przynosi ukojenie ustom, kt\u00f3re na nie zas\u0142uguj\u0105. G\u0142\u0119boko nawil\u017ca i regeneruje, a przy tym \u0142atwo si\u0119 wch\u0142ania i nie zostawia lepiej warstwy na sk\u00f3rze. Je\u015bli jest stosowane wraz z peelingiem, z \u0142atwo\u015bci\u0105 pomo\u017ce utrzyma\u0107 ci zdrowe i mi\u0119kkie usta, niezale\u017cnie od pogody, temperatury czy wilgotno\u015bci powietrza. Bogata w naturalne sk\u0142adniki formu\u0142a, pi\u0119kny mi\u0119towy zapach i szklany s\u0142oiczek sprawiaj\u0105, \u017ce to \u015bwietny prezent dla ka\u017cdego!<\/p>\n<h2><\/h2>\n<h2><\/h2>\n<h2><strong>3. Jogurtowy mus konopny z CBD do cia\u0142a o zapachu owoc\u00f3w le\u015bnych &#8211; pr\u00f3bka<\/strong><\/h2>\n<p>Do zestawu dw\u00f3ch kosmetyk\u00f3w do ust, do\u0142\u0105czyli\u015bmy pr\u00f3bk\u0119 <a href=\"https:\/\/dev.hempking.eu\/pl\/jogurtowy-mus-konopny-z-cbd-do-ciala-o-zapachu-owocow-lesnych\/\">jogurtowego musu do cia\u0142a<\/a>, jednego\u00a0 z naszych kosmetycznych bestseller\u00f3w! Kr\u0105\u017cy opinia, \u017ce pachnie dok\u0142adnie, jak jeden z bardzo znanych jogurt\u00f3w owocowych&#8230; czyli przepysznie! Jest bardzo wydajny, ma bogat\u0105 w mas\u0142a i oleje formu\u0142\u0119, a przy tym oczywi\u015bcie jest w 100% naturalny!<\/p>\n<p>Kosmetyczny zestaw mo\u017cemy zapakowa\u0107 dla Ciebie na prezent, musisz nam tylko da\u0107 zna\u0107!<\/p>\n","protected":false},"excerpt":{"rendered":"<h2><strong>Zestaw zawiera:\u00a0<\/strong><\/h2>\n<ul>\n<li><a href=\"https:\/\/dev.hempking.eu\/pl\/konopny-peeling-do-ust-z-pomarancza\/\" target=\"_blank\" rel=\"noopener\">konopny peeling do ust<\/a> &#8211; 15 ml &#8211; <strong>28.90<\/strong> <strong>z\u0142<\/strong><\/li>\n<li><a href=\"https:\/\/dev.hempking.eu\/pl\/kojace-serum-konopne-do-ust\/\" target=\"_blank\" rel=\"noopener\">koj\u0105ce serum do ust<\/a> &#8211; 15 ml &#8211; <strong>24.90<\/strong> <strong>z\u0142<\/strong><\/li>\n<li>pr\u00f3bk\u0119 <a href=\"https:\/\/dev.hempking.eu\/pl\/jogurtowy-mus-konopny-do-ciala-o-zapachu-owocow-lesnych\/\" target=\"_blank\" rel=\"noopener\">jogurtowego musu do cia\u0142a<\/a><\/li>\n<\/ul>\n<p><strong>Kupuj\u0105c zestaw oszcz\u0119dzasz!<\/strong><\/p>\n","protected":false},"featured_media":116907,"template":"","meta":{"_acf_changed":false},"product_cat":[109,33,150],"product_tag":[],"class_list":{"0":"post-51911","1":"product","2":"type-product","3":"status-publish","4":"has-post-thumbnail","6":"product_cat-kosmetyki-do-ust-z-konopi","7":"product_cat-zestawy","8":"product_cat-zestawy-dla-kobiet","10":"first","11":"instock","12":"sale","13":"shipping-taxable","14":"purchasable","15":"product-type-simple"},"acf":[],"yoast_head":"<!-- This site is optimized with the Yoast SEO Premium plugin v23.4 (Yoast SEO v24.0) - https:\/\/yoast.com\/wordpress\/plugins\/seo\/ -->\n<title>Zestaw: serum i peeling do ust, pr\u00f3bka musu jogurtowego - Hemp King<\/title>\n<meta name=\"description\" content=\"Zobacz \u261b Zestaw: serum i peeling do ust, pr\u00f3bka musu jogurtowego w konopnym sklepie HempKing \u2705100% naturalne \u2705 Zadbaj z nami o swoj\u0105 diet\u0119!\" \/>\n<link rel=\"canonical\" href=\"https:\/\/dev.hempking.eu\/pl\/zestaw-serum-i-peeling-do-ust-probka-musu-jogurtowego\/\" \/>\n<meta property=\"og:locale\" content=\"pl_PL\" \/>\n<meta property=\"og:type\" content=\"article\" \/>\n<meta property=\"og:title\" content=\"Zestaw: serum i peeling do ust, pr\u00f3bka musu jogurtowego\" \/>\n<meta property=\"og:description\" content=\"Zobacz \u261b Zestaw: serum i peeling do ust, pr\u00f3bka musu jogurtowego w konopnym sklepie HempKing \u2705100% naturalne \u2705 Zadbaj z nami o swoj\u0105 diet\u0119!\" \/>\n<meta property=\"og:url\" content=\"https:\/\/dev.hempking.eu\/pl\/zestaw-serum-i-peeling-do-ust-probka-musu-jogurtowego\/\" \/>\n<meta property=\"og:site_name\" content=\"Hemp King\" \/>\n<meta property=\"article:publisher\" content=\"https:\/\/www.facebook.com\/hempkingpoland\" \/>\n<meta property=\"article:modified_time\" content=\"2023-02-09T09:52:53+00:00\" \/>\n<meta property=\"og:image\" content=\"https:\/\/dev.hempking.eu\/pl\/wp-content\/uploads\/sites\/2\/2020\/12\/1000x1000_zestaw_23.jpg\" \/>\n\t<meta property=\"og:image:width\" content=\"1000\" \/>\n\t<meta property=\"og:image:height\" content=\"1000\" \/>\n\t<meta property=\"og:image:type\" content=\"image\/jpeg\" \/>\n<meta name=\"twitter:card\" content=\"summary_large_image\" \/>\n<meta name=\"twitter:site\" content=\"@hempkingeu\" \/>\n<meta name=\"twitter:label1\" content=\"Price\" \/>\n\t<meta name=\"twitter:data1\" content=\"45.84&nbsp;&#122;&#322;\" \/>\n\t<meta name=\"twitter:label2\" content=\"Availability\" \/>\n\t<meta name=\"twitter:data2\" content=\"In stock\" \/>\n<script type=\"application\/ld+json\" class=\"yoast-schema-graph\">{\"@context\":\"https:\/\/schema.org\",\"@graph\":[{\"@type\":\"WebPage\",\"@id\":\"https:\/\/dev.hempking.eu\/pl\/zestaw-serum-i-peeling-do-ust-probka-musu-jogurtowego\/\",\"url\":\"https:\/\/dev.hempking.eu\/pl\/zestaw-serum-i-peeling-do-ust-probka-musu-jogurtowego\/\",\"name\":\"Zestaw: serum i peeling do ust, pr\u00f3bka musu jogurtowego - Hemp King\",\"isPartOf\":{\"@id\":\"https:\/\/dev.hempking.eu\/pl\/#website\"},\"primaryImageOfPage\":{\"@id\":\"https:\/\/dev.hempking.eu\/pl\/zestaw-serum-i-peeling-do-ust-probka-musu-jogurtowego\/#primaryimage\"},\"image\":{\"@id\":\"https:\/\/dev.hempking.eu\/pl\/zestaw-serum-i-peeling-do-ust-probka-musu-jogurtowego\/#primaryimage\"},\"thumbnailUrl\":\"https:\/\/dev.hempking.eu\/pl\/wp-content\/uploads\/sites\/2\/2020\/12\/1000x1000_zestaw_23.jpg\",\"datePublished\":\"2020-12-04T09:37:25+00:00\",\"dateModified\":\"2023-02-09T09:52:53+00:00\",\"description\":\"Zobacz \u261b Zestaw: serum i peeling do ust, pr\u00f3bka musu jogurtowego w konopnym sklepie HempKing \u2705100% naturalne \u2705 Zadbaj z nami o swoj\u0105 diet\u0119!\",\"breadcrumb\":{\"@id\":\"https:\/\/dev.hempking.eu\/pl\/zestaw-serum-i-peeling-do-ust-probka-musu-jogurtowego\/#breadcrumb\"},\"inLanguage\":\"pl-PL\",\"potentialAction\":[{\"@type\":\"ReadAction\",\"target\":[\"https:\/\/dev.hempking.eu\/pl\/zestaw-serum-i-peeling-do-ust-probka-musu-jogurtowego\/\"]}]},{\"@type\":\"ImageObject\",\"inLanguage\":\"pl-PL\",\"@id\":\"https:\/\/dev.hempking.eu\/pl\/zestaw-serum-i-peeling-do-ust-probka-musu-jogurtowego\/#primaryimage\",\"url\":\"https:\/\/dev.hempking.eu\/pl\/wp-content\/uploads\/sites\/2\/2020\/12\/1000x1000_zestaw_23.jpg\",\"contentUrl\":\"https:\/\/dev.hempking.eu\/pl\/wp-content\/uploads\/sites\/2\/2020\/12\/1000x1000_zestaw_23.jpg\",\"width\":1000,\"height\":1000,\"caption\":\"zestaw do ust serum peeling i pr\u00f3bka musu do cia\u0142a\"},{\"@type\":\"BreadcrumbList\",\"@id\":\"https:\/\/dev.hempking.eu\/pl\/zestaw-serum-i-peeling-do-ust-probka-musu-jogurtowego\/#breadcrumb\",\"itemListElement\":[{\"@type\":\"ListItem\",\"position\":1,\"name\":\"Home\",\"item\":\"https:\/\/dev.hempking.eu\/pl\/\"},{\"@type\":\"ListItem\",\"position\":2,\"name\":\"Sklep\",\"item\":\"https:\/\/dev.hempking.eu\/pl\/shop\/\"},{\"@type\":\"ListItem\",\"position\":3,\"name\":\"Zestawy\",\"item\":\"https:\/\/dev.hempking.eu\/pl\/zestawy\/\"},{\"@type\":\"ListItem\",\"position\":4,\"name\":\"Zestaw: serum i peeling do ust, pr\u00f3bka musu jogurtowego\"}]},{\"@type\":\"WebSite\",\"@id\":\"https:\/\/dev.hempking.eu\/pl\/#website\",\"url\":\"https:\/\/dev.hempking.eu\/pl\/\",\"name\":\"Hemp King\",\"description\":\"\",\"publisher\":{\"@id\":\"https:\/\/dev.hempking.eu\/pl\/#organization\"},\"potentialAction\":[{\"@type\":\"SearchAction\",\"target\":{\"@type\":\"EntryPoint\",\"urlTemplate\":\"https:\/\/dev.hempking.eu\/pl\/?s={search_term_string}\"},\"query-input\":{\"@type\":\"PropertyValueSpecification\",\"valueRequired\":true,\"valueName\":\"search_term_string\"}}],\"inLanguage\":\"pl-PL\"},{\"@type\":\"Organization\",\"@id\":\"https:\/\/dev.hempking.eu\/pl\/#organization\",\"name\":\"Hemp King\",\"url\":\"https:\/\/dev.hempking.eu\/pl\/\",\"logo\":{\"@type\":\"ImageObject\",\"inLanguage\":\"pl-PL\",\"@id\":\"https:\/\/dev.hempking.eu\/pl\/#\/schema\/logo\/image\/\",\"url\":\"https:\/\/dev.hempking.eu\/pl\/wp-content\/uploads\/sites\/2\/2020\/05\/hempking.png\",\"contentUrl\":\"https:\/\/dev.hempking.eu\/pl\/wp-content\/uploads\/sites\/2\/2020\/05\/hempking.png\",\"width\":148,\"height\":91,\"caption\":\"Hemp King\"},\"image\":{\"@id\":\"https:\/\/dev.hempking.eu\/pl\/#\/schema\/logo\/image\/\"},\"sameAs\":[\"https:\/\/www.facebook.com\/hempkingpoland\",\"https:\/\/x.com\/hempkingeu\",\"https:\/\/www.instagram.com\/hempkingeu\/\",\"https:\/\/www.linkedin.com\/company\/hempking-eu\/mycompany\/\",\"https:\/\/pl.pinterest.com\/hempkingeu\/\",\"https:\/\/www.youtube.com\/channel\/UCUkeZA1fj4hSZfoYm0WpZ7w\"]}]}<\/script>\n<meta property=\"product:price:amount\" content=\"45.84\" \/>\n<meta property=\"product:price:currency\" content=\"PLN\" \/>\n<meta property=\"og:availability\" content=\"instock\" \/>\n<meta property=\"product:availability\" content=\"instock\" \/>\n<meta property=\"product:condition\" content=\"new\" \/>\n<!-- \/ Yoast SEO Premium plugin. -->","yoast_head_json":{"title":"Zestaw: serum i peeling do ust, pr\u00f3bka musu jogurtowego - Hemp King","description":"Zobacz \u261b Zestaw: serum i peeling do ust, pr\u00f3bka musu jogurtowego w konopnym sklepie HempKing \u2705100% naturalne \u2705 Zadbaj z nami o swoj\u0105 diet\u0119!","canonical":"https:\/\/dev.hempking.eu\/pl\/zestaw-serum-i-peeling-do-ust-probka-musu-jogurtowego\/","og_locale":"pl_PL","og_type":"article","og_title":"Zestaw: serum i peeling do ust, pr\u00f3bka musu jogurtowego","og_description":"Zobacz \u261b Zestaw: serum i peeling do ust, pr\u00f3bka musu jogurtowego w konopnym sklepie HempKing \u2705100% naturalne \u2705 Zadbaj z nami o swoj\u0105 diet\u0119!","og_url":"https:\/\/dev.hempking.eu\/pl\/zestaw-serum-i-peeling-do-ust-probka-musu-jogurtowego\/","og_site_name":"Hemp King","article_publisher":"https:\/\/www.facebook.com\/hempkingpoland","article_modified_time":"2023-02-09T09:52:53+00:00","og_image":[{"width":1000,"height":1000,"url":"https:\/\/dev.hempking.eu\/pl\/wp-content\/uploads\/sites\/2\/2020\/12\/1000x1000_zestaw_23.jpg","type":"image\/jpeg"}],"twitter_card":"summary_large_image","twitter_site":"@hempkingeu","twitter_misc":{"Price":"45.84&nbsp;&#122;&#322;","Availability":"In stock"},"schema":{"@context":"https:\/\/schema.org","@graph":[{"@type":"WebPage","@id":"https:\/\/dev.hempking.eu\/pl\/zestaw-serum-i-peeling-do-ust-probka-musu-jogurtowego\/","url":"https:\/\/dev.hempking.eu\/pl\/zestaw-serum-i-peeling-do-ust-probka-musu-jogurtowego\/","name":"Zestaw: serum i peeling do ust, pr\u00f3bka musu jogurtowego - Hemp King","isPartOf":{"@id":"https:\/\/dev.hempking.eu\/pl\/#website"},"primaryImageOfPage":{"@id":"https:\/\/dev.hempking.eu\/pl\/zestaw-serum-i-peeling-do-ust-probka-musu-jogurtowego\/#primaryimage"},"image":{"@id":"https:\/\/dev.hempking.eu\/pl\/zestaw-serum-i-peeling-do-ust-probka-musu-jogurtowego\/#primaryimage"},"thumbnailUrl":"https:\/\/dev.hempking.eu\/pl\/wp-content\/uploads\/sites\/2\/2020\/12\/1000x1000_zestaw_23.jpg","datePublished":"2020-12-04T09:37:25+00:00","dateModified":"2023-02-09T09:52:53+00:00","description":"Zobacz \u261b Zestaw: serum i peeling do ust, pr\u00f3bka musu jogurtowego w konopnym sklepie HempKing \u2705100% naturalne \u2705 Zadbaj z nami o swoj\u0105 diet\u0119!","breadcrumb":{"@id":"https:\/\/dev.hempking.eu\/pl\/zestaw-serum-i-peeling-do-ust-probka-musu-jogurtowego\/#breadcrumb"},"inLanguage":"pl-PL","potentialAction":[{"@type":"ReadAction","target":["https:\/\/dev.hempking.eu\/pl\/zestaw-serum-i-peeling-do-ust-probka-musu-jogurtowego\/"]}]},{"@type":"ImageObject","inLanguage":"pl-PL","@id":"https:\/\/dev.hempking.eu\/pl\/zestaw-serum-i-peeling-do-ust-probka-musu-jogurtowego\/#primaryimage","url":"https:\/\/dev.hempking.eu\/pl\/wp-content\/uploads\/sites\/2\/2020\/12\/1000x1000_zestaw_23.jpg","contentUrl":"https:\/\/dev.hempking.eu\/pl\/wp-content\/uploads\/sites\/2\/2020\/12\/1000x1000_zestaw_23.jpg","width":1000,"height":1000,"caption":"zestaw do ust serum peeling i pr\u00f3bka musu do cia\u0142a"},{"@type":"BreadcrumbList","@id":"https:\/\/dev.hempking.eu\/pl\/zestaw-serum-i-peeling-do-ust-probka-musu-jogurtowego\/#breadcrumb","itemListElement":[{"@type":"ListItem","position":1,"name":"Home","item":"https:\/\/dev.hempking.eu\/pl\/"},{"@type":"ListItem","position":2,"name":"Sklep","item":"https:\/\/dev.hempking.eu\/pl\/shop\/"},{"@type":"ListItem","position":3,"name":"Zestawy","item":"https:\/\/dev.hempking.eu\/pl\/zestawy\/"},{"@type":"ListItem","position":4,"name":"Zestaw: serum i peeling do ust, pr\u00f3bka musu jogurtowego"}]},{"@type":"WebSite","@id":"https:\/\/dev.hempking.eu\/pl\/#website","url":"https:\/\/dev.hempking.eu\/pl\/","name":"Hemp King","description":"","publisher":{"@id":"https:\/\/dev.hempking.eu\/pl\/#organization"},"potentialAction":[{"@type":"SearchAction","target":{"@type":"EntryPoint","urlTemplate":"https:\/\/dev.hempking.eu\/pl\/?s={search_term_string}"},"query-input":{"@type":"PropertyValueSpecification","valueRequired":true,"valueName":"search_term_string"}}],"inLanguage":"pl-PL"},{"@type":"Organization","@id":"https:\/\/dev.hempking.eu\/pl\/#organization","name":"Hemp King","url":"https:\/\/dev.hempking.eu\/pl\/","logo":{"@type":"ImageObject","inLanguage":"pl-PL","@id":"https:\/\/dev.hempking.eu\/pl\/#\/schema\/logo\/image\/","url":"https:\/\/dev.hempking.eu\/pl\/wp-content\/uploads\/sites\/2\/2020\/05\/hempking.png","contentUrl":"https:\/\/dev.hempking.eu\/pl\/wp-content\/uploads\/sites\/2\/2020\/05\/hempking.png","width":148,"height":91,"caption":"Hemp King"},"image":{"@id":"https:\/\/dev.hempking.eu\/pl\/#\/schema\/logo\/image\/"},"sameAs":["https:\/\/www.facebook.com\/hempkingpoland","https:\/\/x.com\/hempkingeu","https:\/\/www.instagram.com\/hempkingeu\/","https:\/\/www.linkedin.com\/company\/hempking-eu\/mycompany\/","https:\/\/pl.pinterest.com\/hempkingeu\/","https:\/\/www.youtube.com\/channel\/UCUkeZA1fj4hSZfoYm0WpZ7w"]}]},"product_price_amount":"45.84","product_price_currency":"PLN","og_availability":"instock","product_availability":"instock","product_condition":"new"},"_links":{"self":[{"href":"https:\/\/dev.hempking.eu\/pl\/wp-json\/wp\/v2\/product\/51911","targetHints":{"allow":["GET"]}}],"collection":[{"href":"https:\/\/dev.hempking.eu\/pl\/wp-json\/wp\/v2\/product"}],"about":[{"href":"https:\/\/dev.hempking.eu\/pl\/wp-json\/wp\/v2\/types\/product"}],"wp:featuredmedia":[{"embeddable":true,"href":"https:\/\/dev.hempking.eu\/pl\/wp-json\/wp\/v2\/media\/116907"}],"wp:attachment":[{"href":"https:\/\/dev.hempking.eu\/pl\/wp-json\/wp\/v2\/media?parent=51911"}],"wp:term":[{"taxonomy":"product_cat","embeddable":true,"href":"https:\/\/dev.hempking.eu\/pl\/wp-json\/wp\/v2\/product_cat?post=51911"},{"taxonomy":"product_tag","embeddable":true,"href":"https:\/\/dev.hempking.eu\/pl\/wp-json\/wp\/v2\/product_tag?post=51911"}],"curies":[{"name":"wp","href":"https:\/\/api.w.org\/{rel}","templated":true}]}}